{"id":1037453,"date":"2026-03-28T21:39:26","date_gmt":"2026-03-28T21:39:26","guid":{"rendered":"https:\/\/fashiongold.lt\/?post_type=product&#038;p=1037453"},"modified":"2026-03-28T22:08:43","modified_gmt":"2026-03-28T22:08:43","slug":"deimantine-juostele-su-laboratoriniais-18-pear-deimantais-5-58-karatu","status":"publish","type":"product","link":"https:\/\/fashiongold.lt\/en\/papuosalas\/deimantine-juostele-su-laboratoriniais-18-pear-deimantais-5-58-karatu\/","title":{"rendered":"Deimantin\u0117 juostel\u0117 su laboratoriniais 18 Pear deimantais 5.58 karat\u0173"},"content":{"rendered":"<p>\u017diedas gali b\u016bti pagamintas pagal u\u017esakym\u0105: u\u017e papildom\u0105 mokest\u012f su auk\u0161tesn\u0117s kokyb\u0117s deimant\u0173 arba deimantais.<\/p>\n<p>\u2022 <a href=\"https:\/\/fashiongold.lt\/viskas-apie-suzadetuviu-ziedus\/ziedo-metalai\/\">\u017diedo metalas:<\/a>\u00a0 14K (585 prabos), galime pagaminti i\u0161 10K (375 prabos),\u00a0 18K (750 prabos), 950 platina,<\/p>\n<p>\u2022 <a href=\"https:\/\/fashiongold.lt\/viskas-apie-suzadetuviu-ziedus\/ziedo-aukso-spalva\/\">\u017diedo spalva:<\/a> baltas, geltonas, raudonas<\/p>\n<p>\u2022 <a href=\"https:\/\/fashiongold.lt\/viskas-apie-suzadetuviu-ziedus\/ziedo-svoris\/\">\u017diedo svoris<\/a> (prilauso nuo dyd\u017eio): apie 5,00 &#8211; 7,00 g<\/p>\n<p>\u2022 <a href=\"https:\/\/fashiongold.lt\/patarimai\/suzadetuviu-ziedai-tobulas-lankelio-ir-karuneles-balansas-patarimai-renkantis-suzadetuviu-zieda-su-deimantais\/\">\u017diedo matmenis<\/a>: apie 6.2 mm<\/p>\n<p>\u2022 <a href=\"https:\/\/fashiongold.lt\/viskas-apie-suzadetuviu-ziedus\/ziedo-komforto-zona\/\">\u017diedo komforto zona:<\/a>\u00a0 yra<\/p>\n<p>\u2022 <a href=\"https:\/\/fashiongold.lt\/patarimai\/deimantu-tipai\/\">Deimanto tipas:<\/a> Laboratorinis deimantas<\/p>\n<p>\u2022 <a href=\"https:\/\/fashiongold.lt\/viskas-apie-suzadetuviu-ziedus\/deimantas_kitos_deimanto_formos\/\">Deimanto forma:<\/a> la\u01610 formos (<strong data-start=\"48\" data-end=\"71\">Pear cut<\/strong>)<\/p>\n<p>\u2022 <a href=\"https:\/\/fashiongold.lt\/patarimai\/4cs-deimanto-kokybe\/\">Deimanto charakteristika:<\/a> bendras svoris 5.58 ct (spalva D, E, F \u0161varumas VVS1-VVS2) (galima keisti).<\/p>\n<p>\u2022 <a href=\"https:\/\/fashiongold.lt\/patarimai\/sertifikatas-deimantas-safyras-rubinas-smaragdas\/\">Sertifikatas:<\/a> Lietuvos Prabavimo R\u016bmai (LPR) + IGI sertifikatai<\/p>\n<p>\u2022 <a href=\"https:\/\/fashiongold.lt\/viskas-apie-suzadetuviu-ziedus\/graviravimas\/\">Graviravimas<\/a> nemokamai<\/p>\n<p>\u2022 Vienkartin\u0117 <a href=\"https:\/\/fashiongold.lt\/viskas-apie-suzadetuviu-ziedus\/ziedo-dydzio-keitimo-garantija\/\">nemokama \u017eiedo dyd\u017eio keitimo garantija<\/a> (pagal galimyb\u0117s)<\/p>\n<p>\u2022 <a href=\"https:\/\/fashiongold.lt\/pristatymas-ir-grazinimas\/\">Gamybos ir pristatymo terminas<\/a> nuo 21 darbo dien\u0173, skubos tvark\u0105 per 14 d.d.<\/p>\n<p><strong>Turite savo brangakmen\u012f? Susisiekite, perskai\u010diuosime kain\u0105 &#8211; mok\u0117site tik u\u017e \u017eied\u0173 gamyb\u0105.<\/strong><\/p>\n","protected":false},"excerpt":{"rendered":"<p data-pm-slice=\"1 1 [&quot;contentOptimizer&quot;,{&quot;suggestionId&quot;:&quot;626ba7eb-0e1f-4c21-8dc2-ce02dde154fd-content&quot;,&quot;state&quot;:&quot;written&quot;},&quot;contentOptimizer&quot;,{&quot;suggestionId&quot;:&quot;626ba7eb-0e1f-4c21-8dc2-ce02dde154fd-content&quot;,&quot;state&quot;:&quot;written&quot;}]\">I\u0161skirtin\u0117 deimantin\u0117 juostel\u0117 su 18 la\u0161o formos laboratoriniais deimantais \u2013 \u017eiedas su 5.58 karato deimantais.<\/p>\n<p data-pm-slice=\"1 1 [&quot;contentOptimizer&quot;,{&quot;suggestionId&quot;:&quot;626ba7eb-0e1f-4c21-8dc2-ce02dde154fd-content&quot;,&quot;state&quot;:&quot;written&quot;},&quot;contentOptimizer&quot;,{&quot;suggestionId&quot;:&quot;626ba7eb-0e1f-4c21-8dc2-ce02dde154fd-content&quot;,&quot;state&quot;:&quot;written&quot;}]\">Deimantin\u0117s juostel\u0117s da\u017eniausiai gaminamos i\u0161 aukso \u2013 galite rinktis balto aukso ar geltono aukso variantus, priklausomai nuo pageidaujamos spalvos ir stiliaus. \u017diedai su briliantais yra itin populiar\u016bs, ta\u010diau juostel\u0117 gali b\u016bti puo\u0161iama ir deimantais ar net safyrais, suteikiant i\u0161skirtinumo. Deimantin\u0117s juostel\u0117s pasi\u017eymi elegancija ir yra tinkamos \u012fvairioms progoms \u2013 nuo kasdienio ne\u0161iojimo iki ypating\u0173 \u0161ven\u010di\u0173. Rasite \u012fvairi\u0173 \u017eied\u0173 su deimantin\u0117mis juostel\u0117mis, kurios gali b\u016bti individualiai pritaikytos pagal j\u016bs\u0173 pageidavimus. Pavyzd\u017eiui, \u017eiedai su deimantais ar safyrais gali b\u016bti gaminami tiek su viena juostele, tiek su keliomis juostel\u0117mis. Auk\u0161\u010diausia \u017eiedo kokyb\u0117 i\u0161 Lietuvos. Maksimalus patogumas kasdieniam ne\u0161iojimui. Tai i\u0161skirtinis pasirinkimas tiems, kurie vertina auk\u0161t\u0105 kokyb\u0119. Pagaminta Lietuvoje \u2013 pagal auk\u0161\u010diausius standartus.<\/p>\n","protected":false},"featured_media":1035740,"template":"","meta":{"site-sidebar-layout":"default","site-content-layout":"","ast-site-content-layout":"default","site-content-style":"default","site-sidebar-style":"default","ast-global-header-display":"","ast-banner-title-visibility":"","ast-main-header-display":"","ast-hfb-above-header-display":"","ast-hfb-below-header-display":"","ast-hfb-mobile-header-display":"","site-post-title":"","ast-breadcrumbs-content":"","ast-featured-img":"","footer-sml-layout":"","ast-disable-related-posts":"","theme-transparent-header-meta":"default","adv-header-id-meta":"","stick-header-meta":"","header-above-stick-meta":"","header-main-stick-meta":"","header-below-stick-meta":"","astra-migrate-meta-layouts":"set","ast-page-background-enabled":"default","ast-page-background-meta":{"desktop":{"background-color":"var(--ast-global-color-4)","background-image":"","background-repeat":"repeat","background-position":"center center","background-size":"auto","background-attachment":"scroll","background-type":"","background-media":"","overlay-type":"","overlay-color":"","overlay-opacity":"","overlay-gradient":""},"tablet":{"background-color":"","background-image":"","background-repeat":"repeat","background-position":"center center","background-size":"auto","background-attachment":"scroll","background-type":"","background-media":"","overlay-type":"","overlay-color":"","overlay-opacity":"","overlay-gradient":""},"mobile":{"background-color":"","background-image":"","background-repeat":"repeat","background-position":"center center","background-size":"auto","background-attachment":"scroll","background-type":"","background-media":"","overlay-type":"","overlay-color":"","overlay-opacity":"","overlay-gradient":""}},"ast-content-background-meta":{"desktop":{"background-color":"var(--ast-global-color-5)","background-image":"","background-repeat":"repeat","background-position":"center center","background-size":"auto","background-attachment":"scroll","background-type":"","background-media":"","overlay-type":"","overlay-color":"","overlay-opacity":"","overlay-gradient":""},"tablet":{"background-color":"var(--ast-global-color-5)","background-image":"","background-repeat":"repeat","background-position":"center center","background-size":"auto","background-attachment":"scroll","background-type":"","background-media":"","overlay-type":"","overlay-color":"","overlay-opacity":"","overlay-gradient":""},"mobile":{"background-color":"var(--ast-global-color-5)","background-image":"","background-repeat":"repeat","background-position":"center center","background-size":"auto","background-attachment":"scroll","background-type":"","background-media":"","overlay-type":"","overlay-color":"","overlay-opacity":"","overlay-gradient":""}}},"product_brand":[],"product_cat":[2346,2287,2309,2347,2372,2394,2370,2348,280,2288,283,284,285,2289,2290,2351,2324,2326,2352,2379,2299,72,2334,2376,292,2300,2333,2418,2355,2356,2261,2327,2357,2302,2359,2399,2368,2393,2335],"product_tag":[],"class_list":{"0":"post-1037453","1":"product","2":"type-product","3":"status-publish","4":"has-post-thumbnail","6":"product_cat-balto-aukso-deimantines-juosteles","7":"product_cat-balto-aukso-juvelyrika","8":"product_cat-balto-aukso-suzadetuviu-ziedai","9":"product_cat-balto-aukso-vestuviniai-ziedai","10":"product_cat-visas-ratu","11":"product_cat-deimantines-juosteles-su-deimantais","12":"product_cat-deimantines-juosteles-su-lab-grown-diamond-uzauginti-deimantai","13":"product_cat-deimantines-juosteles","14":"product_cat-dovanos-gimtadienio-proga","15":"product_cat-dovanos-isleistuviu-proga","16":"product_cat-dovanos-moterims","17":"product_cat-dovanos-vaiko-gimimo-proga","18":"product_cat-dovanos-vestuviu-metiniu-proga","19":"product_cat-dovanos-vestuviu-proga","20":"product_cat-dovanos-ypatingoms-progoms","21":"product_cat-geltono-aukso-deimantines-juosteles","22":"product_cat-geltono-aukso-juvelyrika","23":"product_cat-geltono-aukso-suzadetuviu-ziedai","24":"product_cat-geltono-aukso-vestuviniai-ziedai","25":"product_cat-juvelyras","26":"product_cat-juvelyrika","27":"product_cat-juvelyrika-moterims","28":"product_cat-juvelyrika-su-laboratoriniais-deimantais","29":"product_cat-juvelyrikos-gamyba","30":"product_cat-kaledines-dovanos","31":"product_cat-mamos-dienos-dovanos","32":"product_cat-modernus-suzadetuviu-ziedai","33":"product_cat-modernus-vestuviniai-ziedai","34":"product_cat-moteriski-vestuviniai-ziedai","35":"product_cat-raudono-aukso-deimantines-juosteles","36":"product_cat-raudono-aukso-juvelyrika","37":"product_cat-raudono-aukso-suzadetuviu-ziedai","38":"product_cat-raudono-aukso-vestuviniai-ziedai","39":"product_cat-valentino-dienos-dovanos","40":"product_cat-vestuviniai-ziedai","41":"product_cat-vestuviniai-ziedai-su-deimantais","42":"product_cat-vestuviniai-ziedai-su-lab-grown-diamond-uzauginti-deimantai","43":"product_cat-vestuviniu-ziedu-gamyba","44":"product_cat-ziedai-su-deimantais","45":"desktop-align-center","46":"tablet-align-left","47":"mobile-align-left","48":"ast-product-gallery-layout-horizontal-slider","49":"ast-product-single-variable","50":"ast-product-tabs-layout-accordion","51":"ast-qv-on-image","53":"first","54":"instock","55":"taxable","56":"shipping-taxable","57":"purchasable","58":"product-type-variable","59":"has-default-attributes"},"yoast_head":"<!-- This site is optimized with the Yoast SEO plugin v26.6 - https:\/\/yoast.com\/wordpress\/plugins\/seo\/ -->\n<title>Deimantin\u0117 juostel\u0117 su laboratoriniais 18 Pear deimantais<\/title>\n<meta name=\"description\" content=\"Deimantin\u0117 juostel\u0117 su 18 laboratoriniais la6o formos deimantais. I\u0161skirtinis pasirinkimas tiems, kurie vertina auk\u0161t\u0105 kokyb\u0119.\" \/>\n<meta name=\"robots\" content=\"index, follow, max-snippet:-1, max-image-preview:large, max-video-preview:-1\" \/>\n<link rel=\"canonical\" href=\"https:\/\/fashiongold.lt\/en\/papuosalas\/deimantine-juostele-su-laboratoriniais-18-pear-deimantais-5-58-karatu\/\" \/>\n<meta property=\"og:locale\" content=\"en_US\" \/>\n<meta property=\"og:type\" content=\"article\" \/>\n<meta property=\"og:title\" content=\"Deimantin\u0117 juostel\u0117 su laboratoriniais 18 Pear deimantais\" \/>\n<meta property=\"og:description\" content=\"Deimantin\u0117 juostel\u0117 su 18 laboratoriniais la6o formos deimantais. I\u0161skirtinis pasirinkimas tiems, kurie vertina auk\u0161t\u0105 kokyb\u0119.\" \/>\n<meta property=\"og:url\" content=\"https:\/\/fashiongold.lt\/en\/papuosalas\/deimantine-juostele-su-laboratoriniais-18-pear-deimantais-5-58-karatu\/\" \/>\n<meta property=\"og:site_name\" content=\"Topdiamonds Online\" \/>\n<meta property=\"article:modified_time\" content=\"2026-03-28T22:08:43+00:00\" \/>\n<meta property=\"og:image\" content=\"https:\/\/fashiongold.lt\/wp-content\/uploads\/2026\/03\/Deimantine-juostele-su-18-laso-formos-deimantais.webp\" \/>\n\t<meta property=\"og:image:width\" content=\"942\" \/>\n\t<meta property=\"og:image:height\" content=\"698\" \/>\n\t<meta property=\"og:image:type\" content=\"image\/png\" \/>\n<meta name=\"twitter:card\" content=\"summary_large_image\" \/>\n<meta name=\"twitter:label1\" content=\"Est. reading time\" \/>\n\t<meta name=\"twitter:data1\" content=\"1 minute\" \/>\n<script type=\"application\/ld+json\" class=\"yoast-schema-graph\">{\"@context\":\"https:\/\/schema.org\",\"@graph\":[{\"@type\":\"WebPage\",\"@id\":\"https:\/\/fashiongold.lt\/en\/papuosalas\/deimantine-juostele-su-laboratoriniais-18-pear-deimantais-5-58-karatu\/\",\"url\":\"https:\/\/fashiongold.lt\/en\/papuosalas\/deimantine-juostele-su-laboratoriniais-18-pear-deimantais-5-58-karatu\/\",\"name\":\"Deimantin\u0117 juostel\u0117 su laboratoriniais 18 Pear deimantais\",\"isPartOf\":{\"@id\":\"https:\/\/fashiongold.lt\/en\/#website\"},\"primaryImageOfPage\":{\"@id\":\"https:\/\/fashiongold.lt\/en\/papuosalas\/deimantine-juostele-su-laboratoriniais-18-pear-deimantais-5-58-karatu\/#primaryimage\"},\"image\":{\"@id\":\"https:\/\/fashiongold.lt\/en\/papuosalas\/deimantine-juostele-su-laboratoriniais-18-pear-deimantais-5-58-karatu\/#primaryimage\"},\"thumbnailUrl\":\"https:\/\/fashiongold.lt\/wp-content\/uploads\/2026\/03\/Deimantine-juostele-su-18-laso-formos-deimantais.png\",\"datePublished\":\"2026-03-28T21:39:26+00:00\",\"dateModified\":\"2026-03-28T22:08:43+00:00\",\"description\":\"Deimantin\u0117 juostel\u0117 su 18 laboratoriniais la6o formos deimantais. I\u0161skirtinis pasirinkimas tiems, kurie vertina auk\u0161t\u0105 kokyb\u0119.\",\"breadcrumb\":{\"@id\":\"https:\/\/fashiongold.lt\/en\/papuosalas\/deimantine-juostele-su-laboratoriniais-18-pear-deimantais-5-58-karatu\/#breadcrumb\"},\"inLanguage\":\"en-US\",\"potentialAction\":[{\"@type\":\"ReadAction\",\"target\":[\"https:\/\/fashiongold.lt\/en\/papuosalas\/deimantine-juostele-su-laboratoriniais-18-pear-deimantais-5-58-karatu\/\"]}]},{\"@type\":\"ImageObject\",\"inLanguage\":\"en-US\",\"@id\":\"https:\/\/fashiongold.lt\/en\/papuosalas\/deimantine-juostele-su-laboratoriniais-18-pear-deimantais-5-58-karatu\/#primaryimage\",\"url\":\"https:\/\/fashiongold.lt\/wp-content\/uploads\/2026\/03\/Deimantine-juostele-su-18-laso-formos-deimantais.png\",\"contentUrl\":\"https:\/\/fashiongold.lt\/wp-content\/uploads\/2026\/03\/Deimantine-juostele-su-18-laso-formos-deimantais.png\",\"width\":942,\"height\":698,\"caption\":\"Deimantine\u0307 juostele\u0307 su 18 la\u0161o formos deimantais (pear cut)\"},{\"@type\":\"BreadcrumbList\",\"@id\":\"https:\/\/fashiongold.lt\/en\/papuosalas\/deimantine-juostele-su-laboratoriniais-18-pear-deimantais-5-58-karatu\/#breadcrumb\",\"itemListElement\":[{\"@type\":\"ListItem\",\"position\":1,\"name\":\"Home\",\"item\":\"https:\/\/fashiongold.lt\/en\/\"},{\"@type\":\"ListItem\",\"position\":2,\"name\":\"Diamond store Fashiongold.lt\",\"item\":\"https:\/\/fashiongold.lt\/shop-2\/\"},{\"@type\":\"ListItem\",\"position\":3,\"name\":\"Deimantin\u0117 juostel\u0117 su laboratoriniais 18 Pear deimantais 5.58 karat\u0173\"}]},{\"@type\":\"WebSite\",\"@id\":\"https:\/\/fashiongold.lt\/en\/#website\",\"url\":\"https:\/\/fashiongold.lt\/en\/\",\"name\":\"Fashion Gold\",\"description\":\"Juvelyrikos namai\",\"publisher\":{\"@id\":\"https:\/\/fashiongold.lt\/en\/#organization\"},\"potentialAction\":[{\"@type\":\"SearchAction\",\"target\":{\"@type\":\"EntryPoint\",\"urlTemplate\":\"https:\/\/fashiongold.lt\/en\/?s={search_term_string}\"},\"query-input\":{\"@type\":\"PropertyValueSpecification\",\"valueRequired\":true,\"valueName\":\"search_term_string\"}}],\"inLanguage\":\"en-US\"},{\"@type\":\"Organization\",\"@id\":\"https:\/\/fashiongold.lt\/en\/#organization\",\"name\":\"Topdiamonds Online\",\"url\":\"https:\/\/fashiongold.lt\/en\/\",\"logo\":{\"@type\":\"ImageObject\",\"inLanguage\":\"en-US\",\"@id\":\"https:\/\/fashiongold.lt\/en\/#\/schema\/logo\/image\/\",\"url\":\"https:\/\/fashiongold.lt\/wp-content\/uploads\/2025\/04\/cropped-fashion_gold_logotipas2-scaled-1.png\",\"contentUrl\":\"https:\/\/fashiongold.lt\/wp-content\/uploads\/2025\/04\/cropped-fashion_gold_logotipas2-scaled-1.png\",\"width\":2559,\"height\":421,\"caption\":\"Topdiamonds Online\"},\"image\":{\"@id\":\"https:\/\/fashiongold.lt\/en\/#\/schema\/logo\/image\/\"}}]}<\/script>\n<!-- \/ Yoast SEO plugin. -->","yoast_head_json":{"title":"Deimantin\u0117 juostel\u0117 su laboratoriniais 18 Pear deimantais","description":"Deimantin\u0117 juostel\u0117 su 18 laboratoriniais la6o formos deimantais. I\u0161skirtinis pasirinkimas tiems, kurie vertina auk\u0161t\u0105 kokyb\u0119.","robots":{"index":"index","follow":"follow","max-snippet":"max-snippet:-1","max-image-preview":"max-image-preview:large","max-video-preview":"max-video-preview:-1"},"canonical":"https:\/\/fashiongold.lt\/en\/papuosalas\/deimantine-juostele-su-laboratoriniais-18-pear-deimantais-5-58-karatu\/","og_locale":"en_US","og_type":"article","og_title":"Deimantin\u0117 juostel\u0117 su laboratoriniais 18 Pear deimantais","og_description":"Deimantin\u0117 juostel\u0117 su 18 laboratoriniais la6o formos deimantais. I\u0161skirtinis pasirinkimas tiems, kurie vertina auk\u0161t\u0105 kokyb\u0119.","og_url":"https:\/\/fashiongold.lt\/en\/papuosalas\/deimantine-juostele-su-laboratoriniais-18-pear-deimantais-5-58-karatu\/","og_site_name":"Topdiamonds Online","article_modified_time":"2026-03-28T22:08:43+00:00","og_image":[{"width":942,"height":698,"url":"https:\/\/fashiongold.lt\/wp-content\/uploads\/2026\/03\/Deimantine-juostele-su-18-laso-formos-deimantais.webp","type":"image\/png"}],"twitter_card":"summary_large_image","twitter_misc":{"Est. reading time":"1 minute"},"schema":{"@context":"https:\/\/schema.org","@graph":[{"@type":"WebPage","@id":"https:\/\/fashiongold.lt\/en\/papuosalas\/deimantine-juostele-su-laboratoriniais-18-pear-deimantais-5-58-karatu\/","url":"https:\/\/fashiongold.lt\/en\/papuosalas\/deimantine-juostele-su-laboratoriniais-18-pear-deimantais-5-58-karatu\/","name":"Deimantin\u0117 juostel\u0117 su laboratoriniais 18 Pear deimantais","isPartOf":{"@id":"https:\/\/fashiongold.lt\/en\/#website"},"primaryImageOfPage":{"@id":"https:\/\/fashiongold.lt\/en\/papuosalas\/deimantine-juostele-su-laboratoriniais-18-pear-deimantais-5-58-karatu\/#primaryimage"},"image":{"@id":"https:\/\/fashiongold.lt\/en\/papuosalas\/deimantine-juostele-su-laboratoriniais-18-pear-deimantais-5-58-karatu\/#primaryimage"},"thumbnailUrl":"https:\/\/fashiongold.lt\/wp-content\/uploads\/2026\/03\/Deimantine-juostele-su-18-laso-formos-deimantais.png","datePublished":"2026-03-28T21:39:26+00:00","dateModified":"2026-03-28T22:08:43+00:00","description":"Deimantin\u0117 juostel\u0117 su 18 laboratoriniais la6o formos deimantais. I\u0161skirtinis pasirinkimas tiems, kurie vertina auk\u0161t\u0105 kokyb\u0119.","breadcrumb":{"@id":"https:\/\/fashiongold.lt\/en\/papuosalas\/deimantine-juostele-su-laboratoriniais-18-pear-deimantais-5-58-karatu\/#breadcrumb"},"inLanguage":"en-US","potentialAction":[{"@type":"ReadAction","target":["https:\/\/fashiongold.lt\/en\/papuosalas\/deimantine-juostele-su-laboratoriniais-18-pear-deimantais-5-58-karatu\/"]}]},{"@type":"ImageObject","inLanguage":"en-US","@id":"https:\/\/fashiongold.lt\/en\/papuosalas\/deimantine-juostele-su-laboratoriniais-18-pear-deimantais-5-58-karatu\/#primaryimage","url":"https:\/\/fashiongold.lt\/wp-content\/uploads\/2026\/03\/Deimantine-juostele-su-18-laso-formos-deimantais.png","contentUrl":"https:\/\/fashiongold.lt\/wp-content\/uploads\/2026\/03\/Deimantine-juostele-su-18-laso-formos-deimantais.png","width":942,"height":698,"caption":"Deimantine\u0307 juostele\u0307 su 18 la\u0161o formos deimantais (pear cut)"},{"@type":"BreadcrumbList","@id":"https:\/\/fashiongold.lt\/en\/papuosalas\/deimantine-juostele-su-laboratoriniais-18-pear-deimantais-5-58-karatu\/#breadcrumb","itemListElement":[{"@type":"ListItem","position":1,"name":"Home","item":"https:\/\/fashiongold.lt\/en\/"},{"@type":"ListItem","position":2,"name":"Diamond store Fashiongold.lt","item":"https:\/\/fashiongold.lt\/shop-2\/"},{"@type":"ListItem","position":3,"name":"Deimantin\u0117 juostel\u0117 su laboratoriniais 18 Pear deimantais 5.58 karat\u0173"}]},{"@type":"WebSite","@id":"https:\/\/fashiongold.lt\/en\/#website","url":"https:\/\/fashiongold.lt\/en\/","name":"Fashion Gold","description":"Juvelyrikos namai","publisher":{"@id":"https:\/\/fashiongold.lt\/en\/#organization"},"potentialAction":[{"@type":"SearchAction","target":{"@type":"EntryPoint","urlTemplate":"https:\/\/fashiongold.lt\/en\/?s={search_term_string}"},"query-input":{"@type":"PropertyValueSpecification","valueRequired":true,"valueName":"search_term_string"}}],"inLanguage":"en-US"},{"@type":"Organization","@id":"https:\/\/fashiongold.lt\/en\/#organization","name":"Topdiamonds Online","url":"https:\/\/fashiongold.lt\/en\/","logo":{"@type":"ImageObject","inLanguage":"en-US","@id":"https:\/\/fashiongold.lt\/en\/#\/schema\/logo\/image\/","url":"https:\/\/fashiongold.lt\/wp-content\/uploads\/2025\/04\/cropped-fashion_gold_logotipas2-scaled-1.png","contentUrl":"https:\/\/fashiongold.lt\/wp-content\/uploads\/2025\/04\/cropped-fashion_gold_logotipas2-scaled-1.png","width":2559,"height":421,"caption":"Topdiamonds Online"},"image":{"@id":"https:\/\/fashiongold.lt\/en\/#\/schema\/logo\/image\/"}}]}},"_links":{"self":[{"href":"https:\/\/fashiongold.lt\/en\/wp-json\/wp\/v2\/product\/1037453","targetHints":{"allow":["GET"]}}],"collection":[{"href":"https:\/\/fashiongold.lt\/en\/wp-json\/wp\/v2\/product"}],"about":[{"href":"https:\/\/fashiongold.lt\/en\/wp-json\/wp\/v2\/types\/product"}],"version-history":[{"count":1,"href":"https:\/\/fashiongold.lt\/en\/wp-json\/wp\/v2\/product\/1037453\/revisions"}],"predecessor-version":[{"id":1037502,"href":"https:\/\/fashiongold.lt\/en\/wp-json\/wp\/v2\/product\/1037453\/revisions\/1037502"}],"wp:featuredmedia":[{"embeddable":true,"href":"https:\/\/fashiongold.lt\/en\/wp-json\/wp\/v2\/media\/1035740"}],"wp:attachment":[{"href":"https:\/\/fashiongold.lt\/en\/wp-json\/wp\/v2\/media?parent=1037453"}],"wp:term":[{"taxonomy":"product_brand","embeddable":true,"href":"https:\/\/fashiongold.lt\/en\/wp-json\/wp\/v2\/product_brand?post=1037453"},{"taxonomy":"product_cat","embeddable":true,"href":"https:\/\/fashiongold.lt\/en\/wp-json\/wp\/v2\/product_cat?post=1037453"},{"taxonomy":"product_tag","embeddable":true,"href":"https:\/\/fashiongold.lt\/en\/wp-json\/wp\/v2\/product_tag?post=1037453"}],"curies":[{"name":"wp","href":"https:\/\/api.w.org\/{rel}","templated":true}]}}