{"id":1137024,"date":"2026-04-12T06:50:28","date_gmt":"2026-04-12T06:50:28","guid":{"rendered":"https:\/\/fashiongold.lt\/?post_type=product&#038;p=1137024"},"modified":"2026-04-12T07:55:32","modified_gmt":"2026-04-12T07:55:32","slug":"deimantine-juostele-su-juodais-deimantais-7-00-ct-5-40-mm","status":"publish","type":"product","link":"https:\/\/fashiongold.lt\/en\/papuosalas\/deimantine-juostele-su-juodais-deimantais-7-00-ct-5-40-mm\/","title":{"rendered":"Deimantin\u0117 juostel\u0117 su juodais deimantais (7.00 ct) 5.40 mm"},"content":{"rendered":"<p>\u017diedas gali b\u016bti pagamintas pagal u\u017esakym\u0105: u\u017e papildom\u0105 mokest\u012f su auk\u0161tesn\u0117s kokyb\u0117s deimant\u0173 arba deimantais.<\/p>\n<p>\u2022 <a href=\"https:\/\/fashiongold.lt\/viskas-apie-suzadetuviu-ziedus\/ziedo-metalai\/\">\u017diedo metalas:<\/a>\u00a0 14K (585 prabos), galime pagaminti i\u0161 10K (375 prabos),\u00a0 18K (750 prabos), 950 platina,<\/p>\n<p>\u2022 <a href=\"https:\/\/fashiongold.lt\/viskas-apie-suzadetuviu-ziedus\/ziedo-aukso-spalva\/\">\u017diedo spalva:<\/a> baltas, geltonas, raudonas, juodas (<a href=\"https:\/\/fashiongold.lt\/patarimai\/baltas-auksas-sampaninis-auksas-ar-ledinis-rodis\/\">dengimas rod\u017eiu<\/a>).<\/p>\n<p>\u2022 <a href=\"https:\/\/fashiongold.lt\/viskas-apie-suzadetuviu-ziedus\/ziedo-svoris\/\">\u017diedo svoris<\/a> (prilauso nuo dyd\u017eio): apie 6.00-8.00 g<\/p>\n<p>\u2022 <a href=\"https:\/\/fashiongold.lt\/patarimai\/suzadetuviu-ziedai-tobulas-lankelio-ir-karuneles-balansas-patarimai-renkantis-suzadetuviu-zieda-su-deimantais\/\">\u017diedo matmenis<\/a>: apie 5.4 mm<\/p>\n<p>\u2022 <a href=\"https:\/\/fashiongold.lt\/viskas-apie-suzadetuviu-ziedus\/ziedo-komforto-zona\/\">\u017diedo komforto zona:<\/a>\u00a0 yra<\/p>\n<p>\u2022 <a href=\"https:\/\/fashiongold.lt\/patarimai\/deimantu-tipai\/\">Deimanto tipas:<\/a> \u00a0<a href=\"https:\/\/fashiongold.lt\/juodasis-deimantas\/\">juodas deimantas<\/a><\/p>\n<p>\u2022 <a href=\"https:\/\/fashiongold.lt\/viskas-apie-suzadetuviu-ziedus\/deimantas_kitos_deimanto_formos\/\">Deimanto forma:<\/a> apvalios formos (<strong data-start=\"48\" data-end=\"71\">Round cut<\/strong>)<\/p>\n<p>\u2022 <a href=\"https:\/\/fashiongold.lt\/patarimai\/4cs-deimanto-kokybe\/\">Deimanto charakteristika:<\/a> bendras svoris apie 7.00 ct (<a href=\"https:\/\/fashiongold.lt\/juodasis-deimantas\/\">spalva<\/a>\u00a0juoda,\u00a0 \u0161varumas SI)\u00a0\u00a0(galima keisti). <strong>Pastaba:<\/strong> priklauso nuo \u017eiedo dyd\u017eio.<\/p>\n<p>\u2022 <a href=\"https:\/\/fashiongold.lt\/patarimai\/sertifikatas-deimantas-safyras-rubinas-smaragdas\/\">Sertifikatas:<\/a> Lietuvos Prabavimo R\u016bmai (LPR)<\/p>\n<p>\u2022 <a href=\"https:\/\/fashiongold.lt\/viskas-apie-suzadetuviu-ziedus\/graviravimas\/\">Graviravimas<\/a> nemokamai<\/p>\n<p>\u2022 Vienkartin\u0117 <a href=\"https:\/\/fashiongold.lt\/viskas-apie-suzadetuviu-ziedus\/ziedo-dydzio-keitimo-garantija\/\">nemokama \u017eiedo dyd\u017eio keitimo garantija<\/a> (pagal galimyb\u0117s)<\/p>\n<p>\u2022 <a href=\"https:\/\/fashiongold.lt\/pristatymas-ir-grazinimas\/\">Gamybos ir pristatymo terminas<\/a> nuo 21 darbo dien\u0173, skubos tvark\u0105 per 14 d.d.<\/p>\n<p><strong>Turite savo brangakmen\u012f? Susisiekite, perskai\u010diuosime kain\u0105 &#8211; mok\u0117site tik u\u017e \u017eied\u0173 gamyb\u0105.<\/strong><\/p>\n","protected":false},"excerpt":{"rendered":"<h2 data-pm-slice=\"1 1 []\">Deimantin\u0117 juostel\u0117 su juodais deimantais (7.00 ct) 5.40 mm<\/h2>\n<p>Deimantin\u0117 juostel\u0117 su juodais deimantais \u2013 \u017eiedas su 7.00 karato deimantais. Nesvarbu, ar jau turite su\u017ead\u0117tuvi\u0173 \u017eied\u0105, ar vestuvin\u012f \u017eied\u0105 \u2013 juos lengvai derinsite su deimantine juostele, kuri gali b\u016bti ne\u0161iojama ir kaip papildomas, ir kaip vienintelis \u017eiedas.<\/p>\n<p>Deimantin\u0117s juostel\u0117s da\u017eniausiai gaminamos i\u0161 aukso \u2013 galite rinktis balto aukso, raudono aukso ar geltono aukso variantus. \u017diedai su <a href=\"https:\/\/fashiongold.lt\/suzinok-daugiau-apie-deimanto-forma\/deimantas-apvalios-formos\/\">briliantais<\/a> (apvalios formos deimantas) yra itin populiar\u016bs, ta\u010diau juostel\u0117 gali b\u016bti puo\u0161iama ir kitos formos <a href=\"https:\/\/fashiongold.lt\/kategorija\/deimantines-juosteles-su-deimantais\/\">deimantais<\/a>, <a href=\"https:\/\/fashiongold.lt\/kategorija\/deimantines-juosteles-su-juodais-briliantais\/\">juodais deimantais<\/a>, spalvotais deimantais bei spalvotais <a href=\"https:\/\/fashiongold.lt\/kategorija\/deimantines-juosteles-su-brangakmeniais\/\">brangakmeniais<\/a>: safyrais, rubinais, smaragdais. Deimantin\u0117s juostel\u0117s pasi\u017eymi elegancija ir yra tinkamos \u012fvairioms progoms \u2013 nuo kasdienio ne\u0161iojimo iki ypating\u0173 \u0161ven\u010di\u0173. Rasite \u012fvairi\u0173 \u017eied\u0173 su deimantin\u0117mis juostel\u0117mis, kurios gali b\u016bti individualiai pritaikytos pagal j\u016bs\u0173 pageidavimus, o unikal\u016bs dizaino sprendimai leid\u017eia sukurti i\u0161skirtin\u012f papuo\u0161al\u0105. Pavyzd\u017eiui, \u017eiedai su deimantais ar safyrais gali b\u016bti gaminami tiek su viena, tiek su keliomis juostel\u0117mis. Kiekviena akmen\u0173 i\u0161d\u0117stymo detal\u0117 sudaro svarbi\u0105 \u017eiedo dal\u012f, pabr\u0117\u017eiant jo unikalum\u0105. Deimantin\u0117s juostel\u0117s yra rank\u0173 darbo papuo\u0161alai, i\u0161siskiriantys kokybe ir meistri\u0161kumu. Naudojami deimantai yra nat\u016bral\u016bs ir da\u017enai turi sertifikatus, u\u017etikrinan\u010dius j\u0173 autenti\u0161kum\u0105. Juostel\u0119 da\u017enai pasirenkama d\u0117l jos simbolin\u0117s reik\u0161m\u0117s \u2013 ji simbolizuoja am\u017ein\u0105 ry\u0161\u012f bei elegancij\u0105. Pagaminta Lietuvoje \u2013 pagal auk\u0161\u010diausius standartus, o \u017eiedas pagaminamas ir pristatomas per 10\u201315 darbo dien\u0173.<\/p>\n<h2>\u017diedai su briliantais<\/h2>\n<p>\u017diedai su deimantais \u2013 tai vieni i\u0161skirtiniausi\u0173 ir labiausiai vertinam\u0173 papuo\u0161al\u0173, kurie puikiai tinka tiek kasdieniam ne\u0161iojimui, tiek ypatingoms progoms. Deimantin\u0117s juostel\u0117s, puo\u0161tos deimantais, yra universalus pasirinkimas, kuris gali b\u016bti skirtas tiek moterims, tiek vyrams. Tokie \u017eiedai su briliantais da\u017enai pasirenkami kaip su\u017ead\u0117tuvi\u0173 ar vestuviniai \u017eiedai, ta\u010diau jie taip pat puikiai tinka dovanoti gimtadienio, vestuvi\u0173 metini\u0173 ar kit\u0173 svarbi\u0173 gyvenimo akimirk\u0173 proga.<\/p>\n<p>Populiariausi yra 585 arba 750 prabos aukso \u017eiedai, kurie pasi\u017eymi ilgaam\u017ei\u0161kumu ir i\u0161skirtine spalva. 585 prabos auksas yra tvirtesnis ir atsparesnis kasdieniam d\u0117v\u0117jimui, o 750 prabos auksas \u017eavi sodresniu atspalviu ir subtilumu.<\/p>\n<p>\u017diedai su briliantais ne tik \u017eavi savo i\u0161vaizda, bet ir turi didel\u0119 simbolin\u0119 vert\u0119 \u2013 jie da\u017enai perduodami i\u0161 kartos \u012f kart\u0105 kaip \u0161eimos relikvija. Deimantin\u0117 juostel\u0117 gali b\u016bti pasirinkta kaip dovana, kuri i\u0161liks brangi vis\u0105 gyvenim\u0105. Kaina priklauso nuo pasirinkto aukso prabos, deimant\u0173 kiekio ir dyd\u017eio \u2013 rasite variant\u0173 nuo 585,00 \u20ac iki 4 200,00 \u20ac ar net daugiau, tod\u0117l kiekvienas gali rasti sau tinkam\u0105 sprendim\u0105.<\/p>\n<p>Renkantis \u017eied\u0105 su briliantais, svarbu atsi\u017evelgti \u012f \u017eiedo dyd\u012f, kad juostel\u0117 puikiai priglust\u0173 prie pir\u0161to ir b\u016bt\u0173 patogi kasdieniam ne\u0161iojimui. Rasite \u012fvairi\u0173 <a href=\"https:\/\/fashiongold.lt\/ziedu-dydziu-matuoklis\/\">dyd\u017ei\u0173 \u017eied\u0173<\/a> \u2013 nuo 15 iki 21, tod\u0117l kiekvienas gali i\u0161sirinkti sau tinkamiausi\u0105 variant\u0105. Deimantin\u0117s juostel\u0117s \u2013 tai elegancijos, prabangos ir i\u0161skirtinumo derinys, kuris d\u017eiugins jus ir j\u016bs\u0173 artimuosius daugel\u012f met\u0173.<\/p>\n","protected":false},"featured_media":1137071,"template":"","meta":{"site-sidebar-layout":"default","site-content-layout":"","ast-site-content-layout":"default","site-content-style":"default","site-sidebar-style":"default","ast-global-header-display":"","ast-banner-title-visibility":"","ast-main-header-display":"","ast-hfb-above-header-display":"","ast-hfb-below-header-display":"","ast-hfb-mobile-header-display":"","site-post-title":"","ast-breadcrumbs-content":"","ast-featured-img":"","footer-sml-layout":"","ast-disable-related-posts":"","theme-transparent-header-meta":"default","adv-header-id-meta":"","stick-header-meta":"","header-above-stick-meta":"","header-main-stick-meta":"","header-below-stick-meta":"","astra-migrate-meta-layouts":"set","ast-page-background-enabled":"default","ast-page-background-meta":{"desktop":{"background-color":"var(--ast-global-color-4)","background-image":"","background-repeat":"repeat","background-position":"center center","background-size":"auto","background-attachment":"scroll","background-type":"","background-media":"","overlay-type":"","overlay-color":"","overlay-opacity":"","overlay-gradient":""},"tablet":{"background-color":"","background-image":"","background-repeat":"repeat","background-position":"center center","background-size":"auto","background-attachment":"scroll","background-type":"","background-media":"","overlay-type":"","overlay-color":"","overlay-opacity":"","overlay-gradient":""},"mobile":{"background-color":"","background-image":"","background-repeat":"repeat","background-position":"center center","background-size":"auto","background-attachment":"scroll","background-type":"","background-media":"","overlay-type":"","overlay-color":"","overlay-opacity":"","overlay-gradient":""}},"ast-content-background-meta":{"desktop":{"background-color":"var(--ast-global-color-5)","background-image":"","background-repeat":"repeat","background-position":"center center","background-size":"auto","background-attachment":"scroll","background-type":"","background-media":"","overlay-type":"","overlay-color":"","overlay-opacity":"","overlay-gradient":""},"tablet":{"background-color":"var(--ast-global-color-5)","background-image":"","background-repeat":"repeat","background-position":"center center","background-size":"auto","background-attachment":"scroll","background-type":"","background-media":"","overlay-type":"","overlay-color":"","overlay-opacity":"","overlay-gradient":""},"mobile":{"background-color":"var(--ast-global-color-5)","background-image":"","background-repeat":"repeat","background-position":"center center","background-size":"auto","background-attachment":"scroll","background-type":"","background-media":"","overlay-type":"","overlay-color":"","overlay-opacity":"","overlay-gradient":""}}},"product_brand":[],"product_cat":[2895,2889,3087,3138,3045,3690,4066,2896,2898,2883,2890,2884,2885,2886,3075,2887,2891,2899,2894,3088,3837,2902,3057,2904,2903,2901,2888,2892,3099,3143,3118,2900,2961,3089,3942,3732,3086,4102,2893,3140,3803,3792,3767],"product_tag":[],"class_list":{"0":"post-1137024","1":"product","2":"type-product","3":"status-publish","4":"has-post-thumbnail","6":"product_cat-white-gold-diamond-bands","7":"product_cat-white-gold-jewelry","8":"product_cat-white-gold-engagement-rings","9":"product_cat-white-gold-wedding-rings","10":"product_cat-diamond-band-around-the-entire-ring","11":"product_cat-diamond-band-with-brilliant-cut-diamonds","12":"product_cat-diamond-band-with-black-diamonds","13":"product_cat-diamond-strips","14":"product_cat-diamond-bands-for-men","15":"product_cat-birthday-gifts","16":"product_cat-graduation-gifts","17":"product_cat-gifts-for-women","18":"product_cat-gifts-for-the-birth-of-a-child","19":"product_cat-wedding-anniversary-gifts","20":"product_cat-wedding-gifts","21":"product_cat-gifts-for-men","22":"product_cat-gifts-for-special-occasions","23":"product_cat-yellow-gold-diamond-bands","24":"product_cat-yellow-gold-jewelry","25":"product_cat-yellow-gold-engagement-rings","26":"product_cat-yellow-gold-wedding-rings","27":"product_cat-jeweler","28":"product_cat-jewelry","29":"product_cat-jewelry-for-women","30":"product_cat-mens-jewelry","31":"product_cat-jewelry-manufacturing","32":"product_cat-christmas-gifts","33":"product_cat-mothers-day-gifts","34":"product_cat-modern-engagement-rings","35":"product_cat-modern-wedding-rings","36":"product_cat-womens-wedding-rings","37":"product_cat-rose-gold-diamond-bands","38":"product_cat-rose-gold-jewelry","39":"product_cat-rose-gold-engagement-rings","40":"product_cat-rose-gold-wedding-rings","41":"product_cat-engagement-rings-with-black-diamonds","42":"product_cat-top-engagement-rings","43":"product_cat-top-wedding-rings","44":"product_cat-valentines-day-gifts","45":"product_cat-wedding-rings","46":"product_cat-wedding-rings-with-diamonds","47":"product_cat-wedding-ring-production","48":"product_cat-mens-wedding-rings","49":"desktop-align-center","50":"tablet-align-left","51":"mobile-align-left","52":"ast-product-gallery-layout-horizontal-slider","53":"ast-product-single-variable","54":"ast-product-tabs-layout-accordion","55":"ast-qv-on-image","57":"first","58":"instock","59":"taxable","60":"shipping-taxable","61":"purchasable","62":"product-type-variable","63":"has-default-attributes"},"yoast_head":"<!-- This site is optimized with the Yoast SEO plugin v26.6 - https:\/\/yoast.com\/wordpress\/plugins\/seo\/ -->\n<title>Deimantin\u0117 juostel\u0117 su juodais deimantais 7.00 ct<\/title>\n<meta name=\"description\" content=\"Deimantin\u0117 juostel\u0117 su juodais deimantais 7.00 ct \u2013 eleganti\u0161kas \u017eiedas juostel\u0117, tinkantis prie vestuvinio ar su\u017ead\u0117tuvi\u0173 \u017eiedo.\" \/>\n<meta name=\"robots\" content=\"index, follow, max-snippet:-1, max-image-preview:large, max-video-preview:-1\" \/>\n<link rel=\"canonical\" href=\"https:\/\/fashiongold.lt\/en\/papuosalas\/deimantine-juostele-su-juodais-deimantais-7-00-ct-5-40-mm\/\" \/>\n<meta property=\"og:locale\" content=\"en_US\" \/>\n<meta property=\"og:type\" content=\"article\" \/>\n<meta property=\"og:title\" content=\"Deimantin\u0117 juostel\u0117 su juodais deimantais 7.00 ct\" \/>\n<meta property=\"og:description\" content=\"Deimantin\u0117 juostel\u0117 su juodais deimantais 7.00 ct \u2013 eleganti\u0161kas \u017eiedas juostel\u0117, tinkantis prie vestuvinio ar su\u017ead\u0117tuvi\u0173 \u017eiedo.\" \/>\n<meta property=\"og:url\" content=\"https:\/\/fashiongold.lt\/en\/papuosalas\/deimantine-juostele-su-juodais-deimantais-7-00-ct-5-40-mm\/\" \/>\n<meta property=\"og:site_name\" content=\"Topdiamonds Online\" \/>\n<meta property=\"article:modified_time\" content=\"2026-04-12T07:55:32+00:00\" \/>\n<meta property=\"og:image\" content=\"https:\/\/fashiongold.lt\/wp-content\/uploads\/2026\/04\/Deimantine-juostele-su-juodais-deimantais-7.00-ct-5.40-mm-baltas-auksas-e1775979297404.png\" \/>\n\t<meta property=\"og:image:width\" content=\"767\" \/>\n\t<meta property=\"og:image:height\" content=\"743\" \/>\n\t<meta property=\"og:image:type\" content=\"image\/png\" \/>\n<meta name=\"twitter:card\" content=\"summary_large_image\" \/>\n<meta name=\"twitter:label1\" content=\"Est. reading time\" \/>\n\t<meta name=\"twitter:data1\" content=\"1 minute\" \/>\n<script type=\"application\/ld+json\" class=\"yoast-schema-graph\">{\"@context\":\"https:\/\/schema.org\",\"@graph\":[{\"@type\":\"WebPage\",\"@id\":\"https:\/\/fashiongold.lt\/en\/papuosalas\/deimantine-juostele-su-juodais-deimantais-7-00-ct-5-40-mm\/\",\"url\":\"https:\/\/fashiongold.lt\/en\/papuosalas\/deimantine-juostele-su-juodais-deimantais-7-00-ct-5-40-mm\/\",\"name\":\"Deimantin\u0117 juostel\u0117 su juodais deimantais 7.00 ct\",\"isPartOf\":{\"@id\":\"https:\/\/fashiongold.lt\/en\/#website\"},\"primaryImageOfPage\":{\"@id\":\"https:\/\/fashiongold.lt\/en\/papuosalas\/deimantine-juostele-su-juodais-deimantais-7-00-ct-5-40-mm\/#primaryimage\"},\"image\":{\"@id\":\"https:\/\/fashiongold.lt\/en\/papuosalas\/deimantine-juostele-su-juodais-deimantais-7-00-ct-5-40-mm\/#primaryimage\"},\"thumbnailUrl\":\"https:\/\/fashiongold.lt\/wp-content\/uploads\/2026\/04\/Deimantine-juostele-su-juodais-deimantais-7.00-ct-5.40-mm-baltas-auksas-e1775979297404.png\",\"datePublished\":\"2026-04-12T06:50:28+00:00\",\"dateModified\":\"2026-04-12T07:55:32+00:00\",\"description\":\"Deimantin\u0117 juostel\u0117 su juodais deimantais 7.00 ct \u2013 eleganti\u0161kas \u017eiedas juostel\u0117, tinkantis prie vestuvinio ar su\u017ead\u0117tuvi\u0173 \u017eiedo.\",\"breadcrumb\":{\"@id\":\"https:\/\/fashiongold.lt\/en\/papuosalas\/deimantine-juostele-su-juodais-deimantais-7-00-ct-5-40-mm\/#breadcrumb\"},\"inLanguage\":\"en-US\",\"potentialAction\":[{\"@type\":\"ReadAction\",\"target\":[\"https:\/\/fashiongold.lt\/en\/papuosalas\/deimantine-juostele-su-juodais-deimantais-7-00-ct-5-40-mm\/\"]}]},{\"@type\":\"ImageObject\",\"inLanguage\":\"en-US\",\"@id\":\"https:\/\/fashiongold.lt\/en\/papuosalas\/deimantine-juostele-su-juodais-deimantais-7-00-ct-5-40-mm\/#primaryimage\",\"url\":\"https:\/\/fashiongold.lt\/wp-content\/uploads\/2026\/04\/Deimantine-juostele-su-juodais-deimantais-7.00-ct-5.40-mm-baltas-auksas-e1775979297404.png\",\"contentUrl\":\"https:\/\/fashiongold.lt\/wp-content\/uploads\/2026\/04\/Deimantine-juostele-su-juodais-deimantais-7.00-ct-5.40-mm-baltas-auksas-e1775979297404.png\",\"width\":767,\"height\":743,\"caption\":\"Deimantin\u0117 juostel\u0117 su juodais deimantais (7.00 ct) 5.40 mm balto aukso\"},{\"@type\":\"BreadcrumbList\",\"@id\":\"https:\/\/fashiongold.lt\/en\/papuosalas\/deimantine-juostele-su-juodais-deimantais-7-00-ct-5-40-mm\/#breadcrumb\",\"itemListElement\":[{\"@type\":\"ListItem\",\"position\":1,\"name\":\"Home\",\"item\":\"https:\/\/fashiongold.lt\/en\/\"},{\"@type\":\"ListItem\",\"position\":2,\"name\":\"Diamond store Fashiongold.lt\",\"item\":\"https:\/\/fashiongold.lt\/shop-2\/\"},{\"@type\":\"ListItem\",\"position\":3,\"name\":\"Deimantin\u0117 juostel\u0117 su juodais deimantais (7.00 ct) 5.40 mm\"}]},{\"@type\":\"WebSite\",\"@id\":\"https:\/\/fashiongold.lt\/en\/#website\",\"url\":\"https:\/\/fashiongold.lt\/en\/\",\"name\":\"Fashion Gold\",\"description\":\"Juvelyrikos namai\",\"publisher\":{\"@id\":\"https:\/\/fashiongold.lt\/en\/#organization\"},\"potentialAction\":[{\"@type\":\"SearchAction\",\"target\":{\"@type\":\"EntryPoint\",\"urlTemplate\":\"https:\/\/fashiongold.lt\/en\/?s={search_term_string}\"},\"query-input\":{\"@type\":\"PropertyValueSpecification\",\"valueRequired\":true,\"valueName\":\"search_term_string\"}}],\"inLanguage\":\"en-US\"},{\"@type\":\"Organization\",\"@id\":\"https:\/\/fashiongold.lt\/en\/#organization\",\"name\":\"Topdiamonds Online\",\"url\":\"https:\/\/fashiongold.lt\/en\/\",\"logo\":{\"@type\":\"ImageObject\",\"inLanguage\":\"en-US\",\"@id\":\"https:\/\/fashiongold.lt\/en\/#\/schema\/logo\/image\/\",\"url\":\"https:\/\/fashiongold.lt\/wp-content\/uploads\/2025\/04\/cropped-fashion_gold_logotipas2-scaled-1.png\",\"contentUrl\":\"https:\/\/fashiongold.lt\/wp-content\/uploads\/2025\/04\/cropped-fashion_gold_logotipas2-scaled-1.png\",\"width\":2559,\"height\":421,\"caption\":\"Topdiamonds Online\"},\"image\":{\"@id\":\"https:\/\/fashiongold.lt\/en\/#\/schema\/logo\/image\/\"}}]}<\/script>\n<!-- \/ Yoast SEO plugin. -->","yoast_head_json":{"title":"Deimantin\u0117 juostel\u0117 su juodais deimantais 7.00 ct","description":"Deimantin\u0117 juostel\u0117 su juodais deimantais 7.00 ct \u2013 eleganti\u0161kas \u017eiedas juostel\u0117, tinkantis prie vestuvinio ar su\u017ead\u0117tuvi\u0173 \u017eiedo.","robots":{"index":"index","follow":"follow","max-snippet":"max-snippet:-1","max-image-preview":"max-image-preview:large","max-video-preview":"max-video-preview:-1"},"canonical":"https:\/\/fashiongold.lt\/en\/papuosalas\/deimantine-juostele-su-juodais-deimantais-7-00-ct-5-40-mm\/","og_locale":"en_US","og_type":"article","og_title":"Deimantin\u0117 juostel\u0117 su juodais deimantais 7.00 ct","og_description":"Deimantin\u0117 juostel\u0117 su juodais deimantais 7.00 ct \u2013 eleganti\u0161kas \u017eiedas juostel\u0117, tinkantis prie vestuvinio ar su\u017ead\u0117tuvi\u0173 \u017eiedo.","og_url":"https:\/\/fashiongold.lt\/en\/papuosalas\/deimantine-juostele-su-juodais-deimantais-7-00-ct-5-40-mm\/","og_site_name":"Topdiamonds Online","article_modified_time":"2026-04-12T07:55:32+00:00","og_image":[{"width":767,"height":743,"url":"https:\/\/fashiongold.lt\/wp-content\/uploads\/2026\/04\/Deimantine-juostele-su-juodais-deimantais-7.00-ct-5.40-mm-baltas-auksas-e1775979297404.png","type":"image\/png"}],"twitter_card":"summary_large_image","twitter_misc":{"Est. reading time":"1 minute"},"schema":{"@context":"https:\/\/schema.org","@graph":[{"@type":"WebPage","@id":"https:\/\/fashiongold.lt\/en\/papuosalas\/deimantine-juostele-su-juodais-deimantais-7-00-ct-5-40-mm\/","url":"https:\/\/fashiongold.lt\/en\/papuosalas\/deimantine-juostele-su-juodais-deimantais-7-00-ct-5-40-mm\/","name":"Deimantin\u0117 juostel\u0117 su juodais deimantais 7.00 ct","isPartOf":{"@id":"https:\/\/fashiongold.lt\/en\/#website"},"primaryImageOfPage":{"@id":"https:\/\/fashiongold.lt\/en\/papuosalas\/deimantine-juostele-su-juodais-deimantais-7-00-ct-5-40-mm\/#primaryimage"},"image":{"@id":"https:\/\/fashiongold.lt\/en\/papuosalas\/deimantine-juostele-su-juodais-deimantais-7-00-ct-5-40-mm\/#primaryimage"},"thumbnailUrl":"https:\/\/fashiongold.lt\/wp-content\/uploads\/2026\/04\/Deimantine-juostele-su-juodais-deimantais-7.00-ct-5.40-mm-baltas-auksas-e1775979297404.png","datePublished":"2026-04-12T06:50:28+00:00","dateModified":"2026-04-12T07:55:32+00:00","description":"Deimantin\u0117 juostel\u0117 su juodais deimantais 7.00 ct \u2013 eleganti\u0161kas \u017eiedas juostel\u0117, tinkantis prie vestuvinio ar su\u017ead\u0117tuvi\u0173 \u017eiedo.","breadcrumb":{"@id":"https:\/\/fashiongold.lt\/en\/papuosalas\/deimantine-juostele-su-juodais-deimantais-7-00-ct-5-40-mm\/#breadcrumb"},"inLanguage":"en-US","potentialAction":[{"@type":"ReadAction","target":["https:\/\/fashiongold.lt\/en\/papuosalas\/deimantine-juostele-su-juodais-deimantais-7-00-ct-5-40-mm\/"]}]},{"@type":"ImageObject","inLanguage":"en-US","@id":"https:\/\/fashiongold.lt\/en\/papuosalas\/deimantine-juostele-su-juodais-deimantais-7-00-ct-5-40-mm\/#primaryimage","url":"https:\/\/fashiongold.lt\/wp-content\/uploads\/2026\/04\/Deimantine-juostele-su-juodais-deimantais-7.00-ct-5.40-mm-baltas-auksas-e1775979297404.png","contentUrl":"https:\/\/fashiongold.lt\/wp-content\/uploads\/2026\/04\/Deimantine-juostele-su-juodais-deimantais-7.00-ct-5.40-mm-baltas-auksas-e1775979297404.png","width":767,"height":743,"caption":"Deimantin\u0117 juostel\u0117 su juodais deimantais (7.00 ct) 5.40 mm balto aukso"},{"@type":"BreadcrumbList","@id":"https:\/\/fashiongold.lt\/en\/papuosalas\/deimantine-juostele-su-juodais-deimantais-7-00-ct-5-40-mm\/#breadcrumb","itemListElement":[{"@type":"ListItem","position":1,"name":"Home","item":"https:\/\/fashiongold.lt\/en\/"},{"@type":"ListItem","position":2,"name":"Diamond store Fashiongold.lt","item":"https:\/\/fashiongold.lt\/shop-2\/"},{"@type":"ListItem","position":3,"name":"Deimantin\u0117 juostel\u0117 su juodais deimantais (7.00 ct) 5.40 mm"}]},{"@type":"WebSite","@id":"https:\/\/fashiongold.lt\/en\/#website","url":"https:\/\/fashiongold.lt\/en\/","name":"Fashion Gold","description":"Juvelyrikos namai","publisher":{"@id":"https:\/\/fashiongold.lt\/en\/#organization"},"potentialAction":[{"@type":"SearchAction","target":{"@type":"EntryPoint","urlTemplate":"https:\/\/fashiongold.lt\/en\/?s={search_term_string}"},"query-input":{"@type":"PropertyValueSpecification","valueRequired":true,"valueName":"search_term_string"}}],"inLanguage":"en-US"},{"@type":"Organization","@id":"https:\/\/fashiongold.lt\/en\/#organization","name":"Topdiamonds Online","url":"https:\/\/fashiongold.lt\/en\/","logo":{"@type":"ImageObject","inLanguage":"en-US","@id":"https:\/\/fashiongold.lt\/en\/#\/schema\/logo\/image\/","url":"https:\/\/fashiongold.lt\/wp-content\/uploads\/2025\/04\/cropped-fashion_gold_logotipas2-scaled-1.png","contentUrl":"https:\/\/fashiongold.lt\/wp-content\/uploads\/2025\/04\/cropped-fashion_gold_logotipas2-scaled-1.png","width":2559,"height":421,"caption":"Topdiamonds Online"},"image":{"@id":"https:\/\/fashiongold.lt\/en\/#\/schema\/logo\/image\/"}}]}},"_links":{"self":[{"href":"https:\/\/fashiongold.lt\/en\/wp-json\/wp\/v2\/product\/1137024","targetHints":{"allow":["GET"]}}],"collection":[{"href":"https:\/\/fashiongold.lt\/en\/wp-json\/wp\/v2\/product"}],"about":[{"href":"https:\/\/fashiongold.lt\/en\/wp-json\/wp\/v2\/types\/product"}],"version-history":[{"count":2,"href":"https:\/\/fashiongold.lt\/en\/wp-json\/wp\/v2\/product\/1137024\/revisions"}],"predecessor-version":[{"id":1137162,"href":"https:\/\/fashiongold.lt\/en\/wp-json\/wp\/v2\/product\/1137024\/revisions\/1137162"}],"wp:featuredmedia":[{"embeddable":true,"href":"https:\/\/fashiongold.lt\/en\/wp-json\/wp\/v2\/media\/1137071"}],"wp:attachment":[{"href":"https:\/\/fashiongold.lt\/en\/wp-json\/wp\/v2\/media?parent=1137024"}],"wp:term":[{"taxonomy":"product_brand","embeddable":true,"href":"https:\/\/fashiongold.lt\/en\/wp-json\/wp\/v2\/product_brand?post=1137024"},{"taxonomy":"product_cat","embeddable":true,"href":"https:\/\/fashiongold.lt\/en\/wp-json\/wp\/v2\/product_cat?post=1137024"},{"taxonomy":"product_tag","embeddable":true,"href":"https:\/\/fashiongold.lt\/en\/wp-json\/wp\/v2\/product_tag?post=1137024"}],"curies":[{"name":"wp","href":"https:\/\/api.w.org\/{rel}","templated":true}]}}