{"id":19115,"date":"2025-06-14T23:14:43","date_gmt":"2025-06-14T23:14:43","guid":{"rendered":"https:\/\/fashiongold.lt\/?post_type=product&#038;p=19115"},"modified":"2026-03-31T10:48:49","modified_gmt":"2026-03-31T10:48:49","slug":"suzadetuviu-ziedas-su-marquise-deimantu","status":"publish","type":"product","link":"https:\/\/fashiongold.lt\/en\/papuosalas\/suzadetuviu-ziedas-su-marquise-deimantu\/","title":{"rendered":"Su\u017ead\u0117tuvi\u0173 \u017eiedas su Marquise deimantu"},"content":{"rendered":"<h2>Su\u017ead\u0117tuvi\u0173 \u017eiedas su markiz\u0117s formos deimantu \u2013 elegancija, kuri\u0105 gali sukurti pats<\/h2>\n<p data-start=\"124\" data-end=\"655\">\u0160is su\u017ead\u0117tuvi\u0173 \u017eiedas su deimantu i\u0161siskiria viena atpa\u017e\u012fstamiausi\u0173 ir dr\u0105siausi\u0173 deimanto form\u0173 \u2013 markiz\u0117s pj\u016bviu. Ilga, eleganti\u0161kai smail\u0117janti akmens forma sukuria \u012fsp\u016bd\u012f, lyg \u0161viesa sklist\u0173 i\u0161 vieno ta\u0161ko ir t\u0119st\u0173si per vis\u0105 \u017eied\u0105. Markiz\u0117s formos deimantas vizualiai pailgina pir\u0161t\u0105 ir suteikia papuo\u0161alui i\u0161skirtinio charakterio. Kiekvienas modelis \u010dia veikia kaip k\u016brybos pagrindas: pirmiausia pasirenkamas norimas \u017eiedo dizainas, v\u0117liau \u2013 taurusis metalas bei jo spalva ir galiausiai pats akmuo. Taip su\u017ead\u0117tuvi\u0173 \u017eiedas su deimantu tampa individualiu k\u016briniu, sukurtu pagal j\u016bs\u0173 estetik\u0105 ir pageidaujam\u0105 spindesio intensyvum\u0105.<br \/>\nPagaminta laikantis auk\u0161\u010diausi\u0173 juvelyrikos gamybos standart\u0173. \u017diedas gali b\u016bti pagamintas pagal u\u017esakym\u0105: u\u017e papildom\u0105 mokest\u012f su auk\u0161tesn\u0117s kokyb\u0117s deimantais.<\/p>\n<p>\u2022 <strong><a href=\"https:\/\/fashiongold.lt\/ziedo-metalai\/\" target=\"_blank\" rel=\"noopener\">Taurieji metalai<\/a><\/strong>: 14K (585 prabos), 18K (750 prabos), 900 platina<br \/>\n\u2022 <strong><a href=\"https:\/\/fashiongold.lt\/ziedo-aukso-spalva\/\" target=\"_blank\" rel=\"noopener\">Galimos aukso spalvos<\/a><\/strong>: geltonas, baltas, raudonas<br \/>\n\u2022 <strong><a href=\"https:\/\/fashiongold.lt\/ziedo-svoris\/\" target=\"_blank\" rel=\"noopener\">Apytikslis \u017eiedo svoris<\/a><\/strong> (priklauso nuo dyd\u017eio): <span data-sheets-root=\"1\">2.00 &#8211; 3.50 g<\/span><br \/>\n\u2022 <strong><a href=\"https:\/\/fashiongold.lt\/ziedo-matmenys\/\" target=\"_blank\" rel=\"noopener\">Apytikslis kar\u016bn\u0117l\u0117s plotis<\/a><\/strong> (priklauso nuo karato): <span data-sheets-root=\"1\">10.5 x 5.5 mm<\/span><br \/>\n\u2022 <strong><a href=\"https:\/\/fashiongold.lt\/ziedo-komforto-zona\/\" target=\"_blank\" rel=\"noopener\">\u017diedo komforto zona<\/a><\/strong>: yra<br \/>\n\u2022 <strong><a href=\"https:\/\/fashiongold.lt\/category\/suzinok-daugiau-apie-deimanto-forma\/\" target=\"_blank\" rel=\"noopener\">Deimanto forma ir pj\u016bvis<\/a><\/strong>: <span data-sheets-root=\"1\">Markiz\u0117s forma (<em>Marquise cut<\/em>)<\/span><br \/>\n\u2022 <strong><a href=\"https:\/\/fashiongold.lt\/deimantu-tipai\/\" target=\"_blank\" rel=\"noopener\">Deimanto kilm\u0117<\/a><\/strong> (pasirinktinai): Laboratorijoje u\u017eauginti deimantai arba natural\u016bs deimantai<br \/>\n\u2022 <strong><a href=\"https:\/\/fashiongold.lt\/deimanto-svoris-ir-charakteristika\/\" target=\"_blank\" rel=\"noopener\">Deimanto svoris ir charakteristika<\/a><\/strong> (galima keisti):<br \/>\nLaboratorijoje u\u017eaugintas deimantas: (spalva D-E, \u0161varumas VVS), IGI sertifikatas<br \/>\nNat\u016bralus deimantas: (spalva G-I, \u0161varumas SI), GIA sertifikatas<br \/>\n\u2022 <strong><a href=\"https:\/\/fashiongold.lt\/graviravimas\/\" target=\"_blank\" rel=\"noopener\">Nemokama graviravimo paslauga<\/a><\/strong><br \/>\n\u2022 <strong><a href=\"https:\/\/fashiongold.lt\/ziedo-dydzio-keitimo-garantija\/\" target=\"_blank\" rel=\"noopener\">\u017diedo dyd\u017eio keitimo garantija<\/a><\/strong>: vienkartin\u0117 nemokama korekcija<br \/>\n\u2022 <strong><a href=\"https:\/\/fashiongold.lt\/pristatymas-ir-grazinimas\/\" target=\"_blank\" rel=\"noopener\">Gamyba ir pristatymas<\/a><\/strong>: 14-21 d.d., skubos tvarka per 7 d.d.<\/p>\n<p>Turite sen\u0105 auks\u0105 ar brangakmen\u012f, kur\u012f nor\u0117tum\u0117te panaudoti? Pritaikysime kain\u0105 ir mok\u0117site tik u\u017e gamyb\u0105. Norite pakeisti deimanto charakteristikas ar prid\u0117ti unikali\u0173 detali\u0173? <strong><a href=\"https:\/\/fashiongold.lt\/kontaktai\/\" target=\"_blank\" rel=\"noopener\">Susisiekite<\/a><\/strong>, ir kartu sukursime tobul\u0105 variant\u0105.<br \/>\n<em>Fashion Gold<\/em> \u2013 vieta, kur asmenin\u0117s id\u0117jos tampa i\u0161skirtiniais k\u016briniais.<\/p>\n","protected":false},"excerpt":{"rendered":"<p>Su\u017ead\u0117tuvi\u0173 \u017eiedas su markiz\u0117s formos deimantu \u2013 elegancija, kuri\u0105 gali sukurti pats \u0160is su\u017ead\u0117tuvi\u0173 \u017eiedas su deimantu i\u0161siskiria viena atpa\u017e\u012fstamiausi\u0173 [&hellip;]<\/p>\n","protected":false},"featured_media":19345,"template":"","meta":{"site-sidebar-layout":"default","site-content-layout":"","ast-site-content-layout":"default","site-content-style":"default","site-sidebar-style":"default","ast-global-header-display":"","ast-banner-title-visibility":"","ast-main-header-display":"","ast-hfb-above-header-display":"","ast-hfb-below-header-display":"","ast-hfb-mobile-header-display":"","site-post-title":"","ast-breadcrumbs-content":"","ast-featured-img":"","footer-sml-layout":"","ast-disable-related-posts":"","theme-transparent-header-meta":"default","adv-header-id-meta":"","stick-header-meta":"","header-above-stick-meta":"","header-main-stick-meta":"","header-below-stick-meta":"","astra-migrate-meta-layouts":"set","ast-page-background-enabled":"default","ast-page-background-meta":{"desktop":{"background-color":"var(--ast-global-color-4)","background-image":"","background-repeat":"repeat","background-position":"center center","background-size":"auto","background-attachment":"scroll","background-type":"","background-media":"","overlay-type":"","overlay-color":"","overlay-opacity":"","overlay-gradient":""},"tablet":{"background-color":"","background-image":"","background-repeat":"repeat","background-position":"center center","background-size":"auto","background-attachment":"scroll","background-type":"","background-media":"","overlay-type":"","overlay-color":"","overlay-opacity":"","overlay-gradient":""},"mobile":{"background-color":"","background-image":"","background-repeat":"repeat","background-position":"center center","background-size":"auto","background-attachment":"scroll","background-type":"","background-media":"","overlay-type":"","overlay-color":"","overlay-opacity":"","overlay-gradient":""}},"ast-content-background-meta":{"desktop":{"background-color":"var(--ast-global-color-5)","background-image":"","background-repeat":"repeat","background-position":"center center","background-size":"auto","background-attachment":"scroll","background-type":"","background-media":"","overlay-type":"","overlay-color":"","overlay-opacity":"","overlay-gradient":""},"tablet":{"background-color":"var(--ast-global-color-5)","background-image":"","background-repeat":"repeat","background-position":"center center","background-size":"auto","background-attachment":"scroll","background-type":"","background-media":"","overlay-type":"","overlay-color":"","overlay-opacity":"","overlay-gradient":""},"mobile":{"background-color":"var(--ast-global-color-5)","background-image":"","background-repeat":"repeat","background-position":"center center","background-size":"auto","background-attachment":"scroll","background-type":"","background-media":"","overlay-type":"","overlay-color":"","overlay-opacity":"","overlay-gradient":""}}},"product_brand":[],"product_cat":[4117,4116],"product_tag":[],"class_list":{"0":"post-19115","1":"product","2":"type-product","3":"status-publish","4":"has-post-thumbnail","6":"product_cat-zacznij-od-projektu-pierscionka","7":"product_cat-stworz-wlasna-bizuterie","8":"desktop-align-center","9":"tablet-align-left","10":"mobile-align-left","11":"ast-product-gallery-layout-horizontal-slider","12":"ast-product-single-variable","13":"ast-product-tabs-layout-accordion","14":"ast-qv-on-image","16":"first","17":"instock","18":"sold-individually","19":"taxable","20":"shipping-taxable","21":"purchasable","22":"product-type-variable","23":"has-default-attributes"},"yoast_head":"<!-- This site is optimized with the Yoast SEO plugin v26.6 - https:\/\/yoast.com\/wordpress\/plugins\/seo\/ -->\n<title>Su\u017ead\u0117tuvi\u0173 \u017eiedas su Marquise deimantu<\/title>\n<meta name=\"description\" content=\"Su\u017ead\u0117tuvi\u0173 \u017eiedas su deimantu, kurio centre spindi markiz\u0117s formos elegancija. J\u016bs\u0173 individual\u016bs pasirinkimai suteiks papuo\u0161alui dar daugiau asmeni\u0161kumo.\" \/>\n<meta name=\"robots\" content=\"index, follow, max-snippet:-1, max-image-preview:large, max-video-preview:-1\" \/>\n<link rel=\"canonical\" href=\"https:\/\/fashiongold.lt\/en\/papuosalas\/suzadetuviu-ziedas-su-marquise-deimantu\/\" \/>\n<meta property=\"og:locale\" content=\"en_US\" \/>\n<meta property=\"og:type\" content=\"article\" \/>\n<meta property=\"og:title\" content=\"Su\u017ead\u0117tuvi\u0173 \u017eiedas su Marquise deimantu\" \/>\n<meta property=\"og:description\" content=\"Su\u017ead\u0117tuvi\u0173 \u017eiedas su deimantu, kurio centre spindi markiz\u0117s formos elegancija. J\u016bs\u0173 individual\u016bs pasirinkimai suteiks papuo\u0161alui dar daugiau asmeni\u0161kumo.\" \/>\n<meta property=\"og:url\" content=\"https:\/\/fashiongold.lt\/en\/papuosalas\/suzadetuviu-ziedas-su-marquise-deimantu\/\" \/>\n<meta property=\"og:site_name\" content=\"Topdiamonds Online\" \/>\n<meta property=\"article:modified_time\" content=\"2026-03-31T10:48:49+00:00\" \/>\n<meta property=\"og:image\" content=\"https:\/\/fashiongold.lt\/wp-content\/uploads\/2025\/06\/TDO-1270-klasikinis-suzadetuviu-ziedas-su-deimantu-marquise-cut-8.webp\" \/>\n\t<meta property=\"og:image:width\" content=\"800\" \/>\n\t<meta property=\"og:image:height\" content=\"800\" \/>\n\t<meta property=\"og:image:type\" content=\"image\/jpeg\" \/>\n<meta name=\"twitter:card\" content=\"summary_large_image\" \/>\n<meta name=\"twitter:label1\" content=\"Est. reading time\" \/>\n\t<meta name=\"twitter:data1\" content=\"2 minutes\" \/>\n<script type=\"application\/ld+json\" class=\"yoast-schema-graph\">{\"@context\":\"https:\/\/schema.org\",\"@graph\":[{\"@type\":\"WebPage\",\"@id\":\"https:\/\/fashiongold.lt\/en\/papuosalas\/suzadetuviu-ziedas-su-marquise-deimantu\/\",\"url\":\"https:\/\/fashiongold.lt\/en\/papuosalas\/suzadetuviu-ziedas-su-marquise-deimantu\/\",\"name\":\"Su\u017ead\u0117tuvi\u0173 \u017eiedas su Marquise deimantu\",\"isPartOf\":{\"@id\":\"https:\/\/fashiongold.lt\/en\/#website\"},\"primaryImageOfPage\":{\"@id\":\"https:\/\/fashiongold.lt\/en\/papuosalas\/suzadetuviu-ziedas-su-marquise-deimantu\/#primaryimage\"},\"image\":{\"@id\":\"https:\/\/fashiongold.lt\/en\/papuosalas\/suzadetuviu-ziedas-su-marquise-deimantu\/#primaryimage\"},\"thumbnailUrl\":\"https:\/\/fashiongold.lt\/wp-content\/uploads\/2025\/06\/TDO-1270-klasikinis-suzadetuviu-ziedas-su-deimantu-marquise-cut-8.jpg\",\"datePublished\":\"2025-06-14T23:14:43+00:00\",\"dateModified\":\"2026-03-31T10:48:49+00:00\",\"description\":\"Su\u017ead\u0117tuvi\u0173 \u017eiedas su deimantu, kurio centre spindi markiz\u0117s formos elegancija. J\u016bs\u0173 individual\u016bs pasirinkimai suteiks papuo\u0161alui dar daugiau asmeni\u0161kumo.\",\"breadcrumb\":{\"@id\":\"https:\/\/fashiongold.lt\/en\/papuosalas\/suzadetuviu-ziedas-su-marquise-deimantu\/#breadcrumb\"},\"inLanguage\":\"en-US\",\"potentialAction\":[{\"@type\":\"ReadAction\",\"target\":[\"https:\/\/fashiongold.lt\/en\/papuosalas\/suzadetuviu-ziedas-su-marquise-deimantu\/\"]}]},{\"@type\":\"ImageObject\",\"inLanguage\":\"en-US\",\"@id\":\"https:\/\/fashiongold.lt\/en\/papuosalas\/suzadetuviu-ziedas-su-marquise-deimantu\/#primaryimage\",\"url\":\"https:\/\/fashiongold.lt\/wp-content\/uploads\/2025\/06\/TDO-1270-klasikinis-suzadetuviu-ziedas-su-deimantu-marquise-cut-8.jpg\",\"contentUrl\":\"https:\/\/fashiongold.lt\/wp-content\/uploads\/2025\/06\/TDO-1270-klasikinis-suzadetuviu-ziedas-su-deimantu-marquise-cut-8.jpg\",\"width\":800,\"height\":800,\"caption\":\"Klasikinis su\u017ead\u0117tuvi\u0173 \u017eiedas su deimantu i\u0161 balto aukso arba platinos - marquise cut\"},{\"@type\":\"BreadcrumbList\",\"@id\":\"https:\/\/fashiongold.lt\/en\/papuosalas\/suzadetuviu-ziedas-su-marquise-deimantu\/#breadcrumb\",\"itemListElement\":[{\"@type\":\"ListItem\",\"position\":1,\"name\":\"Home\",\"item\":\"https:\/\/fashiongold.lt\/en\/\"},{\"@type\":\"ListItem\",\"position\":2,\"name\":\"Diamond store Fashiongold.lt\",\"item\":\"https:\/\/fashiongold.lt\/shop-2\/\"},{\"@type\":\"ListItem\",\"position\":3,\"name\":\"Su\u017ead\u0117tuvi\u0173 \u017eiedas su Marquise deimantu\"}]},{\"@type\":\"WebSite\",\"@id\":\"https:\/\/fashiongold.lt\/en\/#website\",\"url\":\"https:\/\/fashiongold.lt\/en\/\",\"name\":\"Fashion Gold\",\"description\":\"Juvelyrikos namai\",\"publisher\":{\"@id\":\"https:\/\/fashiongold.lt\/en\/#organization\"},\"potentialAction\":[{\"@type\":\"SearchAction\",\"target\":{\"@type\":\"EntryPoint\",\"urlTemplate\":\"https:\/\/fashiongold.lt\/en\/?s={search_term_string}\"},\"query-input\":{\"@type\":\"PropertyValueSpecification\",\"valueRequired\":true,\"valueName\":\"search_term_string\"}}],\"inLanguage\":\"en-US\"},{\"@type\":\"Organization\",\"@id\":\"https:\/\/fashiongold.lt\/en\/#organization\",\"name\":\"Topdiamonds Online\",\"url\":\"https:\/\/fashiongold.lt\/en\/\",\"logo\":{\"@type\":\"ImageObject\",\"inLanguage\":\"en-US\",\"@id\":\"https:\/\/fashiongold.lt\/en\/#\/schema\/logo\/image\/\",\"url\":\"https:\/\/fashiongold.lt\/wp-content\/uploads\/2025\/04\/cropped-fashion_gold_logotipas2-scaled-1.png\",\"contentUrl\":\"https:\/\/fashiongold.lt\/wp-content\/uploads\/2025\/04\/cropped-fashion_gold_logotipas2-scaled-1.png\",\"width\":2559,\"height\":421,\"caption\":\"Topdiamonds Online\"},\"image\":{\"@id\":\"https:\/\/fashiongold.lt\/en\/#\/schema\/logo\/image\/\"}}]}<\/script>\n<!-- \/ Yoast SEO plugin. -->","yoast_head_json":{"title":"Su\u017ead\u0117tuvi\u0173 \u017eiedas su Marquise deimantu","description":"Su\u017ead\u0117tuvi\u0173 \u017eiedas su deimantu, kurio centre spindi markiz\u0117s formos elegancija. J\u016bs\u0173 individual\u016bs pasirinkimai suteiks papuo\u0161alui dar daugiau asmeni\u0161kumo.","robots":{"index":"index","follow":"follow","max-snippet":"max-snippet:-1","max-image-preview":"max-image-preview:large","max-video-preview":"max-video-preview:-1"},"canonical":"https:\/\/fashiongold.lt\/en\/papuosalas\/suzadetuviu-ziedas-su-marquise-deimantu\/","og_locale":"en_US","og_type":"article","og_title":"Su\u017ead\u0117tuvi\u0173 \u017eiedas su Marquise deimantu","og_description":"Su\u017ead\u0117tuvi\u0173 \u017eiedas su deimantu, kurio centre spindi markiz\u0117s formos elegancija. J\u016bs\u0173 individual\u016bs pasirinkimai suteiks papuo\u0161alui dar daugiau asmeni\u0161kumo.","og_url":"https:\/\/fashiongold.lt\/en\/papuosalas\/suzadetuviu-ziedas-su-marquise-deimantu\/","og_site_name":"Topdiamonds Online","article_modified_time":"2026-03-31T10:48:49+00:00","og_image":[{"width":800,"height":800,"url":"https:\/\/fashiongold.lt\/wp-content\/uploads\/2025\/06\/TDO-1270-klasikinis-suzadetuviu-ziedas-su-deimantu-marquise-cut-8.webp","type":"image\/jpeg"}],"twitter_card":"summary_large_image","twitter_misc":{"Est. reading time":"2 minutes"},"schema":{"@context":"https:\/\/schema.org","@graph":[{"@type":"WebPage","@id":"https:\/\/fashiongold.lt\/en\/papuosalas\/suzadetuviu-ziedas-su-marquise-deimantu\/","url":"https:\/\/fashiongold.lt\/en\/papuosalas\/suzadetuviu-ziedas-su-marquise-deimantu\/","name":"Su\u017ead\u0117tuvi\u0173 \u017eiedas su Marquise deimantu","isPartOf":{"@id":"https:\/\/fashiongold.lt\/en\/#website"},"primaryImageOfPage":{"@id":"https:\/\/fashiongold.lt\/en\/papuosalas\/suzadetuviu-ziedas-su-marquise-deimantu\/#primaryimage"},"image":{"@id":"https:\/\/fashiongold.lt\/en\/papuosalas\/suzadetuviu-ziedas-su-marquise-deimantu\/#primaryimage"},"thumbnailUrl":"https:\/\/fashiongold.lt\/wp-content\/uploads\/2025\/06\/TDO-1270-klasikinis-suzadetuviu-ziedas-su-deimantu-marquise-cut-8.jpg","datePublished":"2025-06-14T23:14:43+00:00","dateModified":"2026-03-31T10:48:49+00:00","description":"Su\u017ead\u0117tuvi\u0173 \u017eiedas su deimantu, kurio centre spindi markiz\u0117s formos elegancija. J\u016bs\u0173 individual\u016bs pasirinkimai suteiks papuo\u0161alui dar daugiau asmeni\u0161kumo.","breadcrumb":{"@id":"https:\/\/fashiongold.lt\/en\/papuosalas\/suzadetuviu-ziedas-su-marquise-deimantu\/#breadcrumb"},"inLanguage":"en-US","potentialAction":[{"@type":"ReadAction","target":["https:\/\/fashiongold.lt\/en\/papuosalas\/suzadetuviu-ziedas-su-marquise-deimantu\/"]}]},{"@type":"ImageObject","inLanguage":"en-US","@id":"https:\/\/fashiongold.lt\/en\/papuosalas\/suzadetuviu-ziedas-su-marquise-deimantu\/#primaryimage","url":"https:\/\/fashiongold.lt\/wp-content\/uploads\/2025\/06\/TDO-1270-klasikinis-suzadetuviu-ziedas-su-deimantu-marquise-cut-8.jpg","contentUrl":"https:\/\/fashiongold.lt\/wp-content\/uploads\/2025\/06\/TDO-1270-klasikinis-suzadetuviu-ziedas-su-deimantu-marquise-cut-8.jpg","width":800,"height":800,"caption":"Klasikinis su\u017ead\u0117tuvi\u0173 \u017eiedas su deimantu i\u0161 balto aukso arba platinos - marquise cut"},{"@type":"BreadcrumbList","@id":"https:\/\/fashiongold.lt\/en\/papuosalas\/suzadetuviu-ziedas-su-marquise-deimantu\/#breadcrumb","itemListElement":[{"@type":"ListItem","position":1,"name":"Home","item":"https:\/\/fashiongold.lt\/en\/"},{"@type":"ListItem","position":2,"name":"Diamond store Fashiongold.lt","item":"https:\/\/fashiongold.lt\/shop-2\/"},{"@type":"ListItem","position":3,"name":"Su\u017ead\u0117tuvi\u0173 \u017eiedas su Marquise deimantu"}]},{"@type":"WebSite","@id":"https:\/\/fashiongold.lt\/en\/#website","url":"https:\/\/fashiongold.lt\/en\/","name":"Fashion Gold","description":"Juvelyrikos namai","publisher":{"@id":"https:\/\/fashiongold.lt\/en\/#organization"},"potentialAction":[{"@type":"SearchAction","target":{"@type":"EntryPoint","urlTemplate":"https:\/\/fashiongold.lt\/en\/?s={search_term_string}"},"query-input":{"@type":"PropertyValueSpecification","valueRequired":true,"valueName":"search_term_string"}}],"inLanguage":"en-US"},{"@type":"Organization","@id":"https:\/\/fashiongold.lt\/en\/#organization","name":"Topdiamonds Online","url":"https:\/\/fashiongold.lt\/en\/","logo":{"@type":"ImageObject","inLanguage":"en-US","@id":"https:\/\/fashiongold.lt\/en\/#\/schema\/logo\/image\/","url":"https:\/\/fashiongold.lt\/wp-content\/uploads\/2025\/04\/cropped-fashion_gold_logotipas2-scaled-1.png","contentUrl":"https:\/\/fashiongold.lt\/wp-content\/uploads\/2025\/04\/cropped-fashion_gold_logotipas2-scaled-1.png","width":2559,"height":421,"caption":"Topdiamonds Online"},"image":{"@id":"https:\/\/fashiongold.lt\/en\/#\/schema\/logo\/image\/"}}]}},"_links":{"self":[{"href":"https:\/\/fashiongold.lt\/en\/wp-json\/wp\/v2\/product\/19115","targetHints":{"allow":["GET"]}}],"collection":[{"href":"https:\/\/fashiongold.lt\/en\/wp-json\/wp\/v2\/product"}],"about":[{"href":"https:\/\/fashiongold.lt\/en\/wp-json\/wp\/v2\/types\/product"}],"version-history":[{"count":0,"href":"https:\/\/fashiongold.lt\/en\/wp-json\/wp\/v2\/product\/19115\/revisions"}],"wp:featuredmedia":[{"embeddable":true,"href":"https:\/\/fashiongold.lt\/en\/wp-json\/wp\/v2\/media\/19345"}],"wp:attachment":[{"href":"https:\/\/fashiongold.lt\/en\/wp-json\/wp\/v2\/media?parent=19115"}],"wp:term":[{"taxonomy":"product_brand","embeddable":true,"href":"https:\/\/fashiongold.lt\/en\/wp-json\/wp\/v2\/product_brand?post=19115"},{"taxonomy":"product_cat","embeddable":true,"href":"https:\/\/fashiongold.lt\/en\/wp-json\/wp\/v2\/product_cat?post=19115"},{"taxonomy":"product_tag","embeddable":true,"href":"https:\/\/fashiongold.lt\/en\/wp-json\/wp\/v2\/product_tag?post=19115"}],"curies":[{"name":"wp","href":"https:\/\/api.w.org\/{rel}","templated":true}]}}