{"id":271522,"date":"2025-12-28T20:07:25","date_gmt":"2025-12-28T20:07:25","guid":{"rendered":"https:\/\/fashiongold.lt\/papuosalas\/sapphire-band-ring-with-7-green-sapphires-ai-jeweler\/"},"modified":"2025-12-28T20:07:25","modified_gmt":"2025-12-28T20:07:25","slug":"sapphire-band-ring-with-7-green-sapphires-ai-jeweler","status":"publish","type":"product","link":"https:\/\/fashiongold.lt\/en\/papuosalas\/sapphire-band-ring-with-7-green-sapphires-ai-jeweler\/","title":{"rendered":"Sapphire &#8211; Band ring with 7 green sapphires. AI Jeweler"},"content":{"rendered":"<h2 data-start=\"295\" data-end=\"371\">AI Jeweler: Green Sapphire Half-Eternity Ring with Seven Stones \u2013 Custom Design Production<\/h2>\n<p data-start=\"80\" data-end=\"685\">This green sapphire half-eternity ring is an individual project created and crafted by a jeweler, where every detail is considered based on the chosen gemstone \u2013 sapphire, known for its exceptional durability, clarity, and variety of color shades. This is not a mass-produced item, but authentic jewelry manufacturing that begins with an idea and concludes with a hand-crafted, unique ring. The jeweler creates not only rings but also earrings and other jewelry items based on individual orders, emphasizing their quality and uniqueness. You can learn more about sapphire, its colors, and price <a href=\"https:\/\/fashiongold.lt\/en\/sapphire-the-stone-of-wisdom-peace-and-loyalty-in-jewelry\/\">here<\/a>.<\/p>\n<p data-start=\"687\" data-end=\"1206\">When designing a sapphire eternity ring, the jeweler first evaluates the sapphire&#8217;s properties \u2013 its clarity, color intensity, and shade, which can range from white, light blue to deep, dark blue or black. The entire design is created specifically for the particular sapphire stone: setting height, sapphire arrangement, ring width, and shape. Each ring and other jewelry pieces require extremely meticulous and professional work to achieve the perfect balance between aesthetics, comfort, and durability.<\/p>\n<p data-start=\"1208\" data-end=\"1312\">The sapphire half-eternity ring is made to individual order, so we can customize:<\/p>\n<ul>\n<li>any <a href=\"https:\/\/fashiongold.lt\/en\/patarimai-en\/gold-color-what-is-worth-knowing-about-different-shades-and-their-properties\/\" target=\"_self\" rel=\"noopener noreferrer\">gold color<\/a> (white, yellow, or rose),<\/li>\n<li><a href=\"https:\/\/fashiongold.lt\/en\/patarimai-en\/gold-purity-for-jewelry-how-to-choose-the-right-one\/\" target=\"_self\" rel=\"noopener noreferrer\">desired gold fineness 585 or 750<\/a>,<\/li>\n<li>different size and arrangement of aquamarines,<\/li>\n<li data-start=\"1302\" data-end=\"1414\">\n<p data-start=\"1304\" data-end=\"1414\">individual sapphire shade \u2013 from soft to rich color.<\/p>\n<\/li>\n<\/ul>\n<p data-start=\"1552\" data-end=\"1690\">When choosing a sapphire eternity ring based on an individual project, the most important thing is what matches your personality, style, and needs.<\/p>\n<p data-start=\"1692\" data-end=\"1931\">This model features a classic design that subtly emphasizes the sapphire&#8217;s brilliance and gives the ring extra luxury and exclusivity. The sapphires elegantly enhance the play of light, and the gemstone itself becomes a talisman.<\/p>\n<p data-start=\"1933\" data-end=\"2044\">All sapphire rings<span style=\"font-size: 16px;\"> and <\/span><a style=\"font-size: 16px; background-color: #ffffff;\" href=\"https:\/\/fashiongold.lt\/kategorija\/proginiai-auskarai\/\" target=\"_self\" rel=\"noopener noreferrer\">other jewelry<\/a><span style=\"font-size: 16px;\"> are made in Lithuania and carry Lithuanian Assay Office certificates.<\/span><\/p>\n<p>This is <a href=\"https:\/\/fashiongold.lt\/en\/patarimai-en\/jeweler-when-your-dream-takes-the-form-of-gold\/\" target=\"_self\" rel=\"noopener noreferrer\">jewelry production according to an individual project<\/a>, designed for those looking for more than just a ring, but a personal story created from gold and sapphire. Each such sapphire ring is unique, tailored specifically for you and your chosen gemstone. Rings hold special symbolic meaning \u2013 they are symbols of love and commitment, and individual design allows your personal story to be revealed.<\/p>\n<h4>Our Services<\/h4>\n<p>We offer <a href=\"https:\/\/fashiongold.lt\/en\/kategorija\/jewelry-manufacturing\/\" target=\"_self\" rel=\"noopener noreferrer\">individual design, where each piece of jewelry is created according to your ideas and vision<\/a>. We also perform restoration so that your precious jewelry can shine like new again. Every one of our creations is not just jewelry, but a reflection of your personality. Each piece of our work is proof that quality and creativity can go hand in hand.<\/p>\n<h4>Openness and Warranty<\/h4>\n<p>Our approach is openness and sincere communication with every client. From the first consultation to the final pick-up of the jewelry, we are by your side to help with any questions. We provide a 5-year quality warranty for all our products, so you can be sure of their reliability and durability. Our warranty covers all aspects of manufacturing quality, so you can enjoy your jewelry worry-free for many years. We ensure that every one of our clients feels confident and knows that our jewelry is worthy of trust.<\/p>\n<h4>Orders and Consultations<\/h4>\n<p>If you would like to order a custom piece of jewelry or consult about your ideas, our team is always ready to help. During the consultation, we discuss your vision and preferences and suggest the best solutions to manufacture jewelry that meets your expectations. We give special attention to every order, allowing us to offer individual solutions for both engagement rings and other jewelry. Jewelry production usually takes about 5 weeks, but we always strive to have your jewelry ready as quickly as possible. Contact us \u2013 together we will create jewelry that becomes a part of your story.<\/p>\n","protected":false},"excerpt":{"rendered":"<p>AI Jeweler: Green Sapphire Half-Eternity Ring with Seven Stones \u2013 Custom Design Production This green sapphire half-eternity ring is an [&hellip;]<\/p>\n","protected":false},"featured_media":266127,"template":"","meta":{"site-sidebar-layout":"default","site-content-layout":"","ast-site-content-layout":"default","site-content-style":"default","site-sidebar-style":"default","ast-global-header-display":"","ast-banner-title-visibility":"","ast-main-header-display":"","ast-hfb-above-header-display":"","ast-hfb-below-header-display":"","ast-hfb-mobile-header-display":"","site-post-title":"","ast-breadcrumbs-content":"","ast-featured-img":"","footer-sml-layout":"","ast-disable-related-posts":"","theme-transparent-header-meta":"default","adv-header-id-meta":"","stick-header-meta":"","header-above-stick-meta":"","header-main-stick-meta":"","header-below-stick-meta":"","astra-migrate-meta-layouts":"default","ast-page-background-enabled":"default","ast-page-background-meta":{"desktop":{"background-color":"var(--ast-global-color-4)","background-image":"","background-repeat":"repeat","background-position":"center center","background-size":"auto","background-attachment":"scroll","background-type":"","background-media":"","overlay-type":"","overlay-color":"","overlay-opacity":"","overlay-gradient":""},"tablet":{"background-color":"","background-image":"","background-repeat":"repeat","background-position":"center center","background-size":"auto","background-attachment":"scroll","background-type":"","background-media":"","overlay-type":"","overlay-color":"","overlay-opacity":"","overlay-gradient":""},"mobile":{"background-color":"","background-image":"","background-repeat":"repeat","background-position":"center center","background-size":"auto","background-attachment":"scroll","background-type":"","background-media":"","overlay-type":"","overlay-color":"","overlay-opacity":"","overlay-gradient":""}},"ast-content-background-meta":{"desktop":{"background-color":"var(--ast-global-color-5)","background-image":"","background-repeat":"repeat","background-position":"center center","background-size":"auto","background-attachment":"scroll","background-type":"","background-media":"","overlay-type":"","overlay-color":"","overlay-opacity":"","overlay-gradient":""},"tablet":{"background-color":"var(--ast-global-color-5)","background-image":"","background-repeat":"repeat","background-position":"center center","background-size":"auto","background-attachment":"scroll","background-type":"","background-media":"","overlay-type":"","overlay-color":"","overlay-opacity":"","overlay-gradient":""},"mobile":{"background-color":"var(--ast-global-color-5)","background-image":"","background-repeat":"repeat","background-position":"center center","background-size":"auto","background-attachment":"scroll","background-type":"","background-media":"","overlay-type":"","overlay-color":"","overlay-opacity":"","overlay-gradient":""}}},"product_brand":[],"product_cat":[2912,2883,2888,2898,2896,2910,2905,2887,2891,2885,2884,2890,2897,2902,2904,2901,2909,2908,2903,2892,2900,2906,2907,2911,2893,2886,2895,2889,2899,2894],"product_tag":[],"class_list":{"0":"post-271522","1":"product","2":"type-product","3":"status-publish","4":"has-post-thumbnail","6":"product_cat-band-ring-with-gemstones","7":"product_cat-birthday-gifts","8":"product_cat-christmas-gifts","9":"product_cat-diamond-bands-for-men","10":"product_cat-diamond-strips","11":"product_cat-gemstone-rings","12":"product_cat-gift-ideas","13":"product_cat-gifts-for-men","14":"product_cat-gifts-for-special-occasions","15":"product_cat-gifts-for-the-birth-of-a-child","16":"product_cat-gifts-for-women","17":"product_cat-graduation-gifts","18":"product_cat-halfway-diamond-bands","19":"product_cat-jeweler","20":"product_cat-jewelry-for-women","21":"product_cat-jewelry-manufacturing","22":"product_cat-jewelry-with-blue-gemstones","23":"product_cat-jewelry-with-semi-precious-stones","24":"product_cat-mens-jewelry","25":"product_cat-mothers-day-gifts","26":"product_cat-rose-gold-diamond-bands","27":"product_cat-sapphire-jewelry-with-sapphires","28":"product_cat-sapphire-engagement-ring","29":"product_cat-sapphire-rings","30":"product_cat-valentines-day-gifts","31":"product_cat-wedding-anniversary-gifts","32":"product_cat-white-gold-diamond-bands","33":"product_cat-white-gold-jewelry","34":"product_cat-yellow-gold-diamond-bands","35":"product_cat-yellow-gold-jewelry","36":"desktop-align-center","37":"tablet-align-left","38":"mobile-align-left","39":"ast-product-gallery-layout-horizontal-slider","40":"ast-product-tabs-layout-accordion","41":"ast-qv-on-image","43":"first","44":"onbackorder","45":"taxable","46":"shipping-taxable","47":"purchasable","48":"product-type-simple"},"yoast_head":"<!-- This site is optimized with the Yoast SEO plugin v26.6 - https:\/\/yoast.com\/wordpress\/plugins\/seo\/ -->\n<title>Jeweler: band ring with 7 green sapphires<\/title>\n<meta name=\"description\" content=\"Jeweler: half-eternity ring with green sapphires, custom-made, white, yellow, rose gold and timeless elegance.\" \/>\n<meta name=\"robots\" content=\"index, follow, max-snippet:-1, max-image-preview:large, max-video-preview:-1\" \/>\n<link rel=\"canonical\" href=\"https:\/\/fashiongold.lt\/en\/papuosalas\/sapphire-band-ring-with-7-green-sapphires-ai-jeweler\/\" \/>\n<meta property=\"og:locale\" content=\"en_US\" \/>\n<meta property=\"og:type\" content=\"article\" \/>\n<meta property=\"og:title\" content=\"Jeweler: band ring with 7 green sapphires\" \/>\n<meta property=\"og:description\" content=\"Jeweler: half-eternity ring with green sapphires, custom-made, white, yellow, rose gold and timeless elegance.\" \/>\n<meta property=\"og:url\" content=\"https:\/\/fashiongold.lt\/en\/papuosalas\/sapphire-band-ring-with-7-green-sapphires-ai-jeweler\/\" \/>\n<meta property=\"og:site_name\" content=\"Topdiamonds Online\" \/>\n<meta property=\"og:image\" content=\"https:\/\/fashiongold.lt\/wp-content\/uploads\/2025\/12\/Ziedas-juostele-su-7-zalios-spalvos-safyrais-raudonas-auksas.webp\" \/>\n\t<meta property=\"og:image:width\" content=\"1536\" \/>\n\t<meta property=\"og:image:height\" content=\"1024\" \/>\n\t<meta property=\"og:image:type\" content=\"image\/png\" \/>\n<meta name=\"twitter:card\" content=\"summary_large_image\" \/>\n<meta name=\"twitter:label1\" content=\"Est. reading time\" \/>\n\t<meta name=\"twitter:data1\" content=\"3 minutes\" \/>\n<script type=\"application\/ld+json\" class=\"yoast-schema-graph\">{\"@context\":\"https:\/\/schema.org\",\"@graph\":[{\"@type\":\"WebPage\",\"@id\":\"https:\/\/fashiongold.lt\/en\/papuosalas\/sapphire-band-ring-with-7-green-sapphires-ai-jeweler\/\",\"url\":\"https:\/\/fashiongold.lt\/en\/papuosalas\/sapphire-band-ring-with-7-green-sapphires-ai-jeweler\/\",\"name\":\"Jeweler: band ring with 7 green sapphires\",\"isPartOf\":{\"@id\":\"https:\/\/fashiongold.lt\/en\/#website\"},\"primaryImageOfPage\":{\"@id\":\"https:\/\/fashiongold.lt\/en\/papuosalas\/sapphire-band-ring-with-7-green-sapphires-ai-jeweler\/#primaryimage\"},\"image\":{\"@id\":\"https:\/\/fashiongold.lt\/en\/papuosalas\/sapphire-band-ring-with-7-green-sapphires-ai-jeweler\/#primaryimage\"},\"thumbnailUrl\":\"https:\/\/fashiongold.lt\/wp-content\/uploads\/2025\/12\/Ziedas-juostele-su-7-zalios-spalvos-safyrais-raudonas-auksas.png\",\"datePublished\":\"2025-12-28T20:07:25+00:00\",\"description\":\"Jeweler: half-eternity ring with green sapphires, custom-made, white, yellow, rose gold and timeless elegance.\",\"breadcrumb\":{\"@id\":\"https:\/\/fashiongold.lt\/en\/papuosalas\/sapphire-band-ring-with-7-green-sapphires-ai-jeweler\/#breadcrumb\"},\"inLanguage\":\"en-US\",\"potentialAction\":[{\"@type\":\"ReadAction\",\"target\":[\"https:\/\/fashiongold.lt\/en\/papuosalas\/sapphire-band-ring-with-7-green-sapphires-ai-jeweler\/\"]}]},{\"@type\":\"ImageObject\",\"inLanguage\":\"en-US\",\"@id\":\"https:\/\/fashiongold.lt\/en\/papuosalas\/sapphire-band-ring-with-7-green-sapphires-ai-jeweler\/#primaryimage\",\"url\":\"https:\/\/fashiongold.lt\/wp-content\/uploads\/2025\/12\/Ziedas-juostele-su-7-zalios-spalvos-safyrais-raudonas-auksas.png\",\"contentUrl\":\"https:\/\/fashiongold.lt\/wp-content\/uploads\/2025\/12\/Ziedas-juostele-su-7-zalios-spalvos-safyrais-raudonas-auksas.png\",\"width\":1536,\"height\":1024,\"caption\":\"\u017diedas juostel\u0117 su 7 \u017ealios spalvos safyrais raudonas auksas\"},{\"@type\":\"BreadcrumbList\",\"@id\":\"https:\/\/fashiongold.lt\/en\/papuosalas\/sapphire-band-ring-with-7-green-sapphires-ai-jeweler\/#breadcrumb\",\"itemListElement\":[{\"@type\":\"ListItem\",\"position\":1,\"name\":\"Home\",\"item\":\"https:\/\/fashiongold.lt\/en\/\"},{\"@type\":\"ListItem\",\"position\":2,\"name\":\"Diamond store Fashiongold.lt\",\"item\":\"https:\/\/fashiongold.lt\/shop-2\/\"},{\"@type\":\"ListItem\",\"position\":3,\"name\":\"Sapphire &#8211; Band ring with 7 green sapphires. AI Jeweler\"}]},{\"@type\":\"WebSite\",\"@id\":\"https:\/\/fashiongold.lt\/en\/#website\",\"url\":\"https:\/\/fashiongold.lt\/en\/\",\"name\":\"Fashion Gold\",\"description\":\"Juvelyrikos namai\",\"publisher\":{\"@id\":\"https:\/\/fashiongold.lt\/en\/#organization\"},\"potentialAction\":[{\"@type\":\"SearchAction\",\"target\":{\"@type\":\"EntryPoint\",\"urlTemplate\":\"https:\/\/fashiongold.lt\/en\/?s={search_term_string}\"},\"query-input\":{\"@type\":\"PropertyValueSpecification\",\"valueRequired\":true,\"valueName\":\"search_term_string\"}}],\"inLanguage\":\"en-US\"},{\"@type\":\"Organization\",\"@id\":\"https:\/\/fashiongold.lt\/en\/#organization\",\"name\":\"Topdiamonds Online\",\"url\":\"https:\/\/fashiongold.lt\/en\/\",\"logo\":{\"@type\":\"ImageObject\",\"inLanguage\":\"en-US\",\"@id\":\"https:\/\/fashiongold.lt\/en\/#\/schema\/logo\/image\/\",\"url\":\"https:\/\/fashiongold.lt\/wp-content\/uploads\/2025\/04\/cropped-fashion_gold_logotipas2-scaled-1.png\",\"contentUrl\":\"https:\/\/fashiongold.lt\/wp-content\/uploads\/2025\/04\/cropped-fashion_gold_logotipas2-scaled-1.png\",\"width\":2559,\"height\":421,\"caption\":\"Topdiamonds Online\"},\"image\":{\"@id\":\"https:\/\/fashiongold.lt\/en\/#\/schema\/logo\/image\/\"}}]}<\/script>\n<!-- \/ Yoast SEO plugin. -->","yoast_head_json":{"title":"Jeweler: band ring with 7 green sapphires","description":"Jeweler: half-eternity ring with green sapphires, custom-made, white, yellow, rose gold and timeless elegance.","robots":{"index":"index","follow":"follow","max-snippet":"max-snippet:-1","max-image-preview":"max-image-preview:large","max-video-preview":"max-video-preview:-1"},"canonical":"https:\/\/fashiongold.lt\/en\/papuosalas\/sapphire-band-ring-with-7-green-sapphires-ai-jeweler\/","og_locale":"en_US","og_type":"article","og_title":"Jeweler: band ring with 7 green sapphires","og_description":"Jeweler: half-eternity ring with green sapphires, custom-made, white, yellow, rose gold and timeless elegance.","og_url":"https:\/\/fashiongold.lt\/en\/papuosalas\/sapphire-band-ring-with-7-green-sapphires-ai-jeweler\/","og_site_name":"Topdiamonds Online","og_image":[{"width":1536,"height":1024,"url":"https:\/\/fashiongold.lt\/wp-content\/uploads\/2025\/12\/Ziedas-juostele-su-7-zalios-spalvos-safyrais-raudonas-auksas.webp","type":"image\/png"}],"twitter_card":"summary_large_image","twitter_misc":{"Est. reading time":"3 minutes"},"schema":{"@context":"https:\/\/schema.org","@graph":[{"@type":"WebPage","@id":"https:\/\/fashiongold.lt\/en\/papuosalas\/sapphire-band-ring-with-7-green-sapphires-ai-jeweler\/","url":"https:\/\/fashiongold.lt\/en\/papuosalas\/sapphire-band-ring-with-7-green-sapphires-ai-jeweler\/","name":"Jeweler: band ring with 7 green sapphires","isPartOf":{"@id":"https:\/\/fashiongold.lt\/en\/#website"},"primaryImageOfPage":{"@id":"https:\/\/fashiongold.lt\/en\/papuosalas\/sapphire-band-ring-with-7-green-sapphires-ai-jeweler\/#primaryimage"},"image":{"@id":"https:\/\/fashiongold.lt\/en\/papuosalas\/sapphire-band-ring-with-7-green-sapphires-ai-jeweler\/#primaryimage"},"thumbnailUrl":"https:\/\/fashiongold.lt\/wp-content\/uploads\/2025\/12\/Ziedas-juostele-su-7-zalios-spalvos-safyrais-raudonas-auksas.png","datePublished":"2025-12-28T20:07:25+00:00","description":"Jeweler: half-eternity ring with green sapphires, custom-made, white, yellow, rose gold and timeless elegance.","breadcrumb":{"@id":"https:\/\/fashiongold.lt\/en\/papuosalas\/sapphire-band-ring-with-7-green-sapphires-ai-jeweler\/#breadcrumb"},"inLanguage":"en-US","potentialAction":[{"@type":"ReadAction","target":["https:\/\/fashiongold.lt\/en\/papuosalas\/sapphire-band-ring-with-7-green-sapphires-ai-jeweler\/"]}]},{"@type":"ImageObject","inLanguage":"en-US","@id":"https:\/\/fashiongold.lt\/en\/papuosalas\/sapphire-band-ring-with-7-green-sapphires-ai-jeweler\/#primaryimage","url":"https:\/\/fashiongold.lt\/wp-content\/uploads\/2025\/12\/Ziedas-juostele-su-7-zalios-spalvos-safyrais-raudonas-auksas.png","contentUrl":"https:\/\/fashiongold.lt\/wp-content\/uploads\/2025\/12\/Ziedas-juostele-su-7-zalios-spalvos-safyrais-raudonas-auksas.png","width":1536,"height":1024,"caption":"\u017diedas juostel\u0117 su 7 \u017ealios spalvos safyrais raudonas auksas"},{"@type":"BreadcrumbList","@id":"https:\/\/fashiongold.lt\/en\/papuosalas\/sapphire-band-ring-with-7-green-sapphires-ai-jeweler\/#breadcrumb","itemListElement":[{"@type":"ListItem","position":1,"name":"Home","item":"https:\/\/fashiongold.lt\/en\/"},{"@type":"ListItem","position":2,"name":"Diamond store Fashiongold.lt","item":"https:\/\/fashiongold.lt\/shop-2\/"},{"@type":"ListItem","position":3,"name":"Sapphire &#8211; Band ring with 7 green sapphires. AI Jeweler"}]},{"@type":"WebSite","@id":"https:\/\/fashiongold.lt\/en\/#website","url":"https:\/\/fashiongold.lt\/en\/","name":"Fashion Gold","description":"Juvelyrikos namai","publisher":{"@id":"https:\/\/fashiongold.lt\/en\/#organization"},"potentialAction":[{"@type":"SearchAction","target":{"@type":"EntryPoint","urlTemplate":"https:\/\/fashiongold.lt\/en\/?s={search_term_string}"},"query-input":{"@type":"PropertyValueSpecification","valueRequired":true,"valueName":"search_term_string"}}],"inLanguage":"en-US"},{"@type":"Organization","@id":"https:\/\/fashiongold.lt\/en\/#organization","name":"Topdiamonds Online","url":"https:\/\/fashiongold.lt\/en\/","logo":{"@type":"ImageObject","inLanguage":"en-US","@id":"https:\/\/fashiongold.lt\/en\/#\/schema\/logo\/image\/","url":"https:\/\/fashiongold.lt\/wp-content\/uploads\/2025\/04\/cropped-fashion_gold_logotipas2-scaled-1.png","contentUrl":"https:\/\/fashiongold.lt\/wp-content\/uploads\/2025\/04\/cropped-fashion_gold_logotipas2-scaled-1.png","width":2559,"height":421,"caption":"Topdiamonds Online"},"image":{"@id":"https:\/\/fashiongold.lt\/en\/#\/schema\/logo\/image\/"}}]}},"_links":{"self":[{"href":"https:\/\/fashiongold.lt\/en\/wp-json\/wp\/v2\/product\/271522","targetHints":{"allow":["GET"]}}],"collection":[{"href":"https:\/\/fashiongold.lt\/en\/wp-json\/wp\/v2\/product"}],"about":[{"href":"https:\/\/fashiongold.lt\/en\/wp-json\/wp\/v2\/types\/product"}],"version-history":[{"count":0,"href":"https:\/\/fashiongold.lt\/en\/wp-json\/wp\/v2\/product\/271522\/revisions"}],"wp:featuredmedia":[{"embeddable":true,"href":"https:\/\/fashiongold.lt\/en\/wp-json\/wp\/v2\/media\/266127"}],"wp:attachment":[{"href":"https:\/\/fashiongold.lt\/en\/wp-json\/wp\/v2\/media?parent=271522"}],"wp:term":[{"taxonomy":"product_brand","embeddable":true,"href":"https:\/\/fashiongold.lt\/en\/wp-json\/wp\/v2\/product_brand?post=271522"},{"taxonomy":"product_cat","embeddable":true,"href":"https:\/\/fashiongold.lt\/en\/wp-json\/wp\/v2\/product_cat?post=271522"},{"taxonomy":"product_tag","embeddable":true,"href":"https:\/\/fashiongold.lt\/en\/wp-json\/wp\/v2\/product_tag?post=271522"}],"curies":[{"name":"wp","href":"https:\/\/api.w.org\/{rel}","templated":true}]}}