{"id":272104,"date":"2025-12-28T08:43:34","date_gmt":"2025-12-28T08:43:34","guid":{"rendered":"https:\/\/fashiongold.lt\/papuosalas\/tourmalines-band-ring-with-tourmalines-ai-jeweller\/"},"modified":"2026-02-05T18:20:21","modified_gmt":"2026-02-05T18:20:21","slug":"tourmalines-band-ring-with-tourmalines-ai-jeweller","status":"publish","type":"product","link":"https:\/\/fashiongold.lt\/en\/papuosalas\/tourmalines-band-ring-with-tourmalines-ai-jeweller\/","title":{"rendered":"Tourmalines &#8211; Band ring with tourmalines. AI Jeweller"},"content":{"rendered":"<h2 data-start=\"295\" data-end=\"371\">AI Jeweler: <strong data-start=\"252\" data-end=\"312\">Tourmaline Band Ring \u2013 Production According to an Individual Project<\/strong><\/h2>\n<p data-start=\"314\" data-end=\"912\">This tourmaline band ring is an individual project created and produced by a jeweler, where every detail is considered with the chosen gemstone in mind \u2013 tourmaline, known for its clarity and variety of green shades. This is not a mass-produced item, but authentic jewelry manufacturing that starts from an idea and finishes with a handcrafted, unique ring. The jeweler creates not only rings but also earrings and other jewelry pieces according to individual orders, emphasizing their quality and exclusivity. You can learn more about tourmaline, its colors, and price <a href=\"https:\/\/fashiongold.lt\/en\/tourmaline-a-mysterious-multi-colored-gemstone\/\">here<\/a>.<\/p>\n<p data-start=\"914\" data-end=\"1454\">When designing a tourmaline band ring, the jeweler first evaluates the properties of the tourmaline \u2013 its clarity, color intensity, and shade, which can vary from soft green to rich, dark green. The entire design is created based on the specific tourmaline stone: the crown height, the arrangement of tourmalines, the width, and the shape of the ring. Every ring and other piece of jewelry requires extremely meticulous and professional work, allowing for the achievement of a perfect balance between aesthetics, comfort, and durability.<\/p>\n<p data-start=\"1456\" data-end=\"1567\">The tourmaline half-band ring is custom-made, so we can adapt:<\/p>\n<ul>\n<li>any <a href=\"https:\/\/fashiongold.lt\/en\/patarimai-en\/gold-color-what-is-worth-knowing-about-different-shades-and-their-properties\/\" target=\"_self\" rel=\"noopener noreferrer\">gold color<\/a> (white, yellow, or rose),<\/li>\n<li><a href=\"https:\/\/fashiongold.lt\/en\/patarimai-en\/gold-purity-for-jewelry-how-to-choose-the-right-one\/\" target=\"_self\" rel=\"noopener noreferrer\">the desired gold fineness of 585 or 750<\/a>,<\/li>\n<li>different size and arrangement of aquamarines,<\/li>\n<li data-start=\"1302\" data-end=\"1414\">\n<p data-start=\"1304\" data-end=\"1414\">individual tourmaline shade \u2013 from soft green to rich, dark green.<\/p>\n<\/li>\n<\/ul>\n<p data-start=\"1416\" data-end=\"1550\">When choosing a tourmaline band ring according to an individual project, the most important thing is what matches your personality, style, and needs.<\/p>\n<p data-start=\"1552\" data-end=\"1974\">In this model, a classic design was chosen, which subtly highlights the brilliance of the tourmaline and provides the ring with additional luxury and exclusivity. The tourmalines elegantly enhance the play of light, and the gemstone itself becomes a talisman.<\/p>\n<p>All tourmaline rings and <a href=\"https:\/\/fashiongold.lt\/en\/kategorija\/occasion-earrings\/\" target=\"_self\" rel=\"noopener noreferrer\">other jewelry<\/a> are made in Lithuania and have certificates from the Lithuanian Hallmarking Office.<\/p>\n<p>This is <a href=\"https:\/\/fashiongold.lt\/en\/patarimai-en\/jeweler-when-your-dream-takes-the-form-of-gold\/\" target=\"_self\" rel=\"noopener noreferrer\">jeweler production according to an individual project<\/a>, intended for those looking for not just a ring, but a personal story created from gold and tourmaline. Each such tourmaline ring is one-of-a-kind, tailored specifically for you and your chosen gemstone. Rings have a special symbolic meaning \u2013 they are symbols of love and commitment, and a custom design allows your personal story to be revealed.<\/p>\n<h4>Our Services<\/h4>\n<p>We offer <a href=\"https:\/\/fashiongold.lt\/en\/kategorija\/jewelry-manufacturing\/\" target=\"_self\" rel=\"noopener noreferrer\">individual design, where each piece of jewelry is created according to your ideas and vision<\/a>. We also perform restoration so that your precious jewelry can shine like new again. Each of our creations is not just jewelry, but a reflection of your personality. Each of our works is proof that quality and creativity can go hand in hand.<\/p>\n<h4>Openness and Warranty<\/h4>\n<p>Our approach is openness and sincere communication with every client. From the first consultation to the final collection of the jewelry, we are here to help you with all questions. We provide a 5-year quality warranty for all our products, so you can be sure of their reliability and durability. Our warranty covers all aspects of manufacturing quality, so you can enjoy your jewelry worry-free for many years. We care that every one of our clients feels confident and knows that our jewelry is worthy of trust.<\/p>\n<h4>Orders and Consultations<\/h4>\n<p>If you want to order a custom piece of jewelry or consult about your ideas, our team is always ready to help you. During the consultation, we discuss your vision, preferences, and offer the best solutions so we can manufacture jewelry that meets your expectations. We give special attention to every order, which allows us to offer individual solutions for both engagement rings and other jewelry. Jewelry production usually takes about 5 weeks, but we always strive to have your jewelry made as quickly as possible. Contact us \u2013 together we will create jewelry that will become part of your story.<\/p>\n","protected":false},"excerpt":{"rendered":"<p>AI Jeweler: Tourmaline Band Ring \u2013 Production According to an Individual Project This tourmaline band ring is an individual project [&hellip;]<\/p>\n","protected":false},"featured_media":265613,"template":"","meta":{"site-sidebar-layout":"default","site-content-layout":"","ast-site-content-layout":"default","site-content-style":"default","site-sidebar-style":"default","ast-global-header-display":"","ast-banner-title-visibility":"","ast-main-header-display":"","ast-hfb-above-header-display":"","ast-hfb-below-header-display":"","ast-hfb-mobile-header-display":"","site-post-title":"","ast-breadcrumbs-content":"","ast-featured-img":"","footer-sml-layout":"","ast-disable-related-posts":"","theme-transparent-header-meta":"default","adv-header-id-meta":"","stick-header-meta":"","header-above-stick-meta":"","header-main-stick-meta":"","header-below-stick-meta":"","astra-migrate-meta-layouts":"default","ast-page-background-enabled":"default","ast-page-background-meta":{"desktop":{"background-color":"var(--ast-global-color-4)","background-image":"","background-repeat":"repeat","background-position":"center center","background-size":"auto","background-attachment":"scroll","background-type":"","background-media":"","overlay-type":"","overlay-color":"","overlay-opacity":"","overlay-gradient":""},"tablet":{"background-color":"","background-image":"","background-repeat":"repeat","background-position":"center center","background-size":"auto","background-attachment":"scroll","background-type":"","background-media":"","overlay-type":"","overlay-color":"","overlay-opacity":"","overlay-gradient":""},"mobile":{"background-color":"","background-image":"","background-repeat":"repeat","background-position":"center center","background-size":"auto","background-attachment":"scroll","background-type":"","background-media":"","overlay-type":"","overlay-color":"","overlay-opacity":"","overlay-gradient":""}},"ast-content-background-meta":{"desktop":{"background-color":"var(--ast-global-color-5)","background-image":"","background-repeat":"repeat","background-position":"center center","background-size":"auto","background-attachment":"scroll","background-type":"","background-media":"","overlay-type":"","overlay-color":"","overlay-opacity":"","overlay-gradient":""},"tablet":{"background-color":"var(--ast-global-color-5)","background-image":"","background-repeat":"repeat","background-position":"center center","background-size":"auto","background-attachment":"scroll","background-type":"","background-media":"","overlay-type":"","overlay-color":"","overlay-opacity":"","overlay-gradient":""},"mobile":{"background-color":"var(--ast-global-color-5)","background-image":"","background-repeat":"repeat","background-position":"center center","background-size":"auto","background-attachment":"scroll","background-type":"","background-media":"","overlay-type":"","overlay-color":"","overlay-opacity":"","overlay-gradient":""}}},"product_brand":[],"product_cat":[2912,2883,2888,3045,2898,2896,2910,2887,2891,2885,2884,2890,2902,2901,2908,2892,2961,2893,2886,2895,2899,2894],"product_tag":[],"class_list":{"0":"post-272104","1":"product","2":"type-product","3":"status-publish","4":"has-post-thumbnail","6":"product_cat-band-ring-with-gemstones","7":"product_cat-birthday-gifts","8":"product_cat-christmas-gifts","9":"product_cat-diamond-band-around-the-entire-ring","10":"product_cat-diamond-bands-for-men","11":"product_cat-diamond-strips","12":"product_cat-gemstone-rings","13":"product_cat-gifts-for-men","14":"product_cat-gifts-for-special-occasions","15":"product_cat-gifts-for-the-birth-of-a-child","16":"product_cat-gifts-for-women","17":"product_cat-graduation-gifts","18":"product_cat-jeweler","19":"product_cat-jewelry-manufacturing","20":"product_cat-jewelry-with-semi-precious-stones","21":"product_cat-mothers-day-gifts","22":"product_cat-rose-gold-jewelry","23":"product_cat-valentines-day-gifts","24":"product_cat-wedding-anniversary-gifts","25":"product_cat-white-gold-diamond-bands","26":"product_cat-yellow-gold-diamond-bands","27":"product_cat-yellow-gold-jewelry","28":"desktop-align-center","29":"tablet-align-left","30":"mobile-align-left","31":"ast-product-gallery-layout-horizontal-slider","32":"ast-product-tabs-layout-accordion","33":"ast-qv-on-image","35":"first","36":"onbackorder","37":"taxable","38":"shipping-taxable","39":"purchasable","40":"product-type-simple"},"yoast_head":"<!-- This site is optimized with the Yoast SEO plugin v26.6 - https:\/\/yoast.com\/wordpress\/plugins\/seo\/ -->\n<title>Jeweler: band ring with tourmalines<\/title>\n<meta name=\"description\" content=\"Tourmaline band ring \u2013 subtle light blue shades, bespoke jewelry craftsmanship, and timeless elegance\" \/>\n<meta name=\"robots\" content=\"index, follow, max-snippet:-1, max-image-preview:large, max-video-preview:-1\" \/>\n<link rel=\"canonical\" href=\"https:\/\/fashiongold.lt\/en\/papuosalas\/tourmalines-band-ring-with-tourmalines-ai-jeweller\/\" \/>\n<meta property=\"og:locale\" content=\"en_US\" \/>\n<meta property=\"og:type\" content=\"article\" \/>\n<meta property=\"og:title\" content=\"Jeweler: band ring with tourmalines\" \/>\n<meta property=\"og:description\" content=\"Tourmaline band ring \u2013 subtle light blue shades, bespoke jewelry craftsmanship, and timeless elegance\" \/>\n<meta property=\"og:url\" content=\"https:\/\/fashiongold.lt\/en\/papuosalas\/tourmalines-band-ring-with-tourmalines-ai-jeweller\/\" \/>\n<meta property=\"og:site_name\" content=\"Topdiamonds Online\" \/>\n<meta property=\"article:modified_time\" content=\"2026-02-05T18:20:21+00:00\" \/>\n<meta property=\"og:image\" content=\"https:\/\/fashiongold.lt\/wp-content\/uploads\/2025\/12\/Ziedas-juostele-tik-su-zaliais-turmalinais-raudonam-aukse.webp\" \/>\n\t<meta property=\"og:image:width\" content=\"1536\" \/>\n\t<meta property=\"og:image:height\" content=\"1024\" \/>\n\t<meta property=\"og:image:type\" content=\"image\/png\" \/>\n<meta name=\"twitter:card\" content=\"summary_large_image\" \/>\n<meta name=\"twitter:label1\" content=\"Est. reading time\" \/>\n\t<meta name=\"twitter:data1\" content=\"3 minutes\" \/>\n<script type=\"application\/ld+json\" class=\"yoast-schema-graph\">{\"@context\":\"https:\/\/schema.org\",\"@graph\":[{\"@type\":\"WebPage\",\"@id\":\"https:\/\/fashiongold.lt\/en\/papuosalas\/tourmalines-band-ring-with-tourmalines-ai-jeweller\/\",\"url\":\"https:\/\/fashiongold.lt\/en\/papuosalas\/tourmalines-band-ring-with-tourmalines-ai-jeweller\/\",\"name\":\"Jeweler: band ring with tourmalines\",\"isPartOf\":{\"@id\":\"https:\/\/fashiongold.lt\/en\/#website\"},\"primaryImageOfPage\":{\"@id\":\"https:\/\/fashiongold.lt\/en\/papuosalas\/tourmalines-band-ring-with-tourmalines-ai-jeweller\/#primaryimage\"},\"image\":{\"@id\":\"https:\/\/fashiongold.lt\/en\/papuosalas\/tourmalines-band-ring-with-tourmalines-ai-jeweller\/#primaryimage\"},\"thumbnailUrl\":\"https:\/\/fashiongold.lt\/wp-content\/uploads\/2025\/12\/Ziedas-juostele-tik-su-zaliais-turmalinais-raudonam-aukse.png\",\"datePublished\":\"2025-12-28T08:43:34+00:00\",\"dateModified\":\"2026-02-05T18:20:21+00:00\",\"description\":\"Tourmaline band ring \u2013 subtle light blue shades, bespoke jewelry craftsmanship, and timeless elegance\",\"breadcrumb\":{\"@id\":\"https:\/\/fashiongold.lt\/en\/papuosalas\/tourmalines-band-ring-with-tourmalines-ai-jeweller\/#breadcrumb\"},\"inLanguage\":\"en-US\",\"potentialAction\":[{\"@type\":\"ReadAction\",\"target\":[\"https:\/\/fashiongold.lt\/en\/papuosalas\/tourmalines-band-ring-with-tourmalines-ai-jeweller\/\"]}]},{\"@type\":\"ImageObject\",\"inLanguage\":\"en-US\",\"@id\":\"https:\/\/fashiongold.lt\/en\/papuosalas\/tourmalines-band-ring-with-tourmalines-ai-jeweller\/#primaryimage\",\"url\":\"https:\/\/fashiongold.lt\/wp-content\/uploads\/2025\/12\/Ziedas-juostele-tik-su-zaliais-turmalinais-raudonam-aukse.png\",\"contentUrl\":\"https:\/\/fashiongold.lt\/wp-content\/uploads\/2025\/12\/Ziedas-juostele-tik-su-zaliais-turmalinais-raudonam-aukse.png\",\"width\":1536,\"height\":1024,\"caption\":\"\u017diedas juostel\u0117 tik su \u017ealiais turmalinais raudonam aukse\"},{\"@type\":\"BreadcrumbList\",\"@id\":\"https:\/\/fashiongold.lt\/en\/papuosalas\/tourmalines-band-ring-with-tourmalines-ai-jeweller\/#breadcrumb\",\"itemListElement\":[{\"@type\":\"ListItem\",\"position\":1,\"name\":\"Home\",\"item\":\"https:\/\/fashiongold.lt\/en\/\"},{\"@type\":\"ListItem\",\"position\":2,\"name\":\"Diamond store Fashiongold.lt\",\"item\":\"https:\/\/fashiongold.lt\/shop-2\/\"},{\"@type\":\"ListItem\",\"position\":3,\"name\":\"Tourmalines &#8211; Band ring with tourmalines. AI Jeweller\"}]},{\"@type\":\"WebSite\",\"@id\":\"https:\/\/fashiongold.lt\/en\/#website\",\"url\":\"https:\/\/fashiongold.lt\/en\/\",\"name\":\"Fashion Gold\",\"description\":\"Juvelyrikos namai\",\"publisher\":{\"@id\":\"https:\/\/fashiongold.lt\/en\/#organization\"},\"potentialAction\":[{\"@type\":\"SearchAction\",\"target\":{\"@type\":\"EntryPoint\",\"urlTemplate\":\"https:\/\/fashiongold.lt\/en\/?s={search_term_string}\"},\"query-input\":{\"@type\":\"PropertyValueSpecification\",\"valueRequired\":true,\"valueName\":\"search_term_string\"}}],\"inLanguage\":\"en-US\"},{\"@type\":\"Organization\",\"@id\":\"https:\/\/fashiongold.lt\/en\/#organization\",\"name\":\"Topdiamonds Online\",\"url\":\"https:\/\/fashiongold.lt\/en\/\",\"logo\":{\"@type\":\"ImageObject\",\"inLanguage\":\"en-US\",\"@id\":\"https:\/\/fashiongold.lt\/en\/#\/schema\/logo\/image\/\",\"url\":\"https:\/\/fashiongold.lt\/wp-content\/uploads\/2025\/04\/cropped-fashion_gold_logotipas2-scaled-1.png\",\"contentUrl\":\"https:\/\/fashiongold.lt\/wp-content\/uploads\/2025\/04\/cropped-fashion_gold_logotipas2-scaled-1.png\",\"width\":2559,\"height\":421,\"caption\":\"Topdiamonds Online\"},\"image\":{\"@id\":\"https:\/\/fashiongold.lt\/en\/#\/schema\/logo\/image\/\"}}]}<\/script>\n<!-- \/ Yoast SEO plugin. -->","yoast_head_json":{"title":"Jeweler: band ring with tourmalines","description":"Tourmaline band ring \u2013 subtle light blue shades, bespoke jewelry craftsmanship, and timeless elegance","robots":{"index":"index","follow":"follow","max-snippet":"max-snippet:-1","max-image-preview":"max-image-preview:large","max-video-preview":"max-video-preview:-1"},"canonical":"https:\/\/fashiongold.lt\/en\/papuosalas\/tourmalines-band-ring-with-tourmalines-ai-jeweller\/","og_locale":"en_US","og_type":"article","og_title":"Jeweler: band ring with tourmalines","og_description":"Tourmaline band ring \u2013 subtle light blue shades, bespoke jewelry craftsmanship, and timeless elegance","og_url":"https:\/\/fashiongold.lt\/en\/papuosalas\/tourmalines-band-ring-with-tourmalines-ai-jeweller\/","og_site_name":"Topdiamonds Online","article_modified_time":"2026-02-05T18:20:21+00:00","og_image":[{"width":1536,"height":1024,"url":"https:\/\/fashiongold.lt\/wp-content\/uploads\/2025\/12\/Ziedas-juostele-tik-su-zaliais-turmalinais-raudonam-aukse.webp","type":"image\/png"}],"twitter_card":"summary_large_image","twitter_misc":{"Est. reading time":"3 minutes"},"schema":{"@context":"https:\/\/schema.org","@graph":[{"@type":"WebPage","@id":"https:\/\/fashiongold.lt\/en\/papuosalas\/tourmalines-band-ring-with-tourmalines-ai-jeweller\/","url":"https:\/\/fashiongold.lt\/en\/papuosalas\/tourmalines-band-ring-with-tourmalines-ai-jeweller\/","name":"Jeweler: band ring with tourmalines","isPartOf":{"@id":"https:\/\/fashiongold.lt\/en\/#website"},"primaryImageOfPage":{"@id":"https:\/\/fashiongold.lt\/en\/papuosalas\/tourmalines-band-ring-with-tourmalines-ai-jeweller\/#primaryimage"},"image":{"@id":"https:\/\/fashiongold.lt\/en\/papuosalas\/tourmalines-band-ring-with-tourmalines-ai-jeweller\/#primaryimage"},"thumbnailUrl":"https:\/\/fashiongold.lt\/wp-content\/uploads\/2025\/12\/Ziedas-juostele-tik-su-zaliais-turmalinais-raudonam-aukse.png","datePublished":"2025-12-28T08:43:34+00:00","dateModified":"2026-02-05T18:20:21+00:00","description":"Tourmaline band ring \u2013 subtle light blue shades, bespoke jewelry craftsmanship, and timeless elegance","breadcrumb":{"@id":"https:\/\/fashiongold.lt\/en\/papuosalas\/tourmalines-band-ring-with-tourmalines-ai-jeweller\/#breadcrumb"},"inLanguage":"en-US","potentialAction":[{"@type":"ReadAction","target":["https:\/\/fashiongold.lt\/en\/papuosalas\/tourmalines-band-ring-with-tourmalines-ai-jeweller\/"]}]},{"@type":"ImageObject","inLanguage":"en-US","@id":"https:\/\/fashiongold.lt\/en\/papuosalas\/tourmalines-band-ring-with-tourmalines-ai-jeweller\/#primaryimage","url":"https:\/\/fashiongold.lt\/wp-content\/uploads\/2025\/12\/Ziedas-juostele-tik-su-zaliais-turmalinais-raudonam-aukse.png","contentUrl":"https:\/\/fashiongold.lt\/wp-content\/uploads\/2025\/12\/Ziedas-juostele-tik-su-zaliais-turmalinais-raudonam-aukse.png","width":1536,"height":1024,"caption":"\u017diedas juostel\u0117 tik su \u017ealiais turmalinais raudonam aukse"},{"@type":"BreadcrumbList","@id":"https:\/\/fashiongold.lt\/en\/papuosalas\/tourmalines-band-ring-with-tourmalines-ai-jeweller\/#breadcrumb","itemListElement":[{"@type":"ListItem","position":1,"name":"Home","item":"https:\/\/fashiongold.lt\/en\/"},{"@type":"ListItem","position":2,"name":"Diamond store Fashiongold.lt","item":"https:\/\/fashiongold.lt\/shop-2\/"},{"@type":"ListItem","position":3,"name":"Tourmalines &#8211; Band ring with tourmalines. AI Jeweller"}]},{"@type":"WebSite","@id":"https:\/\/fashiongold.lt\/en\/#website","url":"https:\/\/fashiongold.lt\/en\/","name":"Fashion Gold","description":"Juvelyrikos namai","publisher":{"@id":"https:\/\/fashiongold.lt\/en\/#organization"},"potentialAction":[{"@type":"SearchAction","target":{"@type":"EntryPoint","urlTemplate":"https:\/\/fashiongold.lt\/en\/?s={search_term_string}"},"query-input":{"@type":"PropertyValueSpecification","valueRequired":true,"valueName":"search_term_string"}}],"inLanguage":"en-US"},{"@type":"Organization","@id":"https:\/\/fashiongold.lt\/en\/#organization","name":"Topdiamonds Online","url":"https:\/\/fashiongold.lt\/en\/","logo":{"@type":"ImageObject","inLanguage":"en-US","@id":"https:\/\/fashiongold.lt\/en\/#\/schema\/logo\/image\/","url":"https:\/\/fashiongold.lt\/wp-content\/uploads\/2025\/04\/cropped-fashion_gold_logotipas2-scaled-1.png","contentUrl":"https:\/\/fashiongold.lt\/wp-content\/uploads\/2025\/04\/cropped-fashion_gold_logotipas2-scaled-1.png","width":2559,"height":421,"caption":"Topdiamonds Online"},"image":{"@id":"https:\/\/fashiongold.lt\/en\/#\/schema\/logo\/image\/"}}]}},"_links":{"self":[{"href":"https:\/\/fashiongold.lt\/en\/wp-json\/wp\/v2\/product\/272104","targetHints":{"allow":["GET"]}}],"collection":[{"href":"https:\/\/fashiongold.lt\/en\/wp-json\/wp\/v2\/product"}],"about":[{"href":"https:\/\/fashiongold.lt\/en\/wp-json\/wp\/v2\/types\/product"}],"version-history":[{"count":0,"href":"https:\/\/fashiongold.lt\/en\/wp-json\/wp\/v2\/product\/272104\/revisions"}],"wp:featuredmedia":[{"embeddable":true,"href":"https:\/\/fashiongold.lt\/en\/wp-json\/wp\/v2\/media\/265613"}],"wp:attachment":[{"href":"https:\/\/fashiongold.lt\/en\/wp-json\/wp\/v2\/media?parent=272104"}],"wp:term":[{"taxonomy":"product_brand","embeddable":true,"href":"https:\/\/fashiongold.lt\/en\/wp-json\/wp\/v2\/product_brand?post=272104"},{"taxonomy":"product_cat","embeddable":true,"href":"https:\/\/fashiongold.lt\/en\/wp-json\/wp\/v2\/product_cat?post=272104"},{"taxonomy":"product_tag","embeddable":true,"href":"https:\/\/fashiongold.lt\/en\/wp-json\/wp\/v2\/product_tag?post=272104"}],"curies":[{"name":"wp","href":"https:\/\/api.w.org\/{rel}","templated":true}]}}