{"id":288521,"date":"2025-10-09T17:56:09","date_gmt":"2025-10-09T17:56:09","guid":{"rendered":"https:\/\/fashiongold.lt\/papuosalas\/engagement-ring-sunflower\/"},"modified":"2025-10-09T17:56:09","modified_gmt":"2025-10-09T17:56:09","slug":"engagement-ring-sunflower","status":"publish","type":"product","link":"https:\/\/fashiongold.lt\/en\/papuosalas\/engagement-ring-sunflower\/","title":{"rendered":"Engagement ring &#8220;Sunflower&#8221;"},"content":{"rendered":"<p class=\"MsoNormal\" style=\"margin: 0cm; font-size: 12pt; font-family: 'Times New Roman', serif;\"><o:p><\/o:p><\/p>\n<p><span style=\"font-family: 'Times New Roman', serif; font-size: 12pt; background: #f7f7f8;\">White <\/span><span lang=\"LT\" style=\"font-family: 'Times New Roman', serif; font-size: 12pt; background: #f7f7f8;\">g<\/span><span style=\"font-family: 'Times New Roman', serif; font-size: 12pt; background: #f7f7f8;\">ol<\/span><span lang=\"LT\" style=\"font-family: 'Times New Roman', serif; font-size: 12pt; background: #f7f7f8;\">d<\/span><span lang=\"LT\" style=\"font-family: 'Times New Roman', serif; font-size: 12pt; background: #f7f7f8;\"> <\/span><span lang=\"LT\" style=\"font-family: 'Times New Roman', serif; font-size: 12pt; background: #f7f7f8;\">e<\/span><span style=\"font-family: 'Times New Roman', serif; font-size: 12pt; background: #f7f7f8;\">ngagement <\/span><span lang=\"LT\" style=\"font-family: 'Times New Roman', serif; font-size: 12pt; background: #f7f7f8;\">r<\/span><span style=\"font-family: 'Times New Roman', serif; font-size: 12pt; background: #f7f7f8;\">ing &#8211; radiate the light of love. This special <\/span><span lang=\"LT\" style=\"font-family: 'Times New Roman', serif; font-size: 12pt; background: #f7f7f8;\">e<\/span><span style=\"font-family: 'Times New Roman', serif; font-size: 12pt; background: #f7f7f8;\">ngagement ring, called &#8216;Saul\u0117gr\u0105\u017ea&#8217;, reflects the sun&#8217;s warmth and energy. The white gold ring with a 0.30 ct diamond is decorated with a low-set crown, whose <\/span><span lang=\"LT\" style=\"font-family: 'Times New Roman', serif; font-size: 12pt; background: #f7f7f8;\">s<\/span><span style=\"font-family: 'Times New Roman', serif; font-size: 12pt; background: #f7f7f8;\">i<\/span><span lang=\"LT\" style=\"font-family: 'Times New Roman', serif; font-size: 12pt; background: #f7f7f8;\">x<\/span><span style=\"font-family: 'Times New Roman', serif; font-size: 12pt; background: #f7f7f8;\"> prongs symbolize strength and harmony. &#8216;Saul\u0117gr\u0105\u017ea&#8217; is a sign of vitality and the growth of love. It is a ring that will catch the eye and express your nurturing of love. The engagement ring &#8216;Saul\u0117gr\u0105\u017ea&#8217; will add charm to your hand and provide a special meaning. Let &#8216;Saul\u0117gr\u0105\u017ea&#8217; reflec<\/span><span lang=\"LT\" style=\"font-family: 'Times New Roman', serif; font-size: 12pt; background: #f7f7f8;\">t<\/span><span style=\"font-family: 'Times New Roman', serif; font-size: 12pt; background: #f7f7f8;\"> your light of love in a special way.<\/span><\/p>\n<p>Created by the jewelry masters of &#8220;Fashion Gold&#8221;, this engagement ring is of extremely high quality, marked with a certificate from the Lithuanian Assay Office at a very attractive price. It is a piece of jewelry that can be passed down from generation to generation as a family heirloom, as neither gold nor real diamonds ever lose their value. This gold ring can be ordered both in the showroom and online.<\/p>\n<p>Weight of the engagement ring &#8211; 2.20-2.60 g<\/p>\n<p>Gold color &#8211; white<\/p>\n<p><span>Diamond size &#8211; 0.30 ct, color H, clarity SI<\/span><\/p>\n<p><span>We will produce the jewelry within 14 business days.<\/span><\/p>\n<p><span><span>Engagement rings are one of the fields of activity of &#8220;Fashion Gold&#8221;. In the showroom, you will also find wedding rings, jewelry for women, men, and children for various occasions, coins, and gold bars.<\/span><\/span><\/p>\n<p><span><span>WE OFFER ENGAGEMENT RINGS AND OTHER JEWELRY ACCORDING TO ORDER AND YOUR INDIVIDUAL REQUESTS. CONTACT info@fashiongold.lt<\/span><\/span><\/p>\n","protected":false},"excerpt":{"rendered":"<p><span style=\"font-family: 'Times New Roman', serif; font-size: 12pt; background: #f7f7f8;\">A white gold ring with a 0.30 ct diamond is adorned with a low-set crown, whose <\/span><span lang=\"LT\" style=\"font-family: 'Times New Roman', serif; font-size: 12pt; background: #f7f7f8;\">s<\/span><span style=\"font-family: 'Times New Roman', serif; font-size: 12pt; background: #f7f7f8;\">i<\/span><span lang=\"LT\" style=\"font-family: 'Times New Roman', serif; font-size: 12pt; background: #f7f7f8;\">x<\/span><span style=\"font-family: 'Times New Roman', serif; font-size: 12pt; background: #f7f7f8;\"> prongs symbolize strength and harmony. &#8216;Sunflower&#8217; is a symbol of vitality and the growth of love.<\/span><\/p>\n","protected":false},"featured_media":53231,"template":"","meta":{"site-sidebar-layout":"","site-content-layout":"","ast-site-content-layout":"","site-content-style":"","site-sidebar-style":"","ast-global-header-display":"","ast-banner-title-visibility":"","ast-main-header-display":"","ast-hfb-above-header-display":"","ast-hfb-below-header-display":"","ast-hfb-mobile-header-display":"","site-post-title":"","ast-breadcrumbs-content":"","ast-featured-img":"","footer-sml-layout":"","ast-disable-related-posts":"","theme-transparent-header-meta":"","adv-header-id-meta":"","stick-header-meta":"","header-above-stick-meta":"","header-main-stick-meta":"","header-below-stick-meta":"","astra-migrate-meta-layouts":"default","ast-page-background-enabled":"default","ast-page-background-meta":{"desktop":{"background-color":"var(--ast-global-color-4)","background-image":"","background-repeat":"repeat","background-position":"center center","background-size":"auto","background-attachment":"scroll","background-type":"","background-media":"","overlay-type":"","overlay-color":"","overlay-opacity":"","overlay-gradient":""},"tablet":{"background-color":"","background-image":"","background-repeat":"repeat","background-position":"center center","background-size":"auto","background-attachment":"scroll","background-type":"","background-media":"","overlay-type":"","overlay-color":"","overlay-opacity":"","overlay-gradient":""},"mobile":{"background-color":"","background-image":"","background-repeat":"repeat","background-position":"center center","background-size":"auto","background-attachment":"scroll","background-type":"","background-media":"","overlay-type":"","overlay-color":"","overlay-opacity":"","overlay-gradient":""}},"ast-content-background-meta":{"desktop":{"background-color":"var(--ast-global-color-5)","background-image":"","background-repeat":"repeat","background-position":"center center","background-size":"auto","background-attachment":"scroll","background-type":"","background-media":"","overlay-type":"","overlay-color":"","overlay-opacity":"","overlay-gradient":""},"tablet":{"background-color":"var(--ast-global-color-5)","background-image":"","background-repeat":"repeat","background-position":"center center","background-size":"auto","background-attachment":"scroll","background-type":"","background-media":"","overlay-type":"","overlay-color":"","overlay-opacity":"","overlay-gradient":""},"mobile":{"background-color":"var(--ast-global-color-5)","background-image":"","background-repeat":"repeat","background-position":"center center","background-size":"auto","background-attachment":"scroll","background-type":"","background-media":"","overlay-type":"","overlay-color":"","overlay-opacity":"","overlay-gradient":""}}},"product_brand":[],"product_cat":[3154],"product_tag":[],"class_list":{"0":"post-288521","1":"product","2":"type-product","3":"status-publish","4":"has-post-thumbnail","6":"product_cat-sale","7":"desktop-align-center","8":"tablet-align-left","9":"mobile-align-left","10":"ast-product-gallery-layout-horizontal-slider","11":"ast-product-gallery-with-no-image","12":"ast-product-single-variable","13":"ast-product-tabs-layout-accordion","14":"ast-qv-on-image","16":"first","17":"instock","18":"taxable","19":"shipping-taxable","20":"purchasable","21":"product-type-variable"},"yoast_head":"<!-- This site is optimized with the Yoast SEO plugin v26.6 - https:\/\/yoast.com\/wordpress\/plugins\/seo\/ -->\n<title>Engagement ring &quot;Sunflower&quot; - Topdiamonds Online<\/title>\n<meta name=\"robots\" content=\"index, follow, max-snippet:-1, max-image-preview:large, max-video-preview:-1\" \/>\n<link rel=\"canonical\" href=\"https:\/\/fashiongold.lt\/en\/papuosalas\/engagement-ring-sunflower\/\" \/>\n<meta property=\"og:locale\" content=\"en_US\" \/>\n<meta property=\"og:type\" content=\"article\" \/>\n<meta property=\"og:title\" content=\"Engagement ring &quot;Sunflower&quot; - Topdiamonds Online\" \/>\n<meta property=\"og:description\" content=\"A white gold ring with a 0.30 ct diamond is adorned with a low-set crown, whose six prongs symbolize strength and harmony. &#039;Sunflower&#039; is a symbol of vitality and the growth of love.\" \/>\n<meta property=\"og:url\" content=\"https:\/\/fashiongold.lt\/en\/papuosalas\/engagement-ring-sunflower\/\" \/>\n<meta property=\"og:site_name\" content=\"Topdiamonds Online\" \/>\n<meta property=\"og:image\" content=\"https:\/\/fashiongold.lt\/wp-content\/uploads\/2025\/10\/1655-721-Suzadetuviu-ziedas-Saulegraza.webp\" \/>\n\t<meta property=\"og:image:width\" content=\"531\" \/>\n\t<meta property=\"og:image:height\" content=\"480\" \/>\n\t<meta property=\"og:image:type\" content=\"image\/jpeg\" \/>\n<meta name=\"twitter:card\" content=\"summary_large_image\" \/>\n<meta name=\"twitter:label1\" content=\"Est. reading time\" \/>\n\t<meta name=\"twitter:data1\" content=\"1 minute\" \/>\n<script type=\"application\/ld+json\" class=\"yoast-schema-graph\">{\"@context\":\"https:\/\/schema.org\",\"@graph\":[{\"@type\":\"WebPage\",\"@id\":\"https:\/\/fashiongold.lt\/en\/papuosalas\/engagement-ring-sunflower\/\",\"url\":\"https:\/\/fashiongold.lt\/en\/papuosalas\/engagement-ring-sunflower\/\",\"name\":\"Engagement ring \\\"Sunflower\\\" - Topdiamonds Online\",\"isPartOf\":{\"@id\":\"https:\/\/fashiongold.lt\/en\/#website\"},\"primaryImageOfPage\":{\"@id\":\"https:\/\/fashiongold.lt\/en\/papuosalas\/engagement-ring-sunflower\/#primaryimage\"},\"image\":{\"@id\":\"https:\/\/fashiongold.lt\/en\/papuosalas\/engagement-ring-sunflower\/#primaryimage\"},\"thumbnailUrl\":\"https:\/\/fashiongold.lt\/wp-content\/uploads\/2025\/10\/1655-721-Suzadetuviu-ziedas-Saulegraza.jpg\",\"datePublished\":\"2025-10-09T17:56:09+00:00\",\"breadcrumb\":{\"@id\":\"https:\/\/fashiongold.lt\/en\/papuosalas\/engagement-ring-sunflower\/#breadcrumb\"},\"inLanguage\":\"en-US\",\"potentialAction\":[{\"@type\":\"ReadAction\",\"target\":[\"https:\/\/fashiongold.lt\/en\/papuosalas\/engagement-ring-sunflower\/\"]}]},{\"@type\":\"ImageObject\",\"inLanguage\":\"en-US\",\"@id\":\"https:\/\/fashiongold.lt\/en\/papuosalas\/engagement-ring-sunflower\/#primaryimage\",\"url\":\"https:\/\/fashiongold.lt\/wp-content\/uploads\/2025\/10\/1655-721-Suzadetuviu-ziedas-Saulegraza.jpg\",\"contentUrl\":\"https:\/\/fashiongold.lt\/wp-content\/uploads\/2025\/10\/1655-721-Suzadetuviu-ziedas-Saulegraza.jpg\",\"width\":531,\"height\":480},{\"@type\":\"BreadcrumbList\",\"@id\":\"https:\/\/fashiongold.lt\/en\/papuosalas\/engagement-ring-sunflower\/#breadcrumb\",\"itemListElement\":[{\"@type\":\"ListItem\",\"position\":1,\"name\":\"Home\",\"item\":\"https:\/\/fashiongold.lt\/en\/\"},{\"@type\":\"ListItem\",\"position\":2,\"name\":\"Diamond store Fashiongold.lt\",\"item\":\"https:\/\/fashiongold.lt\/shop-2\/\"},{\"@type\":\"ListItem\",\"position\":3,\"name\":\"Engagement ring &#8222;Sunflower&#8221;\"}]},{\"@type\":\"WebSite\",\"@id\":\"https:\/\/fashiongold.lt\/en\/#website\",\"url\":\"https:\/\/fashiongold.lt\/en\/\",\"name\":\"Fashion Gold\",\"description\":\"Juvelyrikos namai\",\"publisher\":{\"@id\":\"https:\/\/fashiongold.lt\/en\/#organization\"},\"potentialAction\":[{\"@type\":\"SearchAction\",\"target\":{\"@type\":\"EntryPoint\",\"urlTemplate\":\"https:\/\/fashiongold.lt\/en\/?s={search_term_string}\"},\"query-input\":{\"@type\":\"PropertyValueSpecification\",\"valueRequired\":true,\"valueName\":\"search_term_string\"}}],\"inLanguage\":\"en-US\"},{\"@type\":\"Organization\",\"@id\":\"https:\/\/fashiongold.lt\/en\/#organization\",\"name\":\"Topdiamonds Online\",\"url\":\"https:\/\/fashiongold.lt\/en\/\",\"logo\":{\"@type\":\"ImageObject\",\"inLanguage\":\"en-US\",\"@id\":\"https:\/\/fashiongold.lt\/en\/#\/schema\/logo\/image\/\",\"url\":\"https:\/\/fashiongold.lt\/wp-content\/uploads\/2025\/04\/cropped-fashion_gold_logotipas2-scaled-1.png\",\"contentUrl\":\"https:\/\/fashiongold.lt\/wp-content\/uploads\/2025\/04\/cropped-fashion_gold_logotipas2-scaled-1.png\",\"width\":2559,\"height\":421,\"caption\":\"Topdiamonds Online\"},\"image\":{\"@id\":\"https:\/\/fashiongold.lt\/en\/#\/schema\/logo\/image\/\"}}]}<\/script>\n<!-- \/ Yoast SEO plugin. -->","yoast_head_json":{"title":"Engagement ring \"Sunflower\" - Topdiamonds Online","robots":{"index":"index","follow":"follow","max-snippet":"max-snippet:-1","max-image-preview":"max-image-preview:large","max-video-preview":"max-video-preview:-1"},"canonical":"https:\/\/fashiongold.lt\/en\/papuosalas\/engagement-ring-sunflower\/","og_locale":"en_US","og_type":"article","og_title":"Engagement ring \"Sunflower\" - Topdiamonds Online","og_description":"A white gold ring with a 0.30 ct diamond is adorned with a low-set crown, whose six prongs symbolize strength and harmony. 'Sunflower' is a symbol of vitality and the growth of love.","og_url":"https:\/\/fashiongold.lt\/en\/papuosalas\/engagement-ring-sunflower\/","og_site_name":"Topdiamonds Online","og_image":[{"width":531,"height":480,"url":"https:\/\/fashiongold.lt\/wp-content\/uploads\/2025\/10\/1655-721-Suzadetuviu-ziedas-Saulegraza.webp","type":"image\/jpeg"}],"twitter_card":"summary_large_image","twitter_misc":{"Est. reading time":"1 minute"},"schema":{"@context":"https:\/\/schema.org","@graph":[{"@type":"WebPage","@id":"https:\/\/fashiongold.lt\/en\/papuosalas\/engagement-ring-sunflower\/","url":"https:\/\/fashiongold.lt\/en\/papuosalas\/engagement-ring-sunflower\/","name":"Engagement ring \"Sunflower\" - Topdiamonds Online","isPartOf":{"@id":"https:\/\/fashiongold.lt\/en\/#website"},"primaryImageOfPage":{"@id":"https:\/\/fashiongold.lt\/en\/papuosalas\/engagement-ring-sunflower\/#primaryimage"},"image":{"@id":"https:\/\/fashiongold.lt\/en\/papuosalas\/engagement-ring-sunflower\/#primaryimage"},"thumbnailUrl":"https:\/\/fashiongold.lt\/wp-content\/uploads\/2025\/10\/1655-721-Suzadetuviu-ziedas-Saulegraza.jpg","datePublished":"2025-10-09T17:56:09+00:00","breadcrumb":{"@id":"https:\/\/fashiongold.lt\/en\/papuosalas\/engagement-ring-sunflower\/#breadcrumb"},"inLanguage":"en-US","potentialAction":[{"@type":"ReadAction","target":["https:\/\/fashiongold.lt\/en\/papuosalas\/engagement-ring-sunflower\/"]}]},{"@type":"ImageObject","inLanguage":"en-US","@id":"https:\/\/fashiongold.lt\/en\/papuosalas\/engagement-ring-sunflower\/#primaryimage","url":"https:\/\/fashiongold.lt\/wp-content\/uploads\/2025\/10\/1655-721-Suzadetuviu-ziedas-Saulegraza.jpg","contentUrl":"https:\/\/fashiongold.lt\/wp-content\/uploads\/2025\/10\/1655-721-Suzadetuviu-ziedas-Saulegraza.jpg","width":531,"height":480},{"@type":"BreadcrumbList","@id":"https:\/\/fashiongold.lt\/en\/papuosalas\/engagement-ring-sunflower\/#breadcrumb","itemListElement":[{"@type":"ListItem","position":1,"name":"Home","item":"https:\/\/fashiongold.lt\/en\/"},{"@type":"ListItem","position":2,"name":"Diamond store Fashiongold.lt","item":"https:\/\/fashiongold.lt\/shop-2\/"},{"@type":"ListItem","position":3,"name":"Engagement ring &#8222;Sunflower&#8221;"}]},{"@type":"WebSite","@id":"https:\/\/fashiongold.lt\/en\/#website","url":"https:\/\/fashiongold.lt\/en\/","name":"Fashion Gold","description":"Juvelyrikos namai","publisher":{"@id":"https:\/\/fashiongold.lt\/en\/#organization"},"potentialAction":[{"@type":"SearchAction","target":{"@type":"EntryPoint","urlTemplate":"https:\/\/fashiongold.lt\/en\/?s={search_term_string}"},"query-input":{"@type":"PropertyValueSpecification","valueRequired":true,"valueName":"search_term_string"}}],"inLanguage":"en-US"},{"@type":"Organization","@id":"https:\/\/fashiongold.lt\/en\/#organization","name":"Topdiamonds Online","url":"https:\/\/fashiongold.lt\/en\/","logo":{"@type":"ImageObject","inLanguage":"en-US","@id":"https:\/\/fashiongold.lt\/en\/#\/schema\/logo\/image\/","url":"https:\/\/fashiongold.lt\/wp-content\/uploads\/2025\/04\/cropped-fashion_gold_logotipas2-scaled-1.png","contentUrl":"https:\/\/fashiongold.lt\/wp-content\/uploads\/2025\/04\/cropped-fashion_gold_logotipas2-scaled-1.png","width":2559,"height":421,"caption":"Topdiamonds Online"},"image":{"@id":"https:\/\/fashiongold.lt\/en\/#\/schema\/logo\/image\/"}}]}},"_links":{"self":[{"href":"https:\/\/fashiongold.lt\/en\/wp-json\/wp\/v2\/product\/288521","targetHints":{"allow":["GET"]}}],"collection":[{"href":"https:\/\/fashiongold.lt\/en\/wp-json\/wp\/v2\/product"}],"about":[{"href":"https:\/\/fashiongold.lt\/en\/wp-json\/wp\/v2\/types\/product"}],"version-history":[{"count":0,"href":"https:\/\/fashiongold.lt\/en\/wp-json\/wp\/v2\/product\/288521\/revisions"}],"wp:featuredmedia":[{"embeddable":true,"href":"https:\/\/fashiongold.lt\/en\/wp-json\/wp\/v2\/media\/53231"}],"wp:attachment":[{"href":"https:\/\/fashiongold.lt\/en\/wp-json\/wp\/v2\/media?parent=288521"}],"wp:term":[{"taxonomy":"product_brand","embeddable":true,"href":"https:\/\/fashiongold.lt\/en\/wp-json\/wp\/v2\/product_brand?post=288521"},{"taxonomy":"product_cat","embeddable":true,"href":"https:\/\/fashiongold.lt\/en\/wp-json\/wp\/v2\/product_cat?post=288521"},{"taxonomy":"product_tag","embeddable":true,"href":"https:\/\/fashiongold.lt\/en\/wp-json\/wp\/v2\/product_tag?post=288521"}],"curies":[{"name":"wp","href":"https:\/\/api.w.org\/{rel}","templated":true}]}}