{"id":296162,"date":"2025-07-12T11:26:03","date_gmt":"2025-07-12T11:26:03","guid":{"rendered":"https:\/\/fashiongold.lt\/papuosalas\/modern-halo-engagement-ring-with-pear-diamond-3-30-ct\/"},"modified":"2025-07-12T11:26:03","modified_gmt":"2025-07-12T11:26:03","slug":"modern-halo-engagement-ring-with-pear-diamond-3-30-ct","status":"publish","type":"product","link":"https:\/\/fashiongold.lt\/en\/papuosalas\/modern-halo-engagement-ring-with-pear-diamond-3-30-ct\/","title":{"rendered":"Modern Halo engagement ring with Pear diamond (3.30 ct)"},"content":{"rendered":"<p>Modern Halo engagement ring, manufactured according to the highest standards of jewelry craftsmanship, ensuring impeccable quality and precise detailing. Individual solutions, including the selection of higher quality diamonds, are available for an additional fee.<\/p>\n<p>\u2022 <strong><a href=\"https:\/\/fashiongold.lt\/en\/patarimai-en\/which-gold-purity-is-best-how-to-choose-the-most-suitable-engagement-or-wedding-ring\/\" target=\"_blank\" rel=\"noopener\">Precious metals<\/a><\/strong>: 14K (585 hallmark), 18K (750 hallmark), 900 platinum<br \/>\n\u2022 <strong><a href=\"https:\/\/fashiongold.lt\/en\/patarimai-en\/the-gold-color-of-engagement-and-wedding-rings-white-rose-or-yellow-gold\/\" target=\"_blank\" rel=\"noopener\">Available gold colors<\/a><\/strong>: white, rose, yellow<br \/>\n\u2022 <strong><a href=\"https:\/\/fashiongold.lt\/en\/patarimai-en\/diamond-rings-gold-weight-of-the-ring-and-diamond-carat-weight-how-to-choose-the-right-one-recommendations-on-how-to-understand-and-evaluate\/\" target=\"_blank\" rel=\"noopener\">Approximate ring weight<\/a><\/strong>: <span data-sheets-root=\"1\">about 2.00 g &#8211; 3.50 g<\/span><br \/>\n\u2022 <span data-sheets-root=\"1\"><a href=\"https:\/\/fashiongold.lt\/en\/patarimai-en\/engagement-rings-the-secret-of-perfect-proportions-why-some-diamond-rings-look-more-luxurious\/\" target=\"_blank\" rel=\"noopener\"><strong>Crown width<\/strong><\/a>:<\/span> about <span data-sheets-root=\"1\">12.5 mm x 8.5 mm<\/span><br \/>\n\u2022 <strong><a href=\"https:\/\/fashiongold.lt\/en\/patarimai-en\/diamond-other-diamond-shapes\/\" target=\"_blank\" rel=\"noopener\">Diamond shape and cut<\/a><\/strong>: <span data-sheets-root=\"1\">Pear-shaped (<em>Pear cut<\/em>)<\/span><br \/>\n\u2022 <strong><a href=\"https:\/\/fashiongold.lt\/en\/patarimai-en\/diamond-natural-lab-grown-or-artificial-how-to-choose-correctly\/\" target=\"_blank\" rel=\"noopener\">Diamond origin<\/a><\/strong>: Lab-grown diamond or natural diamond<br \/>\n\u2022 <strong><a href=\"https:\/\/fashiongold.lt\/en\/patarimai-en\/diamond-how-the-luxury-of-the-most-valuable-gemstone-is-evaluated\/\" target=\"_blank\" rel=\"noopener\">Diamond weight and characteristics<\/a><\/strong> (can be changed):<br \/>\nLaboratorijoje u\u017eaugintas deimantas su IGI sertifikatu: <span data-sheets-root=\"1\">3.00<\/span> ct diamond (color D-E, clarity VVS)<br \/>\nNatural diamond with GIA certificate: <span data-sheets-root=\"1\">3.00<\/span> ct diamond (color G-I, clarity SI)<br \/>\n<span data-sheets-root=\"1\">Diamonds in the Halo surrounding the center diamond and on the band &#8211; about 0.007 ct diamonds (can be changed)<br \/>\nTotal diamond weight: 3.30 ct<br \/>\n<strong>Note<\/strong>: when purchasing Halo style jewelry, a total diamond weight tolerance of 3.28 ct &#8211; 3.32 ct is possible<\/span><br \/>\n\u2022 One-time free <strong><a href=\"https:\/\/fashiongold.lt\/en\/patarimai-en\/engagement-rings-can-the-ring-be-engraved-details-that-add-individuality-to-your-engagement-ring\/\" target=\"_blank\" rel=\"noopener\">engraving<\/a><\/strong><br \/>\n\u2022 One-time free <strong><a href=\"https:\/\/fashiongold.lt\/en\/patarimai-en\/engagement-rings-free-resizing-for-a-perfect-fit\/\" target=\"_blank\" rel=\"noopener\">ring resizing<\/a><br \/>\n<\/strong>\u2022 The inside of the engagement ring features a <strong><a href=\"https:\/\/fashiongold.lt\/en\/patarimai-en\/ring-comfort-zone-or-ring-comfort\/\" target=\"_blank\" rel=\"noopener\">comfort fit<\/a><\/strong><br \/>\n\u2022 <strong><a href=\"https:\/\/fashiongold.lt\/en\/shipping-and-returns\/\" target=\"_blank\" rel=\"noopener\">Production and delivery time<\/a><\/strong>: from 14 business days, express within 7 business days.<\/p>\n<p data-start=\"1169\" data-end=\"1394\">Have your own gemstone or gold? We will evaluate your materials and update the price \u2013 you will only pay for the individual engagement ring manufacturing process. Want to change the diamond characteristics to suit your needs? <strong><a href=\"https:\/\/fashiongold.lt\/en\/contacts\/\" target=\"_blank\" rel=\"noopener\">Contact<\/a><\/strong> our specialists.<br \/>\nDiscover a wide range of diamond jewelry tailored to various tastes and budgets. Create an exclusive piece of jewelry with <a href=\"https:\/\/fashiongold.lt\/en\/\" target=\"_blank\" rel=\"noopener\">FashionGold.lt<\/a>.<\/p>\n","protected":false},"excerpt":{"rendered":"<h2 data-start=\"4179\" data-end=\"4240\">Luxurious and modern Halo engagement ring with 3.30 ct diamonds<\/h2>\n<p data-start=\"4241\" data-end=\"4409\">This Halo engagement ring reflects maximum brilliance and bold design. The total diamond weight reaches 3.30 ct, making this engagement ring a clear and confident style statement. The pear-shaped diamond at the center adds elegant drama to the piece. <span data-sheets-root=\"1\">3.00<\/span> ct <em>Pear<\/em> cut diamond stands out not only for its size but also for its symbolic meaning \u2013 it is often associated with emotion, connection, and uniqueness.<\/p>\n<h3 data-start=\"4625\" data-end=\"4669\">Modern Halo design without compromises<\/h3>\n<p data-start=\"4670\" data-end=\"4870\">The Halo crown and a modern ring band, decorated with small diamonds, create a seamless, intense glow. This is an engagement ring for those seeking an exclusive shape, modern luxury, and a strong visual effect.<\/p>\n","protected":false},"featured_media":17565,"template":"","meta":{"site-sidebar-layout":"default","site-content-layout":"","ast-site-content-layout":"default","site-content-style":"default","site-sidebar-style":"default","ast-global-header-display":"","ast-banner-title-visibility":"","ast-main-header-display":"","ast-hfb-above-header-display":"","ast-hfb-below-header-display":"","ast-hfb-mobile-header-display":"","site-post-title":"","ast-breadcrumbs-content":"","ast-featured-img":"","footer-sml-layout":"","ast-disable-related-posts":"","theme-transparent-header-meta":"default","adv-header-id-meta":"","stick-header-meta":"","header-above-stick-meta":"","header-main-stick-meta":"","header-below-stick-meta":"","astra-migrate-meta-layouts":"default","ast-page-background-enabled":"default","ast-page-background-meta":{"desktop":{"background-color":"var(--ast-global-color-4)","background-image":"","background-repeat":"repeat","background-position":"center center","background-size":"auto","background-attachment":"scroll","background-type":"","background-media":"","overlay-type":"","overlay-color":"","overlay-opacity":"","overlay-gradient":""},"tablet":{"background-color":"","background-image":"","background-repeat":"repeat","background-position":"center center","background-size":"auto","background-attachment":"scroll","background-type":"","background-media":"","overlay-type":"","overlay-color":"","overlay-opacity":"","overlay-gradient":""},"mobile":{"background-color":"","background-image":"","background-repeat":"repeat","background-position":"center center","background-size":"auto","background-attachment":"scroll","background-type":"","background-media":"","overlay-type":"","overlay-color":"","overlay-opacity":"","overlay-gradient":""}},"ast-content-background-meta":{"desktop":{"background-color":"var(--ast-global-color-5)","background-image":"","background-repeat":"repeat","background-position":"center center","background-size":"auto","background-attachment":"scroll","background-type":"","background-media":"","overlay-type":"","overlay-color":"","overlay-opacity":"","overlay-gradient":""},"tablet":{"background-color":"var(--ast-global-color-5)","background-image":"","background-repeat":"repeat","background-position":"center center","background-size":"auto","background-attachment":"scroll","background-type":"","background-media":"","overlay-type":"","overlay-color":"","overlay-opacity":"","overlay-gradient":""},"mobile":{"background-color":"var(--ast-global-color-5)","background-image":"","background-repeat":"repeat","background-position":"center center","background-size":"auto","background-attachment":"scroll","background-type":"","background-media":"","overlay-type":"","overlay-color":"","overlay-opacity":"","overlay-gradient":""}}},"product_brand":[],"product_cat":[3958,3085,3093,2891,2995,3057,3121,3099,3089,2961,2893,3087,2889,3088,2894],"product_tag":[],"class_list":{"0":"post-296162","1":"product","2":"type-product","3":"status-publish","4":"has-post-thumbnail","6":"product_cat-diamond-engagement-rings","7":"product_cat-engagement-rings","8":"product_cat-engagement-rings-with-lab-grown-diamonds","9":"product_cat-gifts-for-special-occasions","10":"product_cat-halo-engagement-rings","11":"product_cat-jewelry","12":"product_cat-lab-grown-diamond-jewelry","13":"product_cat-modern-engagement-rings","14":"product_cat-rose-gold-engagement-rings","15":"product_cat-rose-gold-jewelry","16":"product_cat-valentines-day-gifts","17":"product_cat-white-gold-engagement-rings","18":"product_cat-white-gold-jewelry","19":"product_cat-yellow-gold-engagement-rings","20":"product_cat-yellow-gold-jewelry","21":"desktop-align-center","22":"tablet-align-left","23":"mobile-align-left","24":"ast-product-gallery-layout-horizontal-slider","25":"ast-product-single-variable","26":"ast-product-tabs-layout-accordion","27":"ast-qv-on-image","29":"first","30":"instock","31":"taxable","32":"shipping-taxable","33":"purchasable","34":"product-type-variable"},"yoast_head":"<!-- This site is optimized with the Yoast SEO plugin v26.6 - https:\/\/yoast.com\/wordpress\/plugins\/seo\/ -->\n<title>Modern Halo Engagement Ring with Pear Diamond (3.30 ct)<\/title>\n<meta name=\"description\" content=\"Halo engagement ring with a 3.30 ct total diamond weight \u2013 modern luxury and a striking Pear-cut diamond, sparkling from every angle.\" \/>\n<meta name=\"robots\" content=\"index, follow, max-snippet:-1, max-image-preview:large, max-video-preview:-1\" \/>\n<link rel=\"canonical\" href=\"https:\/\/fashiongold.lt\/en\/papuosalas\/modern-halo-engagement-ring-with-pear-diamond-3-30-ct\/\" \/>\n<meta property=\"og:locale\" content=\"en_US\" \/>\n<meta property=\"og:type\" content=\"article\" \/>\n<meta property=\"og:title\" content=\"Modern Halo Engagement Ring with Pear Diamond (3.30 ct)\" \/>\n<meta property=\"og:description\" content=\"Halo engagement ring with a 3.30 ct total diamond weight \u2013 modern luxury and a striking Pear-cut diamond, sparkling from every angle.\" \/>\n<meta property=\"og:url\" content=\"https:\/\/fashiongold.lt\/en\/papuosalas\/modern-halo-engagement-ring-with-pear-diamond-3-30-ct\/\" \/>\n<meta property=\"og:site_name\" content=\"Topdiamonds Online\" \/>\n<meta property=\"og:image\" content=\"https:\/\/fashiongold.lt\/wp-content\/uploads\/2025\/06\/TDO-1250-modernus-halo-suzadetuviu-ziedas-su-deimantu-pear-cut-3.webp\" \/>\n\t<meta property=\"og:image:width\" content=\"800\" \/>\n\t<meta property=\"og:image:height\" content=\"800\" \/>\n\t<meta property=\"og:image:type\" content=\"image\/jpeg\" \/>\n<meta name=\"twitter:card\" content=\"summary_large_image\" \/>\n<meta name=\"twitter:label1\" content=\"Est. reading time\" \/>\n\t<meta name=\"twitter:data1\" content=\"1 minute\" \/>\n<script type=\"application\/ld+json\" class=\"yoast-schema-graph\">{\"@context\":\"https:\/\/schema.org\",\"@graph\":[{\"@type\":\"WebPage\",\"@id\":\"https:\/\/fashiongold.lt\/en\/papuosalas\/modern-halo-engagement-ring-with-pear-diamond-3-30-ct\/\",\"url\":\"https:\/\/fashiongold.lt\/en\/papuosalas\/modern-halo-engagement-ring-with-pear-diamond-3-30-ct\/\",\"name\":\"Modern Halo Engagement Ring with Pear Diamond (3.30 ct)\",\"isPartOf\":{\"@id\":\"https:\/\/fashiongold.lt\/en\/#website\"},\"primaryImageOfPage\":{\"@id\":\"https:\/\/fashiongold.lt\/en\/papuosalas\/modern-halo-engagement-ring-with-pear-diamond-3-30-ct\/#primaryimage\"},\"image\":{\"@id\":\"https:\/\/fashiongold.lt\/en\/papuosalas\/modern-halo-engagement-ring-with-pear-diamond-3-30-ct\/#primaryimage\"},\"thumbnailUrl\":\"https:\/\/fashiongold.lt\/wp-content\/uploads\/2025\/06\/TDO-1250-modernus-halo-suzadetuviu-ziedas-su-deimantu-pear-cut-3.jpg\",\"datePublished\":\"2025-07-12T11:26:03+00:00\",\"description\":\"Halo engagement ring with a 3.30 ct total diamond weight \u2013 modern luxury and a striking Pear-cut diamond, sparkling from every angle.\",\"breadcrumb\":{\"@id\":\"https:\/\/fashiongold.lt\/en\/papuosalas\/modern-halo-engagement-ring-with-pear-diamond-3-30-ct\/#breadcrumb\"},\"inLanguage\":\"en-US\",\"potentialAction\":[{\"@type\":\"ReadAction\",\"target\":[\"https:\/\/fashiongold.lt\/en\/papuosalas\/modern-halo-engagement-ring-with-pear-diamond-3-30-ct\/\"]}]},{\"@type\":\"ImageObject\",\"inLanguage\":\"en-US\",\"@id\":\"https:\/\/fashiongold.lt\/en\/papuosalas\/modern-halo-engagement-ring-with-pear-diamond-3-30-ct\/#primaryimage\",\"url\":\"https:\/\/fashiongold.lt\/wp-content\/uploads\/2025\/06\/TDO-1250-modernus-halo-suzadetuviu-ziedas-su-deimantu-pear-cut-3.jpg\",\"contentUrl\":\"https:\/\/fashiongold.lt\/wp-content\/uploads\/2025\/06\/TDO-1250-modernus-halo-suzadetuviu-ziedas-su-deimantu-pear-cut-3.jpg\",\"width\":800,\"height\":800,\"caption\":\"Modernus su\u017ead\u0117tuvi\u0173 \u017eiedas su deimantais i\u0161 balto aukso arba platinos - pear cut\"},{\"@type\":\"BreadcrumbList\",\"@id\":\"https:\/\/fashiongold.lt\/en\/papuosalas\/modern-halo-engagement-ring-with-pear-diamond-3-30-ct\/#breadcrumb\",\"itemListElement\":[{\"@type\":\"ListItem\",\"position\":1,\"name\":\"Home\",\"item\":\"https:\/\/fashiongold.lt\/en\/\"},{\"@type\":\"ListItem\",\"position\":2,\"name\":\"Diamond store Fashiongold.lt\",\"item\":\"https:\/\/fashiongold.lt\/shop-2\/\"},{\"@type\":\"ListItem\",\"position\":3,\"name\":\"Modern Halo engagement ring with Pear diamond (3.30 ct)\"}]},{\"@type\":\"WebSite\",\"@id\":\"https:\/\/fashiongold.lt\/en\/#website\",\"url\":\"https:\/\/fashiongold.lt\/en\/\",\"name\":\"Fashion Gold\",\"description\":\"Juvelyrikos namai\",\"publisher\":{\"@id\":\"https:\/\/fashiongold.lt\/en\/#organization\"},\"potentialAction\":[{\"@type\":\"SearchAction\",\"target\":{\"@type\":\"EntryPoint\",\"urlTemplate\":\"https:\/\/fashiongold.lt\/en\/?s={search_term_string}\"},\"query-input\":{\"@type\":\"PropertyValueSpecification\",\"valueRequired\":true,\"valueName\":\"search_term_string\"}}],\"inLanguage\":\"en-US\"},{\"@type\":\"Organization\",\"@id\":\"https:\/\/fashiongold.lt\/en\/#organization\",\"name\":\"Topdiamonds Online\",\"url\":\"https:\/\/fashiongold.lt\/en\/\",\"logo\":{\"@type\":\"ImageObject\",\"inLanguage\":\"en-US\",\"@id\":\"https:\/\/fashiongold.lt\/en\/#\/schema\/logo\/image\/\",\"url\":\"https:\/\/fashiongold.lt\/wp-content\/uploads\/2025\/04\/cropped-fashion_gold_logotipas2-scaled-1.png\",\"contentUrl\":\"https:\/\/fashiongold.lt\/wp-content\/uploads\/2025\/04\/cropped-fashion_gold_logotipas2-scaled-1.png\",\"width\":2559,\"height\":421,\"caption\":\"Topdiamonds Online\"},\"image\":{\"@id\":\"https:\/\/fashiongold.lt\/en\/#\/schema\/logo\/image\/\"}}]}<\/script>\n<!-- \/ Yoast SEO plugin. -->","yoast_head_json":{"title":"Modern Halo Engagement Ring with Pear Diamond (3.30 ct)","description":"Halo engagement ring with a 3.30 ct total diamond weight \u2013 modern luxury and a striking Pear-cut diamond, sparkling from every angle.","robots":{"index":"index","follow":"follow","max-snippet":"max-snippet:-1","max-image-preview":"max-image-preview:large","max-video-preview":"max-video-preview:-1"},"canonical":"https:\/\/fashiongold.lt\/en\/papuosalas\/modern-halo-engagement-ring-with-pear-diamond-3-30-ct\/","og_locale":"en_US","og_type":"article","og_title":"Modern Halo Engagement Ring with Pear Diamond (3.30 ct)","og_description":"Halo engagement ring with a 3.30 ct total diamond weight \u2013 modern luxury and a striking Pear-cut diamond, sparkling from every angle.","og_url":"https:\/\/fashiongold.lt\/en\/papuosalas\/modern-halo-engagement-ring-with-pear-diamond-3-30-ct\/","og_site_name":"Topdiamonds Online","og_image":[{"width":800,"height":800,"url":"https:\/\/fashiongold.lt\/wp-content\/uploads\/2025\/06\/TDO-1250-modernus-halo-suzadetuviu-ziedas-su-deimantu-pear-cut-3.webp","type":"image\/jpeg"}],"twitter_card":"summary_large_image","twitter_misc":{"Est. reading time":"1 minute"},"schema":{"@context":"https:\/\/schema.org","@graph":[{"@type":"WebPage","@id":"https:\/\/fashiongold.lt\/en\/papuosalas\/modern-halo-engagement-ring-with-pear-diamond-3-30-ct\/","url":"https:\/\/fashiongold.lt\/en\/papuosalas\/modern-halo-engagement-ring-with-pear-diamond-3-30-ct\/","name":"Modern Halo Engagement Ring with Pear Diamond (3.30 ct)","isPartOf":{"@id":"https:\/\/fashiongold.lt\/en\/#website"},"primaryImageOfPage":{"@id":"https:\/\/fashiongold.lt\/en\/papuosalas\/modern-halo-engagement-ring-with-pear-diamond-3-30-ct\/#primaryimage"},"image":{"@id":"https:\/\/fashiongold.lt\/en\/papuosalas\/modern-halo-engagement-ring-with-pear-diamond-3-30-ct\/#primaryimage"},"thumbnailUrl":"https:\/\/fashiongold.lt\/wp-content\/uploads\/2025\/06\/TDO-1250-modernus-halo-suzadetuviu-ziedas-su-deimantu-pear-cut-3.jpg","datePublished":"2025-07-12T11:26:03+00:00","description":"Halo engagement ring with a 3.30 ct total diamond weight \u2013 modern luxury and a striking Pear-cut diamond, sparkling from every angle.","breadcrumb":{"@id":"https:\/\/fashiongold.lt\/en\/papuosalas\/modern-halo-engagement-ring-with-pear-diamond-3-30-ct\/#breadcrumb"},"inLanguage":"en-US","potentialAction":[{"@type":"ReadAction","target":["https:\/\/fashiongold.lt\/en\/papuosalas\/modern-halo-engagement-ring-with-pear-diamond-3-30-ct\/"]}]},{"@type":"ImageObject","inLanguage":"en-US","@id":"https:\/\/fashiongold.lt\/en\/papuosalas\/modern-halo-engagement-ring-with-pear-diamond-3-30-ct\/#primaryimage","url":"https:\/\/fashiongold.lt\/wp-content\/uploads\/2025\/06\/TDO-1250-modernus-halo-suzadetuviu-ziedas-su-deimantu-pear-cut-3.jpg","contentUrl":"https:\/\/fashiongold.lt\/wp-content\/uploads\/2025\/06\/TDO-1250-modernus-halo-suzadetuviu-ziedas-su-deimantu-pear-cut-3.jpg","width":800,"height":800,"caption":"Modernus su\u017ead\u0117tuvi\u0173 \u017eiedas su deimantais i\u0161 balto aukso arba platinos - pear cut"},{"@type":"BreadcrumbList","@id":"https:\/\/fashiongold.lt\/en\/papuosalas\/modern-halo-engagement-ring-with-pear-diamond-3-30-ct\/#breadcrumb","itemListElement":[{"@type":"ListItem","position":1,"name":"Home","item":"https:\/\/fashiongold.lt\/en\/"},{"@type":"ListItem","position":2,"name":"Diamond store Fashiongold.lt","item":"https:\/\/fashiongold.lt\/shop-2\/"},{"@type":"ListItem","position":3,"name":"Modern Halo engagement ring with Pear diamond (3.30 ct)"}]},{"@type":"WebSite","@id":"https:\/\/fashiongold.lt\/en\/#website","url":"https:\/\/fashiongold.lt\/en\/","name":"Fashion Gold","description":"Juvelyrikos namai","publisher":{"@id":"https:\/\/fashiongold.lt\/en\/#organization"},"potentialAction":[{"@type":"SearchAction","target":{"@type":"EntryPoint","urlTemplate":"https:\/\/fashiongold.lt\/en\/?s={search_term_string}"},"query-input":{"@type":"PropertyValueSpecification","valueRequired":true,"valueName":"search_term_string"}}],"inLanguage":"en-US"},{"@type":"Organization","@id":"https:\/\/fashiongold.lt\/en\/#organization","name":"Topdiamonds Online","url":"https:\/\/fashiongold.lt\/en\/","logo":{"@type":"ImageObject","inLanguage":"en-US","@id":"https:\/\/fashiongold.lt\/en\/#\/schema\/logo\/image\/","url":"https:\/\/fashiongold.lt\/wp-content\/uploads\/2025\/04\/cropped-fashion_gold_logotipas2-scaled-1.png","contentUrl":"https:\/\/fashiongold.lt\/wp-content\/uploads\/2025\/04\/cropped-fashion_gold_logotipas2-scaled-1.png","width":2559,"height":421,"caption":"Topdiamonds Online"},"image":{"@id":"https:\/\/fashiongold.lt\/en\/#\/schema\/logo\/image\/"}}]}},"_links":{"self":[{"href":"https:\/\/fashiongold.lt\/en\/wp-json\/wp\/v2\/product\/296162","targetHints":{"allow":["GET"]}}],"collection":[{"href":"https:\/\/fashiongold.lt\/en\/wp-json\/wp\/v2\/product"}],"about":[{"href":"https:\/\/fashiongold.lt\/en\/wp-json\/wp\/v2\/types\/product"}],"version-history":[{"count":0,"href":"https:\/\/fashiongold.lt\/en\/wp-json\/wp\/v2\/product\/296162\/revisions"}],"wp:featuredmedia":[{"embeddable":true,"href":"https:\/\/fashiongold.lt\/en\/wp-json\/wp\/v2\/media\/17565"}],"wp:attachment":[{"href":"https:\/\/fashiongold.lt\/en\/wp-json\/wp\/v2\/media?parent=296162"}],"wp:term":[{"taxonomy":"product_brand","embeddable":true,"href":"https:\/\/fashiongold.lt\/en\/wp-json\/wp\/v2\/product_brand?post=296162"},{"taxonomy":"product_cat","embeddable":true,"href":"https:\/\/fashiongold.lt\/en\/wp-json\/wp\/v2\/product_cat?post=296162"},{"taxonomy":"product_tag","embeddable":true,"href":"https:\/\/fashiongold.lt\/en\/wp-json\/wp\/v2\/product_tag?post=296162"}],"curies":[{"name":"wp","href":"https:\/\/api.w.org\/{rel}","templated":true}]}}