{"id":297777,"date":"2025-06-13T15:48:41","date_gmt":"2025-06-13T15:48:41","guid":{"rendered":"https:\/\/fashiongold.lt\/papuosalas\/diamond-engagement-ring-oval-diamond\/"},"modified":"2025-06-13T15:48:41","modified_gmt":"2025-06-13T15:48:41","slug":"diamond-engagement-ring-oval-diamond","status":"publish","type":"product","link":"https:\/\/fashiongold.lt\/en\/papuosalas\/diamond-engagement-ring-oval-diamond\/","title":{"rendered":"Diamond engagement ring &#8211; OVAL diamond"},"content":{"rendered":"<h2>Diamond engagement ring \u2013 oval brilliance and elegance of perfect proportions<\/h2>\n<p>This diamond engagement ring is designed for those who appreciate complete form and a subtle play of light. The <em>Oval<\/em> cut diamond stands out for its ability to visually elongate the finger and shine with a soft, uniform light. It is a stone with no corners \u2013 only smooth transitions, like a symbol of eternity. Each ring is masterfully crafted following a perfect balance of proportions, so the stone sparkles without excessive details, while the band emphasizes its natural brilliance. This is not just a piece of jewelry, but a meeting of emotion, precision, and light in one creation.<br \/>\nManufactured according to the highest jewelry production standards. The ring can be custom-made: with higher-quality diamonds available for an additional fee.<\/p>\n<p>\u2022 <strong><a href=\"https:\/\/fashiongold.lt\/en\/patarimai-en\/which-gold-purity-is-best-how-to-choose-the-most-suitable-engagement-or-wedding-ring\/\" target=\"_blank\" rel=\"noopener\">Precious metals<\/a><\/strong>: 14K (585 hallmark), 18K (750 hallmark), 900 platinum<br \/>\n\u2022 <strong><a href=\"https:\/\/fashiongold.lt\/en\/patarimai-en\/the-gold-color-of-engagement-and-wedding-rings-white-rose-or-yellow-gold\/\" target=\"_blank\" rel=\"noopener\">Available gold colors<\/a><\/strong>: yellow, white, rose<br \/>\n\u2022 <strong><a href=\"https:\/\/fashiongold.lt\/en\/patarimai-en\/diamond-rings-gold-weight-of-the-ring-and-diamond-carat-weight-how-to-choose-the-right-one-recommendations-on-how-to-understand-and-evaluate\/\" target=\"_blank\" rel=\"noopener\">Approximate weight of the ring<\/a><\/strong> (depends on size): <span data-sheets-root=\"1\">2.00 &#8211; 3.50 g<\/span><br \/>\n\u2022 <strong><a href=\"https:\/\/fashiongold.lt\/en\/patarimai-en\/engagement-rings-the-secret-of-perfect-proportions-why-some-diamond-rings-look-more-luxurious\/\" target=\"_blank\" rel=\"noopener\">Approximate crown width<\/a><\/strong> (depends on carat): <span data-sheets-root=\"1\">8 x 6 mm<\/span><br \/>\n\u2022 <strong><a href=\"https:\/\/fashiongold.lt\/en\/patarimai-en\/ring-comfort-zone-or-ring-comfort\/\" target=\"_blank\" rel=\"noopener\">Ring comfort fit<\/a><\/strong>: yes<br \/>\n\u2022 <strong><a href=\"https:\/\/fashiongold.lt\/en\/category\/learn-more-about-the-diamond-shape\/\" target=\"_blank\" rel=\"noopener\">Diamond shape and cut<\/a><\/strong>: <span data-sheets-root=\"1\">Oval shape (<em>Oval cut<\/em>)<\/span><br \/>\n\u2022 <strong><a href=\"https:\/\/fashiongold.lt\/en\/patarimai-en\/diamond-natural-lab-grown-or-artificial-how-to-choose-correctly\/\" target=\"_blank\" rel=\"noopener\">Diamond origin<\/a><\/strong> (optional): Lab-grown diamonds or natural diamonds<br \/>\n\u2022 <strong><a href=\"https:\/\/fashiongold.lt\/en\/patarimai-en\/diamond-how-the-luxury-of-the-most-valuable-gemstone-is-evaluated\/\" target=\"_blank\" rel=\"noopener\">Diamond weight and characteristics<\/a><\/strong> (customizable):<br \/>\nLab-grown diamond: (color D-E, clarity VVS), IGI certificate<br \/>\nNatural diamond: (color G-I, clarity SI), GIA certificate<br \/>\n\u2022 <strong><a href=\"https:\/\/fashiongold.lt\/en\/patarimai-en\/engagement-rings-can-the-ring-be-engraved-details-that-add-individuality-to-your-engagement-ring\/\" target=\"_blank\" rel=\"noopener\">Free engraving service<\/a><\/strong><br \/>\n\u2022 <strong><a href=\"https:\/\/fashiongold.lt\/en\/patarimai-en\/engagement-rings-free-resizing-for-a-perfect-fit\/\" target=\"_blank\" rel=\"noopener\">Ring size change guarantee<\/a><\/strong>: one-time free correction<br \/>\n\u2022 <strong><a href=\"https:\/\/fashiongold.lt\/en\/shipping-and-returns\/\" target=\"_blank\" rel=\"noopener\">Production and delivery<\/a><\/strong>: 14-21 business days, express within 7 business days.<\/p>\n<p>Do you have old gold or a gemstone you would like to use? We will adjust the price and you will only pay for the production. Want to change the diamond characteristics or add unique details? <strong><a href=\"https:\/\/fashiongold.lt\/en\/contacts\/\" target=\"_blank\" rel=\"noopener\">Contact us<\/a><\/strong>, and together we will create the perfect version.<br \/>\n<em>Fashion Gold<\/em> \u2013 a place where personal ideas become exceptional creations.<\/p>\n","protected":false},"excerpt":{"rendered":"<p>Diamond engagement ring \u2013 oval brilliance and elegance of perfect proportions This diamond engagement ring is designed for those who [&hellip;]<\/p>\n","protected":false},"featured_media":190838,"template":"","meta":{"site-sidebar-layout":"default","site-content-layout":"","ast-site-content-layout":"default","site-content-style":"default","site-sidebar-style":"default","ast-global-header-display":"","ast-banner-title-visibility":"","ast-main-header-display":"","ast-hfb-above-header-display":"","ast-hfb-below-header-display":"","ast-hfb-mobile-header-display":"","site-post-title":"","ast-breadcrumbs-content":"","ast-featured-img":"","footer-sml-layout":"","ast-disable-related-posts":"","theme-transparent-header-meta":"default","adv-header-id-meta":"","stick-header-meta":"","header-above-stick-meta":"","header-main-stick-meta":"","header-below-stick-meta":"","astra-migrate-meta-layouts":"default","ast-page-background-enabled":"default","ast-page-background-meta":{"desktop":{"background-color":"var(--ast-global-color-4)","background-image":"","background-repeat":"repeat","background-position":"center center","background-size":"auto","background-attachment":"scroll","background-type":"","background-media":"","overlay-type":"","overlay-color":"","overlay-opacity":"","overlay-gradient":""},"tablet":{"background-color":"","background-image":"","background-repeat":"repeat","background-position":"center center","background-size":"auto","background-attachment":"scroll","background-type":"","background-media":"","overlay-type":"","overlay-color":"","overlay-opacity":"","overlay-gradient":""},"mobile":{"background-color":"","background-image":"","background-repeat":"repeat","background-position":"center center","background-size":"auto","background-attachment":"scroll","background-type":"","background-media":"","overlay-type":"","overlay-color":"","overlay-opacity":"","overlay-gradient":""}},"ast-content-background-meta":{"desktop":{"background-color":"var(--ast-global-color-5)","background-image":"","background-repeat":"repeat","background-position":"center center","background-size":"auto","background-attachment":"scroll","background-type":"","background-media":"","overlay-type":"","overlay-color":"","overlay-opacity":"","overlay-gradient":""},"tablet":{"background-color":"var(--ast-global-color-5)","background-image":"","background-repeat":"repeat","background-position":"center center","background-size":"auto","background-attachment":"scroll","background-type":"","background-media":"","overlay-type":"","overlay-color":"","overlay-opacity":"","overlay-gradient":""},"mobile":{"background-color":"var(--ast-global-color-5)","background-image":"","background-repeat":"repeat","background-position":"center center","background-size":"auto","background-attachment":"scroll","background-type":"","background-media":"","overlay-type":"","overlay-color":"","overlay-opacity":"","overlay-gradient":""}}},"product_brand":[],"product_cat":[203,108],"product_tag":[],"class_list":{"0":"post-297777","1":"product","2":"type-product","3":"status-publish","4":"has-post-thumbnail","6":"product_cat-make-your-own-jewellery","7":"product_cat-start-with-the-design","8":"desktop-align-center","9":"tablet-align-left","10":"mobile-align-left","11":"ast-product-gallery-layout-horizontal-slider","12":"ast-product-single-variable","13":"ast-product-tabs-layout-accordion","14":"ast-qv-on-image","16":"first","17":"instock","18":"taxable","19":"shipping-taxable","20":"purchasable","21":"product-type-variable"},"yoast_head":"<!-- This site is optimized with the Yoast SEO plugin v26.6 - https:\/\/yoast.com\/wordpress\/plugins\/seo\/ -->\n<title>Engagement ring with diamond - OVAL diamond<\/title>\n<meta name=\"description\" content=\"Diamond engagement ring \u2013 oval-shaped beauty, balanced design, and brilliance that speaks without words. Let\u2019s create your dream ring together.\" \/>\n<meta name=\"robots\" content=\"index, follow, max-snippet:-1, max-image-preview:large, max-video-preview:-1\" \/>\n<link rel=\"canonical\" href=\"https:\/\/fashiongold.lt\/en\/papuosalas\/diamond-engagement-ring-oval-diamond\/\" \/>\n<meta property=\"og:locale\" content=\"en_US\" \/>\n<meta property=\"og:type\" content=\"article\" \/>\n<meta property=\"og:title\" content=\"Engagement ring with diamond - OVAL diamond\" \/>\n<meta property=\"og:description\" content=\"Diamond engagement ring \u2013 oval-shaped beauty, balanced design, and brilliance that speaks without words. Let\u2019s create your dream ring together.\" \/>\n<meta property=\"og:url\" content=\"https:\/\/fashiongold.lt\/en\/papuosalas\/diamond-engagement-ring-oval-diamond\/\" \/>\n<meta property=\"og:site_name\" content=\"Topdiamonds Online\" \/>\n<meta property=\"og:image\" content=\"https:\/\/fashiongold.lt\/wp-content\/uploads\/2025\/06\/klasikinis-suzadetuviu-ziedas-su-ovalo-formos-deimantu-is-balto-aukso-arba-platinos.webp\" \/>\n\t<meta property=\"og:image:width\" content=\"800\" \/>\n\t<meta property=\"og:image:height\" content=\"800\" \/>\n\t<meta property=\"og:image:type\" content=\"image\/jpeg\" \/>\n<meta name=\"twitter:card\" content=\"summary_large_image\" \/>\n<meta name=\"twitter:label1\" content=\"Est. reading time\" \/>\n\t<meta name=\"twitter:data1\" content=\"1 minute\" \/>\n<script type=\"application\/ld+json\" class=\"yoast-schema-graph\">{\"@context\":\"https:\/\/schema.org\",\"@graph\":[{\"@type\":\"WebPage\",\"@id\":\"https:\/\/fashiongold.lt\/en\/papuosalas\/diamond-engagement-ring-oval-diamond\/\",\"url\":\"https:\/\/fashiongold.lt\/en\/papuosalas\/diamond-engagement-ring-oval-diamond\/\",\"name\":\"Engagement ring with diamond - OVAL diamond\",\"isPartOf\":{\"@id\":\"https:\/\/fashiongold.lt\/en\/#website\"},\"primaryImageOfPage\":{\"@id\":\"https:\/\/fashiongold.lt\/en\/papuosalas\/diamond-engagement-ring-oval-diamond\/#primaryimage\"},\"image\":{\"@id\":\"https:\/\/fashiongold.lt\/en\/papuosalas\/diamond-engagement-ring-oval-diamond\/#primaryimage\"},\"thumbnailUrl\":\"https:\/\/fashiongold.lt\/wp-content\/uploads\/2025\/06\/klasikinis-suzadetuviu-ziedas-su-ovalo-formos-deimantu-is-balto-aukso-arba-platinos.jpg\",\"datePublished\":\"2025-06-13T15:48:41+00:00\",\"description\":\"Diamond engagement ring \u2013 oval-shaped beauty, balanced design, and brilliance that speaks without words. Let\u2019s create your dream ring together.\",\"breadcrumb\":{\"@id\":\"https:\/\/fashiongold.lt\/en\/papuosalas\/diamond-engagement-ring-oval-diamond\/#breadcrumb\"},\"inLanguage\":\"en-US\",\"potentialAction\":[{\"@type\":\"ReadAction\",\"target\":[\"https:\/\/fashiongold.lt\/en\/papuosalas\/diamond-engagement-ring-oval-diamond\/\"]}]},{\"@type\":\"ImageObject\",\"inLanguage\":\"en-US\",\"@id\":\"https:\/\/fashiongold.lt\/en\/papuosalas\/diamond-engagement-ring-oval-diamond\/#primaryimage\",\"url\":\"https:\/\/fashiongold.lt\/wp-content\/uploads\/2025\/06\/klasikinis-suzadetuviu-ziedas-su-ovalo-formos-deimantu-is-balto-aukso-arba-platinos.jpg\",\"contentUrl\":\"https:\/\/fashiongold.lt\/wp-content\/uploads\/2025\/06\/klasikinis-suzadetuviu-ziedas-su-ovalo-formos-deimantu-is-balto-aukso-arba-platinos.jpg\",\"width\":800,\"height\":800,\"caption\":\"Klasikinio dizaino su\u017ead\u0117tuvi\u0173 \u017eiedas su ovalo formos deimantu i\u0161\"},{\"@type\":\"BreadcrumbList\",\"@id\":\"https:\/\/fashiongold.lt\/en\/papuosalas\/diamond-engagement-ring-oval-diamond\/#breadcrumb\",\"itemListElement\":[{\"@type\":\"ListItem\",\"position\":1,\"name\":\"Home\",\"item\":\"https:\/\/fashiongold.lt\/en\/\"},{\"@type\":\"ListItem\",\"position\":2,\"name\":\"Diamond store Fashiongold.lt\",\"item\":\"https:\/\/fashiongold.lt\/shop-2\/\"},{\"@type\":\"ListItem\",\"position\":3,\"name\":\"Diamond engagement ring &#8211; OVAL diamond\"}]},{\"@type\":\"WebSite\",\"@id\":\"https:\/\/fashiongold.lt\/en\/#website\",\"url\":\"https:\/\/fashiongold.lt\/en\/\",\"name\":\"Fashion Gold\",\"description\":\"Juvelyrikos namai\",\"publisher\":{\"@id\":\"https:\/\/fashiongold.lt\/en\/#organization\"},\"potentialAction\":[{\"@type\":\"SearchAction\",\"target\":{\"@type\":\"EntryPoint\",\"urlTemplate\":\"https:\/\/fashiongold.lt\/en\/?s={search_term_string}\"},\"query-input\":{\"@type\":\"PropertyValueSpecification\",\"valueRequired\":true,\"valueName\":\"search_term_string\"}}],\"inLanguage\":\"en-US\"},{\"@type\":\"Organization\",\"@id\":\"https:\/\/fashiongold.lt\/en\/#organization\",\"name\":\"Topdiamonds Online\",\"url\":\"https:\/\/fashiongold.lt\/en\/\",\"logo\":{\"@type\":\"ImageObject\",\"inLanguage\":\"en-US\",\"@id\":\"https:\/\/fashiongold.lt\/en\/#\/schema\/logo\/image\/\",\"url\":\"https:\/\/fashiongold.lt\/wp-content\/uploads\/2025\/04\/cropped-fashion_gold_logotipas2-scaled-1.png\",\"contentUrl\":\"https:\/\/fashiongold.lt\/wp-content\/uploads\/2025\/04\/cropped-fashion_gold_logotipas2-scaled-1.png\",\"width\":2559,\"height\":421,\"caption\":\"Topdiamonds Online\"},\"image\":{\"@id\":\"https:\/\/fashiongold.lt\/en\/#\/schema\/logo\/image\/\"}}]}<\/script>\n<!-- \/ Yoast SEO plugin. -->","yoast_head_json":{"title":"Engagement ring with diamond - OVAL diamond","description":"Diamond engagement ring \u2013 oval-shaped beauty, balanced design, and brilliance that speaks without words. Let\u2019s create your dream ring together.","robots":{"index":"index","follow":"follow","max-snippet":"max-snippet:-1","max-image-preview":"max-image-preview:large","max-video-preview":"max-video-preview:-1"},"canonical":"https:\/\/fashiongold.lt\/en\/papuosalas\/diamond-engagement-ring-oval-diamond\/","og_locale":"en_US","og_type":"article","og_title":"Engagement ring with diamond - OVAL diamond","og_description":"Diamond engagement ring \u2013 oval-shaped beauty, balanced design, and brilliance that speaks without words. Let\u2019s create your dream ring together.","og_url":"https:\/\/fashiongold.lt\/en\/papuosalas\/diamond-engagement-ring-oval-diamond\/","og_site_name":"Topdiamonds Online","og_image":[{"width":800,"height":800,"url":"https:\/\/fashiongold.lt\/wp-content\/uploads\/2025\/06\/klasikinis-suzadetuviu-ziedas-su-ovalo-formos-deimantu-is-balto-aukso-arba-platinos.webp","type":"image\/jpeg"}],"twitter_card":"summary_large_image","twitter_misc":{"Est. reading time":"1 minute"},"schema":{"@context":"https:\/\/schema.org","@graph":[{"@type":"WebPage","@id":"https:\/\/fashiongold.lt\/en\/papuosalas\/diamond-engagement-ring-oval-diamond\/","url":"https:\/\/fashiongold.lt\/en\/papuosalas\/diamond-engagement-ring-oval-diamond\/","name":"Engagement ring with diamond - OVAL diamond","isPartOf":{"@id":"https:\/\/fashiongold.lt\/en\/#website"},"primaryImageOfPage":{"@id":"https:\/\/fashiongold.lt\/en\/papuosalas\/diamond-engagement-ring-oval-diamond\/#primaryimage"},"image":{"@id":"https:\/\/fashiongold.lt\/en\/papuosalas\/diamond-engagement-ring-oval-diamond\/#primaryimage"},"thumbnailUrl":"https:\/\/fashiongold.lt\/wp-content\/uploads\/2025\/06\/klasikinis-suzadetuviu-ziedas-su-ovalo-formos-deimantu-is-balto-aukso-arba-platinos.jpg","datePublished":"2025-06-13T15:48:41+00:00","description":"Diamond engagement ring \u2013 oval-shaped beauty, balanced design, and brilliance that speaks without words. Let\u2019s create your dream ring together.","breadcrumb":{"@id":"https:\/\/fashiongold.lt\/en\/papuosalas\/diamond-engagement-ring-oval-diamond\/#breadcrumb"},"inLanguage":"en-US","potentialAction":[{"@type":"ReadAction","target":["https:\/\/fashiongold.lt\/en\/papuosalas\/diamond-engagement-ring-oval-diamond\/"]}]},{"@type":"ImageObject","inLanguage":"en-US","@id":"https:\/\/fashiongold.lt\/en\/papuosalas\/diamond-engagement-ring-oval-diamond\/#primaryimage","url":"https:\/\/fashiongold.lt\/wp-content\/uploads\/2025\/06\/klasikinis-suzadetuviu-ziedas-su-ovalo-formos-deimantu-is-balto-aukso-arba-platinos.jpg","contentUrl":"https:\/\/fashiongold.lt\/wp-content\/uploads\/2025\/06\/klasikinis-suzadetuviu-ziedas-su-ovalo-formos-deimantu-is-balto-aukso-arba-platinos.jpg","width":800,"height":800,"caption":"Klasikinio dizaino su\u017ead\u0117tuvi\u0173 \u017eiedas su ovalo formos deimantu i\u0161"},{"@type":"BreadcrumbList","@id":"https:\/\/fashiongold.lt\/en\/papuosalas\/diamond-engagement-ring-oval-diamond\/#breadcrumb","itemListElement":[{"@type":"ListItem","position":1,"name":"Home","item":"https:\/\/fashiongold.lt\/en\/"},{"@type":"ListItem","position":2,"name":"Diamond store Fashiongold.lt","item":"https:\/\/fashiongold.lt\/shop-2\/"},{"@type":"ListItem","position":3,"name":"Diamond engagement ring &#8211; OVAL diamond"}]},{"@type":"WebSite","@id":"https:\/\/fashiongold.lt\/en\/#website","url":"https:\/\/fashiongold.lt\/en\/","name":"Fashion Gold","description":"Juvelyrikos namai","publisher":{"@id":"https:\/\/fashiongold.lt\/en\/#organization"},"potentialAction":[{"@type":"SearchAction","target":{"@type":"EntryPoint","urlTemplate":"https:\/\/fashiongold.lt\/en\/?s={search_term_string}"},"query-input":{"@type":"PropertyValueSpecification","valueRequired":true,"valueName":"search_term_string"}}],"inLanguage":"en-US"},{"@type":"Organization","@id":"https:\/\/fashiongold.lt\/en\/#organization","name":"Topdiamonds Online","url":"https:\/\/fashiongold.lt\/en\/","logo":{"@type":"ImageObject","inLanguage":"en-US","@id":"https:\/\/fashiongold.lt\/en\/#\/schema\/logo\/image\/","url":"https:\/\/fashiongold.lt\/wp-content\/uploads\/2025\/04\/cropped-fashion_gold_logotipas2-scaled-1.png","contentUrl":"https:\/\/fashiongold.lt\/wp-content\/uploads\/2025\/04\/cropped-fashion_gold_logotipas2-scaled-1.png","width":2559,"height":421,"caption":"Topdiamonds Online"},"image":{"@id":"https:\/\/fashiongold.lt\/en\/#\/schema\/logo\/image\/"}}]}},"_links":{"self":[{"href":"https:\/\/fashiongold.lt\/en\/wp-json\/wp\/v2\/product\/297777","targetHints":{"allow":["GET"]}}],"collection":[{"href":"https:\/\/fashiongold.lt\/en\/wp-json\/wp\/v2\/product"}],"about":[{"href":"https:\/\/fashiongold.lt\/en\/wp-json\/wp\/v2\/types\/product"}],"version-history":[{"count":0,"href":"https:\/\/fashiongold.lt\/en\/wp-json\/wp\/v2\/product\/297777\/revisions"}],"wp:featuredmedia":[{"embeddable":true,"href":"https:\/\/fashiongold.lt\/en\/wp-json\/wp\/v2\/media\/190838"}],"wp:attachment":[{"href":"https:\/\/fashiongold.lt\/en\/wp-json\/wp\/v2\/media?parent=297777"}],"wp:term":[{"taxonomy":"product_brand","embeddable":true,"href":"https:\/\/fashiongold.lt\/en\/wp-json\/wp\/v2\/product_brand?post=297777"},{"taxonomy":"product_cat","embeddable":true,"href":"https:\/\/fashiongold.lt\/en\/wp-json\/wp\/v2\/product_cat?post=297777"},{"taxonomy":"product_tag","embeddable":true,"href":"https:\/\/fashiongold.lt\/en\/wp-json\/wp\/v2\/product_tag?post=297777"}],"curies":[{"name":"wp","href":"https:\/\/api.w.org\/{rel}","templated":true}]}}