{"id":297907,"date":"2025-05-11T15:16:24","date_gmt":"2025-05-11T15:16:24","guid":{"rendered":"https:\/\/fashiongold.lt\/papuosalas\/classic-pear-diamond-engagement-ring-1-20-ct\/"},"modified":"2026-02-21T11:41:05","modified_gmt":"2026-02-21T11:41:05","slug":"classic-pear-diamond-engagement-ring-1-20-ct","status":"publish","type":"product","link":"https:\/\/fashiongold.lt\/en\/papuosalas\/classic-pear-diamond-engagement-ring-1-20-ct\/","title":{"rendered":"Classic Pear diamond engagement ring (1.20 ct)"},"content":{"rendered":"<p><span data-sheets-root=\"1\">Crafted with the utmost care and attention to detail, following the highest jewelry production standards. Upon request, the ring can be individually customized \u2013 with higher quality diamonds for an additional fee.<\/span><\/p>\n<p>\u2022 <strong><a href=\"https:\/\/fashiongold.lt\/en\/patarimai-en\/which-gold-purity-is-best-how-to-choose-the-most-suitable-engagement-or-wedding-ring\/\" target=\"_blank\" rel=\"noopener\">Precious metals<\/a><\/strong>: 14K (585 fineness), 18K (750 fineness), 900 platinum<br \/>\n\u2022 <strong><a href=\"https:\/\/fashiongold.lt\/en\/patarimai-en\/the-gold-color-of-engagement-and-wedding-rings-white-rose-or-yellow-gold\/\" target=\"_blank\" rel=\"noopener\">Available gold colors<\/a><\/strong>: white, red, yellow<br \/>\n\u2022 <strong><a href=\"https:\/\/fashiongold.lt\/en\/patarimai-en\/diamond-rings-gold-weight-of-the-ring-and-diamond-carat-weight-how-to-choose-the-right-one-recommendations-on-how-to-understand-and-evaluate\/\" target=\"_blank\" rel=\"noopener\">Approximate ring weight<\/a><\/strong>: 2.00 &#8211; 3.00 g<br \/>\n\u2022 <span data-sheets-root=\"1\"><a href=\"https:\/\/fashiongold.lt\/en\/patarimai-en\/engagement-rings-the-secret-of-perfect-proportions-why-some-diamond-rings-look-more-luxurious\/\" target=\"_blank\" rel=\"noopener\"><strong>Crown width<\/strong><\/a>:<\/span> approx. <span data-sheets-root=\"1\">8 x 6 mm<\/span><br \/>\n\u2022 <strong><a href=\"https:\/\/fashiongold.lt\/en\/patarimai-en\/diamond-other-diamond-shapes\/\" target=\"_blank\" rel=\"noopener\">Diamond shape and cut<\/a><\/strong>: <span data-sheets-root=\"1\">Rectangular shape (<em>Radiant cut<\/em>)<\/span><br \/>\n\u2022 <strong><a href=\"https:\/\/fashiongold.lt\/en\/patarimai-en\/diamond-natural-lab-grown-or-artificial-how-to-choose-correctly\/\" target=\"_blank\" rel=\"noopener\">Diamond origin<\/a><\/strong>: Lab-grown diamond or natural diamond<br \/>\n\u2022 <strong><a href=\"https:\/\/fashiongold.lt\/en\/patarimai-en\/diamond-how-the-luxury-of-the-most-valuable-gemstone-is-evaluated\/\" target=\"_blank\" rel=\"noopener\">Diamond weight and characteristics<\/a><\/strong> (customizable):<br \/>\nLab-grown diamond with IGI certificate: <span data-sheets-root=\"1\">1.20<\/span> ct diamond (color D-E, clarity VVS)<br \/>\nNatural diamond with GIA certificate: <span data-sheets-root=\"1\">1.20<\/span> ct diamond (color G-I, clarity SI)<br \/>\n\u2022 One-time free <strong><a href=\"https:\/\/fashiongold.lt\/en\/patarimai-en\/engagement-rings-can-the-ring-be-engraved-details-that-add-individuality-to-your-engagement-ring\/\" target=\"_blank\" rel=\"noopener\">engraving<\/a><\/strong><br \/>\n\u2022 One-time free <strong><a href=\"https:\/\/fashiongold.lt\/en\/patarimai-en\/engagement-rings-free-resizing-for-a-perfect-fit\/\" target=\"_blank\" rel=\"noopener\">ring resizing<\/a><br \/>\n<\/strong>\u2022 The inside of the engagement ring features a <strong><a href=\"https:\/\/fashiongold.lt\/en\/patarimai-en\/ring-comfort-zone-or-ring-comfort\/\" target=\"_blank\" rel=\"noopener\">comfort fit<\/a><\/strong><br \/>\n\u2022 <strong><a href=\"https:\/\/fashiongold.lt\/en\/shipping-and-returns\/\" target=\"_blank\" rel=\"noopener\">Production and delivery time<\/a><\/strong>: from 14 business days, rush order within 7 business days.<\/p>\n<p>Want to change the diamond size, color, or clarity grade? Everything can be customized to your preferences. Have your own gemstone or gold? <strong><a href=\"https:\/\/fashiongold.lt\/en\/contacts\/\" target=\"_blank\" rel=\"noopener\">Contact us<\/a><\/strong> and we will recalculate the price \u2013 you will only pay for the jewelry work! <br data-start=\"583\" data-end=\"586\" \/>Discover a wide range of diamond jewelry and create your dream piece with <a href=\"https:\/\/fashiongold.lt\/en\/\" target=\"_blank\" rel=\"noopener\">FashionGold.lt<\/a>.<\/p>\n","protected":false},"excerpt":{"rendered":"<h2 data-start=\"782\" data-end=\"1215\">Engagement ring with a diamond embodying a true drop of light<\/h2>\n<p data-start=\"782\" data-end=\"1215\">A 1.20 ct pear-shaped diamond is a fragment of light embodying true emotion. As light glides along the facets of this stone, the ring seems to breathe with you. This diamond engagement ring is for the woman who shines effortlessly \u2013 softly, yet undeniably. Every detail becomes a reminder that love isn&#8217;t loud; it simply glows.<\/p>\n<h3 data-start=\"1217\" data-end=\"1470\">When subtlety becomes the strongest style accent<\/h3>\n<p data-start=\"1217\" data-end=\"1470\">A 1.20 ct <em>Pear<\/em> cut diamond is a statement of quiet confidence. Its shape elongates the light, creating a visual depth that captivates the eye. Such an engagement ring does more than just adorn\u2014it speaks for you, even in your silence.<\/p>\n","protected":false},"featured_media":260771,"template":"","meta":{"site-sidebar-layout":"default","site-content-layout":"","ast-site-content-layout":"default","site-content-style":"default","site-sidebar-style":"default","ast-global-header-display":"","ast-banner-title-visibility":"","ast-main-header-display":"","ast-hfb-above-header-display":"","ast-hfb-below-header-display":"","ast-hfb-mobile-header-display":"","site-post-title":"","ast-breadcrumbs-content":"","ast-featured-img":"","footer-sml-layout":"","ast-disable-related-posts":"","theme-transparent-header-meta":"default","adv-header-id-meta":"","stick-header-meta":"","header-above-stick-meta":"","header-main-stick-meta":"","header-below-stick-meta":"","astra-migrate-meta-layouts":"default","ast-page-background-enabled":"default","ast-page-background-meta":{"desktop":{"background-color":"var(--ast-global-color-4)","background-image":"","background-repeat":"repeat","background-position":"center center","background-size":"auto","background-attachment":"scroll","background-type":"","background-media":"","overlay-type":"","overlay-color":"","overlay-opacity":"","overlay-gradient":""},"tablet":{"background-color":"","background-image":"","background-repeat":"repeat","background-position":"center center","background-size":"auto","background-attachment":"scroll","background-type":"","background-media":"","overlay-type":"","overlay-color":"","overlay-opacity":"","overlay-gradient":""},"mobile":{"background-color":"","background-image":"","background-repeat":"repeat","background-position":"center center","background-size":"auto","background-attachment":"scroll","background-type":"","background-media":"","overlay-type":"","overlay-color":"","overlay-opacity":"","overlay-gradient":""}},"ast-content-background-meta":{"desktop":{"background-color":"var(--ast-global-color-5)","background-image":"","background-repeat":"repeat","background-position":"center center","background-size":"auto","background-attachment":"scroll","background-type":"","background-media":"","overlay-type":"","overlay-color":"","overlay-opacity":"","overlay-gradient":""},"tablet":{"background-color":"var(--ast-global-color-5)","background-image":"","background-repeat":"repeat","background-position":"center center","background-size":"auto","background-attachment":"scroll","background-type":"","background-media":"","overlay-type":"","overlay-color":"","overlay-opacity":"","overlay-gradient":""},"mobile":{"background-color":"var(--ast-global-color-5)","background-image":"","background-repeat":"repeat","background-position":"center center","background-size":"auto","background-attachment":"scroll","background-type":"","background-media":"","overlay-type":"","overlay-color":"","overlay-opacity":"","overlay-gradient":""}}},"product_brand":[],"product_cat":[3084,3958,3085,3093,2891,3057,3121,3089,2961,2893,3087,2889,3088,2894],"product_tag":[],"class_list":{"0":"post-297907","1":"product","2":"type-product","3":"status-publish","4":"has-post-thumbnail","6":"product_cat-classic-engagement-rings","7":"product_cat-diamond-engagement-rings","8":"product_cat-engagement-rings","9":"product_cat-engagement-rings-with-lab-grown-diamonds","10":"product_cat-gifts-for-special-occasions","11":"product_cat-jewelry","12":"product_cat-lab-grown-diamond-jewelry","13":"product_cat-rose-gold-engagement-rings","14":"product_cat-rose-gold-jewelry","15":"product_cat-valentines-day-gifts","16":"product_cat-white-gold-engagement-rings","17":"product_cat-white-gold-jewelry","18":"product_cat-yellow-gold-engagement-rings","19":"product_cat-yellow-gold-jewelry","20":"desktop-align-center","21":"tablet-align-left","22":"mobile-align-left","23":"ast-product-gallery-layout-horizontal-slider","24":"ast-product-single-variable","25":"ast-product-tabs-layout-accordion","26":"ast-qv-on-image","28":"first","29":"instock","30":"taxable","31":"shipping-taxable","32":"purchasable","33":"product-type-variable"},"yoast_head":"<!-- This site is optimized with the Yoast SEO plugin v26.6 - https:\/\/yoast.com\/wordpress\/plugins\/seo\/ -->\n<title>Classic engagement ring with a Pear diamond (1.20 ct)<\/title>\n<meta name=\"description\" content=\"An expressive 1.20 ct diamond engagement ring \u2013 an inspiring combination of light and emotion, shining with pear-shaped perfection.\" \/>\n<meta name=\"robots\" content=\"index, follow, max-snippet:-1, max-image-preview:large, max-video-preview:-1\" \/>\n<link rel=\"canonical\" href=\"https:\/\/fashiongold.lt\/en\/papuosalas\/classic-pear-diamond-engagement-ring-1-20-ct\/\" \/>\n<meta property=\"og:locale\" content=\"en_US\" \/>\n<meta property=\"og:type\" content=\"article\" \/>\n<meta property=\"og:title\" content=\"Classic engagement ring with a Pear diamond (1.20 ct)\" \/>\n<meta property=\"og:description\" content=\"An expressive 1.20 ct diamond engagement ring \u2013 an inspiring combination of light and emotion, shining with pear-shaped perfection.\" \/>\n<meta property=\"og:url\" content=\"https:\/\/fashiongold.lt\/en\/papuosalas\/classic-pear-diamond-engagement-ring-1-20-ct\/\" \/>\n<meta property=\"og:site_name\" content=\"Topdiamonds Online\" \/>\n<meta property=\"article:modified_time\" content=\"2026-02-21T11:41:05+00:00\" \/>\n<meta property=\"og:image\" content=\"https:\/\/fashiongold.lt\/wp-content\/uploads\/2025\/05\/Klasikinis-suzadetuviu-ziedas-su-laso-formos-deimantu-is-balto-aukso-arba-platinos.webp\" \/>\n\t<meta property=\"og:image:width\" content=\"800\" \/>\n\t<meta property=\"og:image:height\" content=\"800\" \/>\n\t<meta property=\"og:image:type\" content=\"image\/png\" \/>\n<meta name=\"twitter:card\" content=\"summary_large_image\" \/>\n<meta name=\"twitter:label1\" content=\"Est. reading time\" \/>\n\t<meta name=\"twitter:data1\" content=\"1 minute\" \/>\n<script type=\"application\/ld+json\" class=\"yoast-schema-graph\">{\"@context\":\"https:\/\/schema.org\",\"@graph\":[{\"@type\":\"WebPage\",\"@id\":\"https:\/\/fashiongold.lt\/en\/papuosalas\/classic-pear-diamond-engagement-ring-1-20-ct\/\",\"url\":\"https:\/\/fashiongold.lt\/en\/papuosalas\/classic-pear-diamond-engagement-ring-1-20-ct\/\",\"name\":\"Classic engagement ring with a Pear diamond (1.20 ct)\",\"isPartOf\":{\"@id\":\"https:\/\/fashiongold.lt\/en\/#website\"},\"primaryImageOfPage\":{\"@id\":\"https:\/\/fashiongold.lt\/en\/papuosalas\/classic-pear-diamond-engagement-ring-1-20-ct\/#primaryimage\"},\"image\":{\"@id\":\"https:\/\/fashiongold.lt\/en\/papuosalas\/classic-pear-diamond-engagement-ring-1-20-ct\/#primaryimage\"},\"thumbnailUrl\":\"https:\/\/fashiongold.lt\/wp-content\/uploads\/2025\/05\/Klasikinis-suzadetuviu-ziedas-su-laso-formos-deimantu-is-balto-aukso-arba-platinos.png\",\"datePublished\":\"2025-05-11T15:16:24+00:00\",\"dateModified\":\"2026-02-21T11:41:05+00:00\",\"description\":\"An expressive 1.20 ct diamond engagement ring \u2013 an inspiring combination of light and emotion, shining with pear-shaped perfection.\",\"breadcrumb\":{\"@id\":\"https:\/\/fashiongold.lt\/en\/papuosalas\/classic-pear-diamond-engagement-ring-1-20-ct\/#breadcrumb\"},\"inLanguage\":\"en-US\",\"potentialAction\":[{\"@type\":\"ReadAction\",\"target\":[\"https:\/\/fashiongold.lt\/en\/papuosalas\/classic-pear-diamond-engagement-ring-1-20-ct\/\"]}]},{\"@type\":\"ImageObject\",\"inLanguage\":\"en-US\",\"@id\":\"https:\/\/fashiongold.lt\/en\/papuosalas\/classic-pear-diamond-engagement-ring-1-20-ct\/#primaryimage\",\"url\":\"https:\/\/fashiongold.lt\/wp-content\/uploads\/2025\/05\/Klasikinis-suzadetuviu-ziedas-su-laso-formos-deimantu-is-balto-aukso-arba-platinos.png\",\"contentUrl\":\"https:\/\/fashiongold.lt\/wp-content\/uploads\/2025\/05\/Klasikinis-suzadetuviu-ziedas-su-laso-formos-deimantu-is-balto-aukso-arba-platinos.png\",\"width\":800,\"height\":800,\"caption\":\"Klasikinis su\u017ead\u0117tuvi\u0173 \u017eiedas su la\u0161o formos deimantu i\u0161 balto aukso arba platinos\"},{\"@type\":\"BreadcrumbList\",\"@id\":\"https:\/\/fashiongold.lt\/en\/papuosalas\/classic-pear-diamond-engagement-ring-1-20-ct\/#breadcrumb\",\"itemListElement\":[{\"@type\":\"ListItem\",\"position\":1,\"name\":\"Home\",\"item\":\"https:\/\/fashiongold.lt\/en\/\"},{\"@type\":\"ListItem\",\"position\":2,\"name\":\"Diamond store Fashiongold.lt\",\"item\":\"https:\/\/fashiongold.lt\/shop-2\/\"},{\"@type\":\"ListItem\",\"position\":3,\"name\":\"Classic Pear diamond engagement ring (1.20 ct)\"}]},{\"@type\":\"WebSite\",\"@id\":\"https:\/\/fashiongold.lt\/en\/#website\",\"url\":\"https:\/\/fashiongold.lt\/en\/\",\"name\":\"Fashion Gold\",\"description\":\"Juvelyrikos namai\",\"publisher\":{\"@id\":\"https:\/\/fashiongold.lt\/en\/#organization\"},\"potentialAction\":[{\"@type\":\"SearchAction\",\"target\":{\"@type\":\"EntryPoint\",\"urlTemplate\":\"https:\/\/fashiongold.lt\/en\/?s={search_term_string}\"},\"query-input\":{\"@type\":\"PropertyValueSpecification\",\"valueRequired\":true,\"valueName\":\"search_term_string\"}}],\"inLanguage\":\"en-US\"},{\"@type\":\"Organization\",\"@id\":\"https:\/\/fashiongold.lt\/en\/#organization\",\"name\":\"Topdiamonds Online\",\"url\":\"https:\/\/fashiongold.lt\/en\/\",\"logo\":{\"@type\":\"ImageObject\",\"inLanguage\":\"en-US\",\"@id\":\"https:\/\/fashiongold.lt\/en\/#\/schema\/logo\/image\/\",\"url\":\"https:\/\/fashiongold.lt\/wp-content\/uploads\/2025\/04\/cropped-fashion_gold_logotipas2-scaled-1.png\",\"contentUrl\":\"https:\/\/fashiongold.lt\/wp-content\/uploads\/2025\/04\/cropped-fashion_gold_logotipas2-scaled-1.png\",\"width\":2559,\"height\":421,\"caption\":\"Topdiamonds Online\"},\"image\":{\"@id\":\"https:\/\/fashiongold.lt\/en\/#\/schema\/logo\/image\/\"}}]}<\/script>\n<!-- \/ Yoast SEO plugin. -->","yoast_head_json":{"title":"Classic engagement ring with a Pear diamond (1.20 ct)","description":"An expressive 1.20 ct diamond engagement ring \u2013 an inspiring combination of light and emotion, shining with pear-shaped perfection.","robots":{"index":"index","follow":"follow","max-snippet":"max-snippet:-1","max-image-preview":"max-image-preview:large","max-video-preview":"max-video-preview:-1"},"canonical":"https:\/\/fashiongold.lt\/en\/papuosalas\/classic-pear-diamond-engagement-ring-1-20-ct\/","og_locale":"en_US","og_type":"article","og_title":"Classic engagement ring with a Pear diamond (1.20 ct)","og_description":"An expressive 1.20 ct diamond engagement ring \u2013 an inspiring combination of light and emotion, shining with pear-shaped perfection.","og_url":"https:\/\/fashiongold.lt\/en\/papuosalas\/classic-pear-diamond-engagement-ring-1-20-ct\/","og_site_name":"Topdiamonds Online","article_modified_time":"2026-02-21T11:41:05+00:00","og_image":[{"width":800,"height":800,"url":"https:\/\/fashiongold.lt\/wp-content\/uploads\/2025\/05\/Klasikinis-suzadetuviu-ziedas-su-laso-formos-deimantu-is-balto-aukso-arba-platinos.webp","type":"image\/png"}],"twitter_card":"summary_large_image","twitter_misc":{"Est. reading time":"1 minute"},"schema":{"@context":"https:\/\/schema.org","@graph":[{"@type":"WebPage","@id":"https:\/\/fashiongold.lt\/en\/papuosalas\/classic-pear-diamond-engagement-ring-1-20-ct\/","url":"https:\/\/fashiongold.lt\/en\/papuosalas\/classic-pear-diamond-engagement-ring-1-20-ct\/","name":"Classic engagement ring with a Pear diamond (1.20 ct)","isPartOf":{"@id":"https:\/\/fashiongold.lt\/en\/#website"},"primaryImageOfPage":{"@id":"https:\/\/fashiongold.lt\/en\/papuosalas\/classic-pear-diamond-engagement-ring-1-20-ct\/#primaryimage"},"image":{"@id":"https:\/\/fashiongold.lt\/en\/papuosalas\/classic-pear-diamond-engagement-ring-1-20-ct\/#primaryimage"},"thumbnailUrl":"https:\/\/fashiongold.lt\/wp-content\/uploads\/2025\/05\/Klasikinis-suzadetuviu-ziedas-su-laso-formos-deimantu-is-balto-aukso-arba-platinos.png","datePublished":"2025-05-11T15:16:24+00:00","dateModified":"2026-02-21T11:41:05+00:00","description":"An expressive 1.20 ct diamond engagement ring \u2013 an inspiring combination of light and emotion, shining with pear-shaped perfection.","breadcrumb":{"@id":"https:\/\/fashiongold.lt\/en\/papuosalas\/classic-pear-diamond-engagement-ring-1-20-ct\/#breadcrumb"},"inLanguage":"en-US","potentialAction":[{"@type":"ReadAction","target":["https:\/\/fashiongold.lt\/en\/papuosalas\/classic-pear-diamond-engagement-ring-1-20-ct\/"]}]},{"@type":"ImageObject","inLanguage":"en-US","@id":"https:\/\/fashiongold.lt\/en\/papuosalas\/classic-pear-diamond-engagement-ring-1-20-ct\/#primaryimage","url":"https:\/\/fashiongold.lt\/wp-content\/uploads\/2025\/05\/Klasikinis-suzadetuviu-ziedas-su-laso-formos-deimantu-is-balto-aukso-arba-platinos.png","contentUrl":"https:\/\/fashiongold.lt\/wp-content\/uploads\/2025\/05\/Klasikinis-suzadetuviu-ziedas-su-laso-formos-deimantu-is-balto-aukso-arba-platinos.png","width":800,"height":800,"caption":"Klasikinis su\u017ead\u0117tuvi\u0173 \u017eiedas su la\u0161o formos deimantu i\u0161 balto aukso arba platinos"},{"@type":"BreadcrumbList","@id":"https:\/\/fashiongold.lt\/en\/papuosalas\/classic-pear-diamond-engagement-ring-1-20-ct\/#breadcrumb","itemListElement":[{"@type":"ListItem","position":1,"name":"Home","item":"https:\/\/fashiongold.lt\/en\/"},{"@type":"ListItem","position":2,"name":"Diamond store Fashiongold.lt","item":"https:\/\/fashiongold.lt\/shop-2\/"},{"@type":"ListItem","position":3,"name":"Classic Pear diamond engagement ring (1.20 ct)"}]},{"@type":"WebSite","@id":"https:\/\/fashiongold.lt\/en\/#website","url":"https:\/\/fashiongold.lt\/en\/","name":"Fashion Gold","description":"Juvelyrikos namai","publisher":{"@id":"https:\/\/fashiongold.lt\/en\/#organization"},"potentialAction":[{"@type":"SearchAction","target":{"@type":"EntryPoint","urlTemplate":"https:\/\/fashiongold.lt\/en\/?s={search_term_string}"},"query-input":{"@type":"PropertyValueSpecification","valueRequired":true,"valueName":"search_term_string"}}],"inLanguage":"en-US"},{"@type":"Organization","@id":"https:\/\/fashiongold.lt\/en\/#organization","name":"Topdiamonds Online","url":"https:\/\/fashiongold.lt\/en\/","logo":{"@type":"ImageObject","inLanguage":"en-US","@id":"https:\/\/fashiongold.lt\/en\/#\/schema\/logo\/image\/","url":"https:\/\/fashiongold.lt\/wp-content\/uploads\/2025\/04\/cropped-fashion_gold_logotipas2-scaled-1.png","contentUrl":"https:\/\/fashiongold.lt\/wp-content\/uploads\/2025\/04\/cropped-fashion_gold_logotipas2-scaled-1.png","width":2559,"height":421,"caption":"Topdiamonds Online"},"image":{"@id":"https:\/\/fashiongold.lt\/en\/#\/schema\/logo\/image\/"}}]}},"_links":{"self":[{"href":"https:\/\/fashiongold.lt\/en\/wp-json\/wp\/v2\/product\/297907","targetHints":{"allow":["GET"]}}],"collection":[{"href":"https:\/\/fashiongold.lt\/en\/wp-json\/wp\/v2\/product"}],"about":[{"href":"https:\/\/fashiongold.lt\/en\/wp-json\/wp\/v2\/types\/product"}],"version-history":[{"count":0,"href":"https:\/\/fashiongold.lt\/en\/wp-json\/wp\/v2\/product\/297907\/revisions"}],"wp:featuredmedia":[{"embeddable":true,"href":"https:\/\/fashiongold.lt\/en\/wp-json\/wp\/v2\/media\/260771"}],"wp:attachment":[{"href":"https:\/\/fashiongold.lt\/en\/wp-json\/wp\/v2\/media?parent=297907"}],"wp:term":[{"taxonomy":"product_brand","embeddable":true,"href":"https:\/\/fashiongold.lt\/en\/wp-json\/wp\/v2\/product_brand?post=297907"},{"taxonomy":"product_cat","embeddable":true,"href":"https:\/\/fashiongold.lt\/en\/wp-json\/wp\/v2\/product_cat?post=297907"},{"taxonomy":"product_tag","embeddable":true,"href":"https:\/\/fashiongold.lt\/en\/wp-json\/wp\/v2\/product_tag?post=297907"}],"curies":[{"name":"wp","href":"https:\/\/api.w.org\/{rel}","templated":true}]}}