{"id":269313,"date":"2025-10-27T09:16:26","date_gmt":"2025-10-27T09:16:26","guid":{"rendered":"https:\/\/fashiongold.lt\/broneeringud\/"},"modified":"2026-02-03T05:31:48","modified_gmt":"2026-02-03T05:31:48","slug":"broneeringud","status":"publish","type":"page","link":"https:\/\/fashiongold.lt\/et\/broneeringud\/","title":{"rendered":"Broneeringud"},"content":{"rendered":"    <div class=\"booking-info-box\" style=\"background: #e7f3ff; border-left: 4px solid #2196F3; padding: 15px; margin-bottom: 20px; border-radius: 4px;\">\n        <p style=\"margin: 0; color: #1976D2; font-size: 14px;\">\n            <strong>\u2139\ufe0f Svarbu:<\/strong> Registracija n\u0117ra b\u016btina \u2013 galite atvykti ir be jos, tiesiog prioritetas bus taikomas klientams su registracija. Jei nerandate sau tinkamo laiko arba jis jau u\u017eimtas, para\u0161ykite arba paskambinkite mums \u2013 i\u0161spr\u0119sime \u0161\u012f klausim\u0105.\n        <\/p>\n    <\/div>\n    <form method=\"post\" action=\"\/et\/wp-json\/wp\/v2\/pages\/269313\" class=\"custom-booking-form\">\n        <p><label>J\u016bs\u0173 vardas <span class=\"req\" style=\"color:red;\">*<\/span><\/label><br><input type=\"text\" name=\"booking_name\" required><\/p>\n        <p><label>Telefono numeris <span class=\"req\" style=\"color:red;\">*<\/span><\/label><br><input type=\"tel\" name=\"booking_phone\" value=\"+3706\" placeholder=\"+3706...\" required><\/p>\n        <p><label>El. pa\u0161tas <span class=\"req\" style=\"color:red;\">*<\/span><\/label><br><input type=\"email\" name=\"booking_email\" placeholder=\"jusu@el-pastas.lt\" required><\/p>\n\n        <p>\n          <label>Nemokama konsultacija <span class=\"req\" style=\"color:red;\">*<\/span><\/label><br>\n          <select name=\"booking_service\" id=\"booking_service\" required>\n            <option value=\"\">-- Pasirinkite paslaug\u0105 --<\/option>\n            <option value=\"\ud83d\udc8d Su\u017ead\u0117tuvi\u0173 \u017eiedai \u2013 konsultacija parduotuv\u0117je\" data-duration=\"60\">\ud83d\udc8d Su\u017ead\u0117tuvi\u0173 \u017eiedai \u2013 konsultacija parduotuv\u0117je<\/option><option value=\"\ud83d\udc8d Vestuviniai \u017eiedai \u2013 konsultacija parduotuv\u0117je\" data-duration=\"60\">\ud83d\udc8d Vestuviniai \u017eiedai \u2013 konsultacija parduotuv\u0117je<\/option><option value=\"\ud83d\udc8e Deimantai \u2013 konsultacija parduotuv\u0117je\" data-duration=\"60\">\ud83d\udc8e Deimantai \u2013 konsultacija parduotuv\u0117je<\/option><option value=\"\ud83d\udc8e Deimantai \u2013 konsultacija telefonu\" data-duration=\"60\">\ud83d\udc8e Deimantai \u2013 konsultacija telefonu<\/option><option value=\"\ud83d\udcde Konsultacija telefonu \u2013 visais juvelyrikos klausimais\" data-duration=\"30\">\ud83d\udcde Konsultacija telefonu \u2013 visais juvelyrikos klausimais<\/option><option value=\"\ud83d\udce6 U\u017esakymo atsi\u0117mimas\" data-duration=\"30\">\ud83d\udce6 U\u017esakymo atsi\u0117mimas<\/option>          <\/select>\n        <\/p>\n\n        <p><label>Data <span class=\"req\" style=\"color:red;\">*<\/span><\/label><br><input type=\"date\" id=\"fgb_booking_date\" name=\"booking_date\" value=\"\" min=\"2026-04-24\" required><\/p>\n\n        <p><label>Laikas <span class=\"req\" style=\"color:red;\">*<\/span><\/label><br>\n        <div class=\"booking-times\" id=\"fgb_time_slots_container\">\n            <p style=\"color: #666; font-style: italic;\">Pasirinkite dat\u0105, kad pamatytum\u0117te galimus laikus.<\/p>        <\/div>\n        <\/p>\n\n        <input type=\"hidden\" id=\"de_booking_nonce\" name=\"de_booking_nonce\" value=\"95988d4d51\" \/><input type=\"hidden\" name=\"_wp_http_referer\" value=\"\/et\/wp-json\/wp\/v2\/pages\/269313\" \/>        <input type=\"hidden\" name=\"booking_hp\" value=\"\">\n        <input type=\"hidden\" name=\"booking_submit\" value=\"1\">\n        <p><input type=\"submit\" name=\"booking_submit_btn\" value=\"REZERVUOTI\"><\/p>\n    <\/form>\n    \n","protected":false},"excerpt":{"rendered":"","protected":false},"author":3,"featured_media":0,"parent":0,"menu_order":0,"comment_status":"closed","ping_status":"closed","template":"","meta":{"site-sidebar-layout":"default","site-content-layout":"","ast-site-content-layout":"default","site-content-style":"default","site-sidebar-style":"default","ast-global-header-display":"","ast-banner-title-visibility":"","ast-main-header-display":"","ast-hfb-above-header-display":"","ast-hfb-below-header-display":"","ast-hfb-mobile-header-display":"","site-post-title":"","ast-breadcrumbs-content":"","ast-featured-img":"","footer-sml-layout":"","ast-disable-related-posts":"","theme-transparent-header-meta":"default","adv-header-id-meta":"","stick-header-meta":"","header-above-stick-meta":"","header-main-stick-meta":"","header-below-stick-meta":"","astra-migrate-meta-layouts":"default","ast-page-background-enabled":"default","ast-page-background-meta":{"desktop":{"background-color":"var(--ast-global-color-4)","background-image":"","background-repeat":"repeat","background-position":"center center","background-size":"auto","background-attachment":"scroll","background-type":"","background-media":"","overlay-type":"","overlay-color":"","overlay-opacity":"","overlay-gradient":""},"tablet":{"background-color":"","background-image":"","background-repeat":"repeat","background-position":"center center","background-size":"auto","background-attachment":"scroll","background-type":"","background-media":"","overlay-type":"","overlay-color":"","overlay-opacity":"","overlay-gradient":""},"mobile":{"background-color":"","background-image":"","background-repeat":"repeat","background-position":"center center","background-size":"auto","background-attachment":"scroll","background-type":"","background-media":"","overlay-type":"","overlay-color":"","overlay-opacity":"","overlay-gradient":""}},"ast-content-background-meta":{"desktop":{"background-color":"var(--ast-global-color-5)","background-image":"","background-repeat":"repeat","background-position":"center center","background-size":"auto","background-attachment":"scroll","background-type":"","background-media":"","overlay-type":"","overlay-color":"","overlay-opacity":"","overlay-gradient":""},"tablet":{"background-color":"var(--ast-global-color-5)","background-image":"","background-repeat":"repeat","background-position":"center center","background-size":"auto","background-attachment":"scroll","background-type":"","background-media":"","overlay-type":"","overlay-color":"","overlay-opacity":"","overlay-gradient":""},"mobile":{"background-color":"var(--ast-global-color-5)","background-image":"","background-repeat":"repeat","background-position":"center center","background-size":"auto","background-attachment":"scroll","background-type":"","background-media":"","overlay-type":"","overlay-color":"","overlay-opacity":"","overlay-gradient":""}},"footnotes":""},"class_list":["post-269313","page","type-page","status-publish","hentry"],"yoast_head":"<!-- This site is optimized with the Yoast SEO plugin v26.6 - https:\/\/yoast.com\/wordpress\/plugins\/seo\/ -->\n<title>Broneeringud - FashionGold.lt<\/title>\n<meta name=\"robots\" content=\"noindex, follow\" \/>\n<meta property=\"og:locale\" content=\"et_EE\" \/>\n<meta property=\"og:type\" content=\"article\" \/>\n<meta property=\"og:title\" content=\"Broneeringud - FashionGold.lt\" \/>\n<meta property=\"og:url\" content=\"https:\/\/fashiongold.lt\/et\/broneeringud\/\" \/>\n<meta property=\"og:site_name\" content=\"FashionGold.lt\" \/>\n<meta property=\"article:modified_time\" content=\"2026-02-03T05:31:48+00:00\" \/>\n<meta name=\"twitter:card\" content=\"summary_large_image\" \/>\n<script type=\"application\/ld+json\" class=\"yoast-schema-graph\">{\"@context\":\"https:\/\/schema.org\",\"@graph\":[{\"@type\":\"WebPage\",\"@id\":\"https:\/\/fashiongold.lt\/et\/broneeringud\/\",\"url\":\"https:\/\/fashiongold.lt\/et\/broneeringud\/\",\"name\":\"Broneeringud - FashionGold.lt\",\"isPartOf\":{\"@id\":\"https:\/\/fashiongold.lt\/et\/#website\"},\"datePublished\":\"2025-10-27T09:16:26+00:00\",\"dateModified\":\"2026-02-03T05:31:48+00:00\",\"breadcrumb\":{\"@id\":\"https:\/\/fashiongold.lt\/et\/broneeringud\/#breadcrumb\"},\"inLanguage\":\"et\",\"potentialAction\":[{\"@type\":\"ReadAction\",\"target\":[\"https:\/\/fashiongold.lt\/et\/broneeringud\/\"]}]},{\"@type\":\"BreadcrumbList\",\"@id\":\"https:\/\/fashiongold.lt\/et\/broneeringud\/#breadcrumb\",\"itemListElement\":[{\"@type\":\"ListItem\",\"position\":1,\"name\":\"Home\",\"item\":\"https:\/\/fashiongold.lt\/et\/\"},{\"@type\":\"ListItem\",\"position\":2,\"name\":\"Broneeringud\"}]},{\"@type\":\"WebSite\",\"@id\":\"https:\/\/fashiongold.lt\/et\/#website\",\"url\":\"https:\/\/fashiongold.lt\/et\/\",\"name\":\"Fashion Gold\",\"description\":\"Juvelyrikos namai\",\"publisher\":{\"@id\":\"https:\/\/fashiongold.lt\/et\/#organization\"},\"potentialAction\":[{\"@type\":\"SearchAction\",\"target\":{\"@type\":\"EntryPoint\",\"urlTemplate\":\"https:\/\/fashiongold.lt\/et\/?s={search_term_string}\"},\"query-input\":{\"@type\":\"PropertyValueSpecification\",\"valueRequired\":true,\"valueName\":\"search_term_string\"}}],\"inLanguage\":\"et\"},{\"@type\":\"Organization\",\"@id\":\"https:\/\/fashiongold.lt\/et\/#organization\",\"name\":\"Topdiamonds Online\",\"url\":\"https:\/\/fashiongold.lt\/et\/\",\"logo\":{\"@type\":\"ImageObject\",\"inLanguage\":\"et\",\"@id\":\"https:\/\/fashiongold.lt\/et\/#\/schema\/logo\/image\/\",\"url\":\"https:\/\/fashiongold.lt\/wp-content\/uploads\/2025\/04\/cropped-fashion_gold_logotipas2-scaled-1.png\",\"contentUrl\":\"https:\/\/fashiongold.lt\/wp-content\/uploads\/2025\/04\/cropped-fashion_gold_logotipas2-scaled-1.png\",\"width\":2559,\"height\":421,\"caption\":\"Topdiamonds Online\"},\"image\":{\"@id\":\"https:\/\/fashiongold.lt\/et\/#\/schema\/logo\/image\/\"}}]}<\/script>\n<!-- \/ Yoast SEO plugin. -->","yoast_head_json":{"title":"Broneeringud - FashionGold.lt","robots":{"index":"noindex","follow":"follow"},"og_locale":"et_EE","og_type":"article","og_title":"Broneeringud - FashionGold.lt","og_url":"https:\/\/fashiongold.lt\/et\/broneeringud\/","og_site_name":"FashionGold.lt","article_modified_time":"2026-02-03T05:31:48+00:00","twitter_card":"summary_large_image","schema":{"@context":"https:\/\/schema.org","@graph":[{"@type":"WebPage","@id":"https:\/\/fashiongold.lt\/et\/broneeringud\/","url":"https:\/\/fashiongold.lt\/et\/broneeringud\/","name":"Broneeringud - FashionGold.lt","isPartOf":{"@id":"https:\/\/fashiongold.lt\/et\/#website"},"datePublished":"2025-10-27T09:16:26+00:00","dateModified":"2026-02-03T05:31:48+00:00","breadcrumb":{"@id":"https:\/\/fashiongold.lt\/et\/broneeringud\/#breadcrumb"},"inLanguage":"et","potentialAction":[{"@type":"ReadAction","target":["https:\/\/fashiongold.lt\/et\/broneeringud\/"]}]},{"@type":"BreadcrumbList","@id":"https:\/\/fashiongold.lt\/et\/broneeringud\/#breadcrumb","itemListElement":[{"@type":"ListItem","position":1,"name":"Home","item":"https:\/\/fashiongold.lt\/et\/"},{"@type":"ListItem","position":2,"name":"Broneeringud"}]},{"@type":"WebSite","@id":"https:\/\/fashiongold.lt\/et\/#website","url":"https:\/\/fashiongold.lt\/et\/","name":"Fashion Gold","description":"Juvelyrikos namai","publisher":{"@id":"https:\/\/fashiongold.lt\/et\/#organization"},"potentialAction":[{"@type":"SearchAction","target":{"@type":"EntryPoint","urlTemplate":"https:\/\/fashiongold.lt\/et\/?s={search_term_string}"},"query-input":{"@type":"PropertyValueSpecification","valueRequired":true,"valueName":"search_term_string"}}],"inLanguage":"et"},{"@type":"Organization","@id":"https:\/\/fashiongold.lt\/et\/#organization","name":"Topdiamonds Online","url":"https:\/\/fashiongold.lt\/et\/","logo":{"@type":"ImageObject","inLanguage":"et","@id":"https:\/\/fashiongold.lt\/et\/#\/schema\/logo\/image\/","url":"https:\/\/fashiongold.lt\/wp-content\/uploads\/2025\/04\/cropped-fashion_gold_logotipas2-scaled-1.png","contentUrl":"https:\/\/fashiongold.lt\/wp-content\/uploads\/2025\/04\/cropped-fashion_gold_logotipas2-scaled-1.png","width":2559,"height":421,"caption":"Topdiamonds Online"},"image":{"@id":"https:\/\/fashiongold.lt\/et\/#\/schema\/logo\/image\/"}}]}},"_links":{"self":[{"href":"https:\/\/fashiongold.lt\/et\/wp-json\/wp\/v2\/pages\/269313","targetHints":{"allow":["GET"]}}],"collection":[{"href":"https:\/\/fashiongold.lt\/et\/wp-json\/wp\/v2\/pages"}],"about":[{"href":"https:\/\/fashiongold.lt\/et\/wp-json\/wp\/v2\/types\/page"}],"author":[{"embeddable":true,"href":"https:\/\/fashiongold.lt\/et\/wp-json\/wp\/v2\/users\/3"}],"replies":[{"embeddable":true,"href":"https:\/\/fashiongold.lt\/et\/wp-json\/wp\/v2\/comments?post=269313"}],"version-history":[{"count":0,"href":"https:\/\/fashiongold.lt\/et\/wp-json\/wp\/v2\/pages\/269313\/revisions"}],"wp:attachment":[{"href":"https:\/\/fashiongold.lt\/et\/wp-json\/wp\/v2\/media?parent=269313"}],"curies":[{"name":"wp","href":"https:\/\/api.w.org\/{rel}","templated":true}]}}