{"id":269321,"date":"2025-12-08T21:14:08","date_gmt":"2025-12-08T21:14:08","guid":{"rendered":"https:\/\/fashiongold.lt\/kkk-abielusormused\/"},"modified":"2026-02-03T05:05:14","modified_gmt":"2026-02-03T05:05:14","slug":"kkk-abielusormused","status":"publish","type":"page","link":"https:\/\/fashiongold.lt\/et\/kkk-abielusormused\/","title":{"rendered":"KKK Abielus\u00f5rmused"},"content":{"rendered":"<h2><img fetchpriority=\"high\" decoding=\"async\" class=\"alignnone size-medium wp-image-262611\" src=\"https:\/\/fashiongold.lt\/wp-content\/uploads\/2025\/11\/182cd79a-3be2-40f3-a845-37e66b3f9217-300x200.png\" alt=\"Valgest kullast abielus\u00f5rmus ja teemantriba \u2013 elegantne kombinatsioon, mis toob esile valge kulla s\u00e4ra.\" width=\"300\" height=\"200\" srcset=\"https:\/\/fashiongold.lt\/wp-content\/uploads\/2025\/11\/182cd79a-3be2-40f3-a845-37e66b3f9217-300x200.png 300w, https:\/\/fashiongold.lt\/wp-content\/uploads\/2025\/11\/182cd79a-3be2-40f3-a845-37e66b3f9217-1024x683.png 1024w, https:\/\/fashiongold.lt\/wp-content\/uploads\/2025\/11\/182cd79a-3be2-40f3-a845-37e66b3f9217-768x512.png 768w, https:\/\/fashiongold.lt\/wp-content\/uploads\/2025\/11\/182cd79a-3be2-40f3-a845-37e66b3f9217-600x400.png 600w, https:\/\/fashiongold.lt\/wp-content\/uploads\/2025\/11\/182cd79a-3be2-40f3-a845-37e66b3f9217.png 1536w\" sizes=\"(max-width: 300px) 100vw, 300px\" \/><\/h2>\n<h2>Kust on k\u00f5ige parem osta abielus\u00f5rmuseid?<\/h2>\n<p>Parim on osta spetsialiseeritud juveelibutiigist koos garantii ja sertifikaatidega, nt Fashion Goldist.<\/p>\n<h2>Kuidas tunda \u00e4ra kvaliteetsed abielus\u00f5rmused?<\/h2>\n<p>Kullaproovi, proovikoja m\u00e4rgise, sertifikaatide ja juveliiri t\u00f6\u00f6 j\u00e4rgi.<\/p>\n<h2>Millest alustada abielus\u00f5rmuste valimist?<\/h2>\n<p>Eelarve, kulla v\u00e4rvi ja s\u00f5rmuse laiuse valimisest.<\/p>\n<h2>Kuidas valida \u00f5ige s\u00f5rmuse suurus?<\/h2>\n<p>K\u00f5ige t\u00e4psem on m\u00f5\u00f5ta salongis, samuti tasub suurust m\u00f5\u00f5ta hommikul ja \u00f5htul, et n\u00e4ha, kuidas see muutub.<\/p>\n<h2>Kas parem on osta valmis s\u00f5rmused v\u00f5i tellida eritellimusel valmistamine?<\/h2>\n<p>Parem on tellida eritellimusel \u2013 s\u00f5rmused luuakse vastavalt teie s\u00f5rme suurusele ja stiilile.<\/p>\n<h2>Kui palju maksavad abielus\u00f5rmused?<\/h2>\n<p>Hinnad algavad u ~200 eurost, teemantidega \u2013 alates u ~800 eurost.<\/p>\n<h2>Mis m\u00e4\u00e4rab abielus\u00f5rmuste hinna?<\/h2>\n<p>Metall, proov, laius, teemandid, disaini keerukus \u2013 k\u00f5ik need aspektid m\u00f5jutavad abielus\u00f5rmuste valmistamist.<\/p>\n<h2>Kas tasub valida teemantidega abielus\u00f5rmuseid?<\/h2>\n<p>Jah \u2013 see on s\u00e4ra, vastupidavus ja investeeringu v\u00e4\u00e4rtus.<\/p>\n<h2>Kuidas valida teemant abielus\u00f5rmusele?<\/h2>\n<p>4C j\u00e4rgi: karaadid, v\u00e4rvus, puhtus ja lihv. Soovitatav on valida v\u00e4rvus F, puhtus VS-SI.<\/p>\n<h2>Kas v\u00f5ib valida laboriteemante?<\/h2>\n<p>Jah \u2013 need on j\u00e4tkusuutlikumad ja odavamad.<\/p>\n<h2>Kas teemantriba sobib abielus\u00f5rmuseks?<\/h2>\n<p>Jah \u2013 see sobib nii naistele kui meestele.<\/p>\n<h2>Millised teemantide kujud sobivad meeste abielus\u00f5rmusele?<\/h2>\n<p>Populaarseimad on \u00fcmar (briljant), princess-lihv ja mustad teemandid.<\/p>\n<h2>Millised abielus\u00f5rmuste disainid on praegu k\u00f5ige populaarsemad?<\/h2>\n<p>Minimalistlikud, klassikalised, teemantribad ja kahev\u00e4rviline kuld.<\/p>\n<h2>Milliseid abielus\u00f5rmuseid peetakse klassikalisteks?<\/h2>\n<p>\u00dcmar kuju, siledad 3\u20135 mm laiused s\u00f5rmused ilma kivideta.<\/p>\n<h2>Kas valgest kullast abielus\u00f5rmused on praktilised?<\/h2>\n<p>Jah, kuid need vajavad perioodilist v\u00e4rskendamist (roodimist).<\/p>\n<h2>Kas kollasest kullast abielus\u00f5rmused on ikka veel moes?<\/h2>\n<p>Jah \u2013 see on igavene klassika.<\/p>\n<h2>Kas minimalistlikud abielus\u00f5rmused on populaarsed?<\/h2>\n<p>Jah \u2013 see on t\u00e4nap\u00e4eval \u00fcks moodsamaid valikuid.<\/p>\n<h2>Kuidas valida naiste abielus\u00f5rmust?<\/h2>\n<p>S\u00f5rme kuju, kihlas\u00f5rmuse ja kandmismugavuse j\u00e4rgi.<\/p>\n<h2>Kuidas valida meeste abielus\u00f5rmust?<\/h2>\n<p>K\u00e4e suuruse, laiuse (5\u20138 mm) ja pinnatekstuuri j\u00e4rgi.<\/p>\n<h2>Kas abielus\u00f5rmused peavad olema \u00fchesugused?<\/h2>\n<p>Ei \u2013 t\u00e4nap\u00e4eval valib enamik paare erinevad disainid.<\/p>\n<h2>Kas abielus\u00f5rmuseid saab valmistada oma kullast?<\/h2>\n<p>Jah \u2013 see on j\u00e4tkusuutlik, \u00f6konoomne ja sentimentaalne.<\/p>\n<h2>Kui kaua v\u00f5tab aega abielus\u00f5rmuste valmistamine?<\/h2>\n<p>Keskmiselt 10\u201314 t\u00f6\u00f6p\u00e4eva.<\/p>\n<h2>Kas abielus\u00f5rmuseid on v\u00f5imalik valmistada kiiresti?<\/h2>\n<p>Jah \u2013 3\u20137 t\u00f6\u00f6p\u00e4eva jooksul.<\/p>\n<h2>Kas abielus\u00f5rmustele antakse garantii?<\/h2>\n<p>Jah \u2013 Fashion Gold annab 5-aastase garantii.<\/p>\n<h2><strong>Millest s\u00f5ltub abielus\u00f5rmuste hind?<\/strong><\/h2>\n<p>Abielus\u00f5rmuste hind s\u00f5ltub metalli t\u00fc\u00fcbist ja proovist, s\u00f5rmuse laiusest ja kaalust, teemantide kogusest, nende kvaliteedist ja disaini keerukusest.<\/p>\n<h2>Kas abielus\u00f5rmuseid saab tellida internetist?<\/h2>\n<p>Jah \u2013 kohaletoimetamisega \u00fcle kogu Leedu.<\/p>\n<h2>Kas s\u00f5rmuseid saab kohapeal proovida?<\/h2>\n<p>Jah \u2013 salongis Pam\u0117nkalnio g. 5, Vilniuses.<\/p>\n<h2>Kas plaatinast kihlas\u00f5rmus sobib kokku abielus\u00f5rmusega?<\/h2>\n<p>Jah \u2013 eriti plaatinast v\u00f5i valgest kullast abielus\u00f5rmusega, mida saate tellida internetist ja see toimetatakse kohale \u00fcle kogu Leedu.<\/p>\n<h2>Kas plaatinast abielus\u00f5rmused sobivad allergikutele?<\/h2>\n<p>Jah \u2013 plaatina on h\u00fcpoallergeenne metall.<\/p>\n<h2><strong>Mis on s\u00f5rmuse mugavustsoon?<\/strong><\/h2>\n<p>See on s\u00f5rmuse sisemine kumerus, mis muudab s\u00f5rmuse kandmise s\u00f5rmes mugavamaks.<\/p>\n<h2><strong>Mis on abielus\u00f5rmus ja mida see s\u00fcmboliseerib?<\/strong><\/h2>\n<p>Abielus\u00f5rmus on igavene, eluaegne s\u00fcmbol paari vahelisest sidemest, mida kantakse koos iga p\u00e4ev.<\/p>\n<h2><strong>Miks abielus\u00f5rmused ei ole lihtsalt ehted?<\/strong><\/h2>\n<p>Kuigi tegemist on ehetega, on oluline valida neid vastutustundlikult, sest need s\u00fcmboliseerivad armastust, p\u00fchendumust ja \u00fchist elu.<\/p>\n<h2><strong>Millest s\u00f5ltub abielus\u00f5rmuste valik?<\/strong><\/h2>\n<p>Valik on teie, ning abielus\u00f5rmuste valimisel on oluline arvestada paari stiili, eluviisi ja igap\u00e4evast mugavust.<\/p>\n<h2><strong>Kas s\u00f5rmuseid v\u00f5ib kanda erinevatel k\u00e4tel?<\/strong><\/h2>\n<p>Jah, s\u00f5rmuste kandmine erinevatel k\u00e4tel v\u00f5ib erineda vastavalt traditsioonidele ja isiklikule eelistusele.<\/p>\n<h2><strong>Kas k\u00f5ik v\u00f5ivad leida endale sobiva abielus\u00f5rmuse?<\/strong><\/h2>\n<p>Jah, k\u00f5ik v\u00f5ivad leida endale sobiva abielus\u00f5rmuse, s\u00f5ltumata vajadustest v\u00f5i eelarvest.<\/p>\n<h2><strong>Kas abielus\u00f5rmuseid saab valida vastavalt individuaalsetele soovidele?<\/strong><\/h2>\n<p>Jah, saate valida, et teie abielus\u00f5rmus oleks kohandatud just teile \u2013 vastavalt suurusele, disainile ja eelarvele.<\/p>\n<h2><strong>Kust saada rohkem teavet abielus\u00f5rmuste valimise kohta?<\/strong><\/h2>\n<p>Rohkem infot s\u00f5rmuste valiku ja hoolduse kohta saate juveelibutiigi spetsialistidelt v\u00f5i konsultatsiooni k\u00e4igus.<\/p>\n<h2><strong>Miks j\u00e4\u00e4vad briljantidega abielus\u00f5rmused ja klassikalised abielus\u00f5rmused k\u00f5ige populaarsemaks valikuks?<\/strong><\/h2>\n<p>Klassikalised abielus\u00f5rmused on tipus. Samuti valivad paarid briljantidega abielus\u00f5rmuse, et valitud teemant oleks t\u00f5eline armastuse s\u00fcmbol.<\/p>\n<h2>Kuo skiriasi vestuvi\u0173 \u017eied\u0173 su komforto zona pasirinkimas nuo \u017eied\u0173 be komforto zonos?<\/h2>\n<p>Soovitame mugavustsooniga abielus\u00f5rmuste mudeleid, sest selliseid s\u00f5rmuseid on mugavam kanda. On v\u00f5imalik, et paarid valivad mugavustsooniga abielus\u00f5rmused, kui s\u00f5rmused on v\u00e4\u00e4riskividega, sest sellisel juhul saab s\u00f5rme suuruse muutumisel s\u00f5rmust kuni poole suuruse v\u00f5rra lihvida. Kuid ilma mugavustsoonita abielus\u00f5rmuste hind on odavam, kuna nende kullakaal on v\u00e4iksem.<\/p>\n","protected":false},"excerpt":{"rendered":"<p>Kust on k\u00f5ige parem osta abielus\u00f5rmuseid? Parim on osta spetsialiseeritud juveelibutiigist koos garantii ja sertifikaatidega, nt Fashion Goldist. Kuidas tunda [&hellip;]<\/p>\n","protected":false},"author":11,"featured_media":262659,"parent":0,"menu_order":0,"comment_status":"closed","ping_status":"closed","template":"","meta":{"site-sidebar-layout":"default","site-content-layout":"","ast-site-content-layout":"default","site-content-style":"default","site-sidebar-style":"default","ast-global-header-display":"","ast-banner-title-visibility":"","ast-main-header-display":"","ast-hfb-above-header-display":"","ast-hfb-below-header-display":"","ast-hfb-mobile-header-display":"","site-post-title":"","ast-breadcrumbs-content":"","ast-featured-img":"","footer-sml-layout":"","ast-disable-related-posts":"","theme-transparent-header-meta":"default","adv-header-id-meta":"","stick-header-meta":"","header-above-stick-meta":"","header-main-stick-meta":"","header-below-stick-meta":"","astra-migrate-meta-layouts":"default","ast-page-background-enabled":"default","ast-page-background-meta":{"desktop":{"background-color":"var(--ast-global-color-4)","background-image":"","background-repeat":"repeat","background-position":"center center","background-size":"auto","background-attachment":"scroll","background-type":"","background-media":"","overlay-type":"","overlay-color":"","overlay-opacity":"","overlay-gradient":""},"tablet":{"background-color":"","background-image":"","background-repeat":"repeat","background-position":"center center","background-size":"auto","background-attachment":"scroll","background-type":"","background-media":"","overlay-type":"","overlay-color":"","overlay-opacity":"","overlay-gradient":""},"mobile":{"background-color":"","background-image":"","background-repeat":"repeat","background-position":"center center","background-size":"auto","background-attachment":"scroll","background-type":"","background-media":"","overlay-type":"","overlay-color":"","overlay-opacity":"","overlay-gradient":""}},"ast-content-background-meta":{"desktop":{"background-color":"var(--ast-global-color-5)","background-image":"","background-repeat":"repeat","background-position":"center center","background-size":"auto","background-attachment":"scroll","background-type":"","background-media":"","overlay-type":"","overlay-color":"","overlay-opacity":"","overlay-gradient":""},"tablet":{"background-color":"var(--ast-global-color-5)","background-image":"","background-repeat":"repeat","background-position":"center center","background-size":"auto","background-attachment":"scroll","background-type":"","background-media":"","overlay-type":"","overlay-color":"","overlay-opacity":"","overlay-gradient":""},"mobile":{"background-color":"var(--ast-global-color-5)","background-image":"","background-repeat":"repeat","background-position":"center center","background-size":"auto","background-attachment":"scroll","background-type":"","background-media":"","overlay-type":"","overlay-color":"","overlay-opacity":"","overlay-gradient":""}},"footnotes":""},"class_list":["post-269321","page","type-page","status-publish","has-post-thumbnail","hentry"],"yoast_head":"<!-- This site is optimized with the Yoast SEO plugin v26.6 - https:\/\/yoast.com\/wordpress\/plugins\/seo\/ -->\n<title>Parimad abielus\u00f5rmused: kuidas valida ja osta internetist<\/title>\n<meta name=\"description\" content=\"Avastage parimad abielus\u00f5rmused ning saage teada, kuidas neid valida ja veebist osta. Lugege meie artiklit kohe!\" \/>\n<meta name=\"robots\" content=\"index, follow, max-snippet:-1, max-image-preview:large, max-video-preview:-1\" \/>\n<link rel=\"canonical\" href=\"https:\/\/fashiongold.lt\/et\/kkk-abielusormused\/\" \/>\n<meta property=\"og:locale\" content=\"et_EE\" \/>\n<meta property=\"og:type\" content=\"article\" \/>\n<meta property=\"og:title\" content=\"Parimad abielus\u00f5rmused: kuidas valida ja osta internetist\" \/>\n<meta property=\"og:description\" content=\"Avastage parimad abielus\u00f5rmused ning saage teada, kuidas neid valida ja veebist osta. Lugege meie artiklit kohe!\" \/>\n<meta property=\"og:url\" content=\"https:\/\/fashiongold.lt\/et\/kkk-abielusormused\/\" \/>\n<meta property=\"og:site_name\" content=\"FashionGold.lt\" \/>\n<meta property=\"article:modified_time\" content=\"2026-02-03T05:05:14+00:00\" \/>\n<meta property=\"og:image\" content=\"https:\/\/fashiongold.lt\/wp-content\/uploads\/2025\/11\/182cd79a-3be2-40f3-a845-37e66b3f9217.png\" \/>\n\t<meta property=\"og:image:width\" content=\"1536\" \/>\n\t<meta property=\"og:image:height\" content=\"1024\" \/>\n\t<meta property=\"og:image:type\" content=\"image\/png\" \/>\n<meta name=\"twitter:card\" content=\"summary_large_image\" \/>\n<meta name=\"twitter:label1\" content=\"Est. reading time\" \/>\n\t<meta name=\"twitter:data1\" content=\"4 minutit\" \/>\n<script type=\"application\/ld+json\" class=\"yoast-schema-graph\">{\"@context\":\"https:\/\/schema.org\",\"@graph\":[{\"@type\":\"WebPage\",\"@id\":\"https:\/\/fashiongold.lt\/et\/kkk-abielusormused\/\",\"url\":\"https:\/\/fashiongold.lt\/et\/kkk-abielusormused\/\",\"name\":\"Parimad abielus\u00f5rmused: kuidas valida ja osta internetist\",\"isPartOf\":{\"@id\":\"https:\/\/fashiongold.lt\/et\/#website\"},\"primaryImageOfPage\":{\"@id\":\"https:\/\/fashiongold.lt\/et\/kkk-abielusormused\/#primaryimage\"},\"image\":{\"@id\":\"https:\/\/fashiongold.lt\/et\/kkk-abielusormused\/#primaryimage\"},\"thumbnailUrl\":\"https:\/\/fashiongold.lt\/wp-content\/uploads\/2025\/11\/8eb64b40-f828-4cdc-9197-277764f71b29.png\",\"datePublished\":\"2025-12-08T21:14:08+00:00\",\"dateModified\":\"2026-02-03T05:05:14+00:00\",\"description\":\"Avastage parimad abielus\u00f5rmused ning saage teada, kuidas neid valida ja veebist osta. Lugege meie artiklit kohe!\",\"breadcrumb\":{\"@id\":\"https:\/\/fashiongold.lt\/et\/kkk-abielusormused\/#breadcrumb\"},\"inLanguage\":\"et\",\"potentialAction\":[{\"@type\":\"ReadAction\",\"target\":[\"https:\/\/fashiongold.lt\/et\/kkk-abielusormused\/\"]}]},{\"@type\":\"ImageObject\",\"inLanguage\":\"et\",\"@id\":\"https:\/\/fashiongold.lt\/et\/kkk-abielusormused\/#primaryimage\",\"url\":\"https:\/\/fashiongold.lt\/wp-content\/uploads\/2025\/11\/8eb64b40-f828-4cdc-9197-277764f71b29.png\",\"contentUrl\":\"https:\/\/fashiongold.lt\/wp-content\/uploads\/2025\/11\/8eb64b40-f828-4cdc-9197-277764f71b29.png\",\"width\":1536,\"height\":1024,\"caption\":\"Geltonos spalvos vyri\u0161kas modernus vestuvinis \u017eiedas su trimis m\u0117lynais safyrais, tolygiai \u012fstatytais aplink \u017eied\u0105, ant vyro rankos \u2013 eleganti\u0161kas ir i\u0161skirtinis dizainas.\"},{\"@type\":\"BreadcrumbList\",\"@id\":\"https:\/\/fashiongold.lt\/et\/kkk-abielusormused\/#breadcrumb\",\"itemListElement\":[{\"@type\":\"ListItem\",\"position\":1,\"name\":\"Home\",\"item\":\"https:\/\/fashiongold.lt\/et\/\"},{\"@type\":\"ListItem\",\"position\":2,\"name\":\"KKK Abielus\u00f5rmused\"}]},{\"@type\":\"WebSite\",\"@id\":\"https:\/\/fashiongold.lt\/et\/#website\",\"url\":\"https:\/\/fashiongold.lt\/et\/\",\"name\":\"Fashion Gold\",\"description\":\"Juvelyrikos namai\",\"publisher\":{\"@id\":\"https:\/\/fashiongold.lt\/et\/#organization\"},\"potentialAction\":[{\"@type\":\"SearchAction\",\"target\":{\"@type\":\"EntryPoint\",\"urlTemplate\":\"https:\/\/fashiongold.lt\/et\/?s={search_term_string}\"},\"query-input\":{\"@type\":\"PropertyValueSpecification\",\"valueRequired\":true,\"valueName\":\"search_term_string\"}}],\"inLanguage\":\"et\"},{\"@type\":\"Organization\",\"@id\":\"https:\/\/fashiongold.lt\/et\/#organization\",\"name\":\"Topdiamonds Online\",\"url\":\"https:\/\/fashiongold.lt\/et\/\",\"logo\":{\"@type\":\"ImageObject\",\"inLanguage\":\"et\",\"@id\":\"https:\/\/fashiongold.lt\/et\/#\/schema\/logo\/image\/\",\"url\":\"https:\/\/fashiongold.lt\/wp-content\/uploads\/2025\/04\/cropped-fashion_gold_logotipas2-scaled-1.png\",\"contentUrl\":\"https:\/\/fashiongold.lt\/wp-content\/uploads\/2025\/04\/cropped-fashion_gold_logotipas2-scaled-1.png\",\"width\":2559,\"height\":421,\"caption\":\"Topdiamonds Online\"},\"image\":{\"@id\":\"https:\/\/fashiongold.lt\/et\/#\/schema\/logo\/image\/\"}}]}<\/script>\n<!-- \/ Yoast SEO plugin. -->","yoast_head_json":{"title":"Parimad abielus\u00f5rmused: kuidas valida ja osta internetist","description":"Avastage parimad abielus\u00f5rmused ning saage teada, kuidas neid valida ja veebist osta. Lugege meie artiklit kohe!","robots":{"index":"index","follow":"follow","max-snippet":"max-snippet:-1","max-image-preview":"max-image-preview:large","max-video-preview":"max-video-preview:-1"},"canonical":"https:\/\/fashiongold.lt\/et\/kkk-abielusormused\/","og_locale":"et_EE","og_type":"article","og_title":"Parimad abielus\u00f5rmused: kuidas valida ja osta internetist","og_description":"Avastage parimad abielus\u00f5rmused ning saage teada, kuidas neid valida ja veebist osta. Lugege meie artiklit kohe!","og_url":"https:\/\/fashiongold.lt\/et\/kkk-abielusormused\/","og_site_name":"FashionGold.lt","article_modified_time":"2026-02-03T05:05:14+00:00","og_image":[{"width":1536,"height":1024,"url":"https:\/\/fashiongold.lt\/wp-content\/uploads\/2025\/11\/182cd79a-3be2-40f3-a845-37e66b3f9217.png","type":"image\/png"}],"twitter_card":"summary_large_image","twitter_misc":{"Est. reading time":"4 minutit"},"schema":{"@context":"https:\/\/schema.org","@graph":[{"@type":"WebPage","@id":"https:\/\/fashiongold.lt\/et\/kkk-abielusormused\/","url":"https:\/\/fashiongold.lt\/et\/kkk-abielusormused\/","name":"Parimad abielus\u00f5rmused: kuidas valida ja osta internetist","isPartOf":{"@id":"https:\/\/fashiongold.lt\/et\/#website"},"primaryImageOfPage":{"@id":"https:\/\/fashiongold.lt\/et\/kkk-abielusormused\/#primaryimage"},"image":{"@id":"https:\/\/fashiongold.lt\/et\/kkk-abielusormused\/#primaryimage"},"thumbnailUrl":"https:\/\/fashiongold.lt\/wp-content\/uploads\/2025\/11\/8eb64b40-f828-4cdc-9197-277764f71b29.png","datePublished":"2025-12-08T21:14:08+00:00","dateModified":"2026-02-03T05:05:14+00:00","description":"Avastage parimad abielus\u00f5rmused ning saage teada, kuidas neid valida ja veebist osta. Lugege meie artiklit kohe!","breadcrumb":{"@id":"https:\/\/fashiongold.lt\/et\/kkk-abielusormused\/#breadcrumb"},"inLanguage":"et","potentialAction":[{"@type":"ReadAction","target":["https:\/\/fashiongold.lt\/et\/kkk-abielusormused\/"]}]},{"@type":"ImageObject","inLanguage":"et","@id":"https:\/\/fashiongold.lt\/et\/kkk-abielusormused\/#primaryimage","url":"https:\/\/fashiongold.lt\/wp-content\/uploads\/2025\/11\/8eb64b40-f828-4cdc-9197-277764f71b29.png","contentUrl":"https:\/\/fashiongold.lt\/wp-content\/uploads\/2025\/11\/8eb64b40-f828-4cdc-9197-277764f71b29.png","width":1536,"height":1024,"caption":"Geltonos spalvos vyri\u0161kas modernus vestuvinis \u017eiedas su trimis m\u0117lynais safyrais, tolygiai \u012fstatytais aplink \u017eied\u0105, ant vyro rankos \u2013 eleganti\u0161kas ir i\u0161skirtinis dizainas."},{"@type":"BreadcrumbList","@id":"https:\/\/fashiongold.lt\/et\/kkk-abielusormused\/#breadcrumb","itemListElement":[{"@type":"ListItem","position":1,"name":"Home","item":"https:\/\/fashiongold.lt\/et\/"},{"@type":"ListItem","position":2,"name":"KKK Abielus\u00f5rmused"}]},{"@type":"WebSite","@id":"https:\/\/fashiongold.lt\/et\/#website","url":"https:\/\/fashiongold.lt\/et\/","name":"Fashion Gold","description":"Juvelyrikos namai","publisher":{"@id":"https:\/\/fashiongold.lt\/et\/#organization"},"potentialAction":[{"@type":"SearchAction","target":{"@type":"EntryPoint","urlTemplate":"https:\/\/fashiongold.lt\/et\/?s={search_term_string}"},"query-input":{"@type":"PropertyValueSpecification","valueRequired":true,"valueName":"search_term_string"}}],"inLanguage":"et"},{"@type":"Organization","@id":"https:\/\/fashiongold.lt\/et\/#organization","name":"Topdiamonds Online","url":"https:\/\/fashiongold.lt\/et\/","logo":{"@type":"ImageObject","inLanguage":"et","@id":"https:\/\/fashiongold.lt\/et\/#\/schema\/logo\/image\/","url":"https:\/\/fashiongold.lt\/wp-content\/uploads\/2025\/04\/cropped-fashion_gold_logotipas2-scaled-1.png","contentUrl":"https:\/\/fashiongold.lt\/wp-content\/uploads\/2025\/04\/cropped-fashion_gold_logotipas2-scaled-1.png","width":2559,"height":421,"caption":"Topdiamonds Online"},"image":{"@id":"https:\/\/fashiongold.lt\/et\/#\/schema\/logo\/image\/"}}]}},"_links":{"self":[{"href":"https:\/\/fashiongold.lt\/et\/wp-json\/wp\/v2\/pages\/269321","targetHints":{"allow":["GET"]}}],"collection":[{"href":"https:\/\/fashiongold.lt\/et\/wp-json\/wp\/v2\/pages"}],"about":[{"href":"https:\/\/fashiongold.lt\/et\/wp-json\/wp\/v2\/types\/page"}],"author":[{"embeddable":true,"href":"https:\/\/fashiongold.lt\/et\/wp-json\/wp\/v2\/users\/11"}],"replies":[{"embeddable":true,"href":"https:\/\/fashiongold.lt\/et\/wp-json\/wp\/v2\/comments?post=269321"}],"version-history":[{"count":0,"href":"https:\/\/fashiongold.lt\/et\/wp-json\/wp\/v2\/pages\/269321\/revisions"}],"wp:featuredmedia":[{"embeddable":true,"href":"https:\/\/fashiongold.lt\/et\/wp-json\/wp\/v2\/media\/262659"}],"wp:attachment":[{"href":"https:\/\/fashiongold.lt\/et\/wp-json\/wp\/v2\/media?parent=269321"}],"curies":[{"name":"wp","href":"https:\/\/api.w.org\/{rel}","templated":true}]}}