{"id":270391,"date":"2025-12-08T18:55:30","date_gmt":"2025-12-08T18:55:30","guid":{"rendered":"https:\/\/fashiongold.lt\/kihlasormuste-kkk\/"},"modified":"2026-02-03T05:17:33","modified_gmt":"2026-02-03T05:17:33","slug":"kihlasormuste-kkk","status":"publish","type":"page","link":"https:\/\/fashiongold.lt\/et\/kihlasormuste-kkk\/","title":{"rendered":"Kihlas\u00f5rmuste KKK"},"content":{"rendered":"<h2><img fetchpriority=\"high\" decoding=\"async\" class=\"alignnone size-medium wp-image-263001\" src=\"https:\/\/fashiongold.lt\/wp-content\/uploads\/2025\/11\/1777e376-11bd-47d7-8379-51f782558920-300x300.png\" alt=\"Valge kullaga kihlas\u00f5rmus solit\u00e4\u00e4ri teemandiga \u2013 peen disaini tasakaal.\" width=\"300\" height=\"300\" srcset=\"https:\/\/fashiongold.lt\/wp-content\/uploads\/2025\/11\/1777e376-11bd-47d7-8379-51f782558920-300x300.png 300w, https:\/\/fashiongold.lt\/wp-content\/uploads\/2025\/11\/1777e376-11bd-47d7-8379-51f782558920-150x150.png 150w, https:\/\/fashiongold.lt\/wp-content\/uploads\/2025\/11\/1777e376-11bd-47d7-8379-51f782558920-768x768.png 768w, https:\/\/fashiongold.lt\/wp-content\/uploads\/2025\/11\/1777e376-11bd-47d7-8379-51f782558920-600x600.png 600w, https:\/\/fashiongold.lt\/wp-content\/uploads\/2025\/11\/1777e376-11bd-47d7-8379-51f782558920-100x100.png 100w, https:\/\/fashiongold.lt\/wp-content\/uploads\/2025\/11\/1777e376-11bd-47d7-8379-51f782558920-50x50.png 50w, https:\/\/fashiongold.lt\/wp-content\/uploads\/2025\/11\/1777e376-11bd-47d7-8379-51f782558920.png 1024w\" sizes=\"(max-width: 300px) 100vw, 300px\" \/><\/h2>\n<h2>Kihlas\u00f5rmused &#8211; kuidas valida?<\/h2>\n<p>Alustage eelarvest, teemandi kujust ja kulla v\u00e4rvist \u2013 saate valida teemantide v\u00f5i v\u00e4\u00e4riskividega kihlas\u00f5rmuste, erinevate metallide, stiilide ja suuruste vahel. S\u00f5rmuste kvaliteedikriteeriumid on valimisel v\u00e4ga olulised, sest need m\u00e4\u00e4ravad nii teemantide kui ka kogu ehte v\u00e4\u00e4rtuse ja vastupidavuse. Kihlas\u00f5rmused v\u00f5ivad olla erineva stiili, suuruse ja kvaliteediga, seega on oluline arvestada isiklike eelistuste ja partneri maitsega.<\/p>\n<h2>Kust on k\u00f5ige parem osta kihlas\u00f5rmust Leedus?<\/h2>\n<p>K\u00f5ige usaldusv\u00e4\u00e4rsem \u2013 Fashion Gold Vilniuses v\u00f5i internetis FashionGold.lt.<\/p>\n<h2>Millest alustada kihlas\u00f5rmuse valimist?<\/h2>\n<p>Eelarvest ning partneri stiilist ja maitsest. Kihlas\u00f5rmuse valimisel on oluline m\u00f5elda partneri elustiilile v\u00f5i hobidele, et valitud s\u00f5rmus oleks mitte ainult ilus, vaid ka praktiline igap\u00e4evaseks kandmiseks.<\/p>\n<h2>Kuidas valida s\u00f5rmuse suurust?<\/h2>\n<p>\u00dcks viis sobiva kihlas\u00f5rmuse suuruse m\u00e4\u00e4ramiseks on kasutada <a href=\"https:\/\/fashiongold.lt\/et\/sormuste-suuruste-mootja\/\" target=\"_self\" rel=\"noopener noreferrer\">online<\/a> s\u00f5rmusem\u00f5\u00f5tjat.<\/p>\n<h2>Kas s\u00f5rmuse suurust saab p\u00e4rast ostmist muuta?<\/h2>\n<p>Jah, enamikul juhtudel \u2013 tasuta, seega saate p\u00e4rast ostmist ilma lisakuludeta s\u00f5rmuse suurust muuta.<\/p>\n<h2>Kuidas valida teemantit kihlas\u00f5rmusele? Millist teemantit valida?<\/h2>\n<p>Kihlas\u00f5rmuse valimisel on oluline arvestada 4C kriteeriumiga: karaadid, v\u00e4rvus, puhtus ja lihv.<\/p>\n<h2>Milline teemant on kihlas\u00f5rmuse jaoks parim?<\/h2>\n<p>\u00dcmar teemant, mida iseloomustab VS\u2013VVS puhtus ja G\u2013F v\u00e4rvus, on parim valik.<\/p>\n<h2>Kas kihlas\u00f5rmused peavad olema sertifikaadiga?<\/h2>\n<p>Jah \u2013 soovitatavad on GIA, IGI v\u00f5i HRD, kuna sertifikaat tagab teemandi vastavuse kvaliteedistandarditele.<\/p>\n<h2>Kui palju maksab kihlas\u00f5rmus?<\/h2>\n<p>S\u00f5rmuse hind s\u00f5ltub teemandist, metallist ja disainist \u2013 see v\u00f5ib varieeruda ~400 eurost kuni k\u00fcmnete tuhandeteni.<\/p>\n<h2>Millised teemandi kujud sobivad kihluseks?<\/h2>\n<p>K\u00f5ik: \u00fcmar, ovaalne, pirn, printsess, smaragd. Valida saab ka teisi kuju teemanteid, s\u00f5ltuvalt isiklikust stiilist ja eelistustest.<\/p>\n<h2>Milline kihlas\u00f5rmuste disain on k\u00f5ige populaarsem?<\/h2>\n<p>Klassikaline, halo ja modernne disain on need, mis on hetkel k\u00f5ige populaarsemad.<\/p>\n<h2>Milline teemandi kuju on kihlas\u00f5rmuse jaoks k\u00f5ige populaarsem?<\/h2>\n<p>\u00dcmar (briljantlihv) \u2013 klassika.<\/p>\n<h2>Milline kulla v\u00e4rv on kihlas\u00f5rmuse jaoks parim?<\/h2>\n<p>Valge kuld \u2013 universaalne ja populaarseim.<\/p>\n<h2>Kas kollane kuld sobib kihlas\u00f5rmuseks?<\/h2>\n<p>Jah \u2013 kollasest kullast s\u00f5rmused sobivad suurep\u00e4raselt klassikalise disainiga.<\/p>\n<h2>Kas roosa (punane) kuld sobib kihlas\u00f5rmuseks?<\/h2>\n<p>Jah \u2013 modernne ja romantiline valik, roosa kuld on populaarne valik kihlas\u00f5rmuste jaoks.<\/p>\n<h2>Kas tasub valida plaatinast kihlas\u00f5rmus?<\/h2>\n<p>Jah, kui soovite mitte ainult h\u00fcpoallergeenset, vaid ka eksklusiivset valikut.<\/p>\n<h2>Milline on parim teemandi kvaliteet kihlas\u00f5rmuse jaoks?<\/h2>\n<p>Optimaalne: v\u00e4rvus F\u2013G, puhtus VS1\u2013VS2, suurep\u00e4rane lihv EX. Sellised parameetrid tagavad t\u00f5epoolest teemandi k\u00f5rge kvaliteedi.<\/p>\n<h2>Mitu karaati peaks kihlas\u00f5rmuse teemant olema?<\/h2>\n<p>Sellegipoolest on kihlas\u00f5rmuste puhul k\u00f5ige populaarsemad 0,30 ct, 0,50 ct ja 1,00 ct teemandid.<\/p>\n<h2>Kas laboriteemandid sobivad kihlas\u00f5rmuseks?<\/h2>\n<p>Jah \u2013 need on odavamad. Laboriteemandid v\u00f5ivad olla suurep\u00e4rane valik teie kihlas\u00f5rmuse jaoks.<\/p>\n<h2>Mille poolest erinevad looduslik ja laboriteemant?<\/h2>\n<p>P\u00e4ritolu \u2013 kvaliteet ja v\u00e4limus on samad. Looduslike ja laboriteemantide erinevuste kohta saate rohkem teada spetsialistidelt.<\/p>\n<h2>Kas k\u00f5ikidel kihlas\u00f5rmustel peab olema sertifikaat?<\/h2>\n<p>Soovitatav \u2013 GIA\/IGI\/HRD garanteerivad kvaliteedi. Oluline on p\u00f6\u00f6rata t\u00e4helepanu sertifikaatidele, mis n\u00e4itavad teemandi p\u00e4ritolu ja kvaliteeti.<\/p>\n<h2>Kust saada sertifitseeritud teemandiga kihlas\u00f5rmust?<\/h2>\n<p>Fashion Gold pakub ainult sertifitseeritud looduslikke ja laboriteemanteid. Aitame teil valida sertifitseeritud teemandi teie kihlas\u00f5rmusele, et valik oleks lihtne ja kindel.<\/p>\n<h2>Kas safiiriga kihlas\u00f5rmus on hea valik?<\/h2>\n<p>Jah \u2013 safiir on populaarne ja vastupidav valik kihlas\u00f5rmuseks, millel on kuninglik esteetika.<\/p>\n<h2>Kas rubiiniga kihlas\u00f5rmus sobib igap\u00e4evaseks kandmiseks?<\/h2>\n<p>Jah \u2013 rubiin on v\u00e4ga vastupidav. Sageli peetakse rubiini armastuse s\u00fcmboliks, seega r\u00f5hutavad rubiiniga kihlas\u00f5rmused paari tugevat emotsionaalset sidet.<\/p>\n<h2>Kas smaragd sobib kihlas\u00f5rmuseks?<\/h2>\n<p>Jah, kuid see vajab rohkem hoolt, kuna smaragd on v\u00e4\u00e4riskivi, mille pind on pehmem ja tundlikum kahjustuste suhtes.<\/p>\n<h2>Kumb on parem \u2013 \u00fcks suur teemant v\u00f5i halo-disain?<\/h2>\n<p>Halo s\u00e4rab rohkem ja suurendab visuaalselt keskmist kivi. Sageli kombineeritakse seda disaini teemandiga, et veelgi r\u00f5hutada keskmise kivi ilu ja anda s\u00f5rmusele eriline luksus.<\/p>\n<h2>Kas teemandi fluorestsents on kihlas\u00f5rmuse valimisel oluline?<\/h2>\n<p>N\u00f5rgal fluorestsentsil pole kahjulikku m\u00f5ju, tugev v\u00f5ib aga m\u00f5jutada v\u00e4limust. On olukordi, kus tugev fluorestsents v\u00f5ib m\u00f5jutada teemandi v\u00e4limust.<\/p>\n<h2>Kui kaua v\u00f5tab aega kihlas\u00f5rmuse valmistamine?<\/h2>\n<p>Keskmiselt 5\u201310 t\u00f6\u00f6p\u00e4eva.<\/p>\n<h2>Kas kihlas\u00f5rmust on v\u00f5imalik valmistada foto j\u00e4rgi?<\/h2>\n<p>Jah \u2013 Fashion Gold loob idee, foto ja 3D-mudeli p\u00f5hjal. Samuti saate luua oma unikaalse kihlas\u00f5rmuse vastavalt individuaalsele ideele.<\/p>\n<h2>Kas s\u00f5rmuseid on v\u00f5imalik enne ostmist kohapeal vaadata?<\/h2>\n<p>Jah \u2013 k\u00fclastage salongi <a href=\"https:\/\/www.google.com\/maps\/place\/Fashion+Gold\/@54.6857292,25.2748039,19z\/data=!3m1!4b1!4m6!3m5!1s0x46dd940e18df1073:0x1dfe6d883d7f9d21!8m2!3d54.6857284!4d25.2754476!16s%2Fg%2F12hl0gvss?entry=ttu&amp;g_ep=EgoyMDI1MTIwMS4wIKXMDSoASAFQAw%3D%3D\" target=\"_blank\" rel=\"noopener noreferrer\">Pam\u0117nkalnio g. 5, Vilniuses.<\/a> Siin saate kihlas\u00f5rmustega kohapeal tutvuda ja spetsialistidega konsulteerida.<\/p>\n<h2>Millist eelarvet on vaja kihlas\u00f5rmuse jaoks?<\/h2>\n<p>Enamasti ~500 eurost kuni 3000 euroni, s\u00f5ltuvalt kivist. Enamik kihlas\u00f5rmuseid on valmistatud 585 prooviga kullast, mis on populaarne oma tugevuse ja v\u00e4\u00e4rtuse t\u00f5ttu.<\/p>\n<h2>Kuidas kontrollida, kas teemant on ehtne?<\/h2>\n<p>Sertifikaadi kontrollimisel on oluline veenduda, et see on autentne ja v\u00e4ljastatud usaldusv\u00e4\u00e4rse labori poolt. Sertifikaat kinnitab, et teemant on ehtne ja vastab m\u00e4rgitud omadustele.<\/p>\n<h2>Kas kihlas\u00f5rmust saab osta internetist?<\/h2>\n<p>Jah \u2013 oluline on valida usaldusv\u00e4\u00e4rne m\u00fc\u00fcja, kellel on f\u00fc\u00fcsiline salong. Internetist ostmine on teie jaoks mugav ja v\u00f5imaldab valida laia kihlas\u00f5rmuste valiku hulgast.<\/p>\n<h2>Kas tasub osta kihlas\u00f5rmus Fashion Goldist?<\/h2>\n<p>Jah \u2013 saate meie enam kui 30-aastase kogemusega juveliiride k\u00e4sit\u00f6\u00f6na valminud toote ja sertifitseeritud teemandid.<\/p>\n<h2>Kuidas saada professionaalset abi kihlas\u00f5rmuse valimisel?<\/h2>\n<p>Registreeruge konsultatsioonile teemandieksperdi Julija Gerlichi juurde, <a href=\"tel:+37061008501\" target=\"_blank\" rel=\"noopener noreferrer\">seda saab teha online<\/a>. Aitame teil valida sobivaima kihlas\u00f5rmuse, tagades professionaalse ja personaalse abi.<\/p>\n<h2> Kus galima gyvai ap\u017ei\u016br\u0117ti ir i\u0161sirinkti su\u017ead\u0117tuvi\u0173 \u017eied\u0105?<\/h2>\n<p>Tulge salongi aadressil Pam\u0117nkalnio g. 5, Vilnius, kus saate kihlas\u00f5rmustega kohapeal tutvuda ja olemasolevast valikust v\u00e4lja valida.<\/p>\n<h2>Kaip galima \u012fsigyti su\u017ead\u0117tuvi\u0173 \u017eied\u0105 nei\u0161vykus i\u0161 nam\u0173?<\/h2>\n<p>Tasuta saatmine \u00fcle kogu Leedu koos kindlustusega \u2013 kihlas\u00f5rmus toimetatakse otse teie koju.<\/p>\n<h2>K\u0105 daryti, jei noriu su\u017ead\u0117tuvi\u0173 \u017eied\u0105 rinktis su eksperto pagalba?<\/h2>\n<p>Registreeruge konsultatsioonile teemandieksperdi Julija Gerlichi juurde. <a href=\"tel:+37061008501\" target=\"_blank\" rel=\"noopener noreferrer\">Saab teha online.<\/a> Konsultatsiooni k\u00e4igus aitab ekspert teil valida sobivaima kihlas\u00f5rmuse vastavalt teie vajadustele ja soovidele.<\/p>\n<h2>Ar b\u016btina vykti \u012f Vilni\u0173, norint \u012fsigyti su\u017ead\u0117tuvi\u0173 \u017eied\u0105?<\/h2>\n<p>Ei ole vajalik \u2013 pakume tasuta ja kindlustatud saatmist \u00fcle kogu Leedu.<\/p>\n<h2>Kur grei\u010diausias b\u016bdas i\u0161sirinkti \u017eied\u0105 dar t\u0105 pa\u010di\u0105 dien\u0105?<\/h2>\n<p>Tulge salongi aadressil Pam\u0117nkalnio g. 5, Vilnius ja valige olemasoleva sortimendi hulgast, kus teid ootab professionaalne meeskond, kes on valmis arvestama teie vajadustega.<\/p>\n<h2>Kiek su\u017ead\u0117tuvi\u0173 \u017eied\u0173 jau pagamint\u0173 turite salone?<\/h2>\n<p>P\u00fc\u00fcame alati hoida kohapeal umbes 400 kihlas\u00f5rmuse suurust valikut, et saaksite kohe valida.<\/p>\n","protected":false},"excerpt":{"rendered":"<p>Kihlas\u00f5rmused &#8211; kuidas valida? Alustage eelarvest, teemandi kujust ja kulla v\u00e4rvist \u2013 saate valida teemantide v\u00f5i v\u00e4\u00e4riskividega kihlas\u00f5rmuste, erinevate metallide, [&hellip;]<\/p>\n","protected":false},"author":11,"featured_media":264098,"parent":0,"menu_order":0,"comment_status":"closed","ping_status":"closed","template":"","meta":{"site-sidebar-layout":"default","site-content-layout":"","ast-site-content-layout":"default","site-content-style":"default","site-sidebar-style":"default","ast-global-header-display":"","ast-banner-title-visibility":"","ast-main-header-display":"","ast-hfb-above-header-display":"","ast-hfb-below-header-display":"","ast-hfb-mobile-header-display":"","site-post-title":"","ast-breadcrumbs-content":"","ast-featured-img":"disabled","footer-sml-layout":"","ast-disable-related-posts":"","theme-transparent-header-meta":"default","adv-header-id-meta":"","stick-header-meta":"","header-above-stick-meta":"","header-main-stick-meta":"","header-below-stick-meta":"","astra-migrate-meta-layouts":"default","ast-page-background-enabled":"default","ast-page-background-meta":{"desktop":{"background-color":"var(--ast-global-color-4)","background-image":"","background-repeat":"repeat","background-position":"center center","background-size":"auto","background-attachment":"scroll","background-type":"","background-media":"","overlay-type":"","overlay-color":"","overlay-opacity":"","overlay-gradient":""},"tablet":{"background-color":"","background-image":"","background-repeat":"repeat","background-position":"center center","background-size":"auto","background-attachment":"scroll","background-type":"","background-media":"","overlay-type":"","overlay-color":"","overlay-opacity":"","overlay-gradient":""},"mobile":{"background-color":"","background-image":"","background-repeat":"repeat","background-position":"center center","background-size":"auto","background-attachment":"scroll","background-type":"","background-media":"","overlay-type":"","overlay-color":"","overlay-opacity":"","overlay-gradient":""}},"ast-content-background-meta":{"desktop":{"background-color":"var(--ast-global-color-5)","background-image":"","background-repeat":"repeat","background-position":"center center","background-size":"auto","background-attachment":"scroll","background-type":"","background-media":"","overlay-type":"","overlay-color":"","overlay-opacity":"","overlay-gradient":""},"tablet":{"background-color":"var(--ast-global-color-5)","background-image":"","background-repeat":"repeat","background-position":"center center","background-size":"auto","background-attachment":"scroll","background-type":"","background-media":"","overlay-type":"","overlay-color":"","overlay-opacity":"","overlay-gradient":""},"mobile":{"background-color":"var(--ast-global-color-5)","background-image":"","background-repeat":"repeat","background-position":"center center","background-size":"auto","background-attachment":"scroll","background-type":"","background-media":"","overlay-type":"","overlay-color":"","overlay-opacity":"","overlay-gradient":""}},"footnotes":""},"class_list":["post-270391","page","type-page","status-publish","has-post-thumbnail","hentry"],"yoast_head":"<!-- This site is optimized with the Yoast SEO plugin v26.6 - https:\/\/yoast.com\/wordpress\/plugins\/seo\/ -->\n<title>Kihlas\u00f5rmused \u2013 eksklusiivsed valikud igale maitsele<\/title>\n<meta name=\"description\" content=\"Avastage kihlas\u00f5rmused, mis vastavad igale maitsele. Valige oma eriliseks s\u00fcndmuseks ideaalne variant. Loe kohe!\" \/>\n<meta name=\"robots\" content=\"index, follow, max-snippet:-1, max-image-preview:large, max-video-preview:-1\" \/>\n<link rel=\"canonical\" href=\"https:\/\/fashiongold.lt\/et\/kihlasormuste-kkk\/\" \/>\n<meta property=\"og:locale\" content=\"et_EE\" \/>\n<meta property=\"og:type\" content=\"article\" \/>\n<meta property=\"og:title\" content=\"Kihlas\u00f5rmused \u2013 eksklusiivsed valikud igale maitsele\" \/>\n<meta property=\"og:description\" content=\"Avastage kihlas\u00f5rmused, mis vastavad igale maitsele. Valige oma eriliseks s\u00fcndmuseks ideaalne variant. Loe kohe!\" \/>\n<meta property=\"og:url\" content=\"https:\/\/fashiongold.lt\/et\/kihlasormuste-kkk\/\" \/>\n<meta property=\"og:site_name\" content=\"FashionGold.lt\" \/>\n<meta property=\"article:modified_time\" content=\"2026-02-03T05:17:33+00:00\" \/>\n<meta property=\"og:image\" content=\"https:\/\/fashiongold.lt\/wp-content\/uploads\/2025\/11\/1777e376-11bd-47d7-8379-51f782558920.png\" \/>\n\t<meta property=\"og:image:width\" content=\"1024\" \/>\n\t<meta property=\"og:image:height\" content=\"1024\" \/>\n\t<meta property=\"og:image:type\" content=\"image\/png\" \/>\n<meta name=\"twitter:card\" content=\"summary_large_image\" \/>\n<meta name=\"twitter:label1\" content=\"Est. reading time\" \/>\n\t<meta name=\"twitter:data1\" content=\"5 minutit\" \/>\n<script type=\"application\/ld+json\" class=\"yoast-schema-graph\">{\"@context\":\"https:\/\/schema.org\",\"@graph\":[{\"@type\":\"WebPage\",\"@id\":\"https:\/\/fashiongold.lt\/et\/kihlasormuste-kkk\/\",\"url\":\"https:\/\/fashiongold.lt\/et\/kihlasormuste-kkk\/\",\"name\":\"Kihlas\u00f5rmused \u2013 eksklusiivsed valikud igale maitsele\",\"isPartOf\":{\"@id\":\"https:\/\/fashiongold.lt\/et\/#website\"},\"primaryImageOfPage\":{\"@id\":\"https:\/\/fashiongold.lt\/et\/kihlasormuste-kkk\/#primaryimage\"},\"image\":{\"@id\":\"https:\/\/fashiongold.lt\/et\/kihlasormuste-kkk\/#primaryimage\"},\"thumbnailUrl\":\"https:\/\/fashiongold.lt\/wp-content\/uploads\/2025\/07\/TDO-1243-modernus-suzadetuviu-ziedas-su-cushion-deimantu-1.png\",\"datePublished\":\"2025-12-08T18:55:30+00:00\",\"dateModified\":\"2026-02-03T05:17:33+00:00\",\"description\":\"Avastage kihlas\u00f5rmused, mis vastavad igale maitsele. Valige oma eriliseks s\u00fcndmuseks ideaalne variant. Loe kohe!\",\"breadcrumb\":{\"@id\":\"https:\/\/fashiongold.lt\/et\/kihlasormuste-kkk\/#breadcrumb\"},\"inLanguage\":\"et\",\"potentialAction\":[{\"@type\":\"ReadAction\",\"target\":[\"https:\/\/fashiongold.lt\/et\/kihlasormuste-kkk\/\"]}]},{\"@type\":\"ImageObject\",\"inLanguage\":\"et\",\"@id\":\"https:\/\/fashiongold.lt\/et\/kihlasormuste-kkk\/#primaryimage\",\"url\":\"https:\/\/fashiongold.lt\/wp-content\/uploads\/2025\/07\/TDO-1243-modernus-suzadetuviu-ziedas-su-cushion-deimantu-1.png\",\"contentUrl\":\"https:\/\/fashiongold.lt\/wp-content\/uploads\/2025\/07\/TDO-1243-modernus-suzadetuviu-ziedas-su-cushion-deimantu-1.png\",\"width\":800,\"height\":800,\"caption\":\"Modernus raudono aukso su\u017ead\u0117tuvi\u0173 \u017eiedas su pagalv\u0117l\u0117s formos deimantu - Cushion cut\"},{\"@type\":\"BreadcrumbList\",\"@id\":\"https:\/\/fashiongold.lt\/et\/kihlasormuste-kkk\/#breadcrumb\",\"itemListElement\":[{\"@type\":\"ListItem\",\"position\":1,\"name\":\"Home\",\"item\":\"https:\/\/fashiongold.lt\/et\/\"},{\"@type\":\"ListItem\",\"position\":2,\"name\":\"Kihlas\u00f5rmuste KKK\"}]},{\"@type\":\"WebSite\",\"@id\":\"https:\/\/fashiongold.lt\/et\/#website\",\"url\":\"https:\/\/fashiongold.lt\/et\/\",\"name\":\"Fashion Gold\",\"description\":\"Juvelyrikos namai\",\"publisher\":{\"@id\":\"https:\/\/fashiongold.lt\/et\/#organization\"},\"potentialAction\":[{\"@type\":\"SearchAction\",\"target\":{\"@type\":\"EntryPoint\",\"urlTemplate\":\"https:\/\/fashiongold.lt\/et\/?s={search_term_string}\"},\"query-input\":{\"@type\":\"PropertyValueSpecification\",\"valueRequired\":true,\"valueName\":\"search_term_string\"}}],\"inLanguage\":\"et\"},{\"@type\":\"Organization\",\"@id\":\"https:\/\/fashiongold.lt\/et\/#organization\",\"name\":\"Topdiamonds Online\",\"url\":\"https:\/\/fashiongold.lt\/et\/\",\"logo\":{\"@type\":\"ImageObject\",\"inLanguage\":\"et\",\"@id\":\"https:\/\/fashiongold.lt\/et\/#\/schema\/logo\/image\/\",\"url\":\"https:\/\/fashiongold.lt\/wp-content\/uploads\/2025\/04\/cropped-fashion_gold_logotipas2-scaled-1.png\",\"contentUrl\":\"https:\/\/fashiongold.lt\/wp-content\/uploads\/2025\/04\/cropped-fashion_gold_logotipas2-scaled-1.png\",\"width\":2559,\"height\":421,\"caption\":\"Topdiamonds Online\"},\"image\":{\"@id\":\"https:\/\/fashiongold.lt\/et\/#\/schema\/logo\/image\/\"}}]}<\/script>\n<!-- \/ Yoast SEO plugin. -->","yoast_head_json":{"title":"Kihlas\u00f5rmused \u2013 eksklusiivsed valikud igale maitsele","description":"Avastage kihlas\u00f5rmused, mis vastavad igale maitsele. Valige oma eriliseks s\u00fcndmuseks ideaalne variant. Loe kohe!","robots":{"index":"index","follow":"follow","max-snippet":"max-snippet:-1","max-image-preview":"max-image-preview:large","max-video-preview":"max-video-preview:-1"},"canonical":"https:\/\/fashiongold.lt\/et\/kihlasormuste-kkk\/","og_locale":"et_EE","og_type":"article","og_title":"Kihlas\u00f5rmused \u2013 eksklusiivsed valikud igale maitsele","og_description":"Avastage kihlas\u00f5rmused, mis vastavad igale maitsele. Valige oma eriliseks s\u00fcndmuseks ideaalne variant. Loe kohe!","og_url":"https:\/\/fashiongold.lt\/et\/kihlasormuste-kkk\/","og_site_name":"FashionGold.lt","article_modified_time":"2026-02-03T05:17:33+00:00","og_image":[{"width":1024,"height":1024,"url":"https:\/\/fashiongold.lt\/wp-content\/uploads\/2025\/11\/1777e376-11bd-47d7-8379-51f782558920.png","type":"image\/png"}],"twitter_card":"summary_large_image","twitter_misc":{"Est. reading time":"5 minutit"},"schema":{"@context":"https:\/\/schema.org","@graph":[{"@type":"WebPage","@id":"https:\/\/fashiongold.lt\/et\/kihlasormuste-kkk\/","url":"https:\/\/fashiongold.lt\/et\/kihlasormuste-kkk\/","name":"Kihlas\u00f5rmused \u2013 eksklusiivsed valikud igale maitsele","isPartOf":{"@id":"https:\/\/fashiongold.lt\/et\/#website"},"primaryImageOfPage":{"@id":"https:\/\/fashiongold.lt\/et\/kihlasormuste-kkk\/#primaryimage"},"image":{"@id":"https:\/\/fashiongold.lt\/et\/kihlasormuste-kkk\/#primaryimage"},"thumbnailUrl":"https:\/\/fashiongold.lt\/wp-content\/uploads\/2025\/07\/TDO-1243-modernus-suzadetuviu-ziedas-su-cushion-deimantu-1.png","datePublished":"2025-12-08T18:55:30+00:00","dateModified":"2026-02-03T05:17:33+00:00","description":"Avastage kihlas\u00f5rmused, mis vastavad igale maitsele. Valige oma eriliseks s\u00fcndmuseks ideaalne variant. Loe kohe!","breadcrumb":{"@id":"https:\/\/fashiongold.lt\/et\/kihlasormuste-kkk\/#breadcrumb"},"inLanguage":"et","potentialAction":[{"@type":"ReadAction","target":["https:\/\/fashiongold.lt\/et\/kihlasormuste-kkk\/"]}]},{"@type":"ImageObject","inLanguage":"et","@id":"https:\/\/fashiongold.lt\/et\/kihlasormuste-kkk\/#primaryimage","url":"https:\/\/fashiongold.lt\/wp-content\/uploads\/2025\/07\/TDO-1243-modernus-suzadetuviu-ziedas-su-cushion-deimantu-1.png","contentUrl":"https:\/\/fashiongold.lt\/wp-content\/uploads\/2025\/07\/TDO-1243-modernus-suzadetuviu-ziedas-su-cushion-deimantu-1.png","width":800,"height":800,"caption":"Modernus raudono aukso su\u017ead\u0117tuvi\u0173 \u017eiedas su pagalv\u0117l\u0117s formos deimantu - Cushion cut"},{"@type":"BreadcrumbList","@id":"https:\/\/fashiongold.lt\/et\/kihlasormuste-kkk\/#breadcrumb","itemListElement":[{"@type":"ListItem","position":1,"name":"Home","item":"https:\/\/fashiongold.lt\/et\/"},{"@type":"ListItem","position":2,"name":"Kihlas\u00f5rmuste KKK"}]},{"@type":"WebSite","@id":"https:\/\/fashiongold.lt\/et\/#website","url":"https:\/\/fashiongold.lt\/et\/","name":"Fashion Gold","description":"Juvelyrikos namai","publisher":{"@id":"https:\/\/fashiongold.lt\/et\/#organization"},"potentialAction":[{"@type":"SearchAction","target":{"@type":"EntryPoint","urlTemplate":"https:\/\/fashiongold.lt\/et\/?s={search_term_string}"},"query-input":{"@type":"PropertyValueSpecification","valueRequired":true,"valueName":"search_term_string"}}],"inLanguage":"et"},{"@type":"Organization","@id":"https:\/\/fashiongold.lt\/et\/#organization","name":"Topdiamonds Online","url":"https:\/\/fashiongold.lt\/et\/","logo":{"@type":"ImageObject","inLanguage":"et","@id":"https:\/\/fashiongold.lt\/et\/#\/schema\/logo\/image\/","url":"https:\/\/fashiongold.lt\/wp-content\/uploads\/2025\/04\/cropped-fashion_gold_logotipas2-scaled-1.png","contentUrl":"https:\/\/fashiongold.lt\/wp-content\/uploads\/2025\/04\/cropped-fashion_gold_logotipas2-scaled-1.png","width":2559,"height":421,"caption":"Topdiamonds Online"},"image":{"@id":"https:\/\/fashiongold.lt\/et\/#\/schema\/logo\/image\/"}}]}},"_links":{"self":[{"href":"https:\/\/fashiongold.lt\/et\/wp-json\/wp\/v2\/pages\/270391","targetHints":{"allow":["GET"]}}],"collection":[{"href":"https:\/\/fashiongold.lt\/et\/wp-json\/wp\/v2\/pages"}],"about":[{"href":"https:\/\/fashiongold.lt\/et\/wp-json\/wp\/v2\/types\/page"}],"author":[{"embeddable":true,"href":"https:\/\/fashiongold.lt\/et\/wp-json\/wp\/v2\/users\/11"}],"replies":[{"embeddable":true,"href":"https:\/\/fashiongold.lt\/et\/wp-json\/wp\/v2\/comments?post=270391"}],"version-history":[{"count":0,"href":"https:\/\/fashiongold.lt\/et\/wp-json\/wp\/v2\/pages\/270391\/revisions"}],"wp:featuredmedia":[{"embeddable":true,"href":"https:\/\/fashiongold.lt\/et\/wp-json\/wp\/v2\/media\/264098"}],"wp:attachment":[{"href":"https:\/\/fashiongold.lt\/et\/wp-json\/wp\/v2\/media?parent=270391"}],"curies":[{"name":"wp","href":"https:\/\/api.w.org\/{rel}","templated":true}]}}