{"id":270699,"date":"2025-07-04T07:57:33","date_gmt":"2025-07-04T07:57:33","guid":{"rendered":"https:\/\/fashiongold.lt\/esto-tarbimislaen\/"},"modified":"2026-02-03T05:18:10","modified_gmt":"2026-02-03T05:18:10","slug":"esto-tarbimislaen","status":"publish","type":"page","link":"https:\/\/fashiongold.lt\/et\/esto-tarbimislaen\/","title":{"rendered":"ESTO tarbimislaen"},"content":{"rendered":"<p><img fetchpriority=\"high\" decoding=\"async\" class=\"aligncenter wp-image-21774 size-full\" src=\"https:\/\/fashiongold.lt\/wp-content\/uploads\/2025\/07\/Small-loan-info-banner-LT.jpg\" alt=\"\" width=\"1920\" height=\"600\" srcset=\"https:\/\/fashiongold.lt\/wp-content\/uploads\/2025\/07\/Small-loan-info-banner-LT.jpg 1920w, https:\/\/fashiongold.lt\/wp-content\/uploads\/2025\/07\/Small-loan-info-banner-LT-300x94.jpg 300w, https:\/\/fashiongold.lt\/wp-content\/uploads\/2025\/07\/Small-loan-info-banner-LT-1024x320.jpg 1024w, https:\/\/fashiongold.lt\/wp-content\/uploads\/2025\/07\/Small-loan-info-banner-LT-768x240.jpg 768w, https:\/\/fashiongold.lt\/wp-content\/uploads\/2025\/07\/Small-loan-info-banner-LT-1536x480.jpg 1536w, https:\/\/fashiongold.lt\/wp-content\/uploads\/2025\/07\/Small-loan-info-banner-LT-600x188.jpg 600w\" sizes=\"(max-width: 1920px) 100vw, 1920px\" \/><\/p>\n<p><strong>Vajad raha suuremateks ostudeks? Tutvu ESTO V\u00e4ikelaenuga!<\/strong><\/p>\n<p><strong>\u2714\ufe0f <\/strong>Taotluse t\u00e4itmine internetis vaid 1 minutiga<br \/>\n\u2714\ufe0f Kiire laenuotsus<br \/>\n\u2714\ufe0f Lihtne lepingu allkirjastamine<\/p>\n<p>Naudi kauaoodatud puhkust, soeta t\u00f6\u00f6ks uusim Macbook v\u00f5i lihtsalt oma lisaraha ootamatuteks kuludeks \u2013 ESTO V\u00e4ikelaen pakub v\u00f5imalust laenata kuni 1000 \u20ac.<\/p>\n<ul>\n<li>Laenusumma: 500 \u20ac &#8211; 10 000 \u20ac<\/li>\n<li>Laenuperiood: 3 &#8211; 48 kuud<\/li>\n<li>Laenu sihtotstarve: igasugune<\/li>\n<li>Eritingimused: 0 \u20ac lepingu s\u00f5lmimise tasu<\/li>\n<\/ul>\n<p>&nbsp;<\/p>\n<p><strong><u><a href=\"https:\/\/api.estopay.lt\/loan\/merchant-small?shop_id=topdiamonds\">Taotle laenu<\/a><\/u><\/strong><\/p>\n<p>Laenuotsus on individuaalne ja s\u00f5ltub valitud laenusummast, lepingu kestusest ning teie krediidiv\u00f5imekusest. K\u00f5iki laenu saamise ja tagastamisega seotud toiminguid saate teha digitaalselt, olgu selleks taotluse esitamine, laenuperioodi muutmine v\u00f5i isegi ennet\u00e4htaegne tagastamine.<\/p>\n<p>Tagasimaksegraafiku kohaselt on k\u00f5ik teie kuumaksed v\u00f5rdsed ja fikseeritud kogu teie valitud laenuperioodiks. ESTO iseteenindusportaalis saate mugavalt hallata oma lepinguid ja tagasimakseid kohe, kui olete saanud kliendiks.<\/p>\n<p><img decoding=\"async\" class=\"alignnone size-full wp-image-21762\" src=\"https:\/\/fashiongold.lt\/wp-content\/uploads\/2025\/07\/Steps-info-banner-LT.png\" alt=\"\" width=\"1920\" height=\"348\" srcset=\"https:\/\/fashiongold.lt\/wp-content\/uploads\/2025\/07\/Steps-info-banner-LT.png 1920w, https:\/\/fashiongold.lt\/wp-content\/uploads\/2025\/07\/Steps-info-banner-LT-300x54.png 300w, https:\/\/fashiongold.lt\/wp-content\/uploads\/2025\/07\/Steps-info-banner-LT-1024x186.png 1024w, https:\/\/fashiongold.lt\/wp-content\/uploads\/2025\/07\/Steps-info-banner-LT-768x139.png 768w, https:\/\/fashiongold.lt\/wp-content\/uploads\/2025\/07\/Steps-info-banner-LT-1536x278.png 1536w, https:\/\/fashiongold.lt\/wp-content\/uploads\/2025\/07\/Steps-info-banner-LT-600x109.png 600w\" sizes=\"(max-width: 1920px) 100vw, 1920px\" \/><\/p>\n<p><strong><em>T\u00e4helepanu! Enne lepingu s\u00f5lmimist tutvu t\u00e4helepanelikult pakutava lepingu tingimustega ja vajadusel konsulteeri ESTO t\u00f6\u00f6taja v\u00f5i muu spetsialistiga. <\/em><\/strong><em>N\u00e4iteks 500 EUR laenamisel on ESTO V\u00e4ikelaenu krediidikulukuse m\u00e4\u00e4r 25,48%, fikseeritud intressim\u00e4\u00e4r \u2013 8,90% aastas, lepingu s\u00f5lmimise tasu \u2013 7,9 EUR, igakuine haldustasu \u2013 1,90 EUR, krediidi kogusumma ja tagasimaksed \u2013 844,2 EUR (tingimusel, et laen tagastatakse 60 kuu jooksul v\u00f5rdsete osamaksetena 14,07 EUR kuus). Tingimused v\u00f5ivad muutuda s\u00f5ltuvalt valitud summast, lepingu t\u00e4htajast v\u00f5i krediidiv\u00f5imekuse hindamise tulemustest.<\/em><\/p>\n<p>&nbsp;<\/p>\n<p><strong>MIS ON ESTO?<br \/>\n<\/strong>ESTO on 2016. aastal asutatud finantsteenuseid pakkuv ettev\u00f5te. See ettev\u00f5te s\u00fcndis vajadusest makselahenduste j\u00e4rele, mis sobiksid nii l\u00f5pptarbijale kui ka kaupmehele. T\u00e4na pakub ESTO Baltikumis erinevaid makselahendusi ning teeb koost\u00f6\u00f6d enam kui 2000 partneri ja kauplusega ning on koondanud enam kui 200 000 kliendist koosneva partnerv\u00f5rgustiku. Tingimused leiate siit: esto.eu\/ee. Abi vajamisel v\u00f5tke \u00fchendust ESTO t\u00f6\u00f6tajaga info@esto.ee v\u00f5i <a href=\"https:\/\/esto.eu\/lt\/asmeninis\/pagalba?lang=lt\">https:\/\/esto.eu\/ee\/abi<\/a> vestlusakna kaudu.<\/p>\n","protected":false},"excerpt":{"rendered":"<p>Vajad raha suuremateks ostudeks? Tutvu ESTO V\u00e4ikelaenuga! \u2714\ufe0f Taotluse t\u00e4itmine internetis vaid 1 minutiga \u2714\ufe0f Kiire laenuotsus \u2714\ufe0f Lihtne lepingu [&hellip;]<\/p>\n","protected":false},"author":3,"featured_media":32353,"parent":0,"menu_order":0,"comment_status":"closed","ping_status":"closed","template":"","meta":{"site-sidebar-layout":"default","site-content-layout":"","ast-site-content-layout":"default","site-content-style":"default","site-sidebar-style":"default","ast-global-header-display":"","ast-banner-title-visibility":"","ast-main-header-display":"","ast-hfb-above-header-display":"","ast-hfb-below-header-display":"","ast-hfb-mobile-header-display":"","site-post-title":"","ast-breadcrumbs-content":"","ast-featured-img":"","footer-sml-layout":"","ast-disable-related-posts":"","theme-transparent-header-meta":"default","adv-header-id-meta":"","stick-header-meta":"","header-above-stick-meta":"","header-main-stick-meta":"","header-below-stick-meta":"","astra-migrate-meta-layouts":"default","ast-page-background-enabled":"default","ast-page-background-meta":{"desktop":{"background-color":"var(--ast-global-color-4)","background-image":"","background-repeat":"repeat","background-position":"center center","background-size":"auto","background-attachment":"scroll","background-type":"","background-media":"","overlay-type":"","overlay-color":"","overlay-opacity":"","overlay-gradient":""},"tablet":{"background-color":"","background-image":"","background-repeat":"repeat","background-position":"center center","background-size":"auto","background-attachment":"scroll","background-type":"","background-media":"","overlay-type":"","overlay-color":"","overlay-opacity":"","overlay-gradient":""},"mobile":{"background-color":"","background-image":"","background-repeat":"repeat","background-position":"center center","background-size":"auto","background-attachment":"scroll","background-type":"","background-media":"","overlay-type":"","overlay-color":"","overlay-opacity":"","overlay-gradient":""}},"ast-content-background-meta":{"desktop":{"background-color":"var(--ast-global-color-5)","background-image":"","background-repeat":"repeat","background-position":"center center","background-size":"auto","background-attachment":"scroll","background-type":"","background-media":"","overlay-type":"","overlay-color":"","overlay-opacity":"","overlay-gradient":""},"tablet":{"background-color":"var(--ast-global-color-5)","background-image":"","background-repeat":"repeat","background-position":"center center","background-size":"auto","background-attachment":"scroll","background-type":"","background-media":"","overlay-type":"","overlay-color":"","overlay-opacity":"","overlay-gradient":""},"mobile":{"background-color":"var(--ast-global-color-5)","background-image":"","background-repeat":"repeat","background-position":"center center","background-size":"auto","background-attachment":"scroll","background-type":"","background-media":"","overlay-type":"","overlay-color":"","overlay-opacity":"","overlay-gradient":""}},"footnotes":""},"class_list":["post-270699","page","type-page","status-publish","has-post-thumbnail","hentry"],"yoast_head":"<!-- This site is optimized with the Yoast SEO plugin v26.6 - https:\/\/yoast.com\/wordpress\/plugins\/seo\/ -->\n<title>ESTO tarbimislaen | Fashiongold.lt j\u00e4relmaks ehetele<\/title>\n<meta name=\"description\" content=\"Ostke sertifitseeritud teemante ja ehteid j\u00e4relmaksuga: ESTO tarbimislaen Fashiongold.lt \u2013 kiire taotlus, vastus minutiga.\" \/>\n<meta name=\"robots\" content=\"index, follow, max-snippet:-1, max-image-preview:large, max-video-preview:-1\" \/>\n<link rel=\"canonical\" href=\"https:\/\/fashiongold.lt\/et\/esto-tarbimislaen\/\" \/>\n<meta property=\"og:locale\" content=\"et_EE\" \/>\n<meta property=\"og:type\" content=\"article\" \/>\n<meta property=\"og:title\" content=\"ESTO tarbimislaen | Fashiongold.lt j\u00e4relmaks ehetele\" \/>\n<meta property=\"og:description\" content=\"Ostke sertifitseeritud teemante ja ehteid j\u00e4relmaksuga: ESTO tarbimislaen Fashiongold.lt \u2013 kiire taotlus, vastus minutiga.\" \/>\n<meta property=\"og:url\" content=\"https:\/\/fashiongold.lt\/et\/esto-tarbimislaen\/\" \/>\n<meta property=\"og:site_name\" content=\"FashionGold.lt\" \/>\n<meta property=\"article:modified_time\" content=\"2026-02-03T05:18:10+00:00\" \/>\n<meta property=\"og:image\" content=\"https:\/\/fashiongold.lt\/wp-content\/uploads\/2025\/08\/Suzadetuviu-ziedas-su-smaragdu-ir-deimantais-\u2013-elegantiskas-zalias-brangakmenis-1.png\" \/>\n\t<meta property=\"og:image:width\" content=\"1024\" \/>\n\t<meta property=\"og:image:height\" content=\"1024\" \/>\n\t<meta property=\"og:image:type\" content=\"image\/png\" \/>\n<meta name=\"twitter:card\" content=\"summary_large_image\" \/>\n<meta name=\"twitter:label1\" content=\"Est. reading time\" \/>\n\t<meta name=\"twitter:data1\" content=\"1 minut\" \/>\n<script type=\"application\/ld+json\" class=\"yoast-schema-graph\">{\"@context\":\"https:\/\/schema.org\",\"@graph\":[{\"@type\":\"WebPage\",\"@id\":\"https:\/\/fashiongold.lt\/et\/esto-tarbimislaen\/\",\"url\":\"https:\/\/fashiongold.lt\/et\/esto-tarbimislaen\/\",\"name\":\"ESTO tarbimislaen | Fashiongold.lt j\u00e4relmaks ehetele\",\"isPartOf\":{\"@id\":\"https:\/\/fashiongold.lt\/et\/#website\"},\"primaryImageOfPage\":{\"@id\":\"https:\/\/fashiongold.lt\/et\/esto-tarbimislaen\/#primaryimage\"},\"image\":{\"@id\":\"https:\/\/fashiongold.lt\/et\/esto-tarbimislaen\/#primaryimage\"},\"thumbnailUrl\":\"https:\/\/fashiongold.lt\/wp-content\/uploads\/2025\/08\/Suzadetuviu-ziedas-su-smaragdu-ir-deimantais-\u2013-elegantiskas-zalias-brangakmenis-1.png\",\"datePublished\":\"2025-07-04T07:57:33+00:00\",\"dateModified\":\"2026-02-03T05:18:10+00:00\",\"description\":\"Ostke sertifitseeritud teemante ja ehteid j\u00e4relmaksuga: ESTO tarbimislaen Fashiongold.lt \u2013 kiire taotlus, vastus minutiga.\",\"breadcrumb\":{\"@id\":\"https:\/\/fashiongold.lt\/et\/esto-tarbimislaen\/#breadcrumb\"},\"inLanguage\":\"et\",\"potentialAction\":[{\"@type\":\"ReadAction\",\"target\":[\"https:\/\/fashiongold.lt\/et\/esto-tarbimislaen\/\"]}]},{\"@type\":\"ImageObject\",\"inLanguage\":\"et\",\"@id\":\"https:\/\/fashiongold.lt\/et\/esto-tarbimislaen\/#primaryimage\",\"url\":\"https:\/\/fashiongold.lt\/wp-content\/uploads\/2025\/08\/Suzadetuviu-ziedas-su-smaragdu-ir-deimantais-\u2013-elegantiskas-zalias-brangakmenis-1.png\",\"contentUrl\":\"https:\/\/fashiongold.lt\/wp-content\/uploads\/2025\/08\/Suzadetuviu-ziedas-su-smaragdu-ir-deimantais-\u2013-elegantiskas-zalias-brangakmenis-1.png\",\"width\":1024,\"height\":1024,\"caption\":\"Smaragdas - su\u017ead\u0117tuvi\u0173 \u017eiedas su smaragdu ir deimantais\"},{\"@type\":\"BreadcrumbList\",\"@id\":\"https:\/\/fashiongold.lt\/et\/esto-tarbimislaen\/#breadcrumb\",\"itemListElement\":[{\"@type\":\"ListItem\",\"position\":1,\"name\":\"Home\",\"item\":\"https:\/\/fashiongold.lt\/et\/\"},{\"@type\":\"ListItem\",\"position\":2,\"name\":\"ESTO tarbimislaen\"}]},{\"@type\":\"WebSite\",\"@id\":\"https:\/\/fashiongold.lt\/et\/#website\",\"url\":\"https:\/\/fashiongold.lt\/et\/\",\"name\":\"Fashion Gold\",\"description\":\"Juvelyrikos namai\",\"publisher\":{\"@id\":\"https:\/\/fashiongold.lt\/et\/#organization\"},\"potentialAction\":[{\"@type\":\"SearchAction\",\"target\":{\"@type\":\"EntryPoint\",\"urlTemplate\":\"https:\/\/fashiongold.lt\/et\/?s={search_term_string}\"},\"query-input\":{\"@type\":\"PropertyValueSpecification\",\"valueRequired\":true,\"valueName\":\"search_term_string\"}}],\"inLanguage\":\"et\"},{\"@type\":\"Organization\",\"@id\":\"https:\/\/fashiongold.lt\/et\/#organization\",\"name\":\"Topdiamonds Online\",\"url\":\"https:\/\/fashiongold.lt\/et\/\",\"logo\":{\"@type\":\"ImageObject\",\"inLanguage\":\"et\",\"@id\":\"https:\/\/fashiongold.lt\/et\/#\/schema\/logo\/image\/\",\"url\":\"https:\/\/fashiongold.lt\/wp-content\/uploads\/2025\/04\/cropped-fashion_gold_logotipas2-scaled-1.png\",\"contentUrl\":\"https:\/\/fashiongold.lt\/wp-content\/uploads\/2025\/04\/cropped-fashion_gold_logotipas2-scaled-1.png\",\"width\":2559,\"height\":421,\"caption\":\"Topdiamonds Online\"},\"image\":{\"@id\":\"https:\/\/fashiongold.lt\/et\/#\/schema\/logo\/image\/\"}}]}<\/script>\n<!-- \/ Yoast SEO plugin. -->","yoast_head_json":{"title":"ESTO tarbimislaen | Fashiongold.lt j\u00e4relmaks ehetele","description":"Ostke sertifitseeritud teemante ja ehteid j\u00e4relmaksuga: ESTO tarbimislaen Fashiongold.lt \u2013 kiire taotlus, vastus minutiga.","robots":{"index":"index","follow":"follow","max-snippet":"max-snippet:-1","max-image-preview":"max-image-preview:large","max-video-preview":"max-video-preview:-1"},"canonical":"https:\/\/fashiongold.lt\/et\/esto-tarbimislaen\/","og_locale":"et_EE","og_type":"article","og_title":"ESTO tarbimislaen | Fashiongold.lt j\u00e4relmaks ehetele","og_description":"Ostke sertifitseeritud teemante ja ehteid j\u00e4relmaksuga: ESTO tarbimislaen Fashiongold.lt \u2013 kiire taotlus, vastus minutiga.","og_url":"https:\/\/fashiongold.lt\/et\/esto-tarbimislaen\/","og_site_name":"FashionGold.lt","article_modified_time":"2026-02-03T05:18:10+00:00","og_image":[{"width":1024,"height":1024,"url":"https:\/\/fashiongold.lt\/wp-content\/uploads\/2025\/08\/Suzadetuviu-ziedas-su-smaragdu-ir-deimantais-\u2013-elegantiskas-zalias-brangakmenis-1.png","type":"image\/png"}],"twitter_card":"summary_large_image","twitter_misc":{"Est. reading time":"1 minut"},"schema":{"@context":"https:\/\/schema.org","@graph":[{"@type":"WebPage","@id":"https:\/\/fashiongold.lt\/et\/esto-tarbimislaen\/","url":"https:\/\/fashiongold.lt\/et\/esto-tarbimislaen\/","name":"ESTO tarbimislaen | Fashiongold.lt j\u00e4relmaks ehetele","isPartOf":{"@id":"https:\/\/fashiongold.lt\/et\/#website"},"primaryImageOfPage":{"@id":"https:\/\/fashiongold.lt\/et\/esto-tarbimislaen\/#primaryimage"},"image":{"@id":"https:\/\/fashiongold.lt\/et\/esto-tarbimislaen\/#primaryimage"},"thumbnailUrl":"https:\/\/fashiongold.lt\/wp-content\/uploads\/2025\/08\/Suzadetuviu-ziedas-su-smaragdu-ir-deimantais-\u2013-elegantiskas-zalias-brangakmenis-1.png","datePublished":"2025-07-04T07:57:33+00:00","dateModified":"2026-02-03T05:18:10+00:00","description":"Ostke sertifitseeritud teemante ja ehteid j\u00e4relmaksuga: ESTO tarbimislaen Fashiongold.lt \u2013 kiire taotlus, vastus minutiga.","breadcrumb":{"@id":"https:\/\/fashiongold.lt\/et\/esto-tarbimislaen\/#breadcrumb"},"inLanguage":"et","potentialAction":[{"@type":"ReadAction","target":["https:\/\/fashiongold.lt\/et\/esto-tarbimislaen\/"]}]},{"@type":"ImageObject","inLanguage":"et","@id":"https:\/\/fashiongold.lt\/et\/esto-tarbimislaen\/#primaryimage","url":"https:\/\/fashiongold.lt\/wp-content\/uploads\/2025\/08\/Suzadetuviu-ziedas-su-smaragdu-ir-deimantais-\u2013-elegantiskas-zalias-brangakmenis-1.png","contentUrl":"https:\/\/fashiongold.lt\/wp-content\/uploads\/2025\/08\/Suzadetuviu-ziedas-su-smaragdu-ir-deimantais-\u2013-elegantiskas-zalias-brangakmenis-1.png","width":1024,"height":1024,"caption":"Smaragdas - su\u017ead\u0117tuvi\u0173 \u017eiedas su smaragdu ir deimantais"},{"@type":"BreadcrumbList","@id":"https:\/\/fashiongold.lt\/et\/esto-tarbimislaen\/#breadcrumb","itemListElement":[{"@type":"ListItem","position":1,"name":"Home","item":"https:\/\/fashiongold.lt\/et\/"},{"@type":"ListItem","position":2,"name":"ESTO tarbimislaen"}]},{"@type":"WebSite","@id":"https:\/\/fashiongold.lt\/et\/#website","url":"https:\/\/fashiongold.lt\/et\/","name":"Fashion Gold","description":"Juvelyrikos namai","publisher":{"@id":"https:\/\/fashiongold.lt\/et\/#organization"},"potentialAction":[{"@type":"SearchAction","target":{"@type":"EntryPoint","urlTemplate":"https:\/\/fashiongold.lt\/et\/?s={search_term_string}"},"query-input":{"@type":"PropertyValueSpecification","valueRequired":true,"valueName":"search_term_string"}}],"inLanguage":"et"},{"@type":"Organization","@id":"https:\/\/fashiongold.lt\/et\/#organization","name":"Topdiamonds Online","url":"https:\/\/fashiongold.lt\/et\/","logo":{"@type":"ImageObject","inLanguage":"et","@id":"https:\/\/fashiongold.lt\/et\/#\/schema\/logo\/image\/","url":"https:\/\/fashiongold.lt\/wp-content\/uploads\/2025\/04\/cropped-fashion_gold_logotipas2-scaled-1.png","contentUrl":"https:\/\/fashiongold.lt\/wp-content\/uploads\/2025\/04\/cropped-fashion_gold_logotipas2-scaled-1.png","width":2559,"height":421,"caption":"Topdiamonds Online"},"image":{"@id":"https:\/\/fashiongold.lt\/et\/#\/schema\/logo\/image\/"}}]}},"_links":{"self":[{"href":"https:\/\/fashiongold.lt\/et\/wp-json\/wp\/v2\/pages\/270699","targetHints":{"allow":["GET"]}}],"collection":[{"href":"https:\/\/fashiongold.lt\/et\/wp-json\/wp\/v2\/pages"}],"about":[{"href":"https:\/\/fashiongold.lt\/et\/wp-json\/wp\/v2\/types\/page"}],"author":[{"embeddable":true,"href":"https:\/\/fashiongold.lt\/et\/wp-json\/wp\/v2\/users\/3"}],"replies":[{"embeddable":true,"href":"https:\/\/fashiongold.lt\/et\/wp-json\/wp\/v2\/comments?post=270699"}],"version-history":[{"count":0,"href":"https:\/\/fashiongold.lt\/et\/wp-json\/wp\/v2\/pages\/270699\/revisions"}],"wp:featuredmedia":[{"embeddable":true,"href":"https:\/\/fashiongold.lt\/et\/wp-json\/wp\/v2\/media\/32353"}],"wp:attachment":[{"href":"https:\/\/fashiongold.lt\/et\/wp-json\/wp\/v2\/media?parent=270699"}],"curies":[{"name":"wp","href":"https:\/\/api.w.org\/{rel}","templated":true}]}}