{"id":1036984,"date":"2026-03-28T12:42:32","date_gmt":"2026-03-28T12:42:32","guid":{"rendered":"https:\/\/fashiongold.lt\/?post_type=product&#038;p=1036984"},"modified":"2026-03-28T12:56:22","modified_gmt":"2026-03-28T12:56:22","slug":"deimantine-juostele-24-marquise-round-7-36-karatai","status":"publish","type":"product","link":"https:\/\/fashiongold.lt\/et\/papuosalas\/deimantine-juostele-24-marquise-round-7-36-karatai\/","title":{"rendered":"Deimantin\u0117 juostel\u0117 24 Marquise &#038; Round 7.36 karatai"},"content":{"rendered":"<p>\u017diedas gali b\u016bti pagamintas pagal u\u017esakym\u0105: u\u017e papildom\u0105 mokest\u012f su auk\u0161tesn\u0117s kokyb\u0117s deimant\u0173 arba deimantais.<\/p>\n<p>\u2022 \u017diedo metalas: 14K (585 prabos), galime pagaminti i\u0161 10K (375 prabos),\u00a0 18K (750 prabos), 950 platina,<\/p>\n<p>\u2022 \u017diedo spalva: baltas, geltonas, raudonas<\/p>\n<p>\u2022 \u017diedo svoris (prilauso nuo dyd\u017eio): apie 5,00 &#8211; 7,00 g<\/p>\n<p>\u2022 \u017diedo matmenis: apie 6.00 mm<\/p>\n<p>\u2022 \u017diedo komforto zona: yra<\/p>\n<p>\u2022 Deimanto tipas: Nat\u016bralus deimantas<\/p>\n<p>\u2022 Deimanto forma: markiz\u0117s ir apvalios formos (<strong data-start=\"48\" data-end=\"71\">Marquise cut &amp; Round cut<\/strong>)<\/p>\n<p>\u2022 Deimanto charakteristika: bendras svoris 7.36 ct (spalva D, E \u0161varumas VVS1-VVS2) (galima keisti).<\/p>\n<p>\u2022 Sertifikatas: Lietuvos Prabavimo R\u016bmai (LPR) + GIA sertifikatai<\/p>\n<p>\u2022 Graviravimas nemokamai<\/p>\n<p>\u2022 Vienkartin\u0117 nemokama \u017eiedo dyd\u017eio keitimo garantija (pagal galimyb\u0117s)<\/p>\n<p>\u2022 Gamybos ir pristatymo terminas nuo 21 darbo dien\u0173, skubos tvark\u0105 per 14 d.d.<\/p>\n<p><strong>Turite savo brangakmen\u012f? Susisiekite, perskai\u010diuosime kain\u0105 &#8211; mok\u0117site tik u\u017e \u017eied\u0173 gamyb\u0105.<\/strong><\/p>\n","protected":false},"excerpt":{"rendered":"<p>I\u0161skirtin\u0117 deimantin\u0117 juostel\u0117 su 24 markiz\u0117s ir apvalios formos deimantais &#8211; \u017eiedas su 7.36 karato deimantais. Auk\u0161\u010diausia \u017eiedo kokyb\u0117 i\u0161 Lietuvos. Maksimalus patogumas kasdieniam ne\u0161iojimui. Tai i\u0161skirtinis pasirinkimas tiems, kurie vertina auk\u0161t\u0105 kokyb\u0119. Pagaminta Lietuvoje &#8211; pagal auk\u0161\u010diausius standartus.<\/p>\n","protected":false},"featured_media":1036938,"template":"","meta":{"site-sidebar-layout":"default","site-content-layout":"","ast-site-content-layout":"default","site-content-style":"default","site-sidebar-style":"default","ast-global-header-display":"","ast-banner-title-visibility":"","ast-main-header-display":"","ast-hfb-above-header-display":"","ast-hfb-below-header-display":"","ast-hfb-mobile-header-display":"","site-post-title":"","ast-breadcrumbs-content":"","ast-featured-img":"","footer-sml-layout":"","ast-disable-related-posts":"","theme-transparent-header-meta":"default","adv-header-id-meta":"","stick-header-meta":"","header-above-stick-meta":"","header-main-stick-meta":"","header-below-stick-meta":"","astra-migrate-meta-layouts":"set","ast-page-background-enabled":"default","ast-page-background-meta":{"desktop":{"background-color":"var(--ast-global-color-4)","background-image":"","background-repeat":"repeat","background-position":"center center","background-size":"auto","background-attachment":"scroll","background-type":"","background-media":"","overlay-type":"","overlay-color":"","overlay-opacity":"","overlay-gradient":""},"tablet":{"background-color":"","background-image":"","background-repeat":"repeat","background-position":"center center","background-size":"auto","background-attachment":"scroll","background-type":"","background-media":"","overlay-type":"","overlay-color":"","overlay-opacity":"","overlay-gradient":""},"mobile":{"background-color":"","background-image":"","background-repeat":"repeat","background-position":"center center","background-size":"auto","background-attachment":"scroll","background-type":"","background-media":"","overlay-type":"","overlay-color":"","overlay-opacity":"","overlay-gradient":""}},"ast-content-background-meta":{"desktop":{"background-color":"var(--ast-global-color-5)","background-image":"","background-repeat":"repeat","background-position":"center center","background-size":"auto","background-attachment":"scroll","background-type":"","background-media":"","overlay-type":"","overlay-color":"","overlay-opacity":"","overlay-gradient":""},"tablet":{"background-color":"var(--ast-global-color-5)","background-image":"","background-repeat":"repeat","background-position":"center center","background-size":"auto","background-attachment":"scroll","background-type":"","background-media":"","overlay-type":"","overlay-color":"","overlay-opacity":"","overlay-gradient":""},"mobile":{"background-color":"var(--ast-global-color-5)","background-image":"","background-repeat":"repeat","background-position":"center center","background-size":"auto","background-attachment":"scroll","background-type":"","background-media":"","overlay-type":"","overlay-color":"","overlay-opacity":"","overlay-gradient":""}}},"product_brand":[],"product_cat":[2346,2287,2309,2347,2372,2394,2348,280,2288,283,284,285,2289,2290,2351,2326,2352,2379,2299,72,2376,292,2333,2418,2355,2356,2261,2327,2357,2302,2359,2399,2393,2335],"product_tag":[],"class_list":{"0":"post-1036984","1":"product","2":"type-product","3":"status-publish","4":"has-post-thumbnail","6":"product_cat-balto-aukso-deimantines-juosteles","7":"product_cat-balto-aukso-juvelyrika","8":"product_cat-balto-aukso-suzadetuviu-ziedai","9":"product_cat-balto-aukso-vestuviniai-ziedai","10":"product_cat-visas-ratu","11":"product_cat-deimantines-juosteles-su-deimantais","12":"product_cat-deimantines-juosteles","13":"product_cat-dovanos-gimtadienio-proga","14":"product_cat-dovanos-isleistuviu-proga","15":"product_cat-dovanos-moterims","16":"product_cat-dovanos-vaiko-gimimo-proga","17":"product_cat-dovanos-vestuviu-metiniu-proga","18":"product_cat-dovanos-vestuviu-proga","19":"product_cat-dovanos-ypatingoms-progoms","20":"product_cat-geltono-aukso-deimantines-juosteles","21":"product_cat-geltono-aukso-suzadetuviu-ziedai","22":"product_cat-geltono-aukso-vestuviniai-ziedai","23":"product_cat-juvelyras","24":"product_cat-juvelyrika","25":"product_cat-juvelyrika-moterims","26":"product_cat-juvelyrikos-gamyba","27":"product_cat-kaledines-dovanos","28":"product_cat-modernus-suzadetuviu-ziedai","29":"product_cat-modernus-vestuviniai-ziedai","30":"product_cat-moteriski-vestuviniai-ziedai","31":"product_cat-raudono-aukso-deimantines-juosteles","32":"product_cat-raudono-aukso-juvelyrika","33":"product_cat-raudono-aukso-suzadetuviu-ziedai","34":"product_cat-raudono-aukso-vestuviniai-ziedai","35":"product_cat-valentino-dienos-dovanos","36":"product_cat-vestuviniai-ziedai","37":"product_cat-vestuviniai-ziedai-su-deimantais","38":"product_cat-vestuviniu-ziedu-gamyba","39":"product_cat-ziedai-su-deimantais","40":"desktop-align-center","41":"tablet-align-left","42":"mobile-align-left","43":"ast-product-gallery-layout-horizontal-slider","44":"ast-product-single-variable","45":"ast-product-tabs-layout-accordion","46":"ast-qv-on-image","48":"first","49":"instock","50":"taxable","51":"shipping-taxable","52":"purchasable","53":"product-type-variable","54":"has-default-attributes"},"yoast_head":"<!-- This site is optimized with the Yoast SEO plugin v26.6 - https:\/\/yoast.com\/wordpress\/plugins\/seo\/ -->\n<title>Deimantin\u0117 juostel\u0117 su marquise ir round deimantais<\/title>\n<meta name=\"description\" content=\"Deimantin\u0117 juostel\u0117 su markiz\u0117s ir apvalios formos deimantais (24 Marquise&amp;Round). I\u0161skirtinis pasirinkimas tiems, kurie vertina auk\u0161t\u0105 kokyb\u0119.\" \/>\n<meta name=\"robots\" content=\"index, follow, max-snippet:-1, max-image-preview:large, max-video-preview:-1\" \/>\n<link rel=\"canonical\" href=\"https:\/\/fashiongold.lt\/et\/papuosalas\/deimantine-juostele-24-marquise-round-7-36-karatai\/\" \/>\n<meta property=\"og:locale\" content=\"et_EE\" \/>\n<meta property=\"og:type\" content=\"article\" \/>\n<meta property=\"og:title\" content=\"Deimantin\u0117 juostel\u0117 su marquise ir round deimantais\" \/>\n<meta property=\"og:description\" content=\"Deimantin\u0117 juostel\u0117 su markiz\u0117s ir apvalios formos deimantais (24 Marquise&amp;Round). I\u0161skirtinis pasirinkimas tiems, kurie vertina auk\u0161t\u0105 kokyb\u0119.\" \/>\n<meta property=\"og:url\" content=\"https:\/\/fashiongold.lt\/et\/papuosalas\/deimantine-juostele-24-marquise-round-7-36-karatai\/\" \/>\n<meta property=\"og:site_name\" content=\"FashionGold.lt\" \/>\n<meta property=\"article:modified_time\" content=\"2026-03-28T12:56:22+00:00\" \/>\n<meta property=\"og:image\" content=\"https:\/\/fashiongold.lt\/wp-content\/uploads\/2026\/03\/Deimantine-juostele-su-laboratoriniais-24-MarquiseRound-7.36-karatai-.webp\" \/>\n\t<meta property=\"og:image:width\" content=\"842\" \/>\n\t<meta property=\"og:image:height\" content=\"632\" \/>\n\t<meta property=\"og:image:type\" content=\"image\/png\" \/>\n<meta name=\"twitter:card\" content=\"summary_large_image\" \/>\n<meta name=\"twitter:label1\" content=\"Est. reading time\" \/>\n\t<meta name=\"twitter:data1\" content=\"1 minut\" \/>\n<script type=\"application\/ld+json\" class=\"yoast-schema-graph\">{\"@context\":\"https:\/\/schema.org\",\"@graph\":[{\"@type\":\"WebPage\",\"@id\":\"https:\/\/fashiongold.lt\/et\/papuosalas\/deimantine-juostele-24-marquise-round-7-36-karatai\/\",\"url\":\"https:\/\/fashiongold.lt\/et\/papuosalas\/deimantine-juostele-24-marquise-round-7-36-karatai\/\",\"name\":\"Deimantin\u0117 juostel\u0117 su marquise ir round deimantais\",\"isPartOf\":{\"@id\":\"https:\/\/fashiongold.lt\/et\/#website\"},\"primaryImageOfPage\":{\"@id\":\"https:\/\/fashiongold.lt\/et\/papuosalas\/deimantine-juostele-24-marquise-round-7-36-karatai\/#primaryimage\"},\"image\":{\"@id\":\"https:\/\/fashiongold.lt\/et\/papuosalas\/deimantine-juostele-24-marquise-round-7-36-karatai\/#primaryimage\"},\"thumbnailUrl\":\"https:\/\/fashiongold.lt\/wp-content\/uploads\/2026\/03\/Deimantine-juostele-su-laboratoriniais-24-MarquiseRound-7.36-karatai-.png\",\"datePublished\":\"2026-03-28T12:42:32+00:00\",\"dateModified\":\"2026-03-28T12:56:22+00:00\",\"description\":\"Deimantin\u0117 juostel\u0117 su markiz\u0117s ir apvalios formos deimantais (24 Marquise&Round). I\u0161skirtinis pasirinkimas tiems, kurie vertina auk\u0161t\u0105 kokyb\u0119.\",\"breadcrumb\":{\"@id\":\"https:\/\/fashiongold.lt\/et\/papuosalas\/deimantine-juostele-24-marquise-round-7-36-karatai\/#breadcrumb\"},\"inLanguage\":\"et\",\"potentialAction\":[{\"@type\":\"ReadAction\",\"target\":[\"https:\/\/fashiongold.lt\/et\/papuosalas\/deimantine-juostele-24-marquise-round-7-36-karatai\/\"]}]},{\"@type\":\"ImageObject\",\"inLanguage\":\"et\",\"@id\":\"https:\/\/fashiongold.lt\/et\/papuosalas\/deimantine-juostele-24-marquise-round-7-36-karatai\/#primaryimage\",\"url\":\"https:\/\/fashiongold.lt\/wp-content\/uploads\/2026\/03\/Deimantine-juostele-su-laboratoriniais-24-MarquiseRound-7.36-karatai-.png\",\"contentUrl\":\"https:\/\/fashiongold.lt\/wp-content\/uploads\/2026\/03\/Deimantine-juostele-su-laboratoriniais-24-MarquiseRound-7.36-karatai-.png\",\"width\":842,\"height\":632,\"caption\":\"\u017diedas deimantin\u0117 juostel\u0117 su laboratoriniais 24 Marquise\/Round 7.36 karatai\"},{\"@type\":\"BreadcrumbList\",\"@id\":\"https:\/\/fashiongold.lt\/et\/papuosalas\/deimantine-juostele-24-marquise-round-7-36-karatai\/#breadcrumb\",\"itemListElement\":[{\"@type\":\"ListItem\",\"position\":1,\"name\":\"Home\",\"item\":\"https:\/\/fashiongold.lt\/et\/\"},{\"@type\":\"ListItem\",\"position\":2,\"name\":\"Teemantide pood Fashiongold.lt\",\"item\":\"https:\/\/fashiongold.lt\/shop-2\/\"},{\"@type\":\"ListItem\",\"position\":3,\"name\":\"Deimantin\u0117 juostel\u0117 24 Marquise &#038; Round 7.36 karatai\"}]},{\"@type\":\"WebSite\",\"@id\":\"https:\/\/fashiongold.lt\/et\/#website\",\"url\":\"https:\/\/fashiongold.lt\/et\/\",\"name\":\"Fashion Gold\",\"description\":\"Juvelyrikos namai\",\"publisher\":{\"@id\":\"https:\/\/fashiongold.lt\/et\/#organization\"},\"potentialAction\":[{\"@type\":\"SearchAction\",\"target\":{\"@type\":\"EntryPoint\",\"urlTemplate\":\"https:\/\/fashiongold.lt\/et\/?s={search_term_string}\"},\"query-input\":{\"@type\":\"PropertyValueSpecification\",\"valueRequired\":true,\"valueName\":\"search_term_string\"}}],\"inLanguage\":\"et\"},{\"@type\":\"Organization\",\"@id\":\"https:\/\/fashiongold.lt\/et\/#organization\",\"name\":\"Topdiamonds Online\",\"url\":\"https:\/\/fashiongold.lt\/et\/\",\"logo\":{\"@type\":\"ImageObject\",\"inLanguage\":\"et\",\"@id\":\"https:\/\/fashiongold.lt\/et\/#\/schema\/logo\/image\/\",\"url\":\"https:\/\/fashiongold.lt\/wp-content\/uploads\/2025\/04\/cropped-fashion_gold_logotipas2-scaled-1.png\",\"contentUrl\":\"https:\/\/fashiongold.lt\/wp-content\/uploads\/2025\/04\/cropped-fashion_gold_logotipas2-scaled-1.png\",\"width\":2559,\"height\":421,\"caption\":\"Topdiamonds Online\"},\"image\":{\"@id\":\"https:\/\/fashiongold.lt\/et\/#\/schema\/logo\/image\/\"}}]}<\/script>\n<!-- \/ Yoast SEO plugin. -->","yoast_head_json":{"title":"Deimantin\u0117 juostel\u0117 su marquise ir round deimantais","description":"Deimantin\u0117 juostel\u0117 su markiz\u0117s ir apvalios formos deimantais (24 Marquise&Round). I\u0161skirtinis pasirinkimas tiems, kurie vertina auk\u0161t\u0105 kokyb\u0119.","robots":{"index":"index","follow":"follow","max-snippet":"max-snippet:-1","max-image-preview":"max-image-preview:large","max-video-preview":"max-video-preview:-1"},"canonical":"https:\/\/fashiongold.lt\/et\/papuosalas\/deimantine-juostele-24-marquise-round-7-36-karatai\/","og_locale":"et_EE","og_type":"article","og_title":"Deimantin\u0117 juostel\u0117 su marquise ir round deimantais","og_description":"Deimantin\u0117 juostel\u0117 su markiz\u0117s ir apvalios formos deimantais (24 Marquise&Round). I\u0161skirtinis pasirinkimas tiems, kurie vertina auk\u0161t\u0105 kokyb\u0119.","og_url":"https:\/\/fashiongold.lt\/et\/papuosalas\/deimantine-juostele-24-marquise-round-7-36-karatai\/","og_site_name":"FashionGold.lt","article_modified_time":"2026-03-28T12:56:22+00:00","og_image":[{"width":842,"height":632,"url":"https:\/\/fashiongold.lt\/wp-content\/uploads\/2026\/03\/Deimantine-juostele-su-laboratoriniais-24-MarquiseRound-7.36-karatai-.webp","type":"image\/png"}],"twitter_card":"summary_large_image","twitter_misc":{"Est. reading time":"1 minut"},"schema":{"@context":"https:\/\/schema.org","@graph":[{"@type":"WebPage","@id":"https:\/\/fashiongold.lt\/et\/papuosalas\/deimantine-juostele-24-marquise-round-7-36-karatai\/","url":"https:\/\/fashiongold.lt\/et\/papuosalas\/deimantine-juostele-24-marquise-round-7-36-karatai\/","name":"Deimantin\u0117 juostel\u0117 su marquise ir round deimantais","isPartOf":{"@id":"https:\/\/fashiongold.lt\/et\/#website"},"primaryImageOfPage":{"@id":"https:\/\/fashiongold.lt\/et\/papuosalas\/deimantine-juostele-24-marquise-round-7-36-karatai\/#primaryimage"},"image":{"@id":"https:\/\/fashiongold.lt\/et\/papuosalas\/deimantine-juostele-24-marquise-round-7-36-karatai\/#primaryimage"},"thumbnailUrl":"https:\/\/fashiongold.lt\/wp-content\/uploads\/2026\/03\/Deimantine-juostele-su-laboratoriniais-24-MarquiseRound-7.36-karatai-.png","datePublished":"2026-03-28T12:42:32+00:00","dateModified":"2026-03-28T12:56:22+00:00","description":"Deimantin\u0117 juostel\u0117 su markiz\u0117s ir apvalios formos deimantais (24 Marquise&Round). I\u0161skirtinis pasirinkimas tiems, kurie vertina auk\u0161t\u0105 kokyb\u0119.","breadcrumb":{"@id":"https:\/\/fashiongold.lt\/et\/papuosalas\/deimantine-juostele-24-marquise-round-7-36-karatai\/#breadcrumb"},"inLanguage":"et","potentialAction":[{"@type":"ReadAction","target":["https:\/\/fashiongold.lt\/et\/papuosalas\/deimantine-juostele-24-marquise-round-7-36-karatai\/"]}]},{"@type":"ImageObject","inLanguage":"et","@id":"https:\/\/fashiongold.lt\/et\/papuosalas\/deimantine-juostele-24-marquise-round-7-36-karatai\/#primaryimage","url":"https:\/\/fashiongold.lt\/wp-content\/uploads\/2026\/03\/Deimantine-juostele-su-laboratoriniais-24-MarquiseRound-7.36-karatai-.png","contentUrl":"https:\/\/fashiongold.lt\/wp-content\/uploads\/2026\/03\/Deimantine-juostele-su-laboratoriniais-24-MarquiseRound-7.36-karatai-.png","width":842,"height":632,"caption":"\u017diedas deimantin\u0117 juostel\u0117 su laboratoriniais 24 Marquise\/Round 7.36 karatai"},{"@type":"BreadcrumbList","@id":"https:\/\/fashiongold.lt\/et\/papuosalas\/deimantine-juostele-24-marquise-round-7-36-karatai\/#breadcrumb","itemListElement":[{"@type":"ListItem","position":1,"name":"Home","item":"https:\/\/fashiongold.lt\/et\/"},{"@type":"ListItem","position":2,"name":"Teemantide pood Fashiongold.lt","item":"https:\/\/fashiongold.lt\/shop-2\/"},{"@type":"ListItem","position":3,"name":"Deimantin\u0117 juostel\u0117 24 Marquise &#038; Round 7.36 karatai"}]},{"@type":"WebSite","@id":"https:\/\/fashiongold.lt\/et\/#website","url":"https:\/\/fashiongold.lt\/et\/","name":"Fashion Gold","description":"Juvelyrikos namai","publisher":{"@id":"https:\/\/fashiongold.lt\/et\/#organization"},"potentialAction":[{"@type":"SearchAction","target":{"@type":"EntryPoint","urlTemplate":"https:\/\/fashiongold.lt\/et\/?s={search_term_string}"},"query-input":{"@type":"PropertyValueSpecification","valueRequired":true,"valueName":"search_term_string"}}],"inLanguage":"et"},{"@type":"Organization","@id":"https:\/\/fashiongold.lt\/et\/#organization","name":"Topdiamonds Online","url":"https:\/\/fashiongold.lt\/et\/","logo":{"@type":"ImageObject","inLanguage":"et","@id":"https:\/\/fashiongold.lt\/et\/#\/schema\/logo\/image\/","url":"https:\/\/fashiongold.lt\/wp-content\/uploads\/2025\/04\/cropped-fashion_gold_logotipas2-scaled-1.png","contentUrl":"https:\/\/fashiongold.lt\/wp-content\/uploads\/2025\/04\/cropped-fashion_gold_logotipas2-scaled-1.png","width":2559,"height":421,"caption":"Topdiamonds Online"},"image":{"@id":"https:\/\/fashiongold.lt\/et\/#\/schema\/logo\/image\/"}}]}},"_links":{"self":[{"href":"https:\/\/fashiongold.lt\/et\/wp-json\/wp\/v2\/product\/1036984","targetHints":{"allow":["GET"]}}],"collection":[{"href":"https:\/\/fashiongold.lt\/et\/wp-json\/wp\/v2\/product"}],"about":[{"href":"https:\/\/fashiongold.lt\/et\/wp-json\/wp\/v2\/types\/product"}],"version-history":[{"count":4,"href":"https:\/\/fashiongold.lt\/et\/wp-json\/wp\/v2\/product\/1036984\/revisions"}],"predecessor-version":[{"id":1037020,"href":"https:\/\/fashiongold.lt\/et\/wp-json\/wp\/v2\/product\/1036984\/revisions\/1037020"}],"wp:featuredmedia":[{"embeddable":true,"href":"https:\/\/fashiongold.lt\/et\/wp-json\/wp\/v2\/media\/1036938"}],"wp:attachment":[{"href":"https:\/\/fashiongold.lt\/et\/wp-json\/wp\/v2\/media?parent=1036984"}],"wp:term":[{"taxonomy":"product_brand","embeddable":true,"href":"https:\/\/fashiongold.lt\/et\/wp-json\/wp\/v2\/product_brand?post=1036984"},{"taxonomy":"product_cat","embeddable":true,"href":"https:\/\/fashiongold.lt\/et\/wp-json\/wp\/v2\/product_cat?post=1036984"},{"taxonomy":"product_tag","embeddable":true,"href":"https:\/\/fashiongold.lt\/et\/wp-json\/wp\/v2\/product_tag?post=1036984"}],"curies":[{"name":"wp","href":"https:\/\/api.w.org\/{rel}","templated":true}]}}