{"id":14891,"date":"2025-05-28T19:25:13","date_gmt":"2025-05-28T19:25:13","guid":{"rendered":"https:\/\/fashiongold.lt\/?post_type=product&#038;p=14891"},"modified":"2026-05-14T18:33:57","modified_gmt":"2026-05-14T18:33:57","slug":"apyranke-su-deimantais-pear-deimantai-899-ct","status":"publish","type":"product","link":"https:\/\/fashiongold.lt\/et\/papuosalas\/apyranke-su-deimantais-pear-deimantai-899-ct\/","title":{"rendered":"Apyrank\u0117 su deimantais &#8211; PEAR DEIMANTAI (8.99 ct)"},"content":{"rendered":"<p><span data-sheets-root=\"1\"><em>Pear<\/em> pj\u016bvio deimantai gars\u0117ja savo geb\u0117jimu spind\u0117ti tiek \u0161velnia, tiek kryptinga \u0161viesa, tod\u0117l \u0161i apyrank\u0117 atrodys gyva kiekviename judesyje. Tvirtas u\u017esegimas u\u017etikrina ne tik saugum\u0105, bet ir i\u0161baigt\u0105 siluet\u0105, o prabanga spinduliuojantis dizainas puikiai tinka tiek ypatingoms progoms, tiek kaip kasdien\u0117 stiliaus detal\u0117. Tai papuo\u0161alas toms, kurios nori i\u0161siskirti ne triuk\u0161mu, o forma ir kokybe.<br \/>\nPagaminta laikantis auk\u0161\u010diausi\u0173 juvelyrikos gamybos standart\u0173. Apyrank\u0117 gali b\u016bti pagaminta pagal u\u017esakym\u0105: u\u017e papildom\u0105 mokest\u012f su auk\u0161tesn\u0117s kokyb\u0117s deimantais.<\/span><\/p>\n<p><span data-sheets-root=\"1\"><br \/>\n\u2022 <strong><a href=\"https:\/\/fashiongold.lt\/apyrankes-metalai\/\" target=\"_blank\" rel=\"noopener\">Apyrank\u0117s metalai<\/a><\/strong>: 14K (585 prabos), 18K (750 prabos), 900 platina<br \/>\n\u2022 <a href=\"https:\/\/fashiongold.lt\/apyrankes-aukso-spalva\/\" target=\"_blank\" rel=\"noopener\"><strong>Apyrank\u0117s aukso spalva<\/strong><\/a>: baltas, raudonas, geltonas<br \/>\n\u2022 <strong><a href=\"https:\/\/fashiongold.lt\/apyrankes-aukso-svoris\/\" target=\"_blank\" rel=\"noopener\">Apyrank\u0117s aukso svoris<\/a><\/strong>: (priklauso nuo dyd\u017eio): apie 8.19 g<br \/>\n\u2022 <a href=\"https:\/\/fashiongold.lt\/apyrankes-ilgis\/\" target=\"_blank\" rel=\"noopener\"><strong>Apyrank\u0117s ilgis<\/strong><\/a> pasirinktinai: 17 cm, 18 cm, 19 cm, 20 cm, 21 cm, 22 cm<br \/>\n\u2022 <a href=\"https:\/\/fashiongold.lt\/viskas-apie-suzadetuviu-ziedus\/deimantas_kitos_deimanto_formos\/\" target=\"_blank\" rel=\"noopener\"><strong>Deimant\u0173 forma<\/strong><\/a>: La\u0161o formos (Pear cut), apie 5 x 3 mm<br \/>\n\u2022 <strong><a href=\"https:\/\/fashiongold.lt\/deimanto-svoris-ir-charakteristika\/\" target=\"_blank\" rel=\"noopener\">Deimant\u0173 svoris ir charakteristika<\/a><\/strong> (galima keisti):<br \/>\nLaboratorijoje u\u017eauginti deimantai: apie 0.18 ct (spalva D-E, \u0161varumas VVS)<br \/>\nNatural\u016bs deimantai: apie 0.18 ct (spalva G-I, \u0161varumas SI)<br \/>\nBendras deimant\u0173 svoris: apie 8.99 ct (priklauso nuo apyrank\u0117s ilgio)<br \/>\n\u2022 <a href=\"https:\/\/fashiongold.lt\/graviravimas\/\" target=\"_blank\" rel=\"noopener\"><strong>Graviravimas<\/strong><\/a> nemokamai<br \/>\n\u2022 Vienkartin\u0117 nemokama <a href=\"https:\/\/fashiongold.lt\/apyrankes-ilgio-keitimo-garantija\/\" target=\"_blank\" rel=\"noopener\"><strong>apyrank\u0117s ilgio keitimo garantija<\/strong><\/a><br \/>\n\u2022 <a href=\"https:\/\/fashiongold.lt\/pristatymas-ir-grazinimas\/\" target=\"_blank\" rel=\"noopener\"><strong>Gamybos ir pristatymo terminas<\/strong><\/a>: nuo 14 darbo dien\u0173, skubos tvarka per 7 d.d.<\/span><\/p>\n<p><span data-sheets-root=\"1\"><br \/>\nTurite savo brangakmen\u012f, ar auks\u0105? Perskai\u010diuosime kain\u0105 ir mok\u0117site tik u\u017e apyrank\u0117s gamyb\u0105. O gal norite keisti deimant\u0173 charakteristik\u0105 pagal savo pageidavimus? <strong><a href=\"https:\/\/fashiongold.lt\/kontaktai\/\" target=\"_blank\" rel=\"noopener\">Susisiekite<\/a><\/strong>!<br \/>\nAtraskite plat\u0173 papuo\u0161al\u0173 pasirinkim\u0105, atitinkant\u012f \u012fvairius skonius, biud\u017eetus ir personalizacijas su <a href=\"https:\/\/fashiongold.lt\/\" target=\"_blank\" rel=\"noopener\">FashionGold.lt<\/a>.<\/span><\/p>\n","protected":false},"excerpt":{"rendered":"<p><span data-sheets-root=\"1\">\u0160i i\u0161rai\u0161kinga apyrank\u0117 su deimantais i\u0161siskiria unikaliu dizainu. Apyrank\u0117je dominuoja la\u0161o formos deimantai, i\u0161d\u0117styti precizi\u0161kai tiksliu ritmu, kad sukurt\u0173 neprilygstam\u0105 \u0161viesos \u017eaism\u0105 ir dinamik\u0105. Kiekvienas deimantas tarsi ma\u017eas gryno gro\u017eio la\u0161as, spindintis sulyg kiekvienu judesiu. Tvirtas ir stilingas u\u017esegimas u\u017etikrina saugum\u0105 bei suteikia modernumo, kuris puikiai kontrastuoja su klasikin\u0117mis formomis. \u0160i apyrank\u0117 puikiai tinka tiek vakariniam \u012fvaizd\u017eiui, tiek pasitik\u0117jim\u0105 savimi spinduliuojan\u010diai dienai, nes tai n\u0117ra paprasta apyrank\u0117 \u2013 tai parei\u0161kimas, kad prabanga neprivalo b\u016bti kukli.<\/span><\/p>\n","protected":false},"featured_media":1145331,"template":"","meta":{"site-sidebar-layout":"default","site-content-layout":"","ast-site-content-layout":"default","site-content-style":"default","site-sidebar-style":"default","ast-global-header-display":"","ast-banner-title-visibility":"","ast-main-header-display":"","ast-hfb-above-header-display":"","ast-hfb-below-header-display":"","ast-hfb-mobile-header-display":"","site-post-title":"","ast-breadcrumbs-content":"","ast-featured-img":"","footer-sml-layout":"","ast-disable-related-posts":"","theme-transparent-header-meta":"default","adv-header-id-meta":"","stick-header-meta":"","header-above-stick-meta":"","header-main-stick-meta":"","header-below-stick-meta":"","astra-migrate-meta-layouts":"set","ast-page-background-enabled":"default","ast-page-background-meta":{"desktop":{"background-color":"var(--ast-global-color-4)","background-image":"","background-repeat":"repeat","background-position":"center center","background-size":"auto","background-attachment":"scroll","background-type":"","background-media":"","overlay-type":"","overlay-color":"","overlay-opacity":"","overlay-gradient":""},"tablet":{"background-color":"","background-image":"","background-repeat":"repeat","background-position":"center center","background-size":"auto","background-attachment":"scroll","background-type":"","background-media":"","overlay-type":"","overlay-color":"","overlay-opacity":"","overlay-gradient":""},"mobile":{"background-color":"","background-image":"","background-repeat":"repeat","background-position":"center center","background-size":"auto","background-attachment":"scroll","background-type":"","background-media":"","overlay-type":"","overlay-color":"","overlay-opacity":"","overlay-gradient":""}},"ast-content-background-meta":{"desktop":{"background-color":"var(--ast-global-color-5)","background-image":"","background-repeat":"repeat","background-position":"center center","background-size":"auto","background-attachment":"scroll","background-type":"","background-media":"","overlay-type":"","overlay-color":"","overlay-opacity":"","overlay-gradient":""},"tablet":{"background-color":"var(--ast-global-color-5)","background-image":"","background-repeat":"repeat","background-position":"center center","background-size":"auto","background-attachment":"scroll","background-type":"","background-media":"","overlay-type":"","overlay-color":"","overlay-opacity":"","overlay-gradient":""},"mobile":{"background-color":"var(--ast-global-color-5)","background-image":"","background-repeat":"repeat","background-position":"center center","background-size":"auto","background-attachment":"scroll","background-type":"","background-media":"","overlay-type":"","overlay-color":"","overlay-opacity":"","overlay-gradient":""}}},"product_brand":[],"product_cat":[2387,2363,2287,280,2288,283,285,2289,2290,135,2299,72,2334,71,292,2300],"product_tag":[],"class_list":{"0":"post-14891","1":"product","2":"type-product","3":"status-publish","4":"has-post-thumbnail","6":"product_cat-apyrankes-su-deimantais","7":"product_cat-apyrankes-su-lab-diamonds-uzauginti-deimantai","8":"product_cat-balto-aukso-juvelyrika","9":"product_cat-dovanos-gimtadienio-proga","10":"product_cat-dovanos-isleistuviu-proga","11":"product_cat-dovanos-moterims","12":"product_cat-dovanos-vestuviu-metiniu-proga","13":"product_cat-dovanos-vestuviu-proga","14":"product_cat-dovanos-ypatingoms-progoms","15":"product_cat-dovanu-idejos","16":"product_cat-juvelyrika","17":"product_cat-juvelyrika-moterims","18":"product_cat-juvelyrika-su-laboratoriniais-deimantais","19":"product_cat-juvelyrika-vyrams","20":"product_cat-kaledines-dovanos","21":"product_cat-mamos-dienos-dovanos","22":"desktop-align-center","23":"tablet-align-left","24":"mobile-align-left","25":"ast-product-gallery-layout-horizontal-slider","26":"ast-product-single-variable","27":"ast-product-tabs-layout-accordion","28":"ast-qv-on-image","30":"first","31":"instock","32":"taxable","33":"shipping-taxable","34":"purchasable","35":"product-type-variable"},"yoast_head":"<!-- This site is optimized with the Yoast SEO plugin v26.6 - https:\/\/yoast.com\/wordpress\/plugins\/seo\/ -->\n<title>Apyrank\u0117 su deimantais - PEAR DEIMANTAI (8.99 ct)<\/title>\n<meta name=\"description\" content=\"I\u0161skirtin\u0117 apyrank\u0117 su deimantais \u2013 elegancijos ir rafinuoto stiliaus derinys. Spind\u0117kite prabanga su \u0161iais la\u0161o formos deimantais.\" \/>\n<meta name=\"robots\" content=\"index, follow, max-snippet:-1, max-image-preview:large, max-video-preview:-1\" \/>\n<link rel=\"canonical\" href=\"https:\/\/fashiongold.lt\/et\/papuosalas\/apyranke-su-deimantais-pear-deimantai-899-ct\/\" \/>\n<meta property=\"og:locale\" content=\"et_EE\" \/>\n<meta property=\"og:type\" content=\"article\" \/>\n<meta property=\"og:title\" content=\"Apyrank\u0117 su deimantais - PEAR DEIMANTAI (8.99 ct)\" \/>\n<meta property=\"og:description\" content=\"I\u0161skirtin\u0117 apyrank\u0117 su deimantais \u2013 elegancijos ir rafinuoto stiliaus derinys. Spind\u0117kite prabanga su \u0161iais la\u0161o formos deimantais.\" \/>\n<meta property=\"og:url\" content=\"https:\/\/fashiongold.lt\/et\/papuosalas\/apyranke-su-deimantais-pear-deimantai-899-ct\/\" \/>\n<meta property=\"og:site_name\" content=\"FashionGold.lt\" \/>\n<meta property=\"article:modified_time\" content=\"2026-05-14T18:33:57+00:00\" \/>\n<meta property=\"og:image\" content=\"https:\/\/fashiongold.lt\/wp-content\/uploads\/2025\/05\/Apyranke-su-deimantais-PEAR-DEIMANTAI-8.99-ct-baltas-auksas-e1778781938204.png\" \/>\n\t<meta property=\"og:image:width\" content=\"1152\" \/>\n\t<meta property=\"og:image:height\" content=\"1152\" \/>\n\t<meta property=\"og:image:type\" content=\"image\/png\" \/>\n<meta name=\"twitter:card\" content=\"summary_large_image\" \/>\n<meta name=\"twitter:label1\" content=\"Est. reading time\" \/>\n\t<meta name=\"twitter:data1\" content=\"2 minutit\" \/>\n<script type=\"application\/ld+json\" class=\"yoast-schema-graph\">{\"@context\":\"https:\/\/schema.org\",\"@graph\":[{\"@type\":\"WebPage\",\"@id\":\"https:\/\/fashiongold.lt\/et\/papuosalas\/apyranke-su-deimantais-pear-deimantai-899-ct\/\",\"url\":\"https:\/\/fashiongold.lt\/et\/papuosalas\/apyranke-su-deimantais-pear-deimantai-899-ct\/\",\"name\":\"Apyrank\u0117 su deimantais - PEAR DEIMANTAI (8.99 ct)\",\"isPartOf\":{\"@id\":\"https:\/\/fashiongold.lt\/et\/#website\"},\"primaryImageOfPage\":{\"@id\":\"https:\/\/fashiongold.lt\/et\/papuosalas\/apyranke-su-deimantais-pear-deimantai-899-ct\/#primaryimage\"},\"image\":{\"@id\":\"https:\/\/fashiongold.lt\/et\/papuosalas\/apyranke-su-deimantais-pear-deimantai-899-ct\/#primaryimage\"},\"thumbnailUrl\":\"https:\/\/fashiongold.lt\/wp-content\/uploads\/2025\/05\/Apyranke-su-deimantais-PEAR-DEIMANTAI-8.99-ct-baltas-auksas-e1778781938204.png\",\"datePublished\":\"2025-05-28T19:25:13+00:00\",\"dateModified\":\"2026-05-14T18:33:57+00:00\",\"description\":\"I\u0161skirtin\u0117 apyrank\u0117 su deimantais \u2013 elegancijos ir rafinuoto stiliaus derinys. Spind\u0117kite prabanga su \u0161iais la\u0161o formos deimantais.\",\"breadcrumb\":{\"@id\":\"https:\/\/fashiongold.lt\/et\/papuosalas\/apyranke-su-deimantais-pear-deimantai-899-ct\/#breadcrumb\"},\"inLanguage\":\"et\",\"potentialAction\":[{\"@type\":\"ReadAction\",\"target\":[\"https:\/\/fashiongold.lt\/et\/papuosalas\/apyranke-su-deimantais-pear-deimantai-899-ct\/\"]}]},{\"@type\":\"ImageObject\",\"inLanguage\":\"et\",\"@id\":\"https:\/\/fashiongold.lt\/et\/papuosalas\/apyranke-su-deimantais-pear-deimantai-899-ct\/#primaryimage\",\"url\":\"https:\/\/fashiongold.lt\/wp-content\/uploads\/2025\/05\/Apyranke-su-deimantais-PEAR-DEIMANTAI-8.99-ct-baltas-auksas-e1778781938204.png\",\"contentUrl\":\"https:\/\/fashiongold.lt\/wp-content\/uploads\/2025\/05\/Apyranke-su-deimantais-PEAR-DEIMANTAI-8.99-ct-baltas-auksas-e1778781938204.png\",\"width\":1152,\"height\":1152,\"caption\":\"Balto aukso apyrank\u0117 su deimantais - PEAR DEIMANTAI (8.99 ct)\"},{\"@type\":\"BreadcrumbList\",\"@id\":\"https:\/\/fashiongold.lt\/et\/papuosalas\/apyranke-su-deimantais-pear-deimantai-899-ct\/#breadcrumb\",\"itemListElement\":[{\"@type\":\"ListItem\",\"position\":1,\"name\":\"Home\",\"item\":\"https:\/\/fashiongold.lt\/et\/\"},{\"@type\":\"ListItem\",\"position\":2,\"name\":\"Teemantide pood Fashiongold.lt\",\"item\":\"https:\/\/fashiongold.lt\/shop-2\/\"},{\"@type\":\"ListItem\",\"position\":3,\"name\":\"Apyrank\u0117 su deimantais &#8211; PEAR DEIMANTAI (8.99 ct)\"}]},{\"@type\":\"WebSite\",\"@id\":\"https:\/\/fashiongold.lt\/et\/#website\",\"url\":\"https:\/\/fashiongold.lt\/et\/\",\"name\":\"Fashion Gold\",\"description\":\"Ehtemaja\",\"publisher\":{\"@id\":\"https:\/\/fashiongold.lt\/et\/#organization\"},\"potentialAction\":[{\"@type\":\"SearchAction\",\"target\":{\"@type\":\"EntryPoint\",\"urlTemplate\":\"https:\/\/fashiongold.lt\/et\/?s={search_term_string}\"},\"query-input\":{\"@type\":\"PropertyValueSpecification\",\"valueRequired\":true,\"valueName\":\"search_term_string\"}}],\"inLanguage\":\"et\"},{\"@type\":\"Organization\",\"@id\":\"https:\/\/fashiongold.lt\/et\/#organization\",\"name\":\"Topdiamonds Online\",\"url\":\"https:\/\/fashiongold.lt\/et\/\",\"logo\":{\"@type\":\"ImageObject\",\"inLanguage\":\"et\",\"@id\":\"https:\/\/fashiongold.lt\/et\/#\/schema\/logo\/image\/\",\"url\":\"https:\/\/fashiongold.lt\/wp-content\/uploads\/2025\/04\/cropped-fashion_gold_logotipas2-scaled-1.png\",\"contentUrl\":\"https:\/\/fashiongold.lt\/wp-content\/uploads\/2025\/04\/cropped-fashion_gold_logotipas2-scaled-1.png\",\"width\":2559,\"height\":421,\"caption\":\"Topdiamonds Online\"},\"image\":{\"@id\":\"https:\/\/fashiongold.lt\/et\/#\/schema\/logo\/image\/\"}}]}<\/script>\n<!-- \/ Yoast SEO plugin. -->","yoast_head_json":{"title":"Apyrank\u0117 su deimantais - PEAR DEIMANTAI (8.99 ct)","description":"I\u0161skirtin\u0117 apyrank\u0117 su deimantais \u2013 elegancijos ir rafinuoto stiliaus derinys. Spind\u0117kite prabanga su \u0161iais la\u0161o formos deimantais.","robots":{"index":"index","follow":"follow","max-snippet":"max-snippet:-1","max-image-preview":"max-image-preview:large","max-video-preview":"max-video-preview:-1"},"canonical":"https:\/\/fashiongold.lt\/et\/papuosalas\/apyranke-su-deimantais-pear-deimantai-899-ct\/","og_locale":"et_EE","og_type":"article","og_title":"Apyrank\u0117 su deimantais - PEAR DEIMANTAI (8.99 ct)","og_description":"I\u0161skirtin\u0117 apyrank\u0117 su deimantais \u2013 elegancijos ir rafinuoto stiliaus derinys. Spind\u0117kite prabanga su \u0161iais la\u0161o formos deimantais.","og_url":"https:\/\/fashiongold.lt\/et\/papuosalas\/apyranke-su-deimantais-pear-deimantai-899-ct\/","og_site_name":"FashionGold.lt","article_modified_time":"2026-05-14T18:33:57+00:00","og_image":[{"width":1152,"height":1152,"url":"https:\/\/fashiongold.lt\/wp-content\/uploads\/2025\/05\/Apyranke-su-deimantais-PEAR-DEIMANTAI-8.99-ct-baltas-auksas-e1778781938204.png","type":"image\/png"}],"twitter_card":"summary_large_image","twitter_misc":{"Est. reading time":"2 minutit"},"schema":{"@context":"https:\/\/schema.org","@graph":[{"@type":"WebPage","@id":"https:\/\/fashiongold.lt\/et\/papuosalas\/apyranke-su-deimantais-pear-deimantai-899-ct\/","url":"https:\/\/fashiongold.lt\/et\/papuosalas\/apyranke-su-deimantais-pear-deimantai-899-ct\/","name":"Apyrank\u0117 su deimantais - PEAR DEIMANTAI (8.99 ct)","isPartOf":{"@id":"https:\/\/fashiongold.lt\/et\/#website"},"primaryImageOfPage":{"@id":"https:\/\/fashiongold.lt\/et\/papuosalas\/apyranke-su-deimantais-pear-deimantai-899-ct\/#primaryimage"},"image":{"@id":"https:\/\/fashiongold.lt\/et\/papuosalas\/apyranke-su-deimantais-pear-deimantai-899-ct\/#primaryimage"},"thumbnailUrl":"https:\/\/fashiongold.lt\/wp-content\/uploads\/2025\/05\/Apyranke-su-deimantais-PEAR-DEIMANTAI-8.99-ct-baltas-auksas-e1778781938204.png","datePublished":"2025-05-28T19:25:13+00:00","dateModified":"2026-05-14T18:33:57+00:00","description":"I\u0161skirtin\u0117 apyrank\u0117 su deimantais \u2013 elegancijos ir rafinuoto stiliaus derinys. Spind\u0117kite prabanga su \u0161iais la\u0161o formos deimantais.","breadcrumb":{"@id":"https:\/\/fashiongold.lt\/et\/papuosalas\/apyranke-su-deimantais-pear-deimantai-899-ct\/#breadcrumb"},"inLanguage":"et","potentialAction":[{"@type":"ReadAction","target":["https:\/\/fashiongold.lt\/et\/papuosalas\/apyranke-su-deimantais-pear-deimantai-899-ct\/"]}]},{"@type":"ImageObject","inLanguage":"et","@id":"https:\/\/fashiongold.lt\/et\/papuosalas\/apyranke-su-deimantais-pear-deimantai-899-ct\/#primaryimage","url":"https:\/\/fashiongold.lt\/wp-content\/uploads\/2025\/05\/Apyranke-su-deimantais-PEAR-DEIMANTAI-8.99-ct-baltas-auksas-e1778781938204.png","contentUrl":"https:\/\/fashiongold.lt\/wp-content\/uploads\/2025\/05\/Apyranke-su-deimantais-PEAR-DEIMANTAI-8.99-ct-baltas-auksas-e1778781938204.png","width":1152,"height":1152,"caption":"Balto aukso apyrank\u0117 su deimantais - PEAR DEIMANTAI (8.99 ct)"},{"@type":"BreadcrumbList","@id":"https:\/\/fashiongold.lt\/et\/papuosalas\/apyranke-su-deimantais-pear-deimantai-899-ct\/#breadcrumb","itemListElement":[{"@type":"ListItem","position":1,"name":"Home","item":"https:\/\/fashiongold.lt\/et\/"},{"@type":"ListItem","position":2,"name":"Teemantide pood Fashiongold.lt","item":"https:\/\/fashiongold.lt\/shop-2\/"},{"@type":"ListItem","position":3,"name":"Apyrank\u0117 su deimantais &#8211; PEAR DEIMANTAI (8.99 ct)"}]},{"@type":"WebSite","@id":"https:\/\/fashiongold.lt\/et\/#website","url":"https:\/\/fashiongold.lt\/et\/","name":"Fashion Gold","description":"Ehtemaja","publisher":{"@id":"https:\/\/fashiongold.lt\/et\/#organization"},"potentialAction":[{"@type":"SearchAction","target":{"@type":"EntryPoint","urlTemplate":"https:\/\/fashiongold.lt\/et\/?s={search_term_string}"},"query-input":{"@type":"PropertyValueSpecification","valueRequired":true,"valueName":"search_term_string"}}],"inLanguage":"et"},{"@type":"Organization","@id":"https:\/\/fashiongold.lt\/et\/#organization","name":"Topdiamonds Online","url":"https:\/\/fashiongold.lt\/et\/","logo":{"@type":"ImageObject","inLanguage":"et","@id":"https:\/\/fashiongold.lt\/et\/#\/schema\/logo\/image\/","url":"https:\/\/fashiongold.lt\/wp-content\/uploads\/2025\/04\/cropped-fashion_gold_logotipas2-scaled-1.png","contentUrl":"https:\/\/fashiongold.lt\/wp-content\/uploads\/2025\/04\/cropped-fashion_gold_logotipas2-scaled-1.png","width":2559,"height":421,"caption":"Topdiamonds Online"},"image":{"@id":"https:\/\/fashiongold.lt\/et\/#\/schema\/logo\/image\/"}}]}},"_links":{"self":[{"href":"https:\/\/fashiongold.lt\/et\/wp-json\/wp\/v2\/product\/14891","targetHints":{"allow":["GET"]}}],"collection":[{"href":"https:\/\/fashiongold.lt\/et\/wp-json\/wp\/v2\/product"}],"about":[{"href":"https:\/\/fashiongold.lt\/et\/wp-json\/wp\/v2\/types\/product"}],"version-history":[{"count":1,"href":"https:\/\/fashiongold.lt\/et\/wp-json\/wp\/v2\/product\/14891\/revisions"}],"predecessor-version":[{"id":1145343,"href":"https:\/\/fashiongold.lt\/et\/wp-json\/wp\/v2\/product\/14891\/revisions\/1145343"}],"wp:featuredmedia":[{"embeddable":true,"href":"https:\/\/fashiongold.lt\/et\/wp-json\/wp\/v2\/media\/1145331"}],"wp:attachment":[{"href":"https:\/\/fashiongold.lt\/et\/wp-json\/wp\/v2\/media?parent=14891"}],"wp:term":[{"taxonomy":"product_brand","embeddable":true,"href":"https:\/\/fashiongold.lt\/et\/wp-json\/wp\/v2\/product_brand?post=14891"},{"taxonomy":"product_cat","embeddable":true,"href":"https:\/\/fashiongold.lt\/et\/wp-json\/wp\/v2\/product_cat?post=14891"},{"taxonomy":"product_tag","embeddable":true,"href":"https:\/\/fashiongold.lt\/et\/wp-json\/wp\/v2\/product_tag?post=14891"}],"curies":[{"name":"wp","href":"https:\/\/api.w.org\/{rel}","templated":true}]}}