{"id":14983,"date":"2025-05-28T20:20:55","date_gmt":"2025-05-28T20:20:55","guid":{"rendered":"https:\/\/fashiongold.lt\/?post_type=product&#038;p=14983"},"modified":"2026-05-14T18:29:07","modified_gmt":"2026-05-14T18:29:07","slug":"apyranke-su-deimantais-emerald-deimantai-6-60-ct","status":"publish","type":"product","link":"https:\/\/fashiongold.lt\/et\/papuosalas\/apyranke-su-deimantais-emerald-deimantai-6-60-ct\/","title":{"rendered":"Apyrank\u0117 su deimantais &#8211; EMERALD DEIMANTAI (6.60 ct)"},"content":{"rendered":"<p><span data-sheets-root=\"1\">\u0160i apyrank\u0117 su deimantais \u2013 tai elegancijos apibr\u0117\u017eimas, kuriame susijungia simetrija, \u0161viesa ir rafinuota forma. Tai yra papuo\u0161alas, kuris subtiliai der\u0117s prie vakarin\u0117s aprangos, ta\u010diau puikiai papildys ir kasdien\u012f \u012fvaizd\u012f toms, kurios nebijo spind\u0117ti. D\u0117l i\u0161skirtin\u0117s apdirbimo kokyb\u0117s ir deimant\u0173 bendro svorio, \u0161is papuo\u0161alas tampa ne tik vizualiai \u012fsp\u016bdingas, bet ir turintis i\u0161liekam\u0105j\u0105 vert\u0119<br \/>\nPagaminta laikantis auk\u0161\u010diausi\u0173 juvelyrikos gamybos standart\u0173. Apyrank\u0117 gali b\u016bti pagaminta pagal u\u017esakym\u0105: u\u017e papildom\u0105 mokest\u012f su auk\u0161tesn\u0117s kokyb\u0117s deimantais.<\/span><\/p>\n<p><span data-sheets-root=\"1\"><br \/>\n\u2022 <strong><a href=\"https:\/\/fashiongold.lt\/apyrankes-metalai\/\" target=\"_blank\" rel=\"noopener\">Apyrank\u0117s metalai<\/a><\/strong>: 14K (585 prabos), 18K (750 prabos), 900 platina<br \/>\n\u2022 <a href=\"https:\/\/fashiongold.lt\/apyrankes-aukso-spalva\/\" target=\"_blank\" rel=\"noopener\"><strong>Apyrank\u0117s aukso spalva<\/strong><\/a>: baltas, raudonas, geltonas<br \/>\n\u2022 <a href=\"https:\/\/fashiongold.lt\/apyrankes-aukso-svoris\/\" target=\"_blank\" rel=\"noopener\"><strong>Apyrank\u0117s aukso svoris<\/strong><\/a>: (priklauso nuo dyd\u017eio): apie 8.70 g<br \/>\n\u2022 <a href=\"https:\/\/fashiongold.lt\/apyrankes-ilgis\/\" target=\"_blank\" rel=\"noopener\"><strong>Apyrank\u0117s ilgis<\/strong><\/a> pasirinktinai: 17 cm, 18 cm, 19 cm, 20 cm, 21 cm, 22 cm<br \/>\n\u2022 <a href=\"https:\/\/fashiongold.lt\/viskas-apie-suzadetuviu-ziedus\/deimantas_kitos_deimanto_formos\/\" target=\"_blank\" rel=\"noopener\"><strong>Deimant\u0173 forma<\/strong><\/a>: Sta\u010diakampio forma (Emerald cut)<br \/>\n\u2022 <strong><a href=\"https:\/\/fashiongold.lt\/deimanto-svoris-ir-charakteristika\/\" target=\"_blank\" rel=\"noopener\">Deimant\u0173 svoris ir charakteristika<\/a><\/strong> (galima keisti):<br \/>\nLaboratorijoje u\u017eauginti deimantai: apie 0.22 ct (spalva D-E, \u0161varumas VVS)<br \/>\nNatural\u016bs deimantai: apie 0.22 ct (spalva G-I, \u0161varumas SI)<br \/>\nBendras deimant\u0173 svoris: apie 6.60 ct, ma\u017edaug 32 deimantai (priklauso nuo apyrank\u0117s ilgio)<br \/>\n\u2022 <a href=\"https:\/\/fashiongold.lt\/graviravimas\/\" target=\"_blank\" rel=\"noopener\"><strong>Graviravimas<\/strong><\/a> nemokamai<br \/>\n\u2022 Vienkartin\u0117 nemokama <a href=\"https:\/\/fashiongold.lt\/apyrankes-ilgio-keitimo-garantija\/\" target=\"_blank\" rel=\"noopener\"><strong>apyrank\u0117s ilgio keitimo garantija<\/strong><\/a><br \/>\n\u2022 <a href=\"https:\/\/fashiongold.lt\/pristatymas-ir-grazinimas\/\" target=\"_blank\" rel=\"noopener\"><strong>Gamybos ir pristatymo terminas<\/strong><\/a>: nuo 14 darbo dien\u0173, skubos tvarka per 7 d.d.<\/span><\/p>\n<p><span data-sheets-root=\"1\"><br \/>\nTurite savo brangakmen\u012f, ar auks\u0105? Perskai\u010diuosime kain\u0105 ir mok\u0117site tik u\u017e gamyb\u0105. O gal norite keisti deimanto charakteristikas pagal savo pageidavimus? <strong><a href=\"https:\/\/fashiongold.lt\/kontaktai\/\" target=\"_blank\" rel=\"noopener\">Susisiekite<\/a><\/strong>!<br \/>\nAtraskite plat\u0173 juvelyrikos su deimantais pasirinkim\u0105, atitinkant\u012f \u012fvairius skonius ir biud\u017eetus. Suksikurk ir personalizuok savo papuo\u0161al\u0105 su <a href=\"https:\/\/fashiongold.lt\/\" target=\"_blank\" rel=\"noopener\">FashionGold.lt<\/a>.<br \/>\n<\/span><\/p>\n","protected":false},"excerpt":{"rendered":"<p><span data-sheets-root=\"1\">\u0160i apyrank\u0117 su deimantais \u2013 tobulo rafinuotumo ir \u0161iuolaikin\u0117s estetikos derinys. Kiekvienas sta\u010diakampio formos\u00a0deimantas i\u0161d\u0117stytas taip, kad sukurt\u0173 tolygi\u0105, eleganti\u0161k\u0105 linij\u0105 aplink rie\u0161\u0105, o d\u0117l savo veidrodinio <em>Emerald<\/em> pj\u016bvio \u0161ie deimantai esteti\u0161kai spindi subtiliu \u0161viesos \u017eaismu. Minimalistinis klasikinis dizainas su itin tiksliu apdirbimu pabr\u0117\u017eia kiekvieno deimanto form\u0105 ir leid\u017eia jiems kalb\u0117ti patiems u\u017e save. Tvirtas u\u017esegimas suteikia \u0161iuolaiki\u0161ko \u017eavesio, bet niekada neatima d\u0117mesio nuo svarbiausio \u2013 pa\u010di\u0173 deimant\u0173.<\/span><\/p>\n","protected":false},"featured_media":1145344,"template":"","meta":{"site-sidebar-layout":"default","site-content-layout":"","ast-site-content-layout":"default","site-content-style":"default","site-sidebar-style":"default","ast-global-header-display":"","ast-banner-title-visibility":"","ast-main-header-display":"","ast-hfb-above-header-display":"","ast-hfb-below-header-display":"","ast-hfb-mobile-header-display":"","site-post-title":"","ast-breadcrumbs-content":"","ast-featured-img":"","footer-sml-layout":"","ast-disable-related-posts":"","theme-transparent-header-meta":"default","adv-header-id-meta":"","stick-header-meta":"","header-above-stick-meta":"","header-main-stick-meta":"","header-below-stick-meta":"","astra-migrate-meta-layouts":"set","ast-page-background-enabled":"default","ast-page-background-meta":{"desktop":{"background-color":"var(--ast-global-color-4)","background-image":"","background-repeat":"repeat","background-position":"center center","background-size":"auto","background-attachment":"scroll","background-type":"","background-media":"","overlay-type":"","overlay-color":"","overlay-opacity":"","overlay-gradient":""},"tablet":{"background-color":"","background-image":"","background-repeat":"repeat","background-position":"center center","background-size":"auto","background-attachment":"scroll","background-type":"","background-media":"","overlay-type":"","overlay-color":"","overlay-opacity":"","overlay-gradient":""},"mobile":{"background-color":"","background-image":"","background-repeat":"repeat","background-position":"center center","background-size":"auto","background-attachment":"scroll","background-type":"","background-media":"","overlay-type":"","overlay-color":"","overlay-opacity":"","overlay-gradient":""}},"ast-content-background-meta":{"desktop":{"background-color":"var(--ast-global-color-5)","background-image":"","background-repeat":"repeat","background-position":"center center","background-size":"auto","background-attachment":"scroll","background-type":"","background-media":"","overlay-type":"","overlay-color":"","overlay-opacity":"","overlay-gradient":""},"tablet":{"background-color":"var(--ast-global-color-5)","background-image":"","background-repeat":"repeat","background-position":"center center","background-size":"auto","background-attachment":"scroll","background-type":"","background-media":"","overlay-type":"","overlay-color":"","overlay-opacity":"","overlay-gradient":""},"mobile":{"background-color":"var(--ast-global-color-5)","background-image":"","background-repeat":"repeat","background-position":"center center","background-size":"auto","background-attachment":"scroll","background-type":"","background-media":"","overlay-type":"","overlay-color":"","overlay-opacity":"","overlay-gradient":""}}},"product_brand":[],"product_cat":[2387,2363,2287,280,2288,283,285,2289,2290,135,2299,72,2334,71,292,2300],"product_tag":[],"class_list":{"0":"post-14983","1":"product","2":"type-product","3":"status-publish","4":"has-post-thumbnail","6":"product_cat-apyrankes-su-deimantais","7":"product_cat-apyrankes-su-lab-diamonds-uzauginti-deimantai","8":"product_cat-balto-aukso-juvelyrika","9":"product_cat-dovanos-gimtadienio-proga","10":"product_cat-dovanos-isleistuviu-proga","11":"product_cat-dovanos-moterims","12":"product_cat-dovanos-vestuviu-metiniu-proga","13":"product_cat-dovanos-vestuviu-proga","14":"product_cat-dovanos-ypatingoms-progoms","15":"product_cat-dovanu-idejos","16":"product_cat-juvelyrika","17":"product_cat-juvelyrika-moterims","18":"product_cat-juvelyrika-su-laboratoriniais-deimantais","19":"product_cat-juvelyrika-vyrams","20":"product_cat-kaledines-dovanos","21":"product_cat-mamos-dienos-dovanos","22":"desktop-align-center","23":"tablet-align-left","24":"mobile-align-left","25":"ast-product-gallery-layout-horizontal-slider","26":"ast-product-single-variable","27":"ast-product-tabs-layout-accordion","28":"ast-qv-on-image","30":"first","31":"instock","32":"taxable","33":"shipping-taxable","34":"purchasable","35":"product-type-variable"},"yoast_head":"<!-- This site is optimized with the Yoast SEO plugin v26.6 - https:\/\/yoast.com\/wordpress\/plugins\/seo\/ -->\n<title>Apyrank\u0117 su deimantais - EMERALD DEIMANTAI (6.60 ct)<\/title>\n<meta name=\"description\" content=\"I\u0161skirtin\u0117 apyrank\u0117 su deimantais \u2013 elegancijos ir rafinuoto stiliaus derinys. Spind\u0117kite prabanga su \u0161iais sta\u010diakampio formos deimantais.\" \/>\n<meta name=\"robots\" content=\"index, follow, max-snippet:-1, max-image-preview:large, max-video-preview:-1\" \/>\n<link rel=\"canonical\" href=\"https:\/\/fashiongold.lt\/et\/papuosalas\/apyranke-su-deimantais-emerald-deimantai-6-60-ct\/\" \/>\n<meta property=\"og:locale\" content=\"et_EE\" \/>\n<meta property=\"og:type\" content=\"article\" \/>\n<meta property=\"og:title\" content=\"Apyrank\u0117 su deimantais - EMERALD DEIMANTAI (6.60 ct)\" \/>\n<meta property=\"og:description\" content=\"I\u0161skirtin\u0117 apyrank\u0117 su deimantais \u2013 elegancijos ir rafinuoto stiliaus derinys. Spind\u0117kite prabanga su \u0161iais sta\u010diakampio formos deimantais.\" \/>\n<meta property=\"og:url\" content=\"https:\/\/fashiongold.lt\/et\/papuosalas\/apyranke-su-deimantais-emerald-deimantai-6-60-ct\/\" \/>\n<meta property=\"og:site_name\" content=\"FashionGold.lt\" \/>\n<meta property=\"article:modified_time\" content=\"2026-05-14T18:29:07+00:00\" \/>\n<meta property=\"og:image\" content=\"https:\/\/fashiongold.lt\/wp-content\/uploads\/2025\/05\/Apyranke-su-deimantais-EMERALD-DEIMANTAI-6.60-ct-baltas-auksas.webp\" \/>\n\t<meta property=\"og:image:width\" content=\"1254\" \/>\n\t<meta property=\"og:image:height\" content=\"1254\" \/>\n\t<meta property=\"og:image:type\" content=\"image\/png\" \/>\n<meta name=\"twitter:card\" content=\"summary_large_image\" \/>\n<meta name=\"twitter:label1\" content=\"Est. reading time\" \/>\n\t<meta name=\"twitter:data1\" content=\"2 minutit\" \/>\n<script type=\"application\/ld+json\" class=\"yoast-schema-graph\">{\"@context\":\"https:\/\/schema.org\",\"@graph\":[{\"@type\":\"WebPage\",\"@id\":\"https:\/\/fashiongold.lt\/et\/papuosalas\/apyranke-su-deimantais-emerald-deimantai-6-60-ct\/\",\"url\":\"https:\/\/fashiongold.lt\/et\/papuosalas\/apyranke-su-deimantais-emerald-deimantai-6-60-ct\/\",\"name\":\"Apyrank\u0117 su deimantais - EMERALD DEIMANTAI (6.60 ct)\",\"isPartOf\":{\"@id\":\"https:\/\/fashiongold.lt\/et\/#website\"},\"primaryImageOfPage\":{\"@id\":\"https:\/\/fashiongold.lt\/et\/papuosalas\/apyranke-su-deimantais-emerald-deimantai-6-60-ct\/#primaryimage\"},\"image\":{\"@id\":\"https:\/\/fashiongold.lt\/et\/papuosalas\/apyranke-su-deimantais-emerald-deimantai-6-60-ct\/#primaryimage\"},\"thumbnailUrl\":\"https:\/\/fashiongold.lt\/wp-content\/uploads\/2025\/05\/Apyranke-su-deimantais-EMERALD-DEIMANTAI-6.60-ct-baltas-auksas.png\",\"datePublished\":\"2025-05-28T20:20:55+00:00\",\"dateModified\":\"2026-05-14T18:29:07+00:00\",\"description\":\"I\u0161skirtin\u0117 apyrank\u0117 su deimantais \u2013 elegancijos ir rafinuoto stiliaus derinys. Spind\u0117kite prabanga su \u0161iais sta\u010diakampio formos deimantais.\",\"breadcrumb\":{\"@id\":\"https:\/\/fashiongold.lt\/et\/papuosalas\/apyranke-su-deimantais-emerald-deimantai-6-60-ct\/#breadcrumb\"},\"inLanguage\":\"et\",\"potentialAction\":[{\"@type\":\"ReadAction\",\"target\":[\"https:\/\/fashiongold.lt\/et\/papuosalas\/apyranke-su-deimantais-emerald-deimantai-6-60-ct\/\"]}]},{\"@type\":\"ImageObject\",\"inLanguage\":\"et\",\"@id\":\"https:\/\/fashiongold.lt\/et\/papuosalas\/apyranke-su-deimantais-emerald-deimantai-6-60-ct\/#primaryimage\",\"url\":\"https:\/\/fashiongold.lt\/wp-content\/uploads\/2025\/05\/Apyranke-su-deimantais-EMERALD-DEIMANTAI-6.60-ct-baltas-auksas.png\",\"contentUrl\":\"https:\/\/fashiongold.lt\/wp-content\/uploads\/2025\/05\/Apyranke-su-deimantais-EMERALD-DEIMANTAI-6.60-ct-baltas-auksas.png\",\"width\":1254,\"height\":1254,\"caption\":\"Balto aukso apyrank\u0117 su deimantais - EMERALD DEIMANTAI (6.60 ct)\"},{\"@type\":\"BreadcrumbList\",\"@id\":\"https:\/\/fashiongold.lt\/et\/papuosalas\/apyranke-su-deimantais-emerald-deimantai-6-60-ct\/#breadcrumb\",\"itemListElement\":[{\"@type\":\"ListItem\",\"position\":1,\"name\":\"Home\",\"item\":\"https:\/\/fashiongold.lt\/et\/\"},{\"@type\":\"ListItem\",\"position\":2,\"name\":\"Teemantide pood Fashiongold.lt\",\"item\":\"https:\/\/fashiongold.lt\/shop-2\/\"},{\"@type\":\"ListItem\",\"position\":3,\"name\":\"Apyrank\u0117 su deimantais &#8211; EMERALD DEIMANTAI (6.60 ct)\"}]},{\"@type\":\"WebSite\",\"@id\":\"https:\/\/fashiongold.lt\/et\/#website\",\"url\":\"https:\/\/fashiongold.lt\/et\/\",\"name\":\"Fashion Gold\",\"description\":\"Ehtemaja\",\"publisher\":{\"@id\":\"https:\/\/fashiongold.lt\/et\/#organization\"},\"potentialAction\":[{\"@type\":\"SearchAction\",\"target\":{\"@type\":\"EntryPoint\",\"urlTemplate\":\"https:\/\/fashiongold.lt\/et\/?s={search_term_string}\"},\"query-input\":{\"@type\":\"PropertyValueSpecification\",\"valueRequired\":true,\"valueName\":\"search_term_string\"}}],\"inLanguage\":\"et\"},{\"@type\":\"Organization\",\"@id\":\"https:\/\/fashiongold.lt\/et\/#organization\",\"name\":\"Topdiamonds Online\",\"url\":\"https:\/\/fashiongold.lt\/et\/\",\"logo\":{\"@type\":\"ImageObject\",\"inLanguage\":\"et\",\"@id\":\"https:\/\/fashiongold.lt\/et\/#\/schema\/logo\/image\/\",\"url\":\"https:\/\/fashiongold.lt\/wp-content\/uploads\/2025\/04\/cropped-fashion_gold_logotipas2-scaled-1.png\",\"contentUrl\":\"https:\/\/fashiongold.lt\/wp-content\/uploads\/2025\/04\/cropped-fashion_gold_logotipas2-scaled-1.png\",\"width\":2559,\"height\":421,\"caption\":\"Topdiamonds Online\"},\"image\":{\"@id\":\"https:\/\/fashiongold.lt\/et\/#\/schema\/logo\/image\/\"}}]}<\/script>\n<!-- \/ Yoast SEO plugin. -->","yoast_head_json":{"title":"Apyrank\u0117 su deimantais - EMERALD DEIMANTAI (6.60 ct)","description":"I\u0161skirtin\u0117 apyrank\u0117 su deimantais \u2013 elegancijos ir rafinuoto stiliaus derinys. Spind\u0117kite prabanga su \u0161iais sta\u010diakampio formos deimantais.","robots":{"index":"index","follow":"follow","max-snippet":"max-snippet:-1","max-image-preview":"max-image-preview:large","max-video-preview":"max-video-preview:-1"},"canonical":"https:\/\/fashiongold.lt\/et\/papuosalas\/apyranke-su-deimantais-emerald-deimantai-6-60-ct\/","og_locale":"et_EE","og_type":"article","og_title":"Apyrank\u0117 su deimantais - EMERALD DEIMANTAI (6.60 ct)","og_description":"I\u0161skirtin\u0117 apyrank\u0117 su deimantais \u2013 elegancijos ir rafinuoto stiliaus derinys. Spind\u0117kite prabanga su \u0161iais sta\u010diakampio formos deimantais.","og_url":"https:\/\/fashiongold.lt\/et\/papuosalas\/apyranke-su-deimantais-emerald-deimantai-6-60-ct\/","og_site_name":"FashionGold.lt","article_modified_time":"2026-05-14T18:29:07+00:00","og_image":[{"width":1254,"height":1254,"url":"https:\/\/fashiongold.lt\/wp-content\/uploads\/2025\/05\/Apyranke-su-deimantais-EMERALD-DEIMANTAI-6.60-ct-baltas-auksas.webp","type":"image\/png"}],"twitter_card":"summary_large_image","twitter_misc":{"Est. reading time":"2 minutit"},"schema":{"@context":"https:\/\/schema.org","@graph":[{"@type":"WebPage","@id":"https:\/\/fashiongold.lt\/et\/papuosalas\/apyranke-su-deimantais-emerald-deimantai-6-60-ct\/","url":"https:\/\/fashiongold.lt\/et\/papuosalas\/apyranke-su-deimantais-emerald-deimantai-6-60-ct\/","name":"Apyrank\u0117 su deimantais - EMERALD DEIMANTAI (6.60 ct)","isPartOf":{"@id":"https:\/\/fashiongold.lt\/et\/#website"},"primaryImageOfPage":{"@id":"https:\/\/fashiongold.lt\/et\/papuosalas\/apyranke-su-deimantais-emerald-deimantai-6-60-ct\/#primaryimage"},"image":{"@id":"https:\/\/fashiongold.lt\/et\/papuosalas\/apyranke-su-deimantais-emerald-deimantai-6-60-ct\/#primaryimage"},"thumbnailUrl":"https:\/\/fashiongold.lt\/wp-content\/uploads\/2025\/05\/Apyranke-su-deimantais-EMERALD-DEIMANTAI-6.60-ct-baltas-auksas.png","datePublished":"2025-05-28T20:20:55+00:00","dateModified":"2026-05-14T18:29:07+00:00","description":"I\u0161skirtin\u0117 apyrank\u0117 su deimantais \u2013 elegancijos ir rafinuoto stiliaus derinys. Spind\u0117kite prabanga su \u0161iais sta\u010diakampio formos deimantais.","breadcrumb":{"@id":"https:\/\/fashiongold.lt\/et\/papuosalas\/apyranke-su-deimantais-emerald-deimantai-6-60-ct\/#breadcrumb"},"inLanguage":"et","potentialAction":[{"@type":"ReadAction","target":["https:\/\/fashiongold.lt\/et\/papuosalas\/apyranke-su-deimantais-emerald-deimantai-6-60-ct\/"]}]},{"@type":"ImageObject","inLanguage":"et","@id":"https:\/\/fashiongold.lt\/et\/papuosalas\/apyranke-su-deimantais-emerald-deimantai-6-60-ct\/#primaryimage","url":"https:\/\/fashiongold.lt\/wp-content\/uploads\/2025\/05\/Apyranke-su-deimantais-EMERALD-DEIMANTAI-6.60-ct-baltas-auksas.png","contentUrl":"https:\/\/fashiongold.lt\/wp-content\/uploads\/2025\/05\/Apyranke-su-deimantais-EMERALD-DEIMANTAI-6.60-ct-baltas-auksas.png","width":1254,"height":1254,"caption":"Balto aukso apyrank\u0117 su deimantais - EMERALD DEIMANTAI (6.60 ct)"},{"@type":"BreadcrumbList","@id":"https:\/\/fashiongold.lt\/et\/papuosalas\/apyranke-su-deimantais-emerald-deimantai-6-60-ct\/#breadcrumb","itemListElement":[{"@type":"ListItem","position":1,"name":"Home","item":"https:\/\/fashiongold.lt\/et\/"},{"@type":"ListItem","position":2,"name":"Teemantide pood Fashiongold.lt","item":"https:\/\/fashiongold.lt\/shop-2\/"},{"@type":"ListItem","position":3,"name":"Apyrank\u0117 su deimantais &#8211; EMERALD DEIMANTAI (6.60 ct)"}]},{"@type":"WebSite","@id":"https:\/\/fashiongold.lt\/et\/#website","url":"https:\/\/fashiongold.lt\/et\/","name":"Fashion Gold","description":"Ehtemaja","publisher":{"@id":"https:\/\/fashiongold.lt\/et\/#organization"},"potentialAction":[{"@type":"SearchAction","target":{"@type":"EntryPoint","urlTemplate":"https:\/\/fashiongold.lt\/et\/?s={search_term_string}"},"query-input":{"@type":"PropertyValueSpecification","valueRequired":true,"valueName":"search_term_string"}}],"inLanguage":"et"},{"@type":"Organization","@id":"https:\/\/fashiongold.lt\/et\/#organization","name":"Topdiamonds Online","url":"https:\/\/fashiongold.lt\/et\/","logo":{"@type":"ImageObject","inLanguage":"et","@id":"https:\/\/fashiongold.lt\/et\/#\/schema\/logo\/image\/","url":"https:\/\/fashiongold.lt\/wp-content\/uploads\/2025\/04\/cropped-fashion_gold_logotipas2-scaled-1.png","contentUrl":"https:\/\/fashiongold.lt\/wp-content\/uploads\/2025\/04\/cropped-fashion_gold_logotipas2-scaled-1.png","width":2559,"height":421,"caption":"Topdiamonds Online"},"image":{"@id":"https:\/\/fashiongold.lt\/et\/#\/schema\/logo\/image\/"}}]}},"_links":{"self":[{"href":"https:\/\/fashiongold.lt\/et\/wp-json\/wp\/v2\/product\/14983","targetHints":{"allow":["GET"]}}],"collection":[{"href":"https:\/\/fashiongold.lt\/et\/wp-json\/wp\/v2\/product"}],"about":[{"href":"https:\/\/fashiongold.lt\/et\/wp-json\/wp\/v2\/types\/product"}],"version-history":[{"count":1,"href":"https:\/\/fashiongold.lt\/et\/wp-json\/wp\/v2\/product\/14983\/revisions"}],"predecessor-version":[{"id":1145368,"href":"https:\/\/fashiongold.lt\/et\/wp-json\/wp\/v2\/product\/14983\/revisions\/1145368"}],"wp:featuredmedia":[{"embeddable":true,"href":"https:\/\/fashiongold.lt\/et\/wp-json\/wp\/v2\/media\/1145344"}],"wp:attachment":[{"href":"https:\/\/fashiongold.lt\/et\/wp-json\/wp\/v2\/media?parent=14983"}],"wp:term":[{"taxonomy":"product_brand","embeddable":true,"href":"https:\/\/fashiongold.lt\/et\/wp-json\/wp\/v2\/product_brand?post=14983"},{"taxonomy":"product_cat","embeddable":true,"href":"https:\/\/fashiongold.lt\/et\/wp-json\/wp\/v2\/product_cat?post=14983"},{"taxonomy":"product_tag","embeddable":true,"href":"https:\/\/fashiongold.lt\/et\/wp-json\/wp\/v2\/product_tag?post=14983"}],"curies":[{"name":"wp","href":"https:\/\/api.w.org\/{rel}","templated":true}]}}