{"id":271526,"date":"2025-12-28T16:53:43","date_gmt":"2025-12-28T16:53:43","guid":{"rendered":"https:\/\/fashiongold.lt\/papuosalas\/mustad-parlid-parlitega-korvarongad-10-mm-valge-kuld-ai-juveliir\/"},"modified":"2025-12-28T16:53:43","modified_gmt":"2025-12-28T16:53:43","slug":"mustad-parlid-parlitega-korvarongad-10-mm-valge-kuld-ai-juveliir","status":"publish","type":"product","link":"https:\/\/fashiongold.lt\/et\/papuosalas\/mustad-parlid-parlitega-korvarongad-10-mm-valge-kuld-ai-juveliir\/","title":{"rendered":"Mustad p\u00e4rlid &#8211; P\u00e4rlitega k\u00f5rvar\u00f5ngad 10 mm. Valge kuld. AI Juveliir"},"content":{"rendered":"<h3 data-start=\"192\" data-end=\"289\">AI Juveliir: <strong data-start=\"236\" data-end=\"291\">10 mm mustade p\u00e4rlitega naelk\u00f5rvar\u00f5ngad, valge kuld<\/strong><\/h3>\n<p data-start=\"236\" data-end=\"698\">See on juveliiri loodud ja valmistatud individuaalne projekt, kus iga detail on l\u00e4bi m\u00f5eldud, v\u00f5ttes arvesse valitud p\u00e4rlit. P\u00e4rlid paistavad silma peene, salap\u00e4rase l\u00e4ike, loodusliku valguse peegelduse ja ainulaadse pinnaga \u2013 iga p\u00e4rl on isesugune. See ei ole seeriatoodang \u2013 see on t\u00f5eline juveelit\u00f6\u00f6, mis algab ideest ja l\u00f5peb k\u00e4sitsi valmistatud ainulaadsete k\u00f5rvar\u00f5ngastega.<\/p>\n<p data-start=\"700\" data-end=\"1172\">P\u00e4rlitega naelk\u00f5rvar\u00f5ngaste projekteerimisel hindab juveliir esmalt p\u00e4rli enda omadusi \u2013 selle suurust (10 mm), kuju korrap\u00e4rasust, pinna kvaliteeti ja loomulikku s\u00e4ra. Just konkreetse p\u00e4rli p\u00f5hjal luuakse kogu disain: k\u00f5rvar\u00f5ngaste proportsioonid, krooni k\u00f5rgus, teemant\u00e4\u00e4re paigutus ja \u00fcldine visuaalne tasakaal. Iga k\u00f5rvar\u00f5ngapaar n\u00f5uab erakordselt hoolikat ja professionaalset t\u00f6\u00f6d, et saavutada t\u00e4iuslik esteetika, mugavuse ja vastupidavuse kombinatsioon.<\/p>\n<p data-start=\"1174\" data-end=\"1263\">P\u00e4rlitega naelk\u00f5rvar\u00f5ngad valmistatakse individuaaltellimusel, seega saame kohandada:<\/p>\n<ul data-start=\"997\" data-end=\"1252\">\n<li data-start=\"997\" data-end=\"1056\">\n<p data-start=\"999\" data-end=\"1056\">mis tahes kullav\u00e4rvi (valge, kollane v\u00f5i punane),<\/p>\n<\/li>\n<li data-start=\"1057\" data-end=\"1103\">\n<p data-start=\"1059\" data-end=\"1103\">valitud kulla <a href=\"https:\/\/fashiongold.lt\/et\/patarimai-et\/kulla-proov-ehetele-kuidas-valida-oiget\/\">proovi<\/a> \u2013 585 v\u00f5i 750,<\/p>\n<\/li>\n<li data-start=\"1104\" data-end=\"1152\">\n<p data-start=\"1106\" data-end=\"1152\">erinevat teemantide v\u00f5i p\u00e4rlite suurust ja nende paigutust,<\/p>\n<\/li>\n<li data-start=\"1153\" data-end=\"1252\">\n<p data-start=\"1155\" data-end=\"1252\">vastavalt soovile individuaalset teemant\u00e4\u00e4rist, mille saab muuta eemaldatavaks, v\u00f5imaldades k\u00f5rvar\u00f5ngaid kanda nii minimalistliku kui ka luksuslikuma variandina.<\/p>\n<\/li>\n<\/ul>\n<p data-start=\"1541\" data-end=\"1742\">Individuaalprojekti j\u00e4rgi k\u00f5rvar\u00f5ngaste valimisel on k\u00f5ige olulisem see, mis sobib teie isiksuse, stiili ja eluviisiga. Sellistest k\u00f5rvar\u00f5ngastest saab mitte ainult peen, vaid ka emotsionaalselt t\u00e4hendusrikas juveelidetail.<\/p>\n<p data-start=\"1744\" data-end=\"2111\">Selles mudelis valitud klassikaline disain r\u00f5hutab peenelt p\u00e4rli loomulikku s\u00e4ra ning annab k\u00f5rvar\u00f5ngastele t\u00e4iendavat elegantsi ja luksust. Elegantsed p\u00e4rlid tugevdavad valgusm\u00e4ngu. P\u00e4rlid s\u00fcmboliseerivad juveelikunstis puhtust, harmooniat, naiselikkust ja ajatut klassikat.<\/p>\n<p data-start=\"2113\" data-end=\"2287\">K\u00f5ik p\u00e4rlitega naelk\u00f5rvar\u00f5ngad ja muud ehted on valmistatud Leedus ning neil on Leedu Proovikoja sertifikaadid, mis tagavad metallide autentsuse ja k\u00f5rgeima kvaliteedi.<\/p>\n<p data-start=\"2289\" data-end=\"2545\">See on juveliiri<span style=\"font-size: 16px;\">\u00a0<\/span><a style=\"font-size: 16px; background-color: #ffffff;\" href=\"https:\/\/fashiongold.lt\/et\/patarimai-et\/juveliir-kui-teie-unistus-saab-kulla-kuju\/\">valmistamine<\/a><span style=\"font-size: 16px;\"> vastavalt individuaalprojektile, m\u00f5eldud neile, kes otsivad lisaks k\u00f5rvar\u00f5ngastele ka isiklikku lugu, mis on loodud kullast, teemantidest ja looduslikest p\u00e4rlitest. Iga selline k\u00f5rvar\u00f5ngapaar on ainulaadne, loodud just teile ja teie valitud visioonile.<\/span><\/p>\n<h4>Meie teenused<\/h4>\n<p>Pakume <a href=\"https:\/\/fashiongold.lt\/et\/kategorija\/ehete-valmistamine\/\" target=\"_self\" rel=\"noopener noreferrer\">individuaalset disaini, kus iga ehe luuakse vastavalt teie ideedele ja visioonile<\/a>. Samuti teostame restaureerimist, et teie kallid ehted s\u00e4raksid taas nagu uued. Iga meie looming on enamat kui lihtsalt ehe \u2013 see on teie isiksuse peegeldus. Iga meie t\u00f6\u00f6 on t\u00f5estus sellest, et kvaliteet ja loovus saavad k\u00e4ia k\u00e4sik\u00e4es.<\/p>\n<h4>Avatus ja garantii<\/h4>\n<p>Meie p\u00f5him\u00f5te on avatus ja siiras suhtlus iga kliendiga. Alates esimesest konsultatsioonist kuni valmis ehte k\u00e4ttesaamiseni oleme teie k\u00f5rval, et aidata k\u00f5igis k\u00fcsimustes. Anname k\u00f5igile oma toodetele 5-aastase kvaliteedigarantii, nii et v\u00f5ite olla kindlad nende usaldusv\u00e4\u00e4rsuses ja vastupidavuses. Meie garantii h\u00f5lmab k\u00f5iki tootmiskvaliteedi aspekte, et saaksite ehteid muretult nautida pikki aastaid. Hoolitseme selle eest, et iga meie klient tunneks end kindlalt ja teaks, et meie ehted on usaldust v\u00e4\u00e4rt.<\/p>\n<h4>Tellimused ja konsultatsioonid<\/h4>\n<p>Kui soovid tellida individuaalset ehet v\u00f5i konsulteerida oma ideede osas, on meie meeskond alati valmis sind aitama. Konsultatsiooni k\u00e4igus arutame l\u00e4bi sinu visiooni ja soovid ning pakume parimaid lahendusi, et valmistada sinu ootustele vastavad ehted. P\u00f6\u00f6rame igale tellimusele erilist t\u00e4helepanu, mist\u00f5ttu saame pakkuda individuaalseid lahendusi nii kihlas\u00f5rmuste kui ka muude ehete puhul. Ehete valmistamine v\u00f5tab tavaliselt aega umbes 5 n\u00e4dalat, kuid anname alati parima, et teie ehted valmiksid v\u00f5imalikult kiiresti. V\u00f5tke meiega \u00fchendust \u2013 loome koos ehted, millest saab osa teie loost.<\/p>\n","protected":false},"excerpt":{"rendered":"<p>AI Juveliir: 10 mm mustade p\u00e4rlitega naelk\u00f5rvar\u00f5ngad, valge kuld See on juveliiri loodud ja valmistatud individuaalne projekt, kus iga detail [&hellip;]<\/p>\n","protected":false},"featured_media":265939,"template":"","meta":{"site-sidebar-layout":"default","site-content-layout":"","ast-site-content-layout":"default","site-content-style":"default","site-sidebar-style":"default","ast-global-header-display":"","ast-banner-title-visibility":"","ast-main-header-display":"","ast-hfb-above-header-display":"","ast-hfb-below-header-display":"","ast-hfb-mobile-header-display":"","site-post-title":"","ast-breadcrumbs-content":"","ast-featured-img":"","footer-sml-layout":"","ast-disable-related-posts":"","theme-transparent-header-meta":"default","adv-header-id-meta":"","stick-header-meta":"","header-above-stick-meta":"","header-main-stick-meta":"","header-below-stick-meta":"","astra-migrate-meta-layouts":"default","ast-page-background-enabled":"default","ast-page-background-meta":{"desktop":{"background-color":"var(--ast-global-color-4)","background-image":"","background-repeat":"repeat","background-position":"center center","background-size":"auto","background-attachment":"scroll","background-type":"","background-media":"","overlay-type":"","overlay-color":"","overlay-opacity":"","overlay-gradient":""},"tablet":{"background-color":"","background-image":"","background-repeat":"repeat","background-position":"center center","background-size":"auto","background-attachment":"scroll","background-type":"","background-media":"","overlay-type":"","overlay-color":"","overlay-opacity":"","overlay-gradient":""},"mobile":{"background-color":"","background-image":"","background-repeat":"repeat","background-position":"center center","background-size":"auto","background-attachment":"scroll","background-type":"","background-media":"","overlay-type":"","overlay-color":"","overlay-opacity":"","overlay-gradient":""}},"ast-content-background-meta":{"desktop":{"background-color":"var(--ast-global-color-5)","background-image":"","background-repeat":"repeat","background-position":"center center","background-size":"auto","background-attachment":"scroll","background-type":"","background-media":"","overlay-type":"","overlay-color":"","overlay-opacity":"","overlay-gradient":""},"tablet":{"background-color":"var(--ast-global-color-5)","background-image":"","background-repeat":"repeat","background-position":"center center","background-size":"auto","background-attachment":"scroll","background-type":"","background-media":"","overlay-type":"","overlay-color":"","overlay-opacity":"","overlay-gradient":""},"mobile":{"background-color":"var(--ast-global-color-5)","background-image":"","background-repeat":"repeat","background-position":"center center","background-size":"auto","background-attachment":"scroll","background-type":"","background-media":"","overlay-type":"","overlay-color":"","overlay-opacity":"","overlay-gradient":""}}},"product_brand":[],"product_cat":[2838,2841,2830,2839,2842,2829,2822,2821,2831,2969,2970,2971,2846,2967,2845,2966,2968],"product_tag":[],"class_list":{"0":"post-271526","1":"product","2":"type-product","3":"status-publish","4":"has-post-thumbnail","6":"product_cat-ehete-valmistamine","7":"product_cat-ehted-naistele","8":"product_cat-emadepaeva-kingitused","9":"product_cat-juveliir","10":"product_cat-kingiideed","11":"product_cat-kingitused-erilisteks-puhkudeks","12":"product_cat-kingitused-naistele","13":"product_cat-kingitused-sunnipaevaks","14":"product_cat-kollasest-kullast-ehted","15":"product_cat-naelkorvarongad","16":"product_cat-parlid-parlitega-ehted","17":"product_cat-parlitega-korvarongad","18":"product_cat-poolvaariskividega-ehted","19":"product_cat-punasest-kullast-ehted","20":"product_cat-sobrapaeva-kingitused","21":"product_cat-teemantidega-korvarongad","22":"product_cat-vaariskividega-korvarongad","23":"desktop-align-center","24":"tablet-align-left","25":"mobile-align-left","26":"ast-product-gallery-layout-horizontal-slider","27":"ast-product-tabs-layout-accordion","28":"ast-qv-on-image","30":"first","31":"onbackorder","32":"taxable","33":"shipping-taxable","34":"purchasable","35":"product-type-simple"},"yoast_head":"<!-- This site is optimized with the Yoast SEO plugin v26.6 - https:\/\/yoast.com\/wordpress\/plugins\/seo\/ -->\n<title>Mustade p\u00e4rlitega k\u00f5rvar\u00f5ngad 10 mm | Juveliir<\/title>\n<meta name=\"description\" content=\"K\u00e4sit\u00f6\u00f6na valminud 10 mm mustade p\u00e4rlitega naelk\u00f5rvar\u00f5ngad. Kollane, valge v\u00f5i punane kuld. V\u00f5imalik eemaldatav teemant\u00e4\u00e4ris.\" \/>\n<meta name=\"robots\" content=\"index, follow, max-snippet:-1, max-image-preview:large, max-video-preview:-1\" \/>\n<link rel=\"canonical\" href=\"https:\/\/fashiongold.lt\/et\/papuosalas\/mustad-parlid-parlitega-korvarongad-10-mm-valge-kuld-ai-juveliir\/\" \/>\n<meta property=\"og:locale\" content=\"et_EE\" \/>\n<meta property=\"og:type\" content=\"article\" \/>\n<meta property=\"og:title\" content=\"Mustade p\u00e4rlitega k\u00f5rvar\u00f5ngad 10 mm | Juveliir\" \/>\n<meta property=\"og:description\" content=\"K\u00e4sit\u00f6\u00f6na valminud 10 mm mustade p\u00e4rlitega naelk\u00f5rvar\u00f5ngad. Kollane, valge v\u00f5i punane kuld. V\u00f5imalik eemaldatav teemant\u00e4\u00e4ris.\" \/>\n<meta property=\"og:url\" content=\"https:\/\/fashiongold.lt\/et\/papuosalas\/mustad-parlid-parlitega-korvarongad-10-mm-valge-kuld-ai-juveliir\/\" \/>\n<meta property=\"og:site_name\" content=\"FashionGold.lt\" \/>\n<meta property=\"og:image\" content=\"https:\/\/fashiongold.lt\/wp-content\/uploads\/2025\/12\/Juodi-perlai-auskarai-su-perlais-Tahiti-8-mm.webp\" \/>\n\t<meta property=\"og:image:width\" content=\"1536\" \/>\n\t<meta property=\"og:image:height\" content=\"1024\" \/>\n\t<meta property=\"og:image:type\" content=\"image\/png\" \/>\n<meta name=\"twitter:card\" content=\"summary_large_image\" \/>\n<meta name=\"twitter:label1\" content=\"Est. reading time\" \/>\n\t<meta name=\"twitter:data1\" content=\"3 minutit\" \/>\n<script type=\"application\/ld+json\" class=\"yoast-schema-graph\">{\"@context\":\"https:\/\/schema.org\",\"@graph\":[{\"@type\":\"WebPage\",\"@id\":\"https:\/\/fashiongold.lt\/et\/papuosalas\/mustad-parlid-parlitega-korvarongad-10-mm-valge-kuld-ai-juveliir\/\",\"url\":\"https:\/\/fashiongold.lt\/et\/papuosalas\/mustad-parlid-parlitega-korvarongad-10-mm-valge-kuld-ai-juveliir\/\",\"name\":\"Mustade p\u00e4rlitega k\u00f5rvar\u00f5ngad 10 mm | Juveliir\",\"isPartOf\":{\"@id\":\"https:\/\/fashiongold.lt\/et\/#website\"},\"primaryImageOfPage\":{\"@id\":\"https:\/\/fashiongold.lt\/et\/papuosalas\/mustad-parlid-parlitega-korvarongad-10-mm-valge-kuld-ai-juveliir\/#primaryimage\"},\"image\":{\"@id\":\"https:\/\/fashiongold.lt\/et\/papuosalas\/mustad-parlid-parlitega-korvarongad-10-mm-valge-kuld-ai-juveliir\/#primaryimage\"},\"thumbnailUrl\":\"https:\/\/fashiongold.lt\/wp-content\/uploads\/2025\/12\/Juodi-perlai-auskarai-su-perlais-Tahiti-8-mm.png\",\"datePublished\":\"2025-12-28T16:53:43+00:00\",\"description\":\"K\u00e4sit\u00f6\u00f6na valminud 10 mm mustade p\u00e4rlitega naelk\u00f5rvar\u00f5ngad. Kollane, valge v\u00f5i punane kuld. V\u00f5imalik eemaldatav teemant\u00e4\u00e4ris.\",\"breadcrumb\":{\"@id\":\"https:\/\/fashiongold.lt\/et\/papuosalas\/mustad-parlid-parlitega-korvarongad-10-mm-valge-kuld-ai-juveliir\/#breadcrumb\"},\"inLanguage\":\"et\",\"potentialAction\":[{\"@type\":\"ReadAction\",\"target\":[\"https:\/\/fashiongold.lt\/et\/papuosalas\/mustad-parlid-parlitega-korvarongad-10-mm-valge-kuld-ai-juveliir\/\"]}]},{\"@type\":\"ImageObject\",\"inLanguage\":\"et\",\"@id\":\"https:\/\/fashiongold.lt\/et\/papuosalas\/mustad-parlid-parlitega-korvarongad-10-mm-valge-kuld-ai-juveliir\/#primaryimage\",\"url\":\"https:\/\/fashiongold.lt\/wp-content\/uploads\/2025\/12\/Juodi-perlai-auskarai-su-perlais-Tahiti-8-mm.png\",\"contentUrl\":\"https:\/\/fashiongold.lt\/wp-content\/uploads\/2025\/12\/Juodi-perlai-auskarai-su-perlais-Tahiti-8-mm.png\",\"width\":1536,\"height\":1024,\"caption\":\"Juodi perlai - auskarai su perlais Tahiti 8 mm\"},{\"@type\":\"BreadcrumbList\",\"@id\":\"https:\/\/fashiongold.lt\/et\/papuosalas\/mustad-parlid-parlitega-korvarongad-10-mm-valge-kuld-ai-juveliir\/#breadcrumb\",\"itemListElement\":[{\"@type\":\"ListItem\",\"position\":1,\"name\":\"Home\",\"item\":\"https:\/\/fashiongold.lt\/et\/\"},{\"@type\":\"ListItem\",\"position\":2,\"name\":\"Teemantide pood Fashiongold.lt\",\"item\":\"https:\/\/fashiongold.lt\/shop-2\/\"},{\"@type\":\"ListItem\",\"position\":3,\"name\":\"Mustad p\u00e4rlid &#8211; P\u00e4rlitega k\u00f5rvar\u00f5ngad 10 mm. Valge kuld. AI Juveliir\"}]},{\"@type\":\"WebSite\",\"@id\":\"https:\/\/fashiongold.lt\/et\/#website\",\"url\":\"https:\/\/fashiongold.lt\/et\/\",\"name\":\"Fashion Gold\",\"description\":\"Juvelyrikos namai\",\"publisher\":{\"@id\":\"https:\/\/fashiongold.lt\/et\/#organization\"},\"potentialAction\":[{\"@type\":\"SearchAction\",\"target\":{\"@type\":\"EntryPoint\",\"urlTemplate\":\"https:\/\/fashiongold.lt\/et\/?s={search_term_string}\"},\"query-input\":{\"@type\":\"PropertyValueSpecification\",\"valueRequired\":true,\"valueName\":\"search_term_string\"}}],\"inLanguage\":\"et\"},{\"@type\":\"Organization\",\"@id\":\"https:\/\/fashiongold.lt\/et\/#organization\",\"name\":\"Topdiamonds Online\",\"url\":\"https:\/\/fashiongold.lt\/et\/\",\"logo\":{\"@type\":\"ImageObject\",\"inLanguage\":\"et\",\"@id\":\"https:\/\/fashiongold.lt\/et\/#\/schema\/logo\/image\/\",\"url\":\"https:\/\/fashiongold.lt\/wp-content\/uploads\/2025\/04\/cropped-fashion_gold_logotipas2-scaled-1.png\",\"contentUrl\":\"https:\/\/fashiongold.lt\/wp-content\/uploads\/2025\/04\/cropped-fashion_gold_logotipas2-scaled-1.png\",\"width\":2559,\"height\":421,\"caption\":\"Topdiamonds Online\"},\"image\":{\"@id\":\"https:\/\/fashiongold.lt\/et\/#\/schema\/logo\/image\/\"}}]}<\/script>\n<!-- \/ Yoast SEO plugin. -->","yoast_head_json":{"title":"Mustade p\u00e4rlitega k\u00f5rvar\u00f5ngad 10 mm | Juveliir","description":"K\u00e4sit\u00f6\u00f6na valminud 10 mm mustade p\u00e4rlitega naelk\u00f5rvar\u00f5ngad. Kollane, valge v\u00f5i punane kuld. V\u00f5imalik eemaldatav teemant\u00e4\u00e4ris.","robots":{"index":"index","follow":"follow","max-snippet":"max-snippet:-1","max-image-preview":"max-image-preview:large","max-video-preview":"max-video-preview:-1"},"canonical":"https:\/\/fashiongold.lt\/et\/papuosalas\/mustad-parlid-parlitega-korvarongad-10-mm-valge-kuld-ai-juveliir\/","og_locale":"et_EE","og_type":"article","og_title":"Mustade p\u00e4rlitega k\u00f5rvar\u00f5ngad 10 mm | Juveliir","og_description":"K\u00e4sit\u00f6\u00f6na valminud 10 mm mustade p\u00e4rlitega naelk\u00f5rvar\u00f5ngad. Kollane, valge v\u00f5i punane kuld. V\u00f5imalik eemaldatav teemant\u00e4\u00e4ris.","og_url":"https:\/\/fashiongold.lt\/et\/papuosalas\/mustad-parlid-parlitega-korvarongad-10-mm-valge-kuld-ai-juveliir\/","og_site_name":"FashionGold.lt","og_image":[{"width":1536,"height":1024,"url":"https:\/\/fashiongold.lt\/wp-content\/uploads\/2025\/12\/Juodi-perlai-auskarai-su-perlais-Tahiti-8-mm.webp","type":"image\/png"}],"twitter_card":"summary_large_image","twitter_misc":{"Est. reading time":"3 minutit"},"schema":{"@context":"https:\/\/schema.org","@graph":[{"@type":"WebPage","@id":"https:\/\/fashiongold.lt\/et\/papuosalas\/mustad-parlid-parlitega-korvarongad-10-mm-valge-kuld-ai-juveliir\/","url":"https:\/\/fashiongold.lt\/et\/papuosalas\/mustad-parlid-parlitega-korvarongad-10-mm-valge-kuld-ai-juveliir\/","name":"Mustade p\u00e4rlitega k\u00f5rvar\u00f5ngad 10 mm | Juveliir","isPartOf":{"@id":"https:\/\/fashiongold.lt\/et\/#website"},"primaryImageOfPage":{"@id":"https:\/\/fashiongold.lt\/et\/papuosalas\/mustad-parlid-parlitega-korvarongad-10-mm-valge-kuld-ai-juveliir\/#primaryimage"},"image":{"@id":"https:\/\/fashiongold.lt\/et\/papuosalas\/mustad-parlid-parlitega-korvarongad-10-mm-valge-kuld-ai-juveliir\/#primaryimage"},"thumbnailUrl":"https:\/\/fashiongold.lt\/wp-content\/uploads\/2025\/12\/Juodi-perlai-auskarai-su-perlais-Tahiti-8-mm.png","datePublished":"2025-12-28T16:53:43+00:00","description":"K\u00e4sit\u00f6\u00f6na valminud 10 mm mustade p\u00e4rlitega naelk\u00f5rvar\u00f5ngad. Kollane, valge v\u00f5i punane kuld. V\u00f5imalik eemaldatav teemant\u00e4\u00e4ris.","breadcrumb":{"@id":"https:\/\/fashiongold.lt\/et\/papuosalas\/mustad-parlid-parlitega-korvarongad-10-mm-valge-kuld-ai-juveliir\/#breadcrumb"},"inLanguage":"et","potentialAction":[{"@type":"ReadAction","target":["https:\/\/fashiongold.lt\/et\/papuosalas\/mustad-parlid-parlitega-korvarongad-10-mm-valge-kuld-ai-juveliir\/"]}]},{"@type":"ImageObject","inLanguage":"et","@id":"https:\/\/fashiongold.lt\/et\/papuosalas\/mustad-parlid-parlitega-korvarongad-10-mm-valge-kuld-ai-juveliir\/#primaryimage","url":"https:\/\/fashiongold.lt\/wp-content\/uploads\/2025\/12\/Juodi-perlai-auskarai-su-perlais-Tahiti-8-mm.png","contentUrl":"https:\/\/fashiongold.lt\/wp-content\/uploads\/2025\/12\/Juodi-perlai-auskarai-su-perlais-Tahiti-8-mm.png","width":1536,"height":1024,"caption":"Juodi perlai - auskarai su perlais Tahiti 8 mm"},{"@type":"BreadcrumbList","@id":"https:\/\/fashiongold.lt\/et\/papuosalas\/mustad-parlid-parlitega-korvarongad-10-mm-valge-kuld-ai-juveliir\/#breadcrumb","itemListElement":[{"@type":"ListItem","position":1,"name":"Home","item":"https:\/\/fashiongold.lt\/et\/"},{"@type":"ListItem","position":2,"name":"Teemantide pood Fashiongold.lt","item":"https:\/\/fashiongold.lt\/shop-2\/"},{"@type":"ListItem","position":3,"name":"Mustad p\u00e4rlid &#8211; P\u00e4rlitega k\u00f5rvar\u00f5ngad 10 mm. Valge kuld. AI Juveliir"}]},{"@type":"WebSite","@id":"https:\/\/fashiongold.lt\/et\/#website","url":"https:\/\/fashiongold.lt\/et\/","name":"Fashion Gold","description":"Juvelyrikos namai","publisher":{"@id":"https:\/\/fashiongold.lt\/et\/#organization"},"potentialAction":[{"@type":"SearchAction","target":{"@type":"EntryPoint","urlTemplate":"https:\/\/fashiongold.lt\/et\/?s={search_term_string}"},"query-input":{"@type":"PropertyValueSpecification","valueRequired":true,"valueName":"search_term_string"}}],"inLanguage":"et"},{"@type":"Organization","@id":"https:\/\/fashiongold.lt\/et\/#organization","name":"Topdiamonds Online","url":"https:\/\/fashiongold.lt\/et\/","logo":{"@type":"ImageObject","inLanguage":"et","@id":"https:\/\/fashiongold.lt\/et\/#\/schema\/logo\/image\/","url":"https:\/\/fashiongold.lt\/wp-content\/uploads\/2025\/04\/cropped-fashion_gold_logotipas2-scaled-1.png","contentUrl":"https:\/\/fashiongold.lt\/wp-content\/uploads\/2025\/04\/cropped-fashion_gold_logotipas2-scaled-1.png","width":2559,"height":421,"caption":"Topdiamonds Online"},"image":{"@id":"https:\/\/fashiongold.lt\/et\/#\/schema\/logo\/image\/"}}]}},"_links":{"self":[{"href":"https:\/\/fashiongold.lt\/et\/wp-json\/wp\/v2\/product\/271526","targetHints":{"allow":["GET"]}}],"collection":[{"href":"https:\/\/fashiongold.lt\/et\/wp-json\/wp\/v2\/product"}],"about":[{"href":"https:\/\/fashiongold.lt\/et\/wp-json\/wp\/v2\/types\/product"}],"version-history":[{"count":0,"href":"https:\/\/fashiongold.lt\/et\/wp-json\/wp\/v2\/product\/271526\/revisions"}],"wp:featuredmedia":[{"embeddable":true,"href":"https:\/\/fashiongold.lt\/et\/wp-json\/wp\/v2\/media\/265939"}],"wp:attachment":[{"href":"https:\/\/fashiongold.lt\/et\/wp-json\/wp\/v2\/media?parent=271526"}],"wp:term":[{"taxonomy":"product_brand","embeddable":true,"href":"https:\/\/fashiongold.lt\/et\/wp-json\/wp\/v2\/product_brand?post=271526"},{"taxonomy":"product_cat","embeddable":true,"href":"https:\/\/fashiongold.lt\/et\/wp-json\/wp\/v2\/product_cat?post=271526"},{"taxonomy":"product_tag","embeddable":true,"href":"https:\/\/fashiongold.lt\/et\/wp-json\/wp\/v2\/product_tag?post=271526"}],"curies":[{"name":"wp","href":"https:\/\/api.w.org\/{rel}","templated":true}]}}