{"id":271559,"date":"2025-12-28T11:23:09","date_gmt":"2025-12-28T11:23:09","guid":{"rendered":"https:\/\/fashiongold.lt\/papuosalas\/opaalid-opaalidega-korvarongad-ai-juveliir\/"},"modified":"2025-12-28T11:23:09","modified_gmt":"2025-12-28T11:23:09","slug":"opaalid-opaalidega-korvarongad-ai-juveliir","status":"publish","type":"product","link":"https:\/\/fashiongold.lt\/et\/papuosalas\/opaalid-opaalidega-korvarongad-ai-juveliir\/","title":{"rendered":"Opaalid &#8211; Opaalidega k\u00f5rvar\u00f5ngad. AI Juveliir"},"content":{"rendered":"<h3 data-start=\"192\" data-end=\"289\">AI Juvelyras: oopalitega naelaukurid \u2013 valmistamine individuaalprojekti j\u00e4rgi<\/h3>\n<p data-start=\"272\" data-end=\"768\">\u00dcmara oopaliga naelaukurid on juveliiri loodud ja valmistatud individuaalprojekt, kus iga detail on l\u00e4bi m\u00f5eldud, l\u00e4htudes valitud v\u00e4\u00e4riskivist \u2013 oopalist. See erakordne kivi lummab oma s\u00fcgava tumeda p\u00f5hjaga ja lummava opalestsentsiga, milles avanevad sinised, rohelised, punased ning vikerkaarev\u00e4rvilised s\u00e4hvatused. See ei ole seeriatoodang \u2013 see on t\u00f5eline juveliriit\u00f6\u00f6, mis saab alguse ideest ja l\u00f5peb k\u00e4sitsi valmistatud ainulaadsete k\u00f5rvar\u00f5ngastega.<\/p>\n<p data-start=\"770\" data-end=\"1264\">Oopaliga naelaukureid projekteerides hindab juveliir esmalt kivi enda omadusi \u2013 v\u00e4rvim\u00e4ngu, opalestsentsi intensiivsust, kivi s\u00fcgavust, l\u00e4bipaistvust ja \u00fcmara kuju proportsioone. Just konkreetse oopali j\u00e4rgi luuakse kogu disain: k\u00f5rvar\u00f5ngaste suurus, krooni k\u00f5rgus, halo-teemantide paigutus ja \u00fcldine visuaalne tasakaal. Iga etapp n\u00f5uab \u00e4\u00e4rmiselt hoolikat ja professionaalset t\u00f6\u00f6d, et saavutada t\u00e4iuslik esteetika, mugavuse ja vastupidavuse kombinatsioon.<\/p>\n<p data-start=\"1266\" data-end=\"1363\">Oopaliga naelaukurid valmistatakse eritellimusel, seega saame kohandada:<\/p>\n<ul data-start=\"997\" data-end=\"1252\">\n<li data-start=\"997\" data-end=\"1056\">\n<p data-start=\"999\" data-end=\"1056\">mis tahes kullav\u00e4rvi (valge, kollane v\u00f5i punane),<\/p>\n<\/li>\n<li data-start=\"1057\" data-end=\"1103\">\n<p data-start=\"1059\" data-end=\"1103\">valitud kulla <a href=\"https:\/\/fashiongold.lt\/et\/patarimai-et\/kulla-proov-ehetele-kuidas-valida-oiget\/\">proovi<\/a> \u2013 585 v\u00f5i 750,<\/p>\n<\/li>\n<li data-start=\"1104\" data-end=\"1152\">\n<p data-start=\"1106\" data-end=\"1152\">teemantide erinevat suurust ja nende paigutust,<\/p>\n<\/li>\n<li data-start=\"1153\" data-end=\"1252\">\n<p data-start=\"1155\" data-end=\"1252\">oopali individuaalset varjundit \u2013 s\u00fcgavsinisest v\u00f5i mustast kuni eredamate, intensiivselt s\u00e4delevate variantideni.<\/p>\n<\/li>\n<\/ul>\n<p data-start=\"1636\" data-end=\"1885\">Valides k\u00f5rvar\u00f5ngad individuaalprojekti j\u00e4rgi, on k\u00f5ige olulisem see, mis sobib teie isiksuse, stiili ja elustiiliga. Sellistest k\u00f5rvar\u00f5ngastest saab mitte ainult peen ehe, vaid ka emotsionaalselt oluline juveliirdetail, millel on oma iseloom ja ajalugu.<\/p>\n<p data-start=\"1887\" data-end=\"2297\">Selles mudelis on valitud halo-disain, mis r\u00f5hutab delikaatselt tumeda oopali s\u00fcgavust ja v\u00e4rvim\u00e4ngu, andes k\u00f5rvar\u00f5ngastele luksuslikkuse ja ajatu elegantsi. V\u00e4ikesed teemandid raamivad elegantselt keskset oopalit, tugevdades valguse peegeldusi, samas kui v\u00e4\u00e4riskivi ise muutub kompositsiooni peamiseks aktsendiks. Oopalit on juba ammusest ajast seostatud intuitsiooni, loovuse, sisemise rahu ja emotsionaalse tasakaaluga.<\/p>\n<p data-start=\"2299\" data-end=\"2493\">K\u00f5ik tumeda oopaliga naelaukurid ja muud ehted on valmistatud Leedus ning neil on Leedu proovikoja sertifikaadid, mis tagavad metallide ehtsuse ja k\u00f5rgeima juveliriit\u00f6\u00f6 kvaliteedi.<\/p>\n<p data-start=\"2017\" data-end=\"2283\">See on juveliiri <a href=\"https:\/\/fashiongold.lt\/et\/patarimai-et\/juveliir-kui-teie-unistus-saab-kulla-kuju\/\">valmistatud<\/a> toode individuaalprojekti j\u00e4rgi neile, kes otsivad lisaks k\u00f5rvar\u00f5ngastele ka isiklikku lugu, mis on loodud kullast, teemantidest ja erakordsest oopalist. K\u00f5ik sellised k\u00f5rvar\u00f5ngad on ainulaadsed \u2013 loodud just teile ja teie valitud v\u00e4\u00e4riskivile.<\/p>\n<h4>Meie teenused<\/h4>\n<p>Pakume <a href=\"https:\/\/fashiongold.lt\/et\/kategorija\/ehete-valmistamine\/\" target=\"_self\" rel=\"noopener noreferrer\">individuaalset disaini, kus iga ehe luuakse teie ideede ja visiooni j\u00e4rgi<\/a>. Teostame ka restaureerimist, et teie kallid ehted s\u00e4raksid taas nagu uued. Iga meie looming ei ole ainult ehe, vaid ka teie isiksuse peegeldus. Iga meie t\u00f6\u00f6 on t\u00f5estus sellest, et kvaliteet ja loovus v\u00f5ivad k\u00e4ia k\u00e4sik\u00e4es.<\/p>\n<h4>Avatus ja garantii<\/h4>\n<p>Meie l\u00e4henemine on avatus ja siiras suhtlus iga kliendiga. Alates esimesest konsultatsioonist kuni ehte k\u00e4ttesaamiseni oleme teie k\u00f5rval, et aidata teid k\u00f5igis k\u00fcsimustes. Anname k\u00f5igile oma toodetele 5-aastase kvaliteedigarantii, nii et v\u00f5ite olla kindel nende usaldusv\u00e4\u00e4rsuses ja vastupidavuses. Meie garantii h\u00f5lmab k\u00f5iki tootmiskvaliteedi aspekte, et saaksite ehteid muretult nautida aastaid. Hoolitseme selle eest, et iga meie klient tunneks end kindlalt ja teaks, et meie ehted on usaldust v\u00e4\u00e4rt.<\/p>\n<h4>Tellimused ja konsultatsioonid<\/h4>\n<p>Kui soovite tellida eritellimusehet v\u00f5i konsulteerida oma ideede osas, on meie meeskond alati valmis teid aitama. Konsultatsiooni k\u00e4igus arutame teie visiooni, eelistusi ja pakume parimaid lahendusi, et valmistada teie ootustele vastavad ehted. P\u00f6\u00f6rame igale tellimusele erilist t\u00e4helepanu, mist\u00f5ttu saame pakkuda individuaalseid lahendusi nii kihluses\u00f5rmustele kui ka teistele ehetele. Ehete valmistamine kestab tavaliselt umbes 5 n\u00e4dalat, kuid p\u00fc\u00fcame alati, et teie ehted valmiksid v\u00f5imalikult kiiresti. V\u00f5tke meiega \u00fchendust \u2013 koos loome ehted, mis saavad osaks teie loost.<\/p>\n","protected":false},"excerpt":{"rendered":"<p>AI Juvelyras: oopalitega naelaukurid \u2013 valmistamine individuaalprojekti j\u00e4rgi \u00dcmara oopaliga naelaukurid on juveliiri loodud ja valmistatud individuaalprojekt, kus iga detail [&hellip;]<\/p>\n","protected":false},"featured_media":265736,"template":"","meta":{"site-sidebar-layout":"default","site-content-layout":"","ast-site-content-layout":"default","site-content-style":"default","site-sidebar-style":"default","ast-global-header-display":"","ast-banner-title-visibility":"","ast-main-header-display":"","ast-hfb-above-header-display":"","ast-hfb-below-header-display":"","ast-hfb-mobile-header-display":"","site-post-title":"","ast-breadcrumbs-content":"","ast-featured-img":"","footer-sml-layout":"","ast-disable-related-posts":"","theme-transparent-header-meta":"default","adv-header-id-meta":"","stick-header-meta":"","header-above-stick-meta":"","header-main-stick-meta":"","header-below-stick-meta":"","astra-migrate-meta-layouts":"default","ast-page-background-enabled":"default","ast-page-background-meta":{"desktop":{"background-color":"var(--ast-global-color-4)","background-image":"","background-repeat":"repeat","background-position":"center center","background-size":"auto","background-attachment":"scroll","background-type":"","background-media":"","overlay-type":"","overlay-color":"","overlay-opacity":"","overlay-gradient":""},"tablet":{"background-color":"","background-image":"","background-repeat":"repeat","background-position":"center center","background-size":"auto","background-attachment":"scroll","background-type":"","background-media":"","overlay-type":"","overlay-color":"","overlay-opacity":"","overlay-gradient":""},"mobile":{"background-color":"","background-image":"","background-repeat":"repeat","background-position":"center center","background-size":"auto","background-attachment":"scroll","background-type":"","background-media":"","overlay-type":"","overlay-color":"","overlay-opacity":"","overlay-gradient":""}},"ast-content-background-meta":{"desktop":{"background-color":"var(--ast-global-color-5)","background-image":"","background-repeat":"repeat","background-position":"center center","background-size":"auto","background-attachment":"scroll","background-type":"","background-media":"","overlay-type":"","overlay-color":"","overlay-opacity":"","overlay-gradient":""},"tablet":{"background-color":"var(--ast-global-color-5)","background-image":"","background-repeat":"repeat","background-position":"center center","background-size":"auto","background-attachment":"scroll","background-type":"","background-media":"","overlay-type":"","overlay-color":"","overlay-opacity":"","overlay-gradient":""},"mobile":{"background-color":"var(--ast-global-color-5)","background-image":"","background-repeat":"repeat","background-position":"center center","background-size":"auto","background-attachment":"scroll","background-type":"","background-media":"","overlay-type":"","overlay-color":"","overlay-opacity":"","overlay-gradient":""}}},"product_brand":[],"product_cat":[2838,2841,2830,2826,2839,2842,2829,2823,2828,2822,2824,2821,2969,2846,3055,2845,2968],"product_tag":[],"class_list":{"0":"post-271559","1":"product","2":"type-product","3":"status-publish","4":"has-post-thumbnail","6":"product_cat-ehete-valmistamine","7":"product_cat-ehted-naistele","8":"product_cat-emadepaeva-kingitused","9":"product_cat-joulukingid","10":"product_cat-juveliir","11":"product_cat-kingiideed","12":"product_cat-kingitused-erilisteks-puhkudeks","13":"product_cat-kingitused-lapse-sunni-puhul","14":"product_cat-kingitused-lopetamise-puhul","15":"product_cat-kingitused-naistele","16":"product_cat-kingitused-pulma-aastapaeva-puhul","17":"product_cat-kingitused-sunnipaevaks","18":"product_cat-naelkorvarongad","19":"product_cat-poolvaariskividega-ehted","20":"product_cat-punaste-vaariskividega-ehted","21":"product_cat-sobrapaeva-kingitused","22":"product_cat-vaariskividega-korvarongad","23":"desktop-align-center","24":"tablet-align-left","25":"mobile-align-left","26":"ast-product-gallery-layout-horizontal-slider","27":"ast-product-tabs-layout-accordion","28":"ast-qv-on-image","30":"first","31":"onbackorder","32":"taxable","33":"shipping-taxable","34":"purchasable","35":"product-type-simple"},"yoast_head":"<!-- This site is optimized with the Yoast SEO plugin v26.6 - https:\/\/yoast.com\/wordpress\/plugins\/seo\/ -->\n<title>K\u00f5rvar\u00f5ngad opaali ja teemantidega | Eritellimusel valmistamine<\/title>\n<meta name=\"description\" content=\"Halo-disainiga opaalide ja teemantidega n\u00f6\u00f6pk\u00f5rvar\u00f5ngad. Individuaalne ehete valmistamine, valik vastavalt teie stiilile ja k\u00f5rgeimad kvaliteedistandardid.\" \/>\n<meta name=\"robots\" content=\"index, follow, max-snippet:-1, max-image-preview:large, max-video-preview:-1\" \/>\n<link rel=\"canonical\" href=\"https:\/\/fashiongold.lt\/et\/papuosalas\/opaalid-opaalidega-korvarongad-ai-juveliir\/\" \/>\n<meta property=\"og:locale\" content=\"et_EE\" \/>\n<meta property=\"og:type\" content=\"article\" \/>\n<meta property=\"og:title\" content=\"K\u00f5rvar\u00f5ngad opaali ja teemantidega | Eritellimusel valmistamine\" \/>\n<meta property=\"og:description\" content=\"Halo-disainiga opaalide ja teemantidega n\u00f6\u00f6pk\u00f5rvar\u00f5ngad. Individuaalne ehete valmistamine, valik vastavalt teie stiilile ja k\u00f5rgeimad kvaliteedistandardid.\" \/>\n<meta property=\"og:url\" content=\"https:\/\/fashiongold.lt\/et\/papuosalas\/opaalid-opaalidega-korvarongad-ai-juveliir\/\" \/>\n<meta property=\"og:site_name\" content=\"FashionGold.lt\" \/>\n<meta property=\"og:image\" content=\"https:\/\/fashiongold.lt\/wp-content\/uploads\/2025\/12\/Auskaru-pora-halo-stiliaus-auskarai-su-apvaliais-juodais-opalais-apsuptais-deimantais-1024x683.png\" \/>\n\t<meta property=\"og:image:width\" content=\"1024\" \/>\n\t<meta property=\"og:image:height\" content=\"683\" \/>\n\t<meta property=\"og:image:type\" content=\"image\/png\" \/>\n<meta name=\"twitter:card\" content=\"summary_large_image\" \/>\n<meta name=\"twitter:label1\" content=\"Est. reading time\" \/>\n\t<meta name=\"twitter:data1\" content=\"3 minutit\" \/>\n<script type=\"application\/ld+json\" class=\"yoast-schema-graph\">{\"@context\":\"https:\/\/schema.org\",\"@graph\":[{\"@type\":\"WebPage\",\"@id\":\"https:\/\/fashiongold.lt\/et\/papuosalas\/opaalid-opaalidega-korvarongad-ai-juveliir\/\",\"url\":\"https:\/\/fashiongold.lt\/et\/papuosalas\/opaalid-opaalidega-korvarongad-ai-juveliir\/\",\"name\":\"K\u00f5rvar\u00f5ngad opaali ja teemantidega | Eritellimusel valmistamine\",\"isPartOf\":{\"@id\":\"https:\/\/fashiongold.lt\/et\/#website\"},\"primaryImageOfPage\":{\"@id\":\"https:\/\/fashiongold.lt\/et\/papuosalas\/opaalid-opaalidega-korvarongad-ai-juveliir\/#primaryimage\"},\"image\":{\"@id\":\"https:\/\/fashiongold.lt\/et\/papuosalas\/opaalid-opaalidega-korvarongad-ai-juveliir\/#primaryimage\"},\"thumbnailUrl\":\"https:\/\/fashiongold.lt\/wp-content\/uploads\/2025\/12\/Auskaru-pora-halo-stiliaus-auskarai-su-apvaliais-juodais-opalais-apsuptais-deimantais.png\",\"datePublished\":\"2025-12-28T11:23:09+00:00\",\"description\":\"Halo-disainiga opaalide ja teemantidega n\u00f6\u00f6pk\u00f5rvar\u00f5ngad. Individuaalne ehete valmistamine, valik vastavalt teie stiilile ja k\u00f5rgeimad kvaliteedistandardid.\",\"breadcrumb\":{\"@id\":\"https:\/\/fashiongold.lt\/et\/papuosalas\/opaalid-opaalidega-korvarongad-ai-juveliir\/#breadcrumb\"},\"inLanguage\":\"et\",\"potentialAction\":[{\"@type\":\"ReadAction\",\"target\":[\"https:\/\/fashiongold.lt\/et\/papuosalas\/opaalid-opaalidega-korvarongad-ai-juveliir\/\"]}]},{\"@type\":\"ImageObject\",\"inLanguage\":\"et\",\"@id\":\"https:\/\/fashiongold.lt\/et\/papuosalas\/opaalid-opaalidega-korvarongad-ai-juveliir\/#primaryimage\",\"url\":\"https:\/\/fashiongold.lt\/wp-content\/uploads\/2025\/12\/Auskaru-pora-halo-stiliaus-auskarai-su-apvaliais-juodais-opalais-apsuptais-deimantais.png\",\"contentUrl\":\"https:\/\/fashiongold.lt\/wp-content\/uploads\/2025\/12\/Auskaru-pora-halo-stiliaus-auskarai-su-apvaliais-juodais-opalais-apsuptais-deimantais.png\",\"width\":1536,\"height\":1024,\"caption\":\"Auskaru\u0328 pora halo stiliaus auskarai su apvaliais juodais opalais, apsuptais deimantais\"},{\"@type\":\"BreadcrumbList\",\"@id\":\"https:\/\/fashiongold.lt\/et\/papuosalas\/opaalid-opaalidega-korvarongad-ai-juveliir\/#breadcrumb\",\"itemListElement\":[{\"@type\":\"ListItem\",\"position\":1,\"name\":\"Home\",\"item\":\"https:\/\/fashiongold.lt\/et\/\"},{\"@type\":\"ListItem\",\"position\":2,\"name\":\"Teemantide pood Fashiongold.lt\",\"item\":\"https:\/\/fashiongold.lt\/shop-2\/\"},{\"@type\":\"ListItem\",\"position\":3,\"name\":\"Opaalid &#8211; Opaalidega k\u00f5rvar\u00f5ngad. AI Juveliir\"}]},{\"@type\":\"WebSite\",\"@id\":\"https:\/\/fashiongold.lt\/et\/#website\",\"url\":\"https:\/\/fashiongold.lt\/et\/\",\"name\":\"Fashion Gold\",\"description\":\"Juvelyrikos namai\",\"publisher\":{\"@id\":\"https:\/\/fashiongold.lt\/et\/#organization\"},\"potentialAction\":[{\"@type\":\"SearchAction\",\"target\":{\"@type\":\"EntryPoint\",\"urlTemplate\":\"https:\/\/fashiongold.lt\/et\/?s={search_term_string}\"},\"query-input\":{\"@type\":\"PropertyValueSpecification\",\"valueRequired\":true,\"valueName\":\"search_term_string\"}}],\"inLanguage\":\"et\"},{\"@type\":\"Organization\",\"@id\":\"https:\/\/fashiongold.lt\/et\/#organization\",\"name\":\"Topdiamonds Online\",\"url\":\"https:\/\/fashiongold.lt\/et\/\",\"logo\":{\"@type\":\"ImageObject\",\"inLanguage\":\"et\",\"@id\":\"https:\/\/fashiongold.lt\/et\/#\/schema\/logo\/image\/\",\"url\":\"https:\/\/fashiongold.lt\/wp-content\/uploads\/2025\/04\/cropped-fashion_gold_logotipas2-scaled-1.png\",\"contentUrl\":\"https:\/\/fashiongold.lt\/wp-content\/uploads\/2025\/04\/cropped-fashion_gold_logotipas2-scaled-1.png\",\"width\":2559,\"height\":421,\"caption\":\"Topdiamonds Online\"},\"image\":{\"@id\":\"https:\/\/fashiongold.lt\/et\/#\/schema\/logo\/image\/\"}}]}<\/script>\n<!-- \/ Yoast SEO plugin. -->","yoast_head_json":{"title":"K\u00f5rvar\u00f5ngad opaali ja teemantidega | Eritellimusel valmistamine","description":"Halo-disainiga opaalide ja teemantidega n\u00f6\u00f6pk\u00f5rvar\u00f5ngad. Individuaalne ehete valmistamine, valik vastavalt teie stiilile ja k\u00f5rgeimad kvaliteedistandardid.","robots":{"index":"index","follow":"follow","max-snippet":"max-snippet:-1","max-image-preview":"max-image-preview:large","max-video-preview":"max-video-preview:-1"},"canonical":"https:\/\/fashiongold.lt\/et\/papuosalas\/opaalid-opaalidega-korvarongad-ai-juveliir\/","og_locale":"et_EE","og_type":"article","og_title":"K\u00f5rvar\u00f5ngad opaali ja teemantidega | Eritellimusel valmistamine","og_description":"Halo-disainiga opaalide ja teemantidega n\u00f6\u00f6pk\u00f5rvar\u00f5ngad. Individuaalne ehete valmistamine, valik vastavalt teie stiilile ja k\u00f5rgeimad kvaliteedistandardid.","og_url":"https:\/\/fashiongold.lt\/et\/papuosalas\/opaalid-opaalidega-korvarongad-ai-juveliir\/","og_site_name":"FashionGold.lt","og_image":[{"width":1024,"height":683,"url":"https:\/\/fashiongold.lt\/wp-content\/uploads\/2025\/12\/Auskaru-pora-halo-stiliaus-auskarai-su-apvaliais-juodais-opalais-apsuptais-deimantais-1024x683.png","type":"image\/png"}],"twitter_card":"summary_large_image","twitter_misc":{"Est. reading time":"3 minutit"},"schema":{"@context":"https:\/\/schema.org","@graph":[{"@type":"WebPage","@id":"https:\/\/fashiongold.lt\/et\/papuosalas\/opaalid-opaalidega-korvarongad-ai-juveliir\/","url":"https:\/\/fashiongold.lt\/et\/papuosalas\/opaalid-opaalidega-korvarongad-ai-juveliir\/","name":"K\u00f5rvar\u00f5ngad opaali ja teemantidega | Eritellimusel valmistamine","isPartOf":{"@id":"https:\/\/fashiongold.lt\/et\/#website"},"primaryImageOfPage":{"@id":"https:\/\/fashiongold.lt\/et\/papuosalas\/opaalid-opaalidega-korvarongad-ai-juveliir\/#primaryimage"},"image":{"@id":"https:\/\/fashiongold.lt\/et\/papuosalas\/opaalid-opaalidega-korvarongad-ai-juveliir\/#primaryimage"},"thumbnailUrl":"https:\/\/fashiongold.lt\/wp-content\/uploads\/2025\/12\/Auskaru-pora-halo-stiliaus-auskarai-su-apvaliais-juodais-opalais-apsuptais-deimantais.png","datePublished":"2025-12-28T11:23:09+00:00","description":"Halo-disainiga opaalide ja teemantidega n\u00f6\u00f6pk\u00f5rvar\u00f5ngad. Individuaalne ehete valmistamine, valik vastavalt teie stiilile ja k\u00f5rgeimad kvaliteedistandardid.","breadcrumb":{"@id":"https:\/\/fashiongold.lt\/et\/papuosalas\/opaalid-opaalidega-korvarongad-ai-juveliir\/#breadcrumb"},"inLanguage":"et","potentialAction":[{"@type":"ReadAction","target":["https:\/\/fashiongold.lt\/et\/papuosalas\/opaalid-opaalidega-korvarongad-ai-juveliir\/"]}]},{"@type":"ImageObject","inLanguage":"et","@id":"https:\/\/fashiongold.lt\/et\/papuosalas\/opaalid-opaalidega-korvarongad-ai-juveliir\/#primaryimage","url":"https:\/\/fashiongold.lt\/wp-content\/uploads\/2025\/12\/Auskaru-pora-halo-stiliaus-auskarai-su-apvaliais-juodais-opalais-apsuptais-deimantais.png","contentUrl":"https:\/\/fashiongold.lt\/wp-content\/uploads\/2025\/12\/Auskaru-pora-halo-stiliaus-auskarai-su-apvaliais-juodais-opalais-apsuptais-deimantais.png","width":1536,"height":1024,"caption":"Auskaru\u0328 pora halo stiliaus auskarai su apvaliais juodais opalais, apsuptais deimantais"},{"@type":"BreadcrumbList","@id":"https:\/\/fashiongold.lt\/et\/papuosalas\/opaalid-opaalidega-korvarongad-ai-juveliir\/#breadcrumb","itemListElement":[{"@type":"ListItem","position":1,"name":"Home","item":"https:\/\/fashiongold.lt\/et\/"},{"@type":"ListItem","position":2,"name":"Teemantide pood Fashiongold.lt","item":"https:\/\/fashiongold.lt\/shop-2\/"},{"@type":"ListItem","position":3,"name":"Opaalid &#8211; Opaalidega k\u00f5rvar\u00f5ngad. AI Juveliir"}]},{"@type":"WebSite","@id":"https:\/\/fashiongold.lt\/et\/#website","url":"https:\/\/fashiongold.lt\/et\/","name":"Fashion Gold","description":"Juvelyrikos namai","publisher":{"@id":"https:\/\/fashiongold.lt\/et\/#organization"},"potentialAction":[{"@type":"SearchAction","target":{"@type":"EntryPoint","urlTemplate":"https:\/\/fashiongold.lt\/et\/?s={search_term_string}"},"query-input":{"@type":"PropertyValueSpecification","valueRequired":true,"valueName":"search_term_string"}}],"inLanguage":"et"},{"@type":"Organization","@id":"https:\/\/fashiongold.lt\/et\/#organization","name":"Topdiamonds Online","url":"https:\/\/fashiongold.lt\/et\/","logo":{"@type":"ImageObject","inLanguage":"et","@id":"https:\/\/fashiongold.lt\/et\/#\/schema\/logo\/image\/","url":"https:\/\/fashiongold.lt\/wp-content\/uploads\/2025\/04\/cropped-fashion_gold_logotipas2-scaled-1.png","contentUrl":"https:\/\/fashiongold.lt\/wp-content\/uploads\/2025\/04\/cropped-fashion_gold_logotipas2-scaled-1.png","width":2559,"height":421,"caption":"Topdiamonds Online"},"image":{"@id":"https:\/\/fashiongold.lt\/et\/#\/schema\/logo\/image\/"}}]}},"_links":{"self":[{"href":"https:\/\/fashiongold.lt\/et\/wp-json\/wp\/v2\/product\/271559","targetHints":{"allow":["GET"]}}],"collection":[{"href":"https:\/\/fashiongold.lt\/et\/wp-json\/wp\/v2\/product"}],"about":[{"href":"https:\/\/fashiongold.lt\/et\/wp-json\/wp\/v2\/types\/product"}],"version-history":[{"count":0,"href":"https:\/\/fashiongold.lt\/et\/wp-json\/wp\/v2\/product\/271559\/revisions"}],"wp:featuredmedia":[{"embeddable":true,"href":"https:\/\/fashiongold.lt\/et\/wp-json\/wp\/v2\/media\/265736"}],"wp:attachment":[{"href":"https:\/\/fashiongold.lt\/et\/wp-json\/wp\/v2\/media?parent=271559"}],"wp:term":[{"taxonomy":"product_brand","embeddable":true,"href":"https:\/\/fashiongold.lt\/et\/wp-json\/wp\/v2\/product_brand?post=271559"},{"taxonomy":"product_cat","embeddable":true,"href":"https:\/\/fashiongold.lt\/et\/wp-json\/wp\/v2\/product_cat?post=271559"},{"taxonomy":"product_tag","embeddable":true,"href":"https:\/\/fashiongold.lt\/et\/wp-json\/wp\/v2\/product_tag?post=271559"}],"curies":[{"name":"wp","href":"https:\/\/api.w.org\/{rel}","templated":true}]}}