{"id":271569,"date":"2025-12-28T19:53:21","date_gmt":"2025-12-28T19:53:21","guid":{"rendered":"https:\/\/fashiongold.lt\/papuosalas\/safiir-7-kollase-safiiriga-voo-tuupi-sormus-ai-juveliir\/"},"modified":"2025-12-28T19:53:21","modified_gmt":"2025-12-28T19:53:21","slug":"safiir-7-kollase-safiiriga-voo-tuupi-sormus-ai-juveliir","status":"publish","type":"product","link":"https:\/\/fashiongold.lt\/et\/papuosalas\/safiir-7-kollase-safiiriga-voo-tuupi-sormus-ai-juveliir\/","title":{"rendered":"Safiir &#8211; 7 kollase safiiriga v\u00f6\u00f6-t\u00fc\u00fcpi s\u00f5rmus. AI Juveliir"},"content":{"rendered":"<h2 data-start=\"295\" data-end=\"371\">AI Juveliir: seitsme kollase safiiriga rivis\u00f5rmus \u2013 valmistamine individuaalprojekti j\u00e4rgi<\/h2>\n<p data-start=\"80\" data-end=\"685\">See pooles ulatuses kollaste safiiridega rivis\u00f5rmus on juveliiri loodud ja valmistatud individuaalprojekt, kus iga detail on l\u00e4bi m\u00f5eldud, l\u00e4htudes valitud v\u00e4\u00e4riskivist \u2013 safiirist, mida iseloomustab erakordne tugevus, puhtus ja v\u00e4rvitoonide mitmekesisus. Tegemist ei ole seeriatootega, vaid ehtsa juveliirit\u00f6\u00f6ga, mis saab alguse ideest ja l\u00f5peb k\u00e4sitsi loodud ainulaadse s\u00f5rmusega. Juveliir valmistab individuaaltellimusel lisaks s\u00f5rmustele ka k\u00f5rvar\u00f5ngaid ja muid ehteid, r\u00f5hutades nende kvaliteeti ja erakordsust. Rohkem safiiri, selle v\u00e4rvide ja hinna kohta saate teada <a href=\"https:\/\/fashiongold.lt\/et\/safiir-tarkuse-rahu-ja-truuduse-kivi-ehtekunstis\/\">siit<\/a>.<\/p>\n<p data-start=\"687\" data-end=\"1206\">Safiiridega rivis\u00f5rmust projekteerides hindab juveliir esmalt safiiri omadusi \u2013 selle puhtust, v\u00e4rvi intensiivsust ja varjundit, mis v\u00f5ib varieeruda valgest, helesinisest kuni s\u00fcgava tumesinise v\u00f5i mustani. Just konkreetse safiiri j\u00e4rgi luuakse kogu disain: krooni k\u00f5rgus, safiiride paigutus, s\u00f5rmuse laius ja kuju. Iga s\u00f5rmus ja teised ehted n\u00f5uavad \u00e4\u00e4rmiselt hoolikat ja professionaalset t\u00f6\u00f6d, mis v\u00f5imaldab saavutada t\u00e4iusliku tasakaalu esteetika, mugavuse ja vastupidavuse vahel.<\/p>\n<p data-start=\"1208\" data-end=\"1312\">Pooles ulatuses safiiridega rivis\u00f5rmus valmistatakse individuaaltellimusel, seega saame kohandada:<\/p>\n<ul>\n<li>mis tahes <a href=\"https:\/\/fashiongold.lt\/et\/patarimai-et\/kulla-varv-mida-tasub-teada-erinevate-varjundite-ja-nende-omaduste-kohta\/\" target=\"_self\" rel=\"noopener noreferrer\">kullav\u00e4rvi<\/a> (valge, kollane v\u00f5i punane),<\/li>\n<li><a href=\"https:\/\/fashiongold.lt\/et\/patarimai-et\/kulla-proov-ehetele-kuidas-valida-oiget\/\" target=\"_self\" rel=\"noopener noreferrer\">soovitud kullaproovi 585 v\u00f5i 750<\/a>,<\/li>\n<li>akvamariinide erinevat suurust ja paigutust,<\/li>\n<li data-start=\"1302\" data-end=\"1414\">\n<p data-start=\"1304\" data-end=\"1414\">safiiri individuaalset varjundit \u2013 \u00f5rnast kuni s\u00fcgava toonini.<\/p>\n<\/li>\n<\/ul>\n<p data-start=\"1552\" data-end=\"1690\">Valides individuaalprojekti j\u00e4rgi safiiridega rivis\u00f5rmust, on k\u00f5ige olulisem see, mis vastab teie isiksusele, stiilile ja vajadustele.<\/p>\n<p data-start=\"1692\" data-end=\"1931\">Selles mudelis on valitud klassikaline disain, mis r\u00f5hutab delikaatselt safiiri s\u00e4ra ning annab s\u00f5rmusele t\u00e4iendavat luksuslikkust ja erakordsust. Safiirid tugevdavad elegantselt valguse m\u00e4ngu ning v\u00e4\u00e4riskivist endast saab talisman.<\/p>\n<p data-start=\"1933\" data-end=\"2044\">K\u00f5ik safiiridega s\u00f5rmused<span style=\"font-size: 16px;\"> ja <\/span><a style=\"font-size: 16px; background-color: #ffffff;\" href=\"https:\/\/fashiongold.lt\/kategorija\/proginiai-auskarai\/\" target=\"_self\" rel=\"noopener noreferrer\">teised ehted<\/a><span style=\"font-size: 16px;\"> on valmistatud Leedus ja neil on Leedu Proovikoja sertifikaadid.<\/span><\/p>\n<p>See on <a href=\"https:\/\/fashiongold.lt\/et\/patarimai-et\/juveliir-kui-teie-unistus-saab-kulla-kuju\/\" target=\"_self\" rel=\"noopener noreferrer\">juveliiri valmistatud individuaalprojekt<\/a> neile, kes otsivad lisaks s\u00f5rmusele ka kullast ja safiirist loodud isiklikku lugu. Iga selline safiiridega s\u00f5rmus on ainulaadne, kohandatud just teile ja teie valitud v\u00e4\u00e4riskivile. S\u00f5rmustel on eriline s\u00fcmboolne t\u00e4hendus \u2013 need on armastuse ja p\u00fchendumise s\u00fcmbolid ning individuaalne disain v\u00f5imaldab paljastada teie isikliku loo.<\/p>\n<h4>Meie teenused<\/h4>\n<p>Pakume <a href=\"https:\/\/fashiongold.lt\/et\/kategorija\/ehete-valmistamine\/\" target=\"_self\" rel=\"noopener noreferrer\">individuaalset disaini, kus iga ehe luuakse teie ideede ja visiooni p\u00f5hjal<\/a>. Teostame ka restaureerimist, et teie kallid ehted s\u00e4raksid taas nagu uued. Iga meie teos ei ole ainult ehe, vaid ka teie isiksuse peegeldus. Iga meie t\u00f6\u00f6 on t\u00f5estus sellest, et kvaliteet ja loovus saavad k\u00e4ia k\u00e4sik\u00e4es.<\/p>\n<h4>Avatus ja garantii<\/h4>\n<p>Meie l\u00e4henemine on avatus ja siiras suhtlus iga kliendiga. Esimesest konsultatsioonist kuni ehte l\u00f5pliku k\u00e4ttesaamiseni oleme teie k\u00f5rval, et aidata k\u00f5igi k\u00fcsimustega. Pakume k\u00f5igile oma toodetele 5-aastast kvaliteedigarantiid, seega v\u00f5ite olla kindlad nende usaldusv\u00e4\u00e4rsuses ja vastupidavuses. Meie garantii h\u00f5lmab k\u00f5iki tootmiskvaliteedi aspekte, et saaksite nautida ehteid muretult aastaid. Hoolitseme selle eest, et iga meie klient tunneks end kindlalt ja teaks, et meie ehted on usaldust v\u00e4\u00e4rt.<\/p>\n<h4>Tellimused ja konsultatsioonid<\/h4>\n<p>Kui soovite tellida individuaalse ehte v\u00f5i konsulteerida oma ideede osas, on meie meeskond alati valmis teid aitama. Konsultatsiooni k\u00e4igus arutame teie visiooni, soove ja pakume parimaid lahendusi, et saaksime valmistada teie ootustele vastavad ehted. P\u00f6\u00f6rame igale tellimusele erilist t\u00e4helepanu, mist\u00f5ttu saame pakkuda individuaalseid lahendusi nii kihlas\u00f5rmuste kui ka teiste ehete jaoks. Ehete valmistamine kestab tavaliselt umbes 5 n\u00e4dalat, kuid p\u00fc\u00fcame alati, et teie ehted saaksid valmis nii kiiresti kui v\u00f5imalik. V\u00f5tke meiega \u00fchendust \u2013 loome koos ehted, mis saavad osaks teie loost.<\/p>\n","protected":false},"excerpt":{"rendered":"<p>AI Juveliir: seitsme kollase safiiriga rivis\u00f5rmus \u2013 valmistamine individuaalprojekti j\u00e4rgi See pooles ulatuses kollaste safiiridega rivis\u00f5rmus on juveliiri loodud ja [&hellip;]<\/p>\n","protected":false},"featured_media":266100,"template":"","meta":{"site-sidebar-layout":"default","site-content-layout":"","ast-site-content-layout":"default","site-content-style":"default","site-sidebar-style":"default","ast-global-header-display":"","ast-banner-title-visibility":"","ast-main-header-display":"","ast-hfb-above-header-display":"","ast-hfb-below-header-display":"","ast-hfb-mobile-header-display":"","site-post-title":"","ast-breadcrumbs-content":"","ast-featured-img":"","footer-sml-layout":"","ast-disable-related-posts":"","theme-transparent-header-meta":"default","adv-header-id-meta":"","stick-header-meta":"","header-above-stick-meta":"","header-main-stick-meta":"","header-below-stick-meta":"","astra-migrate-meta-layouts":"default","ast-page-background-enabled":"default","ast-page-background-meta":{"desktop":{"background-color":"var(--ast-global-color-4)","background-image":"","background-repeat":"repeat","background-position":"center center","background-size":"auto","background-attachment":"scroll","background-type":"","background-media":"","overlay-type":"","overlay-color":"","overlay-opacity":"","overlay-gradient":""},"tablet":{"background-color":"","background-image":"","background-repeat":"repeat","background-position":"center center","background-size":"auto","background-attachment":"scroll","background-type":"","background-media":"","overlay-type":"","overlay-color":"","overlay-opacity":"","overlay-gradient":""},"mobile":{"background-color":"","background-image":"","background-repeat":"repeat","background-position":"center center","background-size":"auto","background-attachment":"scroll","background-type":"","background-media":"","overlay-type":"","overlay-color":"","overlay-opacity":"","overlay-gradient":""}},"ast-content-background-meta":{"desktop":{"background-color":"var(--ast-global-color-5)","background-image":"","background-repeat":"repeat","background-position":"center center","background-size":"auto","background-attachment":"scroll","background-type":"","background-media":"","overlay-type":"","overlay-color":"","overlay-opacity":"","overlay-gradient":""},"tablet":{"background-color":"var(--ast-global-color-5)","background-image":"","background-repeat":"repeat","background-position":"center center","background-size":"auto","background-attachment":"scroll","background-type":"","background-media":"","overlay-type":"","overlay-color":"","overlay-opacity":"","overlay-gradient":""},"mobile":{"background-color":"var(--ast-global-color-5)","background-image":"","background-repeat":"repeat","background-position":"center center","background-size":"auto","background-attachment":"scroll","background-type":"","background-media":"","overlay-type":"","overlay-color":"","overlay-opacity":"","overlay-gradient":""}}},"product_brand":[],"product_cat":[2838,2841,2830,2826,2839,2842,2829,2823,2828,2825,2822,2824,2821,2831,2836,2840,2846,2850,2843,2849,2844,2847,2845,2833,2835,2834,2848,2827,2832,2851],"product_tag":[],"class_list":{"0":"post-271569","1":"product","2":"type-product","3":"status-publish","4":"has-post-thumbnail","6":"product_cat-ehete-valmistamine","7":"product_cat-ehted-naistele","8":"product_cat-emadepaeva-kingitused","9":"product_cat-joulukingid","10":"product_cat-juveliir","11":"product_cat-kingiideed","12":"product_cat-kingitused-erilisteks-puhkudeks","13":"product_cat-kingitused-lapse-sunni-puhul","14":"product_cat-kingitused-lopetamise-puhul","15":"product_cat-kingitused-meestele","16":"product_cat-kingitused-naistele","17":"product_cat-kingitused-pulma-aastapaeva-puhul","18":"product_cat-kingitused-sunnipaevaks","19":"product_cat-kollasest-kullast-ehted","20":"product_cat-kollasest-kullast-teemantsormused","21":"product_cat-meeste-ehted","22":"product_cat-poolvaariskividega-ehted","23":"product_cat-punasest-kullast-teemantribad","24":"product_cat-safiir-ehted-safiiridega","25":"product_cat-safiiridega-sormused","26":"product_cat-safiiriga-kihlasormus","27":"product_cat-siniste-vaariskividega-ehted","28":"product_cat-sobrapaeva-kingitused","29":"product_cat-teemantribad","30":"product_cat-teemantribad-meestele","31":"product_cat-teemantribad-pooles-ulatuses","32":"product_cat-vaariskividega-sormused","33":"product_cat-valgest-kullast-ehted","34":"product_cat-valgest-kullast-teemantribad","35":"product_cat-vits-sormus-vaariskividega","36":"desktop-align-center","37":"tablet-align-left","38":"mobile-align-left","39":"ast-product-gallery-layout-horizontal-slider","40":"ast-product-tabs-layout-accordion","41":"ast-qv-on-image","43":"first","44":"onbackorder","45":"taxable","46":"shipping-taxable","47":"purchasable","48":"product-type-simple"},"yoast_head":"<!-- This site is optimized with the Yoast SEO plugin v26.6 - https:\/\/yoast.com\/wordpress\/plugins\/seo\/ -->\n<title>Juveliir: vits-s\u00f5rmus 7 kollase safiiriga<\/title>\n<meta name=\"description\" content=\"Kollaste safiiridega pool-igaviku s\u00f5rmus \u2013 peened helekollased toonid, individuaalne juvelierit\u00f6\u00f6 ja ajatu elegants\" \/>\n<meta name=\"robots\" content=\"index, follow, max-snippet:-1, max-image-preview:large, max-video-preview:-1\" \/>\n<link rel=\"canonical\" href=\"https:\/\/fashiongold.lt\/et\/papuosalas\/safiir-7-kollase-safiiriga-voo-tuupi-sormus-ai-juveliir\/\" \/>\n<meta property=\"og:locale\" content=\"et_EE\" \/>\n<meta property=\"og:type\" content=\"article\" \/>\n<meta property=\"og:title\" content=\"Juveliir: vits-s\u00f5rmus 7 kollase safiiriga\" \/>\n<meta property=\"og:description\" content=\"Kollaste safiiridega pool-igaviku s\u00f5rmus \u2013 peened helekollased toonid, individuaalne juvelierit\u00f6\u00f6 ja ajatu elegants\" \/>\n<meta property=\"og:url\" content=\"https:\/\/fashiongold.lt\/et\/papuosalas\/safiir-7-kollase-safiiriga-voo-tuupi-sormus-ai-juveliir\/\" \/>\n<meta property=\"og:site_name\" content=\"FashionGold.lt\" \/>\n<meta property=\"og:image\" content=\"https:\/\/fashiongold.lt\/wp-content\/uploads\/2025\/12\/Ziedas-juostele-su-7-geltonais-safyrais-raudonas-auksas-ant-stilingos-moters-rankos.webp\" \/>\n\t<meta property=\"og:image:width\" content=\"1024\" \/>\n\t<meta property=\"og:image:height\" content=\"1024\" \/>\n\t<meta property=\"og:image:type\" content=\"image\/png\" \/>\n<meta name=\"twitter:card\" content=\"summary_large_image\" \/>\n<meta name=\"twitter:label1\" content=\"Est. reading time\" \/>\n\t<meta name=\"twitter:data1\" content=\"3 minutit\" \/>\n<script type=\"application\/ld+json\" class=\"yoast-schema-graph\">{\"@context\":\"https:\/\/schema.org\",\"@graph\":[{\"@type\":\"WebPage\",\"@id\":\"https:\/\/fashiongold.lt\/et\/papuosalas\/safiir-7-kollase-safiiriga-voo-tuupi-sormus-ai-juveliir\/\",\"url\":\"https:\/\/fashiongold.lt\/et\/papuosalas\/safiir-7-kollase-safiiriga-voo-tuupi-sormus-ai-juveliir\/\",\"name\":\"Juveliir: vits-s\u00f5rmus 7 kollase safiiriga\",\"isPartOf\":{\"@id\":\"https:\/\/fashiongold.lt\/et\/#website\"},\"primaryImageOfPage\":{\"@id\":\"https:\/\/fashiongold.lt\/et\/papuosalas\/safiir-7-kollase-safiiriga-voo-tuupi-sormus-ai-juveliir\/#primaryimage\"},\"image\":{\"@id\":\"https:\/\/fashiongold.lt\/et\/papuosalas\/safiir-7-kollase-safiiriga-voo-tuupi-sormus-ai-juveliir\/#primaryimage\"},\"thumbnailUrl\":\"https:\/\/fashiongold.lt\/wp-content\/uploads\/2025\/12\/Ziedas-juostele-su-7-geltonais-safyrais-raudonas-auksas-ant-stilingos-moters-rankos.png\",\"datePublished\":\"2025-12-28T19:53:21+00:00\",\"description\":\"Kollaste safiiridega pool-igaviku s\u00f5rmus \u2013 peened helekollased toonid, individuaalne juvelierit\u00f6\u00f6 ja ajatu elegants\",\"breadcrumb\":{\"@id\":\"https:\/\/fashiongold.lt\/et\/papuosalas\/safiir-7-kollase-safiiriga-voo-tuupi-sormus-ai-juveliir\/#breadcrumb\"},\"inLanguage\":\"et\",\"potentialAction\":[{\"@type\":\"ReadAction\",\"target\":[\"https:\/\/fashiongold.lt\/et\/papuosalas\/safiir-7-kollase-safiiriga-voo-tuupi-sormus-ai-juveliir\/\"]}]},{\"@type\":\"ImageObject\",\"inLanguage\":\"et\",\"@id\":\"https:\/\/fashiongold.lt\/et\/papuosalas\/safiir-7-kollase-safiiriga-voo-tuupi-sormus-ai-juveliir\/#primaryimage\",\"url\":\"https:\/\/fashiongold.lt\/wp-content\/uploads\/2025\/12\/Ziedas-juostele-su-7-geltonais-safyrais-raudonas-auksas-ant-stilingos-moters-rankos.png\",\"contentUrl\":\"https:\/\/fashiongold.lt\/wp-content\/uploads\/2025\/12\/Ziedas-juostele-su-7-geltonais-safyrais-raudonas-auksas-ant-stilingos-moters-rankos.png\",\"width\":1024,\"height\":1024,\"caption\":\"\u017diedas juostel\u0117 su 7 geltonais safyrais raudonas auksas ant stilingos moters rankos\"},{\"@type\":\"BreadcrumbList\",\"@id\":\"https:\/\/fashiongold.lt\/et\/papuosalas\/safiir-7-kollase-safiiriga-voo-tuupi-sormus-ai-juveliir\/#breadcrumb\",\"itemListElement\":[{\"@type\":\"ListItem\",\"position\":1,\"name\":\"Home\",\"item\":\"https:\/\/fashiongold.lt\/et\/\"},{\"@type\":\"ListItem\",\"position\":2,\"name\":\"Teemantide pood Fashiongold.lt\",\"item\":\"https:\/\/fashiongold.lt\/shop-2\/\"},{\"@type\":\"ListItem\",\"position\":3,\"name\":\"Safiir &#8211; 7 kollase safiiriga v\u00f6\u00f6-t\u00fc\u00fcpi s\u00f5rmus. AI Juveliir\"}]},{\"@type\":\"WebSite\",\"@id\":\"https:\/\/fashiongold.lt\/et\/#website\",\"url\":\"https:\/\/fashiongold.lt\/et\/\",\"name\":\"Fashion Gold\",\"description\":\"Juvelyrikos namai\",\"publisher\":{\"@id\":\"https:\/\/fashiongold.lt\/et\/#organization\"},\"potentialAction\":[{\"@type\":\"SearchAction\",\"target\":{\"@type\":\"EntryPoint\",\"urlTemplate\":\"https:\/\/fashiongold.lt\/et\/?s={search_term_string}\"},\"query-input\":{\"@type\":\"PropertyValueSpecification\",\"valueRequired\":true,\"valueName\":\"search_term_string\"}}],\"inLanguage\":\"et\"},{\"@type\":\"Organization\",\"@id\":\"https:\/\/fashiongold.lt\/et\/#organization\",\"name\":\"Topdiamonds Online\",\"url\":\"https:\/\/fashiongold.lt\/et\/\",\"logo\":{\"@type\":\"ImageObject\",\"inLanguage\":\"et\",\"@id\":\"https:\/\/fashiongold.lt\/et\/#\/schema\/logo\/image\/\",\"url\":\"https:\/\/fashiongold.lt\/wp-content\/uploads\/2025\/04\/cropped-fashion_gold_logotipas2-scaled-1.png\",\"contentUrl\":\"https:\/\/fashiongold.lt\/wp-content\/uploads\/2025\/04\/cropped-fashion_gold_logotipas2-scaled-1.png\",\"width\":2559,\"height\":421,\"caption\":\"Topdiamonds Online\"},\"image\":{\"@id\":\"https:\/\/fashiongold.lt\/et\/#\/schema\/logo\/image\/\"}}]}<\/script>\n<!-- \/ Yoast SEO plugin. -->","yoast_head_json":{"title":"Juveliir: vits-s\u00f5rmus 7 kollase safiiriga","description":"Kollaste safiiridega pool-igaviku s\u00f5rmus \u2013 peened helekollased toonid, individuaalne juvelierit\u00f6\u00f6 ja ajatu elegants","robots":{"index":"index","follow":"follow","max-snippet":"max-snippet:-1","max-image-preview":"max-image-preview:large","max-video-preview":"max-video-preview:-1"},"canonical":"https:\/\/fashiongold.lt\/et\/papuosalas\/safiir-7-kollase-safiiriga-voo-tuupi-sormus-ai-juveliir\/","og_locale":"et_EE","og_type":"article","og_title":"Juveliir: vits-s\u00f5rmus 7 kollase safiiriga","og_description":"Kollaste safiiridega pool-igaviku s\u00f5rmus \u2013 peened helekollased toonid, individuaalne juvelierit\u00f6\u00f6 ja ajatu elegants","og_url":"https:\/\/fashiongold.lt\/et\/papuosalas\/safiir-7-kollase-safiiriga-voo-tuupi-sormus-ai-juveliir\/","og_site_name":"FashionGold.lt","og_image":[{"width":1024,"height":1024,"url":"https:\/\/fashiongold.lt\/wp-content\/uploads\/2025\/12\/Ziedas-juostele-su-7-geltonais-safyrais-raudonas-auksas-ant-stilingos-moters-rankos.webp","type":"image\/png"}],"twitter_card":"summary_large_image","twitter_misc":{"Est. reading time":"3 minutit"},"schema":{"@context":"https:\/\/schema.org","@graph":[{"@type":"WebPage","@id":"https:\/\/fashiongold.lt\/et\/papuosalas\/safiir-7-kollase-safiiriga-voo-tuupi-sormus-ai-juveliir\/","url":"https:\/\/fashiongold.lt\/et\/papuosalas\/safiir-7-kollase-safiiriga-voo-tuupi-sormus-ai-juveliir\/","name":"Juveliir: vits-s\u00f5rmus 7 kollase safiiriga","isPartOf":{"@id":"https:\/\/fashiongold.lt\/et\/#website"},"primaryImageOfPage":{"@id":"https:\/\/fashiongold.lt\/et\/papuosalas\/safiir-7-kollase-safiiriga-voo-tuupi-sormus-ai-juveliir\/#primaryimage"},"image":{"@id":"https:\/\/fashiongold.lt\/et\/papuosalas\/safiir-7-kollase-safiiriga-voo-tuupi-sormus-ai-juveliir\/#primaryimage"},"thumbnailUrl":"https:\/\/fashiongold.lt\/wp-content\/uploads\/2025\/12\/Ziedas-juostele-su-7-geltonais-safyrais-raudonas-auksas-ant-stilingos-moters-rankos.png","datePublished":"2025-12-28T19:53:21+00:00","description":"Kollaste safiiridega pool-igaviku s\u00f5rmus \u2013 peened helekollased toonid, individuaalne juvelierit\u00f6\u00f6 ja ajatu elegants","breadcrumb":{"@id":"https:\/\/fashiongold.lt\/et\/papuosalas\/safiir-7-kollase-safiiriga-voo-tuupi-sormus-ai-juveliir\/#breadcrumb"},"inLanguage":"et","potentialAction":[{"@type":"ReadAction","target":["https:\/\/fashiongold.lt\/et\/papuosalas\/safiir-7-kollase-safiiriga-voo-tuupi-sormus-ai-juveliir\/"]}]},{"@type":"ImageObject","inLanguage":"et","@id":"https:\/\/fashiongold.lt\/et\/papuosalas\/safiir-7-kollase-safiiriga-voo-tuupi-sormus-ai-juveliir\/#primaryimage","url":"https:\/\/fashiongold.lt\/wp-content\/uploads\/2025\/12\/Ziedas-juostele-su-7-geltonais-safyrais-raudonas-auksas-ant-stilingos-moters-rankos.png","contentUrl":"https:\/\/fashiongold.lt\/wp-content\/uploads\/2025\/12\/Ziedas-juostele-su-7-geltonais-safyrais-raudonas-auksas-ant-stilingos-moters-rankos.png","width":1024,"height":1024,"caption":"\u017diedas juostel\u0117 su 7 geltonais safyrais raudonas auksas ant stilingos moters rankos"},{"@type":"BreadcrumbList","@id":"https:\/\/fashiongold.lt\/et\/papuosalas\/safiir-7-kollase-safiiriga-voo-tuupi-sormus-ai-juveliir\/#breadcrumb","itemListElement":[{"@type":"ListItem","position":1,"name":"Home","item":"https:\/\/fashiongold.lt\/et\/"},{"@type":"ListItem","position":2,"name":"Teemantide pood Fashiongold.lt","item":"https:\/\/fashiongold.lt\/shop-2\/"},{"@type":"ListItem","position":3,"name":"Safiir &#8211; 7 kollase safiiriga v\u00f6\u00f6-t\u00fc\u00fcpi s\u00f5rmus. AI Juveliir"}]},{"@type":"WebSite","@id":"https:\/\/fashiongold.lt\/et\/#website","url":"https:\/\/fashiongold.lt\/et\/","name":"Fashion Gold","description":"Juvelyrikos namai","publisher":{"@id":"https:\/\/fashiongold.lt\/et\/#organization"},"potentialAction":[{"@type":"SearchAction","target":{"@type":"EntryPoint","urlTemplate":"https:\/\/fashiongold.lt\/et\/?s={search_term_string}"},"query-input":{"@type":"PropertyValueSpecification","valueRequired":true,"valueName":"search_term_string"}}],"inLanguage":"et"},{"@type":"Organization","@id":"https:\/\/fashiongold.lt\/et\/#organization","name":"Topdiamonds Online","url":"https:\/\/fashiongold.lt\/et\/","logo":{"@type":"ImageObject","inLanguage":"et","@id":"https:\/\/fashiongold.lt\/et\/#\/schema\/logo\/image\/","url":"https:\/\/fashiongold.lt\/wp-content\/uploads\/2025\/04\/cropped-fashion_gold_logotipas2-scaled-1.png","contentUrl":"https:\/\/fashiongold.lt\/wp-content\/uploads\/2025\/04\/cropped-fashion_gold_logotipas2-scaled-1.png","width":2559,"height":421,"caption":"Topdiamonds Online"},"image":{"@id":"https:\/\/fashiongold.lt\/et\/#\/schema\/logo\/image\/"}}]}},"_links":{"self":[{"href":"https:\/\/fashiongold.lt\/et\/wp-json\/wp\/v2\/product\/271569","targetHints":{"allow":["GET"]}}],"collection":[{"href":"https:\/\/fashiongold.lt\/et\/wp-json\/wp\/v2\/product"}],"about":[{"href":"https:\/\/fashiongold.lt\/et\/wp-json\/wp\/v2\/types\/product"}],"version-history":[{"count":0,"href":"https:\/\/fashiongold.lt\/et\/wp-json\/wp\/v2\/product\/271569\/revisions"}],"wp:featuredmedia":[{"embeddable":true,"href":"https:\/\/fashiongold.lt\/et\/wp-json\/wp\/v2\/media\/266100"}],"wp:attachment":[{"href":"https:\/\/fashiongold.lt\/et\/wp-json\/wp\/v2\/media?parent=271569"}],"wp:term":[{"taxonomy":"product_brand","embeddable":true,"href":"https:\/\/fashiongold.lt\/et\/wp-json\/wp\/v2\/product_brand?post=271569"},{"taxonomy":"product_cat","embeddable":true,"href":"https:\/\/fashiongold.lt\/et\/wp-json\/wp\/v2\/product_cat?post=271569"},{"taxonomy":"product_tag","embeddable":true,"href":"https:\/\/fashiongold.lt\/et\/wp-json\/wp\/v2\/product_tag?post=271569"}],"curies":[{"name":"wp","href":"https:\/\/api.w.org\/{rel}","templated":true}]}}