{"id":271587,"date":"2025-12-28T13:59:54","date_gmt":"2025-12-28T13:59:54","guid":{"rendered":"https:\/\/fashiongold.lt\/papuosalas\/ametust-ovaalse-kujuga-ametustiga-sormus-ai-juveliir\/"},"modified":"2025-12-28T13:59:54","modified_gmt":"2025-12-28T13:59:54","slug":"ametust-ovaalse-kujuga-ametustiga-sormus-ai-juveliir","status":"publish","type":"product","link":"https:\/\/fashiongold.lt\/et\/papuosalas\/ametust-ovaalse-kujuga-ametustiga-sormus-ai-juveliir\/","title":{"rendered":"Amet\u00fcst &#8211; Ovaalse kujuga amet\u00fcstiga s\u00f5rmus. AI Juveliir"},"content":{"rendered":"<h2 data-start=\"393\" data-end=\"492\">AI Juveliir: ovaalse ametistiga s\u00f5rmus \u2013 valmistamine individuaalprojekti j\u00e4rgi<\/h2>\n<p data-start=\"494\" data-end=\"936\">See ovaalse ametisti ja teemantidega s\u00f5rmus on juveliiri loodud ja valmistatud individuaalprojekt, kus iga detail on l\u00e4bi m\u00f5eldud, l\u00e4htudes valitud v\u00e4\u00e4riskivist \u2013 ametistist. Tegemist ei ole seeriaviisilise tootega, vaid t\u00f5elise juvelierit\u00f6\u00f6ga, mis saab alguse ideest ja l\u00f5peb k\u00e4sitsi valminud kordumatu s\u00f5rmusega. Juveliir valmistab individuaaltellimuse alusel mitte ainult s\u00f5rmuseid, vaid ka k\u00f5rvar\u00f5ngaid, r\u00f5hutades nende kvaliteeti ja erakordsust.<\/p>\n<p data-start=\"938\" data-end=\"1406\">Ametisti ja teemantidega s\u00f5rmuse projekteerimisel hindab juveliir esmalt ametisti omadusi \u2013 selle lillat v\u00e4rvi, puhtust, kuju ja proportsioone. Just konkreetse ametisti j\u00e4rgi luuakse kogu disain: krooni k\u00f5rgus, halo-teemantide paigutus, laius ja kuju. Iga s\u00f5rmus ja muu ehe n\u00f5uab \u00e4\u00e4rmiselt hoolikat ja professionaalset t\u00f6\u00f6d, mis v\u00f5imaldab saavutada t\u00e4iusliku tasakaalu esteetika, mugavuse ja vastupidavuse vahel.<\/p>\n<p data-start=\"1408\" data-end=\"1517\">Ametisti ja teemantidega s\u00f5rmus valmistatakse individuaaltellimusel, seega saame kohandada:<\/p>\n<ul>\n<li>mis tahes <a href=\"https:\/\/fashiongold.lt\/et\/patarimai-et\/kulla-varv-mida-tasub-teada-erinevate-varjundite-ja-nende-omaduste-kohta\/\" target=\"_self\" rel=\"noopener noreferrer\">kullav\u00e4rvi<\/a> (valget, kollast v\u00f5i punast),<\/li>\n<li><a href=\"https:\/\/fashiongold.lt\/et\/patarimai-et\/kulla-proov-ehetele-kuidas-valida-oiget\/\" target=\"_self\" rel=\"noopener noreferrer\">soovitud kullaproovi 585 v\u00f5i 750<\/a>,<\/li>\n<li>teemantide erinevat suurust ja paigutust,<\/li>\n<li data-start=\"1302\" data-end=\"1414\">\n<p data-start=\"1304\" data-end=\"1414\">ametisti individuaalset tooni \u2013 \u00f5rnast sirelilillast kuni s\u00fcgava kuningliku lilla v\u00f5i purpurse toonini.<\/p>\n<\/li>\n<\/ul>\n<p data-start=\"1416\" data-end=\"1550\">Valides ametisti ja teemantidega s\u00f5rmust individuaalprojekti j\u00e4rgi, on k\u00f5ige olulisem see, mis vastab teie isiksusele, stiilile ja vajadustele.<\/p>\n<p data-start=\"1552\" data-end=\"1974\">Selles mudelis on valitud halo-disain, mis mitte ainult ei r\u00f5huta ametisti s\u00e4ra, vaid annab s\u00f5rmusele ka rohkem luksuslikkust ja eksklusiivsust. V\u00e4ikesed teemandid raamivad delikaatselt keskset kivi ja tugevdavad valguse m\u00e4ngu, samas kui v\u00e4\u00e4riskivi ise \u2013 ametist \u2013 muutub kompositsiooni peamiseks aktsendiks. Eksklusiivsete v\u00e4\u00e4riskivide seas tasub mainida ka <a href=\"https:\/\/fashiongold.lt\/et\/patarimai-et\/safiir-safiiri-omadused-ja-unikaalsus-mida-on-vaja-teada\/\">safiiri<\/a>.<\/p>\n<p>K\u00f5ik ametisti ja teemant\u00e4\u00e4risega s\u00f5rmused ning <a href=\"https:\/\/fashiongold.lt\/kategorija\/proginiai-auskarai\/\" target=\"_self\" rel=\"noopener noreferrer\">muud ehted<\/a> on valmistatud Leedus ja neil on Leedu proovikoja sertifikaadid.<\/p>\n<p>See on <a href=\"https:\/\/fashiongold.lt\/et\/patarimai-et\/juveliir-kui-teie-unistus-saab-kulla-kuju\/\" target=\"_self\" rel=\"noopener noreferrer\">juveliiri valmistatud individuaalprojekt<\/a> neile, kes otsivad lisaks ripatsile ka kullast, teemantidest ja ametistist loodud isiklikku lugu. Iga selline ametisti ja teemant\u00e4\u00e4risega s\u00f5rmus on ainulaadne, kohandatud just teile ja teie valitud v\u00e4\u00e4riskivile. S\u00f5rmustel on eriline s\u00fcmbolv\u00e4\u00e4rtus \u2013 need on armastuse ja p\u00fchendumuse s\u00fcmbolid ning individuaalne disain v\u00f5imaldab paljastada teie isikliku loo.<\/p>\n<h4>Meie teenused<\/h4>\n<p>Pakume <a href=\"https:\/\/fashiongold.lt\/et\/kategorija\/ehete-valmistamine\/\" target=\"_self\" rel=\"noopener noreferrer\">individuaalset disaini, kus iga ehe luuakse teie ideede ja visiooni p\u00f5hjal<\/a>. Teostame ka restaureerimist, et teie kallid ehted s\u00e4raksid taas nagu uued. Iga meie looming ei ole ainult ehe, vaid ka teie isiksuse peegeldus. Iga meie t\u00f6\u00f6 on t\u00f5estus sellest, et kvaliteet ja loovus v\u00f5ivad k\u00e4ia k\u00e4sik\u00e4es.<\/p>\n<h4>Avatus ja garantii<\/h4>\n<p>Meie l\u00e4henemine on avatus ja siiras suhtlus iga kliendiga. Alates esimesest konsultatsioonist kuni ehte l\u00f5pliku k\u00e4ttesaamiseni oleme teie k\u00f5rval, et aidata k\u00f5igis k\u00fcsimustes. Pakume k\u00f5igile oma toodetele 5-aastast kvaliteedigarantii, nii et v\u00f5ite olla kindlad nende usaldusv\u00e4\u00e4rsuses ja vastupidavuses. Meie garantii h\u00f5lmab k\u00f5iki valmistamise kvaliteedi aspekte, et saaksite nautida ehteid muretult aastaid. Hoolitseme selle eest, et iga meie klient tunneks end kindlalt ja teaks, et meie ehted on usaldust v\u00e4\u00e4rt.<\/p>\n<h4>Tellimused ja konsultatsioonid<\/h4>\n<p>Kui soovite tellida individuaalset ehet v\u00f5i konsulteerida oma ideede osas, on meie meeskond alati valmis teid aitama. Konsultatsiooni k\u00e4igus arutame teie visiooni ja soove ning pakume parimaid lahendusi, et saaksime valmistada ehteid, mis vastavad teie ootustele. P\u00f6\u00f6rame erilist t\u00e4helepanu igale tellimusele, pakkudes individuaalseid lahendusi nii kihlas\u00f5rmuste kui ka muude ehete puhul. Ehete valmistamine kestab tavaliselt umbes 5 n\u00e4dalat, kuid p\u00fc\u00fcame alati, et teie ehted saaksid valmis nii kiiresti kui v\u00f5imalik. V\u00f5tke meiega \u00fchendust \u2013 koos loome ehted, millest saab osa teie loost.<\/p>\n","protected":false},"excerpt":{"rendered":"<p>AI Juveliir: ovaalse ametistiga s\u00f5rmus \u2013 valmistamine individuaalprojekti j\u00e4rgi See ovaalse ametisti ja teemantidega s\u00f5rmus on juveliiri loodud ja valmistatud [&hellip;]<\/p>\n","protected":false},"featured_media":265862,"template":"","meta":{"site-sidebar-layout":"default","site-content-layout":"","ast-site-content-layout":"default","site-content-style":"default","site-sidebar-style":"default","ast-global-header-display":"","ast-banner-title-visibility":"","ast-main-header-display":"","ast-hfb-above-header-display":"","ast-hfb-below-header-display":"","ast-hfb-mobile-header-display":"","site-post-title":"","ast-breadcrumbs-content":"","ast-featured-img":"","footer-sml-layout":"","ast-disable-related-posts":"","theme-transparent-header-meta":"default","adv-header-id-meta":"","stick-header-meta":"","header-above-stick-meta":"","header-main-stick-meta":"","header-below-stick-meta":"","astra-migrate-meta-layouts":"default","ast-page-background-enabled":"default","ast-page-background-meta":{"desktop":{"background-color":"var(--ast-global-color-4)","background-image":"","background-repeat":"repeat","background-position":"center center","background-size":"auto","background-attachment":"scroll","background-type":"","background-media":"","overlay-type":"","overlay-color":"","overlay-opacity":"","overlay-gradient":""},"tablet":{"background-color":"","background-image":"","background-repeat":"repeat","background-position":"center center","background-size":"auto","background-attachment":"scroll","background-type":"","background-media":"","overlay-type":"","overlay-color":"","overlay-opacity":"","overlay-gradient":""},"mobile":{"background-color":"","background-image":"","background-repeat":"repeat","background-position":"center center","background-size":"auto","background-attachment":"scroll","background-type":"","background-media":"","overlay-type":"","overlay-color":"","overlay-opacity":"","overlay-gradient":""}},"ast-content-background-meta":{"desktop":{"background-color":"var(--ast-global-color-5)","background-image":"","background-repeat":"repeat","background-position":"center center","background-size":"auto","background-attachment":"scroll","background-type":"","background-media":"","overlay-type":"","overlay-color":"","overlay-opacity":"","overlay-gradient":""},"tablet":{"background-color":"var(--ast-global-color-5)","background-image":"","background-repeat":"repeat","background-position":"center center","background-size":"auto","background-attachment":"scroll","background-type":"","background-media":"","overlay-type":"","overlay-color":"","overlay-opacity":"","overlay-gradient":""},"mobile":{"background-color":"var(--ast-global-color-5)","background-image":"","background-repeat":"repeat","background-position":"center center","background-size":"auto","background-attachment":"scroll","background-type":"","background-media":"","overlay-type":"","overlay-color":"","overlay-opacity":"","overlay-gradient":""}}},"product_brand":[],"product_cat":[2838,2841,2830,2826,2839,2842,2829,2823,2828,2822,2824,2821,2831,2988],"product_tag":[],"class_list":{"0":"post-271587","1":"product","2":"type-product","3":"status-publish","4":"has-post-thumbnail","6":"product_cat-ehete-valmistamine","7":"product_cat-ehted-naistele","8":"product_cat-emadepaeva-kingitused","9":"product_cat-joulukingid","10":"product_cat-juveliir","11":"product_cat-kingiideed","12":"product_cat-kingitused-erilisteks-puhkudeks","13":"product_cat-kingitused-lapse-sunni-puhul","14":"product_cat-kingitused-lopetamise-puhul","15":"product_cat-kingitused-naistele","16":"product_cat-kingitused-pulma-aastapaeva-puhul","17":"product_cat-kingitused-sunnipaevaks","18":"product_cat-kollasest-kullast-ehted","19":"product_cat-lillade-vaariskividega-ehted","20":"desktop-align-center","21":"tablet-align-left","22":"mobile-align-left","23":"ast-product-gallery-layout-horizontal-slider","24":"ast-product-tabs-layout-accordion","25":"ast-qv-on-image","27":"first","28":"onbackorder","29":"taxable","30":"shipping-taxable","31":"purchasable","32":"product-type-simple"},"yoast_head":"<!-- This site is optimized with the Yoast SEO plugin v26.6 - https:\/\/yoast.com\/wordpress\/plugins\/seo\/ -->\n<title>Juveliir: amet\u00fcstiga s\u00f5rmus \u2013 eritellimusel valmistamine<\/title>\n<meta name=\"description\" content=\"K\u00e4sit\u00f6\u00f6na valminud ametistiga s\u00f5rmus individuaalprojekti j\u00e4rgi. Valige kulla v\u00e4rv, proov, teemandid ja eksklusiivne disain.\" \/>\n<meta name=\"robots\" content=\"index, follow, max-snippet:-1, max-image-preview:large, max-video-preview:-1\" \/>\n<link rel=\"canonical\" href=\"https:\/\/fashiongold.lt\/et\/papuosalas\/ametust-ovaalse-kujuga-ametustiga-sormus-ai-juveliir\/\" \/>\n<meta property=\"og:locale\" content=\"et_EE\" \/>\n<meta property=\"og:type\" content=\"article\" \/>\n<meta property=\"og:title\" content=\"Juveliir: amet\u00fcstiga s\u00f5rmus \u2013 eritellimusel valmistamine\" \/>\n<meta property=\"og:description\" content=\"K\u00e4sit\u00f6\u00f6na valminud ametistiga s\u00f5rmus individuaalprojekti j\u00e4rgi. Valige kulla v\u00e4rv, proov, teemandid ja eksklusiivne disain.\" \/>\n<meta property=\"og:url\" content=\"https:\/\/fashiongold.lt\/et\/papuosalas\/ametust-ovaalse-kujuga-ametustiga-sormus-ai-juveliir\/\" \/>\n<meta property=\"og:site_name\" content=\"FashionGold.lt\" \/>\n<meta property=\"og:image\" content=\"https:\/\/fashiongold.lt\/wp-content\/uploads\/2025\/12\/Auksinis-ziedas-su-ovalios-formos-violetiniu-ametistu-1024x683.png\" \/>\n\t<meta property=\"og:image:width\" content=\"1024\" \/>\n\t<meta property=\"og:image:height\" content=\"683\" \/>\n\t<meta property=\"og:image:type\" content=\"image\/png\" \/>\n<meta name=\"twitter:card\" content=\"summary_large_image\" \/>\n<meta name=\"twitter:label1\" content=\"Est. reading time\" \/>\n\t<meta name=\"twitter:data1\" content=\"3 minutit\" \/>\n<script type=\"application\/ld+json\" class=\"yoast-schema-graph\">{\"@context\":\"https:\/\/schema.org\",\"@graph\":[{\"@type\":\"WebPage\",\"@id\":\"https:\/\/fashiongold.lt\/et\/papuosalas\/ametust-ovaalse-kujuga-ametustiga-sormus-ai-juveliir\/\",\"url\":\"https:\/\/fashiongold.lt\/et\/papuosalas\/ametust-ovaalse-kujuga-ametustiga-sormus-ai-juveliir\/\",\"name\":\"Juveliir: amet\u00fcstiga s\u00f5rmus \u2013 eritellimusel valmistamine\",\"isPartOf\":{\"@id\":\"https:\/\/fashiongold.lt\/et\/#website\"},\"primaryImageOfPage\":{\"@id\":\"https:\/\/fashiongold.lt\/et\/papuosalas\/ametust-ovaalse-kujuga-ametustiga-sormus-ai-juveliir\/#primaryimage\"},\"image\":{\"@id\":\"https:\/\/fashiongold.lt\/et\/papuosalas\/ametust-ovaalse-kujuga-ametustiga-sormus-ai-juveliir\/#primaryimage\"},\"thumbnailUrl\":\"https:\/\/fashiongold.lt\/wp-content\/uploads\/2025\/12\/Auksinis-ziedas-su-ovalios-formos-violetiniu-ametistu.png\",\"datePublished\":\"2025-12-28T13:59:54+00:00\",\"description\":\"K\u00e4sit\u00f6\u00f6na valminud ametistiga s\u00f5rmus individuaalprojekti j\u00e4rgi. Valige kulla v\u00e4rv, proov, teemandid ja eksklusiivne disain.\",\"breadcrumb\":{\"@id\":\"https:\/\/fashiongold.lt\/et\/papuosalas\/ametust-ovaalse-kujuga-ametustiga-sormus-ai-juveliir\/#breadcrumb\"},\"inLanguage\":\"et\",\"potentialAction\":[{\"@type\":\"ReadAction\",\"target\":[\"https:\/\/fashiongold.lt\/et\/papuosalas\/ametust-ovaalse-kujuga-ametustiga-sormus-ai-juveliir\/\"]}]},{\"@type\":\"ImageObject\",\"inLanguage\":\"et\",\"@id\":\"https:\/\/fashiongold.lt\/et\/papuosalas\/ametust-ovaalse-kujuga-ametustiga-sormus-ai-juveliir\/#primaryimage\",\"url\":\"https:\/\/fashiongold.lt\/wp-content\/uploads\/2025\/12\/Auksinis-ziedas-su-ovalios-formos-violetiniu-ametistu.png\",\"contentUrl\":\"https:\/\/fashiongold.lt\/wp-content\/uploads\/2025\/12\/Auksinis-ziedas-su-ovalios-formos-violetiniu-ametistu.png\",\"width\":1536,\"height\":1024,\"caption\":\"Auksinis z\u030ciedas su ovalios formos violetiniu ametistu\"},{\"@type\":\"BreadcrumbList\",\"@id\":\"https:\/\/fashiongold.lt\/et\/papuosalas\/ametust-ovaalse-kujuga-ametustiga-sormus-ai-juveliir\/#breadcrumb\",\"itemListElement\":[{\"@type\":\"ListItem\",\"position\":1,\"name\":\"Home\",\"item\":\"https:\/\/fashiongold.lt\/et\/\"},{\"@type\":\"ListItem\",\"position\":2,\"name\":\"Teemantide pood Fashiongold.lt\",\"item\":\"https:\/\/fashiongold.lt\/shop-2\/\"},{\"@type\":\"ListItem\",\"position\":3,\"name\":\"Amet\u00fcst &#8211; Ovaalse kujuga amet\u00fcstiga s\u00f5rmus. AI Juveliir\"}]},{\"@type\":\"WebSite\",\"@id\":\"https:\/\/fashiongold.lt\/et\/#website\",\"url\":\"https:\/\/fashiongold.lt\/et\/\",\"name\":\"Fashion Gold\",\"description\":\"Juvelyrikos namai\",\"publisher\":{\"@id\":\"https:\/\/fashiongold.lt\/et\/#organization\"},\"potentialAction\":[{\"@type\":\"SearchAction\",\"target\":{\"@type\":\"EntryPoint\",\"urlTemplate\":\"https:\/\/fashiongold.lt\/et\/?s={search_term_string}\"},\"query-input\":{\"@type\":\"PropertyValueSpecification\",\"valueRequired\":true,\"valueName\":\"search_term_string\"}}],\"inLanguage\":\"et\"},{\"@type\":\"Organization\",\"@id\":\"https:\/\/fashiongold.lt\/et\/#organization\",\"name\":\"Topdiamonds Online\",\"url\":\"https:\/\/fashiongold.lt\/et\/\",\"logo\":{\"@type\":\"ImageObject\",\"inLanguage\":\"et\",\"@id\":\"https:\/\/fashiongold.lt\/et\/#\/schema\/logo\/image\/\",\"url\":\"https:\/\/fashiongold.lt\/wp-content\/uploads\/2025\/04\/cropped-fashion_gold_logotipas2-scaled-1.png\",\"contentUrl\":\"https:\/\/fashiongold.lt\/wp-content\/uploads\/2025\/04\/cropped-fashion_gold_logotipas2-scaled-1.png\",\"width\":2559,\"height\":421,\"caption\":\"Topdiamonds Online\"},\"image\":{\"@id\":\"https:\/\/fashiongold.lt\/et\/#\/schema\/logo\/image\/\"}}]}<\/script>\n<!-- \/ Yoast SEO plugin. -->","yoast_head_json":{"title":"Juveliir: amet\u00fcstiga s\u00f5rmus \u2013 eritellimusel valmistamine","description":"K\u00e4sit\u00f6\u00f6na valminud ametistiga s\u00f5rmus individuaalprojekti j\u00e4rgi. Valige kulla v\u00e4rv, proov, teemandid ja eksklusiivne disain.","robots":{"index":"index","follow":"follow","max-snippet":"max-snippet:-1","max-image-preview":"max-image-preview:large","max-video-preview":"max-video-preview:-1"},"canonical":"https:\/\/fashiongold.lt\/et\/papuosalas\/ametust-ovaalse-kujuga-ametustiga-sormus-ai-juveliir\/","og_locale":"et_EE","og_type":"article","og_title":"Juveliir: amet\u00fcstiga s\u00f5rmus \u2013 eritellimusel valmistamine","og_description":"K\u00e4sit\u00f6\u00f6na valminud ametistiga s\u00f5rmus individuaalprojekti j\u00e4rgi. Valige kulla v\u00e4rv, proov, teemandid ja eksklusiivne disain.","og_url":"https:\/\/fashiongold.lt\/et\/papuosalas\/ametust-ovaalse-kujuga-ametustiga-sormus-ai-juveliir\/","og_site_name":"FashionGold.lt","og_image":[{"width":1024,"height":683,"url":"https:\/\/fashiongold.lt\/wp-content\/uploads\/2025\/12\/Auksinis-ziedas-su-ovalios-formos-violetiniu-ametistu-1024x683.png","type":"image\/png"}],"twitter_card":"summary_large_image","twitter_misc":{"Est. reading time":"3 minutit"},"schema":{"@context":"https:\/\/schema.org","@graph":[{"@type":"WebPage","@id":"https:\/\/fashiongold.lt\/et\/papuosalas\/ametust-ovaalse-kujuga-ametustiga-sormus-ai-juveliir\/","url":"https:\/\/fashiongold.lt\/et\/papuosalas\/ametust-ovaalse-kujuga-ametustiga-sormus-ai-juveliir\/","name":"Juveliir: amet\u00fcstiga s\u00f5rmus \u2013 eritellimusel valmistamine","isPartOf":{"@id":"https:\/\/fashiongold.lt\/et\/#website"},"primaryImageOfPage":{"@id":"https:\/\/fashiongold.lt\/et\/papuosalas\/ametust-ovaalse-kujuga-ametustiga-sormus-ai-juveliir\/#primaryimage"},"image":{"@id":"https:\/\/fashiongold.lt\/et\/papuosalas\/ametust-ovaalse-kujuga-ametustiga-sormus-ai-juveliir\/#primaryimage"},"thumbnailUrl":"https:\/\/fashiongold.lt\/wp-content\/uploads\/2025\/12\/Auksinis-ziedas-su-ovalios-formos-violetiniu-ametistu.png","datePublished":"2025-12-28T13:59:54+00:00","description":"K\u00e4sit\u00f6\u00f6na valminud ametistiga s\u00f5rmus individuaalprojekti j\u00e4rgi. Valige kulla v\u00e4rv, proov, teemandid ja eksklusiivne disain.","breadcrumb":{"@id":"https:\/\/fashiongold.lt\/et\/papuosalas\/ametust-ovaalse-kujuga-ametustiga-sormus-ai-juveliir\/#breadcrumb"},"inLanguage":"et","potentialAction":[{"@type":"ReadAction","target":["https:\/\/fashiongold.lt\/et\/papuosalas\/ametust-ovaalse-kujuga-ametustiga-sormus-ai-juveliir\/"]}]},{"@type":"ImageObject","inLanguage":"et","@id":"https:\/\/fashiongold.lt\/et\/papuosalas\/ametust-ovaalse-kujuga-ametustiga-sormus-ai-juveliir\/#primaryimage","url":"https:\/\/fashiongold.lt\/wp-content\/uploads\/2025\/12\/Auksinis-ziedas-su-ovalios-formos-violetiniu-ametistu.png","contentUrl":"https:\/\/fashiongold.lt\/wp-content\/uploads\/2025\/12\/Auksinis-ziedas-su-ovalios-formos-violetiniu-ametistu.png","width":1536,"height":1024,"caption":"Auksinis z\u030ciedas su ovalios formos violetiniu ametistu"},{"@type":"BreadcrumbList","@id":"https:\/\/fashiongold.lt\/et\/papuosalas\/ametust-ovaalse-kujuga-ametustiga-sormus-ai-juveliir\/#breadcrumb","itemListElement":[{"@type":"ListItem","position":1,"name":"Home","item":"https:\/\/fashiongold.lt\/et\/"},{"@type":"ListItem","position":2,"name":"Teemantide pood Fashiongold.lt","item":"https:\/\/fashiongold.lt\/shop-2\/"},{"@type":"ListItem","position":3,"name":"Amet\u00fcst &#8211; Ovaalse kujuga amet\u00fcstiga s\u00f5rmus. AI Juveliir"}]},{"@type":"WebSite","@id":"https:\/\/fashiongold.lt\/et\/#website","url":"https:\/\/fashiongold.lt\/et\/","name":"Fashion Gold","description":"Juvelyrikos namai","publisher":{"@id":"https:\/\/fashiongold.lt\/et\/#organization"},"potentialAction":[{"@type":"SearchAction","target":{"@type":"EntryPoint","urlTemplate":"https:\/\/fashiongold.lt\/et\/?s={search_term_string}"},"query-input":{"@type":"PropertyValueSpecification","valueRequired":true,"valueName":"search_term_string"}}],"inLanguage":"et"},{"@type":"Organization","@id":"https:\/\/fashiongold.lt\/et\/#organization","name":"Topdiamonds Online","url":"https:\/\/fashiongold.lt\/et\/","logo":{"@type":"ImageObject","inLanguage":"et","@id":"https:\/\/fashiongold.lt\/et\/#\/schema\/logo\/image\/","url":"https:\/\/fashiongold.lt\/wp-content\/uploads\/2025\/04\/cropped-fashion_gold_logotipas2-scaled-1.png","contentUrl":"https:\/\/fashiongold.lt\/wp-content\/uploads\/2025\/04\/cropped-fashion_gold_logotipas2-scaled-1.png","width":2559,"height":421,"caption":"Topdiamonds Online"},"image":{"@id":"https:\/\/fashiongold.lt\/et\/#\/schema\/logo\/image\/"}}]}},"_links":{"self":[{"href":"https:\/\/fashiongold.lt\/et\/wp-json\/wp\/v2\/product\/271587","targetHints":{"allow":["GET"]}}],"collection":[{"href":"https:\/\/fashiongold.lt\/et\/wp-json\/wp\/v2\/product"}],"about":[{"href":"https:\/\/fashiongold.lt\/et\/wp-json\/wp\/v2\/types\/product"}],"version-history":[{"count":0,"href":"https:\/\/fashiongold.lt\/et\/wp-json\/wp\/v2\/product\/271587\/revisions"}],"wp:featuredmedia":[{"embeddable":true,"href":"https:\/\/fashiongold.lt\/et\/wp-json\/wp\/v2\/media\/265862"}],"wp:attachment":[{"href":"https:\/\/fashiongold.lt\/et\/wp-json\/wp\/v2\/media?parent=271587"}],"wp:term":[{"taxonomy":"product_brand","embeddable":true,"href":"https:\/\/fashiongold.lt\/et\/wp-json\/wp\/v2\/product_brand?post=271587"},{"taxonomy":"product_cat","embeddable":true,"href":"https:\/\/fashiongold.lt\/et\/wp-json\/wp\/v2\/product_cat?post=271587"},{"taxonomy":"product_tag","embeddable":true,"href":"https:\/\/fashiongold.lt\/et\/wp-json\/wp\/v2\/product_tag?post=271587"}],"curies":[{"name":"wp","href":"https:\/\/api.w.org\/{rel}","templated":true}]}}