{"id":271595,"date":"2025-12-28T11:59:11","date_gmt":"2025-12-28T11:59:11","guid":{"rendered":"https:\/\/fashiongold.lt\/papuosalas\/topaas-topaasi-ja-teemantidega-sormus-ai-juveelar\/"},"modified":"2025-12-28T11:59:11","modified_gmt":"2025-12-28T11:59:11","slug":"topaas-topaasi-ja-teemantidega-sormus-ai-juveelar","status":"publish","type":"product","link":"https:\/\/fashiongold.lt\/et\/papuosalas\/topaas-topaasi-ja-teemantidega-sormus-ai-juveelar\/","title":{"rendered":"Topaas &#8211; Topaasi ja teemantidega s\u00f5rmus. AI Juveelar."},"content":{"rendered":"<h2 data-start=\"295\" data-end=\"371\">AI Juveliir: helesinise topaasiga s\u00f5rmus \u2013 valmistamine individuaalprojekti j\u00e4rgi<\/h2>\n<p data-start=\"379\" data-end=\"852\">See ovaalse helesinise topaasiga ja halo-disainiga kollasest kullast s\u00f5rmus on juveliiri loodud ja individuaalprojekti j\u00e4rgi valmistatud ehe, kus iga detail on l\u00e4bi m\u00f5eldud, v\u00f5ttes arvesse valitud v\u00e4\u00e4riskivi \u2013 topaasi, mida iseloomustab erakordne l\u00e4bipaistvus, ere s\u00e4ra ja elegantne sini-helesinine v\u00e4rvigamma. Tegemist ei ole seeriatootega \u2013 see on t\u00f5eline juveelit\u00f6\u00f6, mis algab ideest ja l\u00f5peb k\u00e4sitsi loodud ainulaadse s\u00f5rmusega.<\/p>\n<p data-start=\"854\" data-end=\"1181\">Juveliir valmistab individuaaltellimusel mitte ainult s\u00f5rmuseid, vaid ka k\u00f5rvar\u00f5ngaid, ripatseid ja muid ehteid, p\u00f6\u00f6rates erilist t\u00e4helepanu kvaliteedile, proportsioonidele ja vastupidavusele. Topaas on \u00fcks populaarsemaid v\u00e4\u00e4riskive juveelikunstis, mida hinnatakse mitte ainult selle ilu, vaid ka soodsa hinna ja esteetika suhte t\u00f5ttu.<\/p>\n<p data-start=\"1183\" data-end=\"1575\">Helesinise topaasiga s\u00f5rmuse projekteerimisel hinnatakse esmalt selle v\u00e4\u00e4riskivi omadusi \u2013 selle l\u00e4bipaistvust, v\u00e4rvi intensiivsust ja varjundit, mis v\u00f5ib varieeruda \u00f5rnast taevasinisest kuni k\u00fcllastunud ja erksama siniseni. Just konkreetse topaasi j\u00e4rgi luuakse kogu s\u00f5rmuse disain: krooni k\u00f5rgus, halo-teemantide paigutus, s\u00f5rmuse laius, kulla paksus ja kuju.<\/p>\n<p data-start=\"1577\" data-end=\"1754\">Iga selline s\u00f5rmus n\u00f5uab erakordselt hoolikat ja professionaalset t\u00f6\u00f6d, mis v\u00f5imaldab saavutada harmoonilise tasakaalu esteetika, mugavuse ja igap\u00e4evase kandmise vastupidavuse vahel.<\/p>\n<h3 data-start=\"1756\" data-end=\"1785\">Individuaalsed valikud<\/h3>\n<p data-start=\"1787\" data-end=\"1910\">Ovaalse helesinise topaasiga ja halo-disainiga s\u00f5rmus valmistatakse individuaaltellimusel, seega saame kohandada:<\/p>\n<ul>\n<li>suvalist <a href=\"https:\/\/fashiongold.lt\/et\/patarimai-et\/kulla-varv-mida-tasub-teada-erinevate-varjundite-ja-nende-omaduste-kohta\/\" target=\"_self\" rel=\"noopener noreferrer\">kulla v\u00e4rvi<\/a> (valget, kollast v\u00f5i punast),<\/li>\n<li><a href=\"https:\/\/fashiongold.lt\/et\/patarimai-et\/kulla-proov-ehetele-kuidas-valida-oiget\/\" target=\"_self\" rel=\"noopener noreferrer\">soovitud kulla proovi 585 v\u00f5i 750<\/a>,<\/li>\n<li>erinevat teemantide suurust ja paigutust,<\/li>\n<li data-start=\"1302\" data-end=\"1414\">\n<p data-start=\"1304\" data-end=\"1414\">individuaalset topaasi varjundit \u2013 alates \u00f5rnast helesinisest kuni intensiivsema siniseni.<\/p>\n<\/li>\n<\/ul>\n<p data-start=\"2157\" data-end=\"2324\">Valides individuaalselt valmistatud topaasiga s\u00f5rmuse, on k\u00f5ige olulisem see, mis peegeldab k\u00f5ige paremini teie isiksust, stiili ja emotsiooni, mida soovite ehtes j\u00e4\u00e4dvustada.<\/p>\n<h3 data-start=\"2326\" data-end=\"2351\">Halo-disaini luksus<\/h3>\n<p data-start=\"2353\" data-end=\"2683\">Selles mudelis on valitud halo-disain, mis r\u00f5hutab delikaatselt tsentraalse topaasi s\u00e4ra ning lisab s\u00f5rmusele t\u00e4iendavat luksust ja visuaalset s\u00fcgavust. V\u00e4ikesed teemandid raamivad elegantselt ovaalset topaasi, tugevdades valguse m\u00e4ngu, samas kui helesinine topaas ise muutub s\u00f5rmuse peamiseks ja vaieldamatuks aktsendiks.<\/p>\n<p data-start=\"2685\" data-end=\"2885\">Teiste v\u00e4\u00e4riskivide hulgast, mida sageli individuaalprojektideks valitakse, tasub mainida ka smaragdi, safiiri v\u00f5i rubiini, kuid topaas eristub oma universaalsuse ja kergelt kohandatava disaini poolest.<\/p>\n<h3 data-start=\"2887\" data-end=\"2923\">Sertifikaadid ja tootmine Leedus<\/h3>\n<p data-start=\"2925\" data-end=\"3135\">K\u00f5ik topaasiga s\u00f5rmused ja muud individuaalselt valmistatud ehted on loodud ja toodetud Leedus ning neil on Leedu Proovikoja sertifikaadid, mis kinnitavad kulla proovi ja v\u00e4\u00e4riskivide ehtsust.<\/p>\n<p>See on <a href=\"https:\/\/fashiongold.lt\/et\/patarimai-et\/juveliir-kui-teie-unistus-saab-kulla-kuju\/\" target=\"_self\" rel=\"noopener noreferrer\">juveliiri tootmine individuaalprojekti j\u00e4rgi<\/a>, mis on m\u00f5eldud neile, kes otsivad mitte ainult s\u00f5rmust, vaid ka isiklikku lugu, mis on loodud kullast, teemantidest ja topaasist. Iga selline s\u00f5rmus on ainulaadne, kohandatud just teile ja teie valitud v\u00e4\u00e4riskivile. S\u00f5rmustel on eriline s\u00fcmboolne t\u00e4hendus \u2013 need on armastuse, p\u00fchendumuse ja p\u00fcsivate v\u00e4\u00e4rtuste s\u00fcmbolid ning individuaalne disain v\u00f5imaldab delikaatselt avada teie isikliku loo.<\/p>\n<h4>Meie teenused<\/h4>\n<p>Pakume <a href=\"https:\/\/fashiongold.lt\/et\/kategorija\/ehete-valmistamine\/\" target=\"_self\" rel=\"noopener noreferrer\">individuaalset disaini, kus iga ehe luuakse vastavalt teie ideedele ja visioonile<\/a>. Teostame ka restaureerimist, et teie kallid ehted s\u00e4raksid taas nagu uued. Iga meie looming on mitte ainult ehe, vaid ka teie isiksuse peegeldus. Iga meie t\u00f6\u00f6 on t\u00f5estus sellest, et kvaliteet ja loovus v\u00f5ivad k\u00e4ia k\u00e4sik\u00e4es.<\/p>\n<h4>Avatus ja Garantii<\/h4>\n<p>Meie l\u00e4henemine on avatus ja siiras suhtlus iga kliendiga. Alates esimesest konsultatsioonist kuni valmis ehte k\u00e4ttesaamiseni oleme teie k\u00f5rval, et aidata teid k\u00f5igis k\u00fcsimustes. Anname k\u00f5igile oma toodetele 5-aastase kvaliteedigarantii, nii et v\u00f5ite olla kindel nende usaldusv\u00e4\u00e4rsuses ja vastupidavuses. Meie garantii h\u00f5lmab k\u00f5iki tootmiskvaliteedi aspekte, et saaksite ehteid muretult nautida paljude aastate jooksul. Me hoolitseme selle eest, et iga meie klient tunneks end kindlalt ja teaks, et meie ehted on usaldust v\u00e4\u00e4rt.<\/p>\n<h4>Tellimused ja konsultatsioonid<\/h4>\n<p>Kui soovite tellida individuaalset ehet v\u00f5i konsulteerida oma ideede osas, on meie meeskond alati valmis teid aitama. Konsultatsiooni k\u00e4igus arutame teie visiooni, soove ja pakume parimaid lahendusi, et saaksime valmistada ehteid, mis vastavad teie ootustele. P\u00f6\u00f6rame igale tellimusele erilist t\u00e4helepanu, mist\u00f5ttu saame pakkuda individuaalseid lahendusi nii kihlas\u00f5rmustele kui ka teistele ehetele. Ehete valmistamine kestab tavaliselt umbes 5 n\u00e4dalat, kuid p\u00fc\u00fcame alati, et teie ehted saaksid valmis nii kiiresti kui v\u00f5imalik. V\u00f5tke meiega \u00fchendust \u2013 loome koos ehted, mis saavad osaks teie loost.<\/p>\n","protected":false},"excerpt":{"rendered":"<p>AI Juveliir: helesinise topaasiga s\u00f5rmus \u2013 valmistamine individuaalprojekti j\u00e4rgi See ovaalse helesinise topaasiga ja halo-disainiga kollasest kullast s\u00f5rmus on juveliiri [&hellip;]<\/p>\n","protected":false},"featured_media":265776,"template":"","meta":{"site-sidebar-layout":"default","site-content-layout":"","ast-site-content-layout":"default","site-content-style":"default","site-sidebar-style":"default","ast-global-header-display":"","ast-banner-title-visibility":"","ast-main-header-display":"","ast-hfb-above-header-display":"","ast-hfb-below-header-display":"","ast-hfb-mobile-header-display":"","site-post-title":"","ast-breadcrumbs-content":"","ast-featured-img":"","footer-sml-layout":"","ast-disable-related-posts":"","theme-transparent-header-meta":"default","adv-header-id-meta":"","stick-header-meta":"","header-above-stick-meta":"","header-main-stick-meta":"","header-below-stick-meta":"","astra-migrate-meta-layouts":"default","ast-page-background-enabled":"default","ast-page-background-meta":{"desktop":{"background-color":"var(--ast-global-color-4)","background-image":"","background-repeat":"repeat","background-position":"center center","background-size":"auto","background-attachment":"scroll","background-type":"","background-media":"","overlay-type":"","overlay-color":"","overlay-opacity":"","overlay-gradient":""},"tablet":{"background-color":"","background-image":"","background-repeat":"repeat","background-position":"center center","background-size":"auto","background-attachment":"scroll","background-type":"","background-media":"","overlay-type":"","overlay-color":"","overlay-opacity":"","overlay-gradient":""},"mobile":{"background-color":"","background-image":"","background-repeat":"repeat","background-position":"center center","background-size":"auto","background-attachment":"scroll","background-type":"","background-media":"","overlay-type":"","overlay-color":"","overlay-opacity":"","overlay-gradient":""}},"ast-content-background-meta":{"desktop":{"background-color":"var(--ast-global-color-5)","background-image":"","background-repeat":"repeat","background-position":"center center","background-size":"auto","background-attachment":"scroll","background-type":"","background-media":"","overlay-type":"","overlay-color":"","overlay-opacity":"","overlay-gradient":""},"tablet":{"background-color":"var(--ast-global-color-5)","background-image":"","background-repeat":"repeat","background-position":"center center","background-size":"auto","background-attachment":"scroll","background-type":"","background-media":"","overlay-type":"","overlay-color":"","overlay-opacity":"","overlay-gradient":""},"mobile":{"background-color":"var(--ast-global-color-5)","background-image":"","background-repeat":"repeat","background-position":"center center","background-size":"auto","background-attachment":"scroll","background-type":"","background-media":"","overlay-type":"","overlay-color":"","overlay-opacity":"","overlay-gradient":""}}},"product_brand":[],"product_cat":[2838,2841,2830,2991,2839,2992,2842,2829,2823,2828,2822,2824,2821,2831,2846,2847,2845,2848],"product_tag":[],"class_list":{"0":"post-271595","1":"product","2":"type-product","3":"status-publish","4":"has-post-thumbnail","6":"product_cat-ehete-valmistamine","7":"product_cat-ehted-naistele","8":"product_cat-emadepaeva-kingitused","9":"product_cat-halo-kujuga-kihlasormused","10":"product_cat-juveliir","11":"product_cat-kihlasormuste-valmistamine","12":"product_cat-kingiideed","13":"product_cat-kingitused-erilisteks-puhkudeks","14":"product_cat-kingitused-lapse-sunni-puhul","15":"product_cat-kingitused-lopetamise-puhul","16":"product_cat-kingitused-naistele","17":"product_cat-kingitused-pulma-aastapaeva-puhul","18":"product_cat-kingitused-sunnipaevaks","19":"product_cat-kollasest-kullast-ehted","20":"product_cat-poolvaariskividega-ehted","21":"product_cat-siniste-vaariskividega-ehted","22":"product_cat-sobrapaeva-kingitused","23":"product_cat-vaariskividega-sormused","24":"desktop-align-center","25":"tablet-align-left","26":"mobile-align-left","27":"ast-product-gallery-layout-horizontal-slider","28":"ast-product-tabs-layout-accordion","29":"ast-qv-on-image","31":"first","32":"onbackorder","33":"taxable","34":"shipping-taxable","35":"purchasable","36":"product-type-simple"},"yoast_head":"<!-- This site is optimized with the Yoast SEO plugin v26.6 - https:\/\/yoast.com\/wordpress\/plugins\/seo\/ -->\n<title>S\u00f5rmus helesinise topaasiga | Juveliir<\/title>\n<meta name=\"description\" content=\"Ovaalse helesinise topaasiga ja halo-disainiga kollasest kullast s\u00f5rmus. Individuaalne juvelit\u00f6\u00f6, sertifitseeritud kvaliteet ja eksklusiivne disain.\" \/>\n<meta name=\"robots\" content=\"index, follow, max-snippet:-1, max-image-preview:large, max-video-preview:-1\" \/>\n<link rel=\"canonical\" href=\"https:\/\/fashiongold.lt\/et\/papuosalas\/topaas-topaasi-ja-teemantidega-sormus-ai-juveelar\/\" \/>\n<meta property=\"og:locale\" content=\"et_EE\" \/>\n<meta property=\"og:type\" content=\"article\" \/>\n<meta property=\"og:title\" content=\"S\u00f5rmus helesinise topaasiga | Juveliir\" \/>\n<meta property=\"og:description\" content=\"Ovaalse helesinise topaasiga ja halo-disainiga kollasest kullast s\u00f5rmus. Individuaalne juvelit\u00f6\u00f6, sertifitseeritud kvaliteet ja eksklusiivne disain.\" \/>\n<meta property=\"og:url\" content=\"https:\/\/fashiongold.lt\/et\/papuosalas\/topaas-topaasi-ja-teemantidega-sormus-ai-juveelar\/\" \/>\n<meta property=\"og:site_name\" content=\"FashionGold.lt\" \/>\n<meta property=\"og:image\" content=\"https:\/\/fashiongold.lt\/wp-content\/uploads\/2025\/12\/Auksinis-ziedas-su-ovalo-formos-topazu-ir-deimantais-halo-dizainas.webp\" \/>\n\t<meta property=\"og:image:width\" content=\"1536\" \/>\n\t<meta property=\"og:image:height\" content=\"1024\" \/>\n\t<meta property=\"og:image:type\" content=\"image\/png\" \/>\n<meta name=\"twitter:card\" content=\"summary_large_image\" \/>\n<meta name=\"twitter:label1\" content=\"Est. reading time\" \/>\n\t<meta name=\"twitter:data1\" content=\"3 minutit\" \/>\n<script type=\"application\/ld+json\" class=\"yoast-schema-graph\">{\"@context\":\"https:\/\/schema.org\",\"@graph\":[{\"@type\":\"WebPage\",\"@id\":\"https:\/\/fashiongold.lt\/et\/papuosalas\/topaas-topaasi-ja-teemantidega-sormus-ai-juveelar\/\",\"url\":\"https:\/\/fashiongold.lt\/et\/papuosalas\/topaas-topaasi-ja-teemantidega-sormus-ai-juveelar\/\",\"name\":\"S\u00f5rmus helesinise topaasiga | Juveliir\",\"isPartOf\":{\"@id\":\"https:\/\/fashiongold.lt\/et\/#website\"},\"primaryImageOfPage\":{\"@id\":\"https:\/\/fashiongold.lt\/et\/papuosalas\/topaas-topaasi-ja-teemantidega-sormus-ai-juveelar\/#primaryimage\"},\"image\":{\"@id\":\"https:\/\/fashiongold.lt\/et\/papuosalas\/topaas-topaasi-ja-teemantidega-sormus-ai-juveelar\/#primaryimage\"},\"thumbnailUrl\":\"https:\/\/fashiongold.lt\/wp-content\/uploads\/2025\/12\/Auksinis-ziedas-su-ovalo-formos-topazu-ir-deimantais-halo-dizainas.png\",\"datePublished\":\"2025-12-28T11:59:11+00:00\",\"description\":\"Ovaalse helesinise topaasiga ja halo-disainiga kollasest kullast s\u00f5rmus. Individuaalne juvelit\u00f6\u00f6, sertifitseeritud kvaliteet ja eksklusiivne disain.\",\"breadcrumb\":{\"@id\":\"https:\/\/fashiongold.lt\/et\/papuosalas\/topaas-topaasi-ja-teemantidega-sormus-ai-juveelar\/#breadcrumb\"},\"inLanguage\":\"et\",\"potentialAction\":[{\"@type\":\"ReadAction\",\"target\":[\"https:\/\/fashiongold.lt\/et\/papuosalas\/topaas-topaasi-ja-teemantidega-sormus-ai-juveelar\/\"]}]},{\"@type\":\"ImageObject\",\"inLanguage\":\"et\",\"@id\":\"https:\/\/fashiongold.lt\/et\/papuosalas\/topaas-topaasi-ja-teemantidega-sormus-ai-juveelar\/#primaryimage\",\"url\":\"https:\/\/fashiongold.lt\/wp-content\/uploads\/2025\/12\/Auksinis-ziedas-su-ovalo-formos-topazu-ir-deimantais-halo-dizainas.png\",\"contentUrl\":\"https:\/\/fashiongold.lt\/wp-content\/uploads\/2025\/12\/Auksinis-ziedas-su-ovalo-formos-topazu-ir-deimantais-halo-dizainas.png\",\"width\":1536,\"height\":1024,\"caption\":\"Auksinis z\u030ciedas su ovalo formos topazu ir deimantais halo dizainas\"},{\"@type\":\"BreadcrumbList\",\"@id\":\"https:\/\/fashiongold.lt\/et\/papuosalas\/topaas-topaasi-ja-teemantidega-sormus-ai-juveelar\/#breadcrumb\",\"itemListElement\":[{\"@type\":\"ListItem\",\"position\":1,\"name\":\"Home\",\"item\":\"https:\/\/fashiongold.lt\/et\/\"},{\"@type\":\"ListItem\",\"position\":2,\"name\":\"Teemantide pood Fashiongold.lt\",\"item\":\"https:\/\/fashiongold.lt\/shop-2\/\"},{\"@type\":\"ListItem\",\"position\":3,\"name\":\"Topaas &#8211; Topaasi ja teemantidega s\u00f5rmus. AI Juveelar.\"}]},{\"@type\":\"WebSite\",\"@id\":\"https:\/\/fashiongold.lt\/et\/#website\",\"url\":\"https:\/\/fashiongold.lt\/et\/\",\"name\":\"Fashion Gold\",\"description\":\"Juvelyrikos namai\",\"publisher\":{\"@id\":\"https:\/\/fashiongold.lt\/et\/#organization\"},\"potentialAction\":[{\"@type\":\"SearchAction\",\"target\":{\"@type\":\"EntryPoint\",\"urlTemplate\":\"https:\/\/fashiongold.lt\/et\/?s={search_term_string}\"},\"query-input\":{\"@type\":\"PropertyValueSpecification\",\"valueRequired\":true,\"valueName\":\"search_term_string\"}}],\"inLanguage\":\"et\"},{\"@type\":\"Organization\",\"@id\":\"https:\/\/fashiongold.lt\/et\/#organization\",\"name\":\"Topdiamonds Online\",\"url\":\"https:\/\/fashiongold.lt\/et\/\",\"logo\":{\"@type\":\"ImageObject\",\"inLanguage\":\"et\",\"@id\":\"https:\/\/fashiongold.lt\/et\/#\/schema\/logo\/image\/\",\"url\":\"https:\/\/fashiongold.lt\/wp-content\/uploads\/2025\/04\/cropped-fashion_gold_logotipas2-scaled-1.png\",\"contentUrl\":\"https:\/\/fashiongold.lt\/wp-content\/uploads\/2025\/04\/cropped-fashion_gold_logotipas2-scaled-1.png\",\"width\":2559,\"height\":421,\"caption\":\"Topdiamonds Online\"},\"image\":{\"@id\":\"https:\/\/fashiongold.lt\/et\/#\/schema\/logo\/image\/\"}}]}<\/script>\n<!-- \/ Yoast SEO plugin. -->","yoast_head_json":{"title":"S\u00f5rmus helesinise topaasiga | Juveliir","description":"Ovaalse helesinise topaasiga ja halo-disainiga kollasest kullast s\u00f5rmus. Individuaalne juvelit\u00f6\u00f6, sertifitseeritud kvaliteet ja eksklusiivne disain.","robots":{"index":"index","follow":"follow","max-snippet":"max-snippet:-1","max-image-preview":"max-image-preview:large","max-video-preview":"max-video-preview:-1"},"canonical":"https:\/\/fashiongold.lt\/et\/papuosalas\/topaas-topaasi-ja-teemantidega-sormus-ai-juveelar\/","og_locale":"et_EE","og_type":"article","og_title":"S\u00f5rmus helesinise topaasiga | Juveliir","og_description":"Ovaalse helesinise topaasiga ja halo-disainiga kollasest kullast s\u00f5rmus. Individuaalne juvelit\u00f6\u00f6, sertifitseeritud kvaliteet ja eksklusiivne disain.","og_url":"https:\/\/fashiongold.lt\/et\/papuosalas\/topaas-topaasi-ja-teemantidega-sormus-ai-juveelar\/","og_site_name":"FashionGold.lt","og_image":[{"width":1536,"height":1024,"url":"https:\/\/fashiongold.lt\/wp-content\/uploads\/2025\/12\/Auksinis-ziedas-su-ovalo-formos-topazu-ir-deimantais-halo-dizainas.webp","type":"image\/png"}],"twitter_card":"summary_large_image","twitter_misc":{"Est. reading time":"3 minutit"},"schema":{"@context":"https:\/\/schema.org","@graph":[{"@type":"WebPage","@id":"https:\/\/fashiongold.lt\/et\/papuosalas\/topaas-topaasi-ja-teemantidega-sormus-ai-juveelar\/","url":"https:\/\/fashiongold.lt\/et\/papuosalas\/topaas-topaasi-ja-teemantidega-sormus-ai-juveelar\/","name":"S\u00f5rmus helesinise topaasiga | Juveliir","isPartOf":{"@id":"https:\/\/fashiongold.lt\/et\/#website"},"primaryImageOfPage":{"@id":"https:\/\/fashiongold.lt\/et\/papuosalas\/topaas-topaasi-ja-teemantidega-sormus-ai-juveelar\/#primaryimage"},"image":{"@id":"https:\/\/fashiongold.lt\/et\/papuosalas\/topaas-topaasi-ja-teemantidega-sormus-ai-juveelar\/#primaryimage"},"thumbnailUrl":"https:\/\/fashiongold.lt\/wp-content\/uploads\/2025\/12\/Auksinis-ziedas-su-ovalo-formos-topazu-ir-deimantais-halo-dizainas.png","datePublished":"2025-12-28T11:59:11+00:00","description":"Ovaalse helesinise topaasiga ja halo-disainiga kollasest kullast s\u00f5rmus. Individuaalne juvelit\u00f6\u00f6, sertifitseeritud kvaliteet ja eksklusiivne disain.","breadcrumb":{"@id":"https:\/\/fashiongold.lt\/et\/papuosalas\/topaas-topaasi-ja-teemantidega-sormus-ai-juveelar\/#breadcrumb"},"inLanguage":"et","potentialAction":[{"@type":"ReadAction","target":["https:\/\/fashiongold.lt\/et\/papuosalas\/topaas-topaasi-ja-teemantidega-sormus-ai-juveelar\/"]}]},{"@type":"ImageObject","inLanguage":"et","@id":"https:\/\/fashiongold.lt\/et\/papuosalas\/topaas-topaasi-ja-teemantidega-sormus-ai-juveelar\/#primaryimage","url":"https:\/\/fashiongold.lt\/wp-content\/uploads\/2025\/12\/Auksinis-ziedas-su-ovalo-formos-topazu-ir-deimantais-halo-dizainas.png","contentUrl":"https:\/\/fashiongold.lt\/wp-content\/uploads\/2025\/12\/Auksinis-ziedas-su-ovalo-formos-topazu-ir-deimantais-halo-dizainas.png","width":1536,"height":1024,"caption":"Auksinis z\u030ciedas su ovalo formos topazu ir deimantais halo dizainas"},{"@type":"BreadcrumbList","@id":"https:\/\/fashiongold.lt\/et\/papuosalas\/topaas-topaasi-ja-teemantidega-sormus-ai-juveelar\/#breadcrumb","itemListElement":[{"@type":"ListItem","position":1,"name":"Home","item":"https:\/\/fashiongold.lt\/et\/"},{"@type":"ListItem","position":2,"name":"Teemantide pood Fashiongold.lt","item":"https:\/\/fashiongold.lt\/shop-2\/"},{"@type":"ListItem","position":3,"name":"Topaas &#8211; Topaasi ja teemantidega s\u00f5rmus. AI Juveelar."}]},{"@type":"WebSite","@id":"https:\/\/fashiongold.lt\/et\/#website","url":"https:\/\/fashiongold.lt\/et\/","name":"Fashion Gold","description":"Juvelyrikos namai","publisher":{"@id":"https:\/\/fashiongold.lt\/et\/#organization"},"potentialAction":[{"@type":"SearchAction","target":{"@type":"EntryPoint","urlTemplate":"https:\/\/fashiongold.lt\/et\/?s={search_term_string}"},"query-input":{"@type":"PropertyValueSpecification","valueRequired":true,"valueName":"search_term_string"}}],"inLanguage":"et"},{"@type":"Organization","@id":"https:\/\/fashiongold.lt\/et\/#organization","name":"Topdiamonds Online","url":"https:\/\/fashiongold.lt\/et\/","logo":{"@type":"ImageObject","inLanguage":"et","@id":"https:\/\/fashiongold.lt\/et\/#\/schema\/logo\/image\/","url":"https:\/\/fashiongold.lt\/wp-content\/uploads\/2025\/04\/cropped-fashion_gold_logotipas2-scaled-1.png","contentUrl":"https:\/\/fashiongold.lt\/wp-content\/uploads\/2025\/04\/cropped-fashion_gold_logotipas2-scaled-1.png","width":2559,"height":421,"caption":"Topdiamonds Online"},"image":{"@id":"https:\/\/fashiongold.lt\/et\/#\/schema\/logo\/image\/"}}]}},"_links":{"self":[{"href":"https:\/\/fashiongold.lt\/et\/wp-json\/wp\/v2\/product\/271595","targetHints":{"allow":["GET"]}}],"collection":[{"href":"https:\/\/fashiongold.lt\/et\/wp-json\/wp\/v2\/product"}],"about":[{"href":"https:\/\/fashiongold.lt\/et\/wp-json\/wp\/v2\/types\/product"}],"version-history":[{"count":0,"href":"https:\/\/fashiongold.lt\/et\/wp-json\/wp\/v2\/product\/271595\/revisions"}],"wp:featuredmedia":[{"embeddable":true,"href":"https:\/\/fashiongold.lt\/et\/wp-json\/wp\/v2\/media\/265776"}],"wp:attachment":[{"href":"https:\/\/fashiongold.lt\/et\/wp-json\/wp\/v2\/media?parent=271595"}],"wp:term":[{"taxonomy":"product_brand","embeddable":true,"href":"https:\/\/fashiongold.lt\/et\/wp-json\/wp\/v2\/product_brand?post=271595"},{"taxonomy":"product_cat","embeddable":true,"href":"https:\/\/fashiongold.lt\/et\/wp-json\/wp\/v2\/product_cat?post=271595"},{"taxonomy":"product_tag","embeddable":true,"href":"https:\/\/fashiongold.lt\/et\/wp-json\/wp\/v2\/product_tag?post=271595"}],"curies":[{"name":"wp","href":"https:\/\/api.w.org\/{rel}","templated":true}]}}