{"id":273338,"date":"2025-12-28T09:59:13","date_gmt":"2025-12-28T09:59:13","guid":{"rendered":"https:\/\/fashiongold.lt\/papuosalas\/turmaliinid-korvarongad-bi-color-turmaliinidega-ai-juveliir\/"},"modified":"2025-12-28T09:59:13","modified_gmt":"2025-12-28T09:59:13","slug":"turmaliinid-korvarongad-bi-color-turmaliinidega-ai-juveliir","status":"publish","type":"product","link":"https:\/\/fashiongold.lt\/et\/papuosalas\/turmaliinid-korvarongad-bi-color-turmaliinidega-ai-juveliir\/","title":{"rendered":"Turmaliinid &#8211; K\u00f5rvar\u00f5ngad bi-color turmaliinidega. AI Juveliir"},"content":{"rendered":"<h3 data-start=\"192\" data-end=\"289\">AI Juveliir: <strong data-start=\"270\" data-end=\"350\">tikk-k\u00f5rvar\u00f5ngad kahev\u00e4rviliste (bi-color) turmaliinidega \u2013 valmistamine individuaalprojekti j\u00e4rgi<\/strong><\/h3>\n<p data-start=\"352\" data-end=\"858\">Kahev\u00e4rviliste turmaliinidega tikk-k\u00f5rvar\u00f5ngad on juveliiri loodud ja valmistatud individuaalprojekt, kus iga detail on l\u00e4bi m\u00f5eldud vastavalt valitud v\u00e4\u00e4riskivile. Bi-color turmaliin eristub oma unikaalse kahe v\u00e4rvi \u00fclemineku poolest \u00fches kivis \u2013 tavaliselt rohelisest roosa v\u00f5i siniseni, mist\u00f5ttu on iga paar k\u00f5rvar\u00f5ngaid t\u00e4iesti kordumatu. See ei ole seeriatoode \u2013 see on t\u00f5eline ehtekunst, mis algab ideest ja l\u00f5peb k\u00e4sitsi valminud ainulaadsete k\u00f5rvar\u00f5ngastega.<\/p>\n<p data-start=\"860\" data-end=\"1332\">Kahev\u00e4rviliste turmaliinidega tikk-k\u00f5rvar\u00f5ngaste projekteerimisel hindab juveliir esmalt kivi omadusi \u2013 selle v\u00e4rvi\u00fcleminekut, l\u00e4bipaistvust, ristk\u00fclikukujulist (emerald-lihv) vormi ja proportsioone. Just konkreetse turmaliini j\u00e4rgi luuakse kogu disain: k\u00f5rvar\u00f5ngaste kuju, krooni k\u00f5rgus, kivi kinnitus ning \u00fcldine proportsioonide tasakaal. Iga paar k\u00f5rvar\u00f5ngaid n\u00f5uab \u00e4\u00e4rmiselt hoolikat ja professionaalset t\u00f6\u00f6d, et saavutada t\u00e4iuslik esteetika, mugavuse ja vastupidavuse kombinatsioon.<\/p>\n<p data-start=\"1334\" data-end=\"1436\">Kahev\u00e4rviliste turmaliinidega tikk-k\u00f5rvar\u00f5ngad valmistatakse eritellimusel, seega saame kohandada:<\/p>\n<ul data-start=\"997\" data-end=\"1252\">\n<li data-start=\"997\" data-end=\"1056\">\n<p data-start=\"999\" data-end=\"1056\">mis tahes kullav\u00e4rvi (valget, kollast v\u00f5i punast),<\/p>\n<\/li>\n<li data-start=\"1057\" data-end=\"1103\">\n<p data-start=\"1059\" data-end=\"1103\">valitud kulla <a href=\"https:\/\/fashiongold.lt\/et\/patarimai-et\/kulla-proov-ehetele-kuidas-valida-oiget\/\">proovi<\/a> \u2013 585 v\u00f5i 750,<\/p>\n<\/li>\n<li data-start=\"1104\" data-end=\"1152\">\n<p data-start=\"1106\" data-end=\"1152\">erinevat teemantide suurust ja nende paigutust,<\/p>\n<\/li>\n<li data-start=\"1153\" data-end=\"1252\">\n<p data-start=\"1155\" data-end=\"1252\">individuaalset kahev\u00e4rvilise turmaliini v\u00e4rvikombinatsiooni \u2013 alates rohelisest ja roosast kuni sinise v\u00f5i kollase v\u00e4rvikombinatsioonini.<\/p>\n<\/li>\n<\/ul>\n<p data-start=\"1254\" data-end=\"1449\">Valides k\u00f5rvar\u00f5ngad individuaalprojekti j\u00e4rgi, on k\u00f5ige olulisem see, mis vastab teie isiksusele, stiilile ja eluviisile. Selline ehe ei ole mitte ainult elegantne detail, vaid ka pikaajaline v\u00e4\u00e4rtus.<\/p>\n<p data-start=\"1654\" data-end=\"2082\">Selles mudelis on valitud halo-disain, mis r\u00f5hutab delikaatselt kahev\u00e4rvilise turmaliini v\u00e4rvidem\u00e4ngu ning annab k\u00f5rvar\u00f5ngastele t\u00e4iendavat luksuslikkust ja eksklusiivsust. V\u00e4ikesed teemandid raamivad elegantselt keskset kivi, tugevdades valguse peegeldust, ning v\u00e4\u00e4riskivi ise \u2013 bi-color turmaliin \u2013 saab kompositsiooni peamiseks aktsendiks, mida hinnatakse selle loomuliku v\u00e4rvi unikaalsuse t\u00f5ttu.<\/p>\n<p data-start=\"2084\" data-end=\"2247\">K\u00f5ik kahev\u00e4rviliste turmaliinidega tikk-k\u00f5rvar\u00f5ngad ja muud ehted on valmistatud Leedus ning neil on Leedu proovikoja sertifikaadid, mis tagavad kvaliteedi ja metallide ehtsuse.<\/p>\n<p data-start=\"2017\" data-end=\"2283\">See on juveliiri <a href=\"https:\/\/fashiongold.lt\/et\/patarimai-et\/juveliir-kui-teie-unistus-saab-kulla-kuju\/\">valmistatud<\/a> individuaalprojekt neile, kes otsivad lisaks k\u00f5rvar\u00f5ngastele ka isiklikku lugu, mis on loodud kullast, teemantidest ja unikaalsetest kahev\u00e4rvilistest turmaliinidest. Iga selline k\u00f5rvar\u00f5ngapaar on ainulaadne, loodud just teile ja teie valitud v\u00e4\u00e4riskivile.<\/p>\n<h4>Meie teenused<\/h4>\n<p>Pakume <a href=\"https:\/\/fashiongold.lt\/et\/kategorija\/ehete-valmistamine\/\" target=\"_self\" rel=\"noopener noreferrer\">individuaalset disaini, kus iga ehe luuakse vastavalt teie ideedele ja visioonile<\/a>. Samuti teostame restaureerimist, et teie kallihinnalised ehted s\u00e4raksid taas nagu uued. Iga meie teos ei ole ainult ehe, vaid ka teie isiksuse peegeldus. Iga meie t\u00f6\u00f6 on t\u00f5estus sellest, et kvaliteet ja loovus saavad k\u00e4ia k\u00e4sik\u00e4es.<\/p>\n<h4>Avatus ja Garantii<\/h4>\n<p>Meie l\u00e4henemine on avatus ja siiras suhtlus iga kliendiga. Alates esimesest konsultatsioonist kuni ehte k\u00e4ttesaamiseni oleme teie k\u00f5rval, et aidata k\u00f5igi k\u00fcsimustega. Pakume k\u00f5igile oma toodetele 5-aastast kvaliteedigarantii, nii et v\u00f5ite olla kindel nende usaldusv\u00e4\u00e4rsuses ja vastupidavuses. Meie garantii h\u00f5lmab k\u00f5iki tootmiskvaliteedi aspekte, et saaksite ehteid muretult nautida aastaid. Hoolitseme selle eest, et iga meie klient tunneks end kindlalt ja teaks, et meie ehted on usaldust v\u00e4\u00e4rt.<\/p>\n<h4>Tellimused ja konsultatsioonid<\/h4>\n<p>Kui soovite tellida individuaalset ehet v\u00f5i konsulteerida oma ideede osas, on meie meeskond alati valmis teid aitama. Konsultatsiooni k\u00e4igus arutame teie visiooni, eelistusi ja pakume parimaid lahendusi, et valmistada teie ootustele vastavad ehted. P\u00f6\u00f6rame igale tellimusele erilist t\u00e4helepanu, mist\u00f5ttu saame pakkuda individuaalseid lahendusi nii kihlas\u00f5rmustele kui ka teistele ehetele. Ehete valmistamine kestab tavaliselt umbes 5 n\u00e4dalat, kuid p\u00fc\u00fcame alati, et teie ehted valmiksid v\u00f5imalikult kiiresti. V\u00f5tke meiega \u00fchendust \u2013 koos loome ehted, millest saab osa teie loost.<\/p>\n","protected":false},"excerpt":{"rendered":"<p>AI Juveliir: tikk-k\u00f5rvar\u00f5ngad kahev\u00e4rviliste (bi-color) turmaliinidega \u2013 valmistamine individuaalprojekti j\u00e4rgi Kahev\u00e4rviliste turmaliinidega tikk-k\u00f5rvar\u00f5ngad on juveliiri loodud ja valmistatud individuaalprojekt, kus [&hellip;]<\/p>\n","protected":false},"featured_media":265640,"template":"","meta":{"site-sidebar-layout":"default","site-content-layout":"","ast-site-content-layout":"default","site-content-style":"default","site-sidebar-style":"default","ast-global-header-display":"","ast-banner-title-visibility":"","ast-main-header-display":"","ast-hfb-above-header-display":"","ast-hfb-below-header-display":"","ast-hfb-mobile-header-display":"","site-post-title":"","ast-breadcrumbs-content":"","ast-featured-img":"","footer-sml-layout":"","ast-disable-related-posts":"","theme-transparent-header-meta":"default","adv-header-id-meta":"","stick-header-meta":"","header-above-stick-meta":"","header-main-stick-meta":"","header-below-stick-meta":"","astra-migrate-meta-layouts":"default","ast-page-background-enabled":"default","ast-page-background-meta":{"desktop":{"background-color":"var(--ast-global-color-4)","background-image":"","background-repeat":"repeat","background-position":"center center","background-size":"auto","background-attachment":"scroll","background-type":"","background-media":"","overlay-type":"","overlay-color":"","overlay-opacity":"","overlay-gradient":""},"tablet":{"background-color":"","background-image":"","background-repeat":"repeat","background-position":"center center","background-size":"auto","background-attachment":"scroll","background-type":"","background-media":"","overlay-type":"","overlay-color":"","overlay-opacity":"","overlay-gradient":""},"mobile":{"background-color":"","background-image":"","background-repeat":"repeat","background-position":"center center","background-size":"auto","background-attachment":"scroll","background-type":"","background-media":"","overlay-type":"","overlay-color":"","overlay-opacity":"","overlay-gradient":""}},"ast-content-background-meta":{"desktop":{"background-color":"var(--ast-global-color-5)","background-image":"","background-repeat":"repeat","background-position":"center center","background-size":"auto","background-attachment":"scroll","background-type":"","background-media":"","overlay-type":"","overlay-color":"","overlay-opacity":"","overlay-gradient":""},"tablet":{"background-color":"var(--ast-global-color-5)","background-image":"","background-repeat":"repeat","background-position":"center center","background-size":"auto","background-attachment":"scroll","background-type":"","background-media":"","overlay-type":"","overlay-color":"","overlay-opacity":"","overlay-gradient":""},"mobile":{"background-color":"var(--ast-global-color-5)","background-image":"","background-repeat":"repeat","background-position":"center center","background-size":"auto","background-attachment":"scroll","background-type":"","background-media":"","overlay-type":"","overlay-color":"","overlay-opacity":"","overlay-gradient":""}}},"product_brand":[],"product_cat":[2838,2841,2830,2839,2842,2829,2822,2821,2969,2846,2967,3055,2968],"product_tag":[],"class_list":{"0":"post-273338","1":"product","2":"type-product","3":"status-publish","4":"has-post-thumbnail","6":"product_cat-ehete-valmistamine","7":"product_cat-ehted-naistele","8":"product_cat-emadepaeva-kingitused","9":"product_cat-juveliir","10":"product_cat-kingiideed","11":"product_cat-kingitused-erilisteks-puhkudeks","12":"product_cat-kingitused-naistele","13":"product_cat-kingitused-sunnipaevaks","14":"product_cat-naelkorvarongad","15":"product_cat-poolvaariskividega-ehted","16":"product_cat-punasest-kullast-ehted","17":"product_cat-punaste-vaariskividega-ehted","18":"product_cat-vaariskividega-korvarongad","19":"desktop-align-center","20":"tablet-align-left","21":"mobile-align-left","22":"ast-product-gallery-layout-horizontal-slider","23":"ast-product-tabs-layout-accordion","24":"ast-qv-on-image","26":"first","27":"onbackorder","28":"taxable","29":"shipping-taxable","30":"purchasable","31":"product-type-simple"},"yoast_head":"<!-- This site is optimized with the Yoast SEO plugin v26.6 - https:\/\/yoast.com\/wordpress\/plugins\/seo\/ -->\n<title>N\u00f6\u00f6pk\u00f5rvar\u00f5ngad bi-color turmaliinidega | Juveliir<\/title>\n<meta name=\"description\" content=\"Eksklusiivsed naelk\u00f5rvar\u00f5ngad ristk\u00fclikukujuliste kahev\u00e4rviliste turmaliinidega. Individuaalne juveliirit\u00f6\u00f6, punane kuld, sertifitseeritud kvaliteet.\" \/>\n<meta name=\"robots\" content=\"index, follow, max-snippet:-1, max-image-preview:large, max-video-preview:-1\" \/>\n<link rel=\"canonical\" href=\"https:\/\/fashiongold.lt\/et\/papuosalas\/turmaliinid-korvarongad-bi-color-turmaliinidega-ai-juveliir\/\" \/>\n<meta property=\"og:locale\" content=\"et_EE\" \/>\n<meta property=\"og:type\" content=\"article\" \/>\n<meta property=\"og:title\" content=\"N\u00f6\u00f6pk\u00f5rvar\u00f5ngad bi-color turmaliinidega | Juveliir\" \/>\n<meta property=\"og:description\" content=\"Eksklusiivsed naelk\u00f5rvar\u00f5ngad ristk\u00fclikukujuliste kahev\u00e4rviliste turmaliinidega. Individuaalne juveliirit\u00f6\u00f6, punane kuld, sertifitseeritud kvaliteet.\" \/>\n<meta property=\"og:url\" content=\"https:\/\/fashiongold.lt\/et\/papuosalas\/turmaliinid-korvarongad-bi-color-turmaliinidega-ai-juveliir\/\" \/>\n<meta property=\"og:site_name\" content=\"FashionGold.lt\" \/>\n<meta property=\"og:image\" content=\"https:\/\/fashiongold.lt\/wp-content\/uploads\/2025\/12\/Stilinga-moteris-devi-rose-aukso-mazus-stud-auskarus-su-staciakampio-formos-bi-color-turmalinu-1024x683.png\" \/>\n\t<meta property=\"og:image:width\" content=\"1024\" \/>\n\t<meta property=\"og:image:height\" content=\"683\" \/>\n\t<meta property=\"og:image:type\" content=\"image\/png\" \/>\n<meta name=\"twitter:card\" content=\"summary_large_image\" \/>\n<meta name=\"twitter:label1\" content=\"Est. reading time\" \/>\n\t<meta name=\"twitter:data1\" content=\"3 minutit\" \/>\n<script type=\"application\/ld+json\" class=\"yoast-schema-graph\">{\"@context\":\"https:\/\/schema.org\",\"@graph\":[{\"@type\":\"WebPage\",\"@id\":\"https:\/\/fashiongold.lt\/et\/papuosalas\/turmaliinid-korvarongad-bi-color-turmaliinidega-ai-juveliir\/\",\"url\":\"https:\/\/fashiongold.lt\/et\/papuosalas\/turmaliinid-korvarongad-bi-color-turmaliinidega-ai-juveliir\/\",\"name\":\"N\u00f6\u00f6pk\u00f5rvar\u00f5ngad bi-color turmaliinidega | Juveliir\",\"isPartOf\":{\"@id\":\"https:\/\/fashiongold.lt\/et\/#website\"},\"primaryImageOfPage\":{\"@id\":\"https:\/\/fashiongold.lt\/et\/papuosalas\/turmaliinid-korvarongad-bi-color-turmaliinidega-ai-juveliir\/#primaryimage\"},\"image\":{\"@id\":\"https:\/\/fashiongold.lt\/et\/papuosalas\/turmaliinid-korvarongad-bi-color-turmaliinidega-ai-juveliir\/#primaryimage\"},\"thumbnailUrl\":\"https:\/\/fashiongold.lt\/wp-content\/uploads\/2025\/12\/Stilinga-moteris-devi-rose-aukso-mazus-stud-auskarus-su-staciakampio-formos-bi-color-turmalinu.png\",\"datePublished\":\"2025-12-28T09:59:13+00:00\",\"description\":\"Eksklusiivsed naelk\u00f5rvar\u00f5ngad ristk\u00fclikukujuliste kahev\u00e4rviliste turmaliinidega. Individuaalne juveliirit\u00f6\u00f6, punane kuld, sertifitseeritud kvaliteet.\",\"breadcrumb\":{\"@id\":\"https:\/\/fashiongold.lt\/et\/papuosalas\/turmaliinid-korvarongad-bi-color-turmaliinidega-ai-juveliir\/#breadcrumb\"},\"inLanguage\":\"et\",\"potentialAction\":[{\"@type\":\"ReadAction\",\"target\":[\"https:\/\/fashiongold.lt\/et\/papuosalas\/turmaliinid-korvarongad-bi-color-turmaliinidega-ai-juveliir\/\"]}]},{\"@type\":\"ImageObject\",\"inLanguage\":\"et\",\"@id\":\"https:\/\/fashiongold.lt\/et\/papuosalas\/turmaliinid-korvarongad-bi-color-turmaliinidega-ai-juveliir\/#primaryimage\",\"url\":\"https:\/\/fashiongold.lt\/wp-content\/uploads\/2025\/12\/Stilinga-moteris-devi-rose-aukso-mazus-stud-auskarus-su-staciakampio-formos-bi-color-turmalinu.png\",\"contentUrl\":\"https:\/\/fashiongold.lt\/wp-content\/uploads\/2025\/12\/Stilinga-moteris-devi-rose-aukso-mazus-stud-auskarus-su-staciakampio-formos-bi-color-turmalinu.png\",\"width\":1536,\"height\":1024,\"caption\":\"Stilinga moteris de\u0307vi rose aukso maz\u030cus stud auskarus su stac\u030ciakampio formos bi-color turmalinu\"},{\"@type\":\"BreadcrumbList\",\"@id\":\"https:\/\/fashiongold.lt\/et\/papuosalas\/turmaliinid-korvarongad-bi-color-turmaliinidega-ai-juveliir\/#breadcrumb\",\"itemListElement\":[{\"@type\":\"ListItem\",\"position\":1,\"name\":\"Home\",\"item\":\"https:\/\/fashiongold.lt\/et\/\"},{\"@type\":\"ListItem\",\"position\":2,\"name\":\"Teemantide pood Fashiongold.lt\",\"item\":\"https:\/\/fashiongold.lt\/shop-2\/\"},{\"@type\":\"ListItem\",\"position\":3,\"name\":\"Turmaliinid &#8211; K\u00f5rvar\u00f5ngad bi-color turmaliinidega. AI Juveliir\"}]},{\"@type\":\"WebSite\",\"@id\":\"https:\/\/fashiongold.lt\/et\/#website\",\"url\":\"https:\/\/fashiongold.lt\/et\/\",\"name\":\"Fashion Gold\",\"description\":\"Juvelyrikos namai\",\"publisher\":{\"@id\":\"https:\/\/fashiongold.lt\/et\/#organization\"},\"potentialAction\":[{\"@type\":\"SearchAction\",\"target\":{\"@type\":\"EntryPoint\",\"urlTemplate\":\"https:\/\/fashiongold.lt\/et\/?s={search_term_string}\"},\"query-input\":{\"@type\":\"PropertyValueSpecification\",\"valueRequired\":true,\"valueName\":\"search_term_string\"}}],\"inLanguage\":\"et\"},{\"@type\":\"Organization\",\"@id\":\"https:\/\/fashiongold.lt\/et\/#organization\",\"name\":\"Topdiamonds Online\",\"url\":\"https:\/\/fashiongold.lt\/et\/\",\"logo\":{\"@type\":\"ImageObject\",\"inLanguage\":\"et\",\"@id\":\"https:\/\/fashiongold.lt\/et\/#\/schema\/logo\/image\/\",\"url\":\"https:\/\/fashiongold.lt\/wp-content\/uploads\/2025\/04\/cropped-fashion_gold_logotipas2-scaled-1.png\",\"contentUrl\":\"https:\/\/fashiongold.lt\/wp-content\/uploads\/2025\/04\/cropped-fashion_gold_logotipas2-scaled-1.png\",\"width\":2559,\"height\":421,\"caption\":\"Topdiamonds Online\"},\"image\":{\"@id\":\"https:\/\/fashiongold.lt\/et\/#\/schema\/logo\/image\/\"}}]}<\/script>\n<!-- \/ Yoast SEO plugin. -->","yoast_head_json":{"title":"N\u00f6\u00f6pk\u00f5rvar\u00f5ngad bi-color turmaliinidega | Juveliir","description":"Eksklusiivsed naelk\u00f5rvar\u00f5ngad ristk\u00fclikukujuliste kahev\u00e4rviliste turmaliinidega. Individuaalne juveliirit\u00f6\u00f6, punane kuld, sertifitseeritud kvaliteet.","robots":{"index":"index","follow":"follow","max-snippet":"max-snippet:-1","max-image-preview":"max-image-preview:large","max-video-preview":"max-video-preview:-1"},"canonical":"https:\/\/fashiongold.lt\/et\/papuosalas\/turmaliinid-korvarongad-bi-color-turmaliinidega-ai-juveliir\/","og_locale":"et_EE","og_type":"article","og_title":"N\u00f6\u00f6pk\u00f5rvar\u00f5ngad bi-color turmaliinidega | Juveliir","og_description":"Eksklusiivsed naelk\u00f5rvar\u00f5ngad ristk\u00fclikukujuliste kahev\u00e4rviliste turmaliinidega. Individuaalne juveliirit\u00f6\u00f6, punane kuld, sertifitseeritud kvaliteet.","og_url":"https:\/\/fashiongold.lt\/et\/papuosalas\/turmaliinid-korvarongad-bi-color-turmaliinidega-ai-juveliir\/","og_site_name":"FashionGold.lt","og_image":[{"width":1024,"height":683,"url":"https:\/\/fashiongold.lt\/wp-content\/uploads\/2025\/12\/Stilinga-moteris-devi-rose-aukso-mazus-stud-auskarus-su-staciakampio-formos-bi-color-turmalinu-1024x683.png","type":"image\/png"}],"twitter_card":"summary_large_image","twitter_misc":{"Est. reading time":"3 minutit"},"schema":{"@context":"https:\/\/schema.org","@graph":[{"@type":"WebPage","@id":"https:\/\/fashiongold.lt\/et\/papuosalas\/turmaliinid-korvarongad-bi-color-turmaliinidega-ai-juveliir\/","url":"https:\/\/fashiongold.lt\/et\/papuosalas\/turmaliinid-korvarongad-bi-color-turmaliinidega-ai-juveliir\/","name":"N\u00f6\u00f6pk\u00f5rvar\u00f5ngad bi-color turmaliinidega | Juveliir","isPartOf":{"@id":"https:\/\/fashiongold.lt\/et\/#website"},"primaryImageOfPage":{"@id":"https:\/\/fashiongold.lt\/et\/papuosalas\/turmaliinid-korvarongad-bi-color-turmaliinidega-ai-juveliir\/#primaryimage"},"image":{"@id":"https:\/\/fashiongold.lt\/et\/papuosalas\/turmaliinid-korvarongad-bi-color-turmaliinidega-ai-juveliir\/#primaryimage"},"thumbnailUrl":"https:\/\/fashiongold.lt\/wp-content\/uploads\/2025\/12\/Stilinga-moteris-devi-rose-aukso-mazus-stud-auskarus-su-staciakampio-formos-bi-color-turmalinu.png","datePublished":"2025-12-28T09:59:13+00:00","description":"Eksklusiivsed naelk\u00f5rvar\u00f5ngad ristk\u00fclikukujuliste kahev\u00e4rviliste turmaliinidega. Individuaalne juveliirit\u00f6\u00f6, punane kuld, sertifitseeritud kvaliteet.","breadcrumb":{"@id":"https:\/\/fashiongold.lt\/et\/papuosalas\/turmaliinid-korvarongad-bi-color-turmaliinidega-ai-juveliir\/#breadcrumb"},"inLanguage":"et","potentialAction":[{"@type":"ReadAction","target":["https:\/\/fashiongold.lt\/et\/papuosalas\/turmaliinid-korvarongad-bi-color-turmaliinidega-ai-juveliir\/"]}]},{"@type":"ImageObject","inLanguage":"et","@id":"https:\/\/fashiongold.lt\/et\/papuosalas\/turmaliinid-korvarongad-bi-color-turmaliinidega-ai-juveliir\/#primaryimage","url":"https:\/\/fashiongold.lt\/wp-content\/uploads\/2025\/12\/Stilinga-moteris-devi-rose-aukso-mazus-stud-auskarus-su-staciakampio-formos-bi-color-turmalinu.png","contentUrl":"https:\/\/fashiongold.lt\/wp-content\/uploads\/2025\/12\/Stilinga-moteris-devi-rose-aukso-mazus-stud-auskarus-su-staciakampio-formos-bi-color-turmalinu.png","width":1536,"height":1024,"caption":"Stilinga moteris de\u0307vi rose aukso maz\u030cus stud auskarus su stac\u030ciakampio formos bi-color turmalinu"},{"@type":"BreadcrumbList","@id":"https:\/\/fashiongold.lt\/et\/papuosalas\/turmaliinid-korvarongad-bi-color-turmaliinidega-ai-juveliir\/#breadcrumb","itemListElement":[{"@type":"ListItem","position":1,"name":"Home","item":"https:\/\/fashiongold.lt\/et\/"},{"@type":"ListItem","position":2,"name":"Teemantide pood Fashiongold.lt","item":"https:\/\/fashiongold.lt\/shop-2\/"},{"@type":"ListItem","position":3,"name":"Turmaliinid &#8211; K\u00f5rvar\u00f5ngad bi-color turmaliinidega. AI Juveliir"}]},{"@type":"WebSite","@id":"https:\/\/fashiongold.lt\/et\/#website","url":"https:\/\/fashiongold.lt\/et\/","name":"Fashion Gold","description":"Juvelyrikos namai","publisher":{"@id":"https:\/\/fashiongold.lt\/et\/#organization"},"potentialAction":[{"@type":"SearchAction","target":{"@type":"EntryPoint","urlTemplate":"https:\/\/fashiongold.lt\/et\/?s={search_term_string}"},"query-input":{"@type":"PropertyValueSpecification","valueRequired":true,"valueName":"search_term_string"}}],"inLanguage":"et"},{"@type":"Organization","@id":"https:\/\/fashiongold.lt\/et\/#organization","name":"Topdiamonds Online","url":"https:\/\/fashiongold.lt\/et\/","logo":{"@type":"ImageObject","inLanguage":"et","@id":"https:\/\/fashiongold.lt\/et\/#\/schema\/logo\/image\/","url":"https:\/\/fashiongold.lt\/wp-content\/uploads\/2025\/04\/cropped-fashion_gold_logotipas2-scaled-1.png","contentUrl":"https:\/\/fashiongold.lt\/wp-content\/uploads\/2025\/04\/cropped-fashion_gold_logotipas2-scaled-1.png","width":2559,"height":421,"caption":"Topdiamonds Online"},"image":{"@id":"https:\/\/fashiongold.lt\/et\/#\/schema\/logo\/image\/"}}]}},"_links":{"self":[{"href":"https:\/\/fashiongold.lt\/et\/wp-json\/wp\/v2\/product\/273338","targetHints":{"allow":["GET"]}}],"collection":[{"href":"https:\/\/fashiongold.lt\/et\/wp-json\/wp\/v2\/product"}],"about":[{"href":"https:\/\/fashiongold.lt\/et\/wp-json\/wp\/v2\/types\/product"}],"version-history":[{"count":0,"href":"https:\/\/fashiongold.lt\/et\/wp-json\/wp\/v2\/product\/273338\/revisions"}],"wp:featuredmedia":[{"embeddable":true,"href":"https:\/\/fashiongold.lt\/et\/wp-json\/wp\/v2\/media\/265640"}],"wp:attachment":[{"href":"https:\/\/fashiongold.lt\/et\/wp-json\/wp\/v2\/media?parent=273338"}],"wp:term":[{"taxonomy":"product_brand","embeddable":true,"href":"https:\/\/fashiongold.lt\/et\/wp-json\/wp\/v2\/product_brand?post=273338"},{"taxonomy":"product_cat","embeddable":true,"href":"https:\/\/fashiongold.lt\/et\/wp-json\/wp\/v2\/product_cat?post=273338"},{"taxonomy":"product_tag","embeddable":true,"href":"https:\/\/fashiongold.lt\/et\/wp-json\/wp\/v2\/product_tag?post=273338"}],"curies":[{"name":"wp","href":"https:\/\/api.w.org\/{rel}","templated":true}]}}