{"id":273340,"date":"2025-12-27T18:57:25","date_gmt":"2025-12-27T18:57:25","guid":{"rendered":"https:\/\/fashiongold.lt\/papuosalas\/paraiba-paraiba-turmaliiniga-ripats-ai-juveliir\/"},"modified":"2025-12-27T18:57:25","modified_gmt":"2025-12-27T18:57:25","slug":"paraiba-paraiba-turmaliiniga-ripats-ai-juveliir","status":"publish","type":"product","link":"https:\/\/fashiongold.lt\/et\/papuosalas\/paraiba-paraiba-turmaliiniga-ripats-ai-juveliir\/","title":{"rendered":"Paraiba &#8211; Paraiba turmaliiniga ripats. AI Juveliir"},"content":{"rendered":"<h2 data-start=\"209\" data-end=\"300\">AI Juveliir: Paraiba turmaliiniga ripats \u2013 valmistamine eritellimusprojekti j\u00e4rgi<\/h2>\n<p data-start=\"245\" data-end=\"922\">See Paraiba turmaliiniga ripats on juveliiri loodud ja valmistatud individuaalprojekt, kus iga detail on l\u00e4bi m\u00f5eldud, v\u00f5ttes arvesse valitud haruldast v\u00e4\u00e4riskivi \u2013 Paraiba turmaliini, mida iseloomustab neoonne helesinine v\u00f5i sinakasroheline toon, erakordne l\u00e4bipaistvus ja ainulaadne s\u00e4ra. See ei ole seeriatoode, vaid t\u00f5eline juvelierkunsti teos, mis saab alguse ideest ja l\u00f5peb k\u00e4sitsi valmistatud ainulaadse ripatsiga. Juveliir valmistab lisaks ripatsitele ka k\u00f5rvar\u00f5ngaid ja muid ehteid eritellimusel, r\u00f5hutades nende kvaliteeti ja erilisust. Lisateavet Paraiba turmaliini, selle p\u00e4ritolu, v\u00e4rvide ja v\u00e4\u00e4rtuse kohta leiate <a href=\"https:\/\/fashiongold.lt\/et\/turmaliin-salaparane-mitmevarviline-vaariskivi\/\">siit<\/a>.<\/p>\n<p data-start=\"924\" data-end=\"1476\">Paraiba turmaliiniga ripatsit disainides hindab juveliir esmalt selle v\u00e4\u00e4riskivi omadusi \u2013 selle l\u00e4bipaistvust, v\u00e4rvi intensiivsust ja neoonset kumamist, mis v\u00f5ib varieeruda kirkast helesinisest kuni sinakasroheliseni. Just Paraiba turmaliini ainulaadsus m\u00e4\u00e4rab kogu disainilahenduse: krooni k\u00f5rguse, ripatsi proportsioonid ja kuju. Iga ripats ja muu ehe n\u00f5uab \u00e4\u00e4rmiselt hoolikat ja professionaalset t\u00f6\u00f6d, mis v\u00f5imaldab saavutada t\u00e4iusliku tasakaalu esteetika, mugavuse ja vastupidavuse vahel.<\/p>\n<p data-start=\"1478\" data-end=\"1575\">Paraiba turmaliiniga ripats valmistatakse eritellimusel, seega saame kohandada:<\/p>\n<ul>\n<li>suvalist <a href=\"https:\/\/fashiongold.lt\/et\/patarimai-et\/kulla-varv-mida-tasub-teada-erinevate-varjundite-ja-nende-omaduste-kohta\/\" target=\"_self\" rel=\"noopener noreferrer\">kullav\u00e4rvi<\/a> (valge, kollane v\u00f5i punane),<\/li>\n<li><a href=\"https:\/\/fashiongold.lt\/et\/patarimai-et\/kulla-proov-ehetele-kuidas-valida-oiget\/\" target=\"_self\" rel=\"noopener noreferrer\">soovitud kullaproovi 585 v\u00f5i 750<\/a>,<\/li>\n<li>v\u00e4\u00e4riskivide erinevat suurust ja paigutust,<\/li>\n<li>Paraiba turmaliini individuaalset varjundit \u2013 kirkast helesinisest kuni sinakasroheliseni, millel on &#8220;neoonne&#8221; efekt.<\/li>\n<\/ul>\n<p data-start=\"1833\" data-end=\"1967\">Eritellimusprojekti j\u00e4rgi ripatsit v\u00f5i muud ehet valides on k\u00f5ige olulisem see, mis vastab teie isiksusele, stiilile ja vajadustele.<\/p>\n<p data-start=\"1969\" data-end=\"2465\">Selles mudelis on valitud halo-disain, mis r\u00f5hutab delikaatselt Paraiba turmaliini erakordset s\u00e4ra ning annab ripatsile t\u00e4iendavat luksuslikkust ja eksklusiivsust. V\u00e4ikesed nagad raamivad elegantselt keskset kivi ja tugevdavad valguse m\u00e4ngu, samas kui v\u00e4\u00e4riskivi ise \u2013 Paraiba turmaliin \u2013 saab peamiseks visuaalseks aktsendiks. V\u00e4rviliste v\u00e4\u00e4riskivide seas peetakse Paraibat \u00fcheks haruldasemaks ja v\u00e4\u00e4rtuslikumaks maailmas, mis eristub oma kordumatu kumamise ja investeerimisv\u00e4\u00e4rtuse poolest.<\/p>\n<p>K\u00f5ik ripatsid ja <a href=\"https:\/\/fashiongold.lt\/et\/kategorija\/pidulikud-korvarongad\/\" target=\"_self\" rel=\"noopener noreferrer\">muud ehed<\/a> on valmistatud Leedus ning neil on Leedu Proovikoja sertifikaadid.<\/p>\n<p>See on <a href=\"https:\/\/fashiongold.lt\/et\/patarimai-et\/juveliir-kui-teie-unistus-saab-kulla-kuju\/\" target=\"_self\" rel=\"noopener noreferrer\">juveliiri valmistatud eritellimusprojekt<\/a> neile, kes otsivad lisaks ripatsile ka isiklikku lugu, mis on loodud kullast, teemantidest ja Paraiba turmaliinist. Iga selline ripats on ainulaadne, kohandatud just teile ja teie valitud v\u00e4\u00e4riskivile, ning individuaalne disain v\u00f5imaldab peenelt avada teie isiklikku esteetikat ja v\u00e4\u00e4rtushinnanguid.<\/p>\n<h4>Meie teenused<\/h4>\n<p>Pakume <a href=\"https:\/\/fashiongold.lt\/et\/kategorija\/ehete-valmistamine\/\" target=\"_self\" rel=\"noopener noreferrer\">individuaalset disaini, kus iga ehe luuakse vastavalt teie ideedele ja visioonile<\/a>. Teostame ka restaureerimist, et teie kallid ehted s\u00e4raksid taas nagu uued. Iga meie teos ei ole ainult ehe, vaid ka teie isiksuse peegeldus. Iga meie t\u00f6\u00f6 on t\u00f5estus sellest, et kvaliteet ja loovus v\u00f5ivad k\u00e4ia k\u00e4sik\u00e4es.<\/p>\n<h4>Avatus ja Garantii<\/h4>\n<p>Meie l\u00e4henemine on avatus ja siiras suhtlus iga kliendiga. Oleme teie jaoks olemas alates esimesest konsultatsioonist kuni valmis ehte k\u00e4ttesaamiseni, et aidata teid k\u00f5igis k\u00fcsimustes. Anname k\u00f5igile oma toodetele 5-aastase kvaliteedigarantii, nii et v\u00f5ite olla kindlad nende usaldusv\u00e4\u00e4rsuses ja vastupidavuses. Meie garantii h\u00f5lmab k\u00f5iki tootmiskvaliteedi aspekte, et saaksite ehteid muretult nautida aastaid. Hoolitseme selle eest, et iga meie klient tunneks end kindlalt ja teaks, et meie ehted on usaldust v\u00e4\u00e4rt.<\/p>\n<h4>Tellimused ja konsultatsioonid<\/h4>\n<p>Kui soovite tellida eritellimusehet v\u00f5i konsulteerida oma ideede osas, on meie meeskond alati valmis teid aitama. Konsultatsiooni k\u00e4igus arutame teie visiooni, eelistusi ja pakume parimaid lahendusi, et valmistada teie ootustele vastavad ehted. P\u00f6\u00f6rame igale tellimusele erilist t\u00e4helepanu, mist\u00f5ttu saame pakkuda individuaalseid lahendusi nii kihlas\u00f5rmustele kui ka muudele ehetele. Ehete valmistamine kestab tavaliselt umbes 5 n\u00e4dalat, kuid anname alati parima, et teie ehted saaksid valmis v\u00f5imalikult kiiresti. V\u00f5tke meiega \u00fchendust \u2013 loome koos ehted, mis saavad osaks teie loost.<\/p>\n","protected":false},"excerpt":{"rendered":"<p>AI Juveliir: Paraiba turmaliiniga ripats \u2013 valmistamine eritellimusprojekti j\u00e4rgi See Paraiba turmaliiniga ripats on juveliiri loodud ja valmistatud individuaalprojekt, kus [&hellip;]<\/p>\n","protected":false},"featured_media":265385,"template":"","meta":{"site-sidebar-layout":"default","site-content-layout":"","ast-site-content-layout":"default","site-content-style":"default","site-sidebar-style":"default","ast-global-header-display":"","ast-banner-title-visibility":"","ast-main-header-display":"","ast-hfb-above-header-display":"","ast-hfb-below-header-display":"","ast-hfb-mobile-header-display":"","site-post-title":"","ast-breadcrumbs-content":"","ast-featured-img":"","footer-sml-layout":"","ast-disable-related-posts":"","theme-transparent-header-meta":"default","adv-header-id-meta":"","stick-header-meta":"","header-above-stick-meta":"","header-main-stick-meta":"","header-below-stick-meta":"","astra-migrate-meta-layouts":"default","ast-page-background-enabled":"default","ast-page-background-meta":{"desktop":{"background-color":"var(--ast-global-color-4)","background-image":"","background-repeat":"repeat","background-position":"center center","background-size":"auto","background-attachment":"scroll","background-type":"","background-media":"","overlay-type":"","overlay-color":"","overlay-opacity":"","overlay-gradient":""},"tablet":{"background-color":"","background-image":"","background-repeat":"repeat","background-position":"center center","background-size":"auto","background-attachment":"scroll","background-type":"","background-media":"","overlay-type":"","overlay-color":"","overlay-opacity":"","overlay-gradient":""},"mobile":{"background-color":"","background-image":"","background-repeat":"repeat","background-position":"center center","background-size":"auto","background-attachment":"scroll","background-type":"","background-media":"","overlay-type":"","overlay-color":"","overlay-opacity":"","overlay-gradient":""}},"ast-content-background-meta":{"desktop":{"background-color":"var(--ast-global-color-5)","background-image":"","background-repeat":"repeat","background-position":"center center","background-size":"auto","background-attachment":"scroll","background-type":"","background-media":"","overlay-type":"","overlay-color":"","overlay-opacity":"","overlay-gradient":""},"tablet":{"background-color":"var(--ast-global-color-5)","background-image":"","background-repeat":"repeat","background-position":"center center","background-size":"auto","background-attachment":"scroll","background-type":"","background-media":"","overlay-type":"","overlay-color":"","overlay-opacity":"","overlay-gradient":""},"mobile":{"background-color":"var(--ast-global-color-5)","background-image":"","background-repeat":"repeat","background-position":"center center","background-size":"auto","background-attachment":"scroll","background-type":"","background-media":"","overlay-type":"","overlay-color":"","overlay-opacity":"","overlay-gradient":""}}},"product_brand":[],"product_cat":[2838,2839,2846,2847],"product_tag":[],"class_list":{"0":"post-273340","1":"product","2":"type-product","3":"status-publish","4":"has-post-thumbnail","6":"product_cat-ehete-valmistamine","7":"product_cat-juveliir","8":"product_cat-poolvaariskividega-ehted","9":"product_cat-siniste-vaariskividega-ehted","10":"desktop-align-center","11":"tablet-align-left","12":"mobile-align-left","13":"ast-product-gallery-layout-horizontal-slider","14":"ast-product-tabs-layout-accordion","15":"ast-qv-on-image","17":"first","18":"onbackorder","19":"taxable","20":"shipping-taxable","21":"purchasable","22":"product-type-simple"},"yoast_head":"<!-- This site is optimized with the Yoast SEO plugin v26.6 - https:\/\/yoast.com\/wordpress\/plugins\/seo\/ -->\n<title>Juveliir: Paraibaga ripats \u2013 eritellimusel valmistamine<\/title>\n<meta name=\"description\" content=\"Eksklusiivne Paraiba turmaliiniga ripats, mis on valmistatud individuaalse projekti j\u00e4rgi. Valge, kollane v\u00f5i punane kuld, teemandid, sertifitseeritud kvaliteet.\" \/>\n<meta name=\"robots\" content=\"index, follow, max-snippet:-1, max-image-preview:large, max-video-preview:-1\" \/>\n<link rel=\"canonical\" href=\"https:\/\/fashiongold.lt\/et\/papuosalas\/paraiba-paraiba-turmaliiniga-ripats-ai-juveliir\/\" \/>\n<meta property=\"og:locale\" content=\"et_EE\" \/>\n<meta property=\"og:type\" content=\"article\" \/>\n<meta property=\"og:title\" content=\"Juveliir: Paraibaga ripats \u2013 eritellimusel valmistamine\" \/>\n<meta property=\"og:description\" content=\"Eksklusiivne Paraiba turmaliiniga ripats, mis on valmistatud individuaalse projekti j\u00e4rgi. Valge, kollane v\u00f5i punane kuld, teemandid, sertifitseeritud kvaliteet.\" \/>\n<meta property=\"og:url\" content=\"https:\/\/fashiongold.lt\/et\/papuosalas\/paraiba-paraiba-turmaliiniga-ripats-ai-juveliir\/\" \/>\n<meta property=\"og:site_name\" content=\"FashionGold.lt\" \/>\n<meta property=\"og:image\" content=\"https:\/\/fashiongold.lt\/wp-content\/uploads\/2025\/12\/Baltas-aukso-pakabukas-su-laso-formos-Paraiba-turmalinu-intensyviai-zydros-spalvos-brangakmenis-1024x683.png\" \/>\n\t<meta property=\"og:image:width\" content=\"1024\" \/>\n\t<meta property=\"og:image:height\" content=\"683\" \/>\n\t<meta property=\"og:image:type\" content=\"image\/png\" \/>\n<meta name=\"twitter:card\" content=\"summary_large_image\" \/>\n<meta name=\"twitter:label1\" content=\"Est. reading time\" \/>\n\t<meta name=\"twitter:data1\" content=\"3 minutit\" \/>\n<script type=\"application\/ld+json\" class=\"yoast-schema-graph\">{\"@context\":\"https:\/\/schema.org\",\"@graph\":[{\"@type\":\"WebPage\",\"@id\":\"https:\/\/fashiongold.lt\/et\/papuosalas\/paraiba-paraiba-turmaliiniga-ripats-ai-juveliir\/\",\"url\":\"https:\/\/fashiongold.lt\/et\/papuosalas\/paraiba-paraiba-turmaliiniga-ripats-ai-juveliir\/\",\"name\":\"Juveliir: Paraibaga ripats \u2013 eritellimusel valmistamine\",\"isPartOf\":{\"@id\":\"https:\/\/fashiongold.lt\/et\/#website\"},\"primaryImageOfPage\":{\"@id\":\"https:\/\/fashiongold.lt\/et\/papuosalas\/paraiba-paraiba-turmaliiniga-ripats-ai-juveliir\/#primaryimage\"},\"image\":{\"@id\":\"https:\/\/fashiongold.lt\/et\/papuosalas\/paraiba-paraiba-turmaliiniga-ripats-ai-juveliir\/#primaryimage\"},\"thumbnailUrl\":\"https:\/\/fashiongold.lt\/wp-content\/uploads\/2025\/12\/Baltas-aukso-pakabukas-su-laso-formos-Paraiba-turmalinu-intensyviai-zydros-spalvos-brangakmenis.png\",\"datePublished\":\"2025-12-27T18:57:25+00:00\",\"description\":\"Eksklusiivne Paraiba turmaliiniga ripats, mis on valmistatud individuaalse projekti j\u00e4rgi. Valge, kollane v\u00f5i punane kuld, teemandid, sertifitseeritud kvaliteet.\",\"breadcrumb\":{\"@id\":\"https:\/\/fashiongold.lt\/et\/papuosalas\/paraiba-paraiba-turmaliiniga-ripats-ai-juveliir\/#breadcrumb\"},\"inLanguage\":\"et\",\"potentialAction\":[{\"@type\":\"ReadAction\",\"target\":[\"https:\/\/fashiongold.lt\/et\/papuosalas\/paraiba-paraiba-turmaliiniga-ripats-ai-juveliir\/\"]}]},{\"@type\":\"ImageObject\",\"inLanguage\":\"et\",\"@id\":\"https:\/\/fashiongold.lt\/et\/papuosalas\/paraiba-paraiba-turmaliiniga-ripats-ai-juveliir\/#primaryimage\",\"url\":\"https:\/\/fashiongold.lt\/wp-content\/uploads\/2025\/12\/Baltas-aukso-pakabukas-su-laso-formos-Paraiba-turmalinu-intensyviai-zydros-spalvos-brangakmenis.png\",\"contentUrl\":\"https:\/\/fashiongold.lt\/wp-content\/uploads\/2025\/12\/Baltas-aukso-pakabukas-su-laso-formos-Paraiba-turmalinu-intensyviai-zydros-spalvos-brangakmenis.png\",\"width\":1536,\"height\":1024,\"caption\":\"Baltas aukso pakabukas su las\u030co formos Paraiba turmalinu, intensyviai z\u030cydros spalvos brangakmenis\"},{\"@type\":\"BreadcrumbList\",\"@id\":\"https:\/\/fashiongold.lt\/et\/papuosalas\/paraiba-paraiba-turmaliiniga-ripats-ai-juveliir\/#breadcrumb\",\"itemListElement\":[{\"@type\":\"ListItem\",\"position\":1,\"name\":\"Home\",\"item\":\"https:\/\/fashiongold.lt\/et\/\"},{\"@type\":\"ListItem\",\"position\":2,\"name\":\"Teemantide pood Fashiongold.lt\",\"item\":\"https:\/\/fashiongold.lt\/shop-2\/\"},{\"@type\":\"ListItem\",\"position\":3,\"name\":\"Paraiba &#8211; Paraiba turmaliiniga ripats. AI Juveliir\"}]},{\"@type\":\"WebSite\",\"@id\":\"https:\/\/fashiongold.lt\/et\/#website\",\"url\":\"https:\/\/fashiongold.lt\/et\/\",\"name\":\"Fashion Gold\",\"description\":\"Juvelyrikos namai\",\"publisher\":{\"@id\":\"https:\/\/fashiongold.lt\/et\/#organization\"},\"potentialAction\":[{\"@type\":\"SearchAction\",\"target\":{\"@type\":\"EntryPoint\",\"urlTemplate\":\"https:\/\/fashiongold.lt\/et\/?s={search_term_string}\"},\"query-input\":{\"@type\":\"PropertyValueSpecification\",\"valueRequired\":true,\"valueName\":\"search_term_string\"}}],\"inLanguage\":\"et\"},{\"@type\":\"Organization\",\"@id\":\"https:\/\/fashiongold.lt\/et\/#organization\",\"name\":\"Topdiamonds Online\",\"url\":\"https:\/\/fashiongold.lt\/et\/\",\"logo\":{\"@type\":\"ImageObject\",\"inLanguage\":\"et\",\"@id\":\"https:\/\/fashiongold.lt\/et\/#\/schema\/logo\/image\/\",\"url\":\"https:\/\/fashiongold.lt\/wp-content\/uploads\/2025\/04\/cropped-fashion_gold_logotipas2-scaled-1.png\",\"contentUrl\":\"https:\/\/fashiongold.lt\/wp-content\/uploads\/2025\/04\/cropped-fashion_gold_logotipas2-scaled-1.png\",\"width\":2559,\"height\":421,\"caption\":\"Topdiamonds Online\"},\"image\":{\"@id\":\"https:\/\/fashiongold.lt\/et\/#\/schema\/logo\/image\/\"}}]}<\/script>\n<!-- \/ Yoast SEO plugin. -->","yoast_head_json":{"title":"Juveliir: Paraibaga ripats \u2013 eritellimusel valmistamine","description":"Eksklusiivne Paraiba turmaliiniga ripats, mis on valmistatud individuaalse projekti j\u00e4rgi. Valge, kollane v\u00f5i punane kuld, teemandid, sertifitseeritud kvaliteet.","robots":{"index":"index","follow":"follow","max-snippet":"max-snippet:-1","max-image-preview":"max-image-preview:large","max-video-preview":"max-video-preview:-1"},"canonical":"https:\/\/fashiongold.lt\/et\/papuosalas\/paraiba-paraiba-turmaliiniga-ripats-ai-juveliir\/","og_locale":"et_EE","og_type":"article","og_title":"Juveliir: Paraibaga ripats \u2013 eritellimusel valmistamine","og_description":"Eksklusiivne Paraiba turmaliiniga ripats, mis on valmistatud individuaalse projekti j\u00e4rgi. Valge, kollane v\u00f5i punane kuld, teemandid, sertifitseeritud kvaliteet.","og_url":"https:\/\/fashiongold.lt\/et\/papuosalas\/paraiba-paraiba-turmaliiniga-ripats-ai-juveliir\/","og_site_name":"FashionGold.lt","og_image":[{"width":1024,"height":683,"url":"https:\/\/fashiongold.lt\/wp-content\/uploads\/2025\/12\/Baltas-aukso-pakabukas-su-laso-formos-Paraiba-turmalinu-intensyviai-zydros-spalvos-brangakmenis-1024x683.png","type":"image\/png"}],"twitter_card":"summary_large_image","twitter_misc":{"Est. reading time":"3 minutit"},"schema":{"@context":"https:\/\/schema.org","@graph":[{"@type":"WebPage","@id":"https:\/\/fashiongold.lt\/et\/papuosalas\/paraiba-paraiba-turmaliiniga-ripats-ai-juveliir\/","url":"https:\/\/fashiongold.lt\/et\/papuosalas\/paraiba-paraiba-turmaliiniga-ripats-ai-juveliir\/","name":"Juveliir: Paraibaga ripats \u2013 eritellimusel valmistamine","isPartOf":{"@id":"https:\/\/fashiongold.lt\/et\/#website"},"primaryImageOfPage":{"@id":"https:\/\/fashiongold.lt\/et\/papuosalas\/paraiba-paraiba-turmaliiniga-ripats-ai-juveliir\/#primaryimage"},"image":{"@id":"https:\/\/fashiongold.lt\/et\/papuosalas\/paraiba-paraiba-turmaliiniga-ripats-ai-juveliir\/#primaryimage"},"thumbnailUrl":"https:\/\/fashiongold.lt\/wp-content\/uploads\/2025\/12\/Baltas-aukso-pakabukas-su-laso-formos-Paraiba-turmalinu-intensyviai-zydros-spalvos-brangakmenis.png","datePublished":"2025-12-27T18:57:25+00:00","description":"Eksklusiivne Paraiba turmaliiniga ripats, mis on valmistatud individuaalse projekti j\u00e4rgi. Valge, kollane v\u00f5i punane kuld, teemandid, sertifitseeritud kvaliteet.","breadcrumb":{"@id":"https:\/\/fashiongold.lt\/et\/papuosalas\/paraiba-paraiba-turmaliiniga-ripats-ai-juveliir\/#breadcrumb"},"inLanguage":"et","potentialAction":[{"@type":"ReadAction","target":["https:\/\/fashiongold.lt\/et\/papuosalas\/paraiba-paraiba-turmaliiniga-ripats-ai-juveliir\/"]}]},{"@type":"ImageObject","inLanguage":"et","@id":"https:\/\/fashiongold.lt\/et\/papuosalas\/paraiba-paraiba-turmaliiniga-ripats-ai-juveliir\/#primaryimage","url":"https:\/\/fashiongold.lt\/wp-content\/uploads\/2025\/12\/Baltas-aukso-pakabukas-su-laso-formos-Paraiba-turmalinu-intensyviai-zydros-spalvos-brangakmenis.png","contentUrl":"https:\/\/fashiongold.lt\/wp-content\/uploads\/2025\/12\/Baltas-aukso-pakabukas-su-laso-formos-Paraiba-turmalinu-intensyviai-zydros-spalvos-brangakmenis.png","width":1536,"height":1024,"caption":"Baltas aukso pakabukas su las\u030co formos Paraiba turmalinu, intensyviai z\u030cydros spalvos brangakmenis"},{"@type":"BreadcrumbList","@id":"https:\/\/fashiongold.lt\/et\/papuosalas\/paraiba-paraiba-turmaliiniga-ripats-ai-juveliir\/#breadcrumb","itemListElement":[{"@type":"ListItem","position":1,"name":"Home","item":"https:\/\/fashiongold.lt\/et\/"},{"@type":"ListItem","position":2,"name":"Teemantide pood Fashiongold.lt","item":"https:\/\/fashiongold.lt\/shop-2\/"},{"@type":"ListItem","position":3,"name":"Paraiba &#8211; Paraiba turmaliiniga ripats. AI Juveliir"}]},{"@type":"WebSite","@id":"https:\/\/fashiongold.lt\/et\/#website","url":"https:\/\/fashiongold.lt\/et\/","name":"Fashion Gold","description":"Juvelyrikos namai","publisher":{"@id":"https:\/\/fashiongold.lt\/et\/#organization"},"potentialAction":[{"@type":"SearchAction","target":{"@type":"EntryPoint","urlTemplate":"https:\/\/fashiongold.lt\/et\/?s={search_term_string}"},"query-input":{"@type":"PropertyValueSpecification","valueRequired":true,"valueName":"search_term_string"}}],"inLanguage":"et"},{"@type":"Organization","@id":"https:\/\/fashiongold.lt\/et\/#organization","name":"Topdiamonds Online","url":"https:\/\/fashiongold.lt\/et\/","logo":{"@type":"ImageObject","inLanguage":"et","@id":"https:\/\/fashiongold.lt\/et\/#\/schema\/logo\/image\/","url":"https:\/\/fashiongold.lt\/wp-content\/uploads\/2025\/04\/cropped-fashion_gold_logotipas2-scaled-1.png","contentUrl":"https:\/\/fashiongold.lt\/wp-content\/uploads\/2025\/04\/cropped-fashion_gold_logotipas2-scaled-1.png","width":2559,"height":421,"caption":"Topdiamonds Online"},"image":{"@id":"https:\/\/fashiongold.lt\/et\/#\/schema\/logo\/image\/"}}]}},"_links":{"self":[{"href":"https:\/\/fashiongold.lt\/et\/wp-json\/wp\/v2\/product\/273340","targetHints":{"allow":["GET"]}}],"collection":[{"href":"https:\/\/fashiongold.lt\/et\/wp-json\/wp\/v2\/product"}],"about":[{"href":"https:\/\/fashiongold.lt\/et\/wp-json\/wp\/v2\/types\/product"}],"version-history":[{"count":0,"href":"https:\/\/fashiongold.lt\/et\/wp-json\/wp\/v2\/product\/273340\/revisions"}],"wp:featuredmedia":[{"embeddable":true,"href":"https:\/\/fashiongold.lt\/et\/wp-json\/wp\/v2\/media\/265385"}],"wp:attachment":[{"href":"https:\/\/fashiongold.lt\/et\/wp-json\/wp\/v2\/media?parent=273340"}],"wp:term":[{"taxonomy":"product_brand","embeddable":true,"href":"https:\/\/fashiongold.lt\/et\/wp-json\/wp\/v2\/product_brand?post=273340"},{"taxonomy":"product_cat","embeddable":true,"href":"https:\/\/fashiongold.lt\/et\/wp-json\/wp\/v2\/product_cat?post=273340"},{"taxonomy":"product_tag","embeddable":true,"href":"https:\/\/fashiongold.lt\/et\/wp-json\/wp\/v2\/product_tag?post=273340"}],"curies":[{"name":"wp","href":"https:\/\/api.w.org\/{rel}","templated":true}]}}