{"id":273343,"date":"2025-12-27T10:12:15","date_gmt":"2025-12-27T10:12:15","guid":{"rendered":"https:\/\/fashiongold.lt\/papuosalas\/ametust-sudamekujulise-ametustiga-ripats-ai-juveliir\/"},"modified":"2025-12-27T10:12:15","modified_gmt":"2025-12-27T10:12:15","slug":"ametust-sudamekujulise-ametustiga-ripats-ai-juveliir","status":"publish","type":"product","link":"https:\/\/fashiongold.lt\/et\/papuosalas\/ametust-sudamekujulise-ametustiga-ripats-ai-juveliir\/","title":{"rendered":"Amet\u00fcst &#8211; s\u00fcdamekujulise amet\u00fcstiga ripats. AI Juveliir"},"content":{"rendered":"<h2 data-start=\"347\" data-end=\"441\"><strong data-start=\"350\" data-end=\"441\">AI Juvelyras: s\u00fcdamekujulise amet\u00fcstiga ripats \u2013 valmistamine individuaalprojekti j\u00e4rgi<\/strong><\/h2>\n<p data-start=\"443\" data-end=\"918\">See s\u00fcdamekujulise amet\u00fcstiga ripats on juveliiri loodud ja valmistatud individuaalprojekt, kus iga detail on l\u00e4bi m\u00f5eldud, arvestades valitud v\u00e4\u00e4riskivi \u2013 lillat v\u00e4rvi s\u00fcdamekujulist amet\u00fcsti. See ei ole seeriatoode, vaid t\u00f5eline juveelit\u00f6\u00f6, mis algab ideest ja l\u00f5peb k\u00e4sitsi loodud ainulaadse ripatsiga. Juveliir valmistab eritellimusel mitte ainult ripatseid, vaid ka k\u00f5rvar\u00f5ngaid, r\u00f5hutades nende kvaliteeti ja unikaalsust.<\/p>\n<p data-start=\"920\" data-end=\"1434\">Ripatsit projekteerides hindab juveliir esmalt s\u00fcdamekujulise amet\u00fcsti omadusi \u2013 selle lillat v\u00e4rvi, l\u00e4bipaistvust, s\u00fcdamekuju proportsioone ja \u00fcldist esteetilist tasakaalu. Just konkreetse s\u00fcdamekujulise amet\u00fcsti j\u00e4rgi luuakse kogu disain: krooni k\u00f5rgus, halo-teemantide paigutus, ripatsi laius ja kuju. Iga ripats ja muu ehe n\u00f5uab v\u00e4ga hoolikat ja professionaalset t\u00f6\u00f6d, mis v\u00f5imaldab saavutada t\u00e4iusliku tasakaalu esteetika, mugavuse ja vastupidavuse vahel.<\/p>\n<p data-start=\"1436\" data-end=\"1508\">Ripats valmistatakse eritellimusel, seega saame kohandada:<\/p>\n<ul>\n<li>mis tahes <a href=\"https:\/\/fashiongold.lt\/et\/patarimai-et\/kulla-varv-mida-tasub-teada-erinevate-varjundite-ja-nende-omaduste-kohta\/\" target=\"_self\" rel=\"noopener noreferrer\">kullav\u00e4rvi<\/a> (valget, kollast v\u00f5i punast),<\/li>\n<li><a href=\"https:\/\/fashiongold.lt\/et\/patarimai-et\/kulla-proov-ehetele-kuidas-valida-oiget\/\" target=\"_self\" rel=\"noopener noreferrer\">soovitud kullaproovi 585 v\u00f5i 750<\/a>,<\/li>\n<li>teemantide erinevat suurust ja paigutust,<\/li>\n<li>s\u00fcdamekujulise amet\u00fcsti individuaalset varjundit \u2013 \u00f5rnast sirelilillast kuni s\u00fcgava kuningliku lillani <span style=\"font-size: 16px;\">toonini<\/span><span style=\"font-size: 16px;\">.<\/span><\/li>\n<\/ul>\n<p data-start=\"1803\" data-end=\"2019\">Valides ripatsit v\u00f5i muud ehet individuaalprojekti j\u00e4rgi, on k\u00f5ige olulisem see, mis vastab teie isiksusele, stiilile ja vajadustele. S\u00fcdamekuju annab sellele ehtele erilise emotsionaalse t\u00e4henduse ja s\u00fcmboolika.<\/p>\n<p data-start=\"2021\" data-end=\"2509\">Selles mudelis on valitud halo-disain, mis mitte ainult ei r\u00f5huta s\u00fcdamekujulise amet\u00fcsti s\u00e4ra, vaid annab ripatsile ka luksuslikkust ja eksklusiivsust. V\u00e4ikesed teemandid raamivad delikaatselt lillat s\u00fcdamekujulist kivi ja tugevdavad valguse m\u00e4ngu, samas kui v\u00e4\u00e4riskivi ise \u2013 s\u00fcdamekujuline amet\u00fcst \u2013 muutub kompositsiooni peamiseks aktsendiks. Eksklusiivsete v\u00e4\u00e4riskivide seas tasub mainida ka aleksandriiti, kuid selles disainis on prioriteediks just amet\u00fcst.<\/p>\n<p>K\u00f5ik s\u00f5rmused ja <a href=\"https:\/\/fashiongold.lt\/et\/kategorija\/pidulikud-korvarongad\/\" target=\"_self\" rel=\"noopener noreferrer\">muud ehted<\/a> valmistatakse Leedus ning neil on Leedu proovikoja sertifikaadid.<\/p>\n<p>See on <a href=\"https:\/\/fashiongold.lt\/et\/patarimai-et\/juveliir-kui-teie-unistus-saab-kulla-kuju\/\" target=\"_self\" rel=\"noopener noreferrer\">juveliirit\u00f6\u00f6 individuaalprojekti j\u00e4rgi<\/a>, mis on m\u00f5eldud neile, kes otsivad mitte ainult ripatsit, vaid ka isiklikku lugu, mis on loodud kullast, teemantidest ja lillast s\u00fcdamekujulisest amet\u00fcstist. Iga selline ripats on ainulaadne, kohandatud just teile ja teie valitud v\u00e4\u00e4riskivile. S\u00fcdamekujulise kiviga ripatsitel on eriline s\u00fcmbolv\u00e4\u00e4rtus \u2013 need s\u00fcmboliseerivad armastust, l\u00e4hedust ja emotsionaalset sidet, ning individuaalne disain v\u00f5imaldab paljastada teie isikliku loo.<\/p>\n<h4>Meie teenused<\/h4>\n<p>Pakume <a href=\"https:\/\/fashiongold.lt\/et\/kategorija\/ehete-valmistamine\/\" target=\"_self\" rel=\"noopener noreferrer\">individuaalset disaini, kus iga ehe luuakse teie ideede ja visiooni p\u00f5hjal<\/a>. Teostame ka restaureerimist, et teie kallid ehted s\u00e4raksid taas nagu uued. Iga meie looming ei ole lihtsalt ehe, vaid teie isiksuse peegeldus. Iga meie t\u00f6\u00f6 on t\u00f5estus sellest, et kvaliteet ja loovus v\u00f5ivad k\u00e4ia k\u00e4sik\u00e4es.<\/p>\n<h4>Avatus ja garantii<\/h4>\n<p>Meie l\u00e4henemisviis on avatus ja siiras suhtlus iga kliendiga. Oleme teie k\u00f5rval esimesest konsultatsioonist kuni ehte k\u00e4ttesaamiseni, et aidata teid k\u00f5igis k\u00fcsimustes. Anname k\u00f5igile oma toodetele 5-aastase kvaliteedigarantii, nii et v\u00f5ite olla kindlad nende usaldusv\u00e4\u00e4rsuses ja vastupidavuses. Meie garantii h\u00f5lmab k\u00f5iki valmistamise kvaliteedi aspekte, et saaksite ehteid muretult nautida aastaid. Hoolitseme selle eest, et iga meie klient tunneks end kindlalt ja teaks, et meie ehted on usaldusv\u00e4\u00e4rsed.<\/p>\n<h4>Tellimused ja konsultatsioonid<\/h4>\n<p>Kui soovite tellida individuaalset ehet v\u00f5i konsulteerida oma ideede osas, on meie meeskond alati valmis teid aitama. Konsultatsiooni k\u00e4igus arutame l\u00e4bi teie visiooni, soovid ja pakume parimaid lahendusi, et valmistada teie ootustele vastavad ehted. P\u00f6\u00f6rame igale tellimusele erilist t\u00e4helepanu, mist\u00f5ttu saame pakkuda individuaalseid lahendusi nii kihlas\u00f5rmuste kui ka muude ehete puhul. Ehete valmistamine v\u00f5tab tavaliselt aega umbes 5 n\u00e4dalat, kuid p\u00fc\u00fcame alati tagada, et teie ehted valmiksid v\u00f5imalikult kiiresti. V\u00f5tke meiega \u00fchendust \u2013 loome koos ehted, millest saab osa teie loost.<\/p>\n","protected":false},"excerpt":{"rendered":"<p>AI Juvelyras: s\u00fcdamekujulise amet\u00fcstiga ripats \u2013 valmistamine individuaalprojekti j\u00e4rgi See s\u00fcdamekujulise amet\u00fcstiga ripats on juveliiri loodud ja valmistatud individuaalprojekt, kus [&hellip;]<\/p>\n","protected":false},"featured_media":264969,"template":"","meta":{"site-sidebar-layout":"default","site-content-layout":"","ast-site-content-layout":"default","site-content-style":"default","site-sidebar-style":"default","ast-global-header-display":"","ast-banner-title-visibility":"","ast-main-header-display":"","ast-hfb-above-header-display":"","ast-hfb-below-header-display":"","ast-hfb-mobile-header-display":"","site-post-title":"","ast-breadcrumbs-content":"","ast-featured-img":"","footer-sml-layout":"","ast-disable-related-posts":"","theme-transparent-header-meta":"default","adv-header-id-meta":"","stick-header-meta":"","header-above-stick-meta":"","header-main-stick-meta":"","header-below-stick-meta":"","astra-migrate-meta-layouts":"default","ast-page-background-enabled":"default","ast-page-background-meta":{"desktop":{"background-color":"var(--ast-global-color-4)","background-image":"","background-repeat":"repeat","background-position":"center center","background-size":"auto","background-attachment":"scroll","background-type":"","background-media":"","overlay-type":"","overlay-color":"","overlay-opacity":"","overlay-gradient":""},"tablet":{"background-color":"","background-image":"","background-repeat":"repeat","background-position":"center center","background-size":"auto","background-attachment":"scroll","background-type":"","background-media":"","overlay-type":"","overlay-color":"","overlay-opacity":"","overlay-gradient":""},"mobile":{"background-color":"","background-image":"","background-repeat":"repeat","background-position":"center center","background-size":"auto","background-attachment":"scroll","background-type":"","background-media":"","overlay-type":"","overlay-color":"","overlay-opacity":"","overlay-gradient":""}},"ast-content-background-meta":{"desktop":{"background-color":"var(--ast-global-color-5)","background-image":"","background-repeat":"repeat","background-position":"center center","background-size":"auto","background-attachment":"scroll","background-type":"","background-media":"","overlay-type":"","overlay-color":"","overlay-opacity":"","overlay-gradient":""},"tablet":{"background-color":"var(--ast-global-color-5)","background-image":"","background-repeat":"repeat","background-position":"center center","background-size":"auto","background-attachment":"scroll","background-type":"","background-media":"","overlay-type":"","overlay-color":"","overlay-opacity":"","overlay-gradient":""},"mobile":{"background-color":"var(--ast-global-color-5)","background-image":"","background-repeat":"repeat","background-position":"center center","background-size":"auto","background-attachment":"scroll","background-type":"","background-media":"","overlay-type":"","overlay-color":"","overlay-opacity":"","overlay-gradient":""}}},"product_brand":[],"product_cat":[2838,2839],"product_tag":[],"class_list":{"0":"post-273343","1":"product","2":"type-product","3":"status-publish","4":"has-post-thumbnail","6":"product_cat-ehete-valmistamine","7":"product_cat-juveliir","8":"desktop-align-center","9":"tablet-align-left","10":"mobile-align-left","11":"ast-product-gallery-layout-horizontal-slider","12":"ast-product-tabs-layout-accordion","13":"ast-qv-on-image","15":"first","16":"onbackorder","17":"taxable","18":"shipping-taxable","19":"purchasable","20":"product-type-simple"},"yoast_head":"<!-- This site is optimized with the Yoast SEO plugin v26.6 - https:\/\/yoast.com\/wordpress\/plugins\/seo\/ -->\n<title>S\u00fcdamekujulise ametistiga ripats \u2013 eritellimus<\/title>\n<meta name=\"description\" content=\"Lilla s\u00fcdamekujulise amet\u00fcstiga ripats, mis valmistatakse individuaalprojekti j\u00e4rgi. Kuld, teemandid ja eksklusiivsed ehted.\" \/>\n<meta name=\"robots\" content=\"index, follow, max-snippet:-1, max-image-preview:large, max-video-preview:-1\" \/>\n<link rel=\"canonical\" href=\"https:\/\/fashiongold.lt\/et\/papuosalas\/ametust-sudamekujulise-ametustiga-ripats-ai-juveliir\/\" \/>\n<meta property=\"og:locale\" content=\"et_EE\" \/>\n<meta property=\"og:type\" content=\"article\" \/>\n<meta property=\"og:title\" content=\"S\u00fcdamekujulise ametistiga ripats \u2013 eritellimus\" \/>\n<meta property=\"og:description\" content=\"Lilla s\u00fcdamekujulise amet\u00fcstiga ripats, mis valmistatakse individuaalprojekti j\u00e4rgi. Kuld, teemandid ja eksklusiivsed ehted.\" \/>\n<meta property=\"og:url\" content=\"https:\/\/fashiongold.lt\/et\/papuosalas\/ametust-sudamekujulise-ametustiga-ripats-ai-juveliir\/\" \/>\n<meta property=\"og:site_name\" content=\"FashionGold.lt\" \/>\n<meta property=\"og:image\" content=\"https:\/\/fashiongold.lt\/wp-content\/uploads\/2025\/12\/Auksinis-pakabukas-su-sirdeles-formos-violetiniu-ametistu-ant-auksines-grandineles.webp\" \/>\n\t<meta property=\"og:image:width\" content=\"1536\" \/>\n\t<meta property=\"og:image:height\" content=\"1024\" \/>\n\t<meta property=\"og:image:type\" content=\"image\/png\" \/>\n<meta name=\"twitter:card\" content=\"summary_large_image\" \/>\n<meta name=\"twitter:label1\" content=\"Est. reading time\" \/>\n\t<meta name=\"twitter:data1\" content=\"3 minutit\" \/>\n<script type=\"application\/ld+json\" class=\"yoast-schema-graph\">{\"@context\":\"https:\/\/schema.org\",\"@graph\":[{\"@type\":\"WebPage\",\"@id\":\"https:\/\/fashiongold.lt\/et\/papuosalas\/ametust-sudamekujulise-ametustiga-ripats-ai-juveliir\/\",\"url\":\"https:\/\/fashiongold.lt\/et\/papuosalas\/ametust-sudamekujulise-ametustiga-ripats-ai-juveliir\/\",\"name\":\"S\u00fcdamekujulise ametistiga ripats \u2013 eritellimus\",\"isPartOf\":{\"@id\":\"https:\/\/fashiongold.lt\/et\/#website\"},\"primaryImageOfPage\":{\"@id\":\"https:\/\/fashiongold.lt\/et\/papuosalas\/ametust-sudamekujulise-ametustiga-ripats-ai-juveliir\/#primaryimage\"},\"image\":{\"@id\":\"https:\/\/fashiongold.lt\/et\/papuosalas\/ametust-sudamekujulise-ametustiga-ripats-ai-juveliir\/#primaryimage\"},\"thumbnailUrl\":\"https:\/\/fashiongold.lt\/wp-content\/uploads\/2025\/12\/Auksinis-pakabukas-su-sirdeles-formos-violetiniu-ametistu-ant-auksines-grandineles.png\",\"datePublished\":\"2025-12-27T10:12:15+00:00\",\"description\":\"Lilla s\u00fcdamekujulise amet\u00fcstiga ripats, mis valmistatakse individuaalprojekti j\u00e4rgi. Kuld, teemandid ja eksklusiivsed ehted.\",\"breadcrumb\":{\"@id\":\"https:\/\/fashiongold.lt\/et\/papuosalas\/ametust-sudamekujulise-ametustiga-ripats-ai-juveliir\/#breadcrumb\"},\"inLanguage\":\"et\",\"potentialAction\":[{\"@type\":\"ReadAction\",\"target\":[\"https:\/\/fashiongold.lt\/et\/papuosalas\/ametust-sudamekujulise-ametustiga-ripats-ai-juveliir\/\"]}]},{\"@type\":\"ImageObject\",\"inLanguage\":\"et\",\"@id\":\"https:\/\/fashiongold.lt\/et\/papuosalas\/ametust-sudamekujulise-ametustiga-ripats-ai-juveliir\/#primaryimage\",\"url\":\"https:\/\/fashiongold.lt\/wp-content\/uploads\/2025\/12\/Auksinis-pakabukas-su-sirdeles-formos-violetiniu-ametistu-ant-auksines-grandineles.png\",\"contentUrl\":\"https:\/\/fashiongold.lt\/wp-content\/uploads\/2025\/12\/Auksinis-pakabukas-su-sirdeles-formos-violetiniu-ametistu-ant-auksines-grandineles.png\",\"width\":1536,\"height\":1024,\"caption\":\"Auksinis pakabukas su s\u030cirdele\u0307s formos violetiniu ametistu ant auksine\u0307s grandine\u0307le\u0307s\"},{\"@type\":\"BreadcrumbList\",\"@id\":\"https:\/\/fashiongold.lt\/et\/papuosalas\/ametust-sudamekujulise-ametustiga-ripats-ai-juveliir\/#breadcrumb\",\"itemListElement\":[{\"@type\":\"ListItem\",\"position\":1,\"name\":\"Home\",\"item\":\"https:\/\/fashiongold.lt\/et\/\"},{\"@type\":\"ListItem\",\"position\":2,\"name\":\"Teemantide pood Fashiongold.lt\",\"item\":\"https:\/\/fashiongold.lt\/shop-2\/\"},{\"@type\":\"ListItem\",\"position\":3,\"name\":\"Amet\u00fcst &#8211; s\u00fcdamekujulise amet\u00fcstiga ripats. AI Juveliir\"}]},{\"@type\":\"WebSite\",\"@id\":\"https:\/\/fashiongold.lt\/et\/#website\",\"url\":\"https:\/\/fashiongold.lt\/et\/\",\"name\":\"Fashion Gold\",\"description\":\"Juvelyrikos namai\",\"publisher\":{\"@id\":\"https:\/\/fashiongold.lt\/et\/#organization\"},\"potentialAction\":[{\"@type\":\"SearchAction\",\"target\":{\"@type\":\"EntryPoint\",\"urlTemplate\":\"https:\/\/fashiongold.lt\/et\/?s={search_term_string}\"},\"query-input\":{\"@type\":\"PropertyValueSpecification\",\"valueRequired\":true,\"valueName\":\"search_term_string\"}}],\"inLanguage\":\"et\"},{\"@type\":\"Organization\",\"@id\":\"https:\/\/fashiongold.lt\/et\/#organization\",\"name\":\"Topdiamonds Online\",\"url\":\"https:\/\/fashiongold.lt\/et\/\",\"logo\":{\"@type\":\"ImageObject\",\"inLanguage\":\"et\",\"@id\":\"https:\/\/fashiongold.lt\/et\/#\/schema\/logo\/image\/\",\"url\":\"https:\/\/fashiongold.lt\/wp-content\/uploads\/2025\/04\/cropped-fashion_gold_logotipas2-scaled-1.png\",\"contentUrl\":\"https:\/\/fashiongold.lt\/wp-content\/uploads\/2025\/04\/cropped-fashion_gold_logotipas2-scaled-1.png\",\"width\":2559,\"height\":421,\"caption\":\"Topdiamonds Online\"},\"image\":{\"@id\":\"https:\/\/fashiongold.lt\/et\/#\/schema\/logo\/image\/\"}}]}<\/script>\n<!-- \/ Yoast SEO plugin. -->","yoast_head_json":{"title":"S\u00fcdamekujulise ametistiga ripats \u2013 eritellimus","description":"Lilla s\u00fcdamekujulise amet\u00fcstiga ripats, mis valmistatakse individuaalprojekti j\u00e4rgi. Kuld, teemandid ja eksklusiivsed ehted.","robots":{"index":"index","follow":"follow","max-snippet":"max-snippet:-1","max-image-preview":"max-image-preview:large","max-video-preview":"max-video-preview:-1"},"canonical":"https:\/\/fashiongold.lt\/et\/papuosalas\/ametust-sudamekujulise-ametustiga-ripats-ai-juveliir\/","og_locale":"et_EE","og_type":"article","og_title":"S\u00fcdamekujulise ametistiga ripats \u2013 eritellimus","og_description":"Lilla s\u00fcdamekujulise amet\u00fcstiga ripats, mis valmistatakse individuaalprojekti j\u00e4rgi. Kuld, teemandid ja eksklusiivsed ehted.","og_url":"https:\/\/fashiongold.lt\/et\/papuosalas\/ametust-sudamekujulise-ametustiga-ripats-ai-juveliir\/","og_site_name":"FashionGold.lt","og_image":[{"width":1536,"height":1024,"url":"https:\/\/fashiongold.lt\/wp-content\/uploads\/2025\/12\/Auksinis-pakabukas-su-sirdeles-formos-violetiniu-ametistu-ant-auksines-grandineles.webp","type":"image\/png"}],"twitter_card":"summary_large_image","twitter_misc":{"Est. reading time":"3 minutit"},"schema":{"@context":"https:\/\/schema.org","@graph":[{"@type":"WebPage","@id":"https:\/\/fashiongold.lt\/et\/papuosalas\/ametust-sudamekujulise-ametustiga-ripats-ai-juveliir\/","url":"https:\/\/fashiongold.lt\/et\/papuosalas\/ametust-sudamekujulise-ametustiga-ripats-ai-juveliir\/","name":"S\u00fcdamekujulise ametistiga ripats \u2013 eritellimus","isPartOf":{"@id":"https:\/\/fashiongold.lt\/et\/#website"},"primaryImageOfPage":{"@id":"https:\/\/fashiongold.lt\/et\/papuosalas\/ametust-sudamekujulise-ametustiga-ripats-ai-juveliir\/#primaryimage"},"image":{"@id":"https:\/\/fashiongold.lt\/et\/papuosalas\/ametust-sudamekujulise-ametustiga-ripats-ai-juveliir\/#primaryimage"},"thumbnailUrl":"https:\/\/fashiongold.lt\/wp-content\/uploads\/2025\/12\/Auksinis-pakabukas-su-sirdeles-formos-violetiniu-ametistu-ant-auksines-grandineles.png","datePublished":"2025-12-27T10:12:15+00:00","description":"Lilla s\u00fcdamekujulise amet\u00fcstiga ripats, mis valmistatakse individuaalprojekti j\u00e4rgi. Kuld, teemandid ja eksklusiivsed ehted.","breadcrumb":{"@id":"https:\/\/fashiongold.lt\/et\/papuosalas\/ametust-sudamekujulise-ametustiga-ripats-ai-juveliir\/#breadcrumb"},"inLanguage":"et","potentialAction":[{"@type":"ReadAction","target":["https:\/\/fashiongold.lt\/et\/papuosalas\/ametust-sudamekujulise-ametustiga-ripats-ai-juveliir\/"]}]},{"@type":"ImageObject","inLanguage":"et","@id":"https:\/\/fashiongold.lt\/et\/papuosalas\/ametust-sudamekujulise-ametustiga-ripats-ai-juveliir\/#primaryimage","url":"https:\/\/fashiongold.lt\/wp-content\/uploads\/2025\/12\/Auksinis-pakabukas-su-sirdeles-formos-violetiniu-ametistu-ant-auksines-grandineles.png","contentUrl":"https:\/\/fashiongold.lt\/wp-content\/uploads\/2025\/12\/Auksinis-pakabukas-su-sirdeles-formos-violetiniu-ametistu-ant-auksines-grandineles.png","width":1536,"height":1024,"caption":"Auksinis pakabukas su s\u030cirdele\u0307s formos violetiniu ametistu ant auksine\u0307s grandine\u0307le\u0307s"},{"@type":"BreadcrumbList","@id":"https:\/\/fashiongold.lt\/et\/papuosalas\/ametust-sudamekujulise-ametustiga-ripats-ai-juveliir\/#breadcrumb","itemListElement":[{"@type":"ListItem","position":1,"name":"Home","item":"https:\/\/fashiongold.lt\/et\/"},{"@type":"ListItem","position":2,"name":"Teemantide pood Fashiongold.lt","item":"https:\/\/fashiongold.lt\/shop-2\/"},{"@type":"ListItem","position":3,"name":"Amet\u00fcst &#8211; s\u00fcdamekujulise amet\u00fcstiga ripats. AI Juveliir"}]},{"@type":"WebSite","@id":"https:\/\/fashiongold.lt\/et\/#website","url":"https:\/\/fashiongold.lt\/et\/","name":"Fashion Gold","description":"Juvelyrikos namai","publisher":{"@id":"https:\/\/fashiongold.lt\/et\/#organization"},"potentialAction":[{"@type":"SearchAction","target":{"@type":"EntryPoint","urlTemplate":"https:\/\/fashiongold.lt\/et\/?s={search_term_string}"},"query-input":{"@type":"PropertyValueSpecification","valueRequired":true,"valueName":"search_term_string"}}],"inLanguage":"et"},{"@type":"Organization","@id":"https:\/\/fashiongold.lt\/et\/#organization","name":"Topdiamonds Online","url":"https:\/\/fashiongold.lt\/et\/","logo":{"@type":"ImageObject","inLanguage":"et","@id":"https:\/\/fashiongold.lt\/et\/#\/schema\/logo\/image\/","url":"https:\/\/fashiongold.lt\/wp-content\/uploads\/2025\/04\/cropped-fashion_gold_logotipas2-scaled-1.png","contentUrl":"https:\/\/fashiongold.lt\/wp-content\/uploads\/2025\/04\/cropped-fashion_gold_logotipas2-scaled-1.png","width":2559,"height":421,"caption":"Topdiamonds Online"},"image":{"@id":"https:\/\/fashiongold.lt\/et\/#\/schema\/logo\/image\/"}}]}},"_links":{"self":[{"href":"https:\/\/fashiongold.lt\/et\/wp-json\/wp\/v2\/product\/273343","targetHints":{"allow":["GET"]}}],"collection":[{"href":"https:\/\/fashiongold.lt\/et\/wp-json\/wp\/v2\/product"}],"about":[{"href":"https:\/\/fashiongold.lt\/et\/wp-json\/wp\/v2\/types\/product"}],"version-history":[{"count":0,"href":"https:\/\/fashiongold.lt\/et\/wp-json\/wp\/v2\/product\/273343\/revisions"}],"wp:featuredmedia":[{"embeddable":true,"href":"https:\/\/fashiongold.lt\/et\/wp-json\/wp\/v2\/media\/264969"}],"wp:attachment":[{"href":"https:\/\/fashiongold.lt\/et\/wp-json\/wp\/v2\/media?parent=273343"}],"wp:term":[{"taxonomy":"product_brand","embeddable":true,"href":"https:\/\/fashiongold.lt\/et\/wp-json\/wp\/v2\/product_brand?post=273343"},{"taxonomy":"product_cat","embeddable":true,"href":"https:\/\/fashiongold.lt\/et\/wp-json\/wp\/v2\/product_cat?post=273343"},{"taxonomy":"product_tag","embeddable":true,"href":"https:\/\/fashiongold.lt\/et\/wp-json\/wp\/v2\/product_tag?post=273343"}],"curies":[{"name":"wp","href":"https:\/\/api.w.org\/{rel}","templated":true}]}}