{"id":273391,"date":"2025-10-24T01:17:15","date_gmt":"2025-10-24T01:17:15","guid":{"rendered":"https:\/\/fashiongold.lt\/papuosalas\/looduslik-smaragd-valgest-kullast-sormus-smaragdi-ja-teemantidega-460-ct\/"},"modified":"2025-10-24T01:17:15","modified_gmt":"2025-10-24T01:17:15","slug":"looduslik-smaragd-valgest-kullast-sormus-smaragdi-ja-teemantidega-460-ct","status":"publish","type":"product","link":"https:\/\/fashiongold.lt\/et\/papuosalas\/looduslik-smaragd-valgest-kullast-sormus-smaragdi-ja-teemantidega-460-ct\/","title":{"rendered":"Looduslik smaragd &#8211; valgest kullast s\u00f5rmus smaragdi ja teemantidega (4,60 ct)"},"content":{"rendered":"<p>Valmistatud Saksamaal kvaliteetsetest v\u00e4\u00e4riskividest. Suurep\u00e4rane valik stiilsele naisele. Smaragdi maagiline v\u00e4gi \u2013 toimib amuleti v\u00f5i talismanina, annab omanikule tervist ja energiat, toob edu \u00e4ris, t\u00f6\u00f6l ja isiklikus elus. Smaragd sobib S\u00f5nnile, Kaksikutele, L\u00f5vile, V\u00e4hile, Kaladele ja Amburile.    <\/p>\n<p>\u2022 S\u00f5rmuse kuld: 18 karaati (proov 750)     <\/p>\n<p>\u2022 S\u00f5rmuse v\u00e4rv: valge kuld         <\/p>\n<p>\u2022 S\u00f5rmuse kaal: umbes 4,50 &#8211; 6,00 g         <\/p>\n<p>\u2022 Teemandi t\u00fc\u00fcp: Looduslik teemant       <\/p>\n<p>\u2022 Teemandi kuju: Fantaasia kuju (fantasy shape)       <\/p>\n<p>\u2022 Teemandi omadused: 1,65 ct, v\u00e4rvus G-H (RW-W); puhtus SI       <\/p>\n<p>\u2022 Keskne kivi: ristk\u00fclikukujuline smaragd &#8211; 2,95 ct         <\/p>\n<p>\u2022 Sertifikaat: Leedu Proovikoda (LPR)         <\/p>\n<p>\u2022 S\u00f5rmuse m\u00f5\u00f5tmed:     <\/p>\n<p>\u2022 Kaiverdamine on tasuta       <\/p>\n<p>\u2022 \u00dchekordne tasuta s\u00f5rmuse suuruse muutmise garantii (v\u00f5imaluse korral)     <\/p>\n<p>\u2022 Tootmis- ja tarneaeg alates 14 t\u00f6\u00f6p\u00e4evast, kiirtellimusel 3 t\u00f6\u00f6p\u00e4eva jooksul.   <\/p>\n<p><strong>Kas teil on oma kulda v\u00f5i v\u00e4\u00e4riskive? V\u00f5tke meiega \u00fchendust, teeme uue hinnapakkumise \u2013 maksate ainult s\u00f5rmuse valmistamise eest.<\/strong><\/p>\n","protected":false},"excerpt":{"rendered":"<p>Eksklusiivne klassikalise disainiga s\u00f5rmus loodusliku smaragdi ja teemantidega. Smaragd on keskel, teemandid on paigutatud m\u00f5lemale poole ja \u00fcmber smaragdi. Eksklusiivne s\u00f5rmus stiilsele naisele. Sobib suurep\u00e4raselt kihlumiseks ja igap\u00e4evaseks kandmiseks, lisades teie stiilile luksust.\u00a0<\/p>\n","protected":false},"featured_media":252037,"template":"","meta":{"site-sidebar-layout":"","site-content-layout":"","ast-site-content-layout":"","site-content-style":"","site-sidebar-style":"","ast-global-header-display":"","ast-banner-title-visibility":"","ast-main-header-display":"","ast-hfb-above-header-display":"","ast-hfb-below-header-display":"","ast-hfb-mobile-header-display":"","site-post-title":"","ast-breadcrumbs-content":"","ast-featured-img":"","footer-sml-layout":"","ast-disable-related-posts":"","theme-transparent-header-meta":"","adv-header-id-meta":"","stick-header-meta":"","header-above-stick-meta":"","header-main-stick-meta":"","header-below-stick-meta":"","astra-migrate-meta-layouts":"default","ast-page-background-enabled":"default","ast-page-background-meta":{"desktop":{"background-color":"var(--ast-global-color-4)","background-image":"","background-repeat":"repeat","background-position":"center center","background-size":"auto","background-attachment":"scroll","background-type":"","background-media":"","overlay-type":"","overlay-color":"","overlay-opacity":"","overlay-gradient":""},"tablet":{"background-color":"","background-image":"","background-repeat":"repeat","background-position":"center center","background-size":"auto","background-attachment":"scroll","background-type":"","background-media":"","overlay-type":"","overlay-color":"","overlay-opacity":"","overlay-gradient":""},"mobile":{"background-color":"","background-image":"","background-repeat":"repeat","background-position":"center center","background-size":"auto","background-attachment":"scroll","background-type":"","background-media":"","overlay-type":"","overlay-color":"","overlay-opacity":"","overlay-gradient":""}},"ast-content-background-meta":{"desktop":{"background-color":"var(--ast-global-color-5)","background-image":"","background-repeat":"repeat","background-position":"center center","background-size":"auto","background-attachment":"scroll","background-type":"","background-media":"","overlay-type":"","overlay-color":"","overlay-opacity":"","overlay-gradient":""},"tablet":{"background-color":"var(--ast-global-color-5)","background-image":"","background-repeat":"repeat","background-position":"center center","background-size":"auto","background-attachment":"scroll","background-type":"","background-media":"","overlay-type":"","overlay-color":"","overlay-opacity":"","overlay-gradient":""},"mobile":{"background-color":"var(--ast-global-color-5)","background-image":"","background-repeat":"repeat","background-position":"center center","background-size":"auto","background-attachment":"scroll","background-type":"","background-media":"","overlay-type":"","overlay-color":"","overlay-opacity":"","overlay-gradient":""}}},"product_brand":[],"product_cat":[2838,3058,2830,2826,3422,3421,3423,2829,2823,2828,2822,2824,3392,2821,2831,2967,3493,3494,2845,2848,2827],"product_tag":[],"class_list":{"0":"post-273391","1":"product","2":"type-product","3":"status-publish","4":"has-post-thumbnail","6":"product_cat-ehete-valmistamine","7":"product_cat-ehted","8":"product_cat-emadepaeva-kingitused","9":"product_cat-joulukingid","10":"product_cat-kihlasormused","11":"product_cat-kihlasormused-smaragdiga","12":"product_cat-kihlasormused-vaariskividega","13":"product_cat-kingitused-erilisteks-puhkudeks","14":"product_cat-kingitused-lapse-sunni-puhul","15":"product_cat-kingitused-lopetamise-puhul","16":"product_cat-kingitused-naistele","17":"product_cat-kingitused-pulma-aastapaeva-puhul","18":"product_cat-kingitused-pulmade-puhul","19":"product_cat-kingitused-sunnipaevaks","20":"product_cat-kollasest-kullast-ehted","21":"product_cat-punasest-kullast-ehted","22":"product_cat-smaragd-smaragdiga-ehted","23":"product_cat-smaragd-smaragdiga-sormused","24":"product_cat-sobrapaeva-kingitused","25":"product_cat-vaariskividega-sormused","26":"product_cat-valgest-kullast-ehted","27":"desktop-align-center","28":"tablet-align-left","29":"mobile-align-left","30":"ast-product-gallery-layout-horizontal-slider","31":"ast-product-gallery-with-no-image","32":"ast-product-single-variable","33":"ast-product-tabs-layout-accordion","34":"ast-qv-on-image","36":"first","37":"instock","38":"taxable","39":"shipping-taxable","40":"purchasable","41":"product-type-variable"},"yoast_head":"<!-- This site is optimized with the Yoast SEO plugin v26.6 - https:\/\/yoast.com\/wordpress\/plugins\/seo\/ -->\n<title>Looduslik smaragd - valgest kullast s\u00f5rmus smaragdiga (4,60 ct)<\/title>\n<meta name=\"description\" content=\"Eksklusiivne s\u00f5rmus loodusliku smaragdi ja teemantidega m\u00f5lemal k\u00fcljel ning \u00fcmber smaragdi. Eriline s\u00f5rmus stiilsele naisele, kihluseks ja igap\u00e4evaseks kandmiseks.\" \/>\n<meta name=\"robots\" content=\"index, follow, max-snippet:-1, max-image-preview:large, max-video-preview:-1\" \/>\n<link rel=\"canonical\" href=\"https:\/\/fashiongold.lt\/et\/papuosalas\/looduslik-smaragd-valgest-kullast-sormus-smaragdi-ja-teemantidega-460-ct\/\" \/>\n<meta property=\"og:locale\" content=\"et_EE\" \/>\n<meta property=\"og:type\" content=\"article\" \/>\n<meta property=\"og:title\" content=\"Looduslik smaragd - valgest kullast s\u00f5rmus smaragdiga (4,60 ct)\" \/>\n<meta property=\"og:description\" content=\"Eksklusiivne s\u00f5rmus loodusliku smaragdi ja teemantidega m\u00f5lemal k\u00fcljel ning \u00fcmber smaragdi. Eriline s\u00f5rmus stiilsele naisele, kihluseks ja igap\u00e4evaseks kandmiseks.\" \/>\n<meta property=\"og:url\" content=\"https:\/\/fashiongold.lt\/et\/papuosalas\/looduslik-smaragd-valgest-kullast-sormus-smaragdi-ja-teemantidega-460-ct\/\" \/>\n<meta property=\"og:site_name\" content=\"FashionGold.lt\" \/>\n<meta property=\"og:image\" content=\"https:\/\/fashiongold.lt\/wp-content\/uploads\/2025\/10\/13276-289-Naturalus-Smaragdas-balto-aukso-ziedas-su-smaragdu-ir-deimantais-460-ct.webp\" \/>\n\t<meta property=\"og:image:width\" content=\"1000\" \/>\n\t<meta property=\"og:image:height\" content=\"1000\" \/>\n\t<meta property=\"og:image:type\" content=\"image\/png\" \/>\n<meta name=\"twitter:card\" content=\"summary_large_image\" \/>\n<meta name=\"twitter:label1\" content=\"Est. reading time\" \/>\n\t<meta name=\"twitter:data1\" content=\"1 minut\" \/>\n<script type=\"application\/ld+json\" class=\"yoast-schema-graph\">{\"@context\":\"https:\/\/schema.org\",\"@graph\":[{\"@type\":\"WebPage\",\"@id\":\"https:\/\/fashiongold.lt\/et\/papuosalas\/looduslik-smaragd-valgest-kullast-sormus-smaragdi-ja-teemantidega-460-ct\/\",\"url\":\"https:\/\/fashiongold.lt\/et\/papuosalas\/looduslik-smaragd-valgest-kullast-sormus-smaragdi-ja-teemantidega-460-ct\/\",\"name\":\"Looduslik smaragd - valgest kullast s\u00f5rmus smaragdiga (4,60 ct)\",\"isPartOf\":{\"@id\":\"https:\/\/fashiongold.lt\/et\/#website\"},\"primaryImageOfPage\":{\"@id\":\"https:\/\/fashiongold.lt\/et\/papuosalas\/looduslik-smaragd-valgest-kullast-sormus-smaragdi-ja-teemantidega-460-ct\/#primaryimage\"},\"image\":{\"@id\":\"https:\/\/fashiongold.lt\/et\/papuosalas\/looduslik-smaragd-valgest-kullast-sormus-smaragdi-ja-teemantidega-460-ct\/#primaryimage\"},\"thumbnailUrl\":\"https:\/\/fashiongold.lt\/wp-content\/uploads\/2025\/10\/13276-289-Naturalus-Smaragdas-balto-aukso-ziedas-su-smaragdu-ir-deimantais-460-ct.png\",\"datePublished\":\"2025-10-24T01:17:15+00:00\",\"description\":\"Eksklusiivne s\u00f5rmus loodusliku smaragdi ja teemantidega m\u00f5lemal k\u00fcljel ning \u00fcmber smaragdi. Eriline s\u00f5rmus stiilsele naisele, kihluseks ja igap\u00e4evaseks kandmiseks.\",\"breadcrumb\":{\"@id\":\"https:\/\/fashiongold.lt\/et\/papuosalas\/looduslik-smaragd-valgest-kullast-sormus-smaragdi-ja-teemantidega-460-ct\/#breadcrumb\"},\"inLanguage\":\"et\",\"potentialAction\":[{\"@type\":\"ReadAction\",\"target\":[\"https:\/\/fashiongold.lt\/et\/papuosalas\/looduslik-smaragd-valgest-kullast-sormus-smaragdi-ja-teemantidega-460-ct\/\"]}]},{\"@type\":\"ImageObject\",\"inLanguage\":\"et\",\"@id\":\"https:\/\/fashiongold.lt\/et\/papuosalas\/looduslik-smaragd-valgest-kullast-sormus-smaragdi-ja-teemantidega-460-ct\/#primaryimage\",\"url\":\"https:\/\/fashiongold.lt\/wp-content\/uploads\/2025\/10\/13276-289-Naturalus-Smaragdas-balto-aukso-ziedas-su-smaragdu-ir-deimantais-460-ct.png\",\"contentUrl\":\"https:\/\/fashiongold.lt\/wp-content\/uploads\/2025\/10\/13276-289-Naturalus-Smaragdas-balto-aukso-ziedas-su-smaragdu-ir-deimantais-460-ct.png\",\"width\":1000,\"height\":1000},{\"@type\":\"BreadcrumbList\",\"@id\":\"https:\/\/fashiongold.lt\/et\/papuosalas\/looduslik-smaragd-valgest-kullast-sormus-smaragdi-ja-teemantidega-460-ct\/#breadcrumb\",\"itemListElement\":[{\"@type\":\"ListItem\",\"position\":1,\"name\":\"Home\",\"item\":\"https:\/\/fashiongold.lt\/et\/\"},{\"@type\":\"ListItem\",\"position\":2,\"name\":\"Teemantide pood Fashiongold.lt\",\"item\":\"https:\/\/fashiongold.lt\/shop-2\/\"},{\"@type\":\"ListItem\",\"position\":3,\"name\":\"Looduslik smaragd &#8211; valgest kullast s\u00f5rmus smaragdi ja teemantidega (4,60 ct)\"}]},{\"@type\":\"WebSite\",\"@id\":\"https:\/\/fashiongold.lt\/et\/#website\",\"url\":\"https:\/\/fashiongold.lt\/et\/\",\"name\":\"Fashion Gold\",\"description\":\"Juvelyrikos namai\",\"publisher\":{\"@id\":\"https:\/\/fashiongold.lt\/et\/#organization\"},\"potentialAction\":[{\"@type\":\"SearchAction\",\"target\":{\"@type\":\"EntryPoint\",\"urlTemplate\":\"https:\/\/fashiongold.lt\/et\/?s={search_term_string}\"},\"query-input\":{\"@type\":\"PropertyValueSpecification\",\"valueRequired\":true,\"valueName\":\"search_term_string\"}}],\"inLanguage\":\"et\"},{\"@type\":\"Organization\",\"@id\":\"https:\/\/fashiongold.lt\/et\/#organization\",\"name\":\"Topdiamonds Online\",\"url\":\"https:\/\/fashiongold.lt\/et\/\",\"logo\":{\"@type\":\"ImageObject\",\"inLanguage\":\"et\",\"@id\":\"https:\/\/fashiongold.lt\/et\/#\/schema\/logo\/image\/\",\"url\":\"https:\/\/fashiongold.lt\/wp-content\/uploads\/2025\/04\/cropped-fashion_gold_logotipas2-scaled-1.png\",\"contentUrl\":\"https:\/\/fashiongold.lt\/wp-content\/uploads\/2025\/04\/cropped-fashion_gold_logotipas2-scaled-1.png\",\"width\":2559,\"height\":421,\"caption\":\"Topdiamonds Online\"},\"image\":{\"@id\":\"https:\/\/fashiongold.lt\/et\/#\/schema\/logo\/image\/\"}}]}<\/script>\n<!-- \/ Yoast SEO plugin. -->","yoast_head_json":{"title":"Looduslik smaragd - valgest kullast s\u00f5rmus smaragdiga (4,60 ct)","description":"Eksklusiivne s\u00f5rmus loodusliku smaragdi ja teemantidega m\u00f5lemal k\u00fcljel ning \u00fcmber smaragdi. Eriline s\u00f5rmus stiilsele naisele, kihluseks ja igap\u00e4evaseks kandmiseks.","robots":{"index":"index","follow":"follow","max-snippet":"max-snippet:-1","max-image-preview":"max-image-preview:large","max-video-preview":"max-video-preview:-1"},"canonical":"https:\/\/fashiongold.lt\/et\/papuosalas\/looduslik-smaragd-valgest-kullast-sormus-smaragdi-ja-teemantidega-460-ct\/","og_locale":"et_EE","og_type":"article","og_title":"Looduslik smaragd - valgest kullast s\u00f5rmus smaragdiga (4,60 ct)","og_description":"Eksklusiivne s\u00f5rmus loodusliku smaragdi ja teemantidega m\u00f5lemal k\u00fcljel ning \u00fcmber smaragdi. Eriline s\u00f5rmus stiilsele naisele, kihluseks ja igap\u00e4evaseks kandmiseks.","og_url":"https:\/\/fashiongold.lt\/et\/papuosalas\/looduslik-smaragd-valgest-kullast-sormus-smaragdi-ja-teemantidega-460-ct\/","og_site_name":"FashionGold.lt","og_image":[{"width":1000,"height":1000,"url":"https:\/\/fashiongold.lt\/wp-content\/uploads\/2025\/10\/13276-289-Naturalus-Smaragdas-balto-aukso-ziedas-su-smaragdu-ir-deimantais-460-ct.webp","type":"image\/png"}],"twitter_card":"summary_large_image","twitter_misc":{"Est. reading time":"1 minut"},"schema":{"@context":"https:\/\/schema.org","@graph":[{"@type":"WebPage","@id":"https:\/\/fashiongold.lt\/et\/papuosalas\/looduslik-smaragd-valgest-kullast-sormus-smaragdi-ja-teemantidega-460-ct\/","url":"https:\/\/fashiongold.lt\/et\/papuosalas\/looduslik-smaragd-valgest-kullast-sormus-smaragdi-ja-teemantidega-460-ct\/","name":"Looduslik smaragd - valgest kullast s\u00f5rmus smaragdiga (4,60 ct)","isPartOf":{"@id":"https:\/\/fashiongold.lt\/et\/#website"},"primaryImageOfPage":{"@id":"https:\/\/fashiongold.lt\/et\/papuosalas\/looduslik-smaragd-valgest-kullast-sormus-smaragdi-ja-teemantidega-460-ct\/#primaryimage"},"image":{"@id":"https:\/\/fashiongold.lt\/et\/papuosalas\/looduslik-smaragd-valgest-kullast-sormus-smaragdi-ja-teemantidega-460-ct\/#primaryimage"},"thumbnailUrl":"https:\/\/fashiongold.lt\/wp-content\/uploads\/2025\/10\/13276-289-Naturalus-Smaragdas-balto-aukso-ziedas-su-smaragdu-ir-deimantais-460-ct.png","datePublished":"2025-10-24T01:17:15+00:00","description":"Eksklusiivne s\u00f5rmus loodusliku smaragdi ja teemantidega m\u00f5lemal k\u00fcljel ning \u00fcmber smaragdi. Eriline s\u00f5rmus stiilsele naisele, kihluseks ja igap\u00e4evaseks kandmiseks.","breadcrumb":{"@id":"https:\/\/fashiongold.lt\/et\/papuosalas\/looduslik-smaragd-valgest-kullast-sormus-smaragdi-ja-teemantidega-460-ct\/#breadcrumb"},"inLanguage":"et","potentialAction":[{"@type":"ReadAction","target":["https:\/\/fashiongold.lt\/et\/papuosalas\/looduslik-smaragd-valgest-kullast-sormus-smaragdi-ja-teemantidega-460-ct\/"]}]},{"@type":"ImageObject","inLanguage":"et","@id":"https:\/\/fashiongold.lt\/et\/papuosalas\/looduslik-smaragd-valgest-kullast-sormus-smaragdi-ja-teemantidega-460-ct\/#primaryimage","url":"https:\/\/fashiongold.lt\/wp-content\/uploads\/2025\/10\/13276-289-Naturalus-Smaragdas-balto-aukso-ziedas-su-smaragdu-ir-deimantais-460-ct.png","contentUrl":"https:\/\/fashiongold.lt\/wp-content\/uploads\/2025\/10\/13276-289-Naturalus-Smaragdas-balto-aukso-ziedas-su-smaragdu-ir-deimantais-460-ct.png","width":1000,"height":1000},{"@type":"BreadcrumbList","@id":"https:\/\/fashiongold.lt\/et\/papuosalas\/looduslik-smaragd-valgest-kullast-sormus-smaragdi-ja-teemantidega-460-ct\/#breadcrumb","itemListElement":[{"@type":"ListItem","position":1,"name":"Home","item":"https:\/\/fashiongold.lt\/et\/"},{"@type":"ListItem","position":2,"name":"Teemantide pood Fashiongold.lt","item":"https:\/\/fashiongold.lt\/shop-2\/"},{"@type":"ListItem","position":3,"name":"Looduslik smaragd &#8211; valgest kullast s\u00f5rmus smaragdi ja teemantidega (4,60 ct)"}]},{"@type":"WebSite","@id":"https:\/\/fashiongold.lt\/et\/#website","url":"https:\/\/fashiongold.lt\/et\/","name":"Fashion Gold","description":"Juvelyrikos namai","publisher":{"@id":"https:\/\/fashiongold.lt\/et\/#organization"},"potentialAction":[{"@type":"SearchAction","target":{"@type":"EntryPoint","urlTemplate":"https:\/\/fashiongold.lt\/et\/?s={search_term_string}"},"query-input":{"@type":"PropertyValueSpecification","valueRequired":true,"valueName":"search_term_string"}}],"inLanguage":"et"},{"@type":"Organization","@id":"https:\/\/fashiongold.lt\/et\/#organization","name":"Topdiamonds Online","url":"https:\/\/fashiongold.lt\/et\/","logo":{"@type":"ImageObject","inLanguage":"et","@id":"https:\/\/fashiongold.lt\/et\/#\/schema\/logo\/image\/","url":"https:\/\/fashiongold.lt\/wp-content\/uploads\/2025\/04\/cropped-fashion_gold_logotipas2-scaled-1.png","contentUrl":"https:\/\/fashiongold.lt\/wp-content\/uploads\/2025\/04\/cropped-fashion_gold_logotipas2-scaled-1.png","width":2559,"height":421,"caption":"Topdiamonds Online"},"image":{"@id":"https:\/\/fashiongold.lt\/et\/#\/schema\/logo\/image\/"}}]}},"_links":{"self":[{"href":"https:\/\/fashiongold.lt\/et\/wp-json\/wp\/v2\/product\/273391","targetHints":{"allow":["GET"]}}],"collection":[{"href":"https:\/\/fashiongold.lt\/et\/wp-json\/wp\/v2\/product"}],"about":[{"href":"https:\/\/fashiongold.lt\/et\/wp-json\/wp\/v2\/types\/product"}],"version-history":[{"count":0,"href":"https:\/\/fashiongold.lt\/et\/wp-json\/wp\/v2\/product\/273391\/revisions"}],"wp:featuredmedia":[{"embeddable":true,"href":"https:\/\/fashiongold.lt\/et\/wp-json\/wp\/v2\/media\/252037"}],"wp:attachment":[{"href":"https:\/\/fashiongold.lt\/et\/wp-json\/wp\/v2\/media?parent=273391"}],"wp:term":[{"taxonomy":"product_brand","embeddable":true,"href":"https:\/\/fashiongold.lt\/et\/wp-json\/wp\/v2\/product_brand?post=273391"},{"taxonomy":"product_cat","embeddable":true,"href":"https:\/\/fashiongold.lt\/et\/wp-json\/wp\/v2\/product_cat?post=273391"},{"taxonomy":"product_tag","embeddable":true,"href":"https:\/\/fashiongold.lt\/et\/wp-json\/wp\/v2\/product_tag?post=273391"}],"curies":[{"name":"wp","href":"https:\/\/api.w.org\/{rel}","templated":true}]}}