{"id":273404,"date":"2025-10-24T00:54:17","date_gmt":"2025-10-24T00:54:17","guid":{"rendered":"https:\/\/fashiongold.lt\/papuosalas\/kuldripats-mereparli-ja-teemantidega-south-sea-11-mm-0-12-ct\/"},"modified":"2025-10-24T00:54:17","modified_gmt":"2025-10-24T00:54:17","slug":"kuldripats-mereparli-ja-teemantidega-south-sea-11-mm-0-12-ct","status":"publish","type":"product","link":"https:\/\/fashiongold.lt\/et\/papuosalas\/kuldripats-mereparli-ja-teemantidega-south-sea-11-mm-0-12-ct\/","title":{"rendered":"Kuldripats merep\u00e4rli ja teemantidega (South Sea, 11 mm, 0.12 ct)"},"content":{"rendered":"<p>Valmistatud Saksamaal kvaliteetsetest v\u00e4\u00e4riskividest. Suurep\u00e4rane valik stiilsele naisele. P\u00e4rl kiirgab s\u00fcdamesse harmooniat ja rahu. Juba iidsetest aegadest peale on p\u00e4rlid s\u00fcmboliseerinud ilu, s\u00fc\u00fctust ja sensuaalsust ning paljud uskusid, et need v\u00f5ivad omanikule \u00f5nne ja rahalist heaolu ligi t\u00f5mmata. P\u00e4rl sobib &#8211; V\u00e4hile, Veevalajale ja Kaladele. Ripatsit saab valmistada tellimust\u00f6\u00f6na: punasest, koldest v\u00f5i valgest kullast.<span lang=\"LT\"><o:p><\/o:p><\/span><\/p>\n<p>\u2022 Ripatsi kuld: 18 karaati (proov 750)\u00a0 \u00a0<\/p>\n<p>\u2022 Ripatsi v\u00e4rvus: valge kuld\u00a0 \u00a0 \u00a0 \u00a0<\/p>\n<p>\u2022 Ripatsi kaal: umbes 0,50 &#8211; 0,80 g\u00a0 \u00a0 \u00a0<\/p>\n<p>\u2022 Teemandi t\u00fc\u00fcp: Looduslik teemant\u00a0 \u00a0<\/p>\n<p>\u2022 Teemandi kuju: \u00dcmar kuju (Round shape)\u00a0 \u00a0<\/p>\n<p>\u2022 Teemandi omadused: 0,12 ct, v\u00e4rvus G-H (RW-W); puhtus SI\u00a0 \u00a0<\/p>\n<p>\u2022 P\u00e4rli t\u00fc\u00fcp: L\u00d5UNAMERE P\u00c4RLID (ingl &#8220;Saltwater South Sea Pearls&#8221;)<\/p>\n<p>\u2022 P\u00e4rli kuju: \u00dcmar kuju (Round cut)\u00a0 \u00a0 \u00a0 \u00a0<\/p>\n<p>\u2022 P\u00e4rli omadused: 11 mm, AA (k\u00f5rge kvaliteet)\u00a0 \u00a0<\/p>\n<p>\u2022 Sertifikaat: Leedu Proovikoda (LPR)\u00a0 \u00a0 \u00a0<\/p>\n<p>\u2022 Ripatsi m\u00f5\u00f5tmed: h: 20,0 mm, w: 3,6 mm\u00a0\u00a0<\/p>\n<p>\u2022 Graveerimine tasuta\u00a0 \u00a0\u00a0\u00a0<\/p>\n<p>\u2022 Valmistamis- ja tarneaeg alates 21 t\u00f6\u00f6p\u00e4evast, kiireloomulisena 3 t\u00f6\u00f6p\u00e4eva jooksul.\u00a0 \u00a0<\/p>\n<p><strong>On teil oma kulda v\u00f5i v\u00e4\u00e4riskive? V\u00f5tke \u00fchendust, arvutame hinna \u00fcmber \u2013 maksate vaid k\u00f5rvar\u00f5ngaste valmistamise eest.<\/strong><\/p>\n","protected":false},"excerpt":{"rendered":"<p>Kuldripats 11 mm merep\u00e4rli ja teemantidega. J\u00e4\u00e4dvustage hetk selle erakordse ripatsiga. Suurep\u00e4rane kingitus igap\u00e4evaseks kandmiseks ja erilisteks puhkudeks, silmapaistvaks stiiliks.\u00a0<\/p>\n","protected":false},"featured_media":251456,"template":"","meta":{"site-sidebar-layout":"","site-content-layout":"","ast-site-content-layout":"","site-content-style":"","site-sidebar-style":"","ast-global-header-display":"","ast-banner-title-visibility":"","ast-main-header-display":"","ast-hfb-above-header-display":"","ast-hfb-below-header-display":"","ast-hfb-mobile-header-display":"","site-post-title":"","ast-breadcrumbs-content":"","ast-featured-img":"","footer-sml-layout":"","ast-disable-related-posts":"","theme-transparent-header-meta":"","adv-header-id-meta":"","stick-header-meta":"","header-above-stick-meta":"","header-main-stick-meta":"","header-below-stick-meta":"","astra-migrate-meta-layouts":"default","ast-page-background-enabled":"default","ast-page-background-meta":{"desktop":{"background-color":"var(--ast-global-color-4)","background-image":"","background-repeat":"repeat","background-position":"center center","background-size":"auto","background-attachment":"scroll","background-type":"","background-media":"","overlay-type":"","overlay-color":"","overlay-opacity":"","overlay-gradient":""},"tablet":{"background-color":"","background-image":"","background-repeat":"repeat","background-position":"center center","background-size":"auto","background-attachment":"scroll","background-type":"","background-media":"","overlay-type":"","overlay-color":"","overlay-opacity":"","overlay-gradient":""},"mobile":{"background-color":"","background-image":"","background-repeat":"repeat","background-position":"center center","background-size":"auto","background-attachment":"scroll","background-type":"","background-media":"","overlay-type":"","overlay-color":"","overlay-opacity":"","overlay-gradient":""}},"ast-content-background-meta":{"desktop":{"background-color":"var(--ast-global-color-5)","background-image":"","background-repeat":"repeat","background-position":"center center","background-size":"auto","background-attachment":"scroll","background-type":"","background-media":"","overlay-type":"","overlay-color":"","overlay-opacity":"","overlay-gradient":""},"tablet":{"background-color":"var(--ast-global-color-5)","background-image":"","background-repeat":"repeat","background-position":"center center","background-size":"auto","background-attachment":"scroll","background-type":"","background-media":"","overlay-type":"","overlay-color":"","overlay-opacity":"","overlay-gradient":""},"mobile":{"background-color":"var(--ast-global-color-5)","background-image":"","background-repeat":"repeat","background-position":"center center","background-size":"auto","background-attachment":"scroll","background-type":"","background-media":"","overlay-type":"","overlay-color":"","overlay-opacity":"","overlay-gradient":""}}},"product_brand":[],"product_cat":[3058,2830,2826,3482,2829,2823,2828,2822,2824,3392,2821,2831,2970,2984,3391,2845,2827],"product_tag":[],"class_list":{"0":"post-273404","1":"product","2":"type-product","3":"status-publish","4":"has-post-thumbnail","6":"product_cat-ehted","7":"product_cat-emadepaeva-kingitused","8":"product_cat-joulukingid","9":"product_cat-kingitus-esimese-armulaua-puhul","10":"product_cat-kingitused-erilisteks-puhkudeks","11":"product_cat-kingitused-lapse-sunni-puhul","12":"product_cat-kingitused-lopetamise-puhul","13":"product_cat-kingitused-naistele","14":"product_cat-kingitused-pulma-aastapaeva-puhul","15":"product_cat-kingitused-pulmade-puhul","16":"product_cat-kingitused-sunnipaevaks","17":"product_cat-kollasest-kullast-ehted","18":"product_cat-parlid-parlitega-ehted","19":"product_cat-ripatsid-teemantidega","20":"product_cat-ristimiskingitused","21":"product_cat-sobrapaeva-kingitused","22":"product_cat-valgest-kullast-ehted","23":"desktop-align-center","24":"tablet-align-left","25":"mobile-align-left","26":"ast-product-gallery-layout-horizontal-slider","27":"ast-product-gallery-with-no-image","28":"ast-product-tabs-layout-accordion","29":"ast-qv-on-image","31":"first","32":"instock","33":"taxable","34":"shipping-taxable","35":"purchasable","36":"product-type-simple"},"yoast_head":"<!-- This site is optimized with the Yoast SEO plugin v26.6 - https:\/\/yoast.com\/wordpress\/plugins\/seo\/ -->\n<title>Kuldripats merep\u00e4rli ja teemantidega (11 mm )<\/title>\n<meta name=\"description\" content=\"Moodsa disainiga ripats 11 mm merep\u00e4rli ja teemantidega. Suurep\u00e4rane kingitus igap\u00e4evaseks kandmiseks ja erilisteks puhkudeks, silmapaistva stiili jaoks.\" \/>\n<meta name=\"robots\" content=\"index, follow, max-snippet:-1, max-image-preview:large, max-video-preview:-1\" \/>\n<link rel=\"canonical\" href=\"https:\/\/fashiongold.lt\/et\/papuosalas\/kuldripats-mereparli-ja-teemantidega-south-sea-11-mm-0-12-ct\/\" \/>\n<meta property=\"og:locale\" content=\"et_EE\" \/>\n<meta property=\"og:type\" content=\"article\" \/>\n<meta property=\"og:title\" content=\"Kuldripats merep\u00e4rli ja teemantidega (11 mm )\" \/>\n<meta property=\"og:description\" content=\"Moodsa disainiga ripats 11 mm merep\u00e4rli ja teemantidega. Suurep\u00e4rane kingitus igap\u00e4evaseks kandmiseks ja erilisteks puhkudeks, silmapaistva stiili jaoks.\" \/>\n<meta property=\"og:url\" content=\"https:\/\/fashiongold.lt\/et\/papuosalas\/kuldripats-mereparli-ja-teemantidega-south-sea-11-mm-0-12-ct\/\" \/>\n<meta property=\"og:site_name\" content=\"FashionGold.lt\" \/>\n<meta property=\"og:image\" content=\"https:\/\/fashiongold.lt\/wp-content\/uploads\/2025\/10\/12020-769-Auksinis-pakabukas-su-juriniu-perlu-ir-deimantais-South-Sea-11-mm-0.12-ct.webp\" \/>\n\t<meta property=\"og:image:width\" content=\"1000\" \/>\n\t<meta property=\"og:image:height\" content=\"1000\" \/>\n\t<meta property=\"og:image:type\" content=\"image\/png\" \/>\n<meta name=\"twitter:card\" content=\"summary_large_image\" \/>\n<meta name=\"twitter:label1\" content=\"Est. reading time\" \/>\n\t<meta name=\"twitter:data1\" content=\"1 minut\" \/>\n<script type=\"application\/ld+json\" class=\"yoast-schema-graph\">{\"@context\":\"https:\/\/schema.org\",\"@graph\":[{\"@type\":\"WebPage\",\"@id\":\"https:\/\/fashiongold.lt\/et\/papuosalas\/kuldripats-mereparli-ja-teemantidega-south-sea-11-mm-0-12-ct\/\",\"url\":\"https:\/\/fashiongold.lt\/et\/papuosalas\/kuldripats-mereparli-ja-teemantidega-south-sea-11-mm-0-12-ct\/\",\"name\":\"Kuldripats merep\u00e4rli ja teemantidega (11 mm )\",\"isPartOf\":{\"@id\":\"https:\/\/fashiongold.lt\/et\/#website\"},\"primaryImageOfPage\":{\"@id\":\"https:\/\/fashiongold.lt\/et\/papuosalas\/kuldripats-mereparli-ja-teemantidega-south-sea-11-mm-0-12-ct\/#primaryimage\"},\"image\":{\"@id\":\"https:\/\/fashiongold.lt\/et\/papuosalas\/kuldripats-mereparli-ja-teemantidega-south-sea-11-mm-0-12-ct\/#primaryimage\"},\"thumbnailUrl\":\"https:\/\/fashiongold.lt\/wp-content\/uploads\/2025\/10\/12020-769-Auksinis-pakabukas-su-juriniu-perlu-ir-deimantais-South-Sea-11-mm-0.12-ct.png\",\"datePublished\":\"2025-10-24T00:54:17+00:00\",\"description\":\"Moodsa disainiga ripats 11 mm merep\u00e4rli ja teemantidega. Suurep\u00e4rane kingitus igap\u00e4evaseks kandmiseks ja erilisteks puhkudeks, silmapaistva stiili jaoks.\",\"breadcrumb\":{\"@id\":\"https:\/\/fashiongold.lt\/et\/papuosalas\/kuldripats-mereparli-ja-teemantidega-south-sea-11-mm-0-12-ct\/#breadcrumb\"},\"inLanguage\":\"et\",\"potentialAction\":[{\"@type\":\"ReadAction\",\"target\":[\"https:\/\/fashiongold.lt\/et\/papuosalas\/kuldripats-mereparli-ja-teemantidega-south-sea-11-mm-0-12-ct\/\"]}]},{\"@type\":\"ImageObject\",\"inLanguage\":\"et\",\"@id\":\"https:\/\/fashiongold.lt\/et\/papuosalas\/kuldripats-mereparli-ja-teemantidega-south-sea-11-mm-0-12-ct\/#primaryimage\",\"url\":\"https:\/\/fashiongold.lt\/wp-content\/uploads\/2025\/10\/12020-769-Auksinis-pakabukas-su-juriniu-perlu-ir-deimantais-South-Sea-11-mm-0.12-ct.png\",\"contentUrl\":\"https:\/\/fashiongold.lt\/wp-content\/uploads\/2025\/10\/12020-769-Auksinis-pakabukas-su-juriniu-perlu-ir-deimantais-South-Sea-11-mm-0.12-ct.png\",\"width\":1000,\"height\":1000},{\"@type\":\"BreadcrumbList\",\"@id\":\"https:\/\/fashiongold.lt\/et\/papuosalas\/kuldripats-mereparli-ja-teemantidega-south-sea-11-mm-0-12-ct\/#breadcrumb\",\"itemListElement\":[{\"@type\":\"ListItem\",\"position\":1,\"name\":\"Home\",\"item\":\"https:\/\/fashiongold.lt\/et\/\"},{\"@type\":\"ListItem\",\"position\":2,\"name\":\"Teemantide pood Fashiongold.lt\",\"item\":\"https:\/\/fashiongold.lt\/shop-2\/\"},{\"@type\":\"ListItem\",\"position\":3,\"name\":\"Kuldripats merep\u00e4rli ja teemantidega (South Sea, 11 mm, 0.12 ct)\"}]},{\"@type\":\"WebSite\",\"@id\":\"https:\/\/fashiongold.lt\/et\/#website\",\"url\":\"https:\/\/fashiongold.lt\/et\/\",\"name\":\"Fashion Gold\",\"description\":\"Juvelyrikos namai\",\"publisher\":{\"@id\":\"https:\/\/fashiongold.lt\/et\/#organization\"},\"potentialAction\":[{\"@type\":\"SearchAction\",\"target\":{\"@type\":\"EntryPoint\",\"urlTemplate\":\"https:\/\/fashiongold.lt\/et\/?s={search_term_string}\"},\"query-input\":{\"@type\":\"PropertyValueSpecification\",\"valueRequired\":true,\"valueName\":\"search_term_string\"}}],\"inLanguage\":\"et\"},{\"@type\":\"Organization\",\"@id\":\"https:\/\/fashiongold.lt\/et\/#organization\",\"name\":\"Topdiamonds Online\",\"url\":\"https:\/\/fashiongold.lt\/et\/\",\"logo\":{\"@type\":\"ImageObject\",\"inLanguage\":\"et\",\"@id\":\"https:\/\/fashiongold.lt\/et\/#\/schema\/logo\/image\/\",\"url\":\"https:\/\/fashiongold.lt\/wp-content\/uploads\/2025\/04\/cropped-fashion_gold_logotipas2-scaled-1.png\",\"contentUrl\":\"https:\/\/fashiongold.lt\/wp-content\/uploads\/2025\/04\/cropped-fashion_gold_logotipas2-scaled-1.png\",\"width\":2559,\"height\":421,\"caption\":\"Topdiamonds Online\"},\"image\":{\"@id\":\"https:\/\/fashiongold.lt\/et\/#\/schema\/logo\/image\/\"}}]}<\/script>\n<!-- \/ Yoast SEO plugin. -->","yoast_head_json":{"title":"Kuldripats merep\u00e4rli ja teemantidega (11 mm )","description":"Moodsa disainiga ripats 11 mm merep\u00e4rli ja teemantidega. Suurep\u00e4rane kingitus igap\u00e4evaseks kandmiseks ja erilisteks puhkudeks, silmapaistva stiili jaoks.","robots":{"index":"index","follow":"follow","max-snippet":"max-snippet:-1","max-image-preview":"max-image-preview:large","max-video-preview":"max-video-preview:-1"},"canonical":"https:\/\/fashiongold.lt\/et\/papuosalas\/kuldripats-mereparli-ja-teemantidega-south-sea-11-mm-0-12-ct\/","og_locale":"et_EE","og_type":"article","og_title":"Kuldripats merep\u00e4rli ja teemantidega (11 mm )","og_description":"Moodsa disainiga ripats 11 mm merep\u00e4rli ja teemantidega. Suurep\u00e4rane kingitus igap\u00e4evaseks kandmiseks ja erilisteks puhkudeks, silmapaistva stiili jaoks.","og_url":"https:\/\/fashiongold.lt\/et\/papuosalas\/kuldripats-mereparli-ja-teemantidega-south-sea-11-mm-0-12-ct\/","og_site_name":"FashionGold.lt","og_image":[{"width":1000,"height":1000,"url":"https:\/\/fashiongold.lt\/wp-content\/uploads\/2025\/10\/12020-769-Auksinis-pakabukas-su-juriniu-perlu-ir-deimantais-South-Sea-11-mm-0.12-ct.webp","type":"image\/png"}],"twitter_card":"summary_large_image","twitter_misc":{"Est. reading time":"1 minut"},"schema":{"@context":"https:\/\/schema.org","@graph":[{"@type":"WebPage","@id":"https:\/\/fashiongold.lt\/et\/papuosalas\/kuldripats-mereparli-ja-teemantidega-south-sea-11-mm-0-12-ct\/","url":"https:\/\/fashiongold.lt\/et\/papuosalas\/kuldripats-mereparli-ja-teemantidega-south-sea-11-mm-0-12-ct\/","name":"Kuldripats merep\u00e4rli ja teemantidega (11 mm )","isPartOf":{"@id":"https:\/\/fashiongold.lt\/et\/#website"},"primaryImageOfPage":{"@id":"https:\/\/fashiongold.lt\/et\/papuosalas\/kuldripats-mereparli-ja-teemantidega-south-sea-11-mm-0-12-ct\/#primaryimage"},"image":{"@id":"https:\/\/fashiongold.lt\/et\/papuosalas\/kuldripats-mereparli-ja-teemantidega-south-sea-11-mm-0-12-ct\/#primaryimage"},"thumbnailUrl":"https:\/\/fashiongold.lt\/wp-content\/uploads\/2025\/10\/12020-769-Auksinis-pakabukas-su-juriniu-perlu-ir-deimantais-South-Sea-11-mm-0.12-ct.png","datePublished":"2025-10-24T00:54:17+00:00","description":"Moodsa disainiga ripats 11 mm merep\u00e4rli ja teemantidega. Suurep\u00e4rane kingitus igap\u00e4evaseks kandmiseks ja erilisteks puhkudeks, silmapaistva stiili jaoks.","breadcrumb":{"@id":"https:\/\/fashiongold.lt\/et\/papuosalas\/kuldripats-mereparli-ja-teemantidega-south-sea-11-mm-0-12-ct\/#breadcrumb"},"inLanguage":"et","potentialAction":[{"@type":"ReadAction","target":["https:\/\/fashiongold.lt\/et\/papuosalas\/kuldripats-mereparli-ja-teemantidega-south-sea-11-mm-0-12-ct\/"]}]},{"@type":"ImageObject","inLanguage":"et","@id":"https:\/\/fashiongold.lt\/et\/papuosalas\/kuldripats-mereparli-ja-teemantidega-south-sea-11-mm-0-12-ct\/#primaryimage","url":"https:\/\/fashiongold.lt\/wp-content\/uploads\/2025\/10\/12020-769-Auksinis-pakabukas-su-juriniu-perlu-ir-deimantais-South-Sea-11-mm-0.12-ct.png","contentUrl":"https:\/\/fashiongold.lt\/wp-content\/uploads\/2025\/10\/12020-769-Auksinis-pakabukas-su-juriniu-perlu-ir-deimantais-South-Sea-11-mm-0.12-ct.png","width":1000,"height":1000},{"@type":"BreadcrumbList","@id":"https:\/\/fashiongold.lt\/et\/papuosalas\/kuldripats-mereparli-ja-teemantidega-south-sea-11-mm-0-12-ct\/#breadcrumb","itemListElement":[{"@type":"ListItem","position":1,"name":"Home","item":"https:\/\/fashiongold.lt\/et\/"},{"@type":"ListItem","position":2,"name":"Teemantide pood Fashiongold.lt","item":"https:\/\/fashiongold.lt\/shop-2\/"},{"@type":"ListItem","position":3,"name":"Kuldripats merep\u00e4rli ja teemantidega (South Sea, 11 mm, 0.12 ct)"}]},{"@type":"WebSite","@id":"https:\/\/fashiongold.lt\/et\/#website","url":"https:\/\/fashiongold.lt\/et\/","name":"Fashion Gold","description":"Juvelyrikos namai","publisher":{"@id":"https:\/\/fashiongold.lt\/et\/#organization"},"potentialAction":[{"@type":"SearchAction","target":{"@type":"EntryPoint","urlTemplate":"https:\/\/fashiongold.lt\/et\/?s={search_term_string}"},"query-input":{"@type":"PropertyValueSpecification","valueRequired":true,"valueName":"search_term_string"}}],"inLanguage":"et"},{"@type":"Organization","@id":"https:\/\/fashiongold.lt\/et\/#organization","name":"Topdiamonds Online","url":"https:\/\/fashiongold.lt\/et\/","logo":{"@type":"ImageObject","inLanguage":"et","@id":"https:\/\/fashiongold.lt\/et\/#\/schema\/logo\/image\/","url":"https:\/\/fashiongold.lt\/wp-content\/uploads\/2025\/04\/cropped-fashion_gold_logotipas2-scaled-1.png","contentUrl":"https:\/\/fashiongold.lt\/wp-content\/uploads\/2025\/04\/cropped-fashion_gold_logotipas2-scaled-1.png","width":2559,"height":421,"caption":"Topdiamonds Online"},"image":{"@id":"https:\/\/fashiongold.lt\/et\/#\/schema\/logo\/image\/"}}]}},"_links":{"self":[{"href":"https:\/\/fashiongold.lt\/et\/wp-json\/wp\/v2\/product\/273404","targetHints":{"allow":["GET"]}}],"collection":[{"href":"https:\/\/fashiongold.lt\/et\/wp-json\/wp\/v2\/product"}],"about":[{"href":"https:\/\/fashiongold.lt\/et\/wp-json\/wp\/v2\/types\/product"}],"version-history":[{"count":0,"href":"https:\/\/fashiongold.lt\/et\/wp-json\/wp\/v2\/product\/273404\/revisions"}],"wp:featuredmedia":[{"embeddable":true,"href":"https:\/\/fashiongold.lt\/et\/wp-json\/wp\/v2\/media\/251456"}],"wp:attachment":[{"href":"https:\/\/fashiongold.lt\/et\/wp-json\/wp\/v2\/media?parent=273404"}],"wp:term":[{"taxonomy":"product_brand","embeddable":true,"href":"https:\/\/fashiongold.lt\/et\/wp-json\/wp\/v2\/product_brand?post=273404"},{"taxonomy":"product_cat","embeddable":true,"href":"https:\/\/fashiongold.lt\/et\/wp-json\/wp\/v2\/product_cat?post=273404"},{"taxonomy":"product_tag","embeddable":true,"href":"https:\/\/fashiongold.lt\/et\/wp-json\/wp\/v2\/product_tag?post=273404"}],"curies":[{"name":"wp","href":"https:\/\/api.w.org\/{rel}","templated":true}]}}