{"id":273443,"date":"2025-12-27T17:49:16","date_gmt":"2025-12-27T17:49:16","guid":{"rendered":"https:\/\/fashiongold.lt\/papuosalas\/akvamariinid-akvamariinidega-rivasormus-ai-juveliir\/"},"modified":"2025-12-27T17:49:16","modified_gmt":"2025-12-27T17:49:16","slug":"akvamariinid-akvamariinidega-rivasormus-ai-juveliir","status":"publish","type":"product","link":"https:\/\/fashiongold.lt\/et\/papuosalas\/akvamariinid-akvamariinidega-rivasormus-ai-juveliir\/","title":{"rendered":"Akvamariinid &#8211; Akvamariinidega rivas\u00f5rmus. AI Juveliir"},"content":{"rendered":"<h2 data-start=\"295\" data-end=\"371\">AI Juveliir: <strong data-start=\"252\" data-end=\"312\">Akvamariiniga s\u00f5rmus-pael \u2013 valmistamine individuaalprojekti j\u00e4rgi<\/strong><\/h2>\n<p data-start=\"314\" data-end=\"912\">See akvamariinidega s\u00f5rmus on juveliiri loodud ja valmistatud individuaalprojekt, kus iga detail on l\u00e4bi m\u00f5eldud, v\u00f5ttes arvesse valitud v\u00e4\u00e4riskivi \u2013 akvamariini, mida iseloomustab l\u00e4bipaistvus ja siniste toonide mitmekesisus. Tegemist ei ole seeriatootega, vaid ehtsa juveelit\u00f6\u00f6ga, mis saab alguse ideest ja l\u00f5peb k\u00e4sitsi loodud ainulaadse s\u00f5rmusega. Juveliir valmistab individuaaltellimusel mitte ainult s\u00f5rmuseid, vaid ka k\u00f5rvar\u00f5ngaid ja muid ehteid, r\u00f5hutades nende kvaliteeti ja eksklusiivsust. Rohkem akvamariini, selle v\u00e4rvuste ja hinna kohta saate teada <a href=\"https:\/\/fashiongold.lt\/et\/akvamariin-sinine-vaariskivi\/\">siit<\/a>.<\/p>\n<p data-start=\"914\" data-end=\"1454\">Akvamariinidega s\u00f5rmuse projekteerimisel hindab juveliir esmalt akvamariini omadusi \u2013 selle l\u00e4bipaistvust, v\u00e4rvi intensiivsust ja tooni, mis v\u00f5ib varieeruda \u00f5rnast helesinisest kuni s\u00fcgava tumesinise v\u00e4rvuseni. Just konkreetse akvamariini kivi j\u00e4rgi luuakse kogu disain: krooni k\u00f5rgus, akvamariinide paigutus, s\u00f5rmuse laius ja kuju. Iga s\u00f5rmus ja muu ehe n\u00f5uab \u00e4\u00e4rmiselt hoolikat ja professionaalset t\u00f6\u00f6d, mis v\u00f5imaldab saavutada t\u00e4iusliku tasakaalu esteetika, mugavuse ja vastupidavuse vahel.<\/p>\n<p data-start=\"1456\" data-end=\"1567\">Akvamariinidega s\u00f5rmus valmistatakse eritellimusel, seega saame kohandada:<\/p>\n<ul>\n<li>mis tahes <a href=\"https:\/\/fashiongold.lt\/et\/patarimai-et\/kulla-varv-mida-tasub-teada-erinevate-varjundite-ja-nende-omaduste-kohta\/\" target=\"_self\" rel=\"noopener noreferrer\">kullav\u00e4rvi<\/a> (valge, kollane v\u00f5i punane),<\/li>\n<li><a href=\"https:\/\/fashiongold.lt\/et\/patarimai-et\/kulla-proov-ehetele-kuidas-valida-oiget\/\" target=\"_self\" rel=\"noopener noreferrer\">soovitud kullaproovi 585 v\u00f5i 750<\/a>,<\/li>\n<li>akvamariinide erinevat suurust ja paigutust,<\/li>\n<li data-start=\"1302\" data-end=\"1414\">\n<p data-start=\"1304\" data-end=\"1414\">individuaalset akvamariini tooni \u2013 alates \u00f5rnast helesinisest, taevasinisest kuni s\u00fcgava tumesinise v\u00e4rvuseni.<\/p>\n<\/li>\n<\/ul>\n<p data-start=\"1416\" data-end=\"1550\">Valides individuaalprojekti j\u00e4rgi akvamariinidega s\u00f5rmus-paela, on k\u00f5ige olulisem see, mis vastab teie isiksusele, stiilile ja vajadustele.<\/p>\n<p data-start=\"1552\" data-end=\"1974\">Selles mudelis on valitud klassikaline disain, mis r\u00f5hutab delikaatselt akvamariini s\u00e4ra ning annab s\u00f5rmusele t\u00e4iendavat luksust ja eksklusiivsust. Akvamariinid tugevdavad elegantselt valguse m\u00e4ngu ning v\u00e4\u00e4riskivist endast saab talisman.<\/p>\n<p>K\u00f5ik akvamariinidega s\u00f5rmused ja <a href=\"https:\/\/fashiongold.lt\/et\/kategorija\/pidulikud-korvarongad\/\" target=\"_self\" rel=\"noopener noreferrer\">muud ehted<\/a> on valmistatud Leedus ning neil on Leedu Proovikoja sertifikaadid.<\/p>\n<p>See on <a href=\"https:\/\/fashiongold.lt\/et\/patarimai-et\/juveliir-kui-teie-unistus-saab-kulla-kuju\/\" target=\"_self\" rel=\"noopener noreferrer\">juveliiri valmistatud individuaalprojekt<\/a> neile, kes otsivad lisaks s\u00f5rmusele ka kullast ja akvamariinist loodud isiklikku lugu. Iga selline akvamariiniga s\u00f5rmus on ainulaadne, kohandatud just teile ja teie valitud v\u00e4\u00e4riskivile. S\u00f5rmustel on eriline s\u00fcmboolne t\u00e4hendus \u2013 need on armastuse ja p\u00fchendumise s\u00fcmbolid ning individuaalne disain v\u00f5imaldab paljastada teie isikliku loo.<\/p>\n<h4>Meie teenused<\/h4>\n<p>Pakume <a href=\"https:\/\/fashiongold.lt\/et\/kategorija\/ehete-valmistamine\/\" target=\"_self\" rel=\"noopener noreferrer\">individuaalset disaini, kus iga ehe luuakse teie ideede ja visiooni j\u00e4rgi<\/a>. Teostame ka restaureerimist, et teie kallid ehted s\u00e4raksid taas nagu uued. Iga meie looming pole mitte ainult ehe, vaid ka teie isiksuse peegeldus. Iga meie t\u00f6\u00f6 on t\u00f5estus selle kohta, et kvaliteet ja loovus v\u00f5ivad k\u00e4ia k\u00e4sik\u00e4es.<\/p>\n<h4>Avatus ja garantii<\/h4>\n<p>Meie l\u00e4henemine on avatus ja siiras suhtlus iga kliendiga. Alates esimesest konsultatsioonist kuni ehte l\u00f5pliku k\u00e4ttesaamiseni oleme teie k\u00f5rval, et aidata teid k\u00f5igis k\u00fcsimustes. Anname k\u00f5igile oma toodetele 5-aastase kvaliteedigarantii, seega v\u00f5ite olla kindlad nende usaldusv\u00e4\u00e4rsuses ja vastupidavuses. Meie garantii h\u00f5lmab k\u00f5iki tootmiskvaliteedi aspekte, et saaksite ehteid muretult nautida aastaid. Hoolitseme selle eest, et iga meie klient tunneks end kindlalt ja teaks, et meie ehted on usaldust v\u00e4\u00e4rt.<\/p>\n<h4>Tellimused ja konsultatsioonid<\/h4>\n<p>Kui soovite tellida eritellimusehet v\u00f5i konsulteerida oma ideede osas, on meie meeskond alati valmis teid aitama. Konsultatsiooni k\u00e4igus arutame teie visiooni, soove ja pakume parimaid lahendusi, et valmistada teie ootustele vastavad ehted. P\u00f6\u00f6rame igale tellimusele erilist t\u00e4helepanu, mist\u00f5ttu saame pakkuda individuaalseid lahendusi nii kihlas\u00f5rmuste kui ka muude ehete puhul. Ehete valmistamine kestab tavaliselt umbes 5 n\u00e4dalat, kuid p\u00fc\u00fcame alati, et teie ehted saaksid valmis nii kiiresti kui v\u00f5imalik. V\u00f5tke meiega \u00fchendust \u2013 loome koos ehted, millest saab osa teie loost.<\/p>\n","protected":false},"excerpt":{"rendered":"<p>AI Juveliir: Akvamariiniga s\u00f5rmus-pael \u2013 valmistamine individuaalprojekti j\u00e4rgi See akvamariinidega s\u00f5rmus on juveliiri loodud ja valmistatud individuaalprojekt, kus iga detail [&hellip;]<\/p>\n","protected":false},"featured_media":265344,"template":"","meta":{"site-sidebar-layout":"default","site-content-layout":"","ast-site-content-layout":"default","site-content-style":"default","site-sidebar-style":"default","ast-global-header-display":"","ast-banner-title-visibility":"","ast-main-header-display":"","ast-hfb-above-header-display":"","ast-hfb-below-header-display":"","ast-hfb-mobile-header-display":"","site-post-title":"","ast-breadcrumbs-content":"","ast-featured-img":"","footer-sml-layout":"","ast-disable-related-posts":"","theme-transparent-header-meta":"default","adv-header-id-meta":"","stick-header-meta":"","header-above-stick-meta":"","header-main-stick-meta":"","header-below-stick-meta":"","astra-migrate-meta-layouts":"default","ast-page-background-enabled":"default","ast-page-background-meta":{"desktop":{"background-color":"var(--ast-global-color-4)","background-image":"","background-repeat":"repeat","background-position":"center center","background-size":"auto","background-attachment":"scroll","background-type":"","background-media":"","overlay-type":"","overlay-color":"","overlay-opacity":"","overlay-gradient":""},"tablet":{"background-color":"","background-image":"","background-repeat":"repeat","background-position":"center center","background-size":"auto","background-attachment":"scroll","background-type":"","background-media":"","overlay-type":"","overlay-color":"","overlay-opacity":"","overlay-gradient":""},"mobile":{"background-color":"","background-image":"","background-repeat":"repeat","background-position":"center center","background-size":"auto","background-attachment":"scroll","background-type":"","background-media":"","overlay-type":"","overlay-color":"","overlay-opacity":"","overlay-gradient":""}},"ast-content-background-meta":{"desktop":{"background-color":"var(--ast-global-color-5)","background-image":"","background-repeat":"repeat","background-position":"center center","background-size":"auto","background-attachment":"scroll","background-type":"","background-media":"","overlay-type":"","overlay-color":"","overlay-opacity":"","overlay-gradient":""},"tablet":{"background-color":"var(--ast-global-color-5)","background-image":"","background-repeat":"repeat","background-position":"center center","background-size":"auto","background-attachment":"scroll","background-type":"","background-media":"","overlay-type":"","overlay-color":"","overlay-opacity":"","overlay-gradient":""},"mobile":{"background-color":"var(--ast-global-color-5)","background-image":"","background-repeat":"repeat","background-position":"center center","background-size":"auto","background-attachment":"scroll","background-type":"","background-media":"","overlay-type":"","overlay-color":"","overlay-opacity":"","overlay-gradient":""}}},"product_brand":[],"product_cat":[2838,3058,2841,2830,2826,2839,2842,2829,2823,2828,2822,2824,2821,2831,2836,2846,2967,2847,2837,2833,2848,2827,2832,2851],"product_tag":[],"class_list":{"0":"post-273443","1":"product","2":"type-product","3":"status-publish","4":"has-post-thumbnail","6":"product_cat-ehete-valmistamine","7":"product_cat-ehted","8":"product_cat-ehted-naistele","9":"product_cat-emadepaeva-kingitused","10":"product_cat-joulukingid","11":"product_cat-juveliir","12":"product_cat-kingiideed","13":"product_cat-kingitused-erilisteks-puhkudeks","14":"product_cat-kingitused-lapse-sunni-puhul","15":"product_cat-kingitused-lopetamise-puhul","16":"product_cat-kingitused-naistele","17":"product_cat-kingitused-pulma-aastapaeva-puhul","18":"product_cat-kingitused-sunnipaevaks","19":"product_cat-kollasest-kullast-ehted","20":"product_cat-kollasest-kullast-teemantsormused","21":"product_cat-poolvaariskividega-ehted","22":"product_cat-punasest-kullast-ehted","23":"product_cat-siniste-vaariskividega-ehted","24":"product_cat-teemantriba-umber-kogu-sormuse","25":"product_cat-teemantribad","26":"product_cat-vaariskividega-sormused","27":"product_cat-valgest-kullast-ehted","28":"product_cat-valgest-kullast-teemantribad","29":"product_cat-vits-sormus-vaariskividega","30":"desktop-align-center","31":"tablet-align-left","32":"mobile-align-left","33":"ast-product-gallery-layout-horizontal-slider","34":"ast-product-tabs-layout-accordion","35":"ast-qv-on-image","37":"first","38":"onbackorder","39":"taxable","40":"shipping-taxable","41":"purchasable","42":"product-type-simple"},"yoast_head":"<!-- This site is optimized with the Yoast SEO plugin v26.6 - https:\/\/yoast.com\/wordpress\/plugins\/seo\/ -->\n<title>Juveliir: akvamariinidega vits-s\u00f5rmus<\/title>\n<meta name=\"description\" content=\"Eritellimusel valmistatud akvamariinidega ribas\u00f5rmus, mille varjundid ulatuvad rohekassinisest kuni heleda v\u00f5i s\u00fcgava meresiniseni.\" \/>\n<meta name=\"robots\" content=\"index, follow, max-snippet:-1, max-image-preview:large, max-video-preview:-1\" \/>\n<link rel=\"canonical\" href=\"https:\/\/fashiongold.lt\/et\/papuosalas\/akvamariinid-akvamariinidega-rivasormus-ai-juveliir\/\" \/>\n<meta property=\"og:locale\" content=\"et_EE\" \/>\n<meta property=\"og:type\" content=\"article\" \/>\n<meta property=\"og:title\" content=\"Juveliir: akvamariinidega vits-s\u00f5rmus\" \/>\n<meta property=\"og:description\" content=\"Eritellimusel valmistatud akvamariinidega ribas\u00f5rmus, mille varjundid ulatuvad rohekassinisest kuni heleda v\u00f5i s\u00fcgava meresiniseni.\" \/>\n<meta property=\"og:url\" content=\"https:\/\/fashiongold.lt\/et\/papuosalas\/akvamariinid-akvamariinidega-rivasormus-ai-juveliir\/\" \/>\n<meta property=\"og:site_name\" content=\"FashionGold.lt\" \/>\n<meta property=\"og:image\" content=\"https:\/\/fashiongold.lt\/wp-content\/uploads\/2025\/12\/Stilingos-moters-ranka-su-ziedu-juostele-is-balto-aukso-inkrustuotu-sviesiai-melynais-akvamarinais-ir-deimantais-atspindinciais-vandens-zvilgesi.webp\" \/>\n\t<meta property=\"og:image:width\" content=\"1024\" \/>\n\t<meta property=\"og:image:height\" content=\"1024\" \/>\n\t<meta property=\"og:image:type\" content=\"image\/png\" \/>\n<meta name=\"twitter:card\" content=\"summary_large_image\" \/>\n<meta name=\"twitter:label1\" content=\"Est. reading time\" \/>\n\t<meta name=\"twitter:data1\" content=\"3 minutit\" \/>\n<script type=\"application\/ld+json\" class=\"yoast-schema-graph\">{\"@context\":\"https:\/\/schema.org\",\"@graph\":[{\"@type\":\"WebPage\",\"@id\":\"https:\/\/fashiongold.lt\/et\/papuosalas\/akvamariinid-akvamariinidega-rivasormus-ai-juveliir\/\",\"url\":\"https:\/\/fashiongold.lt\/et\/papuosalas\/akvamariinid-akvamariinidega-rivasormus-ai-juveliir\/\",\"name\":\"Juveliir: akvamariinidega vits-s\u00f5rmus\",\"isPartOf\":{\"@id\":\"https:\/\/fashiongold.lt\/et\/#website\"},\"primaryImageOfPage\":{\"@id\":\"https:\/\/fashiongold.lt\/et\/papuosalas\/akvamariinid-akvamariinidega-rivasormus-ai-juveliir\/#primaryimage\"},\"image\":{\"@id\":\"https:\/\/fashiongold.lt\/et\/papuosalas\/akvamariinid-akvamariinidega-rivasormus-ai-juveliir\/#primaryimage\"},\"thumbnailUrl\":\"https:\/\/fashiongold.lt\/wp-content\/uploads\/2025\/12\/Stilingos-moters-ranka-su-ziedu-juostele-is-balto-aukso-inkrustuotu-sviesiai-melynais-akvamarinais-ir-deimantais-atspindinciais-vandens-zvilgesi.png\",\"datePublished\":\"2025-12-27T17:49:16+00:00\",\"description\":\"Eritellimusel valmistatud akvamariinidega ribas\u00f5rmus, mille varjundid ulatuvad rohekassinisest kuni heleda v\u00f5i s\u00fcgava meresiniseni.\",\"breadcrumb\":{\"@id\":\"https:\/\/fashiongold.lt\/et\/papuosalas\/akvamariinid-akvamariinidega-rivasormus-ai-juveliir\/#breadcrumb\"},\"inLanguage\":\"et\",\"potentialAction\":[{\"@type\":\"ReadAction\",\"target\":[\"https:\/\/fashiongold.lt\/et\/papuosalas\/akvamariinid-akvamariinidega-rivasormus-ai-juveliir\/\"]}]},{\"@type\":\"ImageObject\",\"inLanguage\":\"et\",\"@id\":\"https:\/\/fashiongold.lt\/et\/papuosalas\/akvamariinid-akvamariinidega-rivasormus-ai-juveliir\/#primaryimage\",\"url\":\"https:\/\/fashiongold.lt\/wp-content\/uploads\/2025\/12\/Stilingos-moters-ranka-su-ziedu-juostele-is-balto-aukso-inkrustuotu-sviesiai-melynais-akvamarinais-ir-deimantais-atspindinciais-vandens-zvilgesi.png\",\"contentUrl\":\"https:\/\/fashiongold.lt\/wp-content\/uploads\/2025\/12\/Stilingos-moters-ranka-su-ziedu-juostele-is-balto-aukso-inkrustuotu-sviesiai-melynais-akvamarinais-ir-deimantais-atspindinciais-vandens-zvilgesi.png\",\"width\":1024,\"height\":1024,\"caption\":\"Stilingos moters ranka su z\u030ciedu juostele is\u030c balto aukso, inkrustuotu s\u030cviesiai me\u0307lynais akvamarinais ir deimantais, atspindinc\u030ciais vandens z\u030cvilgesi\u0328\"},{\"@type\":\"BreadcrumbList\",\"@id\":\"https:\/\/fashiongold.lt\/et\/papuosalas\/akvamariinid-akvamariinidega-rivasormus-ai-juveliir\/#breadcrumb\",\"itemListElement\":[{\"@type\":\"ListItem\",\"position\":1,\"name\":\"Home\",\"item\":\"https:\/\/fashiongold.lt\/et\/\"},{\"@type\":\"ListItem\",\"position\":2,\"name\":\"Teemantide pood Fashiongold.lt\",\"item\":\"https:\/\/fashiongold.lt\/shop-2\/\"},{\"@type\":\"ListItem\",\"position\":3,\"name\":\"Akvamariinid &#8211; Akvamariinidega rivas\u00f5rmus. AI Juveliir\"}]},{\"@type\":\"WebSite\",\"@id\":\"https:\/\/fashiongold.lt\/et\/#website\",\"url\":\"https:\/\/fashiongold.lt\/et\/\",\"name\":\"Fashion Gold\",\"description\":\"Juvelyrikos namai\",\"publisher\":{\"@id\":\"https:\/\/fashiongold.lt\/et\/#organization\"},\"potentialAction\":[{\"@type\":\"SearchAction\",\"target\":{\"@type\":\"EntryPoint\",\"urlTemplate\":\"https:\/\/fashiongold.lt\/et\/?s={search_term_string}\"},\"query-input\":{\"@type\":\"PropertyValueSpecification\",\"valueRequired\":true,\"valueName\":\"search_term_string\"}}],\"inLanguage\":\"et\"},{\"@type\":\"Organization\",\"@id\":\"https:\/\/fashiongold.lt\/et\/#organization\",\"name\":\"Topdiamonds Online\",\"url\":\"https:\/\/fashiongold.lt\/et\/\",\"logo\":{\"@type\":\"ImageObject\",\"inLanguage\":\"et\",\"@id\":\"https:\/\/fashiongold.lt\/et\/#\/schema\/logo\/image\/\",\"url\":\"https:\/\/fashiongold.lt\/wp-content\/uploads\/2025\/04\/cropped-fashion_gold_logotipas2-scaled-1.png\",\"contentUrl\":\"https:\/\/fashiongold.lt\/wp-content\/uploads\/2025\/04\/cropped-fashion_gold_logotipas2-scaled-1.png\",\"width\":2559,\"height\":421,\"caption\":\"Topdiamonds Online\"},\"image\":{\"@id\":\"https:\/\/fashiongold.lt\/et\/#\/schema\/logo\/image\/\"}}]}<\/script>\n<!-- \/ Yoast SEO plugin. -->","yoast_head_json":{"title":"Juveliir: akvamariinidega vits-s\u00f5rmus","description":"Eritellimusel valmistatud akvamariinidega ribas\u00f5rmus, mille varjundid ulatuvad rohekassinisest kuni heleda v\u00f5i s\u00fcgava meresiniseni.","robots":{"index":"index","follow":"follow","max-snippet":"max-snippet:-1","max-image-preview":"max-image-preview:large","max-video-preview":"max-video-preview:-1"},"canonical":"https:\/\/fashiongold.lt\/et\/papuosalas\/akvamariinid-akvamariinidega-rivasormus-ai-juveliir\/","og_locale":"et_EE","og_type":"article","og_title":"Juveliir: akvamariinidega vits-s\u00f5rmus","og_description":"Eritellimusel valmistatud akvamariinidega ribas\u00f5rmus, mille varjundid ulatuvad rohekassinisest kuni heleda v\u00f5i s\u00fcgava meresiniseni.","og_url":"https:\/\/fashiongold.lt\/et\/papuosalas\/akvamariinid-akvamariinidega-rivasormus-ai-juveliir\/","og_site_name":"FashionGold.lt","og_image":[{"width":1024,"height":1024,"url":"https:\/\/fashiongold.lt\/wp-content\/uploads\/2025\/12\/Stilingos-moters-ranka-su-ziedu-juostele-is-balto-aukso-inkrustuotu-sviesiai-melynais-akvamarinais-ir-deimantais-atspindinciais-vandens-zvilgesi.webp","type":"image\/png"}],"twitter_card":"summary_large_image","twitter_misc":{"Est. reading time":"3 minutit"},"schema":{"@context":"https:\/\/schema.org","@graph":[{"@type":"WebPage","@id":"https:\/\/fashiongold.lt\/et\/papuosalas\/akvamariinid-akvamariinidega-rivasormus-ai-juveliir\/","url":"https:\/\/fashiongold.lt\/et\/papuosalas\/akvamariinid-akvamariinidega-rivasormus-ai-juveliir\/","name":"Juveliir: akvamariinidega vits-s\u00f5rmus","isPartOf":{"@id":"https:\/\/fashiongold.lt\/et\/#website"},"primaryImageOfPage":{"@id":"https:\/\/fashiongold.lt\/et\/papuosalas\/akvamariinid-akvamariinidega-rivasormus-ai-juveliir\/#primaryimage"},"image":{"@id":"https:\/\/fashiongold.lt\/et\/papuosalas\/akvamariinid-akvamariinidega-rivasormus-ai-juveliir\/#primaryimage"},"thumbnailUrl":"https:\/\/fashiongold.lt\/wp-content\/uploads\/2025\/12\/Stilingos-moters-ranka-su-ziedu-juostele-is-balto-aukso-inkrustuotu-sviesiai-melynais-akvamarinais-ir-deimantais-atspindinciais-vandens-zvilgesi.png","datePublished":"2025-12-27T17:49:16+00:00","description":"Eritellimusel valmistatud akvamariinidega ribas\u00f5rmus, mille varjundid ulatuvad rohekassinisest kuni heleda v\u00f5i s\u00fcgava meresiniseni.","breadcrumb":{"@id":"https:\/\/fashiongold.lt\/et\/papuosalas\/akvamariinid-akvamariinidega-rivasormus-ai-juveliir\/#breadcrumb"},"inLanguage":"et","potentialAction":[{"@type":"ReadAction","target":["https:\/\/fashiongold.lt\/et\/papuosalas\/akvamariinid-akvamariinidega-rivasormus-ai-juveliir\/"]}]},{"@type":"ImageObject","inLanguage":"et","@id":"https:\/\/fashiongold.lt\/et\/papuosalas\/akvamariinid-akvamariinidega-rivasormus-ai-juveliir\/#primaryimage","url":"https:\/\/fashiongold.lt\/wp-content\/uploads\/2025\/12\/Stilingos-moters-ranka-su-ziedu-juostele-is-balto-aukso-inkrustuotu-sviesiai-melynais-akvamarinais-ir-deimantais-atspindinciais-vandens-zvilgesi.png","contentUrl":"https:\/\/fashiongold.lt\/wp-content\/uploads\/2025\/12\/Stilingos-moters-ranka-su-ziedu-juostele-is-balto-aukso-inkrustuotu-sviesiai-melynais-akvamarinais-ir-deimantais-atspindinciais-vandens-zvilgesi.png","width":1024,"height":1024,"caption":"Stilingos moters ranka su z\u030ciedu juostele is\u030c balto aukso, inkrustuotu s\u030cviesiai me\u0307lynais akvamarinais ir deimantais, atspindinc\u030ciais vandens z\u030cvilgesi\u0328"},{"@type":"BreadcrumbList","@id":"https:\/\/fashiongold.lt\/et\/papuosalas\/akvamariinid-akvamariinidega-rivasormus-ai-juveliir\/#breadcrumb","itemListElement":[{"@type":"ListItem","position":1,"name":"Home","item":"https:\/\/fashiongold.lt\/et\/"},{"@type":"ListItem","position":2,"name":"Teemantide pood Fashiongold.lt","item":"https:\/\/fashiongold.lt\/shop-2\/"},{"@type":"ListItem","position":3,"name":"Akvamariinid &#8211; Akvamariinidega rivas\u00f5rmus. AI Juveliir"}]},{"@type":"WebSite","@id":"https:\/\/fashiongold.lt\/et\/#website","url":"https:\/\/fashiongold.lt\/et\/","name":"Fashion Gold","description":"Juvelyrikos namai","publisher":{"@id":"https:\/\/fashiongold.lt\/et\/#organization"},"potentialAction":[{"@type":"SearchAction","target":{"@type":"EntryPoint","urlTemplate":"https:\/\/fashiongold.lt\/et\/?s={search_term_string}"},"query-input":{"@type":"PropertyValueSpecification","valueRequired":true,"valueName":"search_term_string"}}],"inLanguage":"et"},{"@type":"Organization","@id":"https:\/\/fashiongold.lt\/et\/#organization","name":"Topdiamonds Online","url":"https:\/\/fashiongold.lt\/et\/","logo":{"@type":"ImageObject","inLanguage":"et","@id":"https:\/\/fashiongold.lt\/et\/#\/schema\/logo\/image\/","url":"https:\/\/fashiongold.lt\/wp-content\/uploads\/2025\/04\/cropped-fashion_gold_logotipas2-scaled-1.png","contentUrl":"https:\/\/fashiongold.lt\/wp-content\/uploads\/2025\/04\/cropped-fashion_gold_logotipas2-scaled-1.png","width":2559,"height":421,"caption":"Topdiamonds Online"},"image":{"@id":"https:\/\/fashiongold.lt\/et\/#\/schema\/logo\/image\/"}}]}},"_links":{"self":[{"href":"https:\/\/fashiongold.lt\/et\/wp-json\/wp\/v2\/product\/273443","targetHints":{"allow":["GET"]}}],"collection":[{"href":"https:\/\/fashiongold.lt\/et\/wp-json\/wp\/v2\/product"}],"about":[{"href":"https:\/\/fashiongold.lt\/et\/wp-json\/wp\/v2\/types\/product"}],"version-history":[{"count":0,"href":"https:\/\/fashiongold.lt\/et\/wp-json\/wp\/v2\/product\/273443\/revisions"}],"wp:featuredmedia":[{"embeddable":true,"href":"https:\/\/fashiongold.lt\/et\/wp-json\/wp\/v2\/media\/265344"}],"wp:attachment":[{"href":"https:\/\/fashiongold.lt\/et\/wp-json\/wp\/v2\/media?parent=273443"}],"wp:term":[{"taxonomy":"product_brand","embeddable":true,"href":"https:\/\/fashiongold.lt\/et\/wp-json\/wp\/v2\/product_brand?post=273443"},{"taxonomy":"product_cat","embeddable":true,"href":"https:\/\/fashiongold.lt\/et\/wp-json\/wp\/v2\/product_cat?post=273443"},{"taxonomy":"product_tag","embeddable":true,"href":"https:\/\/fashiongold.lt\/et\/wp-json\/wp\/v2\/product_tag?post=273443"}],"curies":[{"name":"wp","href":"https:\/\/api.w.org\/{rel}","templated":true}]}}