{"id":273578,"date":"2025-10-24T01:23:40","date_gmt":"2025-10-24T01:23:40","guid":{"rendered":"https:\/\/fashiongold.lt\/papuosalas\/looduslik-rubiin-valgest-kullast-sormus-rubiini-ja-teemantidega-0-82-ct\/"},"modified":"2025-10-24T01:23:40","modified_gmt":"2025-10-24T01:23:40","slug":"looduslik-rubiin-valgest-kullast-sormus-rubiini-ja-teemantidega-0-82-ct","status":"publish","type":"product","link":"https:\/\/fashiongold.lt\/et\/papuosalas\/looduslik-rubiin-valgest-kullast-sormus-rubiini-ja-teemantidega-0-82-ct\/","title":{"rendered":"Looduslik rubiin &#8211; valgest kullast s\u00f5rmus rubiini ja teemantidega (0.82 ct)"},"content":{"rendered":"<p>Valmistatud Saksamaal kvaliteetsetest v\u00e4\u00e4riskividest. Suurep\u00e4rane valik stiilsele naisele. Rubiini imeline j\u00f5ud \u2013 see toimib amuleti v\u00f5i talismanina, andes omanikule tervist, r\u00f5\u00f5mu, heaolu, \u00f5nne ja edu. Suurep\u00e4rane perekaitse ja armastuse talisman. Rubiini sobib J\u00e4\u00e4rale, Kaksikutele, L\u00f5vile, S\u00f5nnile, V\u00e4hile, Skorpionile, Amburile, Kaljukitsele, Veevalajale ja Kaladele.<\/p>\n<p>\u2022 S\u00f5rmuse kuld: 18 karaati (proov 750)\u00a0 \u00a0 \u00a0<\/p>\n<p>\u2022 S\u00f5rmuse v\u00e4rvus: valge kuld\u00a0 \u00a0 \u00a0 \u00a0 \u00a0<\/p>\n<p>\u2022 S\u00f5rmuse kaal: umbes 1,80 &#8211; 3,00 g\u00a0 \u00a0 \u00a0 \u00a0 \u00a0<\/p>\n<p>\u2022 Teemandi t\u00fc\u00fcp: Looduslik teemant\u00a0 \u00a0 \u00a0 \u00a0<\/p>\n<p>\u2022 Teemandi kuju: \u00fcmar kuju (fantasy shape)\u00a0 \u00a0 \u00a0 \u00a0<\/p>\n<p>\u2022 Teemandi omadused: 0,19 ct, v\u00e4rvus G-H (RW-W); puhtus SI\u00a0 \u00a0 \u00a0 \u00a0<\/p>\n<p>\u2022 Keskne kivi: ristk\u00fclikukujuline rubiin &#8211; 0,63 ct\u00a0 \u00a0 \u00a0 \u00a0 \u00a0<\/p>\n<p>\u2022 Sertifikaat: Leedu Proovikoda (LPR)\u00a0 \u00a0 \u00a0 \u00a0 \u00a0<\/p>\n<p>\u2022 S\u00f5rmuse m\u00f5\u00f5tmed: h: 6,5 mm, w: 8,3 mm \u00a0<\/p>\n<p>\u2022 Graveerimine tasuta\u00a0 \u00a0\u00a0<\/p>\n<p>\u2022 \u00dchekordne tasuta s\u00f5rmuse suuruse muutmise garantii (v\u00f5imaluse korral)\u00a0 \u00a0 \u00a0<\/p>\n<p>\u2022 Valmistamis- ja tarneaeg alates 14 t\u00f6\u00f6p\u00e4evast, kiirtellimusena 3 t\u00f6\u00f6p\u00e4eva jooksul.\u00a0 \u00a0<\/p>\n<p><strong>Kas teil on oma kulda v\u00f5i v\u00e4\u00e4riskive? V\u00f5tke meiega \u00fchendust, arvutame hinna \u00fcmber \u2013 maksate vaid s\u00f5rmuse valmistamise eest.<\/strong><\/p>\n","protected":false},"excerpt":{"rendered":"<p>Klasikaline s\u00f5rmus loodusliku ristk\u00fclikukujulise rubiini ja teemantidega. Rubiin on keskel, teemandid on paigutatud m\u00f5lemale poole ja rubiini \u00fcmber. Eriline s\u00f5rmus stiilsele naisele. Sobib suurep\u00e4raselt kihluseks ja igap\u00e4evaseks kandmiseks, lisades teie stiilile luksust.\u00a0<\/p>\n","protected":false},"featured_media":252152,"template":"","meta":{"site-sidebar-layout":"","site-content-layout":"","ast-site-content-layout":"","site-content-style":"","site-sidebar-style":"","ast-global-header-display":"","ast-banner-title-visibility":"","ast-main-header-display":"","ast-hfb-above-header-display":"","ast-hfb-below-header-display":"","ast-hfb-mobile-header-display":"","site-post-title":"","ast-breadcrumbs-content":"","ast-featured-img":"","footer-sml-layout":"","ast-disable-related-posts":"","theme-transparent-header-meta":"","adv-header-id-meta":"","stick-header-meta":"","header-above-stick-meta":"","header-main-stick-meta":"","header-below-stick-meta":"","astra-migrate-meta-layouts":"default","ast-page-background-enabled":"default","ast-page-background-meta":{"desktop":{"background-color":"var(--ast-global-color-4)","background-image":"","background-repeat":"repeat","background-position":"center center","background-size":"auto","background-attachment":"scroll","background-type":"","background-media":"","overlay-type":"","overlay-color":"","overlay-opacity":"","overlay-gradient":""},"tablet":{"background-color":"","background-image":"","background-repeat":"repeat","background-position":"center center","background-size":"auto","background-attachment":"scroll","background-type":"","background-media":"","overlay-type":"","overlay-color":"","overlay-opacity":"","overlay-gradient":""},"mobile":{"background-color":"","background-image":"","background-repeat":"repeat","background-position":"center center","background-size":"auto","background-attachment":"scroll","background-type":"","background-media":"","overlay-type":"","overlay-color":"","overlay-opacity":"","overlay-gradient":""}},"ast-content-background-meta":{"desktop":{"background-color":"var(--ast-global-color-5)","background-image":"","background-repeat":"repeat","background-position":"center center","background-size":"auto","background-attachment":"scroll","background-type":"","background-media":"","overlay-type":"","overlay-color":"","overlay-opacity":"","overlay-gradient":""},"tablet":{"background-color":"var(--ast-global-color-5)","background-image":"","background-repeat":"repeat","background-position":"center center","background-size":"auto","background-attachment":"scroll","background-type":"","background-media":"","overlay-type":"","overlay-color":"","overlay-opacity":"","overlay-gradient":""},"mobile":{"background-color":"var(--ast-global-color-5)","background-image":"","background-repeat":"repeat","background-position":"center center","background-size":"auto","background-attachment":"scroll","background-type":"","background-media":"","overlay-type":"","overlay-color":"","overlay-opacity":"","overlay-gradient":""}}},"product_brand":[],"product_cat":[3058,2830,2826,3451,3422,3423,2823,2828,2822,2824,3392,2821,3452,3055,3450,2845,3480,2848,2827],"product_tag":[],"class_list":{"0":"post-273578","1":"product","2":"type-product","3":"status-publish","4":"has-post-thumbnail","6":"product_cat-ehted","7":"product_cat-emadepaeva-kingitused","8":"product_cat-joulukingid","9":"product_cat-kihlasormus-rubiiniga","10":"product_cat-kihlasormused","11":"product_cat-kihlasormused-vaariskividega","12":"product_cat-kingitused-lapse-sunni-puhul","13":"product_cat-kingitused-lopetamise-puhul","14":"product_cat-kingitused-naistele","15":"product_cat-kingitused-pulma-aastapaeva-puhul","16":"product_cat-kingitused-pulmade-puhul","17":"product_cat-kingitused-sunnipaevaks","18":"product_cat-punane-vaariskivi","19":"product_cat-punaste-vaariskividega-ehted","20":"product_cat-rubiin-rubiinidega-ehted","21":"product_cat-sobrapaeva-kingitused","22":"product_cat-sormused-rubiinidega","23":"product_cat-vaariskividega-sormused","24":"product_cat-valgest-kullast-ehted","25":"desktop-align-center","26":"tablet-align-left","27":"mobile-align-left","28":"ast-product-gallery-layout-horizontal-slider","29":"ast-product-gallery-with-no-image","30":"ast-product-single-variable","31":"ast-product-tabs-layout-accordion","32":"ast-qv-on-image","34":"first","35":"instock","36":"taxable","37":"shipping-taxable","38":"purchasable","39":"product-type-variable"},"yoast_head":"<!-- This site is optimized with the Yoast SEO plugin v26.6 - https:\/\/yoast.com\/wordpress\/plugins\/seo\/ -->\n<title>Looduslik rubiin - valgest kullast s\u00f5rmus rubiiniga (0.82 ct)<\/title>\n<meta name=\"description\" content=\"S\u00f5rmus naturaalse ristk\u00fclikukujulise rubiiniga ning teemantidega m\u00f5lemal k\u00fcljel ja \u00fcmber rubiini. Eriline s\u00f5rmus stiilsele naisele, kihluseks ja igap\u00e4evaseks kandmiseks.\" \/>\n<meta name=\"robots\" content=\"index, follow, max-snippet:-1, max-image-preview:large, max-video-preview:-1\" \/>\n<link rel=\"canonical\" href=\"https:\/\/fashiongold.lt\/et\/papuosalas\/looduslik-rubiin-valgest-kullast-sormus-rubiini-ja-teemantidega-0-82-ct\/\" \/>\n<meta property=\"og:locale\" content=\"et_EE\" \/>\n<meta property=\"og:type\" content=\"article\" \/>\n<meta property=\"og:title\" content=\"Looduslik rubiin - valgest kullast s\u00f5rmus rubiiniga (0.82 ct)\" \/>\n<meta property=\"og:description\" content=\"S\u00f5rmus naturaalse ristk\u00fclikukujulise rubiiniga ning teemantidega m\u00f5lemal k\u00fcljel ja \u00fcmber rubiini. Eriline s\u00f5rmus stiilsele naisele, kihluseks ja igap\u00e4evaseks kandmiseks.\" \/>\n<meta property=\"og:url\" content=\"https:\/\/fashiongold.lt\/et\/papuosalas\/looduslik-rubiin-valgest-kullast-sormus-rubiini-ja-teemantidega-0-82-ct\/\" \/>\n<meta property=\"og:site_name\" content=\"FashionGold.lt\" \/>\n<meta property=\"og:image\" content=\"https:\/\/fashiongold.lt\/wp-content\/uploads\/2025\/10\/13291-736-Naturalus-Rubinas-balto-aukso-ziedas-su-rubinu-ir-deimantais-0.82-ct.webp\" \/>\n\t<meta property=\"og:image:width\" content=\"1000\" \/>\n\t<meta property=\"og:image:height\" content=\"1000\" \/>\n\t<meta property=\"og:image:type\" content=\"image\/png\" \/>\n<meta name=\"twitter:card\" content=\"summary_large_image\" \/>\n<meta name=\"twitter:label1\" content=\"Est. reading time\" \/>\n\t<meta name=\"twitter:data1\" content=\"1 minut\" \/>\n<script type=\"application\/ld+json\" class=\"yoast-schema-graph\">{\"@context\":\"https:\/\/schema.org\",\"@graph\":[{\"@type\":\"WebPage\",\"@id\":\"https:\/\/fashiongold.lt\/et\/papuosalas\/looduslik-rubiin-valgest-kullast-sormus-rubiini-ja-teemantidega-0-82-ct\/\",\"url\":\"https:\/\/fashiongold.lt\/et\/papuosalas\/looduslik-rubiin-valgest-kullast-sormus-rubiini-ja-teemantidega-0-82-ct\/\",\"name\":\"Looduslik rubiin - valgest kullast s\u00f5rmus rubiiniga (0.82 ct)\",\"isPartOf\":{\"@id\":\"https:\/\/fashiongold.lt\/et\/#website\"},\"primaryImageOfPage\":{\"@id\":\"https:\/\/fashiongold.lt\/et\/papuosalas\/looduslik-rubiin-valgest-kullast-sormus-rubiini-ja-teemantidega-0-82-ct\/#primaryimage\"},\"image\":{\"@id\":\"https:\/\/fashiongold.lt\/et\/papuosalas\/looduslik-rubiin-valgest-kullast-sormus-rubiini-ja-teemantidega-0-82-ct\/#primaryimage\"},\"thumbnailUrl\":\"https:\/\/fashiongold.lt\/wp-content\/uploads\/2025\/10\/13291-736-Naturalus-Rubinas-balto-aukso-ziedas-su-rubinu-ir-deimantais-0.82-ct.png\",\"datePublished\":\"2025-10-24T01:23:40+00:00\",\"description\":\"S\u00f5rmus naturaalse ristk\u00fclikukujulise rubiiniga ning teemantidega m\u00f5lemal k\u00fcljel ja \u00fcmber rubiini. Eriline s\u00f5rmus stiilsele naisele, kihluseks ja igap\u00e4evaseks kandmiseks.\",\"breadcrumb\":{\"@id\":\"https:\/\/fashiongold.lt\/et\/papuosalas\/looduslik-rubiin-valgest-kullast-sormus-rubiini-ja-teemantidega-0-82-ct\/#breadcrumb\"},\"inLanguage\":\"et\",\"potentialAction\":[{\"@type\":\"ReadAction\",\"target\":[\"https:\/\/fashiongold.lt\/et\/papuosalas\/looduslik-rubiin-valgest-kullast-sormus-rubiini-ja-teemantidega-0-82-ct\/\"]}]},{\"@type\":\"ImageObject\",\"inLanguage\":\"et\",\"@id\":\"https:\/\/fashiongold.lt\/et\/papuosalas\/looduslik-rubiin-valgest-kullast-sormus-rubiini-ja-teemantidega-0-82-ct\/#primaryimage\",\"url\":\"https:\/\/fashiongold.lt\/wp-content\/uploads\/2025\/10\/13291-736-Naturalus-Rubinas-balto-aukso-ziedas-su-rubinu-ir-deimantais-0.82-ct.png\",\"contentUrl\":\"https:\/\/fashiongold.lt\/wp-content\/uploads\/2025\/10\/13291-736-Naturalus-Rubinas-balto-aukso-ziedas-su-rubinu-ir-deimantais-0.82-ct.png\",\"width\":1000,\"height\":1000},{\"@type\":\"BreadcrumbList\",\"@id\":\"https:\/\/fashiongold.lt\/et\/papuosalas\/looduslik-rubiin-valgest-kullast-sormus-rubiini-ja-teemantidega-0-82-ct\/#breadcrumb\",\"itemListElement\":[{\"@type\":\"ListItem\",\"position\":1,\"name\":\"Home\",\"item\":\"https:\/\/fashiongold.lt\/et\/\"},{\"@type\":\"ListItem\",\"position\":2,\"name\":\"Teemantide pood Fashiongold.lt\",\"item\":\"https:\/\/fashiongold.lt\/shop-2\/\"},{\"@type\":\"ListItem\",\"position\":3,\"name\":\"Looduslik rubiin &#8211; valgest kullast s\u00f5rmus rubiini ja teemantidega (0.82 ct)\"}]},{\"@type\":\"WebSite\",\"@id\":\"https:\/\/fashiongold.lt\/et\/#website\",\"url\":\"https:\/\/fashiongold.lt\/et\/\",\"name\":\"Fashion Gold\",\"description\":\"Juvelyrikos namai\",\"publisher\":{\"@id\":\"https:\/\/fashiongold.lt\/et\/#organization\"},\"potentialAction\":[{\"@type\":\"SearchAction\",\"target\":{\"@type\":\"EntryPoint\",\"urlTemplate\":\"https:\/\/fashiongold.lt\/et\/?s={search_term_string}\"},\"query-input\":{\"@type\":\"PropertyValueSpecification\",\"valueRequired\":true,\"valueName\":\"search_term_string\"}}],\"inLanguage\":\"et\"},{\"@type\":\"Organization\",\"@id\":\"https:\/\/fashiongold.lt\/et\/#organization\",\"name\":\"Topdiamonds Online\",\"url\":\"https:\/\/fashiongold.lt\/et\/\",\"logo\":{\"@type\":\"ImageObject\",\"inLanguage\":\"et\",\"@id\":\"https:\/\/fashiongold.lt\/et\/#\/schema\/logo\/image\/\",\"url\":\"https:\/\/fashiongold.lt\/wp-content\/uploads\/2025\/04\/cropped-fashion_gold_logotipas2-scaled-1.png\",\"contentUrl\":\"https:\/\/fashiongold.lt\/wp-content\/uploads\/2025\/04\/cropped-fashion_gold_logotipas2-scaled-1.png\",\"width\":2559,\"height\":421,\"caption\":\"Topdiamonds Online\"},\"image\":{\"@id\":\"https:\/\/fashiongold.lt\/et\/#\/schema\/logo\/image\/\"}}]}<\/script>\n<!-- \/ Yoast SEO plugin. -->","yoast_head_json":{"title":"Looduslik rubiin - valgest kullast s\u00f5rmus rubiiniga (0.82 ct)","description":"S\u00f5rmus naturaalse ristk\u00fclikukujulise rubiiniga ning teemantidega m\u00f5lemal k\u00fcljel ja \u00fcmber rubiini. Eriline s\u00f5rmus stiilsele naisele, kihluseks ja igap\u00e4evaseks kandmiseks.","robots":{"index":"index","follow":"follow","max-snippet":"max-snippet:-1","max-image-preview":"max-image-preview:large","max-video-preview":"max-video-preview:-1"},"canonical":"https:\/\/fashiongold.lt\/et\/papuosalas\/looduslik-rubiin-valgest-kullast-sormus-rubiini-ja-teemantidega-0-82-ct\/","og_locale":"et_EE","og_type":"article","og_title":"Looduslik rubiin - valgest kullast s\u00f5rmus rubiiniga (0.82 ct)","og_description":"S\u00f5rmus naturaalse ristk\u00fclikukujulise rubiiniga ning teemantidega m\u00f5lemal k\u00fcljel ja \u00fcmber rubiini. Eriline s\u00f5rmus stiilsele naisele, kihluseks ja igap\u00e4evaseks kandmiseks.","og_url":"https:\/\/fashiongold.lt\/et\/papuosalas\/looduslik-rubiin-valgest-kullast-sormus-rubiini-ja-teemantidega-0-82-ct\/","og_site_name":"FashionGold.lt","og_image":[{"width":1000,"height":1000,"url":"https:\/\/fashiongold.lt\/wp-content\/uploads\/2025\/10\/13291-736-Naturalus-Rubinas-balto-aukso-ziedas-su-rubinu-ir-deimantais-0.82-ct.webp","type":"image\/png"}],"twitter_card":"summary_large_image","twitter_misc":{"Est. reading time":"1 minut"},"schema":{"@context":"https:\/\/schema.org","@graph":[{"@type":"WebPage","@id":"https:\/\/fashiongold.lt\/et\/papuosalas\/looduslik-rubiin-valgest-kullast-sormus-rubiini-ja-teemantidega-0-82-ct\/","url":"https:\/\/fashiongold.lt\/et\/papuosalas\/looduslik-rubiin-valgest-kullast-sormus-rubiini-ja-teemantidega-0-82-ct\/","name":"Looduslik rubiin - valgest kullast s\u00f5rmus rubiiniga (0.82 ct)","isPartOf":{"@id":"https:\/\/fashiongold.lt\/et\/#website"},"primaryImageOfPage":{"@id":"https:\/\/fashiongold.lt\/et\/papuosalas\/looduslik-rubiin-valgest-kullast-sormus-rubiini-ja-teemantidega-0-82-ct\/#primaryimage"},"image":{"@id":"https:\/\/fashiongold.lt\/et\/papuosalas\/looduslik-rubiin-valgest-kullast-sormus-rubiini-ja-teemantidega-0-82-ct\/#primaryimage"},"thumbnailUrl":"https:\/\/fashiongold.lt\/wp-content\/uploads\/2025\/10\/13291-736-Naturalus-Rubinas-balto-aukso-ziedas-su-rubinu-ir-deimantais-0.82-ct.png","datePublished":"2025-10-24T01:23:40+00:00","description":"S\u00f5rmus naturaalse ristk\u00fclikukujulise rubiiniga ning teemantidega m\u00f5lemal k\u00fcljel ja \u00fcmber rubiini. Eriline s\u00f5rmus stiilsele naisele, kihluseks ja igap\u00e4evaseks kandmiseks.","breadcrumb":{"@id":"https:\/\/fashiongold.lt\/et\/papuosalas\/looduslik-rubiin-valgest-kullast-sormus-rubiini-ja-teemantidega-0-82-ct\/#breadcrumb"},"inLanguage":"et","potentialAction":[{"@type":"ReadAction","target":["https:\/\/fashiongold.lt\/et\/papuosalas\/looduslik-rubiin-valgest-kullast-sormus-rubiini-ja-teemantidega-0-82-ct\/"]}]},{"@type":"ImageObject","inLanguage":"et","@id":"https:\/\/fashiongold.lt\/et\/papuosalas\/looduslik-rubiin-valgest-kullast-sormus-rubiini-ja-teemantidega-0-82-ct\/#primaryimage","url":"https:\/\/fashiongold.lt\/wp-content\/uploads\/2025\/10\/13291-736-Naturalus-Rubinas-balto-aukso-ziedas-su-rubinu-ir-deimantais-0.82-ct.png","contentUrl":"https:\/\/fashiongold.lt\/wp-content\/uploads\/2025\/10\/13291-736-Naturalus-Rubinas-balto-aukso-ziedas-su-rubinu-ir-deimantais-0.82-ct.png","width":1000,"height":1000},{"@type":"BreadcrumbList","@id":"https:\/\/fashiongold.lt\/et\/papuosalas\/looduslik-rubiin-valgest-kullast-sormus-rubiini-ja-teemantidega-0-82-ct\/#breadcrumb","itemListElement":[{"@type":"ListItem","position":1,"name":"Home","item":"https:\/\/fashiongold.lt\/et\/"},{"@type":"ListItem","position":2,"name":"Teemantide pood Fashiongold.lt","item":"https:\/\/fashiongold.lt\/shop-2\/"},{"@type":"ListItem","position":3,"name":"Looduslik rubiin &#8211; valgest kullast s\u00f5rmus rubiini ja teemantidega (0.82 ct)"}]},{"@type":"WebSite","@id":"https:\/\/fashiongold.lt\/et\/#website","url":"https:\/\/fashiongold.lt\/et\/","name":"Fashion Gold","description":"Juvelyrikos namai","publisher":{"@id":"https:\/\/fashiongold.lt\/et\/#organization"},"potentialAction":[{"@type":"SearchAction","target":{"@type":"EntryPoint","urlTemplate":"https:\/\/fashiongold.lt\/et\/?s={search_term_string}"},"query-input":{"@type":"PropertyValueSpecification","valueRequired":true,"valueName":"search_term_string"}}],"inLanguage":"et"},{"@type":"Organization","@id":"https:\/\/fashiongold.lt\/et\/#organization","name":"Topdiamonds Online","url":"https:\/\/fashiongold.lt\/et\/","logo":{"@type":"ImageObject","inLanguage":"et","@id":"https:\/\/fashiongold.lt\/et\/#\/schema\/logo\/image\/","url":"https:\/\/fashiongold.lt\/wp-content\/uploads\/2025\/04\/cropped-fashion_gold_logotipas2-scaled-1.png","contentUrl":"https:\/\/fashiongold.lt\/wp-content\/uploads\/2025\/04\/cropped-fashion_gold_logotipas2-scaled-1.png","width":2559,"height":421,"caption":"Topdiamonds Online"},"image":{"@id":"https:\/\/fashiongold.lt\/et\/#\/schema\/logo\/image\/"}}]}},"_links":{"self":[{"href":"https:\/\/fashiongold.lt\/et\/wp-json\/wp\/v2\/product\/273578","targetHints":{"allow":["GET"]}}],"collection":[{"href":"https:\/\/fashiongold.lt\/et\/wp-json\/wp\/v2\/product"}],"about":[{"href":"https:\/\/fashiongold.lt\/et\/wp-json\/wp\/v2\/types\/product"}],"version-history":[{"count":0,"href":"https:\/\/fashiongold.lt\/et\/wp-json\/wp\/v2\/product\/273578\/revisions"}],"wp:featuredmedia":[{"embeddable":true,"href":"https:\/\/fashiongold.lt\/et\/wp-json\/wp\/v2\/media\/252152"}],"wp:attachment":[{"href":"https:\/\/fashiongold.lt\/et\/wp-json\/wp\/v2\/media?parent=273578"}],"wp:term":[{"taxonomy":"product_brand","embeddable":true,"href":"https:\/\/fashiongold.lt\/et\/wp-json\/wp\/v2\/product_brand?post=273578"},{"taxonomy":"product_cat","embeddable":true,"href":"https:\/\/fashiongold.lt\/et\/wp-json\/wp\/v2\/product_cat?post=273578"},{"taxonomy":"product_tag","embeddable":true,"href":"https:\/\/fashiongold.lt\/et\/wp-json\/wp\/v2\/product_tag?post=273578"}],"curies":[{"name":"wp","href":"https:\/\/api.w.org\/{rel}","templated":true}]}}