{"id":273588,"date":"2025-10-24T00:58:09","date_gmt":"2025-10-24T00:58:09","guid":{"rendered":"https:\/\/fashiongold.lt\/papuosalas\/punakullast-sormus-musta-parli-11-mm-ja-teemantidega-tahiti-0-40-ct\/"},"modified":"2025-10-24T00:58:09","modified_gmt":"2025-10-24T00:58:09","slug":"punakullast-sormus-musta-parli-11-mm-ja-teemantidega-tahiti-0-40-ct","status":"publish","type":"product","link":"https:\/\/fashiongold.lt\/et\/papuosalas\/punakullast-sormus-musta-parli-11-mm-ja-teemantidega-tahiti-0-40-ct\/","title":{"rendered":"Punakullast s\u00f5rmus musta p\u00e4rli (11 mm) ja teemantidega (Tahiti, 0.40 ct)"},"content":{"rendered":"<p>Valmistatud Saksamaal kvaliteetsetest v\u00e4\u00e4riskividest. Suurep\u00e4rane valik stiilsele naisele. P\u00e4rl kiirgab s\u00fcdamesse harmooniat ja rahu. Juba muistsetel aegadel s\u00fcmboliseerisid p\u00e4rlid ilu, s\u00fc\u00fctust ja sensuaalsust ning paljud uskusid, et need v\u00f5ivad omanikule \u00f5nne ja finantsilist heaolu ligi t\u00f5mmata. P\u00e4rl sobib V\u00e4hi, Veevalaja ja Kalade t\u00e4hem\u00e4rkidele. S\u00f5rmust saab valmistada tellimust\u00f6\u00f6na: punasest, kollasest v\u00f5i valgest kullast.<span lang=\"LT\"><o:p><\/o:p><\/span><\/p>\n<p>\u2022 S\u00f5rmuse kuld: 18 karaati (proov 750)<\/p>\n<p>\u2022 S\u00f5rmuse v\u00e4rv: punane kuld<\/p>\n<p>\u2022 S\u00f5rmuse kaal: umbes 5,40\u20136,00 g<\/p>\n<p>\u2022 Teemandi t\u00fc\u00fcp: Looduslik teemant<\/p>\n<p>\u2022 Teemandi kuju: \u00dcmar kuju (Round shape)<\/p>\n<p>\u2022 Teemandi omadused: 0,40 ct, v\u00e4rvus G-H (RW-W); puhtus SI<\/p>\n<p>\u2022 P\u00e4rli t\u00fc\u00fcp: TAHIITI EHK MUSTAD MEREP\u00c4RLID (ingl Saltwater Tahitian Sea Pearls)<\/p>\n<p>\u2022 P\u00e4rli kuju: \u00dcmar kuju (Round shape)<\/p>\n<p>\u2022 P\u00e4rli omadused: 11 mm, AA (k\u00f5rge kvaliteet)<\/p>\n<p>\u2022 Sertifikaat: Leedu Proovikoda (LPR)<\/p>\n<p>\u2022 Ripatsi m\u00f5\u00f5tmed:<\/p>\n<p>\u2022 Graveerimine on tasuta<\/p>\n<p>\u2022 Valmistamis- ja tarneaeg alates 21 t\u00f6\u00f6p\u00e4evast, kiirtellimusel 3 t\u00f6\u00f6p\u00e4eva jooksul.<\/p>\n<p><strong>Kas teil on oma kulda v\u00f5i v\u00e4\u00e4riskive? V\u00f5tke meiega \u00fchendust, arvutame hinna \u00fcmber \u2013 maksate vaid k\u00f5rvar\u00f5ngaste valmistamise eest.<\/strong><\/p>\n","protected":false},"excerpt":{"rendered":"<p>Punase kulla s\u00f5rmus 11 mm musta p\u00e4rli ja teemantidega. J\u00e4\u00e4dvustage hetk selle erakordse s\u00f5rmusega. Suurep\u00e4rane kingitus igap\u00e4evaseks kandmiseks ja erilisteks puhkudeks, erilise stiili jaoks.\u00a0<\/p>\n","protected":false},"featured_media":251805,"template":"","meta":{"site-sidebar-layout":"","site-content-layout":"","ast-site-content-layout":"","site-content-style":"","site-sidebar-style":"","ast-global-header-display":"","ast-banner-title-visibility":"","ast-main-header-display":"","ast-hfb-above-header-display":"","ast-hfb-below-header-display":"","ast-hfb-mobile-header-display":"","site-post-title":"","ast-breadcrumbs-content":"","ast-featured-img":"","footer-sml-layout":"","ast-disable-related-posts":"","theme-transparent-header-meta":"","adv-header-id-meta":"","stick-header-meta":"","header-above-stick-meta":"","header-main-stick-meta":"","header-below-stick-meta":"","astra-migrate-meta-layouts":"default","ast-page-background-enabled":"default","ast-page-background-meta":{"desktop":{"background-color":"var(--ast-global-color-4)","background-image":"","background-repeat":"repeat","background-position":"center center","background-size":"auto","background-attachment":"scroll","background-type":"","background-media":"","overlay-type":"","overlay-color":"","overlay-opacity":"","overlay-gradient":""},"tablet":{"background-color":"","background-image":"","background-repeat":"repeat","background-position":"center center","background-size":"auto","background-attachment":"scroll","background-type":"","background-media":"","overlay-type":"","overlay-color":"","overlay-opacity":"","overlay-gradient":""},"mobile":{"background-color":"","background-image":"","background-repeat":"repeat","background-position":"center center","background-size":"auto","background-attachment":"scroll","background-type":"","background-media":"","overlay-type":"","overlay-color":"","overlay-opacity":"","overlay-gradient":""}},"ast-content-background-meta":{"desktop":{"background-color":"var(--ast-global-color-5)","background-image":"","background-repeat":"repeat","background-position":"center center","background-size":"auto","background-attachment":"scroll","background-type":"","background-media":"","overlay-type":"","overlay-color":"","overlay-opacity":"","overlay-gradient":""},"tablet":{"background-color":"var(--ast-global-color-5)","background-image":"","background-repeat":"repeat","background-position":"center center","background-size":"auto","background-attachment":"scroll","background-type":"","background-media":"","overlay-type":"","overlay-color":"","overlay-opacity":"","overlay-gradient":""},"mobile":{"background-color":"var(--ast-global-color-5)","background-image":"","background-repeat":"repeat","background-position":"center center","background-size":"auto","background-attachment":"scroll","background-type":"","background-media":"","overlay-type":"","overlay-color":"","overlay-opacity":"","overlay-gradient":""}}},"product_brand":[],"product_cat":[3058,2830,2826,2829,2823,2828,2822,2824,3392,2821,2831,2970,3568,2845,2827],"product_tag":[],"class_list":{"0":"post-273588","1":"product","2":"type-product","3":"status-publish","4":"has-post-thumbnail","6":"product_cat-ehted","7":"product_cat-emadepaeva-kingitused","8":"product_cat-joulukingid","9":"product_cat-kingitused-erilisteks-puhkudeks","10":"product_cat-kingitused-lapse-sunni-puhul","11":"product_cat-kingitused-lopetamise-puhul","12":"product_cat-kingitused-naistele","13":"product_cat-kingitused-pulma-aastapaeva-puhul","14":"product_cat-kingitused-pulmade-puhul","15":"product_cat-kingitused-sunnipaevaks","16":"product_cat-kollasest-kullast-ehted","17":"product_cat-parlid-parlitega-ehted","18":"product_cat-parliga-sormused","19":"product_cat-sobrapaeva-kingitused","20":"product_cat-valgest-kullast-ehted","21":"desktop-align-center","22":"tablet-align-left","23":"mobile-align-left","24":"ast-product-gallery-layout-horizontal-slider","25":"ast-product-gallery-with-no-image","26":"ast-product-single-variable","27":"ast-product-tabs-layout-accordion","28":"ast-qv-on-image","30":"first","31":"instock","32":"taxable","33":"shipping-taxable","34":"purchasable","35":"product-type-variable"},"yoast_head":"<!-- This site is optimized with the Yoast SEO plugin v26.6 - https:\/\/yoast.com\/wordpress\/plugins\/seo\/ -->\n<title>Punasest kullast s\u00f5rmus musta p\u00e4rli ja teemantidega | fashiongold.lt<\/title>\n<meta name=\"description\" content=\"Modernse disainiga punasest kullast s\u00f5rmus 11 mm musta merep\u00e4rli ja teemantidega. Suurep\u00e4rane kingitus nii igap\u00e4evaseks kandmiseks kui ka erilisteks puhkudeks, silmapaistva stiili loomiseks.\" \/>\n<meta name=\"robots\" content=\"index, follow, max-snippet:-1, max-image-preview:large, max-video-preview:-1\" \/>\n<link rel=\"canonical\" href=\"https:\/\/fashiongold.lt\/et\/papuosalas\/punakullast-sormus-musta-parli-11-mm-ja-teemantidega-tahiti-0-40-ct\/\" \/>\n<meta property=\"og:locale\" content=\"et_EE\" \/>\n<meta property=\"og:type\" content=\"article\" \/>\n<meta property=\"og:title\" content=\"Punasest kullast s\u00f5rmus musta p\u00e4rli ja teemantidega | fashiongold.lt\" \/>\n<meta property=\"og:description\" content=\"Modernse disainiga punasest kullast s\u00f5rmus 11 mm musta merep\u00e4rli ja teemantidega. Suurep\u00e4rane kingitus nii igap\u00e4evaseks kandmiseks kui ka erilisteks puhkudeks, silmapaistva stiili loomiseks.\" \/>\n<meta property=\"og:url\" content=\"https:\/\/fashiongold.lt\/et\/papuosalas\/punakullast-sormus-musta-parli-11-mm-ja-teemantidega-tahiti-0-40-ct\/\" \/>\n<meta property=\"og:site_name\" content=\"FashionGold.lt\" \/>\n<meta property=\"og:image\" content=\"https:\/\/fashiongold.lt\/wp-content\/uploads\/2025\/10\/12098-712-Raudono-aukso-ziedas-su-juodu-perlu-11-mm-ir-deimantais-Taicio-0.40-ct.webp\" \/>\n\t<meta property=\"og:image:width\" content=\"1000\" \/>\n\t<meta property=\"og:image:height\" content=\"1000\" \/>\n\t<meta property=\"og:image:type\" content=\"image\/png\" \/>\n<meta name=\"twitter:card\" content=\"summary_large_image\" \/>\n<meta name=\"twitter:label1\" content=\"Est. reading time\" \/>\n\t<meta name=\"twitter:data1\" content=\"1 minut\" \/>\n<script type=\"application\/ld+json\" class=\"yoast-schema-graph\">{\"@context\":\"https:\/\/schema.org\",\"@graph\":[{\"@type\":\"WebPage\",\"@id\":\"https:\/\/fashiongold.lt\/et\/papuosalas\/punakullast-sormus-musta-parli-11-mm-ja-teemantidega-tahiti-0-40-ct\/\",\"url\":\"https:\/\/fashiongold.lt\/et\/papuosalas\/punakullast-sormus-musta-parli-11-mm-ja-teemantidega-tahiti-0-40-ct\/\",\"name\":\"Punasest kullast s\u00f5rmus musta p\u00e4rli ja teemantidega | fashiongold.lt\",\"isPartOf\":{\"@id\":\"https:\/\/fashiongold.lt\/et\/#website\"},\"primaryImageOfPage\":{\"@id\":\"https:\/\/fashiongold.lt\/et\/papuosalas\/punakullast-sormus-musta-parli-11-mm-ja-teemantidega-tahiti-0-40-ct\/#primaryimage\"},\"image\":{\"@id\":\"https:\/\/fashiongold.lt\/et\/papuosalas\/punakullast-sormus-musta-parli-11-mm-ja-teemantidega-tahiti-0-40-ct\/#primaryimage\"},\"thumbnailUrl\":\"https:\/\/fashiongold.lt\/wp-content\/uploads\/2025\/10\/12098-712-Raudono-aukso-ziedas-su-juodu-perlu-11-mm-ir-deimantais-Taicio-0.40-ct.png\",\"datePublished\":\"2025-10-24T00:58:09+00:00\",\"description\":\"Modernse disainiga punasest kullast s\u00f5rmus 11 mm musta merep\u00e4rli ja teemantidega. Suurep\u00e4rane kingitus nii igap\u00e4evaseks kandmiseks kui ka erilisteks puhkudeks, silmapaistva stiili loomiseks.\",\"breadcrumb\":{\"@id\":\"https:\/\/fashiongold.lt\/et\/papuosalas\/punakullast-sormus-musta-parli-11-mm-ja-teemantidega-tahiti-0-40-ct\/#breadcrumb\"},\"inLanguage\":\"et\",\"potentialAction\":[{\"@type\":\"ReadAction\",\"target\":[\"https:\/\/fashiongold.lt\/et\/papuosalas\/punakullast-sormus-musta-parli-11-mm-ja-teemantidega-tahiti-0-40-ct\/\"]}]},{\"@type\":\"ImageObject\",\"inLanguage\":\"et\",\"@id\":\"https:\/\/fashiongold.lt\/et\/papuosalas\/punakullast-sormus-musta-parli-11-mm-ja-teemantidega-tahiti-0-40-ct\/#primaryimage\",\"url\":\"https:\/\/fashiongold.lt\/wp-content\/uploads\/2025\/10\/12098-712-Raudono-aukso-ziedas-su-juodu-perlu-11-mm-ir-deimantais-Taicio-0.40-ct.png\",\"contentUrl\":\"https:\/\/fashiongold.lt\/wp-content\/uploads\/2025\/10\/12098-712-Raudono-aukso-ziedas-su-juodu-perlu-11-mm-ir-deimantais-Taicio-0.40-ct.png\",\"width\":1000,\"height\":1000},{\"@type\":\"BreadcrumbList\",\"@id\":\"https:\/\/fashiongold.lt\/et\/papuosalas\/punakullast-sormus-musta-parli-11-mm-ja-teemantidega-tahiti-0-40-ct\/#breadcrumb\",\"itemListElement\":[{\"@type\":\"ListItem\",\"position\":1,\"name\":\"Home\",\"item\":\"https:\/\/fashiongold.lt\/et\/\"},{\"@type\":\"ListItem\",\"position\":2,\"name\":\"Teemantide pood Fashiongold.lt\",\"item\":\"https:\/\/fashiongold.lt\/shop-2\/\"},{\"@type\":\"ListItem\",\"position\":3,\"name\":\"Punakullast s\u00f5rmus musta p\u00e4rli (11 mm) ja teemantidega (Tahiti, 0.40 ct)\"}]},{\"@type\":\"WebSite\",\"@id\":\"https:\/\/fashiongold.lt\/et\/#website\",\"url\":\"https:\/\/fashiongold.lt\/et\/\",\"name\":\"Fashion Gold\",\"description\":\"Juvelyrikos namai\",\"publisher\":{\"@id\":\"https:\/\/fashiongold.lt\/et\/#organization\"},\"potentialAction\":[{\"@type\":\"SearchAction\",\"target\":{\"@type\":\"EntryPoint\",\"urlTemplate\":\"https:\/\/fashiongold.lt\/et\/?s={search_term_string}\"},\"query-input\":{\"@type\":\"PropertyValueSpecification\",\"valueRequired\":true,\"valueName\":\"search_term_string\"}}],\"inLanguage\":\"et\"},{\"@type\":\"Organization\",\"@id\":\"https:\/\/fashiongold.lt\/et\/#organization\",\"name\":\"Topdiamonds Online\",\"url\":\"https:\/\/fashiongold.lt\/et\/\",\"logo\":{\"@type\":\"ImageObject\",\"inLanguage\":\"et\",\"@id\":\"https:\/\/fashiongold.lt\/et\/#\/schema\/logo\/image\/\",\"url\":\"https:\/\/fashiongold.lt\/wp-content\/uploads\/2025\/04\/cropped-fashion_gold_logotipas2-scaled-1.png\",\"contentUrl\":\"https:\/\/fashiongold.lt\/wp-content\/uploads\/2025\/04\/cropped-fashion_gold_logotipas2-scaled-1.png\",\"width\":2559,\"height\":421,\"caption\":\"Topdiamonds Online\"},\"image\":{\"@id\":\"https:\/\/fashiongold.lt\/et\/#\/schema\/logo\/image\/\"}}]}<\/script>\n<!-- \/ Yoast SEO plugin. -->","yoast_head_json":{"title":"Punasest kullast s\u00f5rmus musta p\u00e4rli ja teemantidega | fashiongold.lt","description":"Modernse disainiga punasest kullast s\u00f5rmus 11 mm musta merep\u00e4rli ja teemantidega. Suurep\u00e4rane kingitus nii igap\u00e4evaseks kandmiseks kui ka erilisteks puhkudeks, silmapaistva stiili loomiseks.","robots":{"index":"index","follow":"follow","max-snippet":"max-snippet:-1","max-image-preview":"max-image-preview:large","max-video-preview":"max-video-preview:-1"},"canonical":"https:\/\/fashiongold.lt\/et\/papuosalas\/punakullast-sormus-musta-parli-11-mm-ja-teemantidega-tahiti-0-40-ct\/","og_locale":"et_EE","og_type":"article","og_title":"Punasest kullast s\u00f5rmus musta p\u00e4rli ja teemantidega | fashiongold.lt","og_description":"Modernse disainiga punasest kullast s\u00f5rmus 11 mm musta merep\u00e4rli ja teemantidega. Suurep\u00e4rane kingitus nii igap\u00e4evaseks kandmiseks kui ka erilisteks puhkudeks, silmapaistva stiili loomiseks.","og_url":"https:\/\/fashiongold.lt\/et\/papuosalas\/punakullast-sormus-musta-parli-11-mm-ja-teemantidega-tahiti-0-40-ct\/","og_site_name":"FashionGold.lt","og_image":[{"width":1000,"height":1000,"url":"https:\/\/fashiongold.lt\/wp-content\/uploads\/2025\/10\/12098-712-Raudono-aukso-ziedas-su-juodu-perlu-11-mm-ir-deimantais-Taicio-0.40-ct.webp","type":"image\/png"}],"twitter_card":"summary_large_image","twitter_misc":{"Est. reading time":"1 minut"},"schema":{"@context":"https:\/\/schema.org","@graph":[{"@type":"WebPage","@id":"https:\/\/fashiongold.lt\/et\/papuosalas\/punakullast-sormus-musta-parli-11-mm-ja-teemantidega-tahiti-0-40-ct\/","url":"https:\/\/fashiongold.lt\/et\/papuosalas\/punakullast-sormus-musta-parli-11-mm-ja-teemantidega-tahiti-0-40-ct\/","name":"Punasest kullast s\u00f5rmus musta p\u00e4rli ja teemantidega | fashiongold.lt","isPartOf":{"@id":"https:\/\/fashiongold.lt\/et\/#website"},"primaryImageOfPage":{"@id":"https:\/\/fashiongold.lt\/et\/papuosalas\/punakullast-sormus-musta-parli-11-mm-ja-teemantidega-tahiti-0-40-ct\/#primaryimage"},"image":{"@id":"https:\/\/fashiongold.lt\/et\/papuosalas\/punakullast-sormus-musta-parli-11-mm-ja-teemantidega-tahiti-0-40-ct\/#primaryimage"},"thumbnailUrl":"https:\/\/fashiongold.lt\/wp-content\/uploads\/2025\/10\/12098-712-Raudono-aukso-ziedas-su-juodu-perlu-11-mm-ir-deimantais-Taicio-0.40-ct.png","datePublished":"2025-10-24T00:58:09+00:00","description":"Modernse disainiga punasest kullast s\u00f5rmus 11 mm musta merep\u00e4rli ja teemantidega. Suurep\u00e4rane kingitus nii igap\u00e4evaseks kandmiseks kui ka erilisteks puhkudeks, silmapaistva stiili loomiseks.","breadcrumb":{"@id":"https:\/\/fashiongold.lt\/et\/papuosalas\/punakullast-sormus-musta-parli-11-mm-ja-teemantidega-tahiti-0-40-ct\/#breadcrumb"},"inLanguage":"et","potentialAction":[{"@type":"ReadAction","target":["https:\/\/fashiongold.lt\/et\/papuosalas\/punakullast-sormus-musta-parli-11-mm-ja-teemantidega-tahiti-0-40-ct\/"]}]},{"@type":"ImageObject","inLanguage":"et","@id":"https:\/\/fashiongold.lt\/et\/papuosalas\/punakullast-sormus-musta-parli-11-mm-ja-teemantidega-tahiti-0-40-ct\/#primaryimage","url":"https:\/\/fashiongold.lt\/wp-content\/uploads\/2025\/10\/12098-712-Raudono-aukso-ziedas-su-juodu-perlu-11-mm-ir-deimantais-Taicio-0.40-ct.png","contentUrl":"https:\/\/fashiongold.lt\/wp-content\/uploads\/2025\/10\/12098-712-Raudono-aukso-ziedas-su-juodu-perlu-11-mm-ir-deimantais-Taicio-0.40-ct.png","width":1000,"height":1000},{"@type":"BreadcrumbList","@id":"https:\/\/fashiongold.lt\/et\/papuosalas\/punakullast-sormus-musta-parli-11-mm-ja-teemantidega-tahiti-0-40-ct\/#breadcrumb","itemListElement":[{"@type":"ListItem","position":1,"name":"Home","item":"https:\/\/fashiongold.lt\/et\/"},{"@type":"ListItem","position":2,"name":"Teemantide pood Fashiongold.lt","item":"https:\/\/fashiongold.lt\/shop-2\/"},{"@type":"ListItem","position":3,"name":"Punakullast s\u00f5rmus musta p\u00e4rli (11 mm) ja teemantidega (Tahiti, 0.40 ct)"}]},{"@type":"WebSite","@id":"https:\/\/fashiongold.lt\/et\/#website","url":"https:\/\/fashiongold.lt\/et\/","name":"Fashion Gold","description":"Juvelyrikos namai","publisher":{"@id":"https:\/\/fashiongold.lt\/et\/#organization"},"potentialAction":[{"@type":"SearchAction","target":{"@type":"EntryPoint","urlTemplate":"https:\/\/fashiongold.lt\/et\/?s={search_term_string}"},"query-input":{"@type":"PropertyValueSpecification","valueRequired":true,"valueName":"search_term_string"}}],"inLanguage":"et"},{"@type":"Organization","@id":"https:\/\/fashiongold.lt\/et\/#organization","name":"Topdiamonds Online","url":"https:\/\/fashiongold.lt\/et\/","logo":{"@type":"ImageObject","inLanguage":"et","@id":"https:\/\/fashiongold.lt\/et\/#\/schema\/logo\/image\/","url":"https:\/\/fashiongold.lt\/wp-content\/uploads\/2025\/04\/cropped-fashion_gold_logotipas2-scaled-1.png","contentUrl":"https:\/\/fashiongold.lt\/wp-content\/uploads\/2025\/04\/cropped-fashion_gold_logotipas2-scaled-1.png","width":2559,"height":421,"caption":"Topdiamonds Online"},"image":{"@id":"https:\/\/fashiongold.lt\/et\/#\/schema\/logo\/image\/"}}]}},"_links":{"self":[{"href":"https:\/\/fashiongold.lt\/et\/wp-json\/wp\/v2\/product\/273588","targetHints":{"allow":["GET"]}}],"collection":[{"href":"https:\/\/fashiongold.lt\/et\/wp-json\/wp\/v2\/product"}],"about":[{"href":"https:\/\/fashiongold.lt\/et\/wp-json\/wp\/v2\/types\/product"}],"version-history":[{"count":0,"href":"https:\/\/fashiongold.lt\/et\/wp-json\/wp\/v2\/product\/273588\/revisions"}],"wp:featuredmedia":[{"embeddable":true,"href":"https:\/\/fashiongold.lt\/et\/wp-json\/wp\/v2\/media\/251805"}],"wp:attachment":[{"href":"https:\/\/fashiongold.lt\/et\/wp-json\/wp\/v2\/media?parent=273588"}],"wp:term":[{"taxonomy":"product_brand","embeddable":true,"href":"https:\/\/fashiongold.lt\/et\/wp-json\/wp\/v2\/product_brand?post=273588"},{"taxonomy":"product_cat","embeddable":true,"href":"https:\/\/fashiongold.lt\/et\/wp-json\/wp\/v2\/product_cat?post=273588"},{"taxonomy":"product_tag","embeddable":true,"href":"https:\/\/fashiongold.lt\/et\/wp-json\/wp\/v2\/product_tag?post=273588"}],"curies":[{"name":"wp","href":"https:\/\/api.w.org\/{rel}","templated":true}]}}