{"id":273590,"date":"2025-10-24T00:55:50","date_gmt":"2025-10-24T00:55:50","guid":{"rendered":"https:\/\/fashiongold.lt\/papuosalas\/kuldne-kett-barokse-roosa-parli-ja-teemantidega-0-04-ct\/"},"modified":"2025-10-24T00:55:50","modified_gmt":"2025-10-24T00:55:50","slug":"kuldne-kett-barokse-roosa-parli-ja-teemantidega-0-04-ct","status":"publish","type":"product","link":"https:\/\/fashiongold.lt\/et\/papuosalas\/kuldne-kett-barokse-roosa-parli-ja-teemantidega-0-04-ct\/","title":{"rendered":"Kuldne kett barokse roosa p\u00e4rli ja teemantidega (0.04 ct)"},"content":{"rendered":"<p>Valmistatud Saksamaal kvaliteetsetest v\u00e4\u00e4riskividest. Suurep\u00e4rane valik stiilsele naisele. P\u00e4rl kiirgab s\u00fcdamesse harmooniat ja rahu. Juba muistsetel aegadel s\u00fcmboliseerisid p\u00e4rlid ilu, s\u00fc\u00fctust ja sensuaalsust ning paljud uskusid, et need v\u00f5ivad omanikule \u00f5nne ja rahalist heaolu ligi t\u00f5mmata. P\u00e4rl sobib V\u00e4hi, Veevalaja ja Kalade t\u00e4htkujule. Ripatsit saab tellida punasest, kollasest v\u00f5i valgest kullast.<span lang=\"LT\"><o:p><\/o:p><\/span><\/p>\n<p>\u2022 Keti kuld: 18 karaati (proov 750)\u00a0 \u00a0<\/p>\n<p>\u2022 Keti v\u00e4rv: punane kuld\u00a0 \u00a0 \u00a0 \u00a0<\/p>\n<p>\u2022 Keti kaal: umbes 2,00\u20132,80 g\u00a0 \u00a0 \u00a0<\/p>\n<p>\u2022 Teemandi t\u00fc\u00fcp: Looduslik teemant\u00a0 \u00a0<\/p>\n<p>\u2022 Teemandi kuju: \u00dcmar kuju (Round shape)\u00a0 \u00a0<\/p>\n<p>\u2022 Teemandi omadused: 0,04 ct, v\u00e4rvus G-H (RW-W); puhtus SI\u00a0 \u00a0<\/p>\n<p>\u2022 P\u00e4rli t\u00fc\u00fcp: mageveep\u00e4rl (ingl k &#8220;FreshWater Pearls&#8221;)<\/p>\n<p>\u2022 P\u00e4rli kuju: Barokk-kuju (Baroque shape)\u00a0 \u00a0 \u00a0 \u00a0<\/p>\n<p>\u2022 P\u00e4rli omadused: AA (k\u00f5rge kvaliteet)\u00a0 \u00a0<\/p>\n<p>\u2022 Sertifikaat: Leedu Proovikoda (LPR)\u00a0 \u00a0 \u00a0<\/p>\n<p>\u2022 Keti m\u00f5\u00f5tmed: 42 cm<\/p>\n<p>\u2022 Tasuta graveerimine\u00a0 \u00a0\u00a0\u00a0<\/p>\n<p>\u2022 Valmistamis- ja tarneaeg alates 21 t\u00f6\u00f6p\u00e4evast, kiirtellimusena 3 t\u00f6\u00f6p\u00e4eva jooksul.\u00a0 \u00a0<\/p>\n<p><strong>Kas teil on oma kulda v\u00f5i v\u00e4\u00e4riskive? V\u00f5tke \u00fchendust, arvutame hinna \u00fcmber \u2013 maksate ainult ehete valmistamise eest.<\/strong><\/p>\n","protected":false},"excerpt":{"rendered":"<p>Kuldkett barokse roosa p\u00e4rli ja teemantidega. J\u00e4\u00e4dvustage hetk selle erakordse kaelakeega. Suurep\u00e4rane kingitus igap\u00e4evaseks kandmiseks ja erilisteks s\u00fcndmusteks, eksklusiivse stiili saavutamiseks.\u00a0<\/p>\n","protected":false},"featured_media":251763,"template":"","meta":{"site-sidebar-layout":"","site-content-layout":"","ast-site-content-layout":"","site-content-style":"","site-sidebar-style":"","ast-global-header-display":"","ast-banner-title-visibility":"","ast-main-header-display":"","ast-hfb-above-header-display":"","ast-hfb-below-header-display":"","ast-hfb-mobile-header-display":"","site-post-title":"","ast-breadcrumbs-content":"","ast-featured-img":"","footer-sml-layout":"","ast-disable-related-posts":"","theme-transparent-header-meta":"","adv-header-id-meta":"","stick-header-meta":"","header-above-stick-meta":"","header-main-stick-meta":"","header-below-stick-meta":"","astra-migrate-meta-layouts":"default","ast-page-background-enabled":"default","ast-page-background-meta":{"desktop":{"background-color":"var(--ast-global-color-4)","background-image":"","background-repeat":"repeat","background-position":"center center","background-size":"auto","background-attachment":"scroll","background-type":"","background-media":"","overlay-type":"","overlay-color":"","overlay-opacity":"","overlay-gradient":""},"tablet":{"background-color":"","background-image":"","background-repeat":"repeat","background-position":"center center","background-size":"auto","background-attachment":"scroll","background-type":"","background-media":"","overlay-type":"","overlay-color":"","overlay-opacity":"","overlay-gradient":""},"mobile":{"background-color":"","background-image":"","background-repeat":"repeat","background-position":"center center","background-size":"auto","background-attachment":"scroll","background-type":"","background-media":"","overlay-type":"","overlay-color":"","overlay-opacity":"","overlay-gradient":""}},"ast-content-background-meta":{"desktop":{"background-color":"var(--ast-global-color-5)","background-image":"","background-repeat":"repeat","background-position":"center center","background-size":"auto","background-attachment":"scroll","background-type":"","background-media":"","overlay-type":"","overlay-color":"","overlay-opacity":"","overlay-gradient":""},"tablet":{"background-color":"var(--ast-global-color-5)","background-image":"","background-repeat":"repeat","background-position":"center center","background-size":"auto","background-attachment":"scroll","background-type":"","background-media":"","overlay-type":"","overlay-color":"","overlay-opacity":"","overlay-gradient":""},"mobile":{"background-color":"var(--ast-global-color-5)","background-image":"","background-repeat":"repeat","background-position":"center center","background-size":"auto","background-attachment":"scroll","background-type":"","background-media":"","overlay-type":"","overlay-color":"","overlay-opacity":"","overlay-gradient":""}}},"product_brand":[],"product_cat":[3570,3058,2830,2826,3482,2829,2823,2828,2822,2824,3392,2821,2831,3569,2985,3394,2970,2984,3393,3391,3501,3500,3502,2845,3396,2827],"product_tag":[],"class_list":{"0":"post-273590","1":"product","2":"type-product","3":"status-publish","4":"has-post-thumbnail","6":"product_cat-baroki-parlid","7":"product_cat-ehted","8":"product_cat-emadepaeva-kingitused","9":"product_cat-joulukingid","10":"product_cat-kingitus-esimese-armulaua-puhul","11":"product_cat-kingitused-erilisteks-puhkudeks","12":"product_cat-kingitused-lapse-sunni-puhul","13":"product_cat-kingitused-lopetamise-puhul","14":"product_cat-kingitused-naistele","15":"product_cat-kingitused-pulma-aastapaeva-puhul","16":"product_cat-kingitused-pulmade-puhul","17":"product_cat-kingitused-sunnipaevaks","18":"product_cat-kollasest-kullast-ehted","19":"product_cat-kuldne-kett-parlitega-ripatsiga","20":"product_cat-kuldne-kett-ripatsiga-vastavalt-horoskoobile","21":"product_cat-kuldne-kett-tudrukutele","22":"product_cat-parlid-parlitega-ehted","23":"product_cat-ripatsid-teemantidega","24":"product_cat-ristimiskett","25":"product_cat-ristimiskingitused","26":"product_cat-roosad-vaariskivid","27":"product_cat-roosade-vaariskividega-ehted","28":"product_cat-roosipulm-10-aastat","29":"product_cat-sobrapaeva-kingitused","30":"product_cat-teemantitega-ketid","31":"product_cat-valgest-kullast-ehted","32":"desktop-align-center","33":"tablet-align-left","34":"mobile-align-left","35":"ast-product-gallery-layout-horizontal-slider","36":"ast-product-gallery-with-no-image","37":"ast-product-tabs-layout-accordion","38":"ast-qv-on-image","40":"first","41":"instock","42":"taxable","43":"shipping-taxable","44":"purchasable","45":"product-type-simple"},"yoast_head":"<!-- This site is optimized with the Yoast SEO plugin v26.6 - https:\/\/yoast.com\/wordpress\/plugins\/seo\/ -->\n<title>Kuldne kett barokse roosa p\u00e4rli ja teemantidega<\/title>\n<meta name=\"description\" content=\"Kuldne kett barokse roosa p\u00e4rli ja teemantidega. J\u00e4\u00e4dvustage hetk selle erilise ketiga. Suurep\u00e4rane kingitus nii igap\u00e4evaseks kandmiseks kui ka erilisteks puhkudeks.\" \/>\n<meta name=\"robots\" content=\"index, follow, max-snippet:-1, max-image-preview:large, max-video-preview:-1\" \/>\n<link rel=\"canonical\" href=\"https:\/\/fashiongold.lt\/et\/papuosalas\/kuldne-kett-barokse-roosa-parli-ja-teemantidega-0-04-ct\/\" \/>\n<meta property=\"og:locale\" content=\"et_EE\" \/>\n<meta property=\"og:type\" content=\"article\" \/>\n<meta property=\"og:title\" content=\"Kuldne kett barokse roosa p\u00e4rli ja teemantidega\" \/>\n<meta property=\"og:description\" content=\"Kuldne kett barokse roosa p\u00e4rli ja teemantidega. J\u00e4\u00e4dvustage hetk selle erilise ketiga. Suurep\u00e4rane kingitus nii igap\u00e4evaseks kandmiseks kui ka erilisteks puhkudeks.\" \/>\n<meta property=\"og:url\" content=\"https:\/\/fashiongold.lt\/et\/papuosalas\/kuldne-kett-barokse-roosa-parli-ja-teemantidega-0-04-ct\/\" \/>\n<meta property=\"og:site_name\" content=\"FashionGold.lt\" \/>\n<meta property=\"og:image\" content=\"https:\/\/fashiongold.lt\/wp-content\/uploads\/2025\/10\/12089-9b0-Auksine-grandinele-su-barokiniu-roziniu-perlu-ir-deimantais-0.04-ct.webp\" \/>\n\t<meta property=\"og:image:width\" content=\"1000\" \/>\n\t<meta property=\"og:image:height\" content=\"1000\" \/>\n\t<meta property=\"og:image:type\" content=\"image\/png\" \/>\n<meta name=\"twitter:card\" content=\"summary_large_image\" \/>\n<meta name=\"twitter:label1\" content=\"Est. reading time\" \/>\n\t<meta name=\"twitter:data1\" content=\"1 minut\" \/>\n<script type=\"application\/ld+json\" class=\"yoast-schema-graph\">{\"@context\":\"https:\/\/schema.org\",\"@graph\":[{\"@type\":\"WebPage\",\"@id\":\"https:\/\/fashiongold.lt\/et\/papuosalas\/kuldne-kett-barokse-roosa-parli-ja-teemantidega-0-04-ct\/\",\"url\":\"https:\/\/fashiongold.lt\/et\/papuosalas\/kuldne-kett-barokse-roosa-parli-ja-teemantidega-0-04-ct\/\",\"name\":\"Kuldne kett barokse roosa p\u00e4rli ja teemantidega\",\"isPartOf\":{\"@id\":\"https:\/\/fashiongold.lt\/et\/#website\"},\"primaryImageOfPage\":{\"@id\":\"https:\/\/fashiongold.lt\/et\/papuosalas\/kuldne-kett-barokse-roosa-parli-ja-teemantidega-0-04-ct\/#primaryimage\"},\"image\":{\"@id\":\"https:\/\/fashiongold.lt\/et\/papuosalas\/kuldne-kett-barokse-roosa-parli-ja-teemantidega-0-04-ct\/#primaryimage\"},\"thumbnailUrl\":\"https:\/\/fashiongold.lt\/wp-content\/uploads\/2025\/10\/12089-9b0-Auksine-grandinele-su-barokiniu-roziniu-perlu-ir-deimantais-0.04-ct.png\",\"datePublished\":\"2025-10-24T00:55:50+00:00\",\"description\":\"Kuldne kett barokse roosa p\u00e4rli ja teemantidega. J\u00e4\u00e4dvustage hetk selle erilise ketiga. Suurep\u00e4rane kingitus nii igap\u00e4evaseks kandmiseks kui ka erilisteks puhkudeks.\",\"breadcrumb\":{\"@id\":\"https:\/\/fashiongold.lt\/et\/papuosalas\/kuldne-kett-barokse-roosa-parli-ja-teemantidega-0-04-ct\/#breadcrumb\"},\"inLanguage\":\"et\",\"potentialAction\":[{\"@type\":\"ReadAction\",\"target\":[\"https:\/\/fashiongold.lt\/et\/papuosalas\/kuldne-kett-barokse-roosa-parli-ja-teemantidega-0-04-ct\/\"]}]},{\"@type\":\"ImageObject\",\"inLanguage\":\"et\",\"@id\":\"https:\/\/fashiongold.lt\/et\/papuosalas\/kuldne-kett-barokse-roosa-parli-ja-teemantidega-0-04-ct\/#primaryimage\",\"url\":\"https:\/\/fashiongold.lt\/wp-content\/uploads\/2025\/10\/12089-9b0-Auksine-grandinele-su-barokiniu-roziniu-perlu-ir-deimantais-0.04-ct.png\",\"contentUrl\":\"https:\/\/fashiongold.lt\/wp-content\/uploads\/2025\/10\/12089-9b0-Auksine-grandinele-su-barokiniu-roziniu-perlu-ir-deimantais-0.04-ct.png\",\"width\":1000,\"height\":1000},{\"@type\":\"BreadcrumbList\",\"@id\":\"https:\/\/fashiongold.lt\/et\/papuosalas\/kuldne-kett-barokse-roosa-parli-ja-teemantidega-0-04-ct\/#breadcrumb\",\"itemListElement\":[{\"@type\":\"ListItem\",\"position\":1,\"name\":\"Home\",\"item\":\"https:\/\/fashiongold.lt\/et\/\"},{\"@type\":\"ListItem\",\"position\":2,\"name\":\"Teemantide pood Fashiongold.lt\",\"item\":\"https:\/\/fashiongold.lt\/shop-2\/\"},{\"@type\":\"ListItem\",\"position\":3,\"name\":\"Kuldne kett barokse roosa p\u00e4rli ja teemantidega (0.04 ct)\"}]},{\"@type\":\"WebSite\",\"@id\":\"https:\/\/fashiongold.lt\/et\/#website\",\"url\":\"https:\/\/fashiongold.lt\/et\/\",\"name\":\"Fashion Gold\",\"description\":\"Juvelyrikos namai\",\"publisher\":{\"@id\":\"https:\/\/fashiongold.lt\/et\/#organization\"},\"potentialAction\":[{\"@type\":\"SearchAction\",\"target\":{\"@type\":\"EntryPoint\",\"urlTemplate\":\"https:\/\/fashiongold.lt\/et\/?s={search_term_string}\"},\"query-input\":{\"@type\":\"PropertyValueSpecification\",\"valueRequired\":true,\"valueName\":\"search_term_string\"}}],\"inLanguage\":\"et\"},{\"@type\":\"Organization\",\"@id\":\"https:\/\/fashiongold.lt\/et\/#organization\",\"name\":\"Topdiamonds Online\",\"url\":\"https:\/\/fashiongold.lt\/et\/\",\"logo\":{\"@type\":\"ImageObject\",\"inLanguage\":\"et\",\"@id\":\"https:\/\/fashiongold.lt\/et\/#\/schema\/logo\/image\/\",\"url\":\"https:\/\/fashiongold.lt\/wp-content\/uploads\/2025\/04\/cropped-fashion_gold_logotipas2-scaled-1.png\",\"contentUrl\":\"https:\/\/fashiongold.lt\/wp-content\/uploads\/2025\/04\/cropped-fashion_gold_logotipas2-scaled-1.png\",\"width\":2559,\"height\":421,\"caption\":\"Topdiamonds Online\"},\"image\":{\"@id\":\"https:\/\/fashiongold.lt\/et\/#\/schema\/logo\/image\/\"}}]}<\/script>\n<!-- \/ Yoast SEO plugin. -->","yoast_head_json":{"title":"Kuldne kett barokse roosa p\u00e4rli ja teemantidega","description":"Kuldne kett barokse roosa p\u00e4rli ja teemantidega. J\u00e4\u00e4dvustage hetk selle erilise ketiga. Suurep\u00e4rane kingitus nii igap\u00e4evaseks kandmiseks kui ka erilisteks puhkudeks.","robots":{"index":"index","follow":"follow","max-snippet":"max-snippet:-1","max-image-preview":"max-image-preview:large","max-video-preview":"max-video-preview:-1"},"canonical":"https:\/\/fashiongold.lt\/et\/papuosalas\/kuldne-kett-barokse-roosa-parli-ja-teemantidega-0-04-ct\/","og_locale":"et_EE","og_type":"article","og_title":"Kuldne kett barokse roosa p\u00e4rli ja teemantidega","og_description":"Kuldne kett barokse roosa p\u00e4rli ja teemantidega. J\u00e4\u00e4dvustage hetk selle erilise ketiga. Suurep\u00e4rane kingitus nii igap\u00e4evaseks kandmiseks kui ka erilisteks puhkudeks.","og_url":"https:\/\/fashiongold.lt\/et\/papuosalas\/kuldne-kett-barokse-roosa-parli-ja-teemantidega-0-04-ct\/","og_site_name":"FashionGold.lt","og_image":[{"width":1000,"height":1000,"url":"https:\/\/fashiongold.lt\/wp-content\/uploads\/2025\/10\/12089-9b0-Auksine-grandinele-su-barokiniu-roziniu-perlu-ir-deimantais-0.04-ct.webp","type":"image\/png"}],"twitter_card":"summary_large_image","twitter_misc":{"Est. reading time":"1 minut"},"schema":{"@context":"https:\/\/schema.org","@graph":[{"@type":"WebPage","@id":"https:\/\/fashiongold.lt\/et\/papuosalas\/kuldne-kett-barokse-roosa-parli-ja-teemantidega-0-04-ct\/","url":"https:\/\/fashiongold.lt\/et\/papuosalas\/kuldne-kett-barokse-roosa-parli-ja-teemantidega-0-04-ct\/","name":"Kuldne kett barokse roosa p\u00e4rli ja teemantidega","isPartOf":{"@id":"https:\/\/fashiongold.lt\/et\/#website"},"primaryImageOfPage":{"@id":"https:\/\/fashiongold.lt\/et\/papuosalas\/kuldne-kett-barokse-roosa-parli-ja-teemantidega-0-04-ct\/#primaryimage"},"image":{"@id":"https:\/\/fashiongold.lt\/et\/papuosalas\/kuldne-kett-barokse-roosa-parli-ja-teemantidega-0-04-ct\/#primaryimage"},"thumbnailUrl":"https:\/\/fashiongold.lt\/wp-content\/uploads\/2025\/10\/12089-9b0-Auksine-grandinele-su-barokiniu-roziniu-perlu-ir-deimantais-0.04-ct.png","datePublished":"2025-10-24T00:55:50+00:00","description":"Kuldne kett barokse roosa p\u00e4rli ja teemantidega. J\u00e4\u00e4dvustage hetk selle erilise ketiga. Suurep\u00e4rane kingitus nii igap\u00e4evaseks kandmiseks kui ka erilisteks puhkudeks.","breadcrumb":{"@id":"https:\/\/fashiongold.lt\/et\/papuosalas\/kuldne-kett-barokse-roosa-parli-ja-teemantidega-0-04-ct\/#breadcrumb"},"inLanguage":"et","potentialAction":[{"@type":"ReadAction","target":["https:\/\/fashiongold.lt\/et\/papuosalas\/kuldne-kett-barokse-roosa-parli-ja-teemantidega-0-04-ct\/"]}]},{"@type":"ImageObject","inLanguage":"et","@id":"https:\/\/fashiongold.lt\/et\/papuosalas\/kuldne-kett-barokse-roosa-parli-ja-teemantidega-0-04-ct\/#primaryimage","url":"https:\/\/fashiongold.lt\/wp-content\/uploads\/2025\/10\/12089-9b0-Auksine-grandinele-su-barokiniu-roziniu-perlu-ir-deimantais-0.04-ct.png","contentUrl":"https:\/\/fashiongold.lt\/wp-content\/uploads\/2025\/10\/12089-9b0-Auksine-grandinele-su-barokiniu-roziniu-perlu-ir-deimantais-0.04-ct.png","width":1000,"height":1000},{"@type":"BreadcrumbList","@id":"https:\/\/fashiongold.lt\/et\/papuosalas\/kuldne-kett-barokse-roosa-parli-ja-teemantidega-0-04-ct\/#breadcrumb","itemListElement":[{"@type":"ListItem","position":1,"name":"Home","item":"https:\/\/fashiongold.lt\/et\/"},{"@type":"ListItem","position":2,"name":"Teemantide pood Fashiongold.lt","item":"https:\/\/fashiongold.lt\/shop-2\/"},{"@type":"ListItem","position":3,"name":"Kuldne kett barokse roosa p\u00e4rli ja teemantidega (0.04 ct)"}]},{"@type":"WebSite","@id":"https:\/\/fashiongold.lt\/et\/#website","url":"https:\/\/fashiongold.lt\/et\/","name":"Fashion Gold","description":"Juvelyrikos namai","publisher":{"@id":"https:\/\/fashiongold.lt\/et\/#organization"},"potentialAction":[{"@type":"SearchAction","target":{"@type":"EntryPoint","urlTemplate":"https:\/\/fashiongold.lt\/et\/?s={search_term_string}"},"query-input":{"@type":"PropertyValueSpecification","valueRequired":true,"valueName":"search_term_string"}}],"inLanguage":"et"},{"@type":"Organization","@id":"https:\/\/fashiongold.lt\/et\/#organization","name":"Topdiamonds Online","url":"https:\/\/fashiongold.lt\/et\/","logo":{"@type":"ImageObject","inLanguage":"et","@id":"https:\/\/fashiongold.lt\/et\/#\/schema\/logo\/image\/","url":"https:\/\/fashiongold.lt\/wp-content\/uploads\/2025\/04\/cropped-fashion_gold_logotipas2-scaled-1.png","contentUrl":"https:\/\/fashiongold.lt\/wp-content\/uploads\/2025\/04\/cropped-fashion_gold_logotipas2-scaled-1.png","width":2559,"height":421,"caption":"Topdiamonds Online"},"image":{"@id":"https:\/\/fashiongold.lt\/et\/#\/schema\/logo\/image\/"}}]}},"_links":{"self":[{"href":"https:\/\/fashiongold.lt\/et\/wp-json\/wp\/v2\/product\/273590","targetHints":{"allow":["GET"]}}],"collection":[{"href":"https:\/\/fashiongold.lt\/et\/wp-json\/wp\/v2\/product"}],"about":[{"href":"https:\/\/fashiongold.lt\/et\/wp-json\/wp\/v2\/types\/product"}],"version-history":[{"count":0,"href":"https:\/\/fashiongold.lt\/et\/wp-json\/wp\/v2\/product\/273590\/revisions"}],"wp:featuredmedia":[{"embeddable":true,"href":"https:\/\/fashiongold.lt\/et\/wp-json\/wp\/v2\/media\/251763"}],"wp:attachment":[{"href":"https:\/\/fashiongold.lt\/et\/wp-json\/wp\/v2\/media?parent=273590"}],"wp:term":[{"taxonomy":"product_brand","embeddable":true,"href":"https:\/\/fashiongold.lt\/et\/wp-json\/wp\/v2\/product_brand?post=273590"},{"taxonomy":"product_cat","embeddable":true,"href":"https:\/\/fashiongold.lt\/et\/wp-json\/wp\/v2\/product_cat?post=273590"},{"taxonomy":"product_tag","embeddable":true,"href":"https:\/\/fashiongold.lt\/et\/wp-json\/wp\/v2\/product_tag?post=273590"}],"curies":[{"name":"wp","href":"https:\/\/api.w.org\/{rel}","templated":true}]}}