{"id":273610,"date":"2025-10-24T00:38:50","date_gmt":"2025-10-24T00:38:50","guid":{"rendered":"https:\/\/fashiongold.lt\/papuosalas\/emerald-morganite-morganiidi-ja-teemantidega-sormus-2-35-ct\/"},"modified":"2025-10-24T00:38:50","modified_gmt":"2025-10-24T00:38:50","slug":"emerald-morganite-morganiidi-ja-teemantidega-sormus-2-35-ct","status":"publish","type":"product","link":"https:\/\/fashiongold.lt\/et\/papuosalas\/emerald-morganite-morganiidi-ja-teemantidega-sormus-2-35-ct\/","title":{"rendered":"Emerald Morganite &#8211; morganiidi ja teemantidega s\u00f5rmus (2.35 ct)"},"content":{"rendered":"<p>Valmistatud Saksamaal kvaliteetsetest v\u00e4\u00e4riskividest. Morganiidi maagiline v\u00e4gi \u2013 toimib hingelise tasakaalu talismanina. Arvatakse, et kivi t\u00f5mbab ligi \u00f5nne, aitab leida armastust ja paljastab peidetud andeid, toob edu t\u00f6\u00f6l, loojatele inspiratsiooni ning on kodu kaitseingel. Morganiit kaitseb negatiivse energeetilise m\u00f5ju eest \u2013 kurja silma v\u00f5i kadeduse eest \u2013 ja isegi \u00f5nnetuste eest. Morganiit sobib k\u00f5igile, kuid k\u00f5ige enam Skorpionile, Kaladele ja V\u00e4hile, Amburile, L\u00f5vile, Kaksikutele, Veevalajale, Kaaludele.<\/p>\n<p>\u2022 S\u00f5rmuse kuld: 18 karaati (proov 750)<\/p>\n<p>\u2022 S\u00f5rmuse v\u00e4rvus: punane kuld<\/p>\n<p>\u2022 S\u00f5rmuse kaal: umbes 2,20\u20133,00 g<\/p>\n<p>\u2022 Teemandi t\u00fc\u00fcp: Looduslik teemant<\/p>\n<p>\u2022 Teemandi kuju: \u00dcmar lihv (Round cut)<\/p>\n<p>\u2022 Teemandi omadused: 0,19 ct, v\u00e4rvus G-H (RW-W); puhtus SI<\/p>\n<p>\u2022 Keskmine kivi: tilgakujuline roosa morganiit \u2013 2,17 ct<\/p>\n<p>\u2022 Sertifikaat: Leedu Proovikoda (LPR)<\/p>\n<p>\u2022 S\u00f5rmuse m\u00f5\u00f5tmed: 6,4 mm x 8,3 mm<\/p>\n<p>\u2022 Graveerimine tasuta<\/p>\n<p>\u2022 \u00dchekordne tasuta s\u00f5rmuse suuruse muutmise garantii<\/p>\n<p>\u2022 Valmistamis- ja tarneaeg alates 14 t\u00f6\u00f6p\u00e4evast, kiirtellimusena 3 t\u00f6\u00f6p\u00e4eva jooksul<\/p>\n<p>On teil oma kulda? V\u00f5tke \u00fchendust, arvutame hinna \u00fcmber \u2013 maksate vaid s\u00f5rmuse valmistamise eest.<\/p>\n","protected":false},"excerpt":{"rendered":"<p>Klassikaline kulds\u00f5rmus 2,17-karaadise smaragdlihviga roosa morganiidi ja seda \u00fcmbritsevate teemantidega. Eksklusiivne s\u00f5rmus stiilsele naisele.<\/p>\n","protected":false},"featured_media":250932,"template":"","meta":{"site-sidebar-layout":"","site-content-layout":"","ast-site-content-layout":"","site-content-style":"","site-sidebar-style":"","ast-global-header-display":"","ast-banner-title-visibility":"","ast-main-header-display":"","ast-hfb-above-header-display":"","ast-hfb-below-header-display":"","ast-hfb-mobile-header-display":"","site-post-title":"","ast-breadcrumbs-content":"","ast-featured-img":"","footer-sml-layout":"","ast-disable-related-posts":"","theme-transparent-header-meta":"","adv-header-id-meta":"","stick-header-meta":"","header-above-stick-meta":"","header-main-stick-meta":"","header-below-stick-meta":"","astra-migrate-meta-layouts":"default","ast-page-background-enabled":"default","ast-page-background-meta":{"desktop":{"background-color":"var(--ast-global-color-4)","background-image":"","background-repeat":"repeat","background-position":"center center","background-size":"auto","background-attachment":"scroll","background-type":"","background-media":"","overlay-type":"","overlay-color":"","overlay-opacity":"","overlay-gradient":""},"tablet":{"background-color":"","background-image":"","background-repeat":"repeat","background-position":"center center","background-size":"auto","background-attachment":"scroll","background-type":"","background-media":"","overlay-type":"","overlay-color":"","overlay-opacity":"","overlay-gradient":""},"mobile":{"background-color":"","background-image":"","background-repeat":"repeat","background-position":"center center","background-size":"auto","background-attachment":"scroll","background-type":"","background-media":"","overlay-type":"","overlay-color":"","overlay-opacity":"","overlay-gradient":""}},"ast-content-background-meta":{"desktop":{"background-color":"var(--ast-global-color-5)","background-image":"","background-repeat":"repeat","background-position":"center center","background-size":"auto","background-attachment":"scroll","background-type":"","background-media":"","overlay-type":"","overlay-color":"","overlay-opacity":"","overlay-gradient":""},"tablet":{"background-color":"var(--ast-global-color-5)","background-image":"","background-repeat":"repeat","background-position":"center center","background-size":"auto","background-attachment":"scroll","background-type":"","background-media":"","overlay-type":"","overlay-color":"","overlay-opacity":"","overlay-gradient":""},"mobile":{"background-color":"var(--ast-global-color-5)","background-image":"","background-repeat":"repeat","background-position":"center center","background-size":"auto","background-attachment":"scroll","background-type":"","background-media":"","overlay-type":"","overlay-color":"","overlay-opacity":"","overlay-gradient":""}}},"product_brand":[],"product_cat":[3058,2830,2826,2829,2823,2828,2822,2824,3392,2821,2831,2846,3501,3500,3502,2845,2848],"product_tag":[],"class_list":{"0":"post-273610","1":"product","2":"type-product","3":"status-publish","4":"has-post-thumbnail","6":"product_cat-ehted","7":"product_cat-emadepaeva-kingitused","8":"product_cat-joulukingid","9":"product_cat-kingitused-erilisteks-puhkudeks","10":"product_cat-kingitused-lapse-sunni-puhul","11":"product_cat-kingitused-lopetamise-puhul","12":"product_cat-kingitused-naistele","13":"product_cat-kingitused-pulma-aastapaeva-puhul","14":"product_cat-kingitused-pulmade-puhul","15":"product_cat-kingitused-sunnipaevaks","16":"product_cat-kollasest-kullast-ehted","17":"product_cat-poolvaariskividega-ehted","18":"product_cat-roosad-vaariskivid","19":"product_cat-roosade-vaariskividega-ehted","20":"product_cat-roosipulm-10-aastat","21":"product_cat-sobrapaeva-kingitused","22":"product_cat-vaariskividega-sormused","23":"desktop-align-center","24":"tablet-align-left","25":"mobile-align-left","26":"ast-product-gallery-layout-horizontal-slider","27":"ast-product-gallery-with-no-image","28":"ast-product-single-variable","29":"ast-product-tabs-layout-accordion","30":"ast-qv-on-image","32":"first","33":"instock","34":"taxable","35":"shipping-taxable","36":"purchasable","37":"product-type-variable"},"yoast_head":"<!-- This site is optimized with the Yoast SEO plugin v26.6 - https:\/\/yoast.com\/wordpress\/plugins\/seo\/ -->\n<title>Emerald Morganite - s\u00f5rmus morganiidi ja teemantidega<\/title>\n<meta name=\"description\" content=\"Klassikaline kulds\u00f5rmus 2,17-karaadise smaragdil\u00f5ikelise roosa morganiidi ja teemantidega. Eriline valik stiilsele naisele ja erilisteks puhkudeks.\" \/>\n<meta name=\"robots\" content=\"index, follow, max-snippet:-1, max-image-preview:large, max-video-preview:-1\" \/>\n<link rel=\"canonical\" href=\"https:\/\/fashiongold.lt\/et\/papuosalas\/emerald-morganite-morganiidi-ja-teemantidega-sormus-2-35-ct\/\" \/>\n<meta property=\"og:locale\" content=\"et_EE\" \/>\n<meta property=\"og:type\" content=\"article\" \/>\n<meta property=\"og:title\" content=\"Emerald Morganite - s\u00f5rmus morganiidi ja teemantidega\" \/>\n<meta property=\"og:description\" content=\"Klassikaline kulds\u00f5rmus 2,17-karaadise smaragdil\u00f5ikelise roosa morganiidi ja teemantidega. Eriline valik stiilsele naisele ja erilisteks puhkudeks.\" \/>\n<meta property=\"og:url\" content=\"https:\/\/fashiongold.lt\/et\/papuosalas\/emerald-morganite-morganiidi-ja-teemantidega-sormus-2-35-ct\/\" \/>\n<meta property=\"og:site_name\" content=\"FashionGold.lt\" \/>\n<meta property=\"og:image\" content=\"https:\/\/fashiongold.lt\/wp-content\/uploads\/2025\/10\/11641-60f-Emerald-Morganitas-ziedas-su-morganitu-ir-deimantais.webp\" \/>\n\t<meta property=\"og:image:width\" content=\"1000\" \/>\n\t<meta property=\"og:image:height\" content=\"1000\" \/>\n\t<meta property=\"og:image:type\" content=\"image\/png\" \/>\n<meta name=\"twitter:card\" content=\"summary_large_image\" \/>\n<meta name=\"twitter:label1\" content=\"Est. reading time\" \/>\n\t<meta name=\"twitter:data1\" content=\"1 minut\" \/>\n<script type=\"application\/ld+json\" class=\"yoast-schema-graph\">{\"@context\":\"https:\/\/schema.org\",\"@graph\":[{\"@type\":\"WebPage\",\"@id\":\"https:\/\/fashiongold.lt\/et\/papuosalas\/emerald-morganite-morganiidi-ja-teemantidega-sormus-2-35-ct\/\",\"url\":\"https:\/\/fashiongold.lt\/et\/papuosalas\/emerald-morganite-morganiidi-ja-teemantidega-sormus-2-35-ct\/\",\"name\":\"Emerald Morganite - s\u00f5rmus morganiidi ja teemantidega\",\"isPartOf\":{\"@id\":\"https:\/\/fashiongold.lt\/et\/#website\"},\"primaryImageOfPage\":{\"@id\":\"https:\/\/fashiongold.lt\/et\/papuosalas\/emerald-morganite-morganiidi-ja-teemantidega-sormus-2-35-ct\/#primaryimage\"},\"image\":{\"@id\":\"https:\/\/fashiongold.lt\/et\/papuosalas\/emerald-morganite-morganiidi-ja-teemantidega-sormus-2-35-ct\/#primaryimage\"},\"thumbnailUrl\":\"https:\/\/fashiongold.lt\/wp-content\/uploads\/2025\/10\/11641-60f-Emerald-Morganitas-ziedas-su-morganitu-ir-deimantais.png\",\"datePublished\":\"2025-10-24T00:38:50+00:00\",\"description\":\"Klassikaline kulds\u00f5rmus 2,17-karaadise smaragdil\u00f5ikelise roosa morganiidi ja teemantidega. Eriline valik stiilsele naisele ja erilisteks puhkudeks.\",\"breadcrumb\":{\"@id\":\"https:\/\/fashiongold.lt\/et\/papuosalas\/emerald-morganite-morganiidi-ja-teemantidega-sormus-2-35-ct\/#breadcrumb\"},\"inLanguage\":\"et\",\"potentialAction\":[{\"@type\":\"ReadAction\",\"target\":[\"https:\/\/fashiongold.lt\/et\/papuosalas\/emerald-morganite-morganiidi-ja-teemantidega-sormus-2-35-ct\/\"]}]},{\"@type\":\"ImageObject\",\"inLanguage\":\"et\",\"@id\":\"https:\/\/fashiongold.lt\/et\/papuosalas\/emerald-morganite-morganiidi-ja-teemantidega-sormus-2-35-ct\/#primaryimage\",\"url\":\"https:\/\/fashiongold.lt\/wp-content\/uploads\/2025\/10\/11641-60f-Emerald-Morganitas-ziedas-su-morganitu-ir-deimantais.png\",\"contentUrl\":\"https:\/\/fashiongold.lt\/wp-content\/uploads\/2025\/10\/11641-60f-Emerald-Morganitas-ziedas-su-morganitu-ir-deimantais.png\",\"width\":1000,\"height\":1000},{\"@type\":\"BreadcrumbList\",\"@id\":\"https:\/\/fashiongold.lt\/et\/papuosalas\/emerald-morganite-morganiidi-ja-teemantidega-sormus-2-35-ct\/#breadcrumb\",\"itemListElement\":[{\"@type\":\"ListItem\",\"position\":1,\"name\":\"Home\",\"item\":\"https:\/\/fashiongold.lt\/et\/\"},{\"@type\":\"ListItem\",\"position\":2,\"name\":\"Teemantide pood Fashiongold.lt\",\"item\":\"https:\/\/fashiongold.lt\/shop-2\/\"},{\"@type\":\"ListItem\",\"position\":3,\"name\":\"Emerald Morganite &#8211; morganiidi ja teemantidega s\u00f5rmus (2.35 ct)\"}]},{\"@type\":\"WebSite\",\"@id\":\"https:\/\/fashiongold.lt\/et\/#website\",\"url\":\"https:\/\/fashiongold.lt\/et\/\",\"name\":\"Fashion Gold\",\"description\":\"Juvelyrikos namai\",\"publisher\":{\"@id\":\"https:\/\/fashiongold.lt\/et\/#organization\"},\"potentialAction\":[{\"@type\":\"SearchAction\",\"target\":{\"@type\":\"EntryPoint\",\"urlTemplate\":\"https:\/\/fashiongold.lt\/et\/?s={search_term_string}\"},\"query-input\":{\"@type\":\"PropertyValueSpecification\",\"valueRequired\":true,\"valueName\":\"search_term_string\"}}],\"inLanguage\":\"et\"},{\"@type\":\"Organization\",\"@id\":\"https:\/\/fashiongold.lt\/et\/#organization\",\"name\":\"Topdiamonds Online\",\"url\":\"https:\/\/fashiongold.lt\/et\/\",\"logo\":{\"@type\":\"ImageObject\",\"inLanguage\":\"et\",\"@id\":\"https:\/\/fashiongold.lt\/et\/#\/schema\/logo\/image\/\",\"url\":\"https:\/\/fashiongold.lt\/wp-content\/uploads\/2025\/04\/cropped-fashion_gold_logotipas2-scaled-1.png\",\"contentUrl\":\"https:\/\/fashiongold.lt\/wp-content\/uploads\/2025\/04\/cropped-fashion_gold_logotipas2-scaled-1.png\",\"width\":2559,\"height\":421,\"caption\":\"Topdiamonds Online\"},\"image\":{\"@id\":\"https:\/\/fashiongold.lt\/et\/#\/schema\/logo\/image\/\"}}]}<\/script>\n<!-- \/ Yoast SEO plugin. -->","yoast_head_json":{"title":"Emerald Morganite - s\u00f5rmus morganiidi ja teemantidega","description":"Klassikaline kulds\u00f5rmus 2,17-karaadise smaragdil\u00f5ikelise roosa morganiidi ja teemantidega. Eriline valik stiilsele naisele ja erilisteks puhkudeks.","robots":{"index":"index","follow":"follow","max-snippet":"max-snippet:-1","max-image-preview":"max-image-preview:large","max-video-preview":"max-video-preview:-1"},"canonical":"https:\/\/fashiongold.lt\/et\/papuosalas\/emerald-morganite-morganiidi-ja-teemantidega-sormus-2-35-ct\/","og_locale":"et_EE","og_type":"article","og_title":"Emerald Morganite - s\u00f5rmus morganiidi ja teemantidega","og_description":"Klassikaline kulds\u00f5rmus 2,17-karaadise smaragdil\u00f5ikelise roosa morganiidi ja teemantidega. Eriline valik stiilsele naisele ja erilisteks puhkudeks.","og_url":"https:\/\/fashiongold.lt\/et\/papuosalas\/emerald-morganite-morganiidi-ja-teemantidega-sormus-2-35-ct\/","og_site_name":"FashionGold.lt","og_image":[{"width":1000,"height":1000,"url":"https:\/\/fashiongold.lt\/wp-content\/uploads\/2025\/10\/11641-60f-Emerald-Morganitas-ziedas-su-morganitu-ir-deimantais.webp","type":"image\/png"}],"twitter_card":"summary_large_image","twitter_misc":{"Est. reading time":"1 minut"},"schema":{"@context":"https:\/\/schema.org","@graph":[{"@type":"WebPage","@id":"https:\/\/fashiongold.lt\/et\/papuosalas\/emerald-morganite-morganiidi-ja-teemantidega-sormus-2-35-ct\/","url":"https:\/\/fashiongold.lt\/et\/papuosalas\/emerald-morganite-morganiidi-ja-teemantidega-sormus-2-35-ct\/","name":"Emerald Morganite - s\u00f5rmus morganiidi ja teemantidega","isPartOf":{"@id":"https:\/\/fashiongold.lt\/et\/#website"},"primaryImageOfPage":{"@id":"https:\/\/fashiongold.lt\/et\/papuosalas\/emerald-morganite-morganiidi-ja-teemantidega-sormus-2-35-ct\/#primaryimage"},"image":{"@id":"https:\/\/fashiongold.lt\/et\/papuosalas\/emerald-morganite-morganiidi-ja-teemantidega-sormus-2-35-ct\/#primaryimage"},"thumbnailUrl":"https:\/\/fashiongold.lt\/wp-content\/uploads\/2025\/10\/11641-60f-Emerald-Morganitas-ziedas-su-morganitu-ir-deimantais.png","datePublished":"2025-10-24T00:38:50+00:00","description":"Klassikaline kulds\u00f5rmus 2,17-karaadise smaragdil\u00f5ikelise roosa morganiidi ja teemantidega. Eriline valik stiilsele naisele ja erilisteks puhkudeks.","breadcrumb":{"@id":"https:\/\/fashiongold.lt\/et\/papuosalas\/emerald-morganite-morganiidi-ja-teemantidega-sormus-2-35-ct\/#breadcrumb"},"inLanguage":"et","potentialAction":[{"@type":"ReadAction","target":["https:\/\/fashiongold.lt\/et\/papuosalas\/emerald-morganite-morganiidi-ja-teemantidega-sormus-2-35-ct\/"]}]},{"@type":"ImageObject","inLanguage":"et","@id":"https:\/\/fashiongold.lt\/et\/papuosalas\/emerald-morganite-morganiidi-ja-teemantidega-sormus-2-35-ct\/#primaryimage","url":"https:\/\/fashiongold.lt\/wp-content\/uploads\/2025\/10\/11641-60f-Emerald-Morganitas-ziedas-su-morganitu-ir-deimantais.png","contentUrl":"https:\/\/fashiongold.lt\/wp-content\/uploads\/2025\/10\/11641-60f-Emerald-Morganitas-ziedas-su-morganitu-ir-deimantais.png","width":1000,"height":1000},{"@type":"BreadcrumbList","@id":"https:\/\/fashiongold.lt\/et\/papuosalas\/emerald-morganite-morganiidi-ja-teemantidega-sormus-2-35-ct\/#breadcrumb","itemListElement":[{"@type":"ListItem","position":1,"name":"Home","item":"https:\/\/fashiongold.lt\/et\/"},{"@type":"ListItem","position":2,"name":"Teemantide pood Fashiongold.lt","item":"https:\/\/fashiongold.lt\/shop-2\/"},{"@type":"ListItem","position":3,"name":"Emerald Morganite &#8211; morganiidi ja teemantidega s\u00f5rmus (2.35 ct)"}]},{"@type":"WebSite","@id":"https:\/\/fashiongold.lt\/et\/#website","url":"https:\/\/fashiongold.lt\/et\/","name":"Fashion Gold","description":"Juvelyrikos namai","publisher":{"@id":"https:\/\/fashiongold.lt\/et\/#organization"},"potentialAction":[{"@type":"SearchAction","target":{"@type":"EntryPoint","urlTemplate":"https:\/\/fashiongold.lt\/et\/?s={search_term_string}"},"query-input":{"@type":"PropertyValueSpecification","valueRequired":true,"valueName":"search_term_string"}}],"inLanguage":"et"},{"@type":"Organization","@id":"https:\/\/fashiongold.lt\/et\/#organization","name":"Topdiamonds Online","url":"https:\/\/fashiongold.lt\/et\/","logo":{"@type":"ImageObject","inLanguage":"et","@id":"https:\/\/fashiongold.lt\/et\/#\/schema\/logo\/image\/","url":"https:\/\/fashiongold.lt\/wp-content\/uploads\/2025\/04\/cropped-fashion_gold_logotipas2-scaled-1.png","contentUrl":"https:\/\/fashiongold.lt\/wp-content\/uploads\/2025\/04\/cropped-fashion_gold_logotipas2-scaled-1.png","width":2559,"height":421,"caption":"Topdiamonds Online"},"image":{"@id":"https:\/\/fashiongold.lt\/et\/#\/schema\/logo\/image\/"}}]}},"_links":{"self":[{"href":"https:\/\/fashiongold.lt\/et\/wp-json\/wp\/v2\/product\/273610","targetHints":{"allow":["GET"]}}],"collection":[{"href":"https:\/\/fashiongold.lt\/et\/wp-json\/wp\/v2\/product"}],"about":[{"href":"https:\/\/fashiongold.lt\/et\/wp-json\/wp\/v2\/types\/product"}],"version-history":[{"count":0,"href":"https:\/\/fashiongold.lt\/et\/wp-json\/wp\/v2\/product\/273610\/revisions"}],"wp:featuredmedia":[{"embeddable":true,"href":"https:\/\/fashiongold.lt\/et\/wp-json\/wp\/v2\/media\/250932"}],"wp:attachment":[{"href":"https:\/\/fashiongold.lt\/et\/wp-json\/wp\/v2\/media?parent=273610"}],"wp:term":[{"taxonomy":"product_brand","embeddable":true,"href":"https:\/\/fashiongold.lt\/et\/wp-json\/wp\/v2\/product_brand?post=273610"},{"taxonomy":"product_cat","embeddable":true,"href":"https:\/\/fashiongold.lt\/et\/wp-json\/wp\/v2\/product_cat?post=273610"},{"taxonomy":"product_tag","embeddable":true,"href":"https:\/\/fashiongold.lt\/et\/wp-json\/wp\/v2\/product_tag?post=273610"}],"curies":[{"name":"wp","href":"https:\/\/api.w.org\/{rel}","templated":true}]}}