{"id":273620,"date":"2025-10-24T00:24:54","date_gmt":"2025-10-24T00:24:54","guid":{"rendered":"https:\/\/fashiongold.lt\/papuosalas\/london-blue-ristkulikukujuline-topaas-punasest-kullast-sormus-topaasi-ja-teemantidega-774-ct\/"},"modified":"2025-10-24T00:24:54","modified_gmt":"2025-10-24T00:24:54","slug":"london-blue-ristkulikukujuline-topaas-punasest-kullast-sormus-topaasi-ja-teemantidega-774-ct","status":"publish","type":"product","link":"https:\/\/fashiongold.lt\/et\/papuosalas\/london-blue-ristkulikukujuline-topaas-punasest-kullast-sormus-topaasi-ja-teemantidega-774-ct\/","title":{"rendered":"London Blue ristk\u00fclikukujuline topaas &#8211; punasest kullast s\u00f5rmus topaasi ja teemantidega (7,74 ct)"},"content":{"rendered":"<p>Valmistatud Saksamaal kvaliteetsetest v\u00e4\u00e4riskividest. Suurep\u00e4rane valik stiilsele naisele. Topaasi maagiline j\u00f5ud \u2013 toimib amuleti v\u00f5i talismanina, toob rahu, tarkust ja headust, see on armastuse kivi. See muudab oma omaniku optimistiks, aitab nautida elu ja tunda hingerahu. Topaas sobib L\u00f5videle, Amburitele ja Skorpionitele.&nbsp;<\/p>\n<p>\u2022 S\u00f5rmuse kuld: 18 karaati (proov 750)&nbsp; &nbsp;<\/p>\n<p>\u2022 S\u00f5rmuse v\u00e4rv: kollane kuld&nbsp; &nbsp; &nbsp; &nbsp;<\/p>\n<p>\u2022 S\u00f5rmuse kaal: umbes 3,80 &#8211; 4,00 g&nbsp; &nbsp; &nbsp;<\/p>\n<p>\u2022 Teemandi t\u00fc\u00fcp: Looduslik teemant&nbsp; &nbsp;<\/p>\n<p>\u2022 Teemandi kuju: \u00dcmar kuju (Round cut)&nbsp; &nbsp;<\/p>\n<p>\u2022 Teemandi omadused: 0,25 ct, v\u00e4rvus G-H (RW-W); puhtus SI&nbsp; &nbsp;<\/p>\n<p>\u2022 Keskmine kivi: ristk\u00fclikukujuline topaas &#8211; 7,50 ct&nbsp; &nbsp; &nbsp;<\/p>\n<p>\u2022 Sertifikaat: Leedu Proovikoda (LPR)&nbsp; &nbsp; &nbsp;<\/p>\n<p>\u2022 S\u00f5rmuse m\u00f5\u00f5tmed: k\u00f5rgus 14,10 mm, laius 10,40 mm&nbsp;<\/p>\n<p>\u2022 Tasuta graveerimine&nbsp; &nbsp;<\/p>\n<p>\u2022 \u00dchekordne tasuta s\u00f5rmuse suuruse muutmise garantii&nbsp; &nbsp;<\/p>\n<p>\u2022 Valmistamis- ja tarneaeg alates 14 t\u00f6\u00f6p\u00e4evast, kiirtellimusel 3 t\u00f6\u00f6p\u00e4eva jooksul&nbsp; &nbsp;<\/p>\n<p>Kas teil on oma kulda? V\u00f5tke \u00fchendust, arvutame hinna \u00fcmber \u2013 maksate ainult s\u00f5rmuse valmistamise eest.<\/p><\/p>\n","protected":false},"excerpt":{"rendered":"<p>Modernse disainiga punasest kullast s\u00f5rmus muljetavaldava 7,50-karaadise ristk\u00fclikukujulise London Blue topaasi ja teemantidega. Eriline s\u00f5rmus stiilsele naisele.<\/p>\n","protected":false},"featured_media":250452,"template":"","meta":{"site-sidebar-layout":"","site-content-layout":"","ast-site-content-layout":"","site-content-style":"","site-sidebar-style":"","ast-global-header-display":"","ast-banner-title-visibility":"","ast-main-header-display":"","ast-hfb-above-header-display":"","ast-hfb-below-header-display":"","ast-hfb-mobile-header-display":"","site-post-title":"","ast-breadcrumbs-content":"","ast-featured-img":"","footer-sml-layout":"","ast-disable-related-posts":"","theme-transparent-header-meta":"","adv-header-id-meta":"","stick-header-meta":"","header-above-stick-meta":"","header-main-stick-meta":"","header-below-stick-meta":"","astra-migrate-meta-layouts":"default","ast-page-background-enabled":"default","ast-page-background-meta":{"desktop":{"background-color":"var(--ast-global-color-4)","background-image":"","background-repeat":"repeat","background-position":"center center","background-size":"auto","background-attachment":"scroll","background-type":"","background-media":"","overlay-type":"","overlay-color":"","overlay-opacity":"","overlay-gradient":""},"tablet":{"background-color":"","background-image":"","background-repeat":"repeat","background-position":"center center","background-size":"auto","background-attachment":"scroll","background-type":"","background-media":"","overlay-type":"","overlay-color":"","overlay-opacity":"","overlay-gradient":""},"mobile":{"background-color":"","background-image":"","background-repeat":"repeat","background-position":"center center","background-size":"auto","background-attachment":"scroll","background-type":"","background-media":"","overlay-type":"","overlay-color":"","overlay-opacity":"","overlay-gradient":""}},"ast-content-background-meta":{"desktop":{"background-color":"var(--ast-global-color-5)","background-image":"","background-repeat":"repeat","background-position":"center center","background-size":"auto","background-attachment":"scroll","background-type":"","background-media":"","overlay-type":"","overlay-color":"","overlay-opacity":"","overlay-gradient":""},"tablet":{"background-color":"var(--ast-global-color-5)","background-image":"","background-repeat":"repeat","background-position":"center center","background-size":"auto","background-attachment":"scroll","background-type":"","background-media":"","overlay-type":"","overlay-color":"","overlay-opacity":"","overlay-gradient":""},"mobile":{"background-color":"var(--ast-global-color-5)","background-image":"","background-repeat":"repeat","background-position":"center center","background-size":"auto","background-attachment":"scroll","background-type":"","background-media":"","overlay-type":"","overlay-color":"","overlay-opacity":"","overlay-gradient":""}}},"product_brand":[],"product_cat":[3058,2830,2826,2829,2823,2828,2822,2824,3392,2821,2846,3448,2847,2845,2848,2827],"product_tag":[],"class_list":{"0":"post-273620","1":"product","2":"type-product","3":"status-publish","4":"has-post-thumbnail","6":"product_cat-ehted","7":"product_cat-emadepaeva-kingitused","8":"product_cat-joulukingid","9":"product_cat-kingitused-erilisteks-puhkudeks","10":"product_cat-kingitused-lapse-sunni-puhul","11":"product_cat-kingitused-lopetamise-puhul","12":"product_cat-kingitused-naistele","13":"product_cat-kingitused-pulma-aastapaeva-puhul","14":"product_cat-kingitused-pulmade-puhul","15":"product_cat-kingitused-sunnipaevaks","16":"product_cat-poolvaariskividega-ehted","17":"product_cat-sinine-vaariskivi","18":"product_cat-siniste-vaariskividega-ehted","19":"product_cat-sobrapaeva-kingitused","20":"product_cat-vaariskividega-sormused","21":"product_cat-valgest-kullast-ehted","22":"desktop-align-center","23":"tablet-align-left","24":"mobile-align-left","25":"ast-product-gallery-layout-horizontal-slider","26":"ast-product-gallery-with-no-image","27":"ast-product-single-variable","28":"ast-product-tabs-layout-accordion","29":"ast-qv-on-image","31":"first","32":"instock","33":"taxable","34":"shipping-taxable","35":"purchasable","36":"product-type-variable"},"yoast_head":"<!-- This site is optimized with the Yoast SEO plugin v26.6 - https:\/\/yoast.com\/wordpress\/plugins\/seo\/ -->\n<title>London Blue ristk\u00fclikukujuline topaas \u2013 topaasi ja teemantidega s\u00f5rmus<\/title>\n<meta name=\"description\" content=\"Kaasaegse disainiga s\u00f5rmus muljetavaldava London Blue topaasi ja teemantidega. Eriline s\u00f5rmus \u2013 stiilsele naisele. Eriline s\u00f5rmus \u2013 stiilsele naisele.\" \/>\n<meta name=\"robots\" content=\"index, follow, max-snippet:-1, max-image-preview:large, max-video-preview:-1\" \/>\n<link rel=\"canonical\" href=\"https:\/\/fashiongold.lt\/et\/papuosalas\/london-blue-ristkulikukujuline-topaas-punasest-kullast-sormus-topaasi-ja-teemantidega-774-ct\/\" \/>\n<meta property=\"og:locale\" content=\"et_EE\" \/>\n<meta property=\"og:type\" content=\"article\" \/>\n<meta property=\"og:title\" content=\"London Blue ristk\u00fclikukujuline topaas \u2013 topaasi ja teemantidega s\u00f5rmus\" \/>\n<meta property=\"og:description\" content=\"Kaasaegse disainiga s\u00f5rmus muljetavaldava London Blue topaasi ja teemantidega. Eriline s\u00f5rmus \u2013 stiilsele naisele. Eriline s\u00f5rmus \u2013 stiilsele naisele.\" \/>\n<meta property=\"og:url\" content=\"https:\/\/fashiongold.lt\/et\/papuosalas\/london-blue-ristkulikukujuline-topaas-punasest-kullast-sormus-topaasi-ja-teemantidega-774-ct\/\" \/>\n<meta property=\"og:site_name\" content=\"FashionGold.lt\" \/>\n<meta property=\"og:image\" content=\"https:\/\/fashiongold.lt\/wp-content\/uploads\/2025\/10\/11557-315-London-Blue-Staciakampis-Topazas-raudono-aukso-ziedas-su-topazu-ir-deimantais.webp\" \/>\n\t<meta property=\"og:image:width\" content=\"1000\" \/>\n\t<meta property=\"og:image:height\" content=\"1000\" \/>\n\t<meta property=\"og:image:type\" content=\"image\/png\" \/>\n<meta name=\"twitter:card\" content=\"summary_large_image\" \/>\n<meta name=\"twitter:label1\" content=\"Est. reading time\" \/>\n\t<meta name=\"twitter:data1\" content=\"1 minut\" \/>\n<script type=\"application\/ld+json\" class=\"yoast-schema-graph\">{\"@context\":\"https:\/\/schema.org\",\"@graph\":[{\"@type\":\"WebPage\",\"@id\":\"https:\/\/fashiongold.lt\/et\/papuosalas\/london-blue-ristkulikukujuline-topaas-punasest-kullast-sormus-topaasi-ja-teemantidega-774-ct\/\",\"url\":\"https:\/\/fashiongold.lt\/et\/papuosalas\/london-blue-ristkulikukujuline-topaas-punasest-kullast-sormus-topaasi-ja-teemantidega-774-ct\/\",\"name\":\"London Blue ristk\u00fclikukujuline topaas \u2013 topaasi ja teemantidega s\u00f5rmus\",\"isPartOf\":{\"@id\":\"https:\/\/fashiongold.lt\/et\/#website\"},\"primaryImageOfPage\":{\"@id\":\"https:\/\/fashiongold.lt\/et\/papuosalas\/london-blue-ristkulikukujuline-topaas-punasest-kullast-sormus-topaasi-ja-teemantidega-774-ct\/#primaryimage\"},\"image\":{\"@id\":\"https:\/\/fashiongold.lt\/et\/papuosalas\/london-blue-ristkulikukujuline-topaas-punasest-kullast-sormus-topaasi-ja-teemantidega-774-ct\/#primaryimage\"},\"thumbnailUrl\":\"https:\/\/fashiongold.lt\/wp-content\/uploads\/2025\/10\/11557-315-London-Blue-Staciakampis-Topazas-raudono-aukso-ziedas-su-topazu-ir-deimantais.png\",\"datePublished\":\"2025-10-24T00:24:54+00:00\",\"description\":\"Kaasaegse disainiga s\u00f5rmus muljetavaldava London Blue topaasi ja teemantidega. Eriline s\u00f5rmus \u2013 stiilsele naisele. Eriline s\u00f5rmus \u2013 stiilsele naisele.\",\"breadcrumb\":{\"@id\":\"https:\/\/fashiongold.lt\/et\/papuosalas\/london-blue-ristkulikukujuline-topaas-punasest-kullast-sormus-topaasi-ja-teemantidega-774-ct\/#breadcrumb\"},\"inLanguage\":\"et\",\"potentialAction\":[{\"@type\":\"ReadAction\",\"target\":[\"https:\/\/fashiongold.lt\/et\/papuosalas\/london-blue-ristkulikukujuline-topaas-punasest-kullast-sormus-topaasi-ja-teemantidega-774-ct\/\"]}]},{\"@type\":\"ImageObject\",\"inLanguage\":\"et\",\"@id\":\"https:\/\/fashiongold.lt\/et\/papuosalas\/london-blue-ristkulikukujuline-topaas-punasest-kullast-sormus-topaasi-ja-teemantidega-774-ct\/#primaryimage\",\"url\":\"https:\/\/fashiongold.lt\/wp-content\/uploads\/2025\/10\/11557-315-London-Blue-Staciakampis-Topazas-raudono-aukso-ziedas-su-topazu-ir-deimantais.png\",\"contentUrl\":\"https:\/\/fashiongold.lt\/wp-content\/uploads\/2025\/10\/11557-315-London-Blue-Staciakampis-Topazas-raudono-aukso-ziedas-su-topazu-ir-deimantais.png\",\"width\":1000,\"height\":1000},{\"@type\":\"BreadcrumbList\",\"@id\":\"https:\/\/fashiongold.lt\/et\/papuosalas\/london-blue-ristkulikukujuline-topaas-punasest-kullast-sormus-topaasi-ja-teemantidega-774-ct\/#breadcrumb\",\"itemListElement\":[{\"@type\":\"ListItem\",\"position\":1,\"name\":\"Home\",\"item\":\"https:\/\/fashiongold.lt\/et\/\"},{\"@type\":\"ListItem\",\"position\":2,\"name\":\"Teemantide pood Fashiongold.lt\",\"item\":\"https:\/\/fashiongold.lt\/shop-2\/\"},{\"@type\":\"ListItem\",\"position\":3,\"name\":\"London Blue ristk\u00fclikukujuline topaas &#8211; punasest kullast s\u00f5rmus topaasi ja teemantidega (7,74 ct)\"}]},{\"@type\":\"WebSite\",\"@id\":\"https:\/\/fashiongold.lt\/et\/#website\",\"url\":\"https:\/\/fashiongold.lt\/et\/\",\"name\":\"Fashion Gold\",\"description\":\"Juvelyrikos namai\",\"publisher\":{\"@id\":\"https:\/\/fashiongold.lt\/et\/#organization\"},\"potentialAction\":[{\"@type\":\"SearchAction\",\"target\":{\"@type\":\"EntryPoint\",\"urlTemplate\":\"https:\/\/fashiongold.lt\/et\/?s={search_term_string}\"},\"query-input\":{\"@type\":\"PropertyValueSpecification\",\"valueRequired\":true,\"valueName\":\"search_term_string\"}}],\"inLanguage\":\"et\"},{\"@type\":\"Organization\",\"@id\":\"https:\/\/fashiongold.lt\/et\/#organization\",\"name\":\"Topdiamonds Online\",\"url\":\"https:\/\/fashiongold.lt\/et\/\",\"logo\":{\"@type\":\"ImageObject\",\"inLanguage\":\"et\",\"@id\":\"https:\/\/fashiongold.lt\/et\/#\/schema\/logo\/image\/\",\"url\":\"https:\/\/fashiongold.lt\/wp-content\/uploads\/2025\/04\/cropped-fashion_gold_logotipas2-scaled-1.png\",\"contentUrl\":\"https:\/\/fashiongold.lt\/wp-content\/uploads\/2025\/04\/cropped-fashion_gold_logotipas2-scaled-1.png\",\"width\":2559,\"height\":421,\"caption\":\"Topdiamonds Online\"},\"image\":{\"@id\":\"https:\/\/fashiongold.lt\/et\/#\/schema\/logo\/image\/\"}}]}<\/script>\n<!-- \/ Yoast SEO plugin. -->","yoast_head_json":{"title":"London Blue ristk\u00fclikukujuline topaas \u2013 topaasi ja teemantidega s\u00f5rmus","description":"Kaasaegse disainiga s\u00f5rmus muljetavaldava London Blue topaasi ja teemantidega. Eriline s\u00f5rmus \u2013 stiilsele naisele. Eriline s\u00f5rmus \u2013 stiilsele naisele.","robots":{"index":"index","follow":"follow","max-snippet":"max-snippet:-1","max-image-preview":"max-image-preview:large","max-video-preview":"max-video-preview:-1"},"canonical":"https:\/\/fashiongold.lt\/et\/papuosalas\/london-blue-ristkulikukujuline-topaas-punasest-kullast-sormus-topaasi-ja-teemantidega-774-ct\/","og_locale":"et_EE","og_type":"article","og_title":"London Blue ristk\u00fclikukujuline topaas \u2013 topaasi ja teemantidega s\u00f5rmus","og_description":"Kaasaegse disainiga s\u00f5rmus muljetavaldava London Blue topaasi ja teemantidega. Eriline s\u00f5rmus \u2013 stiilsele naisele. Eriline s\u00f5rmus \u2013 stiilsele naisele.","og_url":"https:\/\/fashiongold.lt\/et\/papuosalas\/london-blue-ristkulikukujuline-topaas-punasest-kullast-sormus-topaasi-ja-teemantidega-774-ct\/","og_site_name":"FashionGold.lt","og_image":[{"width":1000,"height":1000,"url":"https:\/\/fashiongold.lt\/wp-content\/uploads\/2025\/10\/11557-315-London-Blue-Staciakampis-Topazas-raudono-aukso-ziedas-su-topazu-ir-deimantais.webp","type":"image\/png"}],"twitter_card":"summary_large_image","twitter_misc":{"Est. reading time":"1 minut"},"schema":{"@context":"https:\/\/schema.org","@graph":[{"@type":"WebPage","@id":"https:\/\/fashiongold.lt\/et\/papuosalas\/london-blue-ristkulikukujuline-topaas-punasest-kullast-sormus-topaasi-ja-teemantidega-774-ct\/","url":"https:\/\/fashiongold.lt\/et\/papuosalas\/london-blue-ristkulikukujuline-topaas-punasest-kullast-sormus-topaasi-ja-teemantidega-774-ct\/","name":"London Blue ristk\u00fclikukujuline topaas \u2013 topaasi ja teemantidega s\u00f5rmus","isPartOf":{"@id":"https:\/\/fashiongold.lt\/et\/#website"},"primaryImageOfPage":{"@id":"https:\/\/fashiongold.lt\/et\/papuosalas\/london-blue-ristkulikukujuline-topaas-punasest-kullast-sormus-topaasi-ja-teemantidega-774-ct\/#primaryimage"},"image":{"@id":"https:\/\/fashiongold.lt\/et\/papuosalas\/london-blue-ristkulikukujuline-topaas-punasest-kullast-sormus-topaasi-ja-teemantidega-774-ct\/#primaryimage"},"thumbnailUrl":"https:\/\/fashiongold.lt\/wp-content\/uploads\/2025\/10\/11557-315-London-Blue-Staciakampis-Topazas-raudono-aukso-ziedas-su-topazu-ir-deimantais.png","datePublished":"2025-10-24T00:24:54+00:00","description":"Kaasaegse disainiga s\u00f5rmus muljetavaldava London Blue topaasi ja teemantidega. Eriline s\u00f5rmus \u2013 stiilsele naisele. Eriline s\u00f5rmus \u2013 stiilsele naisele.","breadcrumb":{"@id":"https:\/\/fashiongold.lt\/et\/papuosalas\/london-blue-ristkulikukujuline-topaas-punasest-kullast-sormus-topaasi-ja-teemantidega-774-ct\/#breadcrumb"},"inLanguage":"et","potentialAction":[{"@type":"ReadAction","target":["https:\/\/fashiongold.lt\/et\/papuosalas\/london-blue-ristkulikukujuline-topaas-punasest-kullast-sormus-topaasi-ja-teemantidega-774-ct\/"]}]},{"@type":"ImageObject","inLanguage":"et","@id":"https:\/\/fashiongold.lt\/et\/papuosalas\/london-blue-ristkulikukujuline-topaas-punasest-kullast-sormus-topaasi-ja-teemantidega-774-ct\/#primaryimage","url":"https:\/\/fashiongold.lt\/wp-content\/uploads\/2025\/10\/11557-315-London-Blue-Staciakampis-Topazas-raudono-aukso-ziedas-su-topazu-ir-deimantais.png","contentUrl":"https:\/\/fashiongold.lt\/wp-content\/uploads\/2025\/10\/11557-315-London-Blue-Staciakampis-Topazas-raudono-aukso-ziedas-su-topazu-ir-deimantais.png","width":1000,"height":1000},{"@type":"BreadcrumbList","@id":"https:\/\/fashiongold.lt\/et\/papuosalas\/london-blue-ristkulikukujuline-topaas-punasest-kullast-sormus-topaasi-ja-teemantidega-774-ct\/#breadcrumb","itemListElement":[{"@type":"ListItem","position":1,"name":"Home","item":"https:\/\/fashiongold.lt\/et\/"},{"@type":"ListItem","position":2,"name":"Teemantide pood Fashiongold.lt","item":"https:\/\/fashiongold.lt\/shop-2\/"},{"@type":"ListItem","position":3,"name":"London Blue ristk\u00fclikukujuline topaas &#8211; punasest kullast s\u00f5rmus topaasi ja teemantidega (7,74 ct)"}]},{"@type":"WebSite","@id":"https:\/\/fashiongold.lt\/et\/#website","url":"https:\/\/fashiongold.lt\/et\/","name":"Fashion Gold","description":"Juvelyrikos namai","publisher":{"@id":"https:\/\/fashiongold.lt\/et\/#organization"},"potentialAction":[{"@type":"SearchAction","target":{"@type":"EntryPoint","urlTemplate":"https:\/\/fashiongold.lt\/et\/?s={search_term_string}"},"query-input":{"@type":"PropertyValueSpecification","valueRequired":true,"valueName":"search_term_string"}}],"inLanguage":"et"},{"@type":"Organization","@id":"https:\/\/fashiongold.lt\/et\/#organization","name":"Topdiamonds Online","url":"https:\/\/fashiongold.lt\/et\/","logo":{"@type":"ImageObject","inLanguage":"et","@id":"https:\/\/fashiongold.lt\/et\/#\/schema\/logo\/image\/","url":"https:\/\/fashiongold.lt\/wp-content\/uploads\/2025\/04\/cropped-fashion_gold_logotipas2-scaled-1.png","contentUrl":"https:\/\/fashiongold.lt\/wp-content\/uploads\/2025\/04\/cropped-fashion_gold_logotipas2-scaled-1.png","width":2559,"height":421,"caption":"Topdiamonds Online"},"image":{"@id":"https:\/\/fashiongold.lt\/et\/#\/schema\/logo\/image\/"}}]}},"_links":{"self":[{"href":"https:\/\/fashiongold.lt\/et\/wp-json\/wp\/v2\/product\/273620","targetHints":{"allow":["GET"]}}],"collection":[{"href":"https:\/\/fashiongold.lt\/et\/wp-json\/wp\/v2\/product"}],"about":[{"href":"https:\/\/fashiongold.lt\/et\/wp-json\/wp\/v2\/types\/product"}],"version-history":[{"count":0,"href":"https:\/\/fashiongold.lt\/et\/wp-json\/wp\/v2\/product\/273620\/revisions"}],"wp:featuredmedia":[{"embeddable":true,"href":"https:\/\/fashiongold.lt\/et\/wp-json\/wp\/v2\/media\/250452"}],"wp:attachment":[{"href":"https:\/\/fashiongold.lt\/et\/wp-json\/wp\/v2\/media?parent=273620"}],"wp:term":[{"taxonomy":"product_brand","embeddable":true,"href":"https:\/\/fashiongold.lt\/et\/wp-json\/wp\/v2\/product_brand?post=273620"},{"taxonomy":"product_cat","embeddable":true,"href":"https:\/\/fashiongold.lt\/et\/wp-json\/wp\/v2\/product_cat?post=273620"},{"taxonomy":"product_tag","embeddable":true,"href":"https:\/\/fashiongold.lt\/et\/wp-json\/wp\/v2\/product_tag?post=273620"}],"curies":[{"name":"wp","href":"https:\/\/api.w.org\/{rel}","templated":true}]}}