{"id":273626,"date":"2025-12-28T10:29:00","date_gmt":"2025-12-28T10:29:00","guid":{"rendered":"https:\/\/fashiongold.lt\/papuosalas\/turmaliinid-roosade-turmaliinidega-korvarongad-ai-juveliir\/"},"modified":"2025-12-28T10:29:00","modified_gmt":"2025-12-28T10:29:00","slug":"turmaliinid-roosade-turmaliinidega-korvarongad-ai-juveliir","status":"publish","type":"product","link":"https:\/\/fashiongold.lt\/et\/papuosalas\/turmaliinid-roosade-turmaliinidega-korvarongad-ai-juveliir\/","title":{"rendered":"Turmaliinid &#8211; Roosade turmaliinidega k\u00f5rvar\u00f5ngad. AI Juveliir"},"content":{"rendered":"<h3 data-start=\"192\" data-end=\"289\">AI Juveliir: roosade turmaliinidega n\u00f5elk\u00f5rvar\u00f5ngad \u2013 valmistamine individuaalprojekti j\u00e4rgi<\/h3>\n<p data-start=\"288\" data-end=\"753\">S\u00fcdamekujuliste roosade turmaliinidega n\u00f5elk\u00f5rvar\u00f5ngad on juveliiri loodud ja valmistatud individuaalprojekt, kus iga detail on l\u00e4bi m\u00f5eldud, arvestades valitud v\u00e4\u00e4riskivi \u2013 turmaliini, mis paistab silma oma \u00f5rnade roosade, vaarikakarva v\u00f5i s\u00fcgavamate punakate varjundite ning elava s\u00e4ra poolest. See ei ole seeriaviisiline toode \u2013 see on t\u00f5eline ehtekunst, mis saab alguse ideest ja l\u00f5peb k\u00e4sitsi valmistatud ainulaadsete k\u00f5rvar\u00f5ngastega.<\/p>\n<p data-start=\"755\" data-end=\"1247\">Roosade turmaliinidega n\u00f5elk\u00f5rvar\u00f5ngaste projekteerimisel hindab juveliir esmalt kivi enda omadusi \u2013 v\u00e4rvi intensiivsust, l\u00e4bipaistvust, s\u00fcdamekujulise vormi proportsioone ja valguse m\u00e4ngu. Just konkreetse turmaliini j\u00e4rgi luuakse kogu disain: k\u00f5rvar\u00f5ngaste suurus, krooni k\u00f5rgus, halo-teemantide paigutus ja \u00fcldine visuaalne tasakaal. Iga k\u00f5rvar\u00f5ngapaar n\u00f5uab \u00e4\u00e4rmiselt hoolikat ja professionaalset t\u00f6\u00f6d, et saavutada t\u00e4iuslik esteetika, mugavuse ja vastupidavuse kombinatsioon.<\/p>\n<p data-start=\"1249\" data-end=\"1354\">Roosade turmaliinidega n\u00f5elk\u00f5rvar\u00f5ngad valmistatakse individuaaltellimuse alusel, mist\u00f5ttu saame kohandada:<\/p>\n<ul data-start=\"997\" data-end=\"1252\">\n<li data-start=\"997\" data-end=\"1056\">\n<p data-start=\"999\" data-end=\"1056\">mis tahes kullav\u00e4rvi (valget, kollast v\u00f5i punast),<\/p>\n<\/li>\n<li data-start=\"1057\" data-end=\"1103\">\n<p data-start=\"1059\" data-end=\"1103\">valitud kulla <a href=\"https:\/\/fashiongold.lt\/et\/patarimai-et\/kulla-proov-ehetele-kuidas-valida-oiget\/\">proovi<\/a> \u2013 585 v\u00f5i 750,<\/p>\n<\/li>\n<li data-start=\"1104\" data-end=\"1152\">\n<p data-start=\"1106\" data-end=\"1152\">teemantide erinevat suurust ja nende paigutust,<\/p>\n<\/li>\n<li data-start=\"1153\" data-end=\"1252\">\n<p data-start=\"1155\" data-end=\"1252\">individuaalset roosa turmaliini varjundit \u2013 alates \u00f5rnast puuderroosast kuni s\u00fcgava vaarikakarva v\u00f5i punakaslilla v\u00e4rvuseni.<\/p>\n<\/li>\n<\/ul>\n<p data-start=\"1644\" data-end=\"1849\">Individuaalprojekti j\u00e4rgi k\u00f5rvar\u00f5ngaid valides on k\u00f5ige olulisem see, mis vastab teie isiksusele, stiilile ja eluviisile. Sellistest k\u00f5rvar\u00f5ngastest saab mitte ainult peen, vaid ka emotsionaalselt oluline ehtedetail.<\/p>\n<p data-start=\"1851\" data-end=\"2280\">Selles mudelis on valitud halo-disain, mis r\u00f5hutab delikaatselt s\u00fcdamekujulise roosa turmaliini s\u00e4ra ning lisab k\u00f5rvar\u00f5ngastele t\u00e4iendavat luksust ja romantikat. V\u00e4ikesed teemandid raamivad elegantselt keskmist kivi, tugevdades valguse m\u00e4ngu, ning v\u00e4\u00e4riskivi ise \u2013 roosa turmaliin \u2013 saab kompositsiooni peamiseks aktsendiks. Seda kivi seostatakse sageli armastuse, \u00f5rnuse, emotsionaalse tasakaalu ja sisemise harmooniaga.<\/p>\n<p data-start=\"2282\" data-end=\"2474\">K\u00f5ik roosade turmaliinidega n\u00f5elk\u00f5rvar\u00f5ngad ja muud ehted valmistatakse Leedus ning neil on Leedu Proovikoja sertifikaadid, mis tagavad metallide ehtsuse ja k\u00f5rgeima kvaliteedi.<\/p>\n<p data-start=\"2017\" data-end=\"2283\">See on juveliiri <a href=\"https:\/\/fashiongold.lt\/et\/patarimai-et\/juveliir-kui-teie-unistus-saab-kulla-kuju\/\">valmistatud<\/a> individuaalprojekt neile, kes otsivad enamat kui lihtsalt k\u00f5rvar\u00f5ngaid \u2013 nad otsivad kullast, teemantidest ja roosast turmaliinist loodud isiklikku lugu. K\u00f5ik sellised k\u00f5rvar\u00f5ngad on ainulaadsed, loodud just teile ja teie valitud v\u00e4\u00e4riskivile.<\/p>\n<h4>Meie teenused<\/h4>\n<p>Pakume <a href=\"https:\/\/fashiongold.lt\/et\/kategorija\/ehete-valmistamine\/\" target=\"_self\" rel=\"noopener noreferrer\">individuaalset disaini, kus iga ehe luuakse teie ideede ja visiooni j\u00e4rgi<\/a>. Teostame ka restaureerimist, et teie kallid ehted s\u00e4raksid taas nagu uued. Iga meie looming ei ole lihtsalt ehe, vaid teie isiksuse peegeldus. Iga meie t\u00f6\u00f6 on t\u00f5estus sellest, et kvaliteet ja loovus v\u00f5ivad k\u00e4ia k\u00e4sik\u00e4es.<\/p>\n<h4>Avatus ja Garantii<\/h4>\n<p>Meie l\u00e4henemine on avatus ja siiras suhtlus iga kliendiga. Alates esimesest konsultatsioonist kuni ehte k\u00e4ttesaamiseni oleme teie k\u00f5rval, et aidata k\u00f5igi k\u00fcsimustega. Pakume k\u00f5igile oma toodetele 5-aastast kvaliteedigarantid, nii et v\u00f5ite olla kindlad nende t\u00f6\u00f6kindluses ja vastupidavuses. Meie garantii h\u00f5lmab k\u00f5iki valmistamise kvaliteedi aspekte, et saaksite ehteid muretult nautida aastaid. Hoolitseme selle eest, et iga meie klient tunneks end kindlalt ja teaks, et meie ehted on usaldusv\u00e4\u00e4rsed.<\/p>\n<h4>Tellimused ja konsultatsioonid<\/h4>\n<p>Kui soovite tellida individuaalset ehet v\u00f5i konsulteerida oma ideede osas, on meie meeskond alati valmis teid aitama. Konsultatsiooni k\u00e4igus arutame l\u00e4bi teie visiooni, soovid ja pakume parimaid lahendusi, et valmistada teie ootustele vastavad ehted. P\u00f6\u00f6rame igale tellimusele erilist t\u00e4helepanu, mist\u00f5ttu saame pakkuda individuaalseid lahendusi nii kihlas\u00f5rmuste kui ka muude ehete jaoks. Ehete valmistamine kestab tavaliselt umbes 5 n\u00e4dalat, kuid p\u00fc\u00fcame alati, et teie ehted valmiksid v\u00f5imalikult kiiresti. V\u00f5tke meiega \u00fchendust \u2013 loome koos ehted, millest saab osa teie loost.<\/p>\n","protected":false},"excerpt":{"rendered":"<p>AI Juveliir: roosade turmaliinidega n\u00f5elk\u00f5rvar\u00f5ngad \u2013 valmistamine individuaalprojekti j\u00e4rgi S\u00fcdamekujuliste roosade turmaliinidega n\u00f5elk\u00f5rvar\u00f5ngad on juveliiri loodud ja valmistatud individuaalprojekt, kus [&hellip;]<\/p>\n","protected":false},"featured_media":265660,"template":"","meta":{"site-sidebar-layout":"default","site-content-layout":"","ast-site-content-layout":"default","site-content-style":"default","site-sidebar-style":"default","ast-global-header-display":"","ast-banner-title-visibility":"","ast-main-header-display":"","ast-hfb-above-header-display":"","ast-hfb-below-header-display":"","ast-hfb-mobile-header-display":"","site-post-title":"","ast-breadcrumbs-content":"","ast-featured-img":"","footer-sml-layout":"","ast-disable-related-posts":"","theme-transparent-header-meta":"default","adv-header-id-meta":"","stick-header-meta":"","header-above-stick-meta":"","header-main-stick-meta":"","header-below-stick-meta":"","astra-migrate-meta-layouts":"default","ast-page-background-enabled":"default","ast-page-background-meta":{"desktop":{"background-color":"var(--ast-global-color-4)","background-image":"","background-repeat":"repeat","background-position":"center center","background-size":"auto","background-attachment":"scroll","background-type":"","background-media":"","overlay-type":"","overlay-color":"","overlay-opacity":"","overlay-gradient":""},"tablet":{"background-color":"","background-image":"","background-repeat":"repeat","background-position":"center center","background-size":"auto","background-attachment":"scroll","background-type":"","background-media":"","overlay-type":"","overlay-color":"","overlay-opacity":"","overlay-gradient":""},"mobile":{"background-color":"","background-image":"","background-repeat":"repeat","background-position":"center center","background-size":"auto","background-attachment":"scroll","background-type":"","background-media":"","overlay-type":"","overlay-color":"","overlay-opacity":"","overlay-gradient":""}},"ast-content-background-meta":{"desktop":{"background-color":"var(--ast-global-color-5)","background-image":"","background-repeat":"repeat","background-position":"center center","background-size":"auto","background-attachment":"scroll","background-type":"","background-media":"","overlay-type":"","overlay-color":"","overlay-opacity":"","overlay-gradient":""},"tablet":{"background-color":"var(--ast-global-color-5)","background-image":"","background-repeat":"repeat","background-position":"center center","background-size":"auto","background-attachment":"scroll","background-type":"","background-media":"","overlay-type":"","overlay-color":"","overlay-opacity":"","overlay-gradient":""},"mobile":{"background-color":"var(--ast-global-color-5)","background-image":"","background-repeat":"repeat","background-position":"center center","background-size":"auto","background-attachment":"scroll","background-type":"","background-media":"","overlay-type":"","overlay-color":"","overlay-opacity":"","overlay-gradient":""}}},"product_brand":[],"product_cat":[2838,2841,2830,2839,2842,2829,2822,2821,2969,2846,2967,3055,2968],"product_tag":[],"class_list":{"0":"post-273626","1":"product","2":"type-product","3":"status-publish","4":"has-post-thumbnail","6":"product_cat-ehete-valmistamine","7":"product_cat-ehted-naistele","8":"product_cat-emadepaeva-kingitused","9":"product_cat-juveliir","10":"product_cat-kingiideed","11":"product_cat-kingitused-erilisteks-puhkudeks","12":"product_cat-kingitused-naistele","13":"product_cat-kingitused-sunnipaevaks","14":"product_cat-naelkorvarongad","15":"product_cat-poolvaariskividega-ehted","16":"product_cat-punasest-kullast-ehted","17":"product_cat-punaste-vaariskividega-ehted","18":"product_cat-vaariskividega-korvarongad","19":"desktop-align-center","20":"tablet-align-left","21":"mobile-align-left","22":"ast-product-gallery-layout-horizontal-slider","23":"ast-product-tabs-layout-accordion","24":"ast-qv-on-image","26":"first","27":"onbackorder","28":"taxable","29":"shipping-taxable","30":"purchasable","31":"product-type-simple"},"yoast_head":"<!-- This site is optimized with the Yoast SEO plugin v26.6 - https:\/\/yoast.com\/wordpress\/plugins\/seo\/ -->\n<title>Nappl\u00f5rvarngad roosa turmaliini ja teemantidega<\/title>\n<meta name=\"description\" content=\"N\u00f6\u00f6pk\u00f5rvar\u00f5ngad s\u00fcdamekujulise roosa turmaliini ja teemantidega \u2013 individuaalne juvelierit\u00f6\u00f6, romantiline kullast halo-disain.\" \/>\n<meta name=\"robots\" content=\"index, follow, max-snippet:-1, max-image-preview:large, max-video-preview:-1\" \/>\n<link rel=\"canonical\" href=\"https:\/\/fashiongold.lt\/et\/papuosalas\/turmaliinid-roosade-turmaliinidega-korvarongad-ai-juveliir\/\" \/>\n<meta property=\"og:locale\" content=\"et_EE\" \/>\n<meta property=\"og:type\" content=\"article\" \/>\n<meta property=\"og:title\" content=\"Nappl\u00f5rvarngad roosa turmaliini ja teemantidega\" \/>\n<meta property=\"og:description\" content=\"N\u00f6\u00f6pk\u00f5rvar\u00f5ngad s\u00fcdamekujulise roosa turmaliini ja teemantidega \u2013 individuaalne juvelierit\u00f6\u00f6, romantiline kullast halo-disain.\" \/>\n<meta property=\"og:url\" content=\"https:\/\/fashiongold.lt\/et\/papuosalas\/turmaliinid-roosade-turmaliinidega-korvarongad-ai-juveliir\/\" \/>\n<meta property=\"og:site_name\" content=\"FashionGold.lt\" \/>\n<meta property=\"og:image\" content=\"https:\/\/fashiongold.lt\/wp-content\/uploads\/2025\/12\/Eskizas-\u2013-auskarai-vinukai-su-sirdeles-formos-roziniais-turmalinais-ir-deimantais-halo-dizainas-baltas-auksas.webp\" \/>\n\t<meta property=\"og:image:width\" content=\"1536\" \/>\n\t<meta property=\"og:image:height\" content=\"1024\" \/>\n\t<meta property=\"og:image:type\" content=\"image\/png\" \/>\n<meta name=\"twitter:card\" content=\"summary_large_image\" \/>\n<meta name=\"twitter:label1\" content=\"Est. reading time\" \/>\n\t<meta name=\"twitter:data1\" content=\"3 minutit\" \/>\n<script type=\"application\/ld+json\" class=\"yoast-schema-graph\">{\"@context\":\"https:\/\/schema.org\",\"@graph\":[{\"@type\":\"WebPage\",\"@id\":\"https:\/\/fashiongold.lt\/et\/papuosalas\/turmaliinid-roosade-turmaliinidega-korvarongad-ai-juveliir\/\",\"url\":\"https:\/\/fashiongold.lt\/et\/papuosalas\/turmaliinid-roosade-turmaliinidega-korvarongad-ai-juveliir\/\",\"name\":\"Nappl\u00f5rvarngad roosa turmaliini ja teemantidega\",\"isPartOf\":{\"@id\":\"https:\/\/fashiongold.lt\/et\/#website\"},\"primaryImageOfPage\":{\"@id\":\"https:\/\/fashiongold.lt\/et\/papuosalas\/turmaliinid-roosade-turmaliinidega-korvarongad-ai-juveliir\/#primaryimage\"},\"image\":{\"@id\":\"https:\/\/fashiongold.lt\/et\/papuosalas\/turmaliinid-roosade-turmaliinidega-korvarongad-ai-juveliir\/#primaryimage\"},\"thumbnailUrl\":\"https:\/\/fashiongold.lt\/wp-content\/uploads\/2025\/12\/Eskizas-\u2013-auskarai-vinukai-su-sirdeles-formos-roziniais-turmalinais-ir-deimantais-halo-dizainas-baltas-auksas.png\",\"datePublished\":\"2025-12-28T10:29:00+00:00\",\"description\":\"N\u00f6\u00f6pk\u00f5rvar\u00f5ngad s\u00fcdamekujulise roosa turmaliini ja teemantidega \u2013 individuaalne juvelierit\u00f6\u00f6, romantiline kullast halo-disain.\",\"breadcrumb\":{\"@id\":\"https:\/\/fashiongold.lt\/et\/papuosalas\/turmaliinid-roosade-turmaliinidega-korvarongad-ai-juveliir\/#breadcrumb\"},\"inLanguage\":\"et\",\"potentialAction\":[{\"@type\":\"ReadAction\",\"target\":[\"https:\/\/fashiongold.lt\/et\/papuosalas\/turmaliinid-roosade-turmaliinidega-korvarongad-ai-juveliir\/\"]}]},{\"@type\":\"ImageObject\",\"inLanguage\":\"et\",\"@id\":\"https:\/\/fashiongold.lt\/et\/papuosalas\/turmaliinid-roosade-turmaliinidega-korvarongad-ai-juveliir\/#primaryimage\",\"url\":\"https:\/\/fashiongold.lt\/wp-content\/uploads\/2025\/12\/Eskizas-\u2013-auskarai-vinukai-su-sirdeles-formos-roziniais-turmalinais-ir-deimantais-halo-dizainas-baltas-auksas.png\",\"contentUrl\":\"https:\/\/fashiongold.lt\/wp-content\/uploads\/2025\/12\/Eskizas-\u2013-auskarai-vinukai-su-sirdeles-formos-roziniais-turmalinais-ir-deimantais-halo-dizainas-baltas-auksas.png\",\"width\":1536,\"height\":1024,\"caption\":\"Auskarai vinukai su s\u030cirdele\u0307s formos roz\u030ciniais turmalinais ir deimantais halo dizainas\"},{\"@type\":\"BreadcrumbList\",\"@id\":\"https:\/\/fashiongold.lt\/et\/papuosalas\/turmaliinid-roosade-turmaliinidega-korvarongad-ai-juveliir\/#breadcrumb\",\"itemListElement\":[{\"@type\":\"ListItem\",\"position\":1,\"name\":\"Home\",\"item\":\"https:\/\/fashiongold.lt\/et\/\"},{\"@type\":\"ListItem\",\"position\":2,\"name\":\"Teemantide pood Fashiongold.lt\",\"item\":\"https:\/\/fashiongold.lt\/shop-2\/\"},{\"@type\":\"ListItem\",\"position\":3,\"name\":\"Turmaliinid &#8211; Roosade turmaliinidega k\u00f5rvar\u00f5ngad. AI Juveliir\"}]},{\"@type\":\"WebSite\",\"@id\":\"https:\/\/fashiongold.lt\/et\/#website\",\"url\":\"https:\/\/fashiongold.lt\/et\/\",\"name\":\"Fashion Gold\",\"description\":\"Juvelyrikos namai\",\"publisher\":{\"@id\":\"https:\/\/fashiongold.lt\/et\/#organization\"},\"potentialAction\":[{\"@type\":\"SearchAction\",\"target\":{\"@type\":\"EntryPoint\",\"urlTemplate\":\"https:\/\/fashiongold.lt\/et\/?s={search_term_string}\"},\"query-input\":{\"@type\":\"PropertyValueSpecification\",\"valueRequired\":true,\"valueName\":\"search_term_string\"}}],\"inLanguage\":\"et\"},{\"@type\":\"Organization\",\"@id\":\"https:\/\/fashiongold.lt\/et\/#organization\",\"name\":\"Topdiamonds Online\",\"url\":\"https:\/\/fashiongold.lt\/et\/\",\"logo\":{\"@type\":\"ImageObject\",\"inLanguage\":\"et\",\"@id\":\"https:\/\/fashiongold.lt\/et\/#\/schema\/logo\/image\/\",\"url\":\"https:\/\/fashiongold.lt\/wp-content\/uploads\/2025\/04\/cropped-fashion_gold_logotipas2-scaled-1.png\",\"contentUrl\":\"https:\/\/fashiongold.lt\/wp-content\/uploads\/2025\/04\/cropped-fashion_gold_logotipas2-scaled-1.png\",\"width\":2559,\"height\":421,\"caption\":\"Topdiamonds Online\"},\"image\":{\"@id\":\"https:\/\/fashiongold.lt\/et\/#\/schema\/logo\/image\/\"}}]}<\/script>\n<!-- \/ Yoast SEO plugin. -->","yoast_head_json":{"title":"Nappl\u00f5rvarngad roosa turmaliini ja teemantidega","description":"N\u00f6\u00f6pk\u00f5rvar\u00f5ngad s\u00fcdamekujulise roosa turmaliini ja teemantidega \u2013 individuaalne juvelierit\u00f6\u00f6, romantiline kullast halo-disain.","robots":{"index":"index","follow":"follow","max-snippet":"max-snippet:-1","max-image-preview":"max-image-preview:large","max-video-preview":"max-video-preview:-1"},"canonical":"https:\/\/fashiongold.lt\/et\/papuosalas\/turmaliinid-roosade-turmaliinidega-korvarongad-ai-juveliir\/","og_locale":"et_EE","og_type":"article","og_title":"Nappl\u00f5rvarngad roosa turmaliini ja teemantidega","og_description":"N\u00f6\u00f6pk\u00f5rvar\u00f5ngad s\u00fcdamekujulise roosa turmaliini ja teemantidega \u2013 individuaalne juvelierit\u00f6\u00f6, romantiline kullast halo-disain.","og_url":"https:\/\/fashiongold.lt\/et\/papuosalas\/turmaliinid-roosade-turmaliinidega-korvarongad-ai-juveliir\/","og_site_name":"FashionGold.lt","og_image":[{"width":1536,"height":1024,"url":"https:\/\/fashiongold.lt\/wp-content\/uploads\/2025\/12\/Eskizas-\u2013-auskarai-vinukai-su-sirdeles-formos-roziniais-turmalinais-ir-deimantais-halo-dizainas-baltas-auksas.webp","type":"image\/png"}],"twitter_card":"summary_large_image","twitter_misc":{"Est. reading time":"3 minutit"},"schema":{"@context":"https:\/\/schema.org","@graph":[{"@type":"WebPage","@id":"https:\/\/fashiongold.lt\/et\/papuosalas\/turmaliinid-roosade-turmaliinidega-korvarongad-ai-juveliir\/","url":"https:\/\/fashiongold.lt\/et\/papuosalas\/turmaliinid-roosade-turmaliinidega-korvarongad-ai-juveliir\/","name":"Nappl\u00f5rvarngad roosa turmaliini ja teemantidega","isPartOf":{"@id":"https:\/\/fashiongold.lt\/et\/#website"},"primaryImageOfPage":{"@id":"https:\/\/fashiongold.lt\/et\/papuosalas\/turmaliinid-roosade-turmaliinidega-korvarongad-ai-juveliir\/#primaryimage"},"image":{"@id":"https:\/\/fashiongold.lt\/et\/papuosalas\/turmaliinid-roosade-turmaliinidega-korvarongad-ai-juveliir\/#primaryimage"},"thumbnailUrl":"https:\/\/fashiongold.lt\/wp-content\/uploads\/2025\/12\/Eskizas-\u2013-auskarai-vinukai-su-sirdeles-formos-roziniais-turmalinais-ir-deimantais-halo-dizainas-baltas-auksas.png","datePublished":"2025-12-28T10:29:00+00:00","description":"N\u00f6\u00f6pk\u00f5rvar\u00f5ngad s\u00fcdamekujulise roosa turmaliini ja teemantidega \u2013 individuaalne juvelierit\u00f6\u00f6, romantiline kullast halo-disain.","breadcrumb":{"@id":"https:\/\/fashiongold.lt\/et\/papuosalas\/turmaliinid-roosade-turmaliinidega-korvarongad-ai-juveliir\/#breadcrumb"},"inLanguage":"et","potentialAction":[{"@type":"ReadAction","target":["https:\/\/fashiongold.lt\/et\/papuosalas\/turmaliinid-roosade-turmaliinidega-korvarongad-ai-juveliir\/"]}]},{"@type":"ImageObject","inLanguage":"et","@id":"https:\/\/fashiongold.lt\/et\/papuosalas\/turmaliinid-roosade-turmaliinidega-korvarongad-ai-juveliir\/#primaryimage","url":"https:\/\/fashiongold.lt\/wp-content\/uploads\/2025\/12\/Eskizas-\u2013-auskarai-vinukai-su-sirdeles-formos-roziniais-turmalinais-ir-deimantais-halo-dizainas-baltas-auksas.png","contentUrl":"https:\/\/fashiongold.lt\/wp-content\/uploads\/2025\/12\/Eskizas-\u2013-auskarai-vinukai-su-sirdeles-formos-roziniais-turmalinais-ir-deimantais-halo-dizainas-baltas-auksas.png","width":1536,"height":1024,"caption":"Auskarai vinukai su s\u030cirdele\u0307s formos roz\u030ciniais turmalinais ir deimantais halo dizainas"},{"@type":"BreadcrumbList","@id":"https:\/\/fashiongold.lt\/et\/papuosalas\/turmaliinid-roosade-turmaliinidega-korvarongad-ai-juveliir\/#breadcrumb","itemListElement":[{"@type":"ListItem","position":1,"name":"Home","item":"https:\/\/fashiongold.lt\/et\/"},{"@type":"ListItem","position":2,"name":"Teemantide pood Fashiongold.lt","item":"https:\/\/fashiongold.lt\/shop-2\/"},{"@type":"ListItem","position":3,"name":"Turmaliinid &#8211; Roosade turmaliinidega k\u00f5rvar\u00f5ngad. AI Juveliir"}]},{"@type":"WebSite","@id":"https:\/\/fashiongold.lt\/et\/#website","url":"https:\/\/fashiongold.lt\/et\/","name":"Fashion Gold","description":"Juvelyrikos namai","publisher":{"@id":"https:\/\/fashiongold.lt\/et\/#organization"},"potentialAction":[{"@type":"SearchAction","target":{"@type":"EntryPoint","urlTemplate":"https:\/\/fashiongold.lt\/et\/?s={search_term_string}"},"query-input":{"@type":"PropertyValueSpecification","valueRequired":true,"valueName":"search_term_string"}}],"inLanguage":"et"},{"@type":"Organization","@id":"https:\/\/fashiongold.lt\/et\/#organization","name":"Topdiamonds Online","url":"https:\/\/fashiongold.lt\/et\/","logo":{"@type":"ImageObject","inLanguage":"et","@id":"https:\/\/fashiongold.lt\/et\/#\/schema\/logo\/image\/","url":"https:\/\/fashiongold.lt\/wp-content\/uploads\/2025\/04\/cropped-fashion_gold_logotipas2-scaled-1.png","contentUrl":"https:\/\/fashiongold.lt\/wp-content\/uploads\/2025\/04\/cropped-fashion_gold_logotipas2-scaled-1.png","width":2559,"height":421,"caption":"Topdiamonds Online"},"image":{"@id":"https:\/\/fashiongold.lt\/et\/#\/schema\/logo\/image\/"}}]}},"_links":{"self":[{"href":"https:\/\/fashiongold.lt\/et\/wp-json\/wp\/v2\/product\/273626","targetHints":{"allow":["GET"]}}],"collection":[{"href":"https:\/\/fashiongold.lt\/et\/wp-json\/wp\/v2\/product"}],"about":[{"href":"https:\/\/fashiongold.lt\/et\/wp-json\/wp\/v2\/types\/product"}],"version-history":[{"count":0,"href":"https:\/\/fashiongold.lt\/et\/wp-json\/wp\/v2\/product\/273626\/revisions"}],"wp:featuredmedia":[{"embeddable":true,"href":"https:\/\/fashiongold.lt\/et\/wp-json\/wp\/v2\/media\/265660"}],"wp:attachment":[{"href":"https:\/\/fashiongold.lt\/et\/wp-json\/wp\/v2\/media?parent=273626"}],"wp:term":[{"taxonomy":"product_brand","embeddable":true,"href":"https:\/\/fashiongold.lt\/et\/wp-json\/wp\/v2\/product_brand?post=273626"},{"taxonomy":"product_cat","embeddable":true,"href":"https:\/\/fashiongold.lt\/et\/wp-json\/wp\/v2\/product_cat?post=273626"},{"taxonomy":"product_tag","embeddable":true,"href":"https:\/\/fashiongold.lt\/et\/wp-json\/wp\/v2\/product_tag?post=273626"}],"curies":[{"name":"wp","href":"https:\/\/api.w.org\/{rel}","templated":true}]}}