{"id":273628,"date":"2025-12-28T08:05:43","date_gmt":"2025-12-28T08:05:43","guid":{"rendered":"https:\/\/fashiongold.lt\/papuosalas\/sorl-musta-turmaliiniga-ripats-ai-juveliir\/"},"modified":"2025-12-28T08:05:43","modified_gmt":"2025-12-28T08:05:43","slug":"sorl-musta-turmaliiniga-ripats-ai-juveliir","status":"publish","type":"product","link":"https:\/\/fashiongold.lt\/et\/papuosalas\/sorl-musta-turmaliiniga-ripats-ai-juveliir\/","title":{"rendered":"\u0160\u00f6rl &#8211; Musta turmaliiniga ripats. AI Juveliir"},"content":{"rendered":"<h2 data-start=\"209\" data-end=\"300\">AI Juveliir: musta turmaliiniga (Schorl) ripats \u2013 valmistamine individuaalprojekti j\u00e4rgi<\/h2>\n<p data-start=\"388\" data-end=\"1113\">See musta turmaliiniga (Schorl) ripats on juveliiri loodud ja valmistatud individuaalprojekt, kus iga detail on hoolikalt l\u00e4bi m\u00f5eldud, l\u00e4htudes valitud v\u00e4\u00e4riskivist \u2013 Schorlist, mida iseloomustab s\u00fcgav ja k\u00fcllastunud must v\u00e4rv, looduslik mattide ja l\u00e4ikivate pindade kombinatsioon ning tugev energeetiline s\u00fcmboolika. Tegemist ei ole seeriaviisilise tootega, vaid t\u00f5elise juveliehete valmistamisega, mis algab ideest ja l\u00f5peb k\u00e4sitsi loodud kaasaegse ja universaalse ripatsiga. Juveliir valmistab individuaaltellimusel mitte ainult ripatseid, vaid ka k\u00f5rvar\u00f5ngaid ja muid ehteid, r\u00f5hutades nende kvaliteeti ja erakordsust. Rohkem musta turmaliini Schorli, selle omaduste ja t\u00e4henduse kohta saate teada <a href=\"https:\/\/fashiongold.lt\/et\/turmaliin-salaparane-mitmevarviline-vaariskivi\/\">siit<\/a>.<\/p>\n<p data-start=\"1115\" data-end=\"1804\">Musta turmaliiniga (Schorl) ripatsit projekteerides hindab juveliir esmalt selle v\u00e4\u00e4riskivi omadusi \u2013 selle l\u00e4bipaistmatust, v\u00e4rvi \u00fchtlust ja struktuuri tugevust, mis on iseloomulik just Schorlile. Ristk\u00fclikukujuline (emerald) kivi annab ripatsile range, arhitektuurse ja kaasaegse iseloomu, mist\u00f5ttu seda disaini hindavad eriti mehed, kuid t\u00e4nu oma minimalismile sobib see suurep\u00e4raselt ka naistele. Just Schorli kuju ja must v\u00e4rv m\u00e4\u00e4ravad kogu disainilahenduse: ripatsi proportsioonid, raami paksuse ja \u00fcldise esteetika. Iga ripats n\u00f5uab \u00e4\u00e4rmiselt hoolikat ja professionaalset t\u00f6\u00f6d, mis v\u00f5imaldab saavutada t\u00e4iusliku tasakaalu esteetika, mugavuse ja vastupidavuse vahel.<\/p>\n<p data-start=\"1806\" data-end=\"1930\">Musta turmaliiniga (Schorl) ripats (ristk\u00fclikukujuline) valmistatakse eritellimusel, seega saame kohandada:<\/p>\n<ul>\n<li>mis tahes <a href=\"https:\/\/fashiongold.lt\/et\/patarimai-et\/kulla-varv-mida-tasub-teada-erinevate-varjundite-ja-nende-omaduste-kohta\/\" target=\"_self\" rel=\"noopener noreferrer\">kulla v\u00e4rvi<\/a> (valge, kollane v\u00f5i punane),<\/li>\n<li><a href=\"https:\/\/fashiongold.lt\/et\/patarimai-et\/kulla-proov-ehetele-kuidas-valida-oiget\/\" target=\"_self\" rel=\"noopener noreferrer\">soovitud kullaproovi 585 v\u00f5i 750<\/a>,<\/li>\n<li>v\u00e4\u00e4riskivide erinevat suurust ja paigutust,<\/li>\n<li>Schorl-kivi individuaalset valikut vastavalt v\u00e4rvi s\u00fcgavusele ja pinna iseloomule.<\/li>\n<\/ul>\n<p data-start=\"2248\" data-end=\"2398\">Valides individuaalprojekti j\u00e4rgi musta turmaliiniga (Schorl) ripatsit, on k\u00f5ige olulisem see, mis vastab teie isiksusele, stiilile ja eluviisile.<\/p>\n<p data-start=\"2400\" data-end=\"2905\">Selles mudelis on valitud puhas minimalistlik disain ilma t\u00e4iendavate teemantideta, mis v\u00f5imaldab keskenduda t\u00e4ielikult musta turmaliini Schorli j\u00f5ule ja visuaalsele soliidsusele. Ristk\u00fclikukujuline kivi s\u00fcmboliseerib stabiilsust, kaitset ja sisemist tugevust, mist\u00f5ttu valitakse see ripats sageli talismaniks v\u00f5i igap\u00e4evaseks stiiliaktsendiks. Musta turmaliini Schorli hinnatakse mitte ainult juveelit\u00f6\u00f6stuses, vaid ka selle s\u00fcmboolse t\u00e4henduse t\u00f5ttu \u2013 seda seostatakse kaitse, tasakaalu ja maise energiaga.<\/p>\n<p data-start=\"2907\" data-end=\"3035\">K\u00f5ik musta turmaliiniga (Schorl) ripatsid <span style=\"font-size: 16px;\">ja <\/span><a style=\"font-size: 16px; background-color: #ffffff;\" href=\"https:\/\/fashiongold.lt\/et\/kategorija\/pidulikud-korvarongad\/\" target=\"_self\" rel=\"noopener noreferrer\">muud ehted<\/a><span style=\"font-size: 16px;\"> on valmistatud Leedus ja neil on Leedu Proovikoja sertifikaadid.<\/span><\/p>\n<p>See on <a href=\"https:\/\/fashiongold.lt\/et\/patarimai-et\/juveliir-kui-teie-unistus-saab-kulla-kuju\/\" target=\"_self\" rel=\"noopener noreferrer\">juveliiri valmistatud individuaalprojekt<\/a> neile, kes otsivad mitte lihtsalt ripatsit, vaid t\u00e4hendusrikast ja ajatut aksessuaari, mis on loodud kullast ja mustast turmaliinist Schorlist. Iga selline ripats on ainulaadne, kohandatud just teile ja teie valitud v\u00e4\u00e4riskivile. Universaalne disain v\u00f5imaldab seda ripatsit kanda nii meestel kui naistel, s\u00e4ilitades soliidse, kaasaegse ja erakordse stiili.<\/p>\n<h4>Meie teenused<\/h4>\n<p>Pakume <a href=\"https:\/\/fashiongold.lt\/et\/kategorija\/ehete-valmistamine\/\" target=\"_self\" rel=\"noopener noreferrer\">individuaalset disaini, kus iga ehe luuakse vastavalt teie ideedele ja visioonile<\/a>. Samuti teostame restaureerimist, et teie kallihinnalised ehted s\u00e4raksid taas nagu uued. Iga meie looming pole mitte ainult ehe, vaid ka teie isiksuse peegeldus. Iga meie t\u00f6\u00f6 on t\u00f5estus sellest, et kvaliteet ja loovus v\u00f5ivad k\u00e4ia k\u00e4sik\u00e4es.<\/p>\n<h4>Avatus ja garantii<\/h4>\n<p>Meie l\u00e4henemisviis on avatus ja siiras suhtlus iga kliendiga. Oleme teie k\u00f5rval esimesest konsultatsioonist kuni valmis ehte k\u00e4ttesaamiseni, et aidata teid k\u00f5igis k\u00fcsimustes. Anname k\u00f5igile oma toodetele 5-aastase kvaliteedigarantii, seega v\u00f5ite olla kindlad nende usaldusv\u00e4\u00e4rsuses ja vastupidavuses. Meie garantii h\u00f5lmab k\u00f5iki tootmiskvaliteedi aspekte, et saaksite ehteid muretult nautida aastaid. Hoolitseme selle eest, et iga meie klient tunneks end kindlalt ja teaks, et meie ehted on usaldust v\u00e4\u00e4rt.<\/p>\n<h4>Tellimine ja konsultatsioonid<\/h4>\n<p>Kui soovite tellida individuaalset ehet v\u00f5i konsulteerida oma ideede osas, on meie meeskond alati valmis teid aitama. Konsultatsiooni k\u00e4igus arutame teie visiooni, eelistusi ja pakume parimaid lahendusi, et valmistada teie ootustele vastavad ehted. P\u00f6\u00f6rame igale tellimusele erilist t\u00e4helepanu, mist\u00f5ttu saame pakkuda individuaalseid lahendusi nii kihlas\u00f5rmuste kui ka muude ehete puhul. Ehete valmistamine kestab tavaliselt umbes 5 n\u00e4dalat, kuid p\u00fc\u00fcame alati, et teie ehted valmiksid v\u00f5imalikult kiiresti. V\u00f5tke meiega \u00fchendust \u2013 loome koos ehteid, mis saavad osaks teie loost.<\/p>\n","protected":false},"excerpt":{"rendered":"<p>AI Juveliir: musta turmaliiniga (Schorl) ripats \u2013 valmistamine individuaalprojekti j\u00e4rgi See musta turmaliiniga (Schorl) ripats on juveliiri loodud ja valmistatud [&hellip;]<\/p>\n","protected":false},"featured_media":265580,"template":"","meta":{"site-sidebar-layout":"default","site-content-layout":"","ast-site-content-layout":"default","site-content-style":"default","site-sidebar-style":"default","ast-global-header-display":"","ast-banner-title-visibility":"","ast-main-header-display":"","ast-hfb-above-header-display":"","ast-hfb-below-header-display":"","ast-hfb-mobile-header-display":"","site-post-title":"","ast-breadcrumbs-content":"","ast-featured-img":"","footer-sml-layout":"","ast-disable-related-posts":"","theme-transparent-header-meta":"default","adv-header-id-meta":"","stick-header-meta":"","header-above-stick-meta":"","header-main-stick-meta":"","header-below-stick-meta":"","astra-migrate-meta-layouts":"default","ast-page-background-enabled":"default","ast-page-background-meta":{"desktop":{"background-color":"var(--ast-global-color-4)","background-image":"","background-repeat":"repeat","background-position":"center center","background-size":"auto","background-attachment":"scroll","background-type":"","background-media":"","overlay-type":"","overlay-color":"","overlay-opacity":"","overlay-gradient":""},"tablet":{"background-color":"","background-image":"","background-repeat":"repeat","background-position":"center center","background-size":"auto","background-attachment":"scroll","background-type":"","background-media":"","overlay-type":"","overlay-color":"","overlay-opacity":"","overlay-gradient":""},"mobile":{"background-color":"","background-image":"","background-repeat":"repeat","background-position":"center center","background-size":"auto","background-attachment":"scroll","background-type":"","background-media":"","overlay-type":"","overlay-color":"","overlay-opacity":"","overlay-gradient":""}},"ast-content-background-meta":{"desktop":{"background-color":"var(--ast-global-color-5)","background-image":"","background-repeat":"repeat","background-position":"center center","background-size":"auto","background-attachment":"scroll","background-type":"","background-media":"","overlay-type":"","overlay-color":"","overlay-opacity":"","overlay-gradient":""},"tablet":{"background-color":"var(--ast-global-color-5)","background-image":"","background-repeat":"repeat","background-position":"center center","background-size":"auto","background-attachment":"scroll","background-type":"","background-media":"","overlay-type":"","overlay-color":"","overlay-opacity":"","overlay-gradient":""},"mobile":{"background-color":"var(--ast-global-color-5)","background-image":"","background-repeat":"repeat","background-position":"center center","background-size":"auto","background-attachment":"scroll","background-type":"","background-media":"","overlay-type":"","overlay-color":"","overlay-opacity":"","overlay-gradient":""}}},"product_brand":[],"product_cat":[2838,2839,3485,2840,2846],"product_tag":[],"class_list":{"0":"post-273628","1":"product","2":"type-product","3":"status-publish","4":"has-post-thumbnail","6":"product_cat-ehete-valmistamine","7":"product_cat-juveliir","8":"product_cat-kaelakett-meestele","9":"product_cat-meeste-ehted","10":"product_cat-poolvaariskividega-ehted","11":"desktop-align-center","12":"tablet-align-left","13":"mobile-align-left","14":"ast-product-gallery-layout-horizontal-slider","15":"ast-product-tabs-layout-accordion","16":"ast-qv-on-image","18":"first","19":"onbackorder","20":"taxable","21":"shipping-taxable","22":"purchasable","23":"product-type-simple"},"yoast_head":"<!-- This site is optimized with the Yoast SEO plugin v26.6 - https:\/\/yoast.com\/wordpress\/plugins\/seo\/ -->\n<title>Ripats musta turmaliiniga \u0160\u00f6rl | Unisex disain<\/title>\n<meta name=\"description\" content=\"Minimalistlik ristk\u00fclikukujuline ripats musta turmaliiniga \u0160\u00f6rl. Kullast ehtekunstniku k\u00e4sit\u00f6\u00f6, sobib meestele ja naistele.\" \/>\n<meta name=\"robots\" content=\"index, follow, max-snippet:-1, max-image-preview:large, max-video-preview:-1\" \/>\n<link rel=\"canonical\" href=\"https:\/\/fashiongold.lt\/et\/papuosalas\/sorl-musta-turmaliiniga-ripats-ai-juveliir\/\" \/>\n<meta property=\"og:locale\" content=\"et_EE\" \/>\n<meta property=\"og:type\" content=\"article\" \/>\n<meta property=\"og:title\" content=\"Ripats musta turmaliiniga \u0160\u00f6rl | Unisex disain\" \/>\n<meta property=\"og:description\" content=\"Minimalistlik ristk\u00fclikukujuline ripats musta turmaliiniga \u0160\u00f6rl. Kullast ehtekunstniku k\u00e4sit\u00f6\u00f6, sobib meestele ja naistele.\" \/>\n<meta property=\"og:url\" content=\"https:\/\/fashiongold.lt\/et\/papuosalas\/sorl-musta-turmaliiniga-ripats-ai-juveliir\/\" \/>\n<meta property=\"og:site_name\" content=\"FashionGold.lt\" \/>\n<meta property=\"og:image\" content=\"https:\/\/fashiongold.lt\/wp-content\/uploads\/2025\/12\/Stilingas-vyras-su-baltu-auksu-pagamintu-pakabuku-ir-emerald-formos-juodu-turmalinu-devimas-prie-klasikinio-svarko-ir-marskiniu-1024x683.png\" \/>\n\t<meta property=\"og:image:width\" content=\"1024\" \/>\n\t<meta property=\"og:image:height\" content=\"683\" \/>\n\t<meta property=\"og:image:type\" content=\"image\/png\" \/>\n<meta name=\"twitter:card\" content=\"summary_large_image\" \/>\n<meta name=\"twitter:label1\" content=\"Est. reading time\" \/>\n\t<meta name=\"twitter:data1\" content=\"3 minutit\" \/>\n<script type=\"application\/ld+json\" class=\"yoast-schema-graph\">{\"@context\":\"https:\/\/schema.org\",\"@graph\":[{\"@type\":\"WebPage\",\"@id\":\"https:\/\/fashiongold.lt\/et\/papuosalas\/sorl-musta-turmaliiniga-ripats-ai-juveliir\/\",\"url\":\"https:\/\/fashiongold.lt\/et\/papuosalas\/sorl-musta-turmaliiniga-ripats-ai-juveliir\/\",\"name\":\"Ripats musta turmaliiniga \u0160\u00f6rl | Unisex disain\",\"isPartOf\":{\"@id\":\"https:\/\/fashiongold.lt\/et\/#website\"},\"primaryImageOfPage\":{\"@id\":\"https:\/\/fashiongold.lt\/et\/papuosalas\/sorl-musta-turmaliiniga-ripats-ai-juveliir\/#primaryimage\"},\"image\":{\"@id\":\"https:\/\/fashiongold.lt\/et\/papuosalas\/sorl-musta-turmaliiniga-ripats-ai-juveliir\/#primaryimage\"},\"thumbnailUrl\":\"https:\/\/fashiongold.lt\/wp-content\/uploads\/2025\/12\/Stilingas-vyras-su-baltu-auksu-pagamintu-pakabuku-ir-emerald-formos-juodu-turmalinu-devimas-prie-klasikinio-svarko-ir-marskiniu.png\",\"datePublished\":\"2025-12-28T08:05:43+00:00\",\"description\":\"Minimalistlik ristk\u00fclikukujuline ripats musta turmaliiniga \u0160\u00f6rl. Kullast ehtekunstniku k\u00e4sit\u00f6\u00f6, sobib meestele ja naistele.\",\"breadcrumb\":{\"@id\":\"https:\/\/fashiongold.lt\/et\/papuosalas\/sorl-musta-turmaliiniga-ripats-ai-juveliir\/#breadcrumb\"},\"inLanguage\":\"et\",\"potentialAction\":[{\"@type\":\"ReadAction\",\"target\":[\"https:\/\/fashiongold.lt\/et\/papuosalas\/sorl-musta-turmaliiniga-ripats-ai-juveliir\/\"]}]},{\"@type\":\"ImageObject\",\"inLanguage\":\"et\",\"@id\":\"https:\/\/fashiongold.lt\/et\/papuosalas\/sorl-musta-turmaliiniga-ripats-ai-juveliir\/#primaryimage\",\"url\":\"https:\/\/fashiongold.lt\/wp-content\/uploads\/2025\/12\/Stilingas-vyras-su-baltu-auksu-pagamintu-pakabuku-ir-emerald-formos-juodu-turmalinu-devimas-prie-klasikinio-svarko-ir-marskiniu.png\",\"contentUrl\":\"https:\/\/fashiongold.lt\/wp-content\/uploads\/2025\/12\/Stilingas-vyras-su-baltu-auksu-pagamintu-pakabuku-ir-emerald-formos-juodu-turmalinu-devimas-prie-klasikinio-svarko-ir-marskiniu.png\",\"width\":1536,\"height\":1024,\"caption\":\"Stilingas vyras su baltu auksu pagamintu pakabuku ir emerald formos juodu turmalinu, de\u0307vimas prie klasikinio s\u030cvarko ir mars\u030ckiniu\u0328\"},{\"@type\":\"BreadcrumbList\",\"@id\":\"https:\/\/fashiongold.lt\/et\/papuosalas\/sorl-musta-turmaliiniga-ripats-ai-juveliir\/#breadcrumb\",\"itemListElement\":[{\"@type\":\"ListItem\",\"position\":1,\"name\":\"Home\",\"item\":\"https:\/\/fashiongold.lt\/et\/\"},{\"@type\":\"ListItem\",\"position\":2,\"name\":\"Teemantide pood Fashiongold.lt\",\"item\":\"https:\/\/fashiongold.lt\/shop-2\/\"},{\"@type\":\"ListItem\",\"position\":3,\"name\":\"\u0160\u00f6rl &#8211; Musta turmaliiniga ripats. AI Juveliir\"}]},{\"@type\":\"WebSite\",\"@id\":\"https:\/\/fashiongold.lt\/et\/#website\",\"url\":\"https:\/\/fashiongold.lt\/et\/\",\"name\":\"Fashion Gold\",\"description\":\"Juvelyrikos namai\",\"publisher\":{\"@id\":\"https:\/\/fashiongold.lt\/et\/#organization\"},\"potentialAction\":[{\"@type\":\"SearchAction\",\"target\":{\"@type\":\"EntryPoint\",\"urlTemplate\":\"https:\/\/fashiongold.lt\/et\/?s={search_term_string}\"},\"query-input\":{\"@type\":\"PropertyValueSpecification\",\"valueRequired\":true,\"valueName\":\"search_term_string\"}}],\"inLanguage\":\"et\"},{\"@type\":\"Organization\",\"@id\":\"https:\/\/fashiongold.lt\/et\/#organization\",\"name\":\"Topdiamonds Online\",\"url\":\"https:\/\/fashiongold.lt\/et\/\",\"logo\":{\"@type\":\"ImageObject\",\"inLanguage\":\"et\",\"@id\":\"https:\/\/fashiongold.lt\/et\/#\/schema\/logo\/image\/\",\"url\":\"https:\/\/fashiongold.lt\/wp-content\/uploads\/2025\/04\/cropped-fashion_gold_logotipas2-scaled-1.png\",\"contentUrl\":\"https:\/\/fashiongold.lt\/wp-content\/uploads\/2025\/04\/cropped-fashion_gold_logotipas2-scaled-1.png\",\"width\":2559,\"height\":421,\"caption\":\"Topdiamonds Online\"},\"image\":{\"@id\":\"https:\/\/fashiongold.lt\/et\/#\/schema\/logo\/image\/\"}}]}<\/script>\n<!-- \/ Yoast SEO plugin. -->","yoast_head_json":{"title":"Ripats musta turmaliiniga \u0160\u00f6rl | Unisex disain","description":"Minimalistlik ristk\u00fclikukujuline ripats musta turmaliiniga \u0160\u00f6rl. Kullast ehtekunstniku k\u00e4sit\u00f6\u00f6, sobib meestele ja naistele.","robots":{"index":"index","follow":"follow","max-snippet":"max-snippet:-1","max-image-preview":"max-image-preview:large","max-video-preview":"max-video-preview:-1"},"canonical":"https:\/\/fashiongold.lt\/et\/papuosalas\/sorl-musta-turmaliiniga-ripats-ai-juveliir\/","og_locale":"et_EE","og_type":"article","og_title":"Ripats musta turmaliiniga \u0160\u00f6rl | Unisex disain","og_description":"Minimalistlik ristk\u00fclikukujuline ripats musta turmaliiniga \u0160\u00f6rl. Kullast ehtekunstniku k\u00e4sit\u00f6\u00f6, sobib meestele ja naistele.","og_url":"https:\/\/fashiongold.lt\/et\/papuosalas\/sorl-musta-turmaliiniga-ripats-ai-juveliir\/","og_site_name":"FashionGold.lt","og_image":[{"width":1024,"height":683,"url":"https:\/\/fashiongold.lt\/wp-content\/uploads\/2025\/12\/Stilingas-vyras-su-baltu-auksu-pagamintu-pakabuku-ir-emerald-formos-juodu-turmalinu-devimas-prie-klasikinio-svarko-ir-marskiniu-1024x683.png","type":"image\/png"}],"twitter_card":"summary_large_image","twitter_misc":{"Est. reading time":"3 minutit"},"schema":{"@context":"https:\/\/schema.org","@graph":[{"@type":"WebPage","@id":"https:\/\/fashiongold.lt\/et\/papuosalas\/sorl-musta-turmaliiniga-ripats-ai-juveliir\/","url":"https:\/\/fashiongold.lt\/et\/papuosalas\/sorl-musta-turmaliiniga-ripats-ai-juveliir\/","name":"Ripats musta turmaliiniga \u0160\u00f6rl | Unisex disain","isPartOf":{"@id":"https:\/\/fashiongold.lt\/et\/#website"},"primaryImageOfPage":{"@id":"https:\/\/fashiongold.lt\/et\/papuosalas\/sorl-musta-turmaliiniga-ripats-ai-juveliir\/#primaryimage"},"image":{"@id":"https:\/\/fashiongold.lt\/et\/papuosalas\/sorl-musta-turmaliiniga-ripats-ai-juveliir\/#primaryimage"},"thumbnailUrl":"https:\/\/fashiongold.lt\/wp-content\/uploads\/2025\/12\/Stilingas-vyras-su-baltu-auksu-pagamintu-pakabuku-ir-emerald-formos-juodu-turmalinu-devimas-prie-klasikinio-svarko-ir-marskiniu.png","datePublished":"2025-12-28T08:05:43+00:00","description":"Minimalistlik ristk\u00fclikukujuline ripats musta turmaliiniga \u0160\u00f6rl. Kullast ehtekunstniku k\u00e4sit\u00f6\u00f6, sobib meestele ja naistele.","breadcrumb":{"@id":"https:\/\/fashiongold.lt\/et\/papuosalas\/sorl-musta-turmaliiniga-ripats-ai-juveliir\/#breadcrumb"},"inLanguage":"et","potentialAction":[{"@type":"ReadAction","target":["https:\/\/fashiongold.lt\/et\/papuosalas\/sorl-musta-turmaliiniga-ripats-ai-juveliir\/"]}]},{"@type":"ImageObject","inLanguage":"et","@id":"https:\/\/fashiongold.lt\/et\/papuosalas\/sorl-musta-turmaliiniga-ripats-ai-juveliir\/#primaryimage","url":"https:\/\/fashiongold.lt\/wp-content\/uploads\/2025\/12\/Stilingas-vyras-su-baltu-auksu-pagamintu-pakabuku-ir-emerald-formos-juodu-turmalinu-devimas-prie-klasikinio-svarko-ir-marskiniu.png","contentUrl":"https:\/\/fashiongold.lt\/wp-content\/uploads\/2025\/12\/Stilingas-vyras-su-baltu-auksu-pagamintu-pakabuku-ir-emerald-formos-juodu-turmalinu-devimas-prie-klasikinio-svarko-ir-marskiniu.png","width":1536,"height":1024,"caption":"Stilingas vyras su baltu auksu pagamintu pakabuku ir emerald formos juodu turmalinu, de\u0307vimas prie klasikinio s\u030cvarko ir mars\u030ckiniu\u0328"},{"@type":"BreadcrumbList","@id":"https:\/\/fashiongold.lt\/et\/papuosalas\/sorl-musta-turmaliiniga-ripats-ai-juveliir\/#breadcrumb","itemListElement":[{"@type":"ListItem","position":1,"name":"Home","item":"https:\/\/fashiongold.lt\/et\/"},{"@type":"ListItem","position":2,"name":"Teemantide pood Fashiongold.lt","item":"https:\/\/fashiongold.lt\/shop-2\/"},{"@type":"ListItem","position":3,"name":"\u0160\u00f6rl &#8211; Musta turmaliiniga ripats. AI Juveliir"}]},{"@type":"WebSite","@id":"https:\/\/fashiongold.lt\/et\/#website","url":"https:\/\/fashiongold.lt\/et\/","name":"Fashion Gold","description":"Juvelyrikos namai","publisher":{"@id":"https:\/\/fashiongold.lt\/et\/#organization"},"potentialAction":[{"@type":"SearchAction","target":{"@type":"EntryPoint","urlTemplate":"https:\/\/fashiongold.lt\/et\/?s={search_term_string}"},"query-input":{"@type":"PropertyValueSpecification","valueRequired":true,"valueName":"search_term_string"}}],"inLanguage":"et"},{"@type":"Organization","@id":"https:\/\/fashiongold.lt\/et\/#organization","name":"Topdiamonds Online","url":"https:\/\/fashiongold.lt\/et\/","logo":{"@type":"ImageObject","inLanguage":"et","@id":"https:\/\/fashiongold.lt\/et\/#\/schema\/logo\/image\/","url":"https:\/\/fashiongold.lt\/wp-content\/uploads\/2025\/04\/cropped-fashion_gold_logotipas2-scaled-1.png","contentUrl":"https:\/\/fashiongold.lt\/wp-content\/uploads\/2025\/04\/cropped-fashion_gold_logotipas2-scaled-1.png","width":2559,"height":421,"caption":"Topdiamonds Online"},"image":{"@id":"https:\/\/fashiongold.lt\/et\/#\/schema\/logo\/image\/"}}]}},"_links":{"self":[{"href":"https:\/\/fashiongold.lt\/et\/wp-json\/wp\/v2\/product\/273628","targetHints":{"allow":["GET"]}}],"collection":[{"href":"https:\/\/fashiongold.lt\/et\/wp-json\/wp\/v2\/product"}],"about":[{"href":"https:\/\/fashiongold.lt\/et\/wp-json\/wp\/v2\/types\/product"}],"version-history":[{"count":0,"href":"https:\/\/fashiongold.lt\/et\/wp-json\/wp\/v2\/product\/273628\/revisions"}],"wp:featuredmedia":[{"embeddable":true,"href":"https:\/\/fashiongold.lt\/et\/wp-json\/wp\/v2\/media\/265580"}],"wp:attachment":[{"href":"https:\/\/fashiongold.lt\/et\/wp-json\/wp\/v2\/media?parent=273628"}],"wp:term":[{"taxonomy":"product_brand","embeddable":true,"href":"https:\/\/fashiongold.lt\/et\/wp-json\/wp\/v2\/product_brand?post=273628"},{"taxonomy":"product_cat","embeddable":true,"href":"https:\/\/fashiongold.lt\/et\/wp-json\/wp\/v2\/product_cat?post=273628"},{"taxonomy":"product_tag","embeddable":true,"href":"https:\/\/fashiongold.lt\/et\/wp-json\/wp\/v2\/product_tag?post=273628"}],"curies":[{"name":"wp","href":"https:\/\/api.w.org\/{rel}","templated":true}]}}