{"id":273629,"date":"2025-12-28T07:39:39","date_gmt":"2025-12-28T07:39:39","guid":{"rendered":"https:\/\/fashiongold.lt\/papuosalas\/rubelliit-roosa-turmaliiniga-ripats-ai-juveliir\/"},"modified":"2025-12-28T07:39:39","modified_gmt":"2025-12-28T07:39:39","slug":"rubelliit-roosa-turmaliiniga-ripats-ai-juveliir","status":"publish","type":"product","link":"https:\/\/fashiongold.lt\/et\/papuosalas\/rubelliit-roosa-turmaliiniga-ripats-ai-juveliir\/","title":{"rendered":"Rubelliit &#8211; roosa turmaliiniga ripats. AI Juveliir"},"content":{"rendered":"<h2 data-start=\"209\" data-end=\"300\">AI Juveliir: <strong data-start=\"233\" data-end=\"331\">roosa turmaliini Rubelliidiga ripats (s\u00fcdamekujuline) \u2013 valmistamine individuaalprojekti j\u00e4rgi<\/strong><\/h2>\n<p data-start=\"333\" data-end=\"1115\">See s\u00fcdamekujuline roosa turmaliini Rubelliidi ja teemantidega ripats on juveliiri loodud ja valmistatud individuaalprojekt, kus iga detail on l\u00e4bi m\u00f5eldud, arvestades valitud v\u00e4\u00e4riskivi \u2013 s\u00fcdamekujulist roosat turmaliini Rubelliiti, mis eristub oma k\u00fcllastunud roosade, vaarikakarva v\u00f5i punakaspunaste toonide poolest, mis meenutavad rubiini v\u00e4rvust, ning intensiivse s\u00e4ra poolest. See ei ole seeriatoode, vaid t\u00f5eline juveelit\u00f6\u00f6, mis saab alguse ideest ja l\u00f5peb k\u00e4sitsi valmistatud ainulaadse ripatsiga. Juveliir valmistab lisaks ripatsitele ka k\u00f5rvar\u00f5ngaid ja muid ehteid individuaaltellimuse alusel, r\u00f5hutades nende kvaliteeti ja erakordsust. Rohkem turmaliini Rubelliidi, selle p\u00e4ritolu, v\u00e4rvivarjundite ja s\u00fcmboolika kohta saate teada <a href=\"https:\/\/fashiongold.lt\/et\/turmaliin-salaparane-mitmevarviline-vaariskivi\/\">siit<\/a>.<\/p>\n<p data-start=\"1117\" data-end=\"1694\">S\u00fcdamekujulise roosa turmaliini Rubelliidiga ripatsi projekteerimisel hindab juveliir esmalt kivi ennast \u2013 selle l\u00e4bipaistvust, v\u00e4rvi k\u00fcllastust ja emotsionaalset m\u00f5ju, mis v\u00f5ib varieeruda \u00f5rnroosast kuni intensiivse vaarikakarva v\u00f5i s\u00fcgavpunase v\u00e4rvuseni. Just s\u00fcdame kuju ja Rubelliidi v\u00e4rvigamma m\u00e4\u00e4ravad \u00e4ra kogu disainilahenduse: ripatsi proportsioonid, krooni k\u00f5rguse ja teemantide paigutuse. Iga ripats n\u00f5uab \u00e4\u00e4rmiselt hoolikat ja professionaalset t\u00f6\u00f6d, mis v\u00f5imaldab saavutada t\u00e4iusliku tasakaalu esteetika, mugavuse ja vastupidavuse vahel.<\/p>\n<p data-start=\"1696\" data-end=\"1833\">S\u00fcdamekujuline roosa turmaliini Rubelliidi ja teemantidega ripats valmistatakse individuaaltellimusel, seega saame kohandada:<\/p>\n<ul>\n<li>mis tahes <a href=\"https:\/\/fashiongold.lt\/et\/patarimai-et\/kulla-varv-mida-tasub-teada-erinevate-varjundite-ja-nende-omaduste-kohta\/\" target=\"_self\" rel=\"noopener noreferrer\">kullav\u00e4rvi<\/a> (valget, kollast v\u00f5i punast),<\/li>\n<li><a href=\"https:\/\/fashiongold.lt\/et\/patarimai-et\/kulla-proov-ehetele-kuidas-valida-oiget\/\" target=\"_self\" rel=\"noopener noreferrer\">soovitud kullaproovi 585 v\u00f5i 750<\/a>,<\/li>\n<li>v\u00e4\u00e4riskivide erinevat suurust ja paigutust,<\/li>\n<li>Rubelliidi individuaalset varjundit \u2013 alates \u00f5rnroosast kuni s\u00fcgava, rubiini meenutava punaseni.<\/li>\n<\/ul>\n<p data-start=\"2200\" data-end=\"2379\">Valides s\u00fcdamekujulist roosa turmaliini Rubelliidiga ripatsit individuaalprojekti j\u00e4rgi, on k\u00f5ige olulisem see, mis vastab teie tundetele, isiksusele ja valitud s\u00fcmboolikale.<\/p>\n<p data-start=\"2381\" data-end=\"2897\">Selles mudelis on valitud romantiline disain v\u00e4ikeste teemantidega, mis raamivad delikaatselt s\u00fcdamekujulist Rubelliiti ja tugevdavad valgusem\u00e4ngu. Teemandid annavad ripatsile t\u00e4iendavat luksust ja erakordsust, samas kui v\u00e4\u00e4riskivi ise \u2013 roosa turmaliin Rubelliit \u2013 muutub peamiseks visuaalseks ja emotsionaalseks aktsendiks. Roosade ja punaste v\u00e4\u00e4riskivide seas hinnatakse Rubelliiti selle v\u00e4rvis\u00fcgavuse ja tugeva s\u00fcmboolika t\u00f5ttu \u2013 seda seostatakse armastuse, kire, s\u00fcdameenergia ja sisemise tugevusega.<\/p>\n<p data-start=\"2899\" data-end=\"3024\">K\u00f5ik Rubelliit-turmaliiniga ripatsid <span style=\"font-size: 16px;\">ja <\/span><a style=\"font-size: 16px; background-color: #ffffff;\" href=\"https:\/\/fashiongold.lt\/et\/kategorija\/pidulikud-korvarongad\/\" target=\"_self\" rel=\"noopener noreferrer\">muud ehted<\/a><span style=\"font-size: 16px;\"> on valmistatud Leedus ja neil on Leedu Proovikoja sertifikaadid.<\/span><\/p>\n<p>See on <a href=\"https:\/\/fashiongold.lt\/et\/patarimai-et\/juveliir-kui-teie-unistus-saab-kulla-kuju\/\" target=\"_self\" rel=\"noopener noreferrer\">juveliiri valmistatud individuaalprojekt<\/a> neile, kes otsivad mitte lihtsalt ripatsit, vaid isiklikku armastuslugu, mis on loodud kullast, teemantidest ja s\u00fcdamekujulisest roosast turmaliinist Rubelliidist. Iga selline ripats on ainueksemplar, mis on kohandatud just teile ja teie valitud v\u00e4\u00e4riskivile, ning s\u00fcdame kuju v\u00f5imaldab delikaatselt edasi anda tundeid, m\u00e4lestusi ja v\u00e4\u00e4rtusi, mis j\u00e4\u00e4vad kestma pikaks ajaks.<\/p>\n<h4>Meie teenused<\/h4>\n<p>Pakume <a href=\"https:\/\/fashiongold.lt\/et\/kategorija\/ehete-valmistamine\/\" target=\"_self\" rel=\"noopener noreferrer\">individuaalset disaini, kus iga ehe luuakse teie ideede ja visiooni j\u00e4rgi<\/a>. Samuti teostame restaureerimist, et teie kallid ehted s\u00e4raksid taas nagu uued. Iga meie looming on mitte ainult ehe, vaid ka teie isiksuse peegeldus. Iga meie t\u00f6\u00f6 on t\u00f5estus sellest, et kvaliteet ja loovus v\u00f5ivad k\u00e4ia k\u00e4sik\u00e4es.<\/p>\n<h4>Avatus ja garantii<\/h4>\n<p>Meie l\u00e4henemisviis on avatus ja siiras suhtlus iga kliendiga. Alates esimesest konsultatsioonist kuni valmis ehte k\u00e4ttesaamiseni oleme teie k\u00f5rval, et aidata teid k\u00f5igis k\u00fcsimustes. Anname k\u00f5igile oma toodetele 5-aastase kvaliteedigarantii, nii et v\u00f5ite olla kindlad nende usaldusv\u00e4\u00e4rsuses ja vastupidavuses. Meie garantii h\u00f5lmab k\u00f5iki valmistamise kvaliteedi aspekte, et saaksite nautida oma ehteid muretult aastaid. Hoolitseme selle eest, et iga meie klient tunneks end kindlalt ja teaks, et meie ehted on usaldust v\u00e4\u00e4rt.<\/p>\n<h4>Tellimused ja konsultatsioonid<\/h4>\n<p>Kui soovite tellida individuaalset ehet v\u00f5i konsulteerida oma ideede osas, on meie meeskond alati valmis teid aitama. Konsultatsiooni k\u00e4igus arutame l\u00e4bi teie visiooni, soovid ja pakume parimaid lahendusi, et saaksime valmistada ehteid, mis vastavad teie ootustele. P\u00f6\u00f6rame igale tellimusele erilist t\u00e4helepanu, mist\u00f5ttu saame pakkuda individuaalseid lahendusi nii kihlas\u00f5rmustele kui ka muudele ehetele. Ehete valmistamine kestab tavaliselt umbes 5 n\u00e4dalat, kuid p\u00fc\u00fcame alati, et teie ehted valmiksid v\u00f5imalikult kiiresti. V\u00f5tke meiega \u00fchendust \u2013 loome koos ehted, mis saavad osaks teie loost.<\/p>\n","protected":false},"excerpt":{"rendered":"<p>AI Juveliir: roosa turmaliini Rubelliidiga ripats (s\u00fcdamekujuline) \u2013 valmistamine individuaalprojekti j\u00e4rgi See s\u00fcdamekujuline roosa turmaliini Rubelliidi ja teemantidega ripats on [&hellip;]<\/p>\n","protected":false},"featured_media":265561,"template":"","meta":{"site-sidebar-layout":"default","site-content-layout":"","ast-site-content-layout":"default","site-content-style":"default","site-sidebar-style":"default","ast-global-header-display":"","ast-banner-title-visibility":"","ast-main-header-display":"","ast-hfb-above-header-display":"","ast-hfb-below-header-display":"","ast-hfb-mobile-header-display":"","site-post-title":"","ast-breadcrumbs-content":"","ast-featured-img":"","footer-sml-layout":"","ast-disable-related-posts":"","theme-transparent-header-meta":"default","adv-header-id-meta":"","stick-header-meta":"","header-above-stick-meta":"","header-main-stick-meta":"","header-below-stick-meta":"","astra-migrate-meta-layouts":"default","ast-page-background-enabled":"default","ast-page-background-meta":{"desktop":{"background-color":"var(--ast-global-color-4)","background-image":"","background-repeat":"repeat","background-position":"center center","background-size":"auto","background-attachment":"scroll","background-type":"","background-media":"","overlay-type":"","overlay-color":"","overlay-opacity":"","overlay-gradient":""},"tablet":{"background-color":"","background-image":"","background-repeat":"repeat","background-position":"center center","background-size":"auto","background-attachment":"scroll","background-type":"","background-media":"","overlay-type":"","overlay-color":"","overlay-opacity":"","overlay-gradient":""},"mobile":{"background-color":"","background-image":"","background-repeat":"repeat","background-position":"center center","background-size":"auto","background-attachment":"scroll","background-type":"","background-media":"","overlay-type":"","overlay-color":"","overlay-opacity":"","overlay-gradient":""}},"ast-content-background-meta":{"desktop":{"background-color":"var(--ast-global-color-5)","background-image":"","background-repeat":"repeat","background-position":"center center","background-size":"auto","background-attachment":"scroll","background-type":"","background-media":"","overlay-type":"","overlay-color":"","overlay-opacity":"","overlay-gradient":""},"tablet":{"background-color":"var(--ast-global-color-5)","background-image":"","background-repeat":"repeat","background-position":"center center","background-size":"auto","background-attachment":"scroll","background-type":"","background-media":"","overlay-type":"","overlay-color":"","overlay-opacity":"","overlay-gradient":""},"mobile":{"background-color":"var(--ast-global-color-5)","background-image":"","background-repeat":"repeat","background-position":"center center","background-size":"auto","background-attachment":"scroll","background-type":"","background-media":"","overlay-type":"","overlay-color":"","overlay-opacity":"","overlay-gradient":""}}},"product_brand":[],"product_cat":[2838,2839,2846,2847],"product_tag":[],"class_list":{"0":"post-273629","1":"product","2":"type-product","3":"status-publish","4":"has-post-thumbnail","6":"product_cat-ehete-valmistamine","7":"product_cat-juveliir","8":"product_cat-poolvaariskividega-ehted","9":"product_cat-siniste-vaariskividega-ehted","10":"desktop-align-center","11":"tablet-align-left","12":"mobile-align-left","13":"ast-product-gallery-layout-horizontal-slider","14":"ast-product-tabs-layout-accordion","15":"ast-qv-on-image","17":"first","18":"onbackorder","19":"taxable","20":"shipping-taxable","21":"purchasable","22":"product-type-simple"},"yoast_head":"<!-- This site is optimized with the Yoast SEO plugin v26.6 - https:\/\/yoast.com\/wordpress\/plugins\/seo\/ -->\n<title>S\u00fcdamekujuline ripats rubelliidi ja teemantidega<\/title>\n<meta name=\"description\" content=\"Romantiline s\u00fcdamekujuline ripats roosa turmaliini Rubelliidi ja teemantidega. Kullassepa erit\u00f6\u00f6 kullast, sertifitseeritud kvaliteet.\" \/>\n<meta name=\"robots\" content=\"index, follow, max-snippet:-1, max-image-preview:large, max-video-preview:-1\" \/>\n<link rel=\"canonical\" href=\"https:\/\/fashiongold.lt\/et\/papuosalas\/rubelliit-roosa-turmaliiniga-ripats-ai-juveliir\/\" \/>\n<meta property=\"og:locale\" content=\"et_EE\" \/>\n<meta property=\"og:type\" content=\"article\" \/>\n<meta property=\"og:title\" content=\"S\u00fcdamekujuline ripats rubelliidi ja teemantidega\" \/>\n<meta property=\"og:description\" content=\"Romantiline s\u00fcdamekujuline ripats roosa turmaliini Rubelliidi ja teemantidega. Kullassepa erit\u00f6\u00f6 kullast, sertifitseeritud kvaliteet.\" \/>\n<meta property=\"og:url\" content=\"https:\/\/fashiongold.lt\/et\/papuosalas\/rubelliit-roosa-turmaliiniga-ripats-ai-juveliir\/\" \/>\n<meta property=\"og:site_name\" content=\"FashionGold.lt\" \/>\n<meta property=\"og:image\" content=\"https:\/\/fashiongold.lt\/wp-content\/uploads\/2025\/12\/Eskizas-balto-aukso-pakabukas-su-roziniu-turmalinu.webp\" \/>\n\t<meta property=\"og:image:width\" content=\"1536\" \/>\n\t<meta property=\"og:image:height\" content=\"1024\" \/>\n\t<meta property=\"og:image:type\" content=\"image\/png\" \/>\n<meta name=\"twitter:card\" content=\"summary_large_image\" \/>\n<meta name=\"twitter:label1\" content=\"Est. reading time\" \/>\n\t<meta name=\"twitter:data1\" content=\"3 minutit\" \/>\n<script type=\"application\/ld+json\" class=\"yoast-schema-graph\">{\"@context\":\"https:\/\/schema.org\",\"@graph\":[{\"@type\":\"WebPage\",\"@id\":\"https:\/\/fashiongold.lt\/et\/papuosalas\/rubelliit-roosa-turmaliiniga-ripats-ai-juveliir\/\",\"url\":\"https:\/\/fashiongold.lt\/et\/papuosalas\/rubelliit-roosa-turmaliiniga-ripats-ai-juveliir\/\",\"name\":\"S\u00fcdamekujuline ripats rubelliidi ja teemantidega\",\"isPartOf\":{\"@id\":\"https:\/\/fashiongold.lt\/et\/#website\"},\"primaryImageOfPage\":{\"@id\":\"https:\/\/fashiongold.lt\/et\/papuosalas\/rubelliit-roosa-turmaliiniga-ripats-ai-juveliir\/#primaryimage\"},\"image\":{\"@id\":\"https:\/\/fashiongold.lt\/et\/papuosalas\/rubelliit-roosa-turmaliiniga-ripats-ai-juveliir\/#primaryimage\"},\"thumbnailUrl\":\"https:\/\/fashiongold.lt\/wp-content\/uploads\/2025\/12\/Eskizas-balto-aukso-pakabukas-su-roziniu-turmalinu.png\",\"datePublished\":\"2025-12-28T07:39:39+00:00\",\"description\":\"Romantiline s\u00fcdamekujuline ripats roosa turmaliini Rubelliidi ja teemantidega. Kullassepa erit\u00f6\u00f6 kullast, sertifitseeritud kvaliteet.\",\"breadcrumb\":{\"@id\":\"https:\/\/fashiongold.lt\/et\/papuosalas\/rubelliit-roosa-turmaliiniga-ripats-ai-juveliir\/#breadcrumb\"},\"inLanguage\":\"et\",\"potentialAction\":[{\"@type\":\"ReadAction\",\"target\":[\"https:\/\/fashiongold.lt\/et\/papuosalas\/rubelliit-roosa-turmaliiniga-ripats-ai-juveliir\/\"]}]},{\"@type\":\"ImageObject\",\"inLanguage\":\"et\",\"@id\":\"https:\/\/fashiongold.lt\/et\/papuosalas\/rubelliit-roosa-turmaliiniga-ripats-ai-juveliir\/#primaryimage\",\"url\":\"https:\/\/fashiongold.lt\/wp-content\/uploads\/2025\/12\/Eskizas-balto-aukso-pakabukas-su-roziniu-turmalinu.png\",\"contentUrl\":\"https:\/\/fashiongold.lt\/wp-content\/uploads\/2025\/12\/Eskizas-balto-aukso-pakabukas-su-roziniu-turmalinu.png\",\"width\":1536,\"height\":1024,\"caption\":\"Eskizas balto aukso pakabukas su roz\u030ciniu turmalinu\"},{\"@type\":\"BreadcrumbList\",\"@id\":\"https:\/\/fashiongold.lt\/et\/papuosalas\/rubelliit-roosa-turmaliiniga-ripats-ai-juveliir\/#breadcrumb\",\"itemListElement\":[{\"@type\":\"ListItem\",\"position\":1,\"name\":\"Home\",\"item\":\"https:\/\/fashiongold.lt\/et\/\"},{\"@type\":\"ListItem\",\"position\":2,\"name\":\"Teemantide pood Fashiongold.lt\",\"item\":\"https:\/\/fashiongold.lt\/shop-2\/\"},{\"@type\":\"ListItem\",\"position\":3,\"name\":\"Rubelliit &#8211; roosa turmaliiniga ripats. AI Juveliir\"}]},{\"@type\":\"WebSite\",\"@id\":\"https:\/\/fashiongold.lt\/et\/#website\",\"url\":\"https:\/\/fashiongold.lt\/et\/\",\"name\":\"Fashion Gold\",\"description\":\"Juvelyrikos namai\",\"publisher\":{\"@id\":\"https:\/\/fashiongold.lt\/et\/#organization\"},\"potentialAction\":[{\"@type\":\"SearchAction\",\"target\":{\"@type\":\"EntryPoint\",\"urlTemplate\":\"https:\/\/fashiongold.lt\/et\/?s={search_term_string}\"},\"query-input\":{\"@type\":\"PropertyValueSpecification\",\"valueRequired\":true,\"valueName\":\"search_term_string\"}}],\"inLanguage\":\"et\"},{\"@type\":\"Organization\",\"@id\":\"https:\/\/fashiongold.lt\/et\/#organization\",\"name\":\"Topdiamonds Online\",\"url\":\"https:\/\/fashiongold.lt\/et\/\",\"logo\":{\"@type\":\"ImageObject\",\"inLanguage\":\"et\",\"@id\":\"https:\/\/fashiongold.lt\/et\/#\/schema\/logo\/image\/\",\"url\":\"https:\/\/fashiongold.lt\/wp-content\/uploads\/2025\/04\/cropped-fashion_gold_logotipas2-scaled-1.png\",\"contentUrl\":\"https:\/\/fashiongold.lt\/wp-content\/uploads\/2025\/04\/cropped-fashion_gold_logotipas2-scaled-1.png\",\"width\":2559,\"height\":421,\"caption\":\"Topdiamonds Online\"},\"image\":{\"@id\":\"https:\/\/fashiongold.lt\/et\/#\/schema\/logo\/image\/\"}}]}<\/script>\n<!-- \/ Yoast SEO plugin. -->","yoast_head_json":{"title":"S\u00fcdamekujuline ripats rubelliidi ja teemantidega","description":"Romantiline s\u00fcdamekujuline ripats roosa turmaliini Rubelliidi ja teemantidega. Kullassepa erit\u00f6\u00f6 kullast, sertifitseeritud kvaliteet.","robots":{"index":"index","follow":"follow","max-snippet":"max-snippet:-1","max-image-preview":"max-image-preview:large","max-video-preview":"max-video-preview:-1"},"canonical":"https:\/\/fashiongold.lt\/et\/papuosalas\/rubelliit-roosa-turmaliiniga-ripats-ai-juveliir\/","og_locale":"et_EE","og_type":"article","og_title":"S\u00fcdamekujuline ripats rubelliidi ja teemantidega","og_description":"Romantiline s\u00fcdamekujuline ripats roosa turmaliini Rubelliidi ja teemantidega. Kullassepa erit\u00f6\u00f6 kullast, sertifitseeritud kvaliteet.","og_url":"https:\/\/fashiongold.lt\/et\/papuosalas\/rubelliit-roosa-turmaliiniga-ripats-ai-juveliir\/","og_site_name":"FashionGold.lt","og_image":[{"width":1536,"height":1024,"url":"https:\/\/fashiongold.lt\/wp-content\/uploads\/2025\/12\/Eskizas-balto-aukso-pakabukas-su-roziniu-turmalinu.webp","type":"image\/png"}],"twitter_card":"summary_large_image","twitter_misc":{"Est. reading time":"3 minutit"},"schema":{"@context":"https:\/\/schema.org","@graph":[{"@type":"WebPage","@id":"https:\/\/fashiongold.lt\/et\/papuosalas\/rubelliit-roosa-turmaliiniga-ripats-ai-juveliir\/","url":"https:\/\/fashiongold.lt\/et\/papuosalas\/rubelliit-roosa-turmaliiniga-ripats-ai-juveliir\/","name":"S\u00fcdamekujuline ripats rubelliidi ja teemantidega","isPartOf":{"@id":"https:\/\/fashiongold.lt\/et\/#website"},"primaryImageOfPage":{"@id":"https:\/\/fashiongold.lt\/et\/papuosalas\/rubelliit-roosa-turmaliiniga-ripats-ai-juveliir\/#primaryimage"},"image":{"@id":"https:\/\/fashiongold.lt\/et\/papuosalas\/rubelliit-roosa-turmaliiniga-ripats-ai-juveliir\/#primaryimage"},"thumbnailUrl":"https:\/\/fashiongold.lt\/wp-content\/uploads\/2025\/12\/Eskizas-balto-aukso-pakabukas-su-roziniu-turmalinu.png","datePublished":"2025-12-28T07:39:39+00:00","description":"Romantiline s\u00fcdamekujuline ripats roosa turmaliini Rubelliidi ja teemantidega. Kullassepa erit\u00f6\u00f6 kullast, sertifitseeritud kvaliteet.","breadcrumb":{"@id":"https:\/\/fashiongold.lt\/et\/papuosalas\/rubelliit-roosa-turmaliiniga-ripats-ai-juveliir\/#breadcrumb"},"inLanguage":"et","potentialAction":[{"@type":"ReadAction","target":["https:\/\/fashiongold.lt\/et\/papuosalas\/rubelliit-roosa-turmaliiniga-ripats-ai-juveliir\/"]}]},{"@type":"ImageObject","inLanguage":"et","@id":"https:\/\/fashiongold.lt\/et\/papuosalas\/rubelliit-roosa-turmaliiniga-ripats-ai-juveliir\/#primaryimage","url":"https:\/\/fashiongold.lt\/wp-content\/uploads\/2025\/12\/Eskizas-balto-aukso-pakabukas-su-roziniu-turmalinu.png","contentUrl":"https:\/\/fashiongold.lt\/wp-content\/uploads\/2025\/12\/Eskizas-balto-aukso-pakabukas-su-roziniu-turmalinu.png","width":1536,"height":1024,"caption":"Eskizas balto aukso pakabukas su roz\u030ciniu turmalinu"},{"@type":"BreadcrumbList","@id":"https:\/\/fashiongold.lt\/et\/papuosalas\/rubelliit-roosa-turmaliiniga-ripats-ai-juveliir\/#breadcrumb","itemListElement":[{"@type":"ListItem","position":1,"name":"Home","item":"https:\/\/fashiongold.lt\/et\/"},{"@type":"ListItem","position":2,"name":"Teemantide pood Fashiongold.lt","item":"https:\/\/fashiongold.lt\/shop-2\/"},{"@type":"ListItem","position":3,"name":"Rubelliit &#8211; roosa turmaliiniga ripats. AI Juveliir"}]},{"@type":"WebSite","@id":"https:\/\/fashiongold.lt\/et\/#website","url":"https:\/\/fashiongold.lt\/et\/","name":"Fashion Gold","description":"Juvelyrikos namai","publisher":{"@id":"https:\/\/fashiongold.lt\/et\/#organization"},"potentialAction":[{"@type":"SearchAction","target":{"@type":"EntryPoint","urlTemplate":"https:\/\/fashiongold.lt\/et\/?s={search_term_string}"},"query-input":{"@type":"PropertyValueSpecification","valueRequired":true,"valueName":"search_term_string"}}],"inLanguage":"et"},{"@type":"Organization","@id":"https:\/\/fashiongold.lt\/et\/#organization","name":"Topdiamonds Online","url":"https:\/\/fashiongold.lt\/et\/","logo":{"@type":"ImageObject","inLanguage":"et","@id":"https:\/\/fashiongold.lt\/et\/#\/schema\/logo\/image\/","url":"https:\/\/fashiongold.lt\/wp-content\/uploads\/2025\/04\/cropped-fashion_gold_logotipas2-scaled-1.png","contentUrl":"https:\/\/fashiongold.lt\/wp-content\/uploads\/2025\/04\/cropped-fashion_gold_logotipas2-scaled-1.png","width":2559,"height":421,"caption":"Topdiamonds Online"},"image":{"@id":"https:\/\/fashiongold.lt\/et\/#\/schema\/logo\/image\/"}}]}},"_links":{"self":[{"href":"https:\/\/fashiongold.lt\/et\/wp-json\/wp\/v2\/product\/273629","targetHints":{"allow":["GET"]}}],"collection":[{"href":"https:\/\/fashiongold.lt\/et\/wp-json\/wp\/v2\/product"}],"about":[{"href":"https:\/\/fashiongold.lt\/et\/wp-json\/wp\/v2\/types\/product"}],"version-history":[{"count":0,"href":"https:\/\/fashiongold.lt\/et\/wp-json\/wp\/v2\/product\/273629\/revisions"}],"wp:featuredmedia":[{"embeddable":true,"href":"https:\/\/fashiongold.lt\/et\/wp-json\/wp\/v2\/media\/265561"}],"wp:attachment":[{"href":"https:\/\/fashiongold.lt\/et\/wp-json\/wp\/v2\/media?parent=273629"}],"wp:term":[{"taxonomy":"product_brand","embeddable":true,"href":"https:\/\/fashiongold.lt\/et\/wp-json\/wp\/v2\/product_brand?post=273629"},{"taxonomy":"product_cat","embeddable":true,"href":"https:\/\/fashiongold.lt\/et\/wp-json\/wp\/v2\/product_cat?post=273629"},{"taxonomy":"product_tag","embeddable":true,"href":"https:\/\/fashiongold.lt\/et\/wp-json\/wp\/v2\/product_tag?post=273629"}],"curies":[{"name":"wp","href":"https:\/\/api.w.org\/{rel}","templated":true}]}}