{"id":273647,"date":"2025-12-21T20:39:39","date_gmt":"2025-12-21T20:39:39","guid":{"rendered":"https:\/\/fashiongold.lt\/papuosalas\/tsitriin-tsitriinide-ja-teemantidega-korvarongad-ai-juveliir\/"},"modified":"2025-12-21T20:39:39","modified_gmt":"2025-12-21T20:39:39","slug":"tsitriin-tsitriinide-ja-teemantidega-korvarongad-ai-juveliir","status":"publish","type":"product","link":"https:\/\/fashiongold.lt\/et\/papuosalas\/tsitriin-tsitriinide-ja-teemantidega-korvarongad-ai-juveliir\/","title":{"rendered":"Tsitriin &#8211; Tsitriinide ja teemantidega k\u00f5rvar\u00f5ngad. AI Juveliir"},"content":{"rendered":"<h3>AI Juveliir: tsitriinidega k\u00f5rvar\u00f5ngad \u2013 valmistamine eritellimusel<\/h3>\n<p data-start=\"175\" data-end=\"494\">Tsitriiniga k\u00f5rvar\u00f5ngad on juveliiri loodud ja valmistatud eriprojekt, kus iga detail on l\u00e4bi m\u00f5eldud vastavalt valitud v\u00e4\u00e4riskivile \u2013 tsitriinile. See ei ole seeriatoode \u2013 see on t\u00f5eline ehtekunst, mis algab ideest ja l\u00f5peb k\u00e4sitsi valmistatud ainulaadsete k\u00f5rvar\u00f5ngastega.<\/p>\n<p data-start=\"496\" data-end=\"918\">K\u00f5rvar\u00f5ngaste projekteerimisel hindab juveliir esmalt tsitriini omadusi \u2013 selle v\u00e4rvi, puhtust, kuju ja proportsioone. Just konkreetse tsitriini j\u00e4rgi luuakse kogu disain: k\u00f5rvar\u00f5ngaste kuju, krooni k\u00f5rgus, halo-teemantide paigutus, \u00fcldised proportsioonid ja tasakaal. Iga k\u00f5rvar\u00f5ngapaar n\u00f5uab eriti hoolikat ja professionaalset t\u00f6\u00f6d, et saavutada t\u00e4iuslik esteetika, mugavuse ja vastupidavuse kombinatsioon.<\/p>\n<p data-start=\"920\" data-end=\"996\">K\u00f5rvar\u00f5ngad valmistatakse eritellimusel, seega saame kohandada:<\/p>\n<ul data-start=\"997\" data-end=\"1252\">\n<li data-start=\"997\" data-end=\"1056\">\n<p data-start=\"999\" data-end=\"1056\">mis tahes kullav\u00e4rvi (valget, kollast v\u00f5i punast),<\/p>\n<\/li>\n<li data-start=\"1057\" data-end=\"1103\">\n<p data-start=\"1059\" data-end=\"1103\">valitud kulla <a href=\"https:\/\/fashiongold.lt\/et\/patarimai-et\/kulla-proov-ehetele-kuidas-valida-oiget\/\">proovi<\/a> \u2013 585 v\u00f5i 750,<\/p>\n<\/li>\n<li data-start=\"1104\" data-end=\"1152\">\n<p data-start=\"1106\" data-end=\"1152\">teemantide erinevat suurust ja nende paigutust,<\/p>\n<\/li>\n<li data-start=\"1153\" data-end=\"1252\">\n<p data-start=\"1155\" data-end=\"1252\">tsitriini individuaalset varjundit \u2013 \u00f5rnkollasest kuni s\u00fcgava Madeira v\u00f5i \u0161ampanjatoonini.<\/p>\n<\/li>\n<\/ul>\n<p data-start=\"1254\" data-end=\"1449\">Valides k\u00f5rvar\u00f5ngaid eriprojekti j\u00e4rgi, on k\u00f5ige olulisem see, mis vastab teie isiksusele, stiilile ja eluviisile. Sellisest ehtest saab mitte ainult elegantne detail, vaid ka pikaajaline v\u00e4\u00e4rtus.<\/p>\n<p data-start=\"1451\" data-end=\"1862\">Selles mudelis on valitud halo-disain, mis r\u00f5hutab delikaatselt tsitriini s\u00e4ra ning annab k\u00f5rvar\u00f5ngastele t\u00e4iendavat luksust ja erakordsust. V\u00e4ikesed teemandid raamivad elegantselt keskmist kivi, tugevdades valguse m\u00e4ngu, ning v\u00e4\u00e4riskivi ise \u2013 tsitriin \u2013 muutub peamiseks aktsendiks. Erakordsete v\u00e4\u00e4riskivide seas tasub mainida ka aleksandriiti, mis on tuntud oma v\u00f5ime poolest v\u00e4rvi muuta.<\/p>\n<p data-start=\"1864\" data-end=\"2015\">K\u00f5ik k\u00f5rvar\u00f5ngad ja muud ehted on valmistatud Leedus ning neil on Leedu proovikoja sertifikaadid, mis tagavad kvaliteedi ja metallide autentsuse.<\/p>\n<p data-start=\"2017\" data-end=\"2283\">See on juveliiri <a href=\"https:\/\/fashiongold.lt\/et\/patarimai-et\/juveliir-kui-teie-unistus-saab-kulla-kuju\/\">valmistatud<\/a> eritellimusel p\u00f5hinev projekt neile, kes otsivad enamat kui lihtsalt k\u00f5rvar\u00f5ngaid \u2013 see on kullast, teemantidest ja tsitriinist loodud isiklik lugu. K\u00f5ik sellised k\u00f5rvar\u00f5ngad on ainulaadsed, loodud just teile ja teie valitud v\u00e4\u00e4riskivile.<\/p>\n<h4>Meie teenused<\/h4>\n<p>Pakume <a href=\"https:\/\/fashiongold.lt\/et\/kategorija\/ehete-valmistamine\/\" target=\"_self\" rel=\"noopener noreferrer\">individuaalset disaini, kus iga ehe luuakse teie ideede ja visiooni j\u00e4rgi<\/a>. Teostame ka restaureerimist, et teie hinnalised ehted s\u00e4raksid taas nagu uued. Iga meie looming ei ole ainult ehe, vaid ka teie isiksuse peegeldus. Iga meie t\u00f6\u00f6 on t\u00f5estus sellest, et kvaliteet ja loovus saavad k\u00e4ia k\u00e4sik\u00e4es.<\/p>\n<h4>Avatus ja garantii<\/h4>\n<p>Meie l\u00e4henemine on avatus ja siiras suhtlus iga kliendiga. Esimesest konsultatsioonist kuni valmis ehte k\u00e4ttesaamiseni oleme teie k\u00f5rval, et aidata k\u00f5igis k\u00fcsimustes. Anname k\u00f5igile oma toodetele 5-aastase kvaliteedigarantii, seega v\u00f5ite olla kindlad nende usaldusv\u00e4\u00e4rsuses ja vastupidavuses. Meie garantii h\u00f5lmab k\u00f5iki tootmiskvaliteedi aspekte, et saaksite nautida oma ehteid muretult aastaid. Hoolitseme selle eest, et iga meie klient tunneks end kindlalt ja teaks, et meie ehted on usaldust v\u00e4\u00e4rt.<\/p>\n<h4>Tellimused ja konsultatsioonid<\/h4>\n<p>Kui soovite tellida individuaalset ehet v\u00f5i konsulteerida oma ideede osas, on meie meeskond alati valmis teid aitama. Konsultatsiooni k\u00e4igus arutame teie visiooni ja soove ning pakume parimaid lahendusi, et valmistada teie ootustele vastavad ehted. P\u00f6\u00f6rame igale tellimusele erilist t\u00e4helepanu, mist\u00f5ttu saame pakkuda individuaalseid lahendusi nii kihlas\u00f5rmuste kui ka muude ehete puhul. Ehete valmistamine v\u00f5tab tavaliselt aega umbes 5 n\u00e4dalat, kuid p\u00fc\u00fcame alati, et teie ehted saaksid valmis nii kiiresti kui v\u00f5imalik. V\u00f5tke meiega \u00fchendust \u2013 loome koos ehted, millest saab osa teie loost.<\/p>\n","protected":false},"excerpt":{"rendered":"<p>AI Juveliir: tsitriinidega k\u00f5rvar\u00f5ngad \u2013 valmistamine eritellimusel Tsitriiniga k\u00f5rvar\u00f5ngad on juveliiri loodud ja valmistatud eriprojekt, kus iga detail on l\u00e4bi [&hellip;]<\/p>\n","protected":false},"featured_media":264780,"template":"","meta":{"site-sidebar-layout":"default","site-content-layout":"","ast-site-content-layout":"default","site-content-style":"default","site-sidebar-style":"default","ast-global-header-display":"","ast-banner-title-visibility":"","ast-main-header-display":"","ast-hfb-above-header-display":"","ast-hfb-below-header-display":"","ast-hfb-mobile-header-display":"","site-post-title":"","ast-breadcrumbs-content":"","ast-featured-img":"","footer-sml-layout":"","ast-disable-related-posts":"","theme-transparent-header-meta":"default","adv-header-id-meta":"","stick-header-meta":"","header-above-stick-meta":"","header-main-stick-meta":"","header-below-stick-meta":"","astra-migrate-meta-layouts":"default","ast-page-background-enabled":"default","ast-page-background-meta":{"desktop":{"background-color":"var(--ast-global-color-4)","background-image":"","background-repeat":"repeat","background-position":"center center","background-size":"auto","background-attachment":"scroll","background-type":"","background-media":"","overlay-type":"","overlay-color":"","overlay-opacity":"","overlay-gradient":""},"tablet":{"background-color":"","background-image":"","background-repeat":"repeat","background-position":"center center","background-size":"auto","background-attachment":"scroll","background-type":"","background-media":"","overlay-type":"","overlay-color":"","overlay-opacity":"","overlay-gradient":""},"mobile":{"background-color":"","background-image":"","background-repeat":"repeat","background-position":"center center","background-size":"auto","background-attachment":"scroll","background-type":"","background-media":"","overlay-type":"","overlay-color":"","overlay-opacity":"","overlay-gradient":""}},"ast-content-background-meta":{"desktop":{"background-color":"var(--ast-global-color-5)","background-image":"","background-repeat":"repeat","background-position":"center center","background-size":"auto","background-attachment":"scroll","background-type":"","background-media":"","overlay-type":"","overlay-color":"","overlay-opacity":"","overlay-gradient":""},"tablet":{"background-color":"var(--ast-global-color-5)","background-image":"","background-repeat":"repeat","background-position":"center center","background-size":"auto","background-attachment":"scroll","background-type":"","background-media":"","overlay-type":"","overlay-color":"","overlay-opacity":"","overlay-gradient":""},"mobile":{"background-color":"var(--ast-global-color-5)","background-image":"","background-repeat":"repeat","background-position":"center center","background-size":"auto","background-attachment":"scroll","background-type":"","background-media":"","overlay-type":"","overlay-color":"","overlay-opacity":"","overlay-gradient":""}}},"product_brand":[],"product_cat":[2838,2839],"product_tag":[],"class_list":{"0":"post-273647","1":"product","2":"type-product","3":"status-publish","4":"has-post-thumbnail","6":"product_cat-ehete-valmistamine","7":"product_cat-juveliir","8":"desktop-align-center","9":"tablet-align-left","10":"mobile-align-left","11":"ast-product-gallery-layout-horizontal-slider","12":"ast-product-tabs-layout-accordion","13":"ast-qv-on-image","15":"first","16":"onbackorder","17":"taxable","18":"shipping-taxable","19":"purchasable","20":"product-type-simple"},"yoast_head":"<!-- This site is optimized with the Yoast SEO plugin v26.6 - https:\/\/yoast.com\/wordpress\/plugins\/seo\/ -->\n<title>Juveliir: Eksklusiivsed ehted teile<\/title>\n<meta name=\"description\" content=\"Avastage unikaalseid ehteid, mis peegeldavad suurep\u00e4raselt Teie stiili. Sukelduge juveelikunsti maailma ja leidke oma eriline v\u00e4\u00e4riskivi \u2013 tsitriin!\" \/>\n<meta name=\"robots\" content=\"index, follow, max-snippet:-1, max-image-preview:large, max-video-preview:-1\" \/>\n<link rel=\"canonical\" href=\"https:\/\/fashiongold.lt\/et\/papuosalas\/tsitriin-tsitriinide-ja-teemantidega-korvarongad-ai-juveliir\/\" \/>\n<meta property=\"og:locale\" content=\"et_EE\" \/>\n<meta property=\"og:type\" content=\"article\" \/>\n<meta property=\"og:title\" content=\"Juveliir: Eksklusiivsed ehted teile\" \/>\n<meta property=\"og:description\" content=\"Avastage unikaalseid ehteid, mis peegeldavad suurep\u00e4raselt Teie stiili. Sukelduge juveelikunsti maailma ja leidke oma eriline v\u00e4\u00e4riskivi \u2013 tsitriin!\" \/>\n<meta property=\"og:url\" content=\"https:\/\/fashiongold.lt\/et\/papuosalas\/tsitriin-tsitriinide-ja-teemantidega-korvarongad-ai-juveliir\/\" \/>\n<meta property=\"og:site_name\" content=\"FashionGold.lt\" \/>\n<meta property=\"og:image\" content=\"https:\/\/fashiongold.lt\/wp-content\/uploads\/2025\/12\/Juvelyro-eskizas-auskarai-su-citrinais-ir-deimantais-1024x683.png\" \/>\n\t<meta property=\"og:image:width\" content=\"1024\" \/>\n\t<meta property=\"og:image:height\" content=\"683\" \/>\n\t<meta property=\"og:image:type\" content=\"image\/png\" \/>\n<meta name=\"twitter:card\" content=\"summary_large_image\" \/>\n<meta name=\"twitter:label1\" content=\"Est. reading time\" \/>\n\t<meta name=\"twitter:data1\" content=\"3 minutit\" \/>\n<script type=\"application\/ld+json\" class=\"yoast-schema-graph\">{\"@context\":\"https:\/\/schema.org\",\"@graph\":[{\"@type\":\"WebPage\",\"@id\":\"https:\/\/fashiongold.lt\/et\/papuosalas\/tsitriin-tsitriinide-ja-teemantidega-korvarongad-ai-juveliir\/\",\"url\":\"https:\/\/fashiongold.lt\/et\/papuosalas\/tsitriin-tsitriinide-ja-teemantidega-korvarongad-ai-juveliir\/\",\"name\":\"Juveliir: Eksklusiivsed ehted teile\",\"isPartOf\":{\"@id\":\"https:\/\/fashiongold.lt\/et\/#website\"},\"primaryImageOfPage\":{\"@id\":\"https:\/\/fashiongold.lt\/et\/papuosalas\/tsitriin-tsitriinide-ja-teemantidega-korvarongad-ai-juveliir\/#primaryimage\"},\"image\":{\"@id\":\"https:\/\/fashiongold.lt\/et\/papuosalas\/tsitriin-tsitriinide-ja-teemantidega-korvarongad-ai-juveliir\/#primaryimage\"},\"thumbnailUrl\":\"https:\/\/fashiongold.lt\/wp-content\/uploads\/2025\/12\/Juvelyro-eskizas-auskarai-su-citrinais-ir-deimantais.png\",\"datePublished\":\"2025-12-21T20:39:39+00:00\",\"description\":\"Avastage unikaalseid ehteid, mis peegeldavad suurep\u00e4raselt Teie stiili. Sukelduge juveelikunsti maailma ja leidke oma eriline v\u00e4\u00e4riskivi \u2013 tsitriin!\",\"breadcrumb\":{\"@id\":\"https:\/\/fashiongold.lt\/et\/papuosalas\/tsitriin-tsitriinide-ja-teemantidega-korvarongad-ai-juveliir\/#breadcrumb\"},\"inLanguage\":\"et\",\"potentialAction\":[{\"@type\":\"ReadAction\",\"target\":[\"https:\/\/fashiongold.lt\/et\/papuosalas\/tsitriin-tsitriinide-ja-teemantidega-korvarongad-ai-juveliir\/\"]}]},{\"@type\":\"ImageObject\",\"inLanguage\":\"et\",\"@id\":\"https:\/\/fashiongold.lt\/et\/papuosalas\/tsitriin-tsitriinide-ja-teemantidega-korvarongad-ai-juveliir\/#primaryimage\",\"url\":\"https:\/\/fashiongold.lt\/wp-content\/uploads\/2025\/12\/Juvelyro-eskizas-auskarai-su-citrinais-ir-deimantais.png\",\"contentUrl\":\"https:\/\/fashiongold.lt\/wp-content\/uploads\/2025\/12\/Juvelyro-eskizas-auskarai-su-citrinais-ir-deimantais.png\",\"width\":1536,\"height\":1024,\"caption\":\"Juvelyro eskizas, auskarai su apvaliais citrinais centre, deimant\u0173 apvadas aplink, vinukai.\"},{\"@type\":\"BreadcrumbList\",\"@id\":\"https:\/\/fashiongold.lt\/et\/papuosalas\/tsitriin-tsitriinide-ja-teemantidega-korvarongad-ai-juveliir\/#breadcrumb\",\"itemListElement\":[{\"@type\":\"ListItem\",\"position\":1,\"name\":\"Home\",\"item\":\"https:\/\/fashiongold.lt\/et\/\"},{\"@type\":\"ListItem\",\"position\":2,\"name\":\"Teemantide pood Fashiongold.lt\",\"item\":\"https:\/\/fashiongold.lt\/shop-2\/\"},{\"@type\":\"ListItem\",\"position\":3,\"name\":\"Tsitriin &#8211; Tsitriinide ja teemantidega k\u00f5rvar\u00f5ngad. AI Juveliir\"}]},{\"@type\":\"WebSite\",\"@id\":\"https:\/\/fashiongold.lt\/et\/#website\",\"url\":\"https:\/\/fashiongold.lt\/et\/\",\"name\":\"Fashion Gold\",\"description\":\"Juvelyrikos namai\",\"publisher\":{\"@id\":\"https:\/\/fashiongold.lt\/et\/#organization\"},\"potentialAction\":[{\"@type\":\"SearchAction\",\"target\":{\"@type\":\"EntryPoint\",\"urlTemplate\":\"https:\/\/fashiongold.lt\/et\/?s={search_term_string}\"},\"query-input\":{\"@type\":\"PropertyValueSpecification\",\"valueRequired\":true,\"valueName\":\"search_term_string\"}}],\"inLanguage\":\"et\"},{\"@type\":\"Organization\",\"@id\":\"https:\/\/fashiongold.lt\/et\/#organization\",\"name\":\"Topdiamonds Online\",\"url\":\"https:\/\/fashiongold.lt\/et\/\",\"logo\":{\"@type\":\"ImageObject\",\"inLanguage\":\"et\",\"@id\":\"https:\/\/fashiongold.lt\/et\/#\/schema\/logo\/image\/\",\"url\":\"https:\/\/fashiongold.lt\/wp-content\/uploads\/2025\/04\/cropped-fashion_gold_logotipas2-scaled-1.png\",\"contentUrl\":\"https:\/\/fashiongold.lt\/wp-content\/uploads\/2025\/04\/cropped-fashion_gold_logotipas2-scaled-1.png\",\"width\":2559,\"height\":421,\"caption\":\"Topdiamonds Online\"},\"image\":{\"@id\":\"https:\/\/fashiongold.lt\/et\/#\/schema\/logo\/image\/\"}}]}<\/script>\n<!-- \/ Yoast SEO plugin. -->","yoast_head_json":{"title":"Juveliir: Eksklusiivsed ehted teile","description":"Avastage unikaalseid ehteid, mis peegeldavad suurep\u00e4raselt Teie stiili. Sukelduge juveelikunsti maailma ja leidke oma eriline v\u00e4\u00e4riskivi \u2013 tsitriin!","robots":{"index":"index","follow":"follow","max-snippet":"max-snippet:-1","max-image-preview":"max-image-preview:large","max-video-preview":"max-video-preview:-1"},"canonical":"https:\/\/fashiongold.lt\/et\/papuosalas\/tsitriin-tsitriinide-ja-teemantidega-korvarongad-ai-juveliir\/","og_locale":"et_EE","og_type":"article","og_title":"Juveliir: Eksklusiivsed ehted teile","og_description":"Avastage unikaalseid ehteid, mis peegeldavad suurep\u00e4raselt Teie stiili. Sukelduge juveelikunsti maailma ja leidke oma eriline v\u00e4\u00e4riskivi \u2013 tsitriin!","og_url":"https:\/\/fashiongold.lt\/et\/papuosalas\/tsitriin-tsitriinide-ja-teemantidega-korvarongad-ai-juveliir\/","og_site_name":"FashionGold.lt","og_image":[{"width":1024,"height":683,"url":"https:\/\/fashiongold.lt\/wp-content\/uploads\/2025\/12\/Juvelyro-eskizas-auskarai-su-citrinais-ir-deimantais-1024x683.png","type":"image\/png"}],"twitter_card":"summary_large_image","twitter_misc":{"Est. reading time":"3 minutit"},"schema":{"@context":"https:\/\/schema.org","@graph":[{"@type":"WebPage","@id":"https:\/\/fashiongold.lt\/et\/papuosalas\/tsitriin-tsitriinide-ja-teemantidega-korvarongad-ai-juveliir\/","url":"https:\/\/fashiongold.lt\/et\/papuosalas\/tsitriin-tsitriinide-ja-teemantidega-korvarongad-ai-juveliir\/","name":"Juveliir: Eksklusiivsed ehted teile","isPartOf":{"@id":"https:\/\/fashiongold.lt\/et\/#website"},"primaryImageOfPage":{"@id":"https:\/\/fashiongold.lt\/et\/papuosalas\/tsitriin-tsitriinide-ja-teemantidega-korvarongad-ai-juveliir\/#primaryimage"},"image":{"@id":"https:\/\/fashiongold.lt\/et\/papuosalas\/tsitriin-tsitriinide-ja-teemantidega-korvarongad-ai-juveliir\/#primaryimage"},"thumbnailUrl":"https:\/\/fashiongold.lt\/wp-content\/uploads\/2025\/12\/Juvelyro-eskizas-auskarai-su-citrinais-ir-deimantais.png","datePublished":"2025-12-21T20:39:39+00:00","description":"Avastage unikaalseid ehteid, mis peegeldavad suurep\u00e4raselt Teie stiili. Sukelduge juveelikunsti maailma ja leidke oma eriline v\u00e4\u00e4riskivi \u2013 tsitriin!","breadcrumb":{"@id":"https:\/\/fashiongold.lt\/et\/papuosalas\/tsitriin-tsitriinide-ja-teemantidega-korvarongad-ai-juveliir\/#breadcrumb"},"inLanguage":"et","potentialAction":[{"@type":"ReadAction","target":["https:\/\/fashiongold.lt\/et\/papuosalas\/tsitriin-tsitriinide-ja-teemantidega-korvarongad-ai-juveliir\/"]}]},{"@type":"ImageObject","inLanguage":"et","@id":"https:\/\/fashiongold.lt\/et\/papuosalas\/tsitriin-tsitriinide-ja-teemantidega-korvarongad-ai-juveliir\/#primaryimage","url":"https:\/\/fashiongold.lt\/wp-content\/uploads\/2025\/12\/Juvelyro-eskizas-auskarai-su-citrinais-ir-deimantais.png","contentUrl":"https:\/\/fashiongold.lt\/wp-content\/uploads\/2025\/12\/Juvelyro-eskizas-auskarai-su-citrinais-ir-deimantais.png","width":1536,"height":1024,"caption":"Juvelyro eskizas, auskarai su apvaliais citrinais centre, deimant\u0173 apvadas aplink, vinukai."},{"@type":"BreadcrumbList","@id":"https:\/\/fashiongold.lt\/et\/papuosalas\/tsitriin-tsitriinide-ja-teemantidega-korvarongad-ai-juveliir\/#breadcrumb","itemListElement":[{"@type":"ListItem","position":1,"name":"Home","item":"https:\/\/fashiongold.lt\/et\/"},{"@type":"ListItem","position":2,"name":"Teemantide pood Fashiongold.lt","item":"https:\/\/fashiongold.lt\/shop-2\/"},{"@type":"ListItem","position":3,"name":"Tsitriin &#8211; Tsitriinide ja teemantidega k\u00f5rvar\u00f5ngad. AI Juveliir"}]},{"@type":"WebSite","@id":"https:\/\/fashiongold.lt\/et\/#website","url":"https:\/\/fashiongold.lt\/et\/","name":"Fashion Gold","description":"Juvelyrikos namai","publisher":{"@id":"https:\/\/fashiongold.lt\/et\/#organization"},"potentialAction":[{"@type":"SearchAction","target":{"@type":"EntryPoint","urlTemplate":"https:\/\/fashiongold.lt\/et\/?s={search_term_string}"},"query-input":{"@type":"PropertyValueSpecification","valueRequired":true,"valueName":"search_term_string"}}],"inLanguage":"et"},{"@type":"Organization","@id":"https:\/\/fashiongold.lt\/et\/#organization","name":"Topdiamonds Online","url":"https:\/\/fashiongold.lt\/et\/","logo":{"@type":"ImageObject","inLanguage":"et","@id":"https:\/\/fashiongold.lt\/et\/#\/schema\/logo\/image\/","url":"https:\/\/fashiongold.lt\/wp-content\/uploads\/2025\/04\/cropped-fashion_gold_logotipas2-scaled-1.png","contentUrl":"https:\/\/fashiongold.lt\/wp-content\/uploads\/2025\/04\/cropped-fashion_gold_logotipas2-scaled-1.png","width":2559,"height":421,"caption":"Topdiamonds Online"},"image":{"@id":"https:\/\/fashiongold.lt\/et\/#\/schema\/logo\/image\/"}}]}},"_links":{"self":[{"href":"https:\/\/fashiongold.lt\/et\/wp-json\/wp\/v2\/product\/273647","targetHints":{"allow":["GET"]}}],"collection":[{"href":"https:\/\/fashiongold.lt\/et\/wp-json\/wp\/v2\/product"}],"about":[{"href":"https:\/\/fashiongold.lt\/et\/wp-json\/wp\/v2\/types\/product"}],"version-history":[{"count":0,"href":"https:\/\/fashiongold.lt\/et\/wp-json\/wp\/v2\/product\/273647\/revisions"}],"wp:featuredmedia":[{"embeddable":true,"href":"https:\/\/fashiongold.lt\/et\/wp-json\/wp\/v2\/media\/264780"}],"wp:attachment":[{"href":"https:\/\/fashiongold.lt\/et\/wp-json\/wp\/v2\/media?parent=273647"}],"wp:term":[{"taxonomy":"product_brand","embeddable":true,"href":"https:\/\/fashiongold.lt\/et\/wp-json\/wp\/v2\/product_brand?post=273647"},{"taxonomy":"product_cat","embeddable":true,"href":"https:\/\/fashiongold.lt\/et\/wp-json\/wp\/v2\/product_cat?post=273647"},{"taxonomy":"product_tag","embeddable":true,"href":"https:\/\/fashiongold.lt\/et\/wp-json\/wp\/v2\/product_tag?post=273647"}],"curies":[{"name":"wp","href":"https:\/\/api.w.org\/{rel}","templated":true}]}}