{"id":273735,"date":"2025-11-26T18:41:52","date_gmt":"2025-11-26T18:41:52","guid":{"rendered":"https:\/\/fashiongold.lt\/papuosalas\/0-50-ct-teemant-varvus-g-rw-puhtus-vvs1-2\/"},"modified":"2025-11-26T18:41:52","modified_gmt":"2025-11-26T18:41:52","slug":"0-50-ct-teemant-varvus-g-rw-puhtus-vvs1-2","status":"publish","type":"product","link":"https:\/\/fashiongold.lt\/et\/papuosalas\/0-50-ct-teemant-varvus-g-rw-puhtus-vvs1-2\/","title":{"rendered":"0.50 ct Teemant \u2013 V\u00e4rvus G (RW), Puhtus VVS1"},"content":{"rendered":"<div class=\"elementor-element elementor-element-10e2271 elementor-widget elementor-widget-woocommerce-product-short-description\" data-id=\"10e2271\" data-element_type=\"widget\" data-widget_type=\"woocommerce-product-short-description.default\">\n<div class=\"elementor-widget-container\">\n<div class=\"woocommerce-product-details__short-description\">\n<div class=\"elementor-element elementor-element-10e2271 elementor-widget elementor-widget-woocommerce-product-short-description\" data-id=\"10e2271\" data-element_type=\"widget\" data-widget_type=\"woocommerce-product-short-description.default\">\n<div class=\"elementor-widget-container\">\n<div class=\"woocommerce-product-details__short-description\">\n<p>Suurep\u00e4rane \u00fcmar teemant: sukelduge maailma, kus kohtuvad luksus ja s\u00e4ra.<\/p>\n<\/div>\n<\/div>\n<\/div>\n<div class=\"elementor-element elementor-element-5fc13b1 elementor-widget elementor-widget-woocommerce-product-content\" data-id=\"5fc13b1\" data-element_type=\"widget\" data-widget_type=\"woocommerce-product-content.default\">\n<div class=\"elementor-widget-container\">\n<h4>INFO TEEMANDI KOHTA:<\/h4>\n<ul>\n<li>Kivi: Looduslik teemant (briljant)<\/li>\n<li>Kivi kuju: \u00dcmar (57 fassetti)<\/li>\n<li>Kivi kaal: 0.50 ct<\/li>\n<li>Kivi suurus: 5.10X5.12X3.15 mm<\/li>\n<li>Kivi v\u00e4rvus: G (RW)<\/li>\n<li>Kivi puhtus: VVS1<\/li>\n<li>Sertifikaat (laboratoorium): HRD, mis tagab teemandi kvaliteedi<\/li>\n<li>Tasuta pakendamine<\/li>\n<\/ul>\n<h2 data-pm-slice=\"1 1 []\">Teemantidest<\/h2>\n<p>Teemandid on \u00fched maailma v\u00e4\u00e4rtuslikumad ja haruldasemad v\u00e4\u00e4riskivid, mille ilu ja unikaalsus on lummand inimesi juba tuhandeid aastaid. V\u00e4\u00e4riskivi on looduslik mineraal, millel on erakordne ilu, haruldus ja v\u00e4\u00e4rtus ning teemanti peetakse \u00fcheks k\u00f5ige v\u00e4\u00e4rtuslikumaks v\u00e4\u00e4riskiviks selle eriliste omaduste ja s\u00fcmboolse t\u00e4henduse t\u00f5ttu. Looduslikud teemandid tekivad s\u00fcsinikust ja m\u00f5nikord on nendes grafiidi lisandeid, mis v\u00f5ivad m\u00f5jutada nende puhtust ja v\u00e4rvust. L\u00e4bipaistev teemant on k\u00f5rgeima kvaliteedi tunnus. Mis m\u00e4\u00e4rab teemandi v\u00e4\u00e4rtuse? See on selle puhtus, v\u00e4rvus, lihv ja kaal. Teemant on \u00fcks haruldasemaid mineraale, seega on looduslikud teemandid unikaalsed ja turul v\u00e4ga haruldased. Looduslikud teemandid erinevad laboriteemantidest oma p\u00e4ritolu ja v\u00e4\u00e4rtuse poolest.<\/p>\n<p>Teemant on iidsetest aegadest peale tuntud kui luksuse s\u00fcmbol. Inimesed valivad teemandi investeeringuks v\u00f5i kingituseks selle erilise v\u00e4\u00e4rtuse, vastupidavuse ja s\u00fcmboolse t\u00e4henduse t\u00f5ttu. Neid hinnatakse nende k\u00f5vaduse, s\u00e4ra ja valguse peegeldamise v\u00f5ime t\u00f5ttu. Seet\u00f5ttu kasutatakse teemante mitte ainult ehetes, vaid ka t\u00f6\u00f6stuses, kus on vaja erilist vastupidavust. Selleks, et teemant peegeldaks valgust ja s\u00e4tendaks, on vajalik kvaliteetne lihvimine. Teemant on etalon, mille j\u00e4rgi hinnatakse k\u00f5iki teisi v\u00e4\u00e4riskive ja kristalle. Oma harulduse, eriliste omaduste ja v\u00f5rratu s\u00e4ra t\u00f5ttu peetakse teemante t\u00f5eliseks luksuse ja igaviku s\u00fcmboliks kogu maailmas. Nende s\u00e4ra s\u00f5ltub v\u00f5imest peegeldada valguskiiri, mist\u00f5ttu valguse peegeldumine on \u00fcks olulisemaid teemandi k\u00fctkestavuse n\u00e4itajaid.<\/p>\n<h2>Teemandi omadused<\/h2>\n<p>Teemandi omadused s\u00f5ltuvad selle keemilisest koostisest, unikaalsest kristallstruktuurist ja kujust. Teemandi kuju ja lihv m\u00e4\u00e4ravad selle ilu, valguse hajumise ning s\u00e4deluse \u2013 just nendest omadustest s\u00f5ltub, kui t\u00f5husalt teemant valgust peegeldab ja s\u00e4rab. Samuti s\u00f5ltub teemantide kvaliteet lisandite hulgast. Teemandil on neli v\u00f5imalikku l\u00f5henemissuunda, seega, kuigi see on k\u00f5ige k\u00f5vem mineraal, v\u00f5ib see puruneda. Lisaks on teemant \u00fcks maailma haruldasemaid mineraale, millel on erilised f\u00fc\u00fcsikalised ja keemilised omadused. Teemante iseloomustab eriline l\u00e4bipaistvus ja s\u00e4ra, mis ilmneb kivi professionaalse t\u00f6\u00f6tlemise tulemusena, sest just valguse peegeldumine ja hajumine m\u00e4\u00e4ravad nende erakordse l\u00e4ike. Nende k\u00f5vadus, mis on Mohsi skaalal 10, tagab, et teemant on kriimustuskindel ja p\u00fcsib laitmatuna aastaid.<\/p>\n<p>Teemante saab kasutada mitte ainult ehetena, vaid ka energia tugevdamise vahendina \u2013 arvatakse, et kantav teemant tugevdab inimese energiav\u00e4lja, aitab m\u00f5ista oma eesm\u00e4rki ja saatust ning annab sisemist j\u00f5udu. Nende omaduste t\u00f5ttu hinnatakse teemante mitte ainult ilu, vaid ka nende s\u00fcmboolse ja vaimse t\u00e4henduse p\u00e4rast.<\/p>\n<\/div>\n<\/div>\n<\/div>\n<\/div>\n<\/div>\n","protected":false},"excerpt":{"rendered":"<p>Suurep\u00e4rane \u00fcmar teemant: sukelduge maailma, kus kohtuvad luksus ja s\u00e4ra. INFO TEEMANDI KOHTA: Kivi: Looduslik teemant (briljant) Kivi kuju: \u00dcmar [&hellip;]<\/p>\n","protected":false},"featured_media":264268,"template":"","meta":{"site-sidebar-layout":"default","site-content-layout":"","ast-site-content-layout":"default","site-content-style":"default","site-sidebar-style":"default","ast-global-header-display":"","ast-banner-title-visibility":"","ast-main-header-display":"","ast-hfb-above-header-display":"","ast-hfb-below-header-display":"","ast-hfb-mobile-header-display":"","site-post-title":"","ast-breadcrumbs-content":"","ast-featured-img":"","footer-sml-layout":"","ast-disable-related-posts":"","theme-transparent-header-meta":"default","adv-header-id-meta":"","stick-header-meta":"","header-above-stick-meta":"","header-main-stick-meta":"","header-below-stick-meta":"","astra-migrate-meta-layouts":"default","ast-page-background-enabled":"default","ast-page-background-meta":{"desktop":{"background-color":"var(--ast-global-color-4)","background-image":"","background-repeat":"repeat","background-position":"center center","background-size":"auto","background-attachment":"scroll","background-type":"","background-media":"","overlay-type":"","overlay-color":"","overlay-opacity":"","overlay-gradient":""},"tablet":{"background-color":"","background-image":"","background-repeat":"repeat","background-position":"center center","background-size":"auto","background-attachment":"scroll","background-type":"","background-media":"","overlay-type":"","overlay-color":"","overlay-opacity":"","overlay-gradient":""},"mobile":{"background-color":"","background-image":"","background-repeat":"repeat","background-position":"center center","background-size":"auto","background-attachment":"scroll","background-type":"","background-media":"","overlay-type":"","overlay-color":"","overlay-opacity":"","overlay-gradient":""}},"ast-content-background-meta":{"desktop":{"background-color":"var(--ast-global-color-5)","background-image":"","background-repeat":"repeat","background-position":"center center","background-size":"auto","background-attachment":"scroll","background-type":"","background-media":"","overlay-type":"","overlay-color":"","overlay-opacity":"","overlay-gradient":""},"tablet":{"background-color":"var(--ast-global-color-5)","background-image":"","background-repeat":"repeat","background-position":"center center","background-size":"auto","background-attachment":"scroll","background-type":"","background-media":"","overlay-type":"","overlay-color":"","overlay-opacity":"","overlay-gradient":""},"mobile":{"background-color":"var(--ast-global-color-5)","background-image":"","background-repeat":"repeat","background-position":"center center","background-size":"auto","background-attachment":"scroll","background-type":"","background-media":"","overlay-type":"","overlay-color":"","overlay-opacity":"","overlay-gradient":""}}},"product_brand":[],"product_cat":[3387,3389],"product_tag":[],"class_list":{"0":"post-273735","1":"product","2":"type-product","3":"status-publish","4":"has-post-thumbnail","6":"product_cat-eripakkumine-teemandid-ja-tootmine","7":"product_cat-looduslikud-teemandid-briljandid-alates-030-karaadist","8":"desktop-align-center","9":"tablet-align-left","10":"mobile-align-left","11":"ast-product-gallery-layout-horizontal-slider","12":"ast-product-tabs-layout-accordion","13":"ast-qv-on-image","15":"first","16":"instock","17":"sale","18":"taxable","19":"shipping-taxable","20":"purchasable","21":"product-type-simple"},"yoast_head":"<!-- This site is optimized with the Yoast SEO plugin v26.6 - https:\/\/yoast.com\/wordpress\/plugins\/seo\/ -->\n<title>0.50 ct Teemant \u2013 V\u00e4rvus G (RW), Puhtus VVS1<\/title>\n<meta name=\"description\" content=\"0,50 ct teemant \u2013 v\u00e4rv G (RW), puhtus VVS1. Ideaalne kvaliteet \u2013 3EX, ilma fluorestsentsita. T\u00e4iuslik valik teie s\u00f5rmuse jaoks.\" \/>\n<meta name=\"robots\" content=\"index, follow, max-snippet:-1, max-image-preview:large, max-video-preview:-1\" \/>\n<link rel=\"canonical\" href=\"https:\/\/fashiongold.lt\/et\/papuosalas\/0-50-ct-teemant-varvus-g-rw-puhtus-vvs1-2\/\" \/>\n<meta property=\"og:locale\" content=\"et_EE\" \/>\n<meta property=\"og:type\" content=\"article\" \/>\n<meta property=\"og:title\" content=\"0.50 ct Teemant \u2013 V\u00e4rvus G (RW), Puhtus VVS1\" \/>\n<meta property=\"og:description\" content=\"0,50 ct teemant \u2013 v\u00e4rv G (RW), puhtus VVS1. Ideaalne kvaliteet \u2013 3EX, ilma fluorestsentsita. T\u00e4iuslik valik teie s\u00f5rmuse jaoks.\" \/>\n<meta property=\"og:url\" content=\"https:\/\/fashiongold.lt\/et\/papuosalas\/0-50-ct-teemant-varvus-g-rw-puhtus-vvs1-2\/\" \/>\n<meta property=\"og:site_name\" content=\"FashionGold.lt\" \/>\n<meta property=\"og:image\" content=\"https:\/\/fashiongold.lt\/wp-content\/uploads\/2025\/11\/0.50-ct-Deimantas-GIF-Nuostabus-apvalios-formos-deimantas.webp\" \/>\n\t<meta property=\"og:image:width\" content=\"1000\" \/>\n\t<meta property=\"og:image:height\" content=\"1000\" \/>\n\t<meta property=\"og:image:type\" content=\"image\/png\" \/>\n<meta name=\"twitter:card\" content=\"summary_large_image\" \/>\n<meta name=\"twitter:label1\" content=\"Est. reading time\" \/>\n\t<meta name=\"twitter:data1\" content=\"2 minutit\" \/>\n<script type=\"application\/ld+json\" class=\"yoast-schema-graph\">{\"@context\":\"https:\/\/schema.org\",\"@graph\":[{\"@type\":\"WebPage\",\"@id\":\"https:\/\/fashiongold.lt\/et\/papuosalas\/0-50-ct-teemant-varvus-g-rw-puhtus-vvs1-2\/\",\"url\":\"https:\/\/fashiongold.lt\/et\/papuosalas\/0-50-ct-teemant-varvus-g-rw-puhtus-vvs1-2\/\",\"name\":\"0.50 ct Teemant \u2013 V\u00e4rvus G (RW), Puhtus VVS1\",\"isPartOf\":{\"@id\":\"https:\/\/fashiongold.lt\/et\/#website\"},\"primaryImageOfPage\":{\"@id\":\"https:\/\/fashiongold.lt\/et\/papuosalas\/0-50-ct-teemant-varvus-g-rw-puhtus-vvs1-2\/#primaryimage\"},\"image\":{\"@id\":\"https:\/\/fashiongold.lt\/et\/papuosalas\/0-50-ct-teemant-varvus-g-rw-puhtus-vvs1-2\/#primaryimage\"},\"thumbnailUrl\":\"https:\/\/fashiongold.lt\/wp-content\/uploads\/2025\/11\/0.50-ct-Deimantas-GIF-Nuostabus-apvalios-formos-deimantas.png\",\"datePublished\":\"2025-11-26T18:41:52+00:00\",\"description\":\"0,50 ct teemant \u2013 v\u00e4rv G (RW), puhtus VVS1. Ideaalne kvaliteet \u2013 3EX, ilma fluorestsentsita. T\u00e4iuslik valik teie s\u00f5rmuse jaoks.\",\"breadcrumb\":{\"@id\":\"https:\/\/fashiongold.lt\/et\/papuosalas\/0-50-ct-teemant-varvus-g-rw-puhtus-vvs1-2\/#breadcrumb\"},\"inLanguage\":\"et\",\"potentialAction\":[{\"@type\":\"ReadAction\",\"target\":[\"https:\/\/fashiongold.lt\/et\/papuosalas\/0-50-ct-teemant-varvus-g-rw-puhtus-vvs1-2\/\"]}]},{\"@type\":\"ImageObject\",\"inLanguage\":\"et\",\"@id\":\"https:\/\/fashiongold.lt\/et\/papuosalas\/0-50-ct-teemant-varvus-g-rw-puhtus-vvs1-2\/#primaryimage\",\"url\":\"https:\/\/fashiongold.lt\/wp-content\/uploads\/2025\/11\/0.50-ct-Deimantas-GIF-Nuostabus-apvalios-formos-deimantas.png\",\"contentUrl\":\"https:\/\/fashiongold.lt\/wp-content\/uploads\/2025\/11\/0.50-ct-Deimantas-GIF-Nuostabus-apvalios-formos-deimantas.png\",\"width\":1000,\"height\":1000,\"caption\":\"0.32-ct-Deimantas-F\/VSS2-Nuostabus-apvalios-formos-deimantas\"},{\"@type\":\"BreadcrumbList\",\"@id\":\"https:\/\/fashiongold.lt\/et\/papuosalas\/0-50-ct-teemant-varvus-g-rw-puhtus-vvs1-2\/#breadcrumb\",\"itemListElement\":[{\"@type\":\"ListItem\",\"position\":1,\"name\":\"Home\",\"item\":\"https:\/\/fashiongold.lt\/et\/\"},{\"@type\":\"ListItem\",\"position\":2,\"name\":\"Teemantide pood Fashiongold.lt\",\"item\":\"https:\/\/fashiongold.lt\/shop-2\/\"},{\"@type\":\"ListItem\",\"position\":3,\"name\":\"0.50 ct Teemant \u2013 V\u00e4rvus G (RW), Puhtus VVS1\"}]},{\"@type\":\"WebSite\",\"@id\":\"https:\/\/fashiongold.lt\/et\/#website\",\"url\":\"https:\/\/fashiongold.lt\/et\/\",\"name\":\"Fashion Gold\",\"description\":\"Juvelyrikos namai\",\"publisher\":{\"@id\":\"https:\/\/fashiongold.lt\/et\/#organization\"},\"potentialAction\":[{\"@type\":\"SearchAction\",\"target\":{\"@type\":\"EntryPoint\",\"urlTemplate\":\"https:\/\/fashiongold.lt\/et\/?s={search_term_string}\"},\"query-input\":{\"@type\":\"PropertyValueSpecification\",\"valueRequired\":true,\"valueName\":\"search_term_string\"}}],\"inLanguage\":\"et\"},{\"@type\":\"Organization\",\"@id\":\"https:\/\/fashiongold.lt\/et\/#organization\",\"name\":\"Topdiamonds Online\",\"url\":\"https:\/\/fashiongold.lt\/et\/\",\"logo\":{\"@type\":\"ImageObject\",\"inLanguage\":\"et\",\"@id\":\"https:\/\/fashiongold.lt\/et\/#\/schema\/logo\/image\/\",\"url\":\"https:\/\/fashiongold.lt\/wp-content\/uploads\/2025\/04\/cropped-fashion_gold_logotipas2-scaled-1.png\",\"contentUrl\":\"https:\/\/fashiongold.lt\/wp-content\/uploads\/2025\/04\/cropped-fashion_gold_logotipas2-scaled-1.png\",\"width\":2559,\"height\":421,\"caption\":\"Topdiamonds Online\"},\"image\":{\"@id\":\"https:\/\/fashiongold.lt\/et\/#\/schema\/logo\/image\/\"}}]}<\/script>\n<!-- \/ Yoast SEO plugin. -->","yoast_head_json":{"title":"0.50 ct Teemant \u2013 V\u00e4rvus G (RW), Puhtus VVS1","description":"0,50 ct teemant \u2013 v\u00e4rv G (RW), puhtus VVS1. Ideaalne kvaliteet \u2013 3EX, ilma fluorestsentsita. T\u00e4iuslik valik teie s\u00f5rmuse jaoks.","robots":{"index":"index","follow":"follow","max-snippet":"max-snippet:-1","max-image-preview":"max-image-preview:large","max-video-preview":"max-video-preview:-1"},"canonical":"https:\/\/fashiongold.lt\/et\/papuosalas\/0-50-ct-teemant-varvus-g-rw-puhtus-vvs1-2\/","og_locale":"et_EE","og_type":"article","og_title":"0.50 ct Teemant \u2013 V\u00e4rvus G (RW), Puhtus VVS1","og_description":"0,50 ct teemant \u2013 v\u00e4rv G (RW), puhtus VVS1. Ideaalne kvaliteet \u2013 3EX, ilma fluorestsentsita. T\u00e4iuslik valik teie s\u00f5rmuse jaoks.","og_url":"https:\/\/fashiongold.lt\/et\/papuosalas\/0-50-ct-teemant-varvus-g-rw-puhtus-vvs1-2\/","og_site_name":"FashionGold.lt","og_image":[{"width":1000,"height":1000,"url":"https:\/\/fashiongold.lt\/wp-content\/uploads\/2025\/11\/0.50-ct-Deimantas-GIF-Nuostabus-apvalios-formos-deimantas.webp","type":"image\/png"}],"twitter_card":"summary_large_image","twitter_misc":{"Est. reading time":"2 minutit"},"schema":{"@context":"https:\/\/schema.org","@graph":[{"@type":"WebPage","@id":"https:\/\/fashiongold.lt\/et\/papuosalas\/0-50-ct-teemant-varvus-g-rw-puhtus-vvs1-2\/","url":"https:\/\/fashiongold.lt\/et\/papuosalas\/0-50-ct-teemant-varvus-g-rw-puhtus-vvs1-2\/","name":"0.50 ct Teemant \u2013 V\u00e4rvus G (RW), Puhtus VVS1","isPartOf":{"@id":"https:\/\/fashiongold.lt\/et\/#website"},"primaryImageOfPage":{"@id":"https:\/\/fashiongold.lt\/et\/papuosalas\/0-50-ct-teemant-varvus-g-rw-puhtus-vvs1-2\/#primaryimage"},"image":{"@id":"https:\/\/fashiongold.lt\/et\/papuosalas\/0-50-ct-teemant-varvus-g-rw-puhtus-vvs1-2\/#primaryimage"},"thumbnailUrl":"https:\/\/fashiongold.lt\/wp-content\/uploads\/2025\/11\/0.50-ct-Deimantas-GIF-Nuostabus-apvalios-formos-deimantas.png","datePublished":"2025-11-26T18:41:52+00:00","description":"0,50 ct teemant \u2013 v\u00e4rv G (RW), puhtus VVS1. Ideaalne kvaliteet \u2013 3EX, ilma fluorestsentsita. T\u00e4iuslik valik teie s\u00f5rmuse jaoks.","breadcrumb":{"@id":"https:\/\/fashiongold.lt\/et\/papuosalas\/0-50-ct-teemant-varvus-g-rw-puhtus-vvs1-2\/#breadcrumb"},"inLanguage":"et","potentialAction":[{"@type":"ReadAction","target":["https:\/\/fashiongold.lt\/et\/papuosalas\/0-50-ct-teemant-varvus-g-rw-puhtus-vvs1-2\/"]}]},{"@type":"ImageObject","inLanguage":"et","@id":"https:\/\/fashiongold.lt\/et\/papuosalas\/0-50-ct-teemant-varvus-g-rw-puhtus-vvs1-2\/#primaryimage","url":"https:\/\/fashiongold.lt\/wp-content\/uploads\/2025\/11\/0.50-ct-Deimantas-GIF-Nuostabus-apvalios-formos-deimantas.png","contentUrl":"https:\/\/fashiongold.lt\/wp-content\/uploads\/2025\/11\/0.50-ct-Deimantas-GIF-Nuostabus-apvalios-formos-deimantas.png","width":1000,"height":1000,"caption":"0.32-ct-Deimantas-F\/VSS2-Nuostabus-apvalios-formos-deimantas"},{"@type":"BreadcrumbList","@id":"https:\/\/fashiongold.lt\/et\/papuosalas\/0-50-ct-teemant-varvus-g-rw-puhtus-vvs1-2\/#breadcrumb","itemListElement":[{"@type":"ListItem","position":1,"name":"Home","item":"https:\/\/fashiongold.lt\/et\/"},{"@type":"ListItem","position":2,"name":"Teemantide pood Fashiongold.lt","item":"https:\/\/fashiongold.lt\/shop-2\/"},{"@type":"ListItem","position":3,"name":"0.50 ct Teemant \u2013 V\u00e4rvus G (RW), Puhtus VVS1"}]},{"@type":"WebSite","@id":"https:\/\/fashiongold.lt\/et\/#website","url":"https:\/\/fashiongold.lt\/et\/","name":"Fashion Gold","description":"Juvelyrikos namai","publisher":{"@id":"https:\/\/fashiongold.lt\/et\/#organization"},"potentialAction":[{"@type":"SearchAction","target":{"@type":"EntryPoint","urlTemplate":"https:\/\/fashiongold.lt\/et\/?s={search_term_string}"},"query-input":{"@type":"PropertyValueSpecification","valueRequired":true,"valueName":"search_term_string"}}],"inLanguage":"et"},{"@type":"Organization","@id":"https:\/\/fashiongold.lt\/et\/#organization","name":"Topdiamonds Online","url":"https:\/\/fashiongold.lt\/et\/","logo":{"@type":"ImageObject","inLanguage":"et","@id":"https:\/\/fashiongold.lt\/et\/#\/schema\/logo\/image\/","url":"https:\/\/fashiongold.lt\/wp-content\/uploads\/2025\/04\/cropped-fashion_gold_logotipas2-scaled-1.png","contentUrl":"https:\/\/fashiongold.lt\/wp-content\/uploads\/2025\/04\/cropped-fashion_gold_logotipas2-scaled-1.png","width":2559,"height":421,"caption":"Topdiamonds Online"},"image":{"@id":"https:\/\/fashiongold.lt\/et\/#\/schema\/logo\/image\/"}}]}},"_links":{"self":[{"href":"https:\/\/fashiongold.lt\/et\/wp-json\/wp\/v2\/product\/273735","targetHints":{"allow":["GET"]}}],"collection":[{"href":"https:\/\/fashiongold.lt\/et\/wp-json\/wp\/v2\/product"}],"about":[{"href":"https:\/\/fashiongold.lt\/et\/wp-json\/wp\/v2\/types\/product"}],"version-history":[{"count":0,"href":"https:\/\/fashiongold.lt\/et\/wp-json\/wp\/v2\/product\/273735\/revisions"}],"wp:featuredmedia":[{"embeddable":true,"href":"https:\/\/fashiongold.lt\/et\/wp-json\/wp\/v2\/media\/264268"}],"wp:attachment":[{"href":"https:\/\/fashiongold.lt\/et\/wp-json\/wp\/v2\/media?parent=273735"}],"wp:term":[{"taxonomy":"product_brand","embeddable":true,"href":"https:\/\/fashiongold.lt\/et\/wp-json\/wp\/v2\/product_brand?post=273735"},{"taxonomy":"product_cat","embeddable":true,"href":"https:\/\/fashiongold.lt\/et\/wp-json\/wp\/v2\/product_cat?post=273735"},{"taxonomy":"product_tag","embeddable":true,"href":"https:\/\/fashiongold.lt\/et\/wp-json\/wp\/v2\/product_tag?post=273735"}],"curies":[{"name":"wp","href":"https:\/\/api.w.org\/{rel}","templated":true}]}}