{"id":273755,"date":"2025-10-24T04:56:39","date_gmt":"2025-10-24T04:56:39","guid":{"rendered":"https:\/\/fashiongold.lt\/papuosalas\/halo-kihlasormus-rubiini-ja-teemantidega-ummargune-rubiin-070-ct\/"},"modified":"2025-10-24T04:56:39","modified_gmt":"2025-10-24T04:56:39","slug":"halo-kihlasormus-rubiini-ja-teemantidega-ummargune-rubiin-070-ct","status":"publish","type":"product","link":"https:\/\/fashiongold.lt\/et\/papuosalas\/halo-kihlasormus-rubiini-ja-teemantidega-ummargune-rubiin-070-ct\/","title":{"rendered":"Halo kihlas\u00f5rmus rubiini ja teemantidega &#8211; \u00fcmmargune rubiin (0,70 ct)"},"content":{"rendered":"<h2>Kihlas\u00f5rmus rubiini ja teemantidega &#8211; \u00dcmar rubiin (0.70 ct)<\/h2>\n<h3>Halo-t\u00fc\u00fcpi kihlas\u00f5rmus 0,50-karatise rubiini ja teemantidega. Looduslikud teemandid. <span style=\"font-size: 12.87px;\">Tasuta graveerimine. <\/span><\/h3>\n<p>Valmistatud Leedus kvaliteetsetest v\u00e4\u00e4riskividest. Suurep\u00e4rane valik stiilsele naisele. Rubiini maagiline j\u00f5ud &#8211; toimib amuleti v\u00f5i talismanina, andes omanikule tervist, r\u00f5\u00f5mu, heolu, \u00f5nne ja edu. Suurep\u00e4rane pere kaitse ja armastuse talisman. Rubiin sobib J\u00e4\u00e4rale, Kaksikutele, L\u00f5vile, S\u00f5nnile, V\u00e4hile, Skorpionile, Amburile, Kaljukitsele, Veevalajale ja Kaladele.<\/p>\n<p>\u2022 S\u00f5rmuse kuld: 14K (proov 585), saame valmistada ka 10K (proov 375), 18K (proov 750), 950 plaatinast <\/p>\n<p>\u2022 S\u00f5rmuse v\u00e4rvus: valge kuld, punane kuld, kollane kuld <\/p>\n<p>\u2022 S\u00f5rmuse kaal: umbes 2,80\u20133,20 g <\/p>\n<p>\u2022 Teemandi t\u00fc\u00fcp: Looduslik teemant <\/p>\n<p>\u2022 Teemandi kuju: \u00fcmar kuju (Round shape) <\/p>\n<p>\u2022 Teemandi omadused: 0,20 ct, v\u00e4rvus G-H (RW-W); puhtus SI <\/p>\n<p>\u2022 Keskne kivi: rubiin &#8211; 0.50 ct <\/p>\n<p>\u2022 Sertifikaat: Leedu Proovikoda (LPR) <\/p>\n<p>\u2022 S\u00f5rmuse m\u00f5\u00f5tmed: krooni laius &#8211; u 8,50 mm, r\u00f5nga laius &#8211; u 3,60 mm (m\u00f5\u00f5tmed on ligikaudsed ja v\u00f5ivad erineda s\u00f5ltuvalt s\u00f5rmuse suurusest) <\/p>\n<p>\u2022 Tasuta graveerimine <\/p>\n<p>\u2022 \u00dchekordne tasuta s\u00f5rmuse suuruse muutmise garantii (v\u00f5imaluse korral) <\/p>\n<p>\u2022 Valmistamise ja tarne t\u00e4htaeg alates 14 t\u00f6\u00f6p\u00e4evast, kiirtellimusena 3 t\u00f6\u00f6p\u00e4eva jooksul. <\/p>\n<p><strong>Kas teil on oma kulda v\u00f5i v\u00e4\u00e4riskive? V\u00f5tke \u00fchendust, arvutame hinna \u00fcmber \u2013 maksate ainult s\u00f5rmuse valmistamise eest.<\/strong><\/p>\n","protected":false},"excerpt":{"rendered":"<p>Luksuslik Halo disain: \u00fcmmargune rubiin on \u00fcmbritsetud s\u00e4ravate teemantidega, kahe teemantidega kaunistatud reaga s\u00f5rmusev\u00f5ruga. Sobib suurep\u00e4raselt kihlumiseks ja igap\u00e4evaseks kandmiseks, lisades teie stiilile luksust.<\/p>\n","protected":false},"featured_media":256518,"template":"","meta":{"site-sidebar-layout":"","site-content-layout":"","ast-site-content-layout":"","site-content-style":"","site-sidebar-style":"","ast-global-header-display":"","ast-banner-title-visibility":"","ast-main-header-display":"","ast-hfb-above-header-display":"","ast-hfb-below-header-display":"","ast-hfb-mobile-header-display":"","site-post-title":"","ast-breadcrumbs-content":"","ast-featured-img":"","footer-sml-layout":"","ast-disable-related-posts":"","theme-transparent-header-meta":"","adv-header-id-meta":"","stick-header-meta":"","header-above-stick-meta":"","header-main-stick-meta":"","header-below-stick-meta":"","astra-migrate-meta-layouts":"default","ast-page-background-enabled":"default","ast-page-background-meta":{"desktop":{"background-color":"var(--ast-global-color-4)","background-image":"","background-repeat":"repeat","background-position":"center center","background-size":"auto","background-attachment":"scroll","background-type":"","background-media":"","overlay-type":"","overlay-color":"","overlay-opacity":"","overlay-gradient":""},"tablet":{"background-color":"","background-image":"","background-repeat":"repeat","background-position":"center center","background-size":"auto","background-attachment":"scroll","background-type":"","background-media":"","overlay-type":"","overlay-color":"","overlay-opacity":"","overlay-gradient":""},"mobile":{"background-color":"","background-image":"","background-repeat":"repeat","background-position":"center center","background-size":"auto","background-attachment":"scroll","background-type":"","background-media":"","overlay-type":"","overlay-color":"","overlay-opacity":"","overlay-gradient":""}},"ast-content-background-meta":{"desktop":{"background-color":"var(--ast-global-color-5)","background-image":"","background-repeat":"repeat","background-position":"center center","background-size":"auto","background-attachment":"scroll","background-type":"","background-media":"","overlay-type":"","overlay-color":"","overlay-opacity":"","overlay-gradient":""},"tablet":{"background-color":"var(--ast-global-color-5)","background-image":"","background-repeat":"repeat","background-position":"center center","background-size":"auto","background-attachment":"scroll","background-type":"","background-media":"","overlay-type":"","overlay-color":"","overlay-opacity":"","overlay-gradient":""},"mobile":{"background-color":"var(--ast-global-color-5)","background-image":"","background-repeat":"repeat","background-position":"center center","background-size":"auto","background-attachment":"scroll","background-type":"","background-media":"","overlay-type":"","overlay-color":"","overlay-opacity":"","overlay-gradient":""}}},"product_brand":[],"product_cat":[3451,3422,3423,2823,2824,3392,3425,3452,3426,3055,3450,2845,3424],"product_tag":[],"class_list":{"0":"post-273755","1":"product","2":"type-product","3":"status-publish","4":"has-post-thumbnail","6":"product_cat-kihlasormus-rubiiniga","7":"product_cat-kihlasormused","8":"product_cat-kihlasormused-vaariskividega","9":"product_cat-kingitused-lapse-sunni-puhul","10":"product_cat-kingitused-pulma-aastapaeva-puhul","11":"product_cat-kingitused-pulmade-puhul","12":"product_cat-kollasest-kullast-kihlasormused","13":"product_cat-punane-vaariskivi","14":"product_cat-punasest-kullast-kihlasormused","15":"product_cat-punaste-vaariskividega-ehted","16":"product_cat-rubiin-rubiinidega-ehted","17":"product_cat-sobrapaeva-kingitused","18":"product_cat-valgest-kullast-kihlasormused","19":"desktop-align-center","20":"tablet-align-left","21":"mobile-align-left","22":"ast-product-gallery-layout-horizontal-slider","23":"ast-product-gallery-with-no-image","24":"ast-product-single-variable","25":"ast-product-tabs-layout-accordion","26":"ast-qv-on-image","28":"first","29":"instock","30":"taxable","31":"shipping-taxable","32":"purchasable","33":"product-type-variable"},"yoast_head":"<!-- This site is optimized with the Yoast SEO plugin v26.6 - https:\/\/yoast.com\/wordpress\/plugins\/seo\/ -->\n<title>Halo kihlas\u00f5rmus rubiini ja teemantidega - \u00fcmmargune rubiin (0.70 ct)<\/title>\n<meta name=\"description\" content=\"Kihlas\u00f5rmus, \u00fcmara kujuga rubiin \u00fcmbritsetud teemantidega, kaherealise teemantidega kaunistatud v\u00f5ruga. Sobib ideaalselt kihlumiseks ja igap\u00e4evaseks kandmiseks.\" \/>\n<meta name=\"robots\" content=\"index, follow, max-snippet:-1, max-image-preview:large, max-video-preview:-1\" \/>\n<link rel=\"canonical\" href=\"https:\/\/fashiongold.lt\/et\/papuosalas\/halo-kihlasormus-rubiini-ja-teemantidega-ummargune-rubiin-070-ct\/\" \/>\n<meta property=\"og:locale\" content=\"et_EE\" \/>\n<meta property=\"og:type\" content=\"article\" \/>\n<meta property=\"og:title\" content=\"Halo kihlas\u00f5rmus rubiini ja teemantidega - \u00fcmmargune rubiin (0.70 ct)\" \/>\n<meta property=\"og:description\" content=\"Kihlas\u00f5rmus, \u00fcmara kujuga rubiin \u00fcmbritsetud teemantidega, kaherealise teemantidega kaunistatud v\u00f5ruga. Sobib ideaalselt kihlumiseks ja igap\u00e4evaseks kandmiseks.\" \/>\n<meta property=\"og:url\" content=\"https:\/\/fashiongold.lt\/et\/papuosalas\/halo-kihlasormus-rubiini-ja-teemantidega-ummargune-rubiin-070-ct\/\" \/>\n<meta property=\"og:site_name\" content=\"FashionGold.lt\" \/>\n<meta property=\"og:image\" content=\"https:\/\/fashiongold.lt\/wp-content\/uploads\/2025\/10\/23788-e89-Geltono-aukso-Halo-suzadetuviu-ziedas-su-rubinu-ir-deimantais-Apvalus-Rubinas-0.70-ct.webp\" \/>\n\t<meta property=\"og:image:width\" content=\"1000\" \/>\n\t<meta property=\"og:image:height\" content=\"1000\" \/>\n\t<meta property=\"og:image:type\" content=\"image\/png\" \/>\n<meta name=\"twitter:card\" content=\"summary_large_image\" \/>\n<meta name=\"twitter:label1\" content=\"Est. reading time\" \/>\n\t<meta name=\"twitter:data1\" content=\"1 minut\" \/>\n<script type=\"application\/ld+json\" class=\"yoast-schema-graph\">{\"@context\":\"https:\/\/schema.org\",\"@graph\":[{\"@type\":\"WebPage\",\"@id\":\"https:\/\/fashiongold.lt\/et\/papuosalas\/halo-kihlasormus-rubiini-ja-teemantidega-ummargune-rubiin-070-ct\/\",\"url\":\"https:\/\/fashiongold.lt\/et\/papuosalas\/halo-kihlasormus-rubiini-ja-teemantidega-ummargune-rubiin-070-ct\/\",\"name\":\"Halo kihlas\u00f5rmus rubiini ja teemantidega - \u00fcmmargune rubiin (0.70 ct)\",\"isPartOf\":{\"@id\":\"https:\/\/fashiongold.lt\/et\/#website\"},\"primaryImageOfPage\":{\"@id\":\"https:\/\/fashiongold.lt\/et\/papuosalas\/halo-kihlasormus-rubiini-ja-teemantidega-ummargune-rubiin-070-ct\/#primaryimage\"},\"image\":{\"@id\":\"https:\/\/fashiongold.lt\/et\/papuosalas\/halo-kihlasormus-rubiini-ja-teemantidega-ummargune-rubiin-070-ct\/#primaryimage\"},\"thumbnailUrl\":\"https:\/\/fashiongold.lt\/wp-content\/uploads\/2025\/10\/23788-e89-Geltono-aukso-Halo-suzadetuviu-ziedas-su-rubinu-ir-deimantais-Apvalus-Rubinas-0.70-ct.png\",\"datePublished\":\"2025-10-24T04:56:39+00:00\",\"description\":\"Kihlas\u00f5rmus, \u00fcmara kujuga rubiin \u00fcmbritsetud teemantidega, kaherealise teemantidega kaunistatud v\u00f5ruga. Sobib ideaalselt kihlumiseks ja igap\u00e4evaseks kandmiseks.\",\"breadcrumb\":{\"@id\":\"https:\/\/fashiongold.lt\/et\/papuosalas\/halo-kihlasormus-rubiini-ja-teemantidega-ummargune-rubiin-070-ct\/#breadcrumb\"},\"inLanguage\":\"et\",\"potentialAction\":[{\"@type\":\"ReadAction\",\"target\":[\"https:\/\/fashiongold.lt\/et\/papuosalas\/halo-kihlasormus-rubiini-ja-teemantidega-ummargune-rubiin-070-ct\/\"]}]},{\"@type\":\"ImageObject\",\"inLanguage\":\"et\",\"@id\":\"https:\/\/fashiongold.lt\/et\/papuosalas\/halo-kihlasormus-rubiini-ja-teemantidega-ummargune-rubiin-070-ct\/#primaryimage\",\"url\":\"https:\/\/fashiongold.lt\/wp-content\/uploads\/2025\/10\/23788-e89-Geltono-aukso-Halo-suzadetuviu-ziedas-su-rubinu-ir-deimantais-Apvalus-Rubinas-0.70-ct.png\",\"contentUrl\":\"https:\/\/fashiongold.lt\/wp-content\/uploads\/2025\/10\/23788-e89-Geltono-aukso-Halo-suzadetuviu-ziedas-su-rubinu-ir-deimantais-Apvalus-Rubinas-0.70-ct.png\",\"width\":1000,\"height\":1000},{\"@type\":\"BreadcrumbList\",\"@id\":\"https:\/\/fashiongold.lt\/et\/papuosalas\/halo-kihlasormus-rubiini-ja-teemantidega-ummargune-rubiin-070-ct\/#breadcrumb\",\"itemListElement\":[{\"@type\":\"ListItem\",\"position\":1,\"name\":\"Home\",\"item\":\"https:\/\/fashiongold.lt\/et\/\"},{\"@type\":\"ListItem\",\"position\":2,\"name\":\"Teemantide pood Fashiongold.lt\",\"item\":\"https:\/\/fashiongold.lt\/shop-2\/\"},{\"@type\":\"ListItem\",\"position\":3,\"name\":\"Halo kihlas\u00f5rmus rubiini ja teemantidega &#8211; \u00fcmmargune rubiin (0,70 ct)\"}]},{\"@type\":\"WebSite\",\"@id\":\"https:\/\/fashiongold.lt\/et\/#website\",\"url\":\"https:\/\/fashiongold.lt\/et\/\",\"name\":\"Fashion Gold\",\"description\":\"Juvelyrikos namai\",\"publisher\":{\"@id\":\"https:\/\/fashiongold.lt\/et\/#organization\"},\"potentialAction\":[{\"@type\":\"SearchAction\",\"target\":{\"@type\":\"EntryPoint\",\"urlTemplate\":\"https:\/\/fashiongold.lt\/et\/?s={search_term_string}\"},\"query-input\":{\"@type\":\"PropertyValueSpecification\",\"valueRequired\":true,\"valueName\":\"search_term_string\"}}],\"inLanguage\":\"et\"},{\"@type\":\"Organization\",\"@id\":\"https:\/\/fashiongold.lt\/et\/#organization\",\"name\":\"Topdiamonds Online\",\"url\":\"https:\/\/fashiongold.lt\/et\/\",\"logo\":{\"@type\":\"ImageObject\",\"inLanguage\":\"et\",\"@id\":\"https:\/\/fashiongold.lt\/et\/#\/schema\/logo\/image\/\",\"url\":\"https:\/\/fashiongold.lt\/wp-content\/uploads\/2025\/04\/cropped-fashion_gold_logotipas2-scaled-1.png\",\"contentUrl\":\"https:\/\/fashiongold.lt\/wp-content\/uploads\/2025\/04\/cropped-fashion_gold_logotipas2-scaled-1.png\",\"width\":2559,\"height\":421,\"caption\":\"Topdiamonds Online\"},\"image\":{\"@id\":\"https:\/\/fashiongold.lt\/et\/#\/schema\/logo\/image\/\"}}]}<\/script>\n<!-- \/ Yoast SEO plugin. -->","yoast_head_json":{"title":"Halo kihlas\u00f5rmus rubiini ja teemantidega - \u00fcmmargune rubiin (0.70 ct)","description":"Kihlas\u00f5rmus, \u00fcmara kujuga rubiin \u00fcmbritsetud teemantidega, kaherealise teemantidega kaunistatud v\u00f5ruga. Sobib ideaalselt kihlumiseks ja igap\u00e4evaseks kandmiseks.","robots":{"index":"index","follow":"follow","max-snippet":"max-snippet:-1","max-image-preview":"max-image-preview:large","max-video-preview":"max-video-preview:-1"},"canonical":"https:\/\/fashiongold.lt\/et\/papuosalas\/halo-kihlasormus-rubiini-ja-teemantidega-ummargune-rubiin-070-ct\/","og_locale":"et_EE","og_type":"article","og_title":"Halo kihlas\u00f5rmus rubiini ja teemantidega - \u00fcmmargune rubiin (0.70 ct)","og_description":"Kihlas\u00f5rmus, \u00fcmara kujuga rubiin \u00fcmbritsetud teemantidega, kaherealise teemantidega kaunistatud v\u00f5ruga. Sobib ideaalselt kihlumiseks ja igap\u00e4evaseks kandmiseks.","og_url":"https:\/\/fashiongold.lt\/et\/papuosalas\/halo-kihlasormus-rubiini-ja-teemantidega-ummargune-rubiin-070-ct\/","og_site_name":"FashionGold.lt","og_image":[{"width":1000,"height":1000,"url":"https:\/\/fashiongold.lt\/wp-content\/uploads\/2025\/10\/23788-e89-Geltono-aukso-Halo-suzadetuviu-ziedas-su-rubinu-ir-deimantais-Apvalus-Rubinas-0.70-ct.webp","type":"image\/png"}],"twitter_card":"summary_large_image","twitter_misc":{"Est. reading time":"1 minut"},"schema":{"@context":"https:\/\/schema.org","@graph":[{"@type":"WebPage","@id":"https:\/\/fashiongold.lt\/et\/papuosalas\/halo-kihlasormus-rubiini-ja-teemantidega-ummargune-rubiin-070-ct\/","url":"https:\/\/fashiongold.lt\/et\/papuosalas\/halo-kihlasormus-rubiini-ja-teemantidega-ummargune-rubiin-070-ct\/","name":"Halo kihlas\u00f5rmus rubiini ja teemantidega - \u00fcmmargune rubiin (0.70 ct)","isPartOf":{"@id":"https:\/\/fashiongold.lt\/et\/#website"},"primaryImageOfPage":{"@id":"https:\/\/fashiongold.lt\/et\/papuosalas\/halo-kihlasormus-rubiini-ja-teemantidega-ummargune-rubiin-070-ct\/#primaryimage"},"image":{"@id":"https:\/\/fashiongold.lt\/et\/papuosalas\/halo-kihlasormus-rubiini-ja-teemantidega-ummargune-rubiin-070-ct\/#primaryimage"},"thumbnailUrl":"https:\/\/fashiongold.lt\/wp-content\/uploads\/2025\/10\/23788-e89-Geltono-aukso-Halo-suzadetuviu-ziedas-su-rubinu-ir-deimantais-Apvalus-Rubinas-0.70-ct.png","datePublished":"2025-10-24T04:56:39+00:00","description":"Kihlas\u00f5rmus, \u00fcmara kujuga rubiin \u00fcmbritsetud teemantidega, kaherealise teemantidega kaunistatud v\u00f5ruga. Sobib ideaalselt kihlumiseks ja igap\u00e4evaseks kandmiseks.","breadcrumb":{"@id":"https:\/\/fashiongold.lt\/et\/papuosalas\/halo-kihlasormus-rubiini-ja-teemantidega-ummargune-rubiin-070-ct\/#breadcrumb"},"inLanguage":"et","potentialAction":[{"@type":"ReadAction","target":["https:\/\/fashiongold.lt\/et\/papuosalas\/halo-kihlasormus-rubiini-ja-teemantidega-ummargune-rubiin-070-ct\/"]}]},{"@type":"ImageObject","inLanguage":"et","@id":"https:\/\/fashiongold.lt\/et\/papuosalas\/halo-kihlasormus-rubiini-ja-teemantidega-ummargune-rubiin-070-ct\/#primaryimage","url":"https:\/\/fashiongold.lt\/wp-content\/uploads\/2025\/10\/23788-e89-Geltono-aukso-Halo-suzadetuviu-ziedas-su-rubinu-ir-deimantais-Apvalus-Rubinas-0.70-ct.png","contentUrl":"https:\/\/fashiongold.lt\/wp-content\/uploads\/2025\/10\/23788-e89-Geltono-aukso-Halo-suzadetuviu-ziedas-su-rubinu-ir-deimantais-Apvalus-Rubinas-0.70-ct.png","width":1000,"height":1000},{"@type":"BreadcrumbList","@id":"https:\/\/fashiongold.lt\/et\/papuosalas\/halo-kihlasormus-rubiini-ja-teemantidega-ummargune-rubiin-070-ct\/#breadcrumb","itemListElement":[{"@type":"ListItem","position":1,"name":"Home","item":"https:\/\/fashiongold.lt\/et\/"},{"@type":"ListItem","position":2,"name":"Teemantide pood Fashiongold.lt","item":"https:\/\/fashiongold.lt\/shop-2\/"},{"@type":"ListItem","position":3,"name":"Halo kihlas\u00f5rmus rubiini ja teemantidega &#8211; \u00fcmmargune rubiin (0,70 ct)"}]},{"@type":"WebSite","@id":"https:\/\/fashiongold.lt\/et\/#website","url":"https:\/\/fashiongold.lt\/et\/","name":"Fashion Gold","description":"Juvelyrikos namai","publisher":{"@id":"https:\/\/fashiongold.lt\/et\/#organization"},"potentialAction":[{"@type":"SearchAction","target":{"@type":"EntryPoint","urlTemplate":"https:\/\/fashiongold.lt\/et\/?s={search_term_string}"},"query-input":{"@type":"PropertyValueSpecification","valueRequired":true,"valueName":"search_term_string"}}],"inLanguage":"et"},{"@type":"Organization","@id":"https:\/\/fashiongold.lt\/et\/#organization","name":"Topdiamonds Online","url":"https:\/\/fashiongold.lt\/et\/","logo":{"@type":"ImageObject","inLanguage":"et","@id":"https:\/\/fashiongold.lt\/et\/#\/schema\/logo\/image\/","url":"https:\/\/fashiongold.lt\/wp-content\/uploads\/2025\/04\/cropped-fashion_gold_logotipas2-scaled-1.png","contentUrl":"https:\/\/fashiongold.lt\/wp-content\/uploads\/2025\/04\/cropped-fashion_gold_logotipas2-scaled-1.png","width":2559,"height":421,"caption":"Topdiamonds Online"},"image":{"@id":"https:\/\/fashiongold.lt\/et\/#\/schema\/logo\/image\/"}}]}},"_links":{"self":[{"href":"https:\/\/fashiongold.lt\/et\/wp-json\/wp\/v2\/product\/273755","targetHints":{"allow":["GET"]}}],"collection":[{"href":"https:\/\/fashiongold.lt\/et\/wp-json\/wp\/v2\/product"}],"about":[{"href":"https:\/\/fashiongold.lt\/et\/wp-json\/wp\/v2\/types\/product"}],"version-history":[{"count":0,"href":"https:\/\/fashiongold.lt\/et\/wp-json\/wp\/v2\/product\/273755\/revisions"}],"wp:featuredmedia":[{"embeddable":true,"href":"https:\/\/fashiongold.lt\/et\/wp-json\/wp\/v2\/media\/256518"}],"wp:attachment":[{"href":"https:\/\/fashiongold.lt\/et\/wp-json\/wp\/v2\/media?parent=273755"}],"wp:term":[{"taxonomy":"product_brand","embeddable":true,"href":"https:\/\/fashiongold.lt\/et\/wp-json\/wp\/v2\/product_brand?post=273755"},{"taxonomy":"product_cat","embeddable":true,"href":"https:\/\/fashiongold.lt\/et\/wp-json\/wp\/v2\/product_cat?post=273755"},{"taxonomy":"product_tag","embeddable":true,"href":"https:\/\/fashiongold.lt\/et\/wp-json\/wp\/v2\/product_tag?post=273755"}],"curies":[{"name":"wp","href":"https:\/\/api.w.org\/{rel}","templated":true}]}}