{"id":273825,"date":"2025-10-23T09:47:21","date_gmt":"2025-10-23T09:47:21","guid":{"rendered":"https:\/\/fashiongold.lt\/papuosalas\/onne-toov-must-noor-kaevoru-teemandiga-002-ct-minimalistlik-detail-punasest-kullast\/"},"modified":"2025-10-23T09:47:21","modified_gmt":"2025-10-23T09:47:21","slug":"onne-toov-must-noor-kaevoru-teemandiga-002-ct-minimalistlik-detail-punasest-kullast","status":"publish","type":"product","link":"https:\/\/fashiongold.lt\/et\/papuosalas\/onne-toov-must-noor-kaevoru-teemandiga-002-ct-minimalistlik-detail-punasest-kullast\/","title":{"rendered":"\u00d5nne toov must n\u00f6\u00f6r-k\u00e4ev\u00f5ru teemandiga 0,02 ct (minimalistlik detail punasest kullast)"},"content":{"rendered":"<h2 class=\"p1\">\u00d5nne toov must pael-k\u00e4ev\u00f5ru teemandiga 0,02 ct (minimalistlik punase kulla detail)<\/h2>\n<h3 class=\"p1\">Musta paelaga k\u00e4ev\u00f5ru punase kulla detaili ja 0,02-karaatise teemandiga. Looduslik teemant. Pidulik pakend luksuslikus ehtekarbis ja kotis &#8211; TASUTA.<\/h3>\n<p class=\"p1\">Maagiline must pael, mis toob \u00f5nne ja t\u00e4idab soove. Sobib nii meestele, naistele kui ka lastele, n\u00e4iteks ristimise puhul. <span style=\"font-size: 11px;\">Suurus on reguleeritav s\u00f5lmides. K\u00e4ev\u00f5ru kaunistab ja selle eriliseks aktsendiks on 0,02 ct suurune ehtne briljant, mis on asetatud 585 prooviga punase kulla pesasse. Valmistatud Leedus.<\/span><\/p>\n<p class=\"p1\">Musta paela saab valmistada tellimust\u00f6\u00f6na: lisatasu eest k\u00f5rgema kvaliteediga teemantidega. <\/p>\n<p class=\"p1\">\u2022 K\u00e4ev\u00f5ru kulddetaili metall: 14K (proov 585), saame valmistada ka 10K (proov 375), 18K (proov 750), 950 plaatinast <\/p>\n<p class=\"p1\">\u2022 K\u00e4ev\u00f5ru kulddetaili v\u00e4rv: punane kuld, saame valmistada ka kollasest kullast v\u00f5i valgest kullast <\/p>\n<p class=\"p1\">\u2022 K\u00e4ev\u00f5ru kulddetaili kaal (s\u00f5ltub suurusest): umbes 0,15 g &#8211; 0,20 g <\/p>\n<p class=\"p1\">\u2022 K\u00e4ev\u00f5ru kulddetaili m\u00f5\u00f5tmed &#8211; 2 mm, briljandi suurus &#8211; 1,70 mm. <\/p>\n<p class=\"p1\">\u2022 Teemandi t\u00fc\u00fcp: Looduslik teemant <\/p>\n<p class=\"p1\">\u2022 Teemandi kuju: \u00dcmar lihv (Round cut) <\/p>\n<p class=\"p1\">\u2022 Teemandi omadused: 0,02 ct (v\u00e4rvus G-H, puhtus SI) (v\u00f5imalik muuta) <\/p>\n<p class=\"p1\">\u2022 Teemandi sertifikaat: Leedu Proovikoda (LPR) <\/p>\n<p class=\"p1\">\u2022 Pidulik pakend luksuslikus ehtekarbis ja kotis &#8211; TASUTA. <\/p>\n<p class=\"p1\"><strong>On teil oma v\u00e4\u00e4riskivi? V\u00f5tke \u00fchendust, arvutame hinna \u00fcmber \u2013 maksate vaid v\u00e4\u00e4riskivi paigaldamise eest. <\/strong><\/p>\n","protected":false},"excerpt":{"rendered":"<p>Amulett, mis toob \u00f5nne ning t\u00e4idab soove. Maagiline must niit punasest kullast detailiga sobib nii meestele, naistele kui ka lastele. Suurep\u00e4rane valik kingituseks s\u00fcnnip\u00e4evaks, esimeseks armulauaks, ristseteks v\u00f5i muudeks erilisteks puhkudeks. Iga niit on eksklusiivses tasuta pakendis, mis annab erilise ja luksusliku tunde.\u00a0<\/p>\n","protected":false},"featured_media":244016,"template":"","meta":{"site-sidebar-layout":"default","site-content-layout":"","ast-site-content-layout":"default","site-content-style":"default","site-sidebar-style":"default","ast-global-header-display":"","ast-banner-title-visibility":"","ast-main-header-display":"","ast-hfb-above-header-display":"","ast-hfb-below-header-display":"","ast-hfb-mobile-header-display":"","site-post-title":"","ast-breadcrumbs-content":"","ast-featured-img":"","footer-sml-layout":"","ast-disable-related-posts":"","theme-transparent-header-meta":"","adv-header-id-meta":"","stick-header-meta":"","header-above-stick-meta":"","header-main-stick-meta":"","header-below-stick-meta":"","astra-migrate-meta-layouts":"default","ast-page-background-enabled":"default","ast-page-background-meta":{"desktop":{"background-color":"var(--ast-global-color-4)","background-image":"","background-repeat":"repeat","background-position":"center center","background-size":"auto","background-attachment":"scroll","background-type":"","background-media":"","overlay-type":"","overlay-color":"","overlay-opacity":"","overlay-gradient":""},"tablet":{"background-color":"","background-image":"","background-repeat":"repeat","background-position":"center center","background-size":"auto","background-attachment":"scroll","background-type":"","background-media":"","overlay-type":"","overlay-color":"","overlay-opacity":"","overlay-gradient":""},"mobile":{"background-color":"","background-image":"","background-repeat":"repeat","background-position":"center center","background-size":"auto","background-attachment":"scroll","background-type":"","background-media":"","overlay-type":"","overlay-color":"","overlay-opacity":"","overlay-gradient":""}},"ast-content-background-meta":{"desktop":{"background-color":"var(--ast-global-color-5)","background-image":"","background-repeat":"repeat","background-position":"center center","background-size":"auto","background-attachment":"scroll","background-type":"","background-media":"","overlay-type":"","overlay-color":"","overlay-opacity":"","overlay-gradient":""},"tablet":{"background-color":"var(--ast-global-color-5)","background-image":"","background-repeat":"repeat","background-position":"center center","background-size":"auto","background-attachment":"scroll","background-type":"","background-media":"","overlay-type":"","overlay-color":"","overlay-opacity":"","overlay-gradient":""},"mobile":{"background-color":"var(--ast-global-color-5)","background-image":"","background-repeat":"repeat","background-position":"center center","background-size":"auto","background-attachment":"scroll","background-type":"","background-media":"","overlay-type":"","overlay-color":"","overlay-opacity":"","overlay-gradient":""}}},"product_brand":[],"product_cat":[3058,2830,2826,3482,2829,2823,2828,2825,2822,2824,3392,2821,3545,3391,2845,2827],"product_tag":[],"class_list":{"0":"post-273825","1":"product","2":"type-product","3":"status-publish","4":"has-post-thumbnail","6":"product_cat-ehted","7":"product_cat-emadepaeva-kingitused","8":"product_cat-joulukingid","9":"product_cat-kingitus-esimese-armulaua-puhul","10":"product_cat-kingitused-erilisteks-puhkudeks","11":"product_cat-kingitused-lapse-sunni-puhul","12":"product_cat-kingitused-lopetamise-puhul","13":"product_cat-kingitused-meestele","14":"product_cat-kingitused-naistele","15":"product_cat-kingitused-pulma-aastapaeva-puhul","16":"product_cat-kingitused-pulmade-puhul","17":"product_cat-kingitused-sunnipaevaks","18":"product_cat-punasest-longast-kaevorud","19":"product_cat-ristimiskingitused","20":"product_cat-sobrapaeva-kingitused","21":"product_cat-valgest-kullast-ehted","22":"desktop-align-center","23":"tablet-align-left","24":"mobile-align-left","25":"ast-product-gallery-layout-horizontal-slider","26":"ast-product-gallery-with-no-image","27":"ast-product-single-variable","28":"ast-product-tabs-layout-accordion","29":"ast-qv-on-image","31":"first","32":"instock","33":"taxable","34":"shipping-taxable","35":"purchasable","36":"product-type-variable"},"yoast_head":"<!-- This site is optimized with the Yoast SEO plugin v26.6 - https:\/\/yoast.com\/wordpress\/plugins\/seo\/ -->\n<title>Must niit-k\u00e4ev\u00f5ru 0,02 ct teemandiga. Punane kuld<\/title>\n<meta name=\"description\" content=\"Minimalistlik must n\u00f6\u00f6r punasest kullast detaili ja 0,02 ct teemandiga, mis toob \u00f5nne ja t\u00e4idab soove. Sobib meestele ja naistele v\u00f5i lastele, ristimise puhul.\" \/>\n<meta name=\"robots\" content=\"index, follow, max-snippet:-1, max-image-preview:large, max-video-preview:-1\" \/>\n<link rel=\"canonical\" href=\"https:\/\/fashiongold.lt\/et\/papuosalas\/onne-toov-must-noor-kaevoru-teemandiga-002-ct-minimalistlik-detail-punasest-kullast\/\" \/>\n<meta property=\"og:locale\" content=\"et_EE\" \/>\n<meta property=\"og:type\" content=\"article\" \/>\n<meta property=\"og:title\" content=\"Must niit-k\u00e4ev\u00f5ru 0,02 ct teemandiga. Punane kuld\" \/>\n<meta property=\"og:description\" content=\"Minimalistlik must n\u00f6\u00f6r punasest kullast detaili ja 0,02 ct teemandiga, mis toob \u00f5nne ja t\u00e4idab soove. Sobib meestele ja naistele v\u00f5i lastele, ristimise puhul.\" \/>\n<meta property=\"og:url\" content=\"https:\/\/fashiongold.lt\/et\/papuosalas\/onne-toov-must-noor-kaevoru-teemandiga-002-ct-minimalistlik-detail-punasest-kullast\/\" \/>\n<meta property=\"og:site_name\" content=\"FashionGold.lt\" \/>\n<meta property=\"og:image\" content=\"https:\/\/fashiongold.lt\/wp-content\/uploads\/2025\/10\/24037-00c-Laime-nesantis-juodas-siulas-apyranke-su-deimantu-002-ct-minimalistine-raudono-aukso-detale.webp\" \/>\n\t<meta property=\"og:image:width\" content=\"1000\" \/>\n\t<meta property=\"og:image:height\" content=\"1000\" \/>\n\t<meta property=\"og:image:type\" content=\"image\/png\" \/>\n<meta name=\"twitter:card\" content=\"summary_large_image\" \/>\n<meta name=\"twitter:label1\" content=\"Est. reading time\" \/>\n\t<meta name=\"twitter:data1\" content=\"1 minut\" \/>\n<script type=\"application\/ld+json\" class=\"yoast-schema-graph\">{\"@context\":\"https:\/\/schema.org\",\"@graph\":[{\"@type\":\"WebPage\",\"@id\":\"https:\/\/fashiongold.lt\/et\/papuosalas\/onne-toov-must-noor-kaevoru-teemandiga-002-ct-minimalistlik-detail-punasest-kullast\/\",\"url\":\"https:\/\/fashiongold.lt\/et\/papuosalas\/onne-toov-must-noor-kaevoru-teemandiga-002-ct-minimalistlik-detail-punasest-kullast\/\",\"name\":\"Must niit-k\u00e4ev\u00f5ru 0,02 ct teemandiga. Punane kuld\",\"isPartOf\":{\"@id\":\"https:\/\/fashiongold.lt\/et\/#website\"},\"primaryImageOfPage\":{\"@id\":\"https:\/\/fashiongold.lt\/et\/papuosalas\/onne-toov-must-noor-kaevoru-teemandiga-002-ct-minimalistlik-detail-punasest-kullast\/#primaryimage\"},\"image\":{\"@id\":\"https:\/\/fashiongold.lt\/et\/papuosalas\/onne-toov-must-noor-kaevoru-teemandiga-002-ct-minimalistlik-detail-punasest-kullast\/#primaryimage\"},\"thumbnailUrl\":\"https:\/\/fashiongold.lt\/wp-content\/uploads\/2025\/10\/24037-00c-Laime-nesantis-juodas-siulas-apyranke-su-deimantu-002-ct-minimalistine-raudono-aukso-detale.png\",\"datePublished\":\"2025-10-23T09:47:21+00:00\",\"description\":\"Minimalistlik must n\u00f6\u00f6r punasest kullast detaili ja 0,02 ct teemandiga, mis toob \u00f5nne ja t\u00e4idab soove. Sobib meestele ja naistele v\u00f5i lastele, ristimise puhul.\",\"breadcrumb\":{\"@id\":\"https:\/\/fashiongold.lt\/et\/papuosalas\/onne-toov-must-noor-kaevoru-teemandiga-002-ct-minimalistlik-detail-punasest-kullast\/#breadcrumb\"},\"inLanguage\":\"et\",\"potentialAction\":[{\"@type\":\"ReadAction\",\"target\":[\"https:\/\/fashiongold.lt\/et\/papuosalas\/onne-toov-must-noor-kaevoru-teemandiga-002-ct-minimalistlik-detail-punasest-kullast\/\"]}]},{\"@type\":\"ImageObject\",\"inLanguage\":\"et\",\"@id\":\"https:\/\/fashiongold.lt\/et\/papuosalas\/onne-toov-must-noor-kaevoru-teemandiga-002-ct-minimalistlik-detail-punasest-kullast\/#primaryimage\",\"url\":\"https:\/\/fashiongold.lt\/wp-content\/uploads\/2025\/10\/24037-00c-Laime-nesantis-juodas-siulas-apyranke-su-deimantu-002-ct-minimalistine-raudono-aukso-detale.png\",\"contentUrl\":\"https:\/\/fashiongold.lt\/wp-content\/uploads\/2025\/10\/24037-00c-Laime-nesantis-juodas-siulas-apyranke-su-deimantu-002-ct-minimalistine-raudono-aukso-detale.png\",\"width\":1000,\"height\":1000},{\"@type\":\"BreadcrumbList\",\"@id\":\"https:\/\/fashiongold.lt\/et\/papuosalas\/onne-toov-must-noor-kaevoru-teemandiga-002-ct-minimalistlik-detail-punasest-kullast\/#breadcrumb\",\"itemListElement\":[{\"@type\":\"ListItem\",\"position\":1,\"name\":\"Home\",\"item\":\"https:\/\/fashiongold.lt\/et\/\"},{\"@type\":\"ListItem\",\"position\":2,\"name\":\"Teemantide pood Fashiongold.lt\",\"item\":\"https:\/\/fashiongold.lt\/shop-2\/\"},{\"@type\":\"ListItem\",\"position\":3,\"name\":\"\u00d5nne toov must n\u00f6\u00f6r-k\u00e4ev\u00f5ru teemandiga 0,02 ct (minimalistlik detail punasest kullast)\"}]},{\"@type\":\"WebSite\",\"@id\":\"https:\/\/fashiongold.lt\/et\/#website\",\"url\":\"https:\/\/fashiongold.lt\/et\/\",\"name\":\"Fashion Gold\",\"description\":\"Juvelyrikos namai\",\"publisher\":{\"@id\":\"https:\/\/fashiongold.lt\/et\/#organization\"},\"potentialAction\":[{\"@type\":\"SearchAction\",\"target\":{\"@type\":\"EntryPoint\",\"urlTemplate\":\"https:\/\/fashiongold.lt\/et\/?s={search_term_string}\"},\"query-input\":{\"@type\":\"PropertyValueSpecification\",\"valueRequired\":true,\"valueName\":\"search_term_string\"}}],\"inLanguage\":\"et\"},{\"@type\":\"Organization\",\"@id\":\"https:\/\/fashiongold.lt\/et\/#organization\",\"name\":\"Topdiamonds Online\",\"url\":\"https:\/\/fashiongold.lt\/et\/\",\"logo\":{\"@type\":\"ImageObject\",\"inLanguage\":\"et\",\"@id\":\"https:\/\/fashiongold.lt\/et\/#\/schema\/logo\/image\/\",\"url\":\"https:\/\/fashiongold.lt\/wp-content\/uploads\/2025\/04\/cropped-fashion_gold_logotipas2-scaled-1.png\",\"contentUrl\":\"https:\/\/fashiongold.lt\/wp-content\/uploads\/2025\/04\/cropped-fashion_gold_logotipas2-scaled-1.png\",\"width\":2559,\"height\":421,\"caption\":\"Topdiamonds Online\"},\"image\":{\"@id\":\"https:\/\/fashiongold.lt\/et\/#\/schema\/logo\/image\/\"}}]}<\/script>\n<!-- \/ Yoast SEO plugin. -->","yoast_head_json":{"title":"Must niit-k\u00e4ev\u00f5ru 0,02 ct teemandiga. Punane kuld","description":"Minimalistlik must n\u00f6\u00f6r punasest kullast detaili ja 0,02 ct teemandiga, mis toob \u00f5nne ja t\u00e4idab soove. Sobib meestele ja naistele v\u00f5i lastele, ristimise puhul.","robots":{"index":"index","follow":"follow","max-snippet":"max-snippet:-1","max-image-preview":"max-image-preview:large","max-video-preview":"max-video-preview:-1"},"canonical":"https:\/\/fashiongold.lt\/et\/papuosalas\/onne-toov-must-noor-kaevoru-teemandiga-002-ct-minimalistlik-detail-punasest-kullast\/","og_locale":"et_EE","og_type":"article","og_title":"Must niit-k\u00e4ev\u00f5ru 0,02 ct teemandiga. Punane kuld","og_description":"Minimalistlik must n\u00f6\u00f6r punasest kullast detaili ja 0,02 ct teemandiga, mis toob \u00f5nne ja t\u00e4idab soove. Sobib meestele ja naistele v\u00f5i lastele, ristimise puhul.","og_url":"https:\/\/fashiongold.lt\/et\/papuosalas\/onne-toov-must-noor-kaevoru-teemandiga-002-ct-minimalistlik-detail-punasest-kullast\/","og_site_name":"FashionGold.lt","og_image":[{"width":1000,"height":1000,"url":"https:\/\/fashiongold.lt\/wp-content\/uploads\/2025\/10\/24037-00c-Laime-nesantis-juodas-siulas-apyranke-su-deimantu-002-ct-minimalistine-raudono-aukso-detale.webp","type":"image\/png"}],"twitter_card":"summary_large_image","twitter_misc":{"Est. reading time":"1 minut"},"schema":{"@context":"https:\/\/schema.org","@graph":[{"@type":"WebPage","@id":"https:\/\/fashiongold.lt\/et\/papuosalas\/onne-toov-must-noor-kaevoru-teemandiga-002-ct-minimalistlik-detail-punasest-kullast\/","url":"https:\/\/fashiongold.lt\/et\/papuosalas\/onne-toov-must-noor-kaevoru-teemandiga-002-ct-minimalistlik-detail-punasest-kullast\/","name":"Must niit-k\u00e4ev\u00f5ru 0,02 ct teemandiga. Punane kuld","isPartOf":{"@id":"https:\/\/fashiongold.lt\/et\/#website"},"primaryImageOfPage":{"@id":"https:\/\/fashiongold.lt\/et\/papuosalas\/onne-toov-must-noor-kaevoru-teemandiga-002-ct-minimalistlik-detail-punasest-kullast\/#primaryimage"},"image":{"@id":"https:\/\/fashiongold.lt\/et\/papuosalas\/onne-toov-must-noor-kaevoru-teemandiga-002-ct-minimalistlik-detail-punasest-kullast\/#primaryimage"},"thumbnailUrl":"https:\/\/fashiongold.lt\/wp-content\/uploads\/2025\/10\/24037-00c-Laime-nesantis-juodas-siulas-apyranke-su-deimantu-002-ct-minimalistine-raudono-aukso-detale.png","datePublished":"2025-10-23T09:47:21+00:00","description":"Minimalistlik must n\u00f6\u00f6r punasest kullast detaili ja 0,02 ct teemandiga, mis toob \u00f5nne ja t\u00e4idab soove. Sobib meestele ja naistele v\u00f5i lastele, ristimise puhul.","breadcrumb":{"@id":"https:\/\/fashiongold.lt\/et\/papuosalas\/onne-toov-must-noor-kaevoru-teemandiga-002-ct-minimalistlik-detail-punasest-kullast\/#breadcrumb"},"inLanguage":"et","potentialAction":[{"@type":"ReadAction","target":["https:\/\/fashiongold.lt\/et\/papuosalas\/onne-toov-must-noor-kaevoru-teemandiga-002-ct-minimalistlik-detail-punasest-kullast\/"]}]},{"@type":"ImageObject","inLanguage":"et","@id":"https:\/\/fashiongold.lt\/et\/papuosalas\/onne-toov-must-noor-kaevoru-teemandiga-002-ct-minimalistlik-detail-punasest-kullast\/#primaryimage","url":"https:\/\/fashiongold.lt\/wp-content\/uploads\/2025\/10\/24037-00c-Laime-nesantis-juodas-siulas-apyranke-su-deimantu-002-ct-minimalistine-raudono-aukso-detale.png","contentUrl":"https:\/\/fashiongold.lt\/wp-content\/uploads\/2025\/10\/24037-00c-Laime-nesantis-juodas-siulas-apyranke-su-deimantu-002-ct-minimalistine-raudono-aukso-detale.png","width":1000,"height":1000},{"@type":"BreadcrumbList","@id":"https:\/\/fashiongold.lt\/et\/papuosalas\/onne-toov-must-noor-kaevoru-teemandiga-002-ct-minimalistlik-detail-punasest-kullast\/#breadcrumb","itemListElement":[{"@type":"ListItem","position":1,"name":"Home","item":"https:\/\/fashiongold.lt\/et\/"},{"@type":"ListItem","position":2,"name":"Teemantide pood Fashiongold.lt","item":"https:\/\/fashiongold.lt\/shop-2\/"},{"@type":"ListItem","position":3,"name":"\u00d5nne toov must n\u00f6\u00f6r-k\u00e4ev\u00f5ru teemandiga 0,02 ct (minimalistlik detail punasest kullast)"}]},{"@type":"WebSite","@id":"https:\/\/fashiongold.lt\/et\/#website","url":"https:\/\/fashiongold.lt\/et\/","name":"Fashion Gold","description":"Juvelyrikos namai","publisher":{"@id":"https:\/\/fashiongold.lt\/et\/#organization"},"potentialAction":[{"@type":"SearchAction","target":{"@type":"EntryPoint","urlTemplate":"https:\/\/fashiongold.lt\/et\/?s={search_term_string}"},"query-input":{"@type":"PropertyValueSpecification","valueRequired":true,"valueName":"search_term_string"}}],"inLanguage":"et"},{"@type":"Organization","@id":"https:\/\/fashiongold.lt\/et\/#organization","name":"Topdiamonds Online","url":"https:\/\/fashiongold.lt\/et\/","logo":{"@type":"ImageObject","inLanguage":"et","@id":"https:\/\/fashiongold.lt\/et\/#\/schema\/logo\/image\/","url":"https:\/\/fashiongold.lt\/wp-content\/uploads\/2025\/04\/cropped-fashion_gold_logotipas2-scaled-1.png","contentUrl":"https:\/\/fashiongold.lt\/wp-content\/uploads\/2025\/04\/cropped-fashion_gold_logotipas2-scaled-1.png","width":2559,"height":421,"caption":"Topdiamonds Online"},"image":{"@id":"https:\/\/fashiongold.lt\/et\/#\/schema\/logo\/image\/"}}]}},"_links":{"self":[{"href":"https:\/\/fashiongold.lt\/et\/wp-json\/wp\/v2\/product\/273825","targetHints":{"allow":["GET"]}}],"collection":[{"href":"https:\/\/fashiongold.lt\/et\/wp-json\/wp\/v2\/product"}],"about":[{"href":"https:\/\/fashiongold.lt\/et\/wp-json\/wp\/v2\/types\/product"}],"version-history":[{"count":0,"href":"https:\/\/fashiongold.lt\/et\/wp-json\/wp\/v2\/product\/273825\/revisions"}],"wp:featuredmedia":[{"embeddable":true,"href":"https:\/\/fashiongold.lt\/et\/wp-json\/wp\/v2\/media\/244016"}],"wp:attachment":[{"href":"https:\/\/fashiongold.lt\/et\/wp-json\/wp\/v2\/media?parent=273825"}],"wp:term":[{"taxonomy":"product_brand","embeddable":true,"href":"https:\/\/fashiongold.lt\/et\/wp-json\/wp\/v2\/product_brand?post=273825"},{"taxonomy":"product_cat","embeddable":true,"href":"https:\/\/fashiongold.lt\/et\/wp-json\/wp\/v2\/product_cat?post=273825"},{"taxonomy":"product_tag","embeddable":true,"href":"https:\/\/fashiongold.lt\/et\/wp-json\/wp\/v2\/product_tag?post=273825"}],"curies":[{"name":"wp","href":"https:\/\/api.w.org\/{rel}","templated":true}]}}