{"id":273828,"date":"2025-12-28T10:47:00","date_gmt":"2025-12-28T10:47:00","guid":{"rendered":"https:\/\/fashiongold.lt\/papuosalas\/granaadid-granaatidega-korvarongad-ai-juveliir\/"},"modified":"2025-12-28T10:47:00","modified_gmt":"2025-12-28T10:47:00","slug":"granaadid-granaatidega-korvarongad-ai-juveliir","status":"publish","type":"product","link":"https:\/\/fashiongold.lt\/et\/papuosalas\/granaadid-granaatidega-korvarongad-ai-juveliir\/","title":{"rendered":"Granaadid &#8211; Granaatidega k\u00f5rvar\u00f5ngad. AI Juveliir"},"content":{"rendered":"<h3 data-start=\"192\" data-end=\"289\">AI Juveliir: punaste granaatidega n\u00f6\u00f6pk\u00f5rvar\u00f5ngad \u2013 valmistamine individuaalprojekti j\u00e4rgi<\/h3>\n<p data-start=\"304\" data-end=\"736\">\u00dcmarate punaste granaatidega n\u00f6\u00f6pk\u00f5rvar\u00f5ngad on juveliiri loodud ja valmistatud individuaalprojekt, kus iga detail on l\u00e4bi m\u00f5eldud vastavalt valitud v\u00e4\u00e4riskivile \u2013 granaadile, mis paistab silma oma s\u00fcgava punase v\u00e4rvuse, s\u00fcgava tooni ja elava s\u00e4ra poolest. See ei ole seeriatoodang \u2013 see on t\u00f5eline juveelikunst, mis algab ideest ja l\u00f5peb k\u00e4sitsi loodud ainulaadsete k\u00f5rvar\u00f5ngastega.<\/p>\n<p data-start=\"738\" data-end=\"1234\">Punaste granaatidega n\u00f6\u00f6pk\u00f5rvar\u00f5ngaste projekteerimisel hindab juveliir esmalt kivi enda omadusi \u2013 v\u00e4rvi intensiivsust, puhtust, \u00fcmara kuju proportsioone ja valguse m\u00e4ngu. Just konkreetse granaadi j\u00e4rgi luuakse kogu disain: k\u00f5rvar\u00f5ngaste suurus, krooni k\u00f5rgus, halo-teemantide paigutus ja \u00fcldine visuaalne tasakaal. Iga paar n\u00f5uab \u00e4\u00e4rmiselt hoolikat ja professionaalset t\u00f6\u00f6d, et saavutada t\u00e4iuslik esteetika, mugavuse ja vastupidavuse kombinatsioon.<\/p>\n<p data-start=\"1236\" data-end=\"1337\">Punaste granaatidega n\u00f6\u00f6pk\u00f5rvar\u00f5ngad valmistatakse eritellimusel, seega saame kohandada:<\/p>\n<ul data-start=\"997\" data-end=\"1252\">\n<li data-start=\"997\" data-end=\"1056\">\n<p data-start=\"999\" data-end=\"1056\">mis tahes kullav\u00e4rvi (valge, kollane v\u00f5i punane),<\/p>\n<\/li>\n<li data-start=\"1057\" data-end=\"1103\">\n<p data-start=\"1059\" data-end=\"1103\">valitud kulla <a href=\"https:\/\/fashiongold.lt\/et\/patarimai-et\/kulla-proov-ehetele-kuidas-valida-oiget\/\">proovi<\/a> \u2013 585 v\u00f5i 750,<\/p>\n<\/li>\n<li data-start=\"1104\" data-end=\"1152\">\n<p data-start=\"1106\" data-end=\"1152\">teemantide suurust ja nende paigutust,<\/p>\n<\/li>\n<li data-start=\"1153\" data-end=\"1252\">\n<p data-start=\"1155\" data-end=\"1252\">punase granaadi individuaalset tooni \u2013 tumedast kirsipunasest erksama, tulipunase toonini.<\/p>\n<\/li>\n<\/ul>\n<p data-start=\"1602\" data-end=\"1811\">Individuaalprojekti j\u00e4rgi k\u00f5rvar\u00f5ngaid valides on k\u00f5ige olulisem see, mis vastab teie isiksusele, stiilile ja eluviisile. Sellistest k\u00f5rvar\u00f5ngastest saab mitte ainult peen, vaid ka emotsionaalselt t\u00e4hendusrikas juveelidetail.<\/p>\n<p data-start=\"1813\" data-end=\"2250\">Selles mudelis on valitud halo-disain, mis r\u00f5hutab delikaatselt \u00fcmara punase granaadi s\u00e4ra ning lisab k\u00f5rvar\u00f5ngastele t\u00e4iendavat luksust ja klassikalist elegantsi. V\u00e4ikesed teemandid raamivad elegantselt keskmist kivi, tugevdades valguse m\u00e4ngu, ning v\u00e4\u00e4riskivi ise \u2013 punane granaat \u2013 saab kompositsiooni peamiseks aktsendiks. Granaati on iidsetest aegadest peale seostatud armastuse, kire, sisemise j\u00f5u ja eluj\u00f5uga.<\/p>\n<p data-start=\"2252\" data-end=\"2446\">K\u00f5ik punaste granaatidega n\u00f6\u00f6pk\u00f5rvar\u00f5ngad ja muud ehted on valmistatud Leedus ning neil on Leedu Proovikoja sertifikaadid, mis tagavad metallide ehtsuse ja k\u00f5rgeima kvaliteedi.<\/p>\n<p data-start=\"2017\" data-end=\"2283\">See on juveliiri <a href=\"https:\/\/fashiongold.lt\/et\/patarimai-et\/juveliir-kui-teie-unistus-saab-kulla-kuju\/\">valmistatud<\/a> individuaalprojekt neile, kes otsivad lisaks k\u00f5rvar\u00f5ngastele ka kullast, teemantidest ja punasest granaadist loodud isiklikku lugu. Iga selline k\u00f5rvar\u00f5ngapaar on ainulaadne, loodud just teile ja teie valitud v\u00e4\u00e4riskivile.<\/p>\n<h4>Meie teenused<\/h4>\n<p>Pakume <a href=\"https:\/\/fashiongold.lt\/et\/kategorija\/ehete-valmistamine\/\" target=\"_self\" rel=\"noopener noreferrer\">individuaalset disaini, kus iga ehe luuakse teie ideede ja visiooni j\u00e4rgi<\/a>. Teostame ka restaureerimist, et teie kallihinnalised ehted s\u00e4raksid taas nagu uued. Iga meie looming pole mitte ainult ehe, vaid teie isiksuse peegeldus. Iga meie t\u00f6\u00f6 on t\u00f5estus sellest, et kvaliteet ja loovus v\u00f5ivad k\u00e4ia k\u00e4sik\u00e4es.<\/p>\n<h4>Avatus ja garantii<\/h4>\n<p>Meie l\u00e4henemisviis on avatus ja siiras suhtlus iga kliendiga. Alates esimesest konsultatsioonist kuni valmis ehte k\u00e4ttesaamiseni oleme teie k\u00f5rval, et aidata k\u00f5igis k\u00fcsimustes. Anname k\u00f5igile oma toodetele 5-aastase kvaliteedigarantii, nii et v\u00f5ite olla kindlad nende usaldusv\u00e4\u00e4rsuses ja vastupidavuses. Meie garantii h\u00f5lmab k\u00f5iki tootmiskvaliteedi aspekte, et saaksite ehteid muretult nautida aastaid. Me hoolitseme selle eest, et iga meie klient tunneks end kindlalt ja teaks, et meie ehted on usaldust v\u00e4\u00e4rt.<\/p>\n<h4>Tellimused ja konsultatsioonid<\/h4>\n<p>Kui soovite tellida individuaalset ehet v\u00f5i konsulteerida oma ideede osas, on meie meeskond alati valmis teid aitama. Konsultatsiooni k\u00e4igus arutame teie visiooni, eelistusi ja pakume parimaid lahendusi, et saaksime valmistada teie ootustele vastavad ehted. P\u00f6\u00f6rame igale tellimusele erilist t\u00e4helepanu, mist\u00f5ttu saame pakkuda individuaalseid lahendusi nii kihlas\u00f5rmuste kui ka muude ehete jaoks. Ehete valmistamine kestab tavaliselt umbes 5 n\u00e4dalat, kuid p\u00fc\u00fcame alati, et teie ehted saaksid valmis nii kiiresti kui v\u00f5imalik. V\u00f5tke meiega \u00fchendust \u2013 loome koos ehted, mis saavad osaks teie loost.<\/p>\n","protected":false},"excerpt":{"rendered":"<p>AI Juveliir: punaste granaatidega n\u00f6\u00f6pk\u00f5rvar\u00f5ngad \u2013 valmistamine individuaalprojekti j\u00e4rgi \u00dcmarate punaste granaatidega n\u00f6\u00f6pk\u00f5rvar\u00f5ngad on juveliiri loodud ja valmistatud individuaalprojekt, kus [&hellip;]<\/p>\n","protected":false},"featured_media":265674,"template":"","meta":{"site-sidebar-layout":"default","site-content-layout":"","ast-site-content-layout":"default","site-content-style":"default","site-sidebar-style":"default","ast-global-header-display":"","ast-banner-title-visibility":"","ast-main-header-display":"","ast-hfb-above-header-display":"","ast-hfb-below-header-display":"","ast-hfb-mobile-header-display":"","site-post-title":"","ast-breadcrumbs-content":"","ast-featured-img":"","footer-sml-layout":"","ast-disable-related-posts":"","theme-transparent-header-meta":"default","adv-header-id-meta":"","stick-header-meta":"","header-above-stick-meta":"","header-main-stick-meta":"","header-below-stick-meta":"","astra-migrate-meta-layouts":"default","ast-page-background-enabled":"default","ast-page-background-meta":{"desktop":{"background-color":"var(--ast-global-color-4)","background-image":"","background-repeat":"repeat","background-position":"center center","background-size":"auto","background-attachment":"scroll","background-type":"","background-media":"","overlay-type":"","overlay-color":"","overlay-opacity":"","overlay-gradient":""},"tablet":{"background-color":"","background-image":"","background-repeat":"repeat","background-position":"center center","background-size":"auto","background-attachment":"scroll","background-type":"","background-media":"","overlay-type":"","overlay-color":"","overlay-opacity":"","overlay-gradient":""},"mobile":{"background-color":"","background-image":"","background-repeat":"repeat","background-position":"center center","background-size":"auto","background-attachment":"scroll","background-type":"","background-media":"","overlay-type":"","overlay-color":"","overlay-opacity":"","overlay-gradient":""}},"ast-content-background-meta":{"desktop":{"background-color":"var(--ast-global-color-5)","background-image":"","background-repeat":"repeat","background-position":"center center","background-size":"auto","background-attachment":"scroll","background-type":"","background-media":"","overlay-type":"","overlay-color":"","overlay-opacity":"","overlay-gradient":""},"tablet":{"background-color":"var(--ast-global-color-5)","background-image":"","background-repeat":"repeat","background-position":"center center","background-size":"auto","background-attachment":"scroll","background-type":"","background-media":"","overlay-type":"","overlay-color":"","overlay-opacity":"","overlay-gradient":""},"mobile":{"background-color":"var(--ast-global-color-5)","background-image":"","background-repeat":"repeat","background-position":"center center","background-size":"auto","background-attachment":"scroll","background-type":"","background-media":"","overlay-type":"","overlay-color":"","overlay-opacity":"","overlay-gradient":""}}},"product_brand":[],"product_cat":[2838,2841,2830,2826,2839,2842,2829,2823,2828,2822,2824,2821,2969,2846,3055,2845,2968],"product_tag":[],"class_list":{"0":"post-273828","1":"product","2":"type-product","3":"status-publish","4":"has-post-thumbnail","6":"product_cat-ehete-valmistamine","7":"product_cat-ehted-naistele","8":"product_cat-emadepaeva-kingitused","9":"product_cat-joulukingid","10":"product_cat-juveliir","11":"product_cat-kingiideed","12":"product_cat-kingitused-erilisteks-puhkudeks","13":"product_cat-kingitused-lapse-sunni-puhul","14":"product_cat-kingitused-lopetamise-puhul","15":"product_cat-kingitused-naistele","16":"product_cat-kingitused-pulma-aastapaeva-puhul","17":"product_cat-kingitused-sunnipaevaks","18":"product_cat-naelkorvarongad","19":"product_cat-poolvaariskividega-ehted","20":"product_cat-punaste-vaariskividega-ehted","21":"product_cat-sobrapaeva-kingitused","22":"product_cat-vaariskividega-korvarongad","23":"desktop-align-center","24":"tablet-align-left","25":"mobile-align-left","26":"ast-product-gallery-layout-horizontal-slider","27":"ast-product-tabs-layout-accordion","28":"ast-qv-on-image","30":"first","31":"onbackorder","32":"taxable","33":"shipping-taxable","34":"purchasable","35":"product-type-simple"},"yoast_head":"<!-- This site is optimized with the Yoast SEO plugin v26.6 - https:\/\/yoast.com\/wordpress\/plugins\/seo\/ -->\n<title>Punase granaadiga k\u00f5rvar\u00f5ngad | Halo disain | Individuaalne valmistamine<\/title>\n<meta name=\"description\" content=\"K\u00e4sit\u00f6\u00f6na valminud punase granaadi ja halo-teemantdisainiga naelk\u00f5rvar\u00f5ngad. Individuaalne tootmine Leedus, k\u00f5rgeim kvaliteet, 5-aastane garantii.\" \/>\n<meta name=\"robots\" content=\"index, follow, max-snippet:-1, max-image-preview:large, max-video-preview:-1\" \/>\n<link rel=\"canonical\" href=\"https:\/\/fashiongold.lt\/et\/papuosalas\/granaadid-granaatidega-korvarongad-ai-juveliir\/\" \/>\n<meta property=\"og:locale\" content=\"et_EE\" \/>\n<meta property=\"og:type\" content=\"article\" \/>\n<meta property=\"og:title\" content=\"Punase granaadiga k\u00f5rvar\u00f5ngad | Halo disain | Individuaalne valmistamine\" \/>\n<meta property=\"og:description\" content=\"K\u00e4sit\u00f6\u00f6na valminud punase granaadi ja halo-teemantdisainiga naelk\u00f5rvar\u00f5ngad. Individuaalne tootmine Leedus, k\u00f5rgeim kvaliteet, 5-aastane garantii.\" \/>\n<meta property=\"og:url\" content=\"https:\/\/fashiongold.lt\/et\/papuosalas\/granaadid-granaatidega-korvarongad-ai-juveliir\/\" \/>\n<meta property=\"og:site_name\" content=\"FashionGold.lt\" \/>\n<meta property=\"og:image\" content=\"https:\/\/fashiongold.lt\/wp-content\/uploads\/2025\/12\/Auskarai-su-apvaliais-granatais-centre-ir-deimantais-1024x683.png\" \/>\n\t<meta property=\"og:image:width\" content=\"1024\" \/>\n\t<meta property=\"og:image:height\" content=\"683\" \/>\n\t<meta property=\"og:image:type\" content=\"image\/png\" \/>\n<meta name=\"twitter:card\" content=\"summary_large_image\" \/>\n<meta name=\"twitter:label1\" content=\"Est. reading time\" \/>\n\t<meta name=\"twitter:data1\" content=\"3 minutit\" \/>\n<script type=\"application\/ld+json\" class=\"yoast-schema-graph\">{\"@context\":\"https:\/\/schema.org\",\"@graph\":[{\"@type\":\"WebPage\",\"@id\":\"https:\/\/fashiongold.lt\/et\/papuosalas\/granaadid-granaatidega-korvarongad-ai-juveliir\/\",\"url\":\"https:\/\/fashiongold.lt\/et\/papuosalas\/granaadid-granaatidega-korvarongad-ai-juveliir\/\",\"name\":\"Punase granaadiga k\u00f5rvar\u00f5ngad | Halo disain | Individuaalne valmistamine\",\"isPartOf\":{\"@id\":\"https:\/\/fashiongold.lt\/et\/#website\"},\"primaryImageOfPage\":{\"@id\":\"https:\/\/fashiongold.lt\/et\/papuosalas\/granaadid-granaatidega-korvarongad-ai-juveliir\/#primaryimage\"},\"image\":{\"@id\":\"https:\/\/fashiongold.lt\/et\/papuosalas\/granaadid-granaatidega-korvarongad-ai-juveliir\/#primaryimage\"},\"thumbnailUrl\":\"https:\/\/fashiongold.lt\/wp-content\/uploads\/2025\/12\/Auskarai-su-apvaliais-granatais-centre-ir-deimantais.png\",\"datePublished\":\"2025-12-28T10:47:00+00:00\",\"description\":\"K\u00e4sit\u00f6\u00f6na valminud punase granaadi ja halo-teemantdisainiga naelk\u00f5rvar\u00f5ngad. Individuaalne tootmine Leedus, k\u00f5rgeim kvaliteet, 5-aastane garantii.\",\"breadcrumb\":{\"@id\":\"https:\/\/fashiongold.lt\/et\/papuosalas\/granaadid-granaatidega-korvarongad-ai-juveliir\/#breadcrumb\"},\"inLanguage\":\"et\",\"potentialAction\":[{\"@type\":\"ReadAction\",\"target\":[\"https:\/\/fashiongold.lt\/et\/papuosalas\/granaadid-granaatidega-korvarongad-ai-juveliir\/\"]}]},{\"@type\":\"ImageObject\",\"inLanguage\":\"et\",\"@id\":\"https:\/\/fashiongold.lt\/et\/papuosalas\/granaadid-granaatidega-korvarongad-ai-juveliir\/#primaryimage\",\"url\":\"https:\/\/fashiongold.lt\/wp-content\/uploads\/2025\/12\/Auskarai-su-apvaliais-granatais-centre-ir-deimantais.png\",\"contentUrl\":\"https:\/\/fashiongold.lt\/wp-content\/uploads\/2025\/12\/Auskarai-su-apvaliais-granatais-centre-ir-deimantais.png\",\"width\":1536,\"height\":1024,\"caption\":\"auskarai su apvaliais granatais centre, baltas auksas, deimantai\"},{\"@type\":\"BreadcrumbList\",\"@id\":\"https:\/\/fashiongold.lt\/et\/papuosalas\/granaadid-granaatidega-korvarongad-ai-juveliir\/#breadcrumb\",\"itemListElement\":[{\"@type\":\"ListItem\",\"position\":1,\"name\":\"Home\",\"item\":\"https:\/\/fashiongold.lt\/et\/\"},{\"@type\":\"ListItem\",\"position\":2,\"name\":\"Teemantide pood Fashiongold.lt\",\"item\":\"https:\/\/fashiongold.lt\/shop-2\/\"},{\"@type\":\"ListItem\",\"position\":3,\"name\":\"Granaadid &#8211; Granaatidega k\u00f5rvar\u00f5ngad. AI Juveliir\"}]},{\"@type\":\"WebSite\",\"@id\":\"https:\/\/fashiongold.lt\/et\/#website\",\"url\":\"https:\/\/fashiongold.lt\/et\/\",\"name\":\"Fashion Gold\",\"description\":\"Juvelyrikos namai\",\"publisher\":{\"@id\":\"https:\/\/fashiongold.lt\/et\/#organization\"},\"potentialAction\":[{\"@type\":\"SearchAction\",\"target\":{\"@type\":\"EntryPoint\",\"urlTemplate\":\"https:\/\/fashiongold.lt\/et\/?s={search_term_string}\"},\"query-input\":{\"@type\":\"PropertyValueSpecification\",\"valueRequired\":true,\"valueName\":\"search_term_string\"}}],\"inLanguage\":\"et\"},{\"@type\":\"Organization\",\"@id\":\"https:\/\/fashiongold.lt\/et\/#organization\",\"name\":\"Topdiamonds Online\",\"url\":\"https:\/\/fashiongold.lt\/et\/\",\"logo\":{\"@type\":\"ImageObject\",\"inLanguage\":\"et\",\"@id\":\"https:\/\/fashiongold.lt\/et\/#\/schema\/logo\/image\/\",\"url\":\"https:\/\/fashiongold.lt\/wp-content\/uploads\/2025\/04\/cropped-fashion_gold_logotipas2-scaled-1.png\",\"contentUrl\":\"https:\/\/fashiongold.lt\/wp-content\/uploads\/2025\/04\/cropped-fashion_gold_logotipas2-scaled-1.png\",\"width\":2559,\"height\":421,\"caption\":\"Topdiamonds Online\"},\"image\":{\"@id\":\"https:\/\/fashiongold.lt\/et\/#\/schema\/logo\/image\/\"}}]}<\/script>\n<!-- \/ Yoast SEO plugin. -->","yoast_head_json":{"title":"Punase granaadiga k\u00f5rvar\u00f5ngad | Halo disain | Individuaalne valmistamine","description":"K\u00e4sit\u00f6\u00f6na valminud punase granaadi ja halo-teemantdisainiga naelk\u00f5rvar\u00f5ngad. Individuaalne tootmine Leedus, k\u00f5rgeim kvaliteet, 5-aastane garantii.","robots":{"index":"index","follow":"follow","max-snippet":"max-snippet:-1","max-image-preview":"max-image-preview:large","max-video-preview":"max-video-preview:-1"},"canonical":"https:\/\/fashiongold.lt\/et\/papuosalas\/granaadid-granaatidega-korvarongad-ai-juveliir\/","og_locale":"et_EE","og_type":"article","og_title":"Punase granaadiga k\u00f5rvar\u00f5ngad | Halo disain | Individuaalne valmistamine","og_description":"K\u00e4sit\u00f6\u00f6na valminud punase granaadi ja halo-teemantdisainiga naelk\u00f5rvar\u00f5ngad. Individuaalne tootmine Leedus, k\u00f5rgeim kvaliteet, 5-aastane garantii.","og_url":"https:\/\/fashiongold.lt\/et\/papuosalas\/granaadid-granaatidega-korvarongad-ai-juveliir\/","og_site_name":"FashionGold.lt","og_image":[{"width":1024,"height":683,"url":"https:\/\/fashiongold.lt\/wp-content\/uploads\/2025\/12\/Auskarai-su-apvaliais-granatais-centre-ir-deimantais-1024x683.png","type":"image\/png"}],"twitter_card":"summary_large_image","twitter_misc":{"Est. reading time":"3 minutit"},"schema":{"@context":"https:\/\/schema.org","@graph":[{"@type":"WebPage","@id":"https:\/\/fashiongold.lt\/et\/papuosalas\/granaadid-granaatidega-korvarongad-ai-juveliir\/","url":"https:\/\/fashiongold.lt\/et\/papuosalas\/granaadid-granaatidega-korvarongad-ai-juveliir\/","name":"Punase granaadiga k\u00f5rvar\u00f5ngad | Halo disain | Individuaalne valmistamine","isPartOf":{"@id":"https:\/\/fashiongold.lt\/et\/#website"},"primaryImageOfPage":{"@id":"https:\/\/fashiongold.lt\/et\/papuosalas\/granaadid-granaatidega-korvarongad-ai-juveliir\/#primaryimage"},"image":{"@id":"https:\/\/fashiongold.lt\/et\/papuosalas\/granaadid-granaatidega-korvarongad-ai-juveliir\/#primaryimage"},"thumbnailUrl":"https:\/\/fashiongold.lt\/wp-content\/uploads\/2025\/12\/Auskarai-su-apvaliais-granatais-centre-ir-deimantais.png","datePublished":"2025-12-28T10:47:00+00:00","description":"K\u00e4sit\u00f6\u00f6na valminud punase granaadi ja halo-teemantdisainiga naelk\u00f5rvar\u00f5ngad. Individuaalne tootmine Leedus, k\u00f5rgeim kvaliteet, 5-aastane garantii.","breadcrumb":{"@id":"https:\/\/fashiongold.lt\/et\/papuosalas\/granaadid-granaatidega-korvarongad-ai-juveliir\/#breadcrumb"},"inLanguage":"et","potentialAction":[{"@type":"ReadAction","target":["https:\/\/fashiongold.lt\/et\/papuosalas\/granaadid-granaatidega-korvarongad-ai-juveliir\/"]}]},{"@type":"ImageObject","inLanguage":"et","@id":"https:\/\/fashiongold.lt\/et\/papuosalas\/granaadid-granaatidega-korvarongad-ai-juveliir\/#primaryimage","url":"https:\/\/fashiongold.lt\/wp-content\/uploads\/2025\/12\/Auskarai-su-apvaliais-granatais-centre-ir-deimantais.png","contentUrl":"https:\/\/fashiongold.lt\/wp-content\/uploads\/2025\/12\/Auskarai-su-apvaliais-granatais-centre-ir-deimantais.png","width":1536,"height":1024,"caption":"auskarai su apvaliais granatais centre, baltas auksas, deimantai"},{"@type":"BreadcrumbList","@id":"https:\/\/fashiongold.lt\/et\/papuosalas\/granaadid-granaatidega-korvarongad-ai-juveliir\/#breadcrumb","itemListElement":[{"@type":"ListItem","position":1,"name":"Home","item":"https:\/\/fashiongold.lt\/et\/"},{"@type":"ListItem","position":2,"name":"Teemantide pood Fashiongold.lt","item":"https:\/\/fashiongold.lt\/shop-2\/"},{"@type":"ListItem","position":3,"name":"Granaadid &#8211; Granaatidega k\u00f5rvar\u00f5ngad. AI Juveliir"}]},{"@type":"WebSite","@id":"https:\/\/fashiongold.lt\/et\/#website","url":"https:\/\/fashiongold.lt\/et\/","name":"Fashion Gold","description":"Juvelyrikos namai","publisher":{"@id":"https:\/\/fashiongold.lt\/et\/#organization"},"potentialAction":[{"@type":"SearchAction","target":{"@type":"EntryPoint","urlTemplate":"https:\/\/fashiongold.lt\/et\/?s={search_term_string}"},"query-input":{"@type":"PropertyValueSpecification","valueRequired":true,"valueName":"search_term_string"}}],"inLanguage":"et"},{"@type":"Organization","@id":"https:\/\/fashiongold.lt\/et\/#organization","name":"Topdiamonds Online","url":"https:\/\/fashiongold.lt\/et\/","logo":{"@type":"ImageObject","inLanguage":"et","@id":"https:\/\/fashiongold.lt\/et\/#\/schema\/logo\/image\/","url":"https:\/\/fashiongold.lt\/wp-content\/uploads\/2025\/04\/cropped-fashion_gold_logotipas2-scaled-1.png","contentUrl":"https:\/\/fashiongold.lt\/wp-content\/uploads\/2025\/04\/cropped-fashion_gold_logotipas2-scaled-1.png","width":2559,"height":421,"caption":"Topdiamonds Online"},"image":{"@id":"https:\/\/fashiongold.lt\/et\/#\/schema\/logo\/image\/"}}]}},"_links":{"self":[{"href":"https:\/\/fashiongold.lt\/et\/wp-json\/wp\/v2\/product\/273828","targetHints":{"allow":["GET"]}}],"collection":[{"href":"https:\/\/fashiongold.lt\/et\/wp-json\/wp\/v2\/product"}],"about":[{"href":"https:\/\/fashiongold.lt\/et\/wp-json\/wp\/v2\/types\/product"}],"version-history":[{"count":0,"href":"https:\/\/fashiongold.lt\/et\/wp-json\/wp\/v2\/product\/273828\/revisions"}],"wp:featuredmedia":[{"embeddable":true,"href":"https:\/\/fashiongold.lt\/et\/wp-json\/wp\/v2\/media\/265674"}],"wp:attachment":[{"href":"https:\/\/fashiongold.lt\/et\/wp-json\/wp\/v2\/media?parent=273828"}],"wp:term":[{"taxonomy":"product_brand","embeddable":true,"href":"https:\/\/fashiongold.lt\/et\/wp-json\/wp\/v2\/product_brand?post=273828"},{"taxonomy":"product_cat","embeddable":true,"href":"https:\/\/fashiongold.lt\/et\/wp-json\/wp\/v2\/product_cat?post=273828"},{"taxonomy":"product_tag","embeddable":true,"href":"https:\/\/fashiongold.lt\/et\/wp-json\/wp\/v2\/product_tag?post=273828"}],"curies":[{"name":"wp","href":"https:\/\/api.w.org\/{rel}","templated":true}]}}