{"id":273829,"date":"2025-12-28T08:43:34","date_gmt":"2025-12-28T08:43:34","guid":{"rendered":"https:\/\/fashiongold.lt\/papuosalas\/turmaliinid-turmaliinidega-vits-sormus-ai-juveliir\/"},"modified":"2025-12-28T08:43:34","modified_gmt":"2025-12-28T08:43:34","slug":"turmaliinid-turmaliinidega-vits-sormus-ai-juveliir","status":"publish","type":"product","link":"https:\/\/fashiongold.lt\/et\/papuosalas\/turmaliinid-turmaliinidega-vits-sormus-ai-juveliir\/","title":{"rendered":"Turmaliinid &#8211; Turmaliinidega vits-s\u00f5rmus. AI Juveliir"},"content":{"rendered":"<h2 data-start=\"295\" data-end=\"371\">AI Juveliir: <strong data-start=\"252\" data-end=\"312\">Turmaliinidega reas\u00f5rmus \u2013 valmistamine individuaalprojekti j\u00e4rgi<\/strong><\/h2>\n<p data-start=\"314\" data-end=\"912\">See turmaliinidega reas\u00f5rmus on juveliiri loodud ja valmistatud individuaalprojekt, kus iga detail on l\u00e4bi m\u00f5eldud, arvestades valitud v\u00e4\u00e4riskivi \u2013 turmaliini, mida iseloomustab l\u00e4bipaistvus ja roheliste toonide mitmekesisus. See pole seeriatoode, vaid t\u00f5eline ehtekunst, mis algab ideest ja l\u00f5peb k\u00e4sitsi valminud ainulaadse s\u00f5rmusega. Juveliir valmistab lisaks s\u00f5rmustele ka k\u00f5rvar\u00f5ngaid ja muid ehteid eritellimusel, r\u00f5hutades nende kvaliteeti ja erip\u00e4ra. Rohkem turmaliini, selle v\u00e4rvide ja hinna kohta saate teada <a href=\"https:\/\/fashiongold.lt\/et\/turmaliin-salaparane-mitmevarviline-vaariskivi\/\">siit<\/a>.<\/p>\n<p data-start=\"914\" data-end=\"1454\">Turmaliinidega reas\u00f5rmuse projekteerimisel hindab juveliir esmalt turmaliini omadusi \u2013 selle l\u00e4bipaistvust, v\u00e4rvi intensiivsust ja varjundit, mis v\u00f5ib varieeruda \u00f5rnrohelisest kuni s\u00fcgava tumeroheliseni. Just konkreetse turmaliini j\u00e4rgi luuakse kogu disain: krooni k\u00f5rgus, turmaliinide asetus, s\u00f5rmuse laius ja kuju. Iga s\u00f5rmus ja muu ehe n\u00f5uab eriti hoolikat ja professionaalset t\u00f6\u00f6d, mis v\u00f5imaldab saavutada t\u00e4iusliku tasakaalu esteetika, mugavuse ja vastupidavuse vahel.<\/p>\n<p data-start=\"1456\" data-end=\"1567\">Turmaliinidega poolreas\u00f5rmus valmistatakse eritellimusel, seega saame kohandada:<\/p>\n<ul>\n<li>mistahes <a href=\"https:\/\/fashiongold.lt\/et\/patarimai-et\/kulla-varv-mida-tasub-teada-erinevate-varjundite-ja-nende-omaduste-kohta\/\" target=\"_self\" rel=\"noopener noreferrer\">kullav\u00e4rvi<\/a> (valge, kollane v\u00f5i punane),<\/li>\n<li><a href=\"https:\/\/fashiongold.lt\/et\/patarimai-et\/kulla-proov-ehetele-kuidas-valida-oiget\/\" target=\"_self\" rel=\"noopener noreferrer\">soovitud kullaproovi 585 v\u00f5i 750<\/a>,<\/li>\n<li>erinevat akvamariinide suurust ja asetust,<\/li>\n<li data-start=\"1302\" data-end=\"1414\">\n<p data-start=\"1304\" data-end=\"1414\">individuaalset turmaliini varjundit \u2013 alates \u00f5rnrohelisest kuni s\u00fcgava tumeroheliseni.<\/p>\n<\/li>\n<\/ul>\n<p data-start=\"1416\" data-end=\"1550\">Valides turmaliinidega reas\u00f5rmust individuaalprojekti j\u00e4rgi, on olulisim see, mis vastab teie isiksusele, stiilile ja vajadustele.<\/p>\n<p data-start=\"1552\" data-end=\"1974\">Selles mudelis on valitud klassikaline disain, mis r\u00f5hutab delikaatselt turmaliini s\u00e4ra ning annab s\u00f5rmusele t\u00e4iendavat luksuslikkust ja erip\u00e4ra. Turmaliinid tugevdavad elegantselt valguse m\u00e4ngu ning v\u00e4\u00e4riskivi ise muutub talismaniks.<\/p>\n<p>K\u00f5ik turmaliinidega s\u00f5rmused ja <a href=\"https:\/\/fashiongold.lt\/et\/kategorija\/pidulikud-korvarongad\/\" target=\"_self\" rel=\"noopener noreferrer\">muud ehted<\/a> on valmistatud Leedus ning neil on Leedu Proovikoja sertifikaadid.<\/p>\n<p>See on <a href=\"https:\/\/fashiongold.lt\/et\/patarimai-et\/juveliir-kui-teie-unistus-saab-kulla-kuju\/\" target=\"_self\" rel=\"noopener noreferrer\">juveliiri valmistatud individuaalprojekt<\/a> neile, kes otsivad lisaks s\u00f5rmusele ka isiklikku lugu, mis on loodud kullast ja turmaliinist. Iga selline turmaliinidega s\u00f5rmus on ainulaadne, kohandatud just teile ja teie valitud v\u00e4\u00e4riskivile. S\u00f5rmustel on eriline s\u00fcmbolv\u00e4\u00e4rtus \u2013 need on armastuse ja p\u00fchendumuse s\u00fcmbolid ning individuaalne disain v\u00f5imaldab paljastada teie isikliku loo.<\/p>\n<h4>Meie teenused<\/h4>\n<p>Pakume <a href=\"https:\/\/fashiongold.lt\/et\/kategorija\/ehete-valmistamine\/\" target=\"_self\" rel=\"noopener noreferrer\">individuaalset disaini, kus iga ehe luuakse vastavalt teie ideedele ja visioonile<\/a>. Samuti teostame restaureerimist, et teie kallid ehted s\u00e4raksid taas nagu uued. Iga meie looming pole mitte ainult ehe, vaid ka teie isiksuse peegeldus. Iga meie t\u00f6\u00f6 on t\u00f5estus sellest, et kvaliteet ja loovus saavad k\u00e4ia k\u00e4sik\u00e4es.<\/p>\n<h4>Avatus ja garantii<\/h4>\n<p>Meie l\u00e4henemisviis on avatus ja siiras suhtlus iga kliendiga. Esimesest konsultatsioonist kuni ehte l\u00f5pliku k\u00e4ttesaamiseni oleme teie k\u00f5rval, et aidata k\u00f5igis k\u00fcsimustes. Anname k\u00f5igile oma toodetele 5-aastase kvaliteedigarantii, nii et v\u00f5ite olla kindel nende usaldusv\u00e4\u00e4rsuses ja vastupidavuses. Meie garantii h\u00f5lmab k\u00f5iki valmistamise kvaliteedi aspekte, et saaksite ehteid muretult nautida aastaid. Hoolitseme selle eest, et iga meie klient tunneks end kindlalt ja teaks, et meie ehted on usaldust v\u00e4\u00e4rt.<\/p>\n<h4>Tellimused ja konsultatsioonid<\/h4>\n<p>Kui soovite tellida individuaalset ehet v\u00f5i konsulteerida oma ideede osas, on meie meeskond alati valmis teid aitama. Konsultatsiooni k\u00e4igus arutame teie visiooni, soove ja pakume parimaid lahendusi, et valmistada teie ootustele vastavad ehted. P\u00f6\u00f6rame igale tellimusele erilist t\u00e4helepanu, mist\u00f5ttu saame pakkuda individuaalseid lahendusi nii kihlas\u00f5rmustele kui ka muudele ehetele. Ehete valmistamine kestab tavaliselt umbes 5 n\u00e4dalat, kuid p\u00fc\u00fcame alati, et teie ehted valmiksid v\u00f5imalikult kiiresti. V\u00f5tke meiega \u00fchendust \u2013 loome koos ehted, mis saavad osaks teie loost.<\/p>\n","protected":false},"excerpt":{"rendered":"<p>AI Juveliir: Turmaliinidega reas\u00f5rmus \u2013 valmistamine individuaalprojekti j\u00e4rgi See turmaliinidega reas\u00f5rmus on juveliiri loodud ja valmistatud individuaalprojekt, kus iga detail [&hellip;]<\/p>\n","protected":false},"featured_media":265614,"template":"","meta":{"site-sidebar-layout":"default","site-content-layout":"","ast-site-content-layout":"default","site-content-style":"default","site-sidebar-style":"default","ast-global-header-display":"","ast-banner-title-visibility":"","ast-main-header-display":"","ast-hfb-above-header-display":"","ast-hfb-below-header-display":"","ast-hfb-mobile-header-display":"","site-post-title":"","ast-breadcrumbs-content":"","ast-featured-img":"","footer-sml-layout":"","ast-disable-related-posts":"","theme-transparent-header-meta":"default","adv-header-id-meta":"","stick-header-meta":"","header-above-stick-meta":"","header-main-stick-meta":"","header-below-stick-meta":"","astra-migrate-meta-layouts":"default","ast-page-background-enabled":"default","ast-page-background-meta":{"desktop":{"background-color":"var(--ast-global-color-4)","background-image":"","background-repeat":"repeat","background-position":"center center","background-size":"auto","background-attachment":"scroll","background-type":"","background-media":"","overlay-type":"","overlay-color":"","overlay-opacity":"","overlay-gradient":""},"tablet":{"background-color":"","background-image":"","background-repeat":"repeat","background-position":"center center","background-size":"auto","background-attachment":"scroll","background-type":"","background-media":"","overlay-type":"","overlay-color":"","overlay-opacity":"","overlay-gradient":""},"mobile":{"background-color":"","background-image":"","background-repeat":"repeat","background-position":"center center","background-size":"auto","background-attachment":"scroll","background-type":"","background-media":"","overlay-type":"","overlay-color":"","overlay-opacity":"","overlay-gradient":""}},"ast-content-background-meta":{"desktop":{"background-color":"var(--ast-global-color-5)","background-image":"","background-repeat":"repeat","background-position":"center center","background-size":"auto","background-attachment":"scroll","background-type":"","background-media":"","overlay-type":"","overlay-color":"","overlay-opacity":"","overlay-gradient":""},"tablet":{"background-color":"var(--ast-global-color-5)","background-image":"","background-repeat":"repeat","background-position":"center center","background-size":"auto","background-attachment":"scroll","background-type":"","background-media":"","overlay-type":"","overlay-color":"","overlay-opacity":"","overlay-gradient":""},"mobile":{"background-color":"var(--ast-global-color-5)","background-image":"","background-repeat":"repeat","background-position":"center center","background-size":"auto","background-attachment":"scroll","background-type":"","background-media":"","overlay-type":"","overlay-color":"","overlay-opacity":"","overlay-gradient":""}}},"product_brand":[],"product_cat":[2838,2830,2826,2839,2829,2823,2828,2825,2822,2824,2821,2831,2836,2846,2967,2845,2837,2833,2835,2848,2832,2851],"product_tag":[],"class_list":{"0":"post-273829","1":"product","2":"type-product","3":"status-publish","4":"has-post-thumbnail","6":"product_cat-ehete-valmistamine","7":"product_cat-emadepaeva-kingitused","8":"product_cat-joulukingid","9":"product_cat-juveliir","10":"product_cat-kingitused-erilisteks-puhkudeks","11":"product_cat-kingitused-lapse-sunni-puhul","12":"product_cat-kingitused-lopetamise-puhul","13":"product_cat-kingitused-meestele","14":"product_cat-kingitused-naistele","15":"product_cat-kingitused-pulma-aastapaeva-puhul","16":"product_cat-kingitused-sunnipaevaks","17":"product_cat-kollasest-kullast-ehted","18":"product_cat-kollasest-kullast-teemantsormused","19":"product_cat-poolvaariskividega-ehted","20":"product_cat-punasest-kullast-ehted","21":"product_cat-sobrapaeva-kingitused","22":"product_cat-teemantriba-umber-kogu-sormuse","23":"product_cat-teemantribad","24":"product_cat-teemantribad-meestele","25":"product_cat-vaariskividega-sormused","26":"product_cat-valgest-kullast-teemantribad","27":"product_cat-vits-sormus-vaariskividega","28":"desktop-align-center","29":"tablet-align-left","30":"mobile-align-left","31":"ast-product-gallery-layout-horizontal-slider","32":"ast-product-tabs-layout-accordion","33":"ast-qv-on-image","35":"first","36":"onbackorder","37":"taxable","38":"shipping-taxable","39":"purchasable","40":"product-type-simple"},"yoast_head":"<!-- This site is optimized with the Yoast SEO plugin v26.6 - https:\/\/yoast.com\/wordpress\/plugins\/seo\/ -->\n<title>Juveliir: turmaliinidega vitss\u00f5rmus<\/title>\n<meta name=\"description\" content=\"Turmaliinidega s\u00f5rmus \u2013 subtiilsed helesinised varjundid, individuaalne ehtet\u00f6\u00f6 ja ajatu elegants\" \/>\n<meta name=\"robots\" content=\"index, follow, max-snippet:-1, max-image-preview:large, max-video-preview:-1\" \/>\n<link rel=\"canonical\" href=\"https:\/\/fashiongold.lt\/et\/papuosalas\/turmaliinid-turmaliinidega-vits-sormus-ai-juveliir\/\" \/>\n<meta property=\"og:locale\" content=\"et_EE\" \/>\n<meta property=\"og:type\" content=\"article\" \/>\n<meta property=\"og:title\" content=\"Juveliir: turmaliinidega vitss\u00f5rmus\" \/>\n<meta property=\"og:description\" content=\"Turmaliinidega s\u00f5rmus \u2013 subtiilsed helesinised varjundid, individuaalne ehtet\u00f6\u00f6 ja ajatu elegants\" \/>\n<meta property=\"og:url\" content=\"https:\/\/fashiongold.lt\/et\/papuosalas\/turmaliinid-turmaliinidega-vits-sormus-ai-juveliir\/\" \/>\n<meta property=\"og:site_name\" content=\"FashionGold.lt\" \/>\n<meta property=\"og:image\" content=\"https:\/\/fashiongold.lt\/wp-content\/uploads\/2025\/12\/Ziedas-juostele-tik-su-zaliais-turmalinais-raudonam-aukse.webp\" \/>\n\t<meta property=\"og:image:width\" content=\"1536\" \/>\n\t<meta property=\"og:image:height\" content=\"1024\" \/>\n\t<meta property=\"og:image:type\" content=\"image\/png\" \/>\n<meta name=\"twitter:card\" content=\"summary_large_image\" \/>\n<meta name=\"twitter:label1\" content=\"Est. reading time\" \/>\n\t<meta name=\"twitter:data1\" content=\"3 minutit\" \/>\n<script type=\"application\/ld+json\" class=\"yoast-schema-graph\">{\"@context\":\"https:\/\/schema.org\",\"@graph\":[{\"@type\":\"WebPage\",\"@id\":\"https:\/\/fashiongold.lt\/et\/papuosalas\/turmaliinid-turmaliinidega-vits-sormus-ai-juveliir\/\",\"url\":\"https:\/\/fashiongold.lt\/et\/papuosalas\/turmaliinid-turmaliinidega-vits-sormus-ai-juveliir\/\",\"name\":\"Juveliir: turmaliinidega vitss\u00f5rmus\",\"isPartOf\":{\"@id\":\"https:\/\/fashiongold.lt\/et\/#website\"},\"primaryImageOfPage\":{\"@id\":\"https:\/\/fashiongold.lt\/et\/papuosalas\/turmaliinid-turmaliinidega-vits-sormus-ai-juveliir\/#primaryimage\"},\"image\":{\"@id\":\"https:\/\/fashiongold.lt\/et\/papuosalas\/turmaliinid-turmaliinidega-vits-sormus-ai-juveliir\/#primaryimage\"},\"thumbnailUrl\":\"https:\/\/fashiongold.lt\/wp-content\/uploads\/2025\/12\/Ziedas-juostele-tik-su-zaliais-turmalinais-raudonam-aukse.png\",\"datePublished\":\"2025-12-28T08:43:34+00:00\",\"description\":\"Turmaliinidega s\u00f5rmus \u2013 subtiilsed helesinised varjundid, individuaalne ehtet\u00f6\u00f6 ja ajatu elegants\",\"breadcrumb\":{\"@id\":\"https:\/\/fashiongold.lt\/et\/papuosalas\/turmaliinid-turmaliinidega-vits-sormus-ai-juveliir\/#breadcrumb\"},\"inLanguage\":\"et\",\"potentialAction\":[{\"@type\":\"ReadAction\",\"target\":[\"https:\/\/fashiongold.lt\/et\/papuosalas\/turmaliinid-turmaliinidega-vits-sormus-ai-juveliir\/\"]}]},{\"@type\":\"ImageObject\",\"inLanguage\":\"et\",\"@id\":\"https:\/\/fashiongold.lt\/et\/papuosalas\/turmaliinid-turmaliinidega-vits-sormus-ai-juveliir\/#primaryimage\",\"url\":\"https:\/\/fashiongold.lt\/wp-content\/uploads\/2025\/12\/Ziedas-juostele-tik-su-zaliais-turmalinais-raudonam-aukse.png\",\"contentUrl\":\"https:\/\/fashiongold.lt\/wp-content\/uploads\/2025\/12\/Ziedas-juostele-tik-su-zaliais-turmalinais-raudonam-aukse.png\",\"width\":1536,\"height\":1024,\"caption\":\"\u017diedas juostel\u0117 tik su \u017ealiais turmalinais raudonam aukse\"},{\"@type\":\"BreadcrumbList\",\"@id\":\"https:\/\/fashiongold.lt\/et\/papuosalas\/turmaliinid-turmaliinidega-vits-sormus-ai-juveliir\/#breadcrumb\",\"itemListElement\":[{\"@type\":\"ListItem\",\"position\":1,\"name\":\"Home\",\"item\":\"https:\/\/fashiongold.lt\/et\/\"},{\"@type\":\"ListItem\",\"position\":2,\"name\":\"Teemantide pood Fashiongold.lt\",\"item\":\"https:\/\/fashiongold.lt\/shop-2\/\"},{\"@type\":\"ListItem\",\"position\":3,\"name\":\"Turmaliinid &#8211; Turmaliinidega vits-s\u00f5rmus. AI Juveliir\"}]},{\"@type\":\"WebSite\",\"@id\":\"https:\/\/fashiongold.lt\/et\/#website\",\"url\":\"https:\/\/fashiongold.lt\/et\/\",\"name\":\"Fashion Gold\",\"description\":\"Juvelyrikos namai\",\"publisher\":{\"@id\":\"https:\/\/fashiongold.lt\/et\/#organization\"},\"potentialAction\":[{\"@type\":\"SearchAction\",\"target\":{\"@type\":\"EntryPoint\",\"urlTemplate\":\"https:\/\/fashiongold.lt\/et\/?s={search_term_string}\"},\"query-input\":{\"@type\":\"PropertyValueSpecification\",\"valueRequired\":true,\"valueName\":\"search_term_string\"}}],\"inLanguage\":\"et\"},{\"@type\":\"Organization\",\"@id\":\"https:\/\/fashiongold.lt\/et\/#organization\",\"name\":\"Topdiamonds Online\",\"url\":\"https:\/\/fashiongold.lt\/et\/\",\"logo\":{\"@type\":\"ImageObject\",\"inLanguage\":\"et\",\"@id\":\"https:\/\/fashiongold.lt\/et\/#\/schema\/logo\/image\/\",\"url\":\"https:\/\/fashiongold.lt\/wp-content\/uploads\/2025\/04\/cropped-fashion_gold_logotipas2-scaled-1.png\",\"contentUrl\":\"https:\/\/fashiongold.lt\/wp-content\/uploads\/2025\/04\/cropped-fashion_gold_logotipas2-scaled-1.png\",\"width\":2559,\"height\":421,\"caption\":\"Topdiamonds Online\"},\"image\":{\"@id\":\"https:\/\/fashiongold.lt\/et\/#\/schema\/logo\/image\/\"}}]}<\/script>\n<!-- \/ Yoast SEO plugin. -->","yoast_head_json":{"title":"Juveliir: turmaliinidega vitss\u00f5rmus","description":"Turmaliinidega s\u00f5rmus \u2013 subtiilsed helesinised varjundid, individuaalne ehtet\u00f6\u00f6 ja ajatu elegants","robots":{"index":"index","follow":"follow","max-snippet":"max-snippet:-1","max-image-preview":"max-image-preview:large","max-video-preview":"max-video-preview:-1"},"canonical":"https:\/\/fashiongold.lt\/et\/papuosalas\/turmaliinid-turmaliinidega-vits-sormus-ai-juveliir\/","og_locale":"et_EE","og_type":"article","og_title":"Juveliir: turmaliinidega vitss\u00f5rmus","og_description":"Turmaliinidega s\u00f5rmus \u2013 subtiilsed helesinised varjundid, individuaalne ehtet\u00f6\u00f6 ja ajatu elegants","og_url":"https:\/\/fashiongold.lt\/et\/papuosalas\/turmaliinid-turmaliinidega-vits-sormus-ai-juveliir\/","og_site_name":"FashionGold.lt","og_image":[{"width":1536,"height":1024,"url":"https:\/\/fashiongold.lt\/wp-content\/uploads\/2025\/12\/Ziedas-juostele-tik-su-zaliais-turmalinais-raudonam-aukse.webp","type":"image\/png"}],"twitter_card":"summary_large_image","twitter_misc":{"Est. reading time":"3 minutit"},"schema":{"@context":"https:\/\/schema.org","@graph":[{"@type":"WebPage","@id":"https:\/\/fashiongold.lt\/et\/papuosalas\/turmaliinid-turmaliinidega-vits-sormus-ai-juveliir\/","url":"https:\/\/fashiongold.lt\/et\/papuosalas\/turmaliinid-turmaliinidega-vits-sormus-ai-juveliir\/","name":"Juveliir: turmaliinidega vitss\u00f5rmus","isPartOf":{"@id":"https:\/\/fashiongold.lt\/et\/#website"},"primaryImageOfPage":{"@id":"https:\/\/fashiongold.lt\/et\/papuosalas\/turmaliinid-turmaliinidega-vits-sormus-ai-juveliir\/#primaryimage"},"image":{"@id":"https:\/\/fashiongold.lt\/et\/papuosalas\/turmaliinid-turmaliinidega-vits-sormus-ai-juveliir\/#primaryimage"},"thumbnailUrl":"https:\/\/fashiongold.lt\/wp-content\/uploads\/2025\/12\/Ziedas-juostele-tik-su-zaliais-turmalinais-raudonam-aukse.png","datePublished":"2025-12-28T08:43:34+00:00","description":"Turmaliinidega s\u00f5rmus \u2013 subtiilsed helesinised varjundid, individuaalne ehtet\u00f6\u00f6 ja ajatu elegants","breadcrumb":{"@id":"https:\/\/fashiongold.lt\/et\/papuosalas\/turmaliinid-turmaliinidega-vits-sormus-ai-juveliir\/#breadcrumb"},"inLanguage":"et","potentialAction":[{"@type":"ReadAction","target":["https:\/\/fashiongold.lt\/et\/papuosalas\/turmaliinid-turmaliinidega-vits-sormus-ai-juveliir\/"]}]},{"@type":"ImageObject","inLanguage":"et","@id":"https:\/\/fashiongold.lt\/et\/papuosalas\/turmaliinid-turmaliinidega-vits-sormus-ai-juveliir\/#primaryimage","url":"https:\/\/fashiongold.lt\/wp-content\/uploads\/2025\/12\/Ziedas-juostele-tik-su-zaliais-turmalinais-raudonam-aukse.png","contentUrl":"https:\/\/fashiongold.lt\/wp-content\/uploads\/2025\/12\/Ziedas-juostele-tik-su-zaliais-turmalinais-raudonam-aukse.png","width":1536,"height":1024,"caption":"\u017diedas juostel\u0117 tik su \u017ealiais turmalinais raudonam aukse"},{"@type":"BreadcrumbList","@id":"https:\/\/fashiongold.lt\/et\/papuosalas\/turmaliinid-turmaliinidega-vits-sormus-ai-juveliir\/#breadcrumb","itemListElement":[{"@type":"ListItem","position":1,"name":"Home","item":"https:\/\/fashiongold.lt\/et\/"},{"@type":"ListItem","position":2,"name":"Teemantide pood Fashiongold.lt","item":"https:\/\/fashiongold.lt\/shop-2\/"},{"@type":"ListItem","position":3,"name":"Turmaliinid &#8211; Turmaliinidega vits-s\u00f5rmus. AI Juveliir"}]},{"@type":"WebSite","@id":"https:\/\/fashiongold.lt\/et\/#website","url":"https:\/\/fashiongold.lt\/et\/","name":"Fashion Gold","description":"Juvelyrikos namai","publisher":{"@id":"https:\/\/fashiongold.lt\/et\/#organization"},"potentialAction":[{"@type":"SearchAction","target":{"@type":"EntryPoint","urlTemplate":"https:\/\/fashiongold.lt\/et\/?s={search_term_string}"},"query-input":{"@type":"PropertyValueSpecification","valueRequired":true,"valueName":"search_term_string"}}],"inLanguage":"et"},{"@type":"Organization","@id":"https:\/\/fashiongold.lt\/et\/#organization","name":"Topdiamonds Online","url":"https:\/\/fashiongold.lt\/et\/","logo":{"@type":"ImageObject","inLanguage":"et","@id":"https:\/\/fashiongold.lt\/et\/#\/schema\/logo\/image\/","url":"https:\/\/fashiongold.lt\/wp-content\/uploads\/2025\/04\/cropped-fashion_gold_logotipas2-scaled-1.png","contentUrl":"https:\/\/fashiongold.lt\/wp-content\/uploads\/2025\/04\/cropped-fashion_gold_logotipas2-scaled-1.png","width":2559,"height":421,"caption":"Topdiamonds Online"},"image":{"@id":"https:\/\/fashiongold.lt\/et\/#\/schema\/logo\/image\/"}}]}},"_links":{"self":[{"href":"https:\/\/fashiongold.lt\/et\/wp-json\/wp\/v2\/product\/273829","targetHints":{"allow":["GET"]}}],"collection":[{"href":"https:\/\/fashiongold.lt\/et\/wp-json\/wp\/v2\/product"}],"about":[{"href":"https:\/\/fashiongold.lt\/et\/wp-json\/wp\/v2\/types\/product"}],"version-history":[{"count":0,"href":"https:\/\/fashiongold.lt\/et\/wp-json\/wp\/v2\/product\/273829\/revisions"}],"wp:featuredmedia":[{"embeddable":true,"href":"https:\/\/fashiongold.lt\/et\/wp-json\/wp\/v2\/media\/265614"}],"wp:attachment":[{"href":"https:\/\/fashiongold.lt\/et\/wp-json\/wp\/v2\/media?parent=273829"}],"wp:term":[{"taxonomy":"product_brand","embeddable":true,"href":"https:\/\/fashiongold.lt\/et\/wp-json\/wp\/v2\/product_brand?post=273829"},{"taxonomy":"product_cat","embeddable":true,"href":"https:\/\/fashiongold.lt\/et\/wp-json\/wp\/v2\/product_cat?post=273829"},{"taxonomy":"product_tag","embeddable":true,"href":"https:\/\/fashiongold.lt\/et\/wp-json\/wp\/v2\/product_tag?post=273829"}],"curies":[{"name":"wp","href":"https:\/\/api.w.org\/{rel}","templated":true}]}}