{"id":273835,"date":"2025-12-27T13:40:00","date_gmt":"2025-12-27T13:40:00","guid":{"rendered":"https:\/\/fashiongold.lt\/papuosalas\/peridoodid-korvarongad-peridootide-ja-teemantidega-ai-juveliir\/"},"modified":"2025-12-27T13:40:00","modified_gmt":"2025-12-27T13:40:00","slug":"peridoodid-korvarongad-peridootide-ja-teemantidega-ai-juveliir","status":"publish","type":"product","link":"https:\/\/fashiongold.lt\/et\/papuosalas\/peridoodid-korvarongad-peridootide-ja-teemantidega-ai-juveliir\/","title":{"rendered":"Peridoodid &#8211; K\u00f5rvar\u00f5ngad peridootide ja teemantidega. AI Juveliir"},"content":{"rendered":"<h2 data-start=\"206\" data-end=\"296\">AI Juveelikunstnik: <strong data-start=\"135\" data-end=\"209\">peridoodiga k\u00f5rvar\u00f5ngad \u2013 valmistamine eritellimusel<\/strong><\/h2>\n<p data-start=\"211\" data-end=\"635\">Rohelise peridoodiga k\u00f5rvar\u00f5ngad on juveliiri poolt loodud ja valmistatud individuaalne projekt, kus iga detail on l\u00e4bi m\u00f5eldud vastavalt valitud v\u00e4\u00e4riskivile \u2013 peridoodile. Tegemist ei ole seeriatootega \u2013 see on t\u00f5eline juveelit\u00f6\u00f6, mis algab ideest ja l\u00f5peb k\u00e4sitsi valmistatud ainulaadsete k\u00f5rvar\u00f5ngastega. Iga projekt luuakse individuaalselt, eesm\u00e4rgiga saavutada k\u00f5rgeim kvaliteet ja eksklusiivsus.<\/p>\n<p data-start=\"637\" data-end=\"1105\">Peridoodiga k\u00f5rvar\u00f5ngaste projekteerimisel hindab juveliir esmalt selle v\u00e4\u00e4riskivi omadusi \u2013 selle kirgast rohelist v\u00e4rvi, l\u00e4bipaistvust, kuju ja proportsioone. Just konkreetse peridoodi j\u00e4rgi luuakse kogu disain: k\u00f5rvar\u00f5ngaste kuju, krooni k\u00f5rgus, halo-teemantide paigutus, \u00fcldised proportsioonid ja visuaalne tasakaal. Iga paar k\u00f5rvar\u00f5ngaid n\u00f5uab \u00e4\u00e4rmiselt hoolikat ja professionaalset t\u00f6\u00f6d, et saavutada t\u00e4iuslik kombinatsioon esteetikast, mugavusest ja vastupidavusest.<\/p>\n<p data-start=\"1107\" data-end=\"1208\">Rohelise peridoodiga k\u00f5rvar\u00f5ngad valmistatakse eritellimusel, seega saame kohandada:<\/p>\n<ul data-start=\"997\" data-end=\"1252\">\n<li data-start=\"997\" data-end=\"1056\">\n<p data-start=\"999\" data-end=\"1056\">mis tahes kullav\u00e4rvi (valge, kollane v\u00f5i punane),<\/p>\n<\/li>\n<li data-start=\"1057\" data-end=\"1103\">\n<p data-start=\"1059\" data-end=\"1103\">valitud kulla <a href=\"https:\/\/fashiongold.lt\/et\/patarimai-et\/kulla-proov-ehetele-kuidas-valida-oiget\/\">proovi<\/a> \u2013 585 v\u00f5i 750,<\/p>\n<\/li>\n<li data-start=\"1104\" data-end=\"1152\">\n<p data-start=\"1106\" data-end=\"1152\">erinevat teemantide suurust ja nende paigutust,<\/p>\n<\/li>\n<li data-start=\"1153\" data-end=\"1252\">\n<p data-start=\"1155\" data-end=\"1252\">individuaalset peridoodi varjundit \u2013 \u00f5rnast heledast rohelisest kuni k\u00fcllastunud oliivi- v\u00f5i kollakasrohelise toonini.<\/p>\n<\/li>\n<\/ul>\n<p data-start=\"1254\" data-end=\"1449\">Valides k\u00f5rvar\u00f5ngad individuaalse projekti j\u00e4rgi, on k\u00f5ige olulisem see, mis vastab teie isiksusele, stiilile ja eluviisile. Sellisest ehtest saab mitte ainult stiilne detail teie v\u00e4limuses, vaid ka pikaajaline emotsionaalne ja esteetiline v\u00e4\u00e4rtus.<\/p>\n<p data-start=\"1451\" data-end=\"1862\">Selles mudelis on valitud halo-disain, mis r\u00f5hutab delikaatselt peridoodi s\u00e4ra ning annab k\u00f5rvar\u00f5ngastele t\u00e4iendavat luksust ja eksklusiivsust. V\u00e4ikesed teemandid raamivad elegantselt keskset kivi, tugevdades valguse m\u00e4ngu, ning v\u00e4\u00e4riskivi ise \u2013 peridoot \u2013 muutub peamiseks visuaalseks aktsendiks. Eksklusiivsete v\u00e4\u00e4riskivide seas tasub mainida ka <a href=\"https:\/\/fashiongold.lt\/et\/safiir-tarkuse-rahu-ja-truuduse-kivi-ehtekunstis\/#\">safiiri<\/a>, kuid peridoot eristub oma v\u00e4rske ja loomuliku rohelise esteetika poolest.<\/p>\n<p data-start=\"1864\" data-end=\"2015\">K\u00f5ik k\u00f5rvar\u00f5ngad ja muud ehted on valmistatud Leedus ning neil on Leedu Proovikoja sertifikaadid, mis tagavad kvaliteedi ja metallide ehtsuse.<\/p>\n<p data-start=\"2017\" data-end=\"2283\">See on juveliiri <a href=\"https:\/\/fashiongold.lt\/et\/patarimai-et\/juveliir-kui-teie-unistus-saab-kulla-kuju\/\">valmistatud<\/a> eritellimusel valmiv projekt neile, kes otsivad enamat kui lihtsalt k\u00f5rvar\u00f5ngaid \u2013 nad otsivad isiklikku lugu, mis on loodud kullast, teemantidest ja peridoodist. Iga selline k\u00f5rvar\u00f5ngapaar on ainulaadne, loodud just teile ja teie valitud v\u00e4\u00e4riskivile.<\/p>\n<h4>Meie teenused<\/h4>\n<p>Pakume <a href=\"https:\/\/fashiongold.lt\/et\/kategorija\/ehete-valmistamine\/\" target=\"_self\" rel=\"noopener noreferrer\">individuaalset disaini, kus iga ehe luuakse vastavalt teie ideedele ja visioonile<\/a>. Samuti teostame restaureerimist, et teie kallid ehted s\u00e4raksid j\u00e4lle nagu uued. Iga meie looming ei ole lihtsalt ehe, vaid teie isiksuse peegeldus. Iga meie t\u00f6\u00f6 on t\u00f5estus sellest, et kvaliteet ja loovus saavad k\u00e4ia k\u00e4sik\u00e4es.<\/p>\n<h4>Avatus ja Garantii<\/h4>\n<p>Meie l\u00e4henemine on avatus ja siiras suhtlus iga kliendiga. Alates esimesest konsultatsioonist kuni ehte k\u00e4ttesaamiseni oleme teie k\u00f5rval, et aidata k\u00f5igis k\u00fcsimustes. Anname k\u00f5igile oma toodetele 5-aastase kvaliteedigarantii, nii et v\u00f5ite olla kindlad nende usaldusv\u00e4\u00e4rsuses ja vastupidavuses. Meie garantii h\u00f5lmab k\u00f5iki valmistamise kvaliteedi aspekte, et saaksite nautida oma ehteid muretult aastaid. Me hoolime sellest, et iga meie klient tunneks end kindlalt ja teaks, et meie ehted on usaldust v\u00e4\u00e4rt.<\/p>\n<h4>Tellimused ja konsultatsioonid<\/h4>\n<p>Kui soovite tellida individuaalset ehet v\u00f5i konsulteerida oma ideede osas, on meie meeskond alati valmis teid aitama. Konsultatsiooni k\u00e4igus arutame teie visiooni, soove ja pakume parimaid lahendusi, et saaksime valmistada ehteid, mis vastavad teie ootustele. P\u00f6\u00f6rame igale tellimusele erilist t\u00e4helepanu, mist\u00f5ttu saame pakkuda individuaalseid lahendusi nii kihlas\u00f5rmuste kui ka muude ehete jaoks. Ehete valmistamine kestab tavaliselt umbes 5 n\u00e4dalat, kuid p\u00fc\u00fcame alati, et teie ehted valmiksid nii kiiresti kui v\u00f5imalik. V\u00f5tke meiega \u00fchendust \u2013 loome koos ehted, mis saavad osaks teie loost.<\/p>\n","protected":false},"excerpt":{"rendered":"<p>AI Juveelikunstnik: peridoodiga k\u00f5rvar\u00f5ngad \u2013 valmistamine eritellimusel Rohelise peridoodiga k\u00f5rvar\u00f5ngad on juveliiri poolt loodud ja valmistatud individuaalne projekt, kus iga [&hellip;]<\/p>\n","protected":false},"featured_media":265188,"template":"","meta":{"site-sidebar-layout":"default","site-content-layout":"","ast-site-content-layout":"default","site-content-style":"default","site-sidebar-style":"default","ast-global-header-display":"","ast-banner-title-visibility":"","ast-main-header-display":"","ast-hfb-above-header-display":"","ast-hfb-below-header-display":"","ast-hfb-mobile-header-display":"","site-post-title":"","ast-breadcrumbs-content":"","ast-featured-img":"","footer-sml-layout":"","ast-disable-related-posts":"","theme-transparent-header-meta":"default","adv-header-id-meta":"","stick-header-meta":"","header-above-stick-meta":"","header-main-stick-meta":"","header-below-stick-meta":"","astra-migrate-meta-layouts":"default","ast-page-background-enabled":"default","ast-page-background-meta":{"desktop":{"background-color":"var(--ast-global-color-4)","background-image":"","background-repeat":"repeat","background-position":"center center","background-size":"auto","background-attachment":"scroll","background-type":"","background-media":"","overlay-type":"","overlay-color":"","overlay-opacity":"","overlay-gradient":""},"tablet":{"background-color":"","background-image":"","background-repeat":"repeat","background-position":"center center","background-size":"auto","background-attachment":"scroll","background-type":"","background-media":"","overlay-type":"","overlay-color":"","overlay-opacity":"","overlay-gradient":""},"mobile":{"background-color":"","background-image":"","background-repeat":"repeat","background-position":"center center","background-size":"auto","background-attachment":"scroll","background-type":"","background-media":"","overlay-type":"","overlay-color":"","overlay-opacity":"","overlay-gradient":""}},"ast-content-background-meta":{"desktop":{"background-color":"var(--ast-global-color-5)","background-image":"","background-repeat":"repeat","background-position":"center center","background-size":"auto","background-attachment":"scroll","background-type":"","background-media":"","overlay-type":"","overlay-color":"","overlay-opacity":"","overlay-gradient":""},"tablet":{"background-color":"var(--ast-global-color-5)","background-image":"","background-repeat":"repeat","background-position":"center center","background-size":"auto","background-attachment":"scroll","background-type":"","background-media":"","overlay-type":"","overlay-color":"","overlay-opacity":"","overlay-gradient":""},"mobile":{"background-color":"var(--ast-global-color-5)","background-image":"","background-repeat":"repeat","background-position":"center center","background-size":"auto","background-attachment":"scroll","background-type":"","background-media":"","overlay-type":"","overlay-color":"","overlay-opacity":"","overlay-gradient":""}}},"product_brand":[],"product_cat":[2838,2839,3500],"product_tag":[],"class_list":{"0":"post-273835","1":"product","2":"type-product","3":"status-publish","4":"has-post-thumbnail","6":"product_cat-ehete-valmistamine","7":"product_cat-juveliir","8":"product_cat-roosade-vaariskividega-ehted","9":"desktop-align-center","10":"tablet-align-left","11":"mobile-align-left","12":"ast-product-gallery-layout-horizontal-slider","13":"ast-product-tabs-layout-accordion","14":"ast-qv-on-image","16":"first","17":"onbackorder","18":"taxable","19":"shipping-taxable","20":"purchasable","21":"product-type-simple"},"yoast_head":"<!-- This site is optimized with the Yoast SEO plugin v26.6 - https:\/\/yoast.com\/wordpress\/plugins\/seo\/ -->\n<title>Juveliir: K\u00f5rvar\u00f5ngad peridoodiga \u2013 individuaalne valmistamine<\/title>\n<meta name=\"description\" content=\"K\u00e4sit\u00f6\u00f6na valminud k\u00f5rvar\u00f5ngad peridoodi ja teemantidega. Individuaalne disain, k\u00e4sit\u00f6\u00f6, sertifitseeritud kuld, juveliiri t\u00f6\u00f6 Leedus.\" \/>\n<meta name=\"robots\" content=\"index, follow, max-snippet:-1, max-image-preview:large, max-video-preview:-1\" \/>\n<link rel=\"canonical\" href=\"https:\/\/fashiongold.lt\/et\/papuosalas\/peridoodid-korvarongad-peridootide-ja-teemantidega-ai-juveliir\/\" \/>\n<meta property=\"og:locale\" content=\"et_EE\" \/>\n<meta property=\"og:type\" content=\"article\" \/>\n<meta property=\"og:title\" content=\"Juveliir: K\u00f5rvar\u00f5ngad peridoodiga \u2013 individuaalne valmistamine\" \/>\n<meta property=\"og:description\" content=\"K\u00e4sit\u00f6\u00f6na valminud k\u00f5rvar\u00f5ngad peridoodi ja teemantidega. Individuaalne disain, k\u00e4sit\u00f6\u00f6, sertifitseeritud kuld, juveliiri t\u00f6\u00f6 Leedus.\" \/>\n<meta property=\"og:url\" content=\"https:\/\/fashiongold.lt\/et\/papuosalas\/peridoodid-korvarongad-peridootide-ja-teemantidega-ai-juveliir\/\" \/>\n<meta property=\"og:site_name\" content=\"FashionGold.lt\" \/>\n<meta property=\"og:image\" content=\"https:\/\/fashiongold.lt\/wp-content\/uploads\/2025\/12\/auskarai-su-laso-formos-peridotais-baltas-auksas-subtilus-deimantai-aplinkui.webp\" \/>\n\t<meta property=\"og:image:width\" content=\"1024\" \/>\n\t<meta property=\"og:image:height\" content=\"1024\" \/>\n\t<meta property=\"og:image:type\" content=\"image\/png\" \/>\n<meta name=\"twitter:card\" content=\"summary_large_image\" \/>\n<meta name=\"twitter:label1\" content=\"Est. reading time\" \/>\n\t<meta name=\"twitter:data1\" content=\"3 minutit\" \/>\n<script type=\"application\/ld+json\" class=\"yoast-schema-graph\">{\"@context\":\"https:\/\/schema.org\",\"@graph\":[{\"@type\":\"WebPage\",\"@id\":\"https:\/\/fashiongold.lt\/et\/papuosalas\/peridoodid-korvarongad-peridootide-ja-teemantidega-ai-juveliir\/\",\"url\":\"https:\/\/fashiongold.lt\/et\/papuosalas\/peridoodid-korvarongad-peridootide-ja-teemantidega-ai-juveliir\/\",\"name\":\"Juveliir: K\u00f5rvar\u00f5ngad peridoodiga \u2013 individuaalne valmistamine\",\"isPartOf\":{\"@id\":\"https:\/\/fashiongold.lt\/et\/#website\"},\"primaryImageOfPage\":{\"@id\":\"https:\/\/fashiongold.lt\/et\/papuosalas\/peridoodid-korvarongad-peridootide-ja-teemantidega-ai-juveliir\/#primaryimage\"},\"image\":{\"@id\":\"https:\/\/fashiongold.lt\/et\/papuosalas\/peridoodid-korvarongad-peridootide-ja-teemantidega-ai-juveliir\/#primaryimage\"},\"thumbnailUrl\":\"https:\/\/fashiongold.lt\/wp-content\/uploads\/2025\/12\/auskarai-su-laso-formos-peridotais-baltas-auksas-subtilus-deimantai-aplinkui.png\",\"datePublished\":\"2025-12-27T13:40:00+00:00\",\"description\":\"K\u00e4sit\u00f6\u00f6na valminud k\u00f5rvar\u00f5ngad peridoodi ja teemantidega. Individuaalne disain, k\u00e4sit\u00f6\u00f6, sertifitseeritud kuld, juveliiri t\u00f6\u00f6 Leedus.\",\"breadcrumb\":{\"@id\":\"https:\/\/fashiongold.lt\/et\/papuosalas\/peridoodid-korvarongad-peridootide-ja-teemantidega-ai-juveliir\/#breadcrumb\"},\"inLanguage\":\"et\",\"potentialAction\":[{\"@type\":\"ReadAction\",\"target\":[\"https:\/\/fashiongold.lt\/et\/papuosalas\/peridoodid-korvarongad-peridootide-ja-teemantidega-ai-juveliir\/\"]}]},{\"@type\":\"ImageObject\",\"inLanguage\":\"et\",\"@id\":\"https:\/\/fashiongold.lt\/et\/papuosalas\/peridoodid-korvarongad-peridootide-ja-teemantidega-ai-juveliir\/#primaryimage\",\"url\":\"https:\/\/fashiongold.lt\/wp-content\/uploads\/2025\/12\/auskarai-su-laso-formos-peridotais-baltas-auksas-subtilus-deimantai-aplinkui.png\",\"contentUrl\":\"https:\/\/fashiongold.lt\/wp-content\/uploads\/2025\/12\/auskarai-su-laso-formos-peridotais-baltas-auksas-subtilus-deimantai-aplinkui.png\",\"width\":1024,\"height\":1024,\"caption\":\"auskarai su las\u030co formos peridotais, baltas auksas, subtilu\u0304s deimantai aplinkui\"},{\"@type\":\"BreadcrumbList\",\"@id\":\"https:\/\/fashiongold.lt\/et\/papuosalas\/peridoodid-korvarongad-peridootide-ja-teemantidega-ai-juveliir\/#breadcrumb\",\"itemListElement\":[{\"@type\":\"ListItem\",\"position\":1,\"name\":\"Home\",\"item\":\"https:\/\/fashiongold.lt\/et\/\"},{\"@type\":\"ListItem\",\"position\":2,\"name\":\"Teemantide pood Fashiongold.lt\",\"item\":\"https:\/\/fashiongold.lt\/shop-2\/\"},{\"@type\":\"ListItem\",\"position\":3,\"name\":\"Peridoodid &#8211; K\u00f5rvar\u00f5ngad peridootide ja teemantidega. AI Juveliir\"}]},{\"@type\":\"WebSite\",\"@id\":\"https:\/\/fashiongold.lt\/et\/#website\",\"url\":\"https:\/\/fashiongold.lt\/et\/\",\"name\":\"Fashion Gold\",\"description\":\"Juvelyrikos namai\",\"publisher\":{\"@id\":\"https:\/\/fashiongold.lt\/et\/#organization\"},\"potentialAction\":[{\"@type\":\"SearchAction\",\"target\":{\"@type\":\"EntryPoint\",\"urlTemplate\":\"https:\/\/fashiongold.lt\/et\/?s={search_term_string}\"},\"query-input\":{\"@type\":\"PropertyValueSpecification\",\"valueRequired\":true,\"valueName\":\"search_term_string\"}}],\"inLanguage\":\"et\"},{\"@type\":\"Organization\",\"@id\":\"https:\/\/fashiongold.lt\/et\/#organization\",\"name\":\"Topdiamonds Online\",\"url\":\"https:\/\/fashiongold.lt\/et\/\",\"logo\":{\"@type\":\"ImageObject\",\"inLanguage\":\"et\",\"@id\":\"https:\/\/fashiongold.lt\/et\/#\/schema\/logo\/image\/\",\"url\":\"https:\/\/fashiongold.lt\/wp-content\/uploads\/2025\/04\/cropped-fashion_gold_logotipas2-scaled-1.png\",\"contentUrl\":\"https:\/\/fashiongold.lt\/wp-content\/uploads\/2025\/04\/cropped-fashion_gold_logotipas2-scaled-1.png\",\"width\":2559,\"height\":421,\"caption\":\"Topdiamonds Online\"},\"image\":{\"@id\":\"https:\/\/fashiongold.lt\/et\/#\/schema\/logo\/image\/\"}}]}<\/script>\n<!-- \/ Yoast SEO plugin. -->","yoast_head_json":{"title":"Juveliir: K\u00f5rvar\u00f5ngad peridoodiga \u2013 individuaalne valmistamine","description":"K\u00e4sit\u00f6\u00f6na valminud k\u00f5rvar\u00f5ngad peridoodi ja teemantidega. Individuaalne disain, k\u00e4sit\u00f6\u00f6, sertifitseeritud kuld, juveliiri t\u00f6\u00f6 Leedus.","robots":{"index":"index","follow":"follow","max-snippet":"max-snippet:-1","max-image-preview":"max-image-preview:large","max-video-preview":"max-video-preview:-1"},"canonical":"https:\/\/fashiongold.lt\/et\/papuosalas\/peridoodid-korvarongad-peridootide-ja-teemantidega-ai-juveliir\/","og_locale":"et_EE","og_type":"article","og_title":"Juveliir: K\u00f5rvar\u00f5ngad peridoodiga \u2013 individuaalne valmistamine","og_description":"K\u00e4sit\u00f6\u00f6na valminud k\u00f5rvar\u00f5ngad peridoodi ja teemantidega. Individuaalne disain, k\u00e4sit\u00f6\u00f6, sertifitseeritud kuld, juveliiri t\u00f6\u00f6 Leedus.","og_url":"https:\/\/fashiongold.lt\/et\/papuosalas\/peridoodid-korvarongad-peridootide-ja-teemantidega-ai-juveliir\/","og_site_name":"FashionGold.lt","og_image":[{"width":1024,"height":1024,"url":"https:\/\/fashiongold.lt\/wp-content\/uploads\/2025\/12\/auskarai-su-laso-formos-peridotais-baltas-auksas-subtilus-deimantai-aplinkui.webp","type":"image\/png"}],"twitter_card":"summary_large_image","twitter_misc":{"Est. reading time":"3 minutit"},"schema":{"@context":"https:\/\/schema.org","@graph":[{"@type":"WebPage","@id":"https:\/\/fashiongold.lt\/et\/papuosalas\/peridoodid-korvarongad-peridootide-ja-teemantidega-ai-juveliir\/","url":"https:\/\/fashiongold.lt\/et\/papuosalas\/peridoodid-korvarongad-peridootide-ja-teemantidega-ai-juveliir\/","name":"Juveliir: K\u00f5rvar\u00f5ngad peridoodiga \u2013 individuaalne valmistamine","isPartOf":{"@id":"https:\/\/fashiongold.lt\/et\/#website"},"primaryImageOfPage":{"@id":"https:\/\/fashiongold.lt\/et\/papuosalas\/peridoodid-korvarongad-peridootide-ja-teemantidega-ai-juveliir\/#primaryimage"},"image":{"@id":"https:\/\/fashiongold.lt\/et\/papuosalas\/peridoodid-korvarongad-peridootide-ja-teemantidega-ai-juveliir\/#primaryimage"},"thumbnailUrl":"https:\/\/fashiongold.lt\/wp-content\/uploads\/2025\/12\/auskarai-su-laso-formos-peridotais-baltas-auksas-subtilus-deimantai-aplinkui.png","datePublished":"2025-12-27T13:40:00+00:00","description":"K\u00e4sit\u00f6\u00f6na valminud k\u00f5rvar\u00f5ngad peridoodi ja teemantidega. Individuaalne disain, k\u00e4sit\u00f6\u00f6, sertifitseeritud kuld, juveliiri t\u00f6\u00f6 Leedus.","breadcrumb":{"@id":"https:\/\/fashiongold.lt\/et\/papuosalas\/peridoodid-korvarongad-peridootide-ja-teemantidega-ai-juveliir\/#breadcrumb"},"inLanguage":"et","potentialAction":[{"@type":"ReadAction","target":["https:\/\/fashiongold.lt\/et\/papuosalas\/peridoodid-korvarongad-peridootide-ja-teemantidega-ai-juveliir\/"]}]},{"@type":"ImageObject","inLanguage":"et","@id":"https:\/\/fashiongold.lt\/et\/papuosalas\/peridoodid-korvarongad-peridootide-ja-teemantidega-ai-juveliir\/#primaryimage","url":"https:\/\/fashiongold.lt\/wp-content\/uploads\/2025\/12\/auskarai-su-laso-formos-peridotais-baltas-auksas-subtilus-deimantai-aplinkui.png","contentUrl":"https:\/\/fashiongold.lt\/wp-content\/uploads\/2025\/12\/auskarai-su-laso-formos-peridotais-baltas-auksas-subtilus-deimantai-aplinkui.png","width":1024,"height":1024,"caption":"auskarai su las\u030co formos peridotais, baltas auksas, subtilu\u0304s deimantai aplinkui"},{"@type":"BreadcrumbList","@id":"https:\/\/fashiongold.lt\/et\/papuosalas\/peridoodid-korvarongad-peridootide-ja-teemantidega-ai-juveliir\/#breadcrumb","itemListElement":[{"@type":"ListItem","position":1,"name":"Home","item":"https:\/\/fashiongold.lt\/et\/"},{"@type":"ListItem","position":2,"name":"Teemantide pood Fashiongold.lt","item":"https:\/\/fashiongold.lt\/shop-2\/"},{"@type":"ListItem","position":3,"name":"Peridoodid &#8211; K\u00f5rvar\u00f5ngad peridootide ja teemantidega. AI Juveliir"}]},{"@type":"WebSite","@id":"https:\/\/fashiongold.lt\/et\/#website","url":"https:\/\/fashiongold.lt\/et\/","name":"Fashion Gold","description":"Juvelyrikos namai","publisher":{"@id":"https:\/\/fashiongold.lt\/et\/#organization"},"potentialAction":[{"@type":"SearchAction","target":{"@type":"EntryPoint","urlTemplate":"https:\/\/fashiongold.lt\/et\/?s={search_term_string}"},"query-input":{"@type":"PropertyValueSpecification","valueRequired":true,"valueName":"search_term_string"}}],"inLanguage":"et"},{"@type":"Organization","@id":"https:\/\/fashiongold.lt\/et\/#organization","name":"Topdiamonds Online","url":"https:\/\/fashiongold.lt\/et\/","logo":{"@type":"ImageObject","inLanguage":"et","@id":"https:\/\/fashiongold.lt\/et\/#\/schema\/logo\/image\/","url":"https:\/\/fashiongold.lt\/wp-content\/uploads\/2025\/04\/cropped-fashion_gold_logotipas2-scaled-1.png","contentUrl":"https:\/\/fashiongold.lt\/wp-content\/uploads\/2025\/04\/cropped-fashion_gold_logotipas2-scaled-1.png","width":2559,"height":421,"caption":"Topdiamonds Online"},"image":{"@id":"https:\/\/fashiongold.lt\/et\/#\/schema\/logo\/image\/"}}]}},"_links":{"self":[{"href":"https:\/\/fashiongold.lt\/et\/wp-json\/wp\/v2\/product\/273835","targetHints":{"allow":["GET"]}}],"collection":[{"href":"https:\/\/fashiongold.lt\/et\/wp-json\/wp\/v2\/product"}],"about":[{"href":"https:\/\/fashiongold.lt\/et\/wp-json\/wp\/v2\/types\/product"}],"version-history":[{"count":0,"href":"https:\/\/fashiongold.lt\/et\/wp-json\/wp\/v2\/product\/273835\/revisions"}],"wp:featuredmedia":[{"embeddable":true,"href":"https:\/\/fashiongold.lt\/et\/wp-json\/wp\/v2\/media\/265188"}],"wp:attachment":[{"href":"https:\/\/fashiongold.lt\/et\/wp-json\/wp\/v2\/media?parent=273835"}],"wp:term":[{"taxonomy":"product_brand","embeddable":true,"href":"https:\/\/fashiongold.lt\/et\/wp-json\/wp\/v2\/product_brand?post=273835"},{"taxonomy":"product_cat","embeddable":true,"href":"https:\/\/fashiongold.lt\/et\/wp-json\/wp\/v2\/product_cat?post=273835"},{"taxonomy":"product_tag","embeddable":true,"href":"https:\/\/fashiongold.lt\/et\/wp-json\/wp\/v2\/product_tag?post=273835"}],"curies":[{"name":"wp","href":"https:\/\/api.w.org\/{rel}","templated":true}]}}