{"id":273854,"date":"2025-11-15T11:11:49","date_gmt":"2025-11-15T11:11:49","guid":{"rendered":"https:\/\/fashiongold.lt\/papuosalas\/kaasaegne-kihlasormus-laboriteemantidega-erakordne-sara-lab-038-ct\/"},"modified":"2025-11-15T11:11:49","modified_gmt":"2025-11-15T11:11:49","slug":"kaasaegne-kihlasormus-laboriteemantidega-erakordne-sara-lab-038-ct","status":"publish","type":"product","link":"https:\/\/fashiongold.lt\/et\/papuosalas\/kaasaegne-kihlasormus-laboriteemantidega-erakordne-sara-lab-038-ct\/","title":{"rendered":"Kaasaegne kihlas\u00f5rmus laboriteemantidega \u2013 erakordne s\u00e4ra (Lab 0,38 ct)"},"content":{"rendered":"<h2>Modernne kihlas\u00f5rmus laborikasvatatud teemantidega &#8211; erakordne s\u00e4ra (Lab 0,38 ct)<\/h2>\n<h3>Modernne kihlas\u00f5rmus teemantidega. Laboriteemandid. Teemantide kogukaal 0,38 karaati.<\/h3>\n<p data-start=\"263\" data-end=\"663\">Elegantne, kaasaegne ja t\u00e4iuslikult tasakaalustatud \u2013 see kihlas\u00f5rmus on loodud neile, kes hindavad rafineeritud luksust ja laitmatut kvaliteeti. Ovaalse kujuga 0,30 ct laborikasvatatud teemant toob esile s\u00f5rmuse s\u00e4ra, samal ajal kui 16 lisateemanti loovad peene s\u00e4rava raja \u00fcmber keskkivi. See on ajatu mudel, mis sobib iga naise stiiliga.<\/p>\n<p data-start=\"665\" data-end=\"835\">Valmistatud 14K (585 prooviga) valgest kullast, j\u00e4rgides Leedu k\u00f5rgeimaid juveelistandardeid. S\u00f5rmus on kerge, mugav ja sobib suurep\u00e4raselt igap\u00e4evaseks kandmiseks.<\/p>\n<p>\u2022 <strong><a href=\"https:\/\/fashiongold.lt\/et\/patarimai-et\/kulla-proov-ehetele-kuidas-valida-oiget\/\" target=\"_blank\" rel=\"noopener\">S\u00f5rmuse metall<\/a><\/strong>: 14K (585 proov), saame valmistada ka 10K (375 proov), 18K (750 proov), 950 plaatinast<\/p>\n<p>\u2022 <strong><a href=\"https:\/\/fashiongold.lt\/et\/patarimai-et\/kihla-ja-abielusormuste-kulla-varvus-valge-punane-voi-kollane-kuld\/\" target=\"_blank\" rel=\"noopener\">S\u00f5rmuse v\u00e4rv<\/a><\/strong>: valge, punane, kollane<\/p>\n<p>\u2022 <strong><a href=\"https:\/\/fashiongold.lt\/et\/patarimai-et\/teemantsormused-sormuse-kulla-kaal-ja-teemantide-kaal-karaatides-kuidas-valida-sobivat-soovitused-kuidas-moista-ja-hinnata\/\" target=\"_blank\" rel=\"noopener\">S\u00f5rmuse kaal<\/a><\/strong> (s\u00f5ltub suurusest): umbes 1,2 &#8211; 1,80 g<\/p>\n<p>\u2022 <strong><a href=\"https:\/\/fashiongold.lt\/et\/patarimai-et\/kihlasormused-taiusliku-proportsiooni-saladus-miks-moned-teemantsormused-naevad-luksuslikumad-valja\/\" target=\"_blank\" rel=\"noopener\">S\u00f5rmuse m\u00f5\u00f5dud<\/a><\/strong>: p\u00f5hikivi m\u00f5\u00f5dud umbes 5,5 x 3,7 mm, r\u00f5nga laius 1,3 mm<\/p>\n<p>\u2022 <strong><a href=\"https:\/\/fashiongold.lt\/et\/patarimai-et\/sormuse-mugavustsoon-voi-sormuse-mugavus\/\" target=\"_blank\" rel=\"noopener\">S\u00f5rmuse mugavustsoon<\/a><\/strong>: olemas<\/p>\n<p>\u2022 <strong><a href=\"https:\/\/fashiongold.lt\/et\/patarimai-et\/teemant-looduslik-laboris-kasvatatud-voi-kunstlik-kuidas-teha-oige-valik\/\" target=\"_blank\" rel=\"noopener\">Teemandi t\u00fc\u00fcp<\/a><\/strong>: Laboris kasvatatud teemant (tellimusel saame valmistada ka looduslike teemantidega)<\/p>\n<p>\u2022 <strong><a href=\"https:\/\/fashiongold.lt\/et\/patarimai-et\/teemant-teised-teemandi-kujud\/\" target=\"_blank\" rel=\"noopener\">Keskmise teemandi kuju<\/a><\/strong>: Ovaalne (<em>Oval cut<\/em>)<\/p>\n<p>\u2022 <strong><a href=\"https:\/\/fashiongold.lt\/et\/patarimai-et\/teemant-kuidas-hinnatakse-koige-vaartuslikuma-vaariskivi-luksust\/\" target=\"_blank\" rel=\"noopener\">Teemantide omadused<\/a><\/strong>: 0,30 ct keskkivi, v\u00e4ikesed teemandid 0,08 ct (v\u00e4rv F, puhtus VS2) (v\u00f5imalik muuta)<\/p>\n<p>\u2022 <strong><a href=\"https:\/\/fashiongold.lt\/et\/patarimai-et\/teemant-rubiin-safiir-smaragd-vaariskivide-sertifikaadid\/\" target=\"_blank\" rel=\"noopener\">Sertifikaat<\/a><\/strong>: Leedu Proovikoda (LPR)<\/p>\n<p>\u2022 <strong><a href=\"https:\/\/fashiongold.lt\/et\/patarimai-et\/kihlasormused-kas-sormust-saab-graveerida-detailid-mis-annavad-teie-kihlasormusele-individuaalsust\/\" target=\"_blank\" rel=\"noopener\">Graveerimine<\/a><\/strong> tasuta (k\u00fcsige, kas on v\u00f5imalik graveerida)<\/p>\n<p>\u2022 \u00dchekordne tasuta <strong><a href=\"https:\/\/fashiongold.lt\/et\/patarimai-et\/kihlasormused-tasuta-suuruse-muutmine-et-sormus-sobiks-ideaalselt\/\" target=\"_blank\" rel=\"noopener\">s\u00f5rmuse suuruse muutmise garantii<\/a><\/strong> (vastavalt v\u00f5imalustele)<\/p>\n<p>\u2022 <strong><a href=\"https:\/\/fashiongold.lt\/et\/tarne-ja-tagastamine\/\" target=\"_blank\" rel=\"noopener\">Valmistamis- ja tarneaeg<\/a><\/strong>: alates 14 t\u00f6\u00f6p\u00e4evast, kiirtellimusel 7 t\u00f6\u00f6p\u00e4eva jooksul.<\/p>\n<p><strong>Kas teil on oma v\u00e4\u00e4riskivi? <a href=\"https:\/\/fashiongold.lt\/et\/kontaktid\/\" target=\"_blank\" rel=\"noopener\">V\u00f5tke \u00fchendust<\/a>, arvutame hinna \u00fcmber \u2013 maksate ainult s\u00f5rmuse valmistamise eest.<\/strong><\/p>\n","protected":false},"excerpt":{"rendered":"<p>Erakordse s\u00e4raga kihluses\u00f5rmus 0,38 ct laboriteemantidega. Ovaalne 0,30 ct keskkivi ja peen teemantriba annavad s\u00f5rmusele elegantsi ja kaasaegset rafineeritust. Valmistatud 14K kullast, j\u00e4rgides hoolikalt k\u00f5rgeimaid juveelit\u00f6\u00f6 standardeid. T\u00e4iuslik valik kaasaegsele kallimale.<\/p>\n","protected":false},"featured_media":263936,"template":"","meta":{"site-sidebar-layout":"default","site-content-layout":"","ast-site-content-layout":"default","site-content-style":"default","site-sidebar-style":"default","ast-global-header-display":"","ast-banner-title-visibility":"","ast-main-header-display":"","ast-hfb-above-header-display":"","ast-hfb-below-header-display":"","ast-hfb-mobile-header-display":"","site-post-title":"","ast-breadcrumbs-content":"","ast-featured-img":"","footer-sml-layout":"","ast-disable-related-posts":"","theme-transparent-header-meta":"default","adv-header-id-meta":"","stick-header-meta":"","header-above-stick-meta":"","header-main-stick-meta":"","header-below-stick-meta":"","astra-migrate-meta-layouts":"default","ast-page-background-enabled":"default","ast-page-background-meta":{"desktop":{"background-color":"var(--ast-global-color-4)","background-image":"","background-repeat":"repeat","background-position":"center center","background-size":"auto","background-attachment":"scroll","background-type":"","background-media":"","overlay-type":"","overlay-color":"","overlay-opacity":"","overlay-gradient":""},"tablet":{"background-color":"","background-image":"","background-repeat":"repeat","background-position":"center center","background-size":"auto","background-attachment":"scroll","background-type":"","background-media":"","overlay-type":"","overlay-color":"","overlay-opacity":"","overlay-gradient":""},"mobile":{"background-color":"","background-image":"","background-repeat":"repeat","background-position":"center center","background-size":"auto","background-attachment":"scroll","background-type":"","background-media":"","overlay-type":"","overlay-color":"","overlay-opacity":"","overlay-gradient":""}},"ast-content-background-meta":{"desktop":{"background-color":"var(--ast-global-color-5)","background-image":"","background-repeat":"repeat","background-position":"center center","background-size":"auto","background-attachment":"scroll","background-type":"","background-media":"","overlay-type":"","overlay-color":"","overlay-opacity":"","overlay-gradient":""},"tablet":{"background-color":"var(--ast-global-color-5)","background-image":"","background-repeat":"repeat","background-position":"center center","background-size":"auto","background-attachment":"scroll","background-type":"","background-media":"","overlay-type":"","overlay-color":"","overlay-opacity":"","overlay-gradient":""},"mobile":{"background-color":"var(--ast-global-color-5)","background-image":"","background-repeat":"repeat","background-position":"center center","background-size":"auto","background-attachment":"scroll","background-type":"","background-media":"","overlay-type":"","overlay-color":"","overlay-opacity":"","overlay-gradient":""}}},"product_brand":[],"product_cat":[3058,3422,3558,2829,2823,2824,3392,3425,3548,3449,3426,3559,3445,3424],"product_tag":[],"class_list":{"0":"post-273854","1":"product","2":"type-product","3":"status-publish","4":"has-post-thumbnail","6":"product_cat-ehted","7":"product_cat-kihlasormused","8":"product_cat-kihlasormused-laboriteemantidega","9":"product_cat-kingitused-erilisteks-puhkudeks","10":"product_cat-kingitused-lapse-sunni-puhul","11":"product_cat-kingitused-pulma-aastapaeva-puhul","12":"product_cat-kingitused-pulmade-puhul","13":"product_cat-kollasest-kullast-kihlasormused","14":"product_cat-laboriteemantidega-ehted","15":"product_cat-modernsed-kihlasormused","16":"product_cat-punasest-kullast-kihlasormused","17":"product_cat-sormused-laboriteemantidega-kasvatatud-teemandid","18":"product_cat-top-kihlasormused","19":"product_cat-valgest-kullast-kihlasormused","20":"desktop-align-center","21":"tablet-align-left","22":"mobile-align-left","23":"ast-product-gallery-layout-horizontal-slider","24":"ast-product-single-variable","25":"ast-product-tabs-layout-accordion","26":"ast-qv-on-image","28":"first","29":"instock","30":"taxable","31":"shipping-taxable","32":"purchasable","33":"product-type-variable"},"yoast_head":"<!-- This site is optimized with the Yoast SEO plugin v26.6 - https:\/\/yoast.com\/wordpress\/plugins\/seo\/ -->\n<title>Moodne laboris kasvatatud teemandiga kihlas\u00f5rmus \u2013 erakordne s\u00e4ra (Lab 0,38 ct<\/title>\n<meta name=\"description\" content=\"Modernne kihlas\u00f5rmus 0,38 ct laboriteemantidega. Ovaalne 0,30 ct kivi, 14K kuld, elegantne disain, valmistamine alates 14 p\u00e4evast Leedus.\" \/>\n<meta name=\"robots\" content=\"index, follow, max-snippet:-1, max-image-preview:large, max-video-preview:-1\" \/>\n<link rel=\"canonical\" href=\"https:\/\/fashiongold.lt\/et\/papuosalas\/kaasaegne-kihlasormus-laboriteemantidega-erakordne-sara-lab-038-ct\/\" \/>\n<meta property=\"og:locale\" content=\"et_EE\" \/>\n<meta property=\"og:type\" content=\"article\" \/>\n<meta property=\"og:title\" content=\"Moodne laboris kasvatatud teemandiga kihlas\u00f5rmus \u2013 erakordne s\u00e4ra (Lab 0,38 ct\" \/>\n<meta property=\"og:description\" content=\"Modernne kihlas\u00f5rmus 0,38 ct laboriteemantidega. Ovaalne 0,30 ct kivi, 14K kuld, elegantne disain, valmistamine alates 14 p\u00e4evast Leedus.\" \/>\n<meta property=\"og:url\" content=\"https:\/\/fashiongold.lt\/et\/papuosalas\/kaasaegne-kihlasormus-laboriteemantidega-erakordne-sara-lab-038-ct\/\" \/>\n<meta property=\"og:site_name\" content=\"FashionGold.lt\" \/>\n<meta property=\"og:image\" content=\"https:\/\/fashiongold.lt\/wp-content\/uploads\/2025\/11\/030-ovalas-modernus-1.webp\" \/>\n\t<meta property=\"og:image:width\" content=\"2000\" \/>\n\t<meta property=\"og:image:height\" content=\"2000\" \/>\n\t<meta property=\"og:image:type\" content=\"image\/jpeg\" \/>\n<meta name=\"twitter:card\" content=\"summary_large_image\" \/>\n<meta name=\"twitter:label1\" content=\"Est. reading time\" \/>\n\t<meta name=\"twitter:data1\" content=\"1 minut\" \/>\n<script type=\"application\/ld+json\" class=\"yoast-schema-graph\">{\"@context\":\"https:\/\/schema.org\",\"@graph\":[{\"@type\":\"WebPage\",\"@id\":\"https:\/\/fashiongold.lt\/et\/papuosalas\/kaasaegne-kihlasormus-laboriteemantidega-erakordne-sara-lab-038-ct\/\",\"url\":\"https:\/\/fashiongold.lt\/et\/papuosalas\/kaasaegne-kihlasormus-laboriteemantidega-erakordne-sara-lab-038-ct\/\",\"name\":\"Moodne laboris kasvatatud teemandiga kihlas\u00f5rmus \u2013 erakordne s\u00e4ra (Lab 0,38 ct\",\"isPartOf\":{\"@id\":\"https:\/\/fashiongold.lt\/et\/#website\"},\"primaryImageOfPage\":{\"@id\":\"https:\/\/fashiongold.lt\/et\/papuosalas\/kaasaegne-kihlasormus-laboriteemantidega-erakordne-sara-lab-038-ct\/#primaryimage\"},\"image\":{\"@id\":\"https:\/\/fashiongold.lt\/et\/papuosalas\/kaasaegne-kihlasormus-laboriteemantidega-erakordne-sara-lab-038-ct\/#primaryimage\"},\"thumbnailUrl\":\"https:\/\/fashiongold.lt\/wp-content\/uploads\/2025\/11\/030-ovalas-modernus-1.jpg\",\"datePublished\":\"2025-11-15T11:11:49+00:00\",\"description\":\"Modernne kihlas\u00f5rmus 0,38 ct laboriteemantidega. Ovaalne 0,30 ct kivi, 14K kuld, elegantne disain, valmistamine alates 14 p\u00e4evast Leedus.\",\"breadcrumb\":{\"@id\":\"https:\/\/fashiongold.lt\/et\/papuosalas\/kaasaegne-kihlasormus-laboriteemantidega-erakordne-sara-lab-038-ct\/#breadcrumb\"},\"inLanguage\":\"et\",\"potentialAction\":[{\"@type\":\"ReadAction\",\"target\":[\"https:\/\/fashiongold.lt\/et\/papuosalas\/kaasaegne-kihlasormus-laboriteemantidega-erakordne-sara-lab-038-ct\/\"]}]},{\"@type\":\"ImageObject\",\"inLanguage\":\"et\",\"@id\":\"https:\/\/fashiongold.lt\/et\/papuosalas\/kaasaegne-kihlasormus-laboriteemantidega-erakordne-sara-lab-038-ct\/#primaryimage\",\"url\":\"https:\/\/fashiongold.lt\/wp-content\/uploads\/2025\/11\/030-ovalas-modernus-1.jpg\",\"contentUrl\":\"https:\/\/fashiongold.lt\/wp-content\/uploads\/2025\/11\/030-ovalas-modernus-1.jpg\",\"width\":2000,\"height\":2000,\"caption\":\"Balto aukso su\u017ead\u0117tuvi\u0173 \u017eiedas\"},{\"@type\":\"BreadcrumbList\",\"@id\":\"https:\/\/fashiongold.lt\/et\/papuosalas\/kaasaegne-kihlasormus-laboriteemantidega-erakordne-sara-lab-038-ct\/#breadcrumb\",\"itemListElement\":[{\"@type\":\"ListItem\",\"position\":1,\"name\":\"Home\",\"item\":\"https:\/\/fashiongold.lt\/et\/\"},{\"@type\":\"ListItem\",\"position\":2,\"name\":\"Teemantide pood Fashiongold.lt\",\"item\":\"https:\/\/fashiongold.lt\/shop-2\/\"},{\"@type\":\"ListItem\",\"position\":3,\"name\":\"Kaasaegne kihlas\u00f5rmus laboriteemantidega \u2013 erakordne s\u00e4ra (Lab 0,38 ct)\"}]},{\"@type\":\"WebSite\",\"@id\":\"https:\/\/fashiongold.lt\/et\/#website\",\"url\":\"https:\/\/fashiongold.lt\/et\/\",\"name\":\"Fashion Gold\",\"description\":\"Juvelyrikos namai\",\"publisher\":{\"@id\":\"https:\/\/fashiongold.lt\/et\/#organization\"},\"potentialAction\":[{\"@type\":\"SearchAction\",\"target\":{\"@type\":\"EntryPoint\",\"urlTemplate\":\"https:\/\/fashiongold.lt\/et\/?s={search_term_string}\"},\"query-input\":{\"@type\":\"PropertyValueSpecification\",\"valueRequired\":true,\"valueName\":\"search_term_string\"}}],\"inLanguage\":\"et\"},{\"@type\":\"Organization\",\"@id\":\"https:\/\/fashiongold.lt\/et\/#organization\",\"name\":\"Topdiamonds Online\",\"url\":\"https:\/\/fashiongold.lt\/et\/\",\"logo\":{\"@type\":\"ImageObject\",\"inLanguage\":\"et\",\"@id\":\"https:\/\/fashiongold.lt\/et\/#\/schema\/logo\/image\/\",\"url\":\"https:\/\/fashiongold.lt\/wp-content\/uploads\/2025\/04\/cropped-fashion_gold_logotipas2-scaled-1.png\",\"contentUrl\":\"https:\/\/fashiongold.lt\/wp-content\/uploads\/2025\/04\/cropped-fashion_gold_logotipas2-scaled-1.png\",\"width\":2559,\"height\":421,\"caption\":\"Topdiamonds Online\"},\"image\":{\"@id\":\"https:\/\/fashiongold.lt\/et\/#\/schema\/logo\/image\/\"}}]}<\/script>\n<!-- \/ Yoast SEO plugin. -->","yoast_head_json":{"title":"Moodne laboris kasvatatud teemandiga kihlas\u00f5rmus \u2013 erakordne s\u00e4ra (Lab 0,38 ct","description":"Modernne kihlas\u00f5rmus 0,38 ct laboriteemantidega. Ovaalne 0,30 ct kivi, 14K kuld, elegantne disain, valmistamine alates 14 p\u00e4evast Leedus.","robots":{"index":"index","follow":"follow","max-snippet":"max-snippet:-1","max-image-preview":"max-image-preview:large","max-video-preview":"max-video-preview:-1"},"canonical":"https:\/\/fashiongold.lt\/et\/papuosalas\/kaasaegne-kihlasormus-laboriteemantidega-erakordne-sara-lab-038-ct\/","og_locale":"et_EE","og_type":"article","og_title":"Moodne laboris kasvatatud teemandiga kihlas\u00f5rmus \u2013 erakordne s\u00e4ra (Lab 0,38 ct","og_description":"Modernne kihlas\u00f5rmus 0,38 ct laboriteemantidega. Ovaalne 0,30 ct kivi, 14K kuld, elegantne disain, valmistamine alates 14 p\u00e4evast Leedus.","og_url":"https:\/\/fashiongold.lt\/et\/papuosalas\/kaasaegne-kihlasormus-laboriteemantidega-erakordne-sara-lab-038-ct\/","og_site_name":"FashionGold.lt","og_image":[{"width":2000,"height":2000,"url":"https:\/\/fashiongold.lt\/wp-content\/uploads\/2025\/11\/030-ovalas-modernus-1.webp","type":"image\/jpeg"}],"twitter_card":"summary_large_image","twitter_misc":{"Est. reading time":"1 minut"},"schema":{"@context":"https:\/\/schema.org","@graph":[{"@type":"WebPage","@id":"https:\/\/fashiongold.lt\/et\/papuosalas\/kaasaegne-kihlasormus-laboriteemantidega-erakordne-sara-lab-038-ct\/","url":"https:\/\/fashiongold.lt\/et\/papuosalas\/kaasaegne-kihlasormus-laboriteemantidega-erakordne-sara-lab-038-ct\/","name":"Moodne laboris kasvatatud teemandiga kihlas\u00f5rmus \u2013 erakordne s\u00e4ra (Lab 0,38 ct","isPartOf":{"@id":"https:\/\/fashiongold.lt\/et\/#website"},"primaryImageOfPage":{"@id":"https:\/\/fashiongold.lt\/et\/papuosalas\/kaasaegne-kihlasormus-laboriteemantidega-erakordne-sara-lab-038-ct\/#primaryimage"},"image":{"@id":"https:\/\/fashiongold.lt\/et\/papuosalas\/kaasaegne-kihlasormus-laboriteemantidega-erakordne-sara-lab-038-ct\/#primaryimage"},"thumbnailUrl":"https:\/\/fashiongold.lt\/wp-content\/uploads\/2025\/11\/030-ovalas-modernus-1.jpg","datePublished":"2025-11-15T11:11:49+00:00","description":"Modernne kihlas\u00f5rmus 0,38 ct laboriteemantidega. Ovaalne 0,30 ct kivi, 14K kuld, elegantne disain, valmistamine alates 14 p\u00e4evast Leedus.","breadcrumb":{"@id":"https:\/\/fashiongold.lt\/et\/papuosalas\/kaasaegne-kihlasormus-laboriteemantidega-erakordne-sara-lab-038-ct\/#breadcrumb"},"inLanguage":"et","potentialAction":[{"@type":"ReadAction","target":["https:\/\/fashiongold.lt\/et\/papuosalas\/kaasaegne-kihlasormus-laboriteemantidega-erakordne-sara-lab-038-ct\/"]}]},{"@type":"ImageObject","inLanguage":"et","@id":"https:\/\/fashiongold.lt\/et\/papuosalas\/kaasaegne-kihlasormus-laboriteemantidega-erakordne-sara-lab-038-ct\/#primaryimage","url":"https:\/\/fashiongold.lt\/wp-content\/uploads\/2025\/11\/030-ovalas-modernus-1.jpg","contentUrl":"https:\/\/fashiongold.lt\/wp-content\/uploads\/2025\/11\/030-ovalas-modernus-1.jpg","width":2000,"height":2000,"caption":"Balto aukso su\u017ead\u0117tuvi\u0173 \u017eiedas"},{"@type":"BreadcrumbList","@id":"https:\/\/fashiongold.lt\/et\/papuosalas\/kaasaegne-kihlasormus-laboriteemantidega-erakordne-sara-lab-038-ct\/#breadcrumb","itemListElement":[{"@type":"ListItem","position":1,"name":"Home","item":"https:\/\/fashiongold.lt\/et\/"},{"@type":"ListItem","position":2,"name":"Teemantide pood Fashiongold.lt","item":"https:\/\/fashiongold.lt\/shop-2\/"},{"@type":"ListItem","position":3,"name":"Kaasaegne kihlas\u00f5rmus laboriteemantidega \u2013 erakordne s\u00e4ra (Lab 0,38 ct)"}]},{"@type":"WebSite","@id":"https:\/\/fashiongold.lt\/et\/#website","url":"https:\/\/fashiongold.lt\/et\/","name":"Fashion Gold","description":"Juvelyrikos namai","publisher":{"@id":"https:\/\/fashiongold.lt\/et\/#organization"},"potentialAction":[{"@type":"SearchAction","target":{"@type":"EntryPoint","urlTemplate":"https:\/\/fashiongold.lt\/et\/?s={search_term_string}"},"query-input":{"@type":"PropertyValueSpecification","valueRequired":true,"valueName":"search_term_string"}}],"inLanguage":"et"},{"@type":"Organization","@id":"https:\/\/fashiongold.lt\/et\/#organization","name":"Topdiamonds Online","url":"https:\/\/fashiongold.lt\/et\/","logo":{"@type":"ImageObject","inLanguage":"et","@id":"https:\/\/fashiongold.lt\/et\/#\/schema\/logo\/image\/","url":"https:\/\/fashiongold.lt\/wp-content\/uploads\/2025\/04\/cropped-fashion_gold_logotipas2-scaled-1.png","contentUrl":"https:\/\/fashiongold.lt\/wp-content\/uploads\/2025\/04\/cropped-fashion_gold_logotipas2-scaled-1.png","width":2559,"height":421,"caption":"Topdiamonds Online"},"image":{"@id":"https:\/\/fashiongold.lt\/et\/#\/schema\/logo\/image\/"}}]}},"_links":{"self":[{"href":"https:\/\/fashiongold.lt\/et\/wp-json\/wp\/v2\/product\/273854","targetHints":{"allow":["GET"]}}],"collection":[{"href":"https:\/\/fashiongold.lt\/et\/wp-json\/wp\/v2\/product"}],"about":[{"href":"https:\/\/fashiongold.lt\/et\/wp-json\/wp\/v2\/types\/product"}],"version-history":[{"count":0,"href":"https:\/\/fashiongold.lt\/et\/wp-json\/wp\/v2\/product\/273854\/revisions"}],"wp:featuredmedia":[{"embeddable":true,"href":"https:\/\/fashiongold.lt\/et\/wp-json\/wp\/v2\/media\/263936"}],"wp:attachment":[{"href":"https:\/\/fashiongold.lt\/et\/wp-json\/wp\/v2\/media?parent=273854"}],"wp:term":[{"taxonomy":"product_brand","embeddable":true,"href":"https:\/\/fashiongold.lt\/et\/wp-json\/wp\/v2\/product_brand?post=273854"},{"taxonomy":"product_cat","embeddable":true,"href":"https:\/\/fashiongold.lt\/et\/wp-json\/wp\/v2\/product_cat?post=273854"},{"taxonomy":"product_tag","embeddable":true,"href":"https:\/\/fashiongold.lt\/et\/wp-json\/wp\/v2\/product_tag?post=273854"}],"curies":[{"name":"wp","href":"https:\/\/api.w.org\/{rel}","templated":true}]}}