{"id":273878,"date":"2025-10-24T01:17:17","date_gmt":"2025-10-24T01:17:17","guid":{"rendered":"https:\/\/fashiongold.lt\/papuosalas\/looduslik-smaragd-sormus-smaragdi-ja-teemantidega-0-07-ct\/"},"modified":"2025-10-24T01:17:17","modified_gmt":"2025-10-24T01:17:17","slug":"looduslik-smaragd-sormus-smaragdi-ja-teemantidega-0-07-ct","status":"publish","type":"product","link":"https:\/\/fashiongold.lt\/et\/papuosalas\/looduslik-smaragd-sormus-smaragdi-ja-teemantidega-0-07-ct\/","title":{"rendered":"Looduslik smaragd &#8211; s\u00f5rmus smaragdi ja teemantidega (0.07 ct)"},"content":{"rendered":"<p>Valmistatud Saksamaal kvaliteetsetest v\u00e4\u00e4riskividest. Suurep\u00e4rane valik stiilsele naisele. Smaragdi maagiline j\u00f5ud \u2013 toimib amuleti v\u00f5i talismanina, annab omanikule tervist, energiat, toob edu \u00e4ris, t\u00f6\u00f6l ja isiklikus elus. Smaragd sobib S\u00f5nnidele, Kaksikutele, L\u00f5videle, V\u00e4hkidele, Kaladele, Amburitele.     <\/p>\n<p>\u2022 S\u00f5rmuse kuld: 18 karaati (proov 750)     <\/p>\n<p>\u2022 S\u00f5rmuse v\u00e4rvus: kollane kuld         <\/p>\n<p>\u2022 S\u00f5rmuse kaal: umbes 1,00\u20131,50 g         <\/p>\n<p>\u2022 Teemandi t\u00fc\u00fcp: Looduslik teemant       <\/p>\n<p>\u2022 Teemandi kuju: \u00fcmar kuju (fantasy shape)       <\/p>\n<p>\u2022 Teemandi omadused: 0,03 ct, v\u00e4rvus G-H (RW-W); puhtus SI       <\/p>\n<p>\u2022 Keskne kivi: ristk\u00fclikukujuline smaragd \u2013 0,04 ct         <\/p>\n<p>\u2022 Sertifikaat: Leedu Proovikoda (LPR)         <\/p>\n<p>\u2022 S\u00f5rmuse m\u00f5\u00f5tmed: <\/p>\n<p>\u2022 Tasuta graveerimine    <\/p>\n<p>\u2022 \u00dchekordne tasuta s\u00f5rmuse suuruse muutmise garantii (vastavalt v\u00f5imalustele)     <\/p>\n<p>\u2022 Tootmis- ja tarneaeg alates 14 t\u00f6\u00f6p\u00e4evast, kiireloomulisena 3 t\u00f6\u00f6p\u00e4eva jooksul.   <\/p>\n<p><strong>Kas teil on oma kulda v\u00f5i v\u00e4\u00e4riskive? V\u00f5tke meiega \u00fchendust, arvutame hinna \u00fcmber \u2013 maksate ainult s\u00f5rmuse valmistamise eest.<\/strong><\/p>\n","protected":false},"excerpt":{"rendered":"<p>Minimalistlik s\u00f5rmus loodusliku smaragdi ja teemantidega. Eriline s\u00f5rmus stiilsele naisele. Sobib suurep\u00e4raselt kihlumiseks ja igap\u00e4evaseks kandmiseks, lisades teie stiilile luksust.<\/p>\n","protected":false},"featured_media":1140719,"template":"","meta":{"site-sidebar-layout":"default","site-content-layout":"","ast-site-content-layout":"default","site-content-style":"default","site-sidebar-style":"default","ast-global-header-display":"","ast-banner-title-visibility":"","ast-main-header-display":"","ast-hfb-above-header-display":"","ast-hfb-below-header-display":"","ast-hfb-mobile-header-display":"","site-post-title":"","ast-breadcrumbs-content":"","ast-featured-img":"","footer-sml-layout":"","ast-disable-related-posts":"","theme-transparent-header-meta":"default","adv-header-id-meta":"","stick-header-meta":"","header-above-stick-meta":"","header-main-stick-meta":"","header-below-stick-meta":"","astra-migrate-meta-layouts":"default","ast-page-background-enabled":"default","ast-page-background-meta":{"desktop":{"background-color":"var(--ast-global-color-4)","background-image":"","background-repeat":"repeat","background-position":"center center","background-size":"auto","background-attachment":"scroll","background-type":"","background-media":"","overlay-type":"","overlay-color":"","overlay-opacity":"","overlay-gradient":""},"tablet":{"background-color":"","background-image":"","background-repeat":"repeat","background-position":"center center","background-size":"auto","background-attachment":"scroll","background-type":"","background-media":"","overlay-type":"","overlay-color":"","overlay-opacity":"","overlay-gradient":""},"mobile":{"background-color":"","background-image":"","background-repeat":"repeat","background-position":"center center","background-size":"auto","background-attachment":"scroll","background-type":"","background-media":"","overlay-type":"","overlay-color":"","overlay-opacity":"","overlay-gradient":""}},"ast-content-background-meta":{"desktop":{"background-color":"var(--ast-global-color-5)","background-image":"","background-repeat":"repeat","background-position":"center center","background-size":"auto","background-attachment":"scroll","background-type":"","background-media":"","overlay-type":"","overlay-color":"","overlay-opacity":"","overlay-gradient":""},"tablet":{"background-color":"var(--ast-global-color-5)","background-image":"","background-repeat":"repeat","background-position":"center center","background-size":"auto","background-attachment":"scroll","background-type":"","background-media":"","overlay-type":"","overlay-color":"","overlay-opacity":"","overlay-gradient":""},"mobile":{"background-color":"var(--ast-global-color-5)","background-image":"","background-repeat":"repeat","background-position":"center center","background-size":"auto","background-attachment":"scroll","background-type":"","background-media":"","overlay-type":"","overlay-color":"","overlay-opacity":"","overlay-gradient":""}}},"product_brand":[],"product_cat":[3058,2830,2826,2823,2828,2822,2824,3392,2821,2831,2836,3605,2967,3493,3494,2845,2833,2834,2848,2827,2851],"product_tag":[],"class_list":{"0":"post-273878","1":"product","2":"type-product","3":"status-publish","4":"has-post-thumbnail","6":"product_cat-ehted","7":"product_cat-emadepaeva-kingitused","8":"product_cat-joulukingid","9":"product_cat-kingitused-lapse-sunni-puhul","10":"product_cat-kingitused-lopetamise-puhul","11":"product_cat-kingitused-naistele","12":"product_cat-kingitused-pulma-aastapaeva-puhul","13":"product_cat-kingitused-pulmade-puhul","14":"product_cat-kingitused-sunnipaevaks","15":"product_cat-kollasest-kullast-ehted","16":"product_cat-kollasest-kullast-teemantsormused","17":"product_cat-minimalistlikud-kihlasormused","18":"product_cat-punasest-kullast-ehted","19":"product_cat-smaragd-smaragdiga-ehted","20":"product_cat-smaragd-smaragdiga-sormused","21":"product_cat-sobrapaeva-kingitused","22":"product_cat-teemantribad","23":"product_cat-teemantribad-pooles-ulatuses","24":"product_cat-vaariskividega-sormused","25":"product_cat-valgest-kullast-ehted","26":"product_cat-vits-sormus-vaariskividega","27":"desktop-align-center","28":"tablet-align-left","29":"mobile-align-left","30":"ast-product-gallery-layout-horizontal-slider","31":"ast-product-single-variable","32":"ast-product-tabs-layout-accordion","33":"ast-qv-on-image","35":"first","36":"instock","37":"taxable","38":"shipping-taxable","39":"purchasable","40":"product-type-variable","41":"has-default-attributes"},"yoast_head":"<!-- This site is optimized with the Yoast SEO plugin v26.6 - https:\/\/yoast.com\/wordpress\/plugins\/seo\/ -->\n<title>Looduslik smaragd - s\u00f5rmus smaragdi ja teemantidega (0.07 ct)<\/title>\n<meta name=\"description\" content=\"Minimalistlik s\u00f5rmus naturaalse smaragdi ja teemantidega. Eriline s\u00f5rmus stiilsele naisele, kihluseks ja igap\u00e4evaseks kandmiseks. Valmistamisaeg alates 14 t\u00f6\u00f6p\u00e4evast.\" \/>\n<meta name=\"robots\" content=\"index, follow, max-snippet:-1, max-image-preview:large, max-video-preview:-1\" \/>\n<link rel=\"canonical\" href=\"https:\/\/fashiongold.lt\/et\/papuosalas\/looduslik-smaragd-sormus-smaragdi-ja-teemantidega-0-07-ct\/\" \/>\n<meta property=\"og:locale\" content=\"et_EE\" \/>\n<meta property=\"og:type\" content=\"article\" \/>\n<meta property=\"og:title\" content=\"Looduslik smaragd - s\u00f5rmus smaragdi ja teemantidega (0.07 ct)\" \/>\n<meta property=\"og:description\" content=\"Minimalistlik s\u00f5rmus naturaalse smaragdi ja teemantidega. Eriline s\u00f5rmus stiilsele naisele, kihluseks ja igap\u00e4evaseks kandmiseks. Valmistamisaeg alates 14 t\u00f6\u00f6p\u00e4evast.\" \/>\n<meta property=\"og:url\" content=\"https:\/\/fashiongold.lt\/et\/papuosalas\/looduslik-smaragd-sormus-smaragdi-ja-teemantidega-0-07-ct\/\" \/>\n<meta property=\"og:site_name\" content=\"FashionGold.lt\" \/>\n<meta property=\"og:image\" content=\"https:\/\/fashiongold.lt\/wp-content\/uploads\/2025\/10\/13279-393-Naturalus-Smaragdas-ziedas-su-smaragdu-ir-deimantais-0.07-ct.webp\" \/>\n\t<meta property=\"og:image:width\" content=\"1000\" \/>\n\t<meta property=\"og:image:height\" content=\"1000\" \/>\n\t<meta property=\"og:image:type\" content=\"image\/png\" \/>\n<meta name=\"twitter:card\" content=\"summary_large_image\" \/>\n<meta name=\"twitter:label1\" content=\"Est. reading time\" \/>\n\t<meta name=\"twitter:data1\" content=\"1 minut\" \/>\n<script type=\"application\/ld+json\" class=\"yoast-schema-graph\">{\"@context\":\"https:\/\/schema.org\",\"@graph\":[{\"@type\":\"WebPage\",\"@id\":\"https:\/\/fashiongold.lt\/et\/papuosalas\/looduslik-smaragd-sormus-smaragdi-ja-teemantidega-0-07-ct\/\",\"url\":\"https:\/\/fashiongold.lt\/et\/papuosalas\/looduslik-smaragd-sormus-smaragdi-ja-teemantidega-0-07-ct\/\",\"name\":\"Looduslik smaragd - s\u00f5rmus smaragdi ja teemantidega (0.07 ct)\",\"isPartOf\":{\"@id\":\"https:\/\/fashiongold.lt\/et\/#website\"},\"primaryImageOfPage\":{\"@id\":\"https:\/\/fashiongold.lt\/et\/papuosalas\/looduslik-smaragd-sormus-smaragdi-ja-teemantidega-0-07-ct\/#primaryimage\"},\"image\":{\"@id\":\"https:\/\/fashiongold.lt\/et\/papuosalas\/looduslik-smaragd-sormus-smaragdi-ja-teemantidega-0-07-ct\/#primaryimage\"},\"thumbnailUrl\":\"https:\/\/fashiongold.lt\/wp-content\/uploads\/2025\/10\/Naturalus-Smaragdas-\u2013-ziedas-su-smaragdu-ir-deimantais-balto-aukso0.07-ct-e1777824839434.png\",\"datePublished\":\"2025-10-24T01:17:17+00:00\",\"description\":\"Minimalistlik s\u00f5rmus naturaalse smaragdi ja teemantidega. Eriline s\u00f5rmus stiilsele naisele, kihluseks ja igap\u00e4evaseks kandmiseks. Valmistamisaeg alates 14 t\u00f6\u00f6p\u00e4evast.\",\"breadcrumb\":{\"@id\":\"https:\/\/fashiongold.lt\/et\/papuosalas\/looduslik-smaragd-sormus-smaragdi-ja-teemantidega-0-07-ct\/#breadcrumb\"},\"inLanguage\":\"et\",\"potentialAction\":[{\"@type\":\"ReadAction\",\"target\":[\"https:\/\/fashiongold.lt\/et\/papuosalas\/looduslik-smaragd-sormus-smaragdi-ja-teemantidega-0-07-ct\/\"]}]},{\"@type\":\"ImageObject\",\"inLanguage\":\"et\",\"@id\":\"https:\/\/fashiongold.lt\/et\/papuosalas\/looduslik-smaragd-sormus-smaragdi-ja-teemantidega-0-07-ct\/#primaryimage\",\"url\":\"https:\/\/fashiongold.lt\/wp-content\/uploads\/2025\/10\/Naturalus-Smaragdas-\u2013-ziedas-su-smaragdu-ir-deimantais-balto-aukso0.07-ct-e1777824839434.png\",\"contentUrl\":\"https:\/\/fashiongold.lt\/wp-content\/uploads\/2025\/10\/Naturalus-Smaragdas-\u2013-ziedas-su-smaragdu-ir-deimantais-balto-aukso0.07-ct-e1777824839434.png\",\"width\":2000,\"height\":2000,\"caption\":\"Nat\u016bralus Smaragdas \u2013 \u017eiedas su smaragdu ir deimantais baltas auksas\"},{\"@type\":\"BreadcrumbList\",\"@id\":\"https:\/\/fashiongold.lt\/et\/papuosalas\/looduslik-smaragd-sormus-smaragdi-ja-teemantidega-0-07-ct\/#breadcrumb\",\"itemListElement\":[{\"@type\":\"ListItem\",\"position\":1,\"name\":\"Home\",\"item\":\"https:\/\/fashiongold.lt\/et\/\"},{\"@type\":\"ListItem\",\"position\":2,\"name\":\"Teemantide pood Fashiongold.lt\",\"item\":\"https:\/\/fashiongold.lt\/shop-2\/\"},{\"@type\":\"ListItem\",\"position\":3,\"name\":\"Looduslik smaragd &#8211; s\u00f5rmus smaragdi ja teemantidega (0.07 ct)\"}]},{\"@type\":\"WebSite\",\"@id\":\"https:\/\/fashiongold.lt\/et\/#website\",\"url\":\"https:\/\/fashiongold.lt\/et\/\",\"name\":\"Fashion Gold\",\"description\":\"Juvelyrikos namai\",\"publisher\":{\"@id\":\"https:\/\/fashiongold.lt\/et\/#organization\"},\"potentialAction\":[{\"@type\":\"SearchAction\",\"target\":{\"@type\":\"EntryPoint\",\"urlTemplate\":\"https:\/\/fashiongold.lt\/et\/?s={search_term_string}\"},\"query-input\":{\"@type\":\"PropertyValueSpecification\",\"valueRequired\":true,\"valueName\":\"search_term_string\"}}],\"inLanguage\":\"et\"},{\"@type\":\"Organization\",\"@id\":\"https:\/\/fashiongold.lt\/et\/#organization\",\"name\":\"Topdiamonds Online\",\"url\":\"https:\/\/fashiongold.lt\/et\/\",\"logo\":{\"@type\":\"ImageObject\",\"inLanguage\":\"et\",\"@id\":\"https:\/\/fashiongold.lt\/et\/#\/schema\/logo\/image\/\",\"url\":\"https:\/\/fashiongold.lt\/wp-content\/uploads\/2025\/04\/cropped-fashion_gold_logotipas2-scaled-1.png\",\"contentUrl\":\"https:\/\/fashiongold.lt\/wp-content\/uploads\/2025\/04\/cropped-fashion_gold_logotipas2-scaled-1.png\",\"width\":2559,\"height\":421,\"caption\":\"Topdiamonds Online\"},\"image\":{\"@id\":\"https:\/\/fashiongold.lt\/et\/#\/schema\/logo\/image\/\"}}]}<\/script>\n<!-- \/ Yoast SEO plugin. -->","yoast_head_json":{"title":"Looduslik smaragd - s\u00f5rmus smaragdi ja teemantidega (0.07 ct)","description":"Minimalistlik s\u00f5rmus naturaalse smaragdi ja teemantidega. Eriline s\u00f5rmus stiilsele naisele, kihluseks ja igap\u00e4evaseks kandmiseks. Valmistamisaeg alates 14 t\u00f6\u00f6p\u00e4evast.","robots":{"index":"index","follow":"follow","max-snippet":"max-snippet:-1","max-image-preview":"max-image-preview:large","max-video-preview":"max-video-preview:-1"},"canonical":"https:\/\/fashiongold.lt\/et\/papuosalas\/looduslik-smaragd-sormus-smaragdi-ja-teemantidega-0-07-ct\/","og_locale":"et_EE","og_type":"article","og_title":"Looduslik smaragd - s\u00f5rmus smaragdi ja teemantidega (0.07 ct)","og_description":"Minimalistlik s\u00f5rmus naturaalse smaragdi ja teemantidega. Eriline s\u00f5rmus stiilsele naisele, kihluseks ja igap\u00e4evaseks kandmiseks. Valmistamisaeg alates 14 t\u00f6\u00f6p\u00e4evast.","og_url":"https:\/\/fashiongold.lt\/et\/papuosalas\/looduslik-smaragd-sormus-smaragdi-ja-teemantidega-0-07-ct\/","og_site_name":"FashionGold.lt","og_image":[{"width":1000,"height":1000,"url":"https:\/\/fashiongold.lt\/wp-content\/uploads\/2025\/10\/13279-393-Naturalus-Smaragdas-ziedas-su-smaragdu-ir-deimantais-0.07-ct.webp","type":"image\/png"}],"twitter_card":"summary_large_image","twitter_misc":{"Est. reading time":"1 minut"},"schema":{"@context":"https:\/\/schema.org","@graph":[{"@type":"WebPage","@id":"https:\/\/fashiongold.lt\/et\/papuosalas\/looduslik-smaragd-sormus-smaragdi-ja-teemantidega-0-07-ct\/","url":"https:\/\/fashiongold.lt\/et\/papuosalas\/looduslik-smaragd-sormus-smaragdi-ja-teemantidega-0-07-ct\/","name":"Looduslik smaragd - s\u00f5rmus smaragdi ja teemantidega (0.07 ct)","isPartOf":{"@id":"https:\/\/fashiongold.lt\/et\/#website"},"primaryImageOfPage":{"@id":"https:\/\/fashiongold.lt\/et\/papuosalas\/looduslik-smaragd-sormus-smaragdi-ja-teemantidega-0-07-ct\/#primaryimage"},"image":{"@id":"https:\/\/fashiongold.lt\/et\/papuosalas\/looduslik-smaragd-sormus-smaragdi-ja-teemantidega-0-07-ct\/#primaryimage"},"thumbnailUrl":"https:\/\/fashiongold.lt\/wp-content\/uploads\/2025\/10\/Naturalus-Smaragdas-\u2013-ziedas-su-smaragdu-ir-deimantais-balto-aukso0.07-ct-e1777824839434.png","datePublished":"2025-10-24T01:17:17+00:00","description":"Minimalistlik s\u00f5rmus naturaalse smaragdi ja teemantidega. Eriline s\u00f5rmus stiilsele naisele, kihluseks ja igap\u00e4evaseks kandmiseks. Valmistamisaeg alates 14 t\u00f6\u00f6p\u00e4evast.","breadcrumb":{"@id":"https:\/\/fashiongold.lt\/et\/papuosalas\/looduslik-smaragd-sormus-smaragdi-ja-teemantidega-0-07-ct\/#breadcrumb"},"inLanguage":"et","potentialAction":[{"@type":"ReadAction","target":["https:\/\/fashiongold.lt\/et\/papuosalas\/looduslik-smaragd-sormus-smaragdi-ja-teemantidega-0-07-ct\/"]}]},{"@type":"ImageObject","inLanguage":"et","@id":"https:\/\/fashiongold.lt\/et\/papuosalas\/looduslik-smaragd-sormus-smaragdi-ja-teemantidega-0-07-ct\/#primaryimage","url":"https:\/\/fashiongold.lt\/wp-content\/uploads\/2025\/10\/Naturalus-Smaragdas-\u2013-ziedas-su-smaragdu-ir-deimantais-balto-aukso0.07-ct-e1777824839434.png","contentUrl":"https:\/\/fashiongold.lt\/wp-content\/uploads\/2025\/10\/Naturalus-Smaragdas-\u2013-ziedas-su-smaragdu-ir-deimantais-balto-aukso0.07-ct-e1777824839434.png","width":2000,"height":2000,"caption":"Nat\u016bralus Smaragdas \u2013 \u017eiedas su smaragdu ir deimantais baltas auksas"},{"@type":"BreadcrumbList","@id":"https:\/\/fashiongold.lt\/et\/papuosalas\/looduslik-smaragd-sormus-smaragdi-ja-teemantidega-0-07-ct\/#breadcrumb","itemListElement":[{"@type":"ListItem","position":1,"name":"Home","item":"https:\/\/fashiongold.lt\/et\/"},{"@type":"ListItem","position":2,"name":"Teemantide pood Fashiongold.lt","item":"https:\/\/fashiongold.lt\/shop-2\/"},{"@type":"ListItem","position":3,"name":"Looduslik smaragd &#8211; s\u00f5rmus smaragdi ja teemantidega (0.07 ct)"}]},{"@type":"WebSite","@id":"https:\/\/fashiongold.lt\/et\/#website","url":"https:\/\/fashiongold.lt\/et\/","name":"Fashion Gold","description":"Juvelyrikos namai","publisher":{"@id":"https:\/\/fashiongold.lt\/et\/#organization"},"potentialAction":[{"@type":"SearchAction","target":{"@type":"EntryPoint","urlTemplate":"https:\/\/fashiongold.lt\/et\/?s={search_term_string}"},"query-input":{"@type":"PropertyValueSpecification","valueRequired":true,"valueName":"search_term_string"}}],"inLanguage":"et"},{"@type":"Organization","@id":"https:\/\/fashiongold.lt\/et\/#organization","name":"Topdiamonds Online","url":"https:\/\/fashiongold.lt\/et\/","logo":{"@type":"ImageObject","inLanguage":"et","@id":"https:\/\/fashiongold.lt\/et\/#\/schema\/logo\/image\/","url":"https:\/\/fashiongold.lt\/wp-content\/uploads\/2025\/04\/cropped-fashion_gold_logotipas2-scaled-1.png","contentUrl":"https:\/\/fashiongold.lt\/wp-content\/uploads\/2025\/04\/cropped-fashion_gold_logotipas2-scaled-1.png","width":2559,"height":421,"caption":"Topdiamonds Online"},"image":{"@id":"https:\/\/fashiongold.lt\/et\/#\/schema\/logo\/image\/"}}]}},"_links":{"self":[{"href":"https:\/\/fashiongold.lt\/et\/wp-json\/wp\/v2\/product\/273878","targetHints":{"allow":["GET"]}}],"collection":[{"href":"https:\/\/fashiongold.lt\/et\/wp-json\/wp\/v2\/product"}],"about":[{"href":"https:\/\/fashiongold.lt\/et\/wp-json\/wp\/v2\/types\/product"}],"version-history":[{"count":0,"href":"https:\/\/fashiongold.lt\/et\/wp-json\/wp\/v2\/product\/273878\/revisions"}],"wp:featuredmedia":[{"embeddable":true,"href":"https:\/\/fashiongold.lt\/et\/wp-json\/wp\/v2\/media\/1140719"}],"wp:attachment":[{"href":"https:\/\/fashiongold.lt\/et\/wp-json\/wp\/v2\/media?parent=273878"}],"wp:term":[{"taxonomy":"product_brand","embeddable":true,"href":"https:\/\/fashiongold.lt\/et\/wp-json\/wp\/v2\/product_brand?post=273878"},{"taxonomy":"product_cat","embeddable":true,"href":"https:\/\/fashiongold.lt\/et\/wp-json\/wp\/v2\/product_cat?post=273878"},{"taxonomy":"product_tag","embeddable":true,"href":"https:\/\/fashiongold.lt\/et\/wp-json\/wp\/v2\/product_tag?post=273878"}],"curies":[{"name":"wp","href":"https:\/\/api.w.org\/{rel}","templated":true}]}}