{"id":273887,"date":"2025-10-24T00:55:48","date_gmt":"2025-10-24T00:55:48","guid":{"rendered":"https:\/\/fashiongold.lt\/papuosalas\/valgest-kullast-ripats-musta-parli-ja-teemantidega-tahiti-11-5-mm-0-02-ct\/"},"modified":"2025-10-24T00:55:48","modified_gmt":"2025-10-24T00:55:48","slug":"valgest-kullast-ripats-musta-parli-ja-teemantidega-tahiti-11-5-mm-0-02-ct","status":"publish","type":"product","link":"https:\/\/fashiongold.lt\/et\/papuosalas\/valgest-kullast-ripats-musta-parli-ja-teemantidega-tahiti-11-5-mm-0-02-ct\/","title":{"rendered":"Valgest kullast ripats musta p\u00e4rli ja teemantidega (Tahiti, 11.5 mm, 0.02 ct)"},"content":{"rendered":"<p>Valmistatud Saksamaal kvaliteetsetest v\u00e4\u00e4riskividest. Suurep\u00e4rane valik stiilsele naisele. P\u00e4rl kiirgab s\u00fcdamesse harmooniat ja rahu. Juba iidsetel aegadel s\u00fcmboliseerisid p\u00e4rlid ilu, s\u00fc\u00fctust ja sensuaalsust ning paljud uskusid, et need v\u00f5ivad omanikule \u00f5nne ja rahalist heaolu tuua. P\u00e4rl sobib V\u00e4hile, Veevalajale ja Kaladele. Ripatsit saab valmistada tellimust\u00f6\u00f6na punasest, kollasest ja valgest kullast.<span lang=\"LT\"><o:p><\/o:p><\/span><\/p>\n<p>\u2022 Ripatsi kuld: 18 karaati (proov 750)   <\/p>\n<p>\u2022 Ripatsi v\u00e4rvus: valge kuld       <\/p>\n<p>\u2022 Ripatsi kaal: umbes 0,80\u20131,30 g     <\/p>\n<p>\u2022 Teemandi t\u00fc\u00fcp: Looduslik teemant   <\/p>\n<p>\u2022 Teemandi kuju: \u00dcmar kuju (Round shape)   <\/p>\n<p>\u2022 Teemandi omadused: 0,15 ct, v\u00e4rvus G-H (RW-W); puhtus SI   <\/p>\n<p>\u2022 P\u00e4rli t\u00fc\u00fcp: TAHIITI V\u00d5I MUSTAD MEREP\u00c4RLID (ingl Saltwater Tahitian Sea Pearls)<\/p>\n<p>\u2022 P\u00e4rli kuju: \u00dcmar kuju (Round cut)       <\/p>\n<p>\u2022 P\u00e4rli omadused: 11,5 mm, AA (k\u00f5rge kvaliteet)   <\/p>\n<p>\u2022 Sertifikaat: Leedu Proovikoda (LPR)     <\/p>\n<p>\u2022 Ripatsi m\u00f5\u00f5tmed:  <\/p>\n<p>\u2022 Graveerimine tasuta     <\/p>\n<p>\u2022 Valmistamise ja tarneaeg alates 21 t\u00f6\u00f6p\u00e4evast, kiirtellimusel 3 t\u00f6\u00f6p\u00e4evaga.   <\/p>\n<p><strong>Kas teil on oma kulda v\u00f5i v\u00e4\u00e4riskive? V\u00f5tke \u00fchendust, arvutame hinna \u00fcmber \u2013 maksate vaid ehete valmistamise eest.<\/strong><\/p>\n","protected":false},"excerpt":{"rendered":"<p>Klassikaline valgest kullast ripats 11,5 mm merep\u00e4rli ja teemantidega. J\u00e4\u00e4dvustage hetk selle erakordse ripatsiga. Suurep\u00e4rane kingitus igap\u00e4evaseks kandmiseks ja erilisteks puhkudeks, erilise stiili jaoks.\u00a0<\/p>\n","protected":false},"featured_media":251722,"template":"","meta":{"site-sidebar-layout":"","site-content-layout":"","ast-site-content-layout":"","site-content-style":"","site-sidebar-style":"","ast-global-header-display":"","ast-banner-title-visibility":"","ast-main-header-display":"","ast-hfb-above-header-display":"","ast-hfb-below-header-display":"","ast-hfb-mobile-header-display":"","site-post-title":"","ast-breadcrumbs-content":"","ast-featured-img":"","footer-sml-layout":"","ast-disable-related-posts":"","theme-transparent-header-meta":"","adv-header-id-meta":"","stick-header-meta":"","header-above-stick-meta":"","header-main-stick-meta":"","header-below-stick-meta":"","astra-migrate-meta-layouts":"default","ast-page-background-enabled":"default","ast-page-background-meta":{"desktop":{"background-color":"var(--ast-global-color-4)","background-image":"","background-repeat":"repeat","background-position":"center center","background-size":"auto","background-attachment":"scroll","background-type":"","background-media":"","overlay-type":"","overlay-color":"","overlay-opacity":"","overlay-gradient":""},"tablet":{"background-color":"","background-image":"","background-repeat":"repeat","background-position":"center center","background-size":"auto","background-attachment":"scroll","background-type":"","background-media":"","overlay-type":"","overlay-color":"","overlay-opacity":"","overlay-gradient":""},"mobile":{"background-color":"","background-image":"","background-repeat":"repeat","background-position":"center center","background-size":"auto","background-attachment":"scroll","background-type":"","background-media":"","overlay-type":"","overlay-color":"","overlay-opacity":"","overlay-gradient":""}},"ast-content-background-meta":{"desktop":{"background-color":"var(--ast-global-color-5)","background-image":"","background-repeat":"repeat","background-position":"center center","background-size":"auto","background-attachment":"scroll","background-type":"","background-media":"","overlay-type":"","overlay-color":"","overlay-opacity":"","overlay-gradient":""},"tablet":{"background-color":"var(--ast-global-color-5)","background-image":"","background-repeat":"repeat","background-position":"center center","background-size":"auto","background-attachment":"scroll","background-type":"","background-media":"","overlay-type":"","overlay-color":"","overlay-opacity":"","overlay-gradient":""},"mobile":{"background-color":"var(--ast-global-color-5)","background-image":"","background-repeat":"repeat","background-position":"center center","background-size":"auto","background-attachment":"scroll","background-type":"","background-media":"","overlay-type":"","overlay-color":"","overlay-opacity":"","overlay-gradient":""}}},"product_brand":[],"product_cat":[3058,2830,2826,3482,2829,2823,2828,2822,2824,3392,2821,2831,2970,2984,3391,2845,2827],"product_tag":[],"class_list":{"0":"post-273887","1":"product","2":"type-product","3":"status-publish","4":"has-post-thumbnail","6":"product_cat-ehted","7":"product_cat-emadepaeva-kingitused","8":"product_cat-joulukingid","9":"product_cat-kingitus-esimese-armulaua-puhul","10":"product_cat-kingitused-erilisteks-puhkudeks","11":"product_cat-kingitused-lapse-sunni-puhul","12":"product_cat-kingitused-lopetamise-puhul","13":"product_cat-kingitused-naistele","14":"product_cat-kingitused-pulma-aastapaeva-puhul","15":"product_cat-kingitused-pulmade-puhul","16":"product_cat-kingitused-sunnipaevaks","17":"product_cat-kollasest-kullast-ehted","18":"product_cat-parlid-parlitega-ehted","19":"product_cat-ripatsid-teemantidega","20":"product_cat-ristimiskingitused","21":"product_cat-sobrapaeva-kingitused","22":"product_cat-valgest-kullast-ehted","23":"desktop-align-center","24":"tablet-align-left","25":"mobile-align-left","26":"ast-product-gallery-layout-horizontal-slider","27":"ast-product-gallery-with-no-image","28":"ast-product-tabs-layout-accordion","29":"ast-qv-on-image","31":"first","32":"instock","33":"taxable","34":"shipping-taxable","35":"purchasable","36":"product-type-simple"},"yoast_head":"<!-- This site is optimized with the Yoast SEO plugin v26.6 - https:\/\/yoast.com\/wordpress\/plugins\/seo\/ -->\n<title>Klassikaline valgest kullast ripats merep\u00e4rliga (11.5 mm)<\/title>\n<meta name=\"description\" content=\"Klassikalise disainiga valgest kullast ripats 11,5 mm merep\u00e4rli ja teemantidega. Suurep\u00e4rane kingitus igap\u00e4evaseks kandmiseks ja erilisteks puhkudeks, erakordse stiili r\u00f5hutamiseks.\" \/>\n<meta name=\"robots\" content=\"index, follow, max-snippet:-1, max-image-preview:large, max-video-preview:-1\" \/>\n<link rel=\"canonical\" href=\"https:\/\/fashiongold.lt\/et\/papuosalas\/valgest-kullast-ripats-musta-parli-ja-teemantidega-tahiti-11-5-mm-0-02-ct\/\" \/>\n<meta property=\"og:locale\" content=\"et_EE\" \/>\n<meta property=\"og:type\" content=\"article\" \/>\n<meta property=\"og:title\" content=\"Klassikaline valgest kullast ripats merep\u00e4rliga (11.5 mm)\" \/>\n<meta property=\"og:description\" content=\"Klassikalise disainiga valgest kullast ripats 11,5 mm merep\u00e4rli ja teemantidega. Suurep\u00e4rane kingitus igap\u00e4evaseks kandmiseks ja erilisteks puhkudeks, erakordse stiili r\u00f5hutamiseks.\" \/>\n<meta property=\"og:url\" content=\"https:\/\/fashiongold.lt\/et\/papuosalas\/valgest-kullast-ripats-musta-parli-ja-teemantidega-tahiti-11-5-mm-0-02-ct\/\" \/>\n<meta property=\"og:site_name\" content=\"FashionGold.lt\" \/>\n<meta property=\"og:image\" content=\"https:\/\/fashiongold.lt\/wp-content\/uploads\/2025\/10\/12077-a06-Balto-aukso-pakabukas-su-juodu-perlu-ir-deimantais-Taicio-11.5-mm-0.02-ct.webp\" \/>\n\t<meta property=\"og:image:width\" content=\"1000\" \/>\n\t<meta property=\"og:image:height\" content=\"1000\" \/>\n\t<meta property=\"og:image:type\" content=\"image\/png\" \/>\n<meta name=\"twitter:card\" content=\"summary_large_image\" \/>\n<meta name=\"twitter:label1\" content=\"Est. reading time\" \/>\n\t<meta name=\"twitter:data1\" content=\"1 minut\" \/>\n<script type=\"application\/ld+json\" class=\"yoast-schema-graph\">{\"@context\":\"https:\/\/schema.org\",\"@graph\":[{\"@type\":\"WebPage\",\"@id\":\"https:\/\/fashiongold.lt\/et\/papuosalas\/valgest-kullast-ripats-musta-parli-ja-teemantidega-tahiti-11-5-mm-0-02-ct\/\",\"url\":\"https:\/\/fashiongold.lt\/et\/papuosalas\/valgest-kullast-ripats-musta-parli-ja-teemantidega-tahiti-11-5-mm-0-02-ct\/\",\"name\":\"Klassikaline valgest kullast ripats merep\u00e4rliga (11.5 mm)\",\"isPartOf\":{\"@id\":\"https:\/\/fashiongold.lt\/et\/#website\"},\"primaryImageOfPage\":{\"@id\":\"https:\/\/fashiongold.lt\/et\/papuosalas\/valgest-kullast-ripats-musta-parli-ja-teemantidega-tahiti-11-5-mm-0-02-ct\/#primaryimage\"},\"image\":{\"@id\":\"https:\/\/fashiongold.lt\/et\/papuosalas\/valgest-kullast-ripats-musta-parli-ja-teemantidega-tahiti-11-5-mm-0-02-ct\/#primaryimage\"},\"thumbnailUrl\":\"https:\/\/fashiongold.lt\/wp-content\/uploads\/2025\/10\/12077-a06-Balto-aukso-pakabukas-su-juodu-perlu-ir-deimantais-Taicio-11.5-mm-0.02-ct.png\",\"datePublished\":\"2025-10-24T00:55:48+00:00\",\"description\":\"Klassikalise disainiga valgest kullast ripats 11,5 mm merep\u00e4rli ja teemantidega. Suurep\u00e4rane kingitus igap\u00e4evaseks kandmiseks ja erilisteks puhkudeks, erakordse stiili r\u00f5hutamiseks.\",\"breadcrumb\":{\"@id\":\"https:\/\/fashiongold.lt\/et\/papuosalas\/valgest-kullast-ripats-musta-parli-ja-teemantidega-tahiti-11-5-mm-0-02-ct\/#breadcrumb\"},\"inLanguage\":\"et\",\"potentialAction\":[{\"@type\":\"ReadAction\",\"target\":[\"https:\/\/fashiongold.lt\/et\/papuosalas\/valgest-kullast-ripats-musta-parli-ja-teemantidega-tahiti-11-5-mm-0-02-ct\/\"]}]},{\"@type\":\"ImageObject\",\"inLanguage\":\"et\",\"@id\":\"https:\/\/fashiongold.lt\/et\/papuosalas\/valgest-kullast-ripats-musta-parli-ja-teemantidega-tahiti-11-5-mm-0-02-ct\/#primaryimage\",\"url\":\"https:\/\/fashiongold.lt\/wp-content\/uploads\/2025\/10\/12077-a06-Balto-aukso-pakabukas-su-juodu-perlu-ir-deimantais-Taicio-11.5-mm-0.02-ct.png\",\"contentUrl\":\"https:\/\/fashiongold.lt\/wp-content\/uploads\/2025\/10\/12077-a06-Balto-aukso-pakabukas-su-juodu-perlu-ir-deimantais-Taicio-11.5-mm-0.02-ct.png\",\"width\":1000,\"height\":1000},{\"@type\":\"BreadcrumbList\",\"@id\":\"https:\/\/fashiongold.lt\/et\/papuosalas\/valgest-kullast-ripats-musta-parli-ja-teemantidega-tahiti-11-5-mm-0-02-ct\/#breadcrumb\",\"itemListElement\":[{\"@type\":\"ListItem\",\"position\":1,\"name\":\"Home\",\"item\":\"https:\/\/fashiongold.lt\/et\/\"},{\"@type\":\"ListItem\",\"position\":2,\"name\":\"Teemantide pood Fashiongold.lt\",\"item\":\"https:\/\/fashiongold.lt\/shop-2\/\"},{\"@type\":\"ListItem\",\"position\":3,\"name\":\"Valgest kullast ripats musta p\u00e4rli ja teemantidega (Tahiti, 11.5 mm, 0.02 ct)\"}]},{\"@type\":\"WebSite\",\"@id\":\"https:\/\/fashiongold.lt\/et\/#website\",\"url\":\"https:\/\/fashiongold.lt\/et\/\",\"name\":\"Fashion Gold\",\"description\":\"Juvelyrikos namai\",\"publisher\":{\"@id\":\"https:\/\/fashiongold.lt\/et\/#organization\"},\"potentialAction\":[{\"@type\":\"SearchAction\",\"target\":{\"@type\":\"EntryPoint\",\"urlTemplate\":\"https:\/\/fashiongold.lt\/et\/?s={search_term_string}\"},\"query-input\":{\"@type\":\"PropertyValueSpecification\",\"valueRequired\":true,\"valueName\":\"search_term_string\"}}],\"inLanguage\":\"et\"},{\"@type\":\"Organization\",\"@id\":\"https:\/\/fashiongold.lt\/et\/#organization\",\"name\":\"Topdiamonds Online\",\"url\":\"https:\/\/fashiongold.lt\/et\/\",\"logo\":{\"@type\":\"ImageObject\",\"inLanguage\":\"et\",\"@id\":\"https:\/\/fashiongold.lt\/et\/#\/schema\/logo\/image\/\",\"url\":\"https:\/\/fashiongold.lt\/wp-content\/uploads\/2025\/04\/cropped-fashion_gold_logotipas2-scaled-1.png\",\"contentUrl\":\"https:\/\/fashiongold.lt\/wp-content\/uploads\/2025\/04\/cropped-fashion_gold_logotipas2-scaled-1.png\",\"width\":2559,\"height\":421,\"caption\":\"Topdiamonds Online\"},\"image\":{\"@id\":\"https:\/\/fashiongold.lt\/et\/#\/schema\/logo\/image\/\"}}]}<\/script>\n<!-- \/ Yoast SEO plugin. -->","yoast_head_json":{"title":"Klassikaline valgest kullast ripats merep\u00e4rliga (11.5 mm)","description":"Klassikalise disainiga valgest kullast ripats 11,5 mm merep\u00e4rli ja teemantidega. Suurep\u00e4rane kingitus igap\u00e4evaseks kandmiseks ja erilisteks puhkudeks, erakordse stiili r\u00f5hutamiseks.","robots":{"index":"index","follow":"follow","max-snippet":"max-snippet:-1","max-image-preview":"max-image-preview:large","max-video-preview":"max-video-preview:-1"},"canonical":"https:\/\/fashiongold.lt\/et\/papuosalas\/valgest-kullast-ripats-musta-parli-ja-teemantidega-tahiti-11-5-mm-0-02-ct\/","og_locale":"et_EE","og_type":"article","og_title":"Klassikaline valgest kullast ripats merep\u00e4rliga (11.5 mm)","og_description":"Klassikalise disainiga valgest kullast ripats 11,5 mm merep\u00e4rli ja teemantidega. Suurep\u00e4rane kingitus igap\u00e4evaseks kandmiseks ja erilisteks puhkudeks, erakordse stiili r\u00f5hutamiseks.","og_url":"https:\/\/fashiongold.lt\/et\/papuosalas\/valgest-kullast-ripats-musta-parli-ja-teemantidega-tahiti-11-5-mm-0-02-ct\/","og_site_name":"FashionGold.lt","og_image":[{"width":1000,"height":1000,"url":"https:\/\/fashiongold.lt\/wp-content\/uploads\/2025\/10\/12077-a06-Balto-aukso-pakabukas-su-juodu-perlu-ir-deimantais-Taicio-11.5-mm-0.02-ct.webp","type":"image\/png"}],"twitter_card":"summary_large_image","twitter_misc":{"Est. reading time":"1 minut"},"schema":{"@context":"https:\/\/schema.org","@graph":[{"@type":"WebPage","@id":"https:\/\/fashiongold.lt\/et\/papuosalas\/valgest-kullast-ripats-musta-parli-ja-teemantidega-tahiti-11-5-mm-0-02-ct\/","url":"https:\/\/fashiongold.lt\/et\/papuosalas\/valgest-kullast-ripats-musta-parli-ja-teemantidega-tahiti-11-5-mm-0-02-ct\/","name":"Klassikaline valgest kullast ripats merep\u00e4rliga (11.5 mm)","isPartOf":{"@id":"https:\/\/fashiongold.lt\/et\/#website"},"primaryImageOfPage":{"@id":"https:\/\/fashiongold.lt\/et\/papuosalas\/valgest-kullast-ripats-musta-parli-ja-teemantidega-tahiti-11-5-mm-0-02-ct\/#primaryimage"},"image":{"@id":"https:\/\/fashiongold.lt\/et\/papuosalas\/valgest-kullast-ripats-musta-parli-ja-teemantidega-tahiti-11-5-mm-0-02-ct\/#primaryimage"},"thumbnailUrl":"https:\/\/fashiongold.lt\/wp-content\/uploads\/2025\/10\/12077-a06-Balto-aukso-pakabukas-su-juodu-perlu-ir-deimantais-Taicio-11.5-mm-0.02-ct.png","datePublished":"2025-10-24T00:55:48+00:00","description":"Klassikalise disainiga valgest kullast ripats 11,5 mm merep\u00e4rli ja teemantidega. Suurep\u00e4rane kingitus igap\u00e4evaseks kandmiseks ja erilisteks puhkudeks, erakordse stiili r\u00f5hutamiseks.","breadcrumb":{"@id":"https:\/\/fashiongold.lt\/et\/papuosalas\/valgest-kullast-ripats-musta-parli-ja-teemantidega-tahiti-11-5-mm-0-02-ct\/#breadcrumb"},"inLanguage":"et","potentialAction":[{"@type":"ReadAction","target":["https:\/\/fashiongold.lt\/et\/papuosalas\/valgest-kullast-ripats-musta-parli-ja-teemantidega-tahiti-11-5-mm-0-02-ct\/"]}]},{"@type":"ImageObject","inLanguage":"et","@id":"https:\/\/fashiongold.lt\/et\/papuosalas\/valgest-kullast-ripats-musta-parli-ja-teemantidega-tahiti-11-5-mm-0-02-ct\/#primaryimage","url":"https:\/\/fashiongold.lt\/wp-content\/uploads\/2025\/10\/12077-a06-Balto-aukso-pakabukas-su-juodu-perlu-ir-deimantais-Taicio-11.5-mm-0.02-ct.png","contentUrl":"https:\/\/fashiongold.lt\/wp-content\/uploads\/2025\/10\/12077-a06-Balto-aukso-pakabukas-su-juodu-perlu-ir-deimantais-Taicio-11.5-mm-0.02-ct.png","width":1000,"height":1000},{"@type":"BreadcrumbList","@id":"https:\/\/fashiongold.lt\/et\/papuosalas\/valgest-kullast-ripats-musta-parli-ja-teemantidega-tahiti-11-5-mm-0-02-ct\/#breadcrumb","itemListElement":[{"@type":"ListItem","position":1,"name":"Home","item":"https:\/\/fashiongold.lt\/et\/"},{"@type":"ListItem","position":2,"name":"Teemantide pood Fashiongold.lt","item":"https:\/\/fashiongold.lt\/shop-2\/"},{"@type":"ListItem","position":3,"name":"Valgest kullast ripats musta p\u00e4rli ja teemantidega (Tahiti, 11.5 mm, 0.02 ct)"}]},{"@type":"WebSite","@id":"https:\/\/fashiongold.lt\/et\/#website","url":"https:\/\/fashiongold.lt\/et\/","name":"Fashion Gold","description":"Juvelyrikos namai","publisher":{"@id":"https:\/\/fashiongold.lt\/et\/#organization"},"potentialAction":[{"@type":"SearchAction","target":{"@type":"EntryPoint","urlTemplate":"https:\/\/fashiongold.lt\/et\/?s={search_term_string}"},"query-input":{"@type":"PropertyValueSpecification","valueRequired":true,"valueName":"search_term_string"}}],"inLanguage":"et"},{"@type":"Organization","@id":"https:\/\/fashiongold.lt\/et\/#organization","name":"Topdiamonds Online","url":"https:\/\/fashiongold.lt\/et\/","logo":{"@type":"ImageObject","inLanguage":"et","@id":"https:\/\/fashiongold.lt\/et\/#\/schema\/logo\/image\/","url":"https:\/\/fashiongold.lt\/wp-content\/uploads\/2025\/04\/cropped-fashion_gold_logotipas2-scaled-1.png","contentUrl":"https:\/\/fashiongold.lt\/wp-content\/uploads\/2025\/04\/cropped-fashion_gold_logotipas2-scaled-1.png","width":2559,"height":421,"caption":"Topdiamonds Online"},"image":{"@id":"https:\/\/fashiongold.lt\/et\/#\/schema\/logo\/image\/"}}]}},"_links":{"self":[{"href":"https:\/\/fashiongold.lt\/et\/wp-json\/wp\/v2\/product\/273887","targetHints":{"allow":["GET"]}}],"collection":[{"href":"https:\/\/fashiongold.lt\/et\/wp-json\/wp\/v2\/product"}],"about":[{"href":"https:\/\/fashiongold.lt\/et\/wp-json\/wp\/v2\/types\/product"}],"version-history":[{"count":0,"href":"https:\/\/fashiongold.lt\/et\/wp-json\/wp\/v2\/product\/273887\/revisions"}],"wp:featuredmedia":[{"embeddable":true,"href":"https:\/\/fashiongold.lt\/et\/wp-json\/wp\/v2\/media\/251722"}],"wp:attachment":[{"href":"https:\/\/fashiongold.lt\/et\/wp-json\/wp\/v2\/media?parent=273887"}],"wp:term":[{"taxonomy":"product_brand","embeddable":true,"href":"https:\/\/fashiongold.lt\/et\/wp-json\/wp\/v2\/product_brand?post=273887"},{"taxonomy":"product_cat","embeddable":true,"href":"https:\/\/fashiongold.lt\/et\/wp-json\/wp\/v2\/product_cat?post=273887"},{"taxonomy":"product_tag","embeddable":true,"href":"https:\/\/fashiongold.lt\/et\/wp-json\/wp\/v2\/product_tag?post=273887"}],"curies":[{"name":"wp","href":"https:\/\/api.w.org\/{rel}","templated":true}]}}