{"id":273897,"date":"2025-10-24T00:43:37","date_gmt":"2025-10-24T00:43:37","guid":{"rendered":"https:\/\/fashiongold.lt\/papuosalas\/subtiilne-ametust-kuldsormus-ametisti-ja-teemantidega-0-63-ct\/"},"modified":"2025-10-24T00:43:37","modified_gmt":"2025-10-24T00:43:37","slug":"subtiilne-ametust-kuldsormus-ametisti-ja-teemantidega-0-63-ct","status":"publish","type":"product","link":"https:\/\/fashiongold.lt\/et\/papuosalas\/subtiilne-ametust-kuldsormus-ametisti-ja-teemantidega-0-63-ct\/","title":{"rendered":"Subtiilne Amet\u00fcst \u2013 kulds\u00f5rmus ametisti ja teemantidega (0.63 ct)"},"content":{"rendered":"<p>Valmistatud Saksamaal kvaliteetsetest v\u00e4\u00e4riskividest. Suurep\u00e4rane valik stiilsele naisele. Maagiline amet\u00fcst \u2013 tarkuse v\u00e4\u00e4riskivi, harmoonia ja l\u00f5\u00f5gastumise kivi. Taastab tasakaalu, leevendab stressi, toob rahu. Amet\u00fcst sobib Amburile, Veevalajale, Kaladele, Kaljukitsele, J\u00e4\u00e4rale, Kaksikutele.<\/p>\n<p>\u2022 S\u00f5rmuse kuld: 18 karaati (proov 750)\u00a0<\/p>\n<p>\u2022 S\u00f5rmuse v\u00e4rvus: punane kuld\u00a0 \u00a0 \u00a0<\/p>\n<p>\u2022 S\u00f5rmuse kaal: umbes 2,0\u20133,00 g\u00a0 \u00a0<\/p>\n<p>\u2022 Teemandi t\u00fc\u00fcp: Looduslik teemant\u00a0<\/p>\n<p>\u2022 Teemandi kuju: \u00dcmar lihv (Round cut)\u00a0<\/p>\n<p>\u2022 Teemandi omadused: 0,27 ct, v\u00e4rvus G-H (RW-W); puhtus SI\u00a0<\/p>\n<p>\u2022 Keskmine kivi: Ristk\u00fclikukujuline amet\u00fcst \u2013 0,36 ct\u00a0 \u00a0<\/p>\n<p>\u2022 Sertifikaat: Leedu Proovikoda (LPR)\u00a0 \u00a0<\/p>\n<p>\u2022 S\u00f5rmuse m\u00f5\u00f5tmed: k\u00f5rgus 8,40 mm, laius 6,40 mm<\/p>\n<p>\u2022 Graveerimine tasuta\u00a0<\/p>\n<p>\u2022 \u00dchekordne tasuta s\u00f5rmuse suuruse muutmise garantii\u00a0<\/p>\n<p>\u2022 Valmistamise ja tarne t\u00e4htaeg alates 14 t\u00f6\u00f6p\u00e4evast, kiireloomuline tellimus 3 t\u00f6\u00f6p\u00e4eva jooksul.\u00a0<\/p>\n<p>Kas teil on oma kulda? V\u00f5tke \u00fchendust, arvutame hinna \u00fcmber \u2013 maksate ainult s\u00f5rmuste valmistamise eest.<\/p>\n","protected":false},"excerpt":{"rendered":"<p>Subtiilne, klassikalise disainiga kulds\u00f5rmus ovaalse amet\u00fcsti ja teemantidega. Eksklusiivne moodne s\u00f5rmus stiilsele naisele.<\/p>\n","protected":false},"featured_media":251149,"template":"","meta":{"site-sidebar-layout":"","site-content-layout":"","ast-site-content-layout":"","site-content-style":"","site-sidebar-style":"","ast-global-header-display":"","ast-banner-title-visibility":"","ast-main-header-display":"","ast-hfb-above-header-display":"","ast-hfb-below-header-display":"","ast-hfb-mobile-header-display":"","site-post-title":"","ast-breadcrumbs-content":"","ast-featured-img":"","footer-sml-layout":"","ast-disable-related-posts":"","theme-transparent-header-meta":"","adv-header-id-meta":"","stick-header-meta":"","header-above-stick-meta":"","header-main-stick-meta":"","header-below-stick-meta":"","astra-migrate-meta-layouts":"default","ast-page-background-enabled":"default","ast-page-background-meta":{"desktop":{"background-color":"var(--ast-global-color-4)","background-image":"","background-repeat":"repeat","background-position":"center center","background-size":"auto","background-attachment":"scroll","background-type":"","background-media":"","overlay-type":"","overlay-color":"","overlay-opacity":"","overlay-gradient":""},"tablet":{"background-color":"","background-image":"","background-repeat":"repeat","background-position":"center center","background-size":"auto","background-attachment":"scroll","background-type":"","background-media":"","overlay-type":"","overlay-color":"","overlay-opacity":"","overlay-gradient":""},"mobile":{"background-color":"","background-image":"","background-repeat":"repeat","background-position":"center center","background-size":"auto","background-attachment":"scroll","background-type":"","background-media":"","overlay-type":"","overlay-color":"","overlay-opacity":"","overlay-gradient":""}},"ast-content-background-meta":{"desktop":{"background-color":"var(--ast-global-color-5)","background-image":"","background-repeat":"repeat","background-position":"center center","background-size":"auto","background-attachment":"scroll","background-type":"","background-media":"","overlay-type":"","overlay-color":"","overlay-opacity":"","overlay-gradient":""},"tablet":{"background-color":"var(--ast-global-color-5)","background-image":"","background-repeat":"repeat","background-position":"center center","background-size":"auto","background-attachment":"scroll","background-type":"","background-media":"","overlay-type":"","overlay-color":"","overlay-opacity":"","overlay-gradient":""},"mobile":{"background-color":"var(--ast-global-color-5)","background-image":"","background-repeat":"repeat","background-position":"center center","background-size":"auto","background-attachment":"scroll","background-type":"","background-media":"","overlay-type":"","overlay-color":"","overlay-opacity":"","overlay-gradient":""}}},"product_brand":[],"product_cat":[3058,2830,2826,3423,2829,2823,2828,2822,2824,3392,2821,2831,2988,2846,2845,2848],"product_tag":[],"class_list":{"0":"post-273897","1":"product","2":"type-product","3":"status-publish","4":"has-post-thumbnail","6":"product_cat-ehted","7":"product_cat-emadepaeva-kingitused","8":"product_cat-joulukingid","9":"product_cat-kihlasormused-vaariskividega","10":"product_cat-kingitused-erilisteks-puhkudeks","11":"product_cat-kingitused-lapse-sunni-puhul","12":"product_cat-kingitused-lopetamise-puhul","13":"product_cat-kingitused-naistele","14":"product_cat-kingitused-pulma-aastapaeva-puhul","15":"product_cat-kingitused-pulmade-puhul","16":"product_cat-kingitused-sunnipaevaks","17":"product_cat-kollasest-kullast-ehted","18":"product_cat-lillade-vaariskividega-ehted","19":"product_cat-poolvaariskividega-ehted","20":"product_cat-sobrapaeva-kingitused","21":"product_cat-vaariskividega-sormused","22":"desktop-align-center","23":"tablet-align-left","24":"mobile-align-left","25":"ast-product-gallery-layout-horizontal-slider","26":"ast-product-gallery-with-no-image","27":"ast-product-single-variable","28":"ast-product-tabs-layout-accordion","29":"ast-qv-on-image","31":"first","32":"instock","33":"taxable","34":"shipping-taxable","35":"purchasable","36":"product-type-variable"},"yoast_head":"<!-- This site is optimized with the Yoast SEO plugin v26.6 - https:\/\/yoast.com\/wordpress\/plugins\/seo\/ -->\n<title>Subtiilne Amet\u00fcst - kullast s\u00f5rmus amet\u00fcsti ja teemantidega<\/title>\n<meta name=\"description\" content=\"Subtiilne, klassikalise disainiga kulds\u00f5rmus ovaalse amet\u00fcsti ja teemantidega. Eriline valik stiilsele naisele ja erilisteks puhkudeks.\" \/>\n<meta name=\"robots\" content=\"index, follow, max-snippet:-1, max-image-preview:large, max-video-preview:-1\" \/>\n<link rel=\"canonical\" href=\"https:\/\/fashiongold.lt\/et\/papuosalas\/subtiilne-ametust-kuldsormus-ametisti-ja-teemantidega-0-63-ct\/\" \/>\n<meta property=\"og:locale\" content=\"et_EE\" \/>\n<meta property=\"og:type\" content=\"article\" \/>\n<meta property=\"og:title\" content=\"Subtiilne Amet\u00fcst - kullast s\u00f5rmus amet\u00fcsti ja teemantidega\" \/>\n<meta property=\"og:description\" content=\"Subtiilne, klassikalise disainiga kulds\u00f5rmus ovaalse amet\u00fcsti ja teemantidega. Eriline valik stiilsele naisele ja erilisteks puhkudeks.\" \/>\n<meta property=\"og:url\" content=\"https:\/\/fashiongold.lt\/et\/papuosalas\/subtiilne-ametust-kuldsormus-ametisti-ja-teemantidega-0-63-ct\/\" \/>\n<meta property=\"og:site_name\" content=\"FashionGold.lt\" \/>\n<meta property=\"og:image\" content=\"https:\/\/fashiongold.lt\/wp-content\/uploads\/2025\/10\/11690-67a-Subtilus-Ametistas-auksinis-ziedas-su-ametistu-ir-deimantais.webp\" \/>\n\t<meta property=\"og:image:width\" content=\"1000\" \/>\n\t<meta property=\"og:image:height\" content=\"1000\" \/>\n\t<meta property=\"og:image:type\" content=\"image\/png\" \/>\n<meta name=\"twitter:card\" content=\"summary_large_image\" \/>\n<meta name=\"twitter:label1\" content=\"Est. reading time\" \/>\n\t<meta name=\"twitter:data1\" content=\"1 minut\" \/>\n<script type=\"application\/ld+json\" class=\"yoast-schema-graph\">{\"@context\":\"https:\/\/schema.org\",\"@graph\":[{\"@type\":\"WebPage\",\"@id\":\"https:\/\/fashiongold.lt\/et\/papuosalas\/subtiilne-ametust-kuldsormus-ametisti-ja-teemantidega-0-63-ct\/\",\"url\":\"https:\/\/fashiongold.lt\/et\/papuosalas\/subtiilne-ametust-kuldsormus-ametisti-ja-teemantidega-0-63-ct\/\",\"name\":\"Subtiilne Amet\u00fcst - kullast s\u00f5rmus amet\u00fcsti ja teemantidega\",\"isPartOf\":{\"@id\":\"https:\/\/fashiongold.lt\/et\/#website\"},\"primaryImageOfPage\":{\"@id\":\"https:\/\/fashiongold.lt\/et\/papuosalas\/subtiilne-ametust-kuldsormus-ametisti-ja-teemantidega-0-63-ct\/#primaryimage\"},\"image\":{\"@id\":\"https:\/\/fashiongold.lt\/et\/papuosalas\/subtiilne-ametust-kuldsormus-ametisti-ja-teemantidega-0-63-ct\/#primaryimage\"},\"thumbnailUrl\":\"https:\/\/fashiongold.lt\/wp-content\/uploads\/2025\/10\/11690-67a-Subtilus-Ametistas-auksinis-ziedas-su-ametistu-ir-deimantais.png\",\"datePublished\":\"2025-10-24T00:43:37+00:00\",\"description\":\"Subtiilne, klassikalise disainiga kulds\u00f5rmus ovaalse amet\u00fcsti ja teemantidega. Eriline valik stiilsele naisele ja erilisteks puhkudeks.\",\"breadcrumb\":{\"@id\":\"https:\/\/fashiongold.lt\/et\/papuosalas\/subtiilne-ametust-kuldsormus-ametisti-ja-teemantidega-0-63-ct\/#breadcrumb\"},\"inLanguage\":\"et\",\"potentialAction\":[{\"@type\":\"ReadAction\",\"target\":[\"https:\/\/fashiongold.lt\/et\/papuosalas\/subtiilne-ametust-kuldsormus-ametisti-ja-teemantidega-0-63-ct\/\"]}]},{\"@type\":\"ImageObject\",\"inLanguage\":\"et\",\"@id\":\"https:\/\/fashiongold.lt\/et\/papuosalas\/subtiilne-ametust-kuldsormus-ametisti-ja-teemantidega-0-63-ct\/#primaryimage\",\"url\":\"https:\/\/fashiongold.lt\/wp-content\/uploads\/2025\/10\/11690-67a-Subtilus-Ametistas-auksinis-ziedas-su-ametistu-ir-deimantais.png\",\"contentUrl\":\"https:\/\/fashiongold.lt\/wp-content\/uploads\/2025\/10\/11690-67a-Subtilus-Ametistas-auksinis-ziedas-su-ametistu-ir-deimantais.png\",\"width\":1000,\"height\":1000},{\"@type\":\"BreadcrumbList\",\"@id\":\"https:\/\/fashiongold.lt\/et\/papuosalas\/subtiilne-ametust-kuldsormus-ametisti-ja-teemantidega-0-63-ct\/#breadcrumb\",\"itemListElement\":[{\"@type\":\"ListItem\",\"position\":1,\"name\":\"Home\",\"item\":\"https:\/\/fashiongold.lt\/et\/\"},{\"@type\":\"ListItem\",\"position\":2,\"name\":\"Teemantide pood Fashiongold.lt\",\"item\":\"https:\/\/fashiongold.lt\/shop-2\/\"},{\"@type\":\"ListItem\",\"position\":3,\"name\":\"Subtiilne Amet\u00fcst \u2013 kulds\u00f5rmus ametisti ja teemantidega (0.63 ct)\"}]},{\"@type\":\"WebSite\",\"@id\":\"https:\/\/fashiongold.lt\/et\/#website\",\"url\":\"https:\/\/fashiongold.lt\/et\/\",\"name\":\"Fashion Gold\",\"description\":\"Juvelyrikos namai\",\"publisher\":{\"@id\":\"https:\/\/fashiongold.lt\/et\/#organization\"},\"potentialAction\":[{\"@type\":\"SearchAction\",\"target\":{\"@type\":\"EntryPoint\",\"urlTemplate\":\"https:\/\/fashiongold.lt\/et\/?s={search_term_string}\"},\"query-input\":{\"@type\":\"PropertyValueSpecification\",\"valueRequired\":true,\"valueName\":\"search_term_string\"}}],\"inLanguage\":\"et\"},{\"@type\":\"Organization\",\"@id\":\"https:\/\/fashiongold.lt\/et\/#organization\",\"name\":\"Topdiamonds Online\",\"url\":\"https:\/\/fashiongold.lt\/et\/\",\"logo\":{\"@type\":\"ImageObject\",\"inLanguage\":\"et\",\"@id\":\"https:\/\/fashiongold.lt\/et\/#\/schema\/logo\/image\/\",\"url\":\"https:\/\/fashiongold.lt\/wp-content\/uploads\/2025\/04\/cropped-fashion_gold_logotipas2-scaled-1.png\",\"contentUrl\":\"https:\/\/fashiongold.lt\/wp-content\/uploads\/2025\/04\/cropped-fashion_gold_logotipas2-scaled-1.png\",\"width\":2559,\"height\":421,\"caption\":\"Topdiamonds Online\"},\"image\":{\"@id\":\"https:\/\/fashiongold.lt\/et\/#\/schema\/logo\/image\/\"}}]}<\/script>\n<!-- \/ Yoast SEO plugin. -->","yoast_head_json":{"title":"Subtiilne Amet\u00fcst - kullast s\u00f5rmus amet\u00fcsti ja teemantidega","description":"Subtiilne, klassikalise disainiga kulds\u00f5rmus ovaalse amet\u00fcsti ja teemantidega. Eriline valik stiilsele naisele ja erilisteks puhkudeks.","robots":{"index":"index","follow":"follow","max-snippet":"max-snippet:-1","max-image-preview":"max-image-preview:large","max-video-preview":"max-video-preview:-1"},"canonical":"https:\/\/fashiongold.lt\/et\/papuosalas\/subtiilne-ametust-kuldsormus-ametisti-ja-teemantidega-0-63-ct\/","og_locale":"et_EE","og_type":"article","og_title":"Subtiilne Amet\u00fcst - kullast s\u00f5rmus amet\u00fcsti ja teemantidega","og_description":"Subtiilne, klassikalise disainiga kulds\u00f5rmus ovaalse amet\u00fcsti ja teemantidega. Eriline valik stiilsele naisele ja erilisteks puhkudeks.","og_url":"https:\/\/fashiongold.lt\/et\/papuosalas\/subtiilne-ametust-kuldsormus-ametisti-ja-teemantidega-0-63-ct\/","og_site_name":"FashionGold.lt","og_image":[{"width":1000,"height":1000,"url":"https:\/\/fashiongold.lt\/wp-content\/uploads\/2025\/10\/11690-67a-Subtilus-Ametistas-auksinis-ziedas-su-ametistu-ir-deimantais.webp","type":"image\/png"}],"twitter_card":"summary_large_image","twitter_misc":{"Est. reading time":"1 minut"},"schema":{"@context":"https:\/\/schema.org","@graph":[{"@type":"WebPage","@id":"https:\/\/fashiongold.lt\/et\/papuosalas\/subtiilne-ametust-kuldsormus-ametisti-ja-teemantidega-0-63-ct\/","url":"https:\/\/fashiongold.lt\/et\/papuosalas\/subtiilne-ametust-kuldsormus-ametisti-ja-teemantidega-0-63-ct\/","name":"Subtiilne Amet\u00fcst - kullast s\u00f5rmus amet\u00fcsti ja teemantidega","isPartOf":{"@id":"https:\/\/fashiongold.lt\/et\/#website"},"primaryImageOfPage":{"@id":"https:\/\/fashiongold.lt\/et\/papuosalas\/subtiilne-ametust-kuldsormus-ametisti-ja-teemantidega-0-63-ct\/#primaryimage"},"image":{"@id":"https:\/\/fashiongold.lt\/et\/papuosalas\/subtiilne-ametust-kuldsormus-ametisti-ja-teemantidega-0-63-ct\/#primaryimage"},"thumbnailUrl":"https:\/\/fashiongold.lt\/wp-content\/uploads\/2025\/10\/11690-67a-Subtilus-Ametistas-auksinis-ziedas-su-ametistu-ir-deimantais.png","datePublished":"2025-10-24T00:43:37+00:00","description":"Subtiilne, klassikalise disainiga kulds\u00f5rmus ovaalse amet\u00fcsti ja teemantidega. Eriline valik stiilsele naisele ja erilisteks puhkudeks.","breadcrumb":{"@id":"https:\/\/fashiongold.lt\/et\/papuosalas\/subtiilne-ametust-kuldsormus-ametisti-ja-teemantidega-0-63-ct\/#breadcrumb"},"inLanguage":"et","potentialAction":[{"@type":"ReadAction","target":["https:\/\/fashiongold.lt\/et\/papuosalas\/subtiilne-ametust-kuldsormus-ametisti-ja-teemantidega-0-63-ct\/"]}]},{"@type":"ImageObject","inLanguage":"et","@id":"https:\/\/fashiongold.lt\/et\/papuosalas\/subtiilne-ametust-kuldsormus-ametisti-ja-teemantidega-0-63-ct\/#primaryimage","url":"https:\/\/fashiongold.lt\/wp-content\/uploads\/2025\/10\/11690-67a-Subtilus-Ametistas-auksinis-ziedas-su-ametistu-ir-deimantais.png","contentUrl":"https:\/\/fashiongold.lt\/wp-content\/uploads\/2025\/10\/11690-67a-Subtilus-Ametistas-auksinis-ziedas-su-ametistu-ir-deimantais.png","width":1000,"height":1000},{"@type":"BreadcrumbList","@id":"https:\/\/fashiongold.lt\/et\/papuosalas\/subtiilne-ametust-kuldsormus-ametisti-ja-teemantidega-0-63-ct\/#breadcrumb","itemListElement":[{"@type":"ListItem","position":1,"name":"Home","item":"https:\/\/fashiongold.lt\/et\/"},{"@type":"ListItem","position":2,"name":"Teemantide pood Fashiongold.lt","item":"https:\/\/fashiongold.lt\/shop-2\/"},{"@type":"ListItem","position":3,"name":"Subtiilne Amet\u00fcst \u2013 kulds\u00f5rmus ametisti ja teemantidega (0.63 ct)"}]},{"@type":"WebSite","@id":"https:\/\/fashiongold.lt\/et\/#website","url":"https:\/\/fashiongold.lt\/et\/","name":"Fashion Gold","description":"Juvelyrikos namai","publisher":{"@id":"https:\/\/fashiongold.lt\/et\/#organization"},"potentialAction":[{"@type":"SearchAction","target":{"@type":"EntryPoint","urlTemplate":"https:\/\/fashiongold.lt\/et\/?s={search_term_string}"},"query-input":{"@type":"PropertyValueSpecification","valueRequired":true,"valueName":"search_term_string"}}],"inLanguage":"et"},{"@type":"Organization","@id":"https:\/\/fashiongold.lt\/et\/#organization","name":"Topdiamonds Online","url":"https:\/\/fashiongold.lt\/et\/","logo":{"@type":"ImageObject","inLanguage":"et","@id":"https:\/\/fashiongold.lt\/et\/#\/schema\/logo\/image\/","url":"https:\/\/fashiongold.lt\/wp-content\/uploads\/2025\/04\/cropped-fashion_gold_logotipas2-scaled-1.png","contentUrl":"https:\/\/fashiongold.lt\/wp-content\/uploads\/2025\/04\/cropped-fashion_gold_logotipas2-scaled-1.png","width":2559,"height":421,"caption":"Topdiamonds Online"},"image":{"@id":"https:\/\/fashiongold.lt\/et\/#\/schema\/logo\/image\/"}}]}},"_links":{"self":[{"href":"https:\/\/fashiongold.lt\/et\/wp-json\/wp\/v2\/product\/273897","targetHints":{"allow":["GET"]}}],"collection":[{"href":"https:\/\/fashiongold.lt\/et\/wp-json\/wp\/v2\/product"}],"about":[{"href":"https:\/\/fashiongold.lt\/et\/wp-json\/wp\/v2\/types\/product"}],"version-history":[{"count":0,"href":"https:\/\/fashiongold.lt\/et\/wp-json\/wp\/v2\/product\/273897\/revisions"}],"wp:featuredmedia":[{"embeddable":true,"href":"https:\/\/fashiongold.lt\/et\/wp-json\/wp\/v2\/media\/251149"}],"wp:attachment":[{"href":"https:\/\/fashiongold.lt\/et\/wp-json\/wp\/v2\/media?parent=273897"}],"wp:term":[{"taxonomy":"product_brand","embeddable":true,"href":"https:\/\/fashiongold.lt\/et\/wp-json\/wp\/v2\/product_brand?post=273897"},{"taxonomy":"product_cat","embeddable":true,"href":"https:\/\/fashiongold.lt\/et\/wp-json\/wp\/v2\/product_cat?post=273897"},{"taxonomy":"product_tag","embeddable":true,"href":"https:\/\/fashiongold.lt\/et\/wp-json\/wp\/v2\/product_tag?post=273897"}],"curies":[{"name":"wp","href":"https:\/\/api.w.org\/{rel}","templated":true}]}}