{"id":273934,"date":"2025-12-28T11:00:13","date_gmt":"2025-12-28T11:00:13","guid":{"rendered":"https:\/\/fashiongold.lt\/papuosalas\/granaat-granaadiga-ripats-ai-juveliir\/"},"modified":"2025-12-28T11:00:13","modified_gmt":"2025-12-28T11:00:13","slug":"granaat-granaadiga-ripats-ai-juveliir","status":"publish","type":"product","link":"https:\/\/fashiongold.lt\/et\/papuosalas\/granaat-granaadiga-ripats-ai-juveliir\/","title":{"rendered":"Granaat &#8211; Granaadiga ripats. AI Juveliir"},"content":{"rendered":"<h2 data-start=\"209\" data-end=\"300\">AI Juveliir: \u00fcmara punase granaadi ja teemantidega ripats \u2013 valmistamine eritellimusel<\/h2>\n<p data-start=\"302\" data-end=\"930\">See \u00fcmara punase granaadiga keskel ja v\u00e4ikeste teemantidega halo-disainiga \u00fcmbrisega ripats on juveliiri loodud ja valmistatud individuaalne projekt, kus iga detail on l\u00e4bi m\u00f5eldud, l\u00e4htudes valitud v\u00e4\u00e4riskivist \u2013 granaadist, mis paistab silma s\u00fcgava punase v\u00e4rvuse, s\u00fcgava tooni ja intensiivse, elava s\u00e4ra poolest. See ei ole masstoodang \u2013 see on t\u00f5eline juveelikunst, mis algab ideest ja l\u00f5peb k\u00e4sitsi valminud kordumatu ripatsiga. Juveliir valmistab lisaks ripatsitele ka k\u00f5rvar\u00f5ngaid ja muid ehteid vastavalt eritellimustele, p\u00f6\u00f6rates erilist t\u00e4helepanu kvaliteedile ja eksklusiivsusele.<\/p>\n<p data-start=\"932\" data-end=\"1506\">\u00dcmara punase granaadiga ripatsi projekteerimisel hindab juveliir esmalt kivi ennast \u2013 selle l\u00e4bipaistvust, v\u00e4rvi k\u00fcllastust ja valguse m\u00e4ngu. Granaadi toon v\u00f5ib varieeruda tumedast kirsipunastest kuni eredama tulepunaseni, mist\u00f5ttu just konkreetne kivi saab kogu disaini aluseks. Selle j\u00e4rgi valitakse ripatsi proportsioonid, krooni k\u00f5rgus, halo-teemantide paigutus ja \u00fcldine visuaalne tasakaal. Iga ripats n\u00f5uab \u00e4\u00e4rmiselt hoolikat ja professionaalset t\u00f6\u00f6d, et saavutada harmooniline koosk\u00f5la esteetika, mugavuse ja vastupidavuse vahel.<\/p>\n<p data-start=\"1508\" data-end=\"1621\">\u00dcmara punase granaadi ja teemantidega ripats valmistatakse eritellimusel, mist\u00f5ttu saame kohandada:<\/p>\n<ul>\n<li>mis tahes <a href=\"https:\/\/fashiongold.lt\/et\/patarimai-et\/kulla-varv-mida-tasub-teada-erinevate-varjundite-ja-nende-omaduste-kohta\/\" target=\"_self\" rel=\"noopener noreferrer\">kulla v\u00e4rvi<\/a> (valge, kollane v\u00f5i punane),<\/li>\n<li><a href=\"https:\/\/fashiongold.lt\/et\/patarimai-et\/kulla-proov-ehetele-kuidas-valida-oiget\/\" target=\"_self\" rel=\"noopener noreferrer\">soovitud kullaproovi 585 v\u00f5i 750<\/a>,<\/li>\n<li>v\u00e4\u00e4riskivide erinevat suurust ja paigutust,<\/li>\n<li>punase granaadi individuaalset tooni \u2013 s\u00fcgavast tumedast kuni eredama punase toonini.<\/li>\n<\/ul>\n<p data-start=\"1884\" data-end=\"2099\">Eritellimusel p\u00f5hineva ripatsi valimisel on k\u00f5ige olulisem see, mis vastab teie tunnetele, isiksusele ja valitud s\u00fcmboolikale. Sellised ehted ei muutu mitte ainult esteetiliselt erakordseks, vaid ka emotsionaalselt t\u00e4hendusrikkaks.<\/p>\n<p data-start=\"2101\" data-end=\"2547\">Selles mudelis on valitud klassikaline halo-disain, mis r\u00f5hutab delikaatselt \u00fcmara kujuga punase granaadi s\u00e4ra ning annab ripatsile t\u00e4iendavat luksust ja elegantsi. V\u00e4ikesed teemandid raamivad keskmist kivi, tugevdades valguse m\u00e4ngu, ning v\u00e4\u00e4riskivi ise \u2013 punane <a href=\"https:\/\/fashiongold.lt\/et\/granaat\/\">granaat<\/a> \u2013 saab peamiseks visuaalseks ja emotsionaalseks aktsendiks. Granaati on iidsetest aegadest saati seostatud armastuse, kire, sisemise j\u00f5u, truuduse ja eluenergiaga.<\/p>\n<p data-start=\"2549\" data-end=\"2736\">K\u00f5ik punaste granaatidega ripatsid <span style=\"font-size: 16px;\">ja <\/span><a style=\"font-size: 16px; background-color: #ffffff;\" href=\"https:\/\/fashiongold.lt\/et\/kategorija\/pidulikud-korvarongad\/\" target=\"_self\" rel=\"noopener noreferrer\">muud ehted<\/a><span style=\"font-size: 16px;\"> valmistatakse Leedus ja neil on Leedu Proovikoja sertifikaadid.<\/span><\/p>\n<p>See on <a href=\"https:\/\/fashiongold.lt\/et\/patarimai-et\/juveliir-kui-teie-unistus-saab-kulla-kuju\/\" target=\"_self\" rel=\"noopener noreferrer\">juveliiri t\u00f6\u00f6 eritellimusel<\/a>, mis on m\u00f5eldud neile, kes otsivad lisaks ripatsile ka isiklikku lugu, mis on loodud kullast, teemantidest ja \u00fcmara kujuga punasest granaadist. Iga selline ripats on ainulaadne, kohandatud just teile ja teie valitud v\u00e4\u00e4riskivile, ning \u00fcmar kuju v\u00f5imaldab peenelt edasi anda tundeid, m\u00e4lestusi ja v\u00e4\u00e4rtusi, mis kestavad kaua.<\/p>\n<h4>Meie teenused<\/h4>\n<p>Pakume <a href=\"https:\/\/fashiongold.lt\/et\/kategorija\/ehete-valmistamine\/\" target=\"_self\" rel=\"noopener noreferrer\">individuaalset disaini, kus iga ehe luuakse vastavalt teie ideedele ja visioonile<\/a>. Teostame ka restaureerimist, et teie kallid ehted s\u00e4raksid taas nagu uued. Iga meie teos ei ole ainult ehe, vaid ka teie isiksuse peegeldus. Iga meie t\u00f6\u00f6 on t\u00f5estus sellest, et kvaliteet ja loovus saavad k\u00e4ia k\u00e4sik\u00e4es.<\/p>\n<h4>Avatus ja Garantii<\/h4>\n<p>Meie l\u00e4henemisviis on avatus ja siiras suhtlus iga kliendiga. Esimesest konsultatsioonist kuni l\u00f5pliku ehte k\u00e4ttesaamiseni oleme teie k\u00f5rval, et aidata teid k\u00f5igis k\u00fcsimustes. Anname k\u00f5igile oma toodetele 5-aastase kvaliteedigarantii, nii et v\u00f5ite olla kindlad nende usaldusv\u00e4\u00e4rsuses ja vastupidavuses. Meie garantii h\u00f5lmab k\u00f5iki tootmiskvaliteedi aspekte, et saaksite ehteid muretult nautida aastaid. Hoolitseme selle eest, et iga meie klient tunneks end kindlalt ja teaks, et meie ehted on usaldust v\u00e4\u00e4rt.<\/p>\n<h4>Tellimine ja konsultatsioonid<\/h4>\n<p>Kui soovite tellida individuaalset ehet v\u00f5i konsulteerida oma ideede osas, on meie meeskond alati valmis teid aitama. Konsultatsiooni k\u00e4igus arutame teie visiooni ja eelistusi ning pakume parimaid lahendusi, et saaksime valmistada ehteid, mis vastavad teie ootustele. P\u00f6\u00f6rame igale tellimusele erilist t\u00e4helepanu, mist\u00f5ttu saame pakkuda individuaalseid lahendusi nii kihlas\u00f5rmuste kui ka muude ehete puhul. Ehete valmistamine kestab tavaliselt umbes 5 n\u00e4dalat, kuid anname alati parima, et teie ehted valmiksid v\u00f5imalikult kiiresti. V\u00f5tke meiega \u00fchendust \u2013 loome koos ehted, millest saab osa teie loost.<\/p>\n","protected":false},"excerpt":{"rendered":"<p>AI Juveliir: \u00fcmara punase granaadi ja teemantidega ripats \u2013 valmistamine eritellimusel See \u00fcmara punase granaadiga keskel ja v\u00e4ikeste teemantidega halo-disainiga [&hellip;]<\/p>\n","protected":false},"featured_media":265695,"template":"","meta":{"site-sidebar-layout":"default","site-content-layout":"","ast-site-content-layout":"default","site-content-style":"default","site-sidebar-style":"default","ast-global-header-display":"","ast-banner-title-visibility":"","ast-main-header-display":"","ast-hfb-above-header-display":"","ast-hfb-below-header-display":"","ast-hfb-mobile-header-display":"","site-post-title":"","ast-breadcrumbs-content":"","ast-featured-img":"","footer-sml-layout":"","ast-disable-related-posts":"","theme-transparent-header-meta":"default","adv-header-id-meta":"","stick-header-meta":"","header-above-stick-meta":"","header-main-stick-meta":"","header-below-stick-meta":"","astra-migrate-meta-layouts":"default","ast-page-background-enabled":"default","ast-page-background-meta":{"desktop":{"background-color":"var(--ast-global-color-4)","background-image":"","background-repeat":"repeat","background-position":"center center","background-size":"auto","background-attachment":"scroll","background-type":"","background-media":"","overlay-type":"","overlay-color":"","overlay-opacity":"","overlay-gradient":""},"tablet":{"background-color":"","background-image":"","background-repeat":"repeat","background-position":"center center","background-size":"auto","background-attachment":"scroll","background-type":"","background-media":"","overlay-type":"","overlay-color":"","overlay-opacity":"","overlay-gradient":""},"mobile":{"background-color":"","background-image":"","background-repeat":"repeat","background-position":"center center","background-size":"auto","background-attachment":"scroll","background-type":"","background-media":"","overlay-type":"","overlay-color":"","overlay-opacity":"","overlay-gradient":""}},"ast-content-background-meta":{"desktop":{"background-color":"var(--ast-global-color-5)","background-image":"","background-repeat":"repeat","background-position":"center center","background-size":"auto","background-attachment":"scroll","background-type":"","background-media":"","overlay-type":"","overlay-color":"","overlay-opacity":"","overlay-gradient":""},"tablet":{"background-color":"var(--ast-global-color-5)","background-image":"","background-repeat":"repeat","background-position":"center center","background-size":"auto","background-attachment":"scroll","background-type":"","background-media":"","overlay-type":"","overlay-color":"","overlay-opacity":"","overlay-gradient":""},"mobile":{"background-color":"var(--ast-global-color-5)","background-image":"","background-repeat":"repeat","background-position":"center center","background-size":"auto","background-attachment":"scroll","background-type":"","background-media":"","overlay-type":"","overlay-color":"","overlay-opacity":"","overlay-gradient":""}}},"product_brand":[],"product_cat":[2838,2839,2846,2847],"product_tag":[],"class_list":{"0":"post-273934","1":"product","2":"type-product","3":"status-publish","4":"has-post-thumbnail","6":"product_cat-ehete-valmistamine","7":"product_cat-juveliir","8":"product_cat-poolvaariskividega-ehted","9":"product_cat-siniste-vaariskividega-ehted","10":"desktop-align-center","11":"tablet-align-left","12":"mobile-align-left","13":"ast-product-gallery-layout-horizontal-slider","14":"ast-product-tabs-layout-accordion","15":"ast-qv-on-image","17":"first","18":"onbackorder","19":"taxable","20":"shipping-taxable","21":"purchasable","22":"product-type-simple"},"yoast_head":"<!-- This site is optimized with the Yoast SEO plugin v26.6 - https:\/\/yoast.com\/wordpress\/plugins\/seo\/ -->\n<title>Ripats punase granaadiga | Halo-disain | Eritellimusel valmistatud<\/title>\n<meta name=\"description\" content=\"Luksuslik ripats \u00fcmara punase granaadi ja halo-teemantidega. K\u00e4sit\u00f6\u00f6na valminud eritellimus Leedus, sertifitseeritud kvaliteet.\" \/>\n<meta name=\"robots\" content=\"index, follow, max-snippet:-1, max-image-preview:large, max-video-preview:-1\" \/>\n<link rel=\"canonical\" href=\"https:\/\/fashiongold.lt\/et\/papuosalas\/granaat-granaadiga-ripats-ai-juveliir\/\" \/>\n<meta property=\"og:locale\" content=\"et_EE\" \/>\n<meta property=\"og:type\" content=\"article\" \/>\n<meta property=\"og:title\" content=\"Ripats punase granaadiga | Halo-disain | Eritellimusel valmistatud\" \/>\n<meta property=\"og:description\" content=\"Luksuslik ripats \u00fcmara punase granaadi ja halo-teemantidega. K\u00e4sit\u00f6\u00f6na valminud eritellimus Leedus, sertifitseeritud kvaliteet.\" \/>\n<meta property=\"og:url\" content=\"https:\/\/fashiongold.lt\/et\/papuosalas\/granaat-granaadiga-ripats-ai-juveliir\/\" \/>\n<meta property=\"og:site_name\" content=\"FashionGold.lt\" \/>\n<meta property=\"og:image\" content=\"https:\/\/fashiongold.lt\/wp-content\/uploads\/2025\/12\/Ant-stilingos-merginos-kaklo-spindi-baltas-auksinis-pakabukas-su-apvaliu-granatu-ir-deimantais-1024x683.png\" \/>\n\t<meta property=\"og:image:width\" content=\"1024\" \/>\n\t<meta property=\"og:image:height\" content=\"683\" \/>\n\t<meta property=\"og:image:type\" content=\"image\/png\" \/>\n<meta name=\"twitter:card\" content=\"summary_large_image\" \/>\n<meta name=\"twitter:label1\" content=\"Est. reading time\" \/>\n\t<meta name=\"twitter:data1\" content=\"3 minutit\" \/>\n<script type=\"application\/ld+json\" class=\"yoast-schema-graph\">{\"@context\":\"https:\/\/schema.org\",\"@graph\":[{\"@type\":\"WebPage\",\"@id\":\"https:\/\/fashiongold.lt\/et\/papuosalas\/granaat-granaadiga-ripats-ai-juveliir\/\",\"url\":\"https:\/\/fashiongold.lt\/et\/papuosalas\/granaat-granaadiga-ripats-ai-juveliir\/\",\"name\":\"Ripats punase granaadiga | Halo-disain | Eritellimusel valmistatud\",\"isPartOf\":{\"@id\":\"https:\/\/fashiongold.lt\/et\/#website\"},\"primaryImageOfPage\":{\"@id\":\"https:\/\/fashiongold.lt\/et\/papuosalas\/granaat-granaadiga-ripats-ai-juveliir\/#primaryimage\"},\"image\":{\"@id\":\"https:\/\/fashiongold.lt\/et\/papuosalas\/granaat-granaadiga-ripats-ai-juveliir\/#primaryimage\"},\"thumbnailUrl\":\"https:\/\/fashiongold.lt\/wp-content\/uploads\/2025\/12\/Ant-stilingos-merginos-kaklo-spindi-baltas-auksinis-pakabukas-su-apvaliu-granatu-ir-deimantais.png\",\"datePublished\":\"2025-12-28T11:00:13+00:00\",\"description\":\"Luksuslik ripats \u00fcmara punase granaadi ja halo-teemantidega. K\u00e4sit\u00f6\u00f6na valminud eritellimus Leedus, sertifitseeritud kvaliteet.\",\"breadcrumb\":{\"@id\":\"https:\/\/fashiongold.lt\/et\/papuosalas\/granaat-granaadiga-ripats-ai-juveliir\/#breadcrumb\"},\"inLanguage\":\"et\",\"potentialAction\":[{\"@type\":\"ReadAction\",\"target\":[\"https:\/\/fashiongold.lt\/et\/papuosalas\/granaat-granaadiga-ripats-ai-juveliir\/\"]}]},{\"@type\":\"ImageObject\",\"inLanguage\":\"et\",\"@id\":\"https:\/\/fashiongold.lt\/et\/papuosalas\/granaat-granaadiga-ripats-ai-juveliir\/#primaryimage\",\"url\":\"https:\/\/fashiongold.lt\/wp-content\/uploads\/2025\/12\/Ant-stilingos-merginos-kaklo-spindi-baltas-auksinis-pakabukas-su-apvaliu-granatu-ir-deimantais.png\",\"contentUrl\":\"https:\/\/fashiongold.lt\/wp-content\/uploads\/2025\/12\/Ant-stilingos-merginos-kaklo-spindi-baltas-auksinis-pakabukas-su-apvaliu-granatu-ir-deimantais.png\",\"width\":1536,\"height\":1024,\"caption\":\"Ant stilingos merginos kaklo spindi baltas auksinis pakabukas su apvaliu granatu ir deimantais\"},{\"@type\":\"BreadcrumbList\",\"@id\":\"https:\/\/fashiongold.lt\/et\/papuosalas\/granaat-granaadiga-ripats-ai-juveliir\/#breadcrumb\",\"itemListElement\":[{\"@type\":\"ListItem\",\"position\":1,\"name\":\"Home\",\"item\":\"https:\/\/fashiongold.lt\/et\/\"},{\"@type\":\"ListItem\",\"position\":2,\"name\":\"Teemantide pood Fashiongold.lt\",\"item\":\"https:\/\/fashiongold.lt\/shop-2\/\"},{\"@type\":\"ListItem\",\"position\":3,\"name\":\"Granaat &#8211; Granaadiga ripats. AI Juveliir\"}]},{\"@type\":\"WebSite\",\"@id\":\"https:\/\/fashiongold.lt\/et\/#website\",\"url\":\"https:\/\/fashiongold.lt\/et\/\",\"name\":\"Fashion Gold\",\"description\":\"Juvelyrikos namai\",\"publisher\":{\"@id\":\"https:\/\/fashiongold.lt\/et\/#organization\"},\"potentialAction\":[{\"@type\":\"SearchAction\",\"target\":{\"@type\":\"EntryPoint\",\"urlTemplate\":\"https:\/\/fashiongold.lt\/et\/?s={search_term_string}\"},\"query-input\":{\"@type\":\"PropertyValueSpecification\",\"valueRequired\":true,\"valueName\":\"search_term_string\"}}],\"inLanguage\":\"et\"},{\"@type\":\"Organization\",\"@id\":\"https:\/\/fashiongold.lt\/et\/#organization\",\"name\":\"Topdiamonds Online\",\"url\":\"https:\/\/fashiongold.lt\/et\/\",\"logo\":{\"@type\":\"ImageObject\",\"inLanguage\":\"et\",\"@id\":\"https:\/\/fashiongold.lt\/et\/#\/schema\/logo\/image\/\",\"url\":\"https:\/\/fashiongold.lt\/wp-content\/uploads\/2025\/04\/cropped-fashion_gold_logotipas2-scaled-1.png\",\"contentUrl\":\"https:\/\/fashiongold.lt\/wp-content\/uploads\/2025\/04\/cropped-fashion_gold_logotipas2-scaled-1.png\",\"width\":2559,\"height\":421,\"caption\":\"Topdiamonds Online\"},\"image\":{\"@id\":\"https:\/\/fashiongold.lt\/et\/#\/schema\/logo\/image\/\"}}]}<\/script>\n<!-- \/ Yoast SEO plugin. -->","yoast_head_json":{"title":"Ripats punase granaadiga | Halo-disain | Eritellimusel valmistatud","description":"Luksuslik ripats \u00fcmara punase granaadi ja halo-teemantidega. K\u00e4sit\u00f6\u00f6na valminud eritellimus Leedus, sertifitseeritud kvaliteet.","robots":{"index":"index","follow":"follow","max-snippet":"max-snippet:-1","max-image-preview":"max-image-preview:large","max-video-preview":"max-video-preview:-1"},"canonical":"https:\/\/fashiongold.lt\/et\/papuosalas\/granaat-granaadiga-ripats-ai-juveliir\/","og_locale":"et_EE","og_type":"article","og_title":"Ripats punase granaadiga | Halo-disain | Eritellimusel valmistatud","og_description":"Luksuslik ripats \u00fcmara punase granaadi ja halo-teemantidega. K\u00e4sit\u00f6\u00f6na valminud eritellimus Leedus, sertifitseeritud kvaliteet.","og_url":"https:\/\/fashiongold.lt\/et\/papuosalas\/granaat-granaadiga-ripats-ai-juveliir\/","og_site_name":"FashionGold.lt","og_image":[{"width":1024,"height":683,"url":"https:\/\/fashiongold.lt\/wp-content\/uploads\/2025\/12\/Ant-stilingos-merginos-kaklo-spindi-baltas-auksinis-pakabukas-su-apvaliu-granatu-ir-deimantais-1024x683.png","type":"image\/png"}],"twitter_card":"summary_large_image","twitter_misc":{"Est. reading time":"3 minutit"},"schema":{"@context":"https:\/\/schema.org","@graph":[{"@type":"WebPage","@id":"https:\/\/fashiongold.lt\/et\/papuosalas\/granaat-granaadiga-ripats-ai-juveliir\/","url":"https:\/\/fashiongold.lt\/et\/papuosalas\/granaat-granaadiga-ripats-ai-juveliir\/","name":"Ripats punase granaadiga | Halo-disain | Eritellimusel valmistatud","isPartOf":{"@id":"https:\/\/fashiongold.lt\/et\/#website"},"primaryImageOfPage":{"@id":"https:\/\/fashiongold.lt\/et\/papuosalas\/granaat-granaadiga-ripats-ai-juveliir\/#primaryimage"},"image":{"@id":"https:\/\/fashiongold.lt\/et\/papuosalas\/granaat-granaadiga-ripats-ai-juveliir\/#primaryimage"},"thumbnailUrl":"https:\/\/fashiongold.lt\/wp-content\/uploads\/2025\/12\/Ant-stilingos-merginos-kaklo-spindi-baltas-auksinis-pakabukas-su-apvaliu-granatu-ir-deimantais.png","datePublished":"2025-12-28T11:00:13+00:00","description":"Luksuslik ripats \u00fcmara punase granaadi ja halo-teemantidega. K\u00e4sit\u00f6\u00f6na valminud eritellimus Leedus, sertifitseeritud kvaliteet.","breadcrumb":{"@id":"https:\/\/fashiongold.lt\/et\/papuosalas\/granaat-granaadiga-ripats-ai-juveliir\/#breadcrumb"},"inLanguage":"et","potentialAction":[{"@type":"ReadAction","target":["https:\/\/fashiongold.lt\/et\/papuosalas\/granaat-granaadiga-ripats-ai-juveliir\/"]}]},{"@type":"ImageObject","inLanguage":"et","@id":"https:\/\/fashiongold.lt\/et\/papuosalas\/granaat-granaadiga-ripats-ai-juveliir\/#primaryimage","url":"https:\/\/fashiongold.lt\/wp-content\/uploads\/2025\/12\/Ant-stilingos-merginos-kaklo-spindi-baltas-auksinis-pakabukas-su-apvaliu-granatu-ir-deimantais.png","contentUrl":"https:\/\/fashiongold.lt\/wp-content\/uploads\/2025\/12\/Ant-stilingos-merginos-kaklo-spindi-baltas-auksinis-pakabukas-su-apvaliu-granatu-ir-deimantais.png","width":1536,"height":1024,"caption":"Ant stilingos merginos kaklo spindi baltas auksinis pakabukas su apvaliu granatu ir deimantais"},{"@type":"BreadcrumbList","@id":"https:\/\/fashiongold.lt\/et\/papuosalas\/granaat-granaadiga-ripats-ai-juveliir\/#breadcrumb","itemListElement":[{"@type":"ListItem","position":1,"name":"Home","item":"https:\/\/fashiongold.lt\/et\/"},{"@type":"ListItem","position":2,"name":"Teemantide pood Fashiongold.lt","item":"https:\/\/fashiongold.lt\/shop-2\/"},{"@type":"ListItem","position":3,"name":"Granaat &#8211; Granaadiga ripats. AI Juveliir"}]},{"@type":"WebSite","@id":"https:\/\/fashiongold.lt\/et\/#website","url":"https:\/\/fashiongold.lt\/et\/","name":"Fashion Gold","description":"Juvelyrikos namai","publisher":{"@id":"https:\/\/fashiongold.lt\/et\/#organization"},"potentialAction":[{"@type":"SearchAction","target":{"@type":"EntryPoint","urlTemplate":"https:\/\/fashiongold.lt\/et\/?s={search_term_string}"},"query-input":{"@type":"PropertyValueSpecification","valueRequired":true,"valueName":"search_term_string"}}],"inLanguage":"et"},{"@type":"Organization","@id":"https:\/\/fashiongold.lt\/et\/#organization","name":"Topdiamonds Online","url":"https:\/\/fashiongold.lt\/et\/","logo":{"@type":"ImageObject","inLanguage":"et","@id":"https:\/\/fashiongold.lt\/et\/#\/schema\/logo\/image\/","url":"https:\/\/fashiongold.lt\/wp-content\/uploads\/2025\/04\/cropped-fashion_gold_logotipas2-scaled-1.png","contentUrl":"https:\/\/fashiongold.lt\/wp-content\/uploads\/2025\/04\/cropped-fashion_gold_logotipas2-scaled-1.png","width":2559,"height":421,"caption":"Topdiamonds Online"},"image":{"@id":"https:\/\/fashiongold.lt\/et\/#\/schema\/logo\/image\/"}}]}},"_links":{"self":[{"href":"https:\/\/fashiongold.lt\/et\/wp-json\/wp\/v2\/product\/273934","targetHints":{"allow":["GET"]}}],"collection":[{"href":"https:\/\/fashiongold.lt\/et\/wp-json\/wp\/v2\/product"}],"about":[{"href":"https:\/\/fashiongold.lt\/et\/wp-json\/wp\/v2\/types\/product"}],"version-history":[{"count":0,"href":"https:\/\/fashiongold.lt\/et\/wp-json\/wp\/v2\/product\/273934\/revisions"}],"wp:featuredmedia":[{"embeddable":true,"href":"https:\/\/fashiongold.lt\/et\/wp-json\/wp\/v2\/media\/265695"}],"wp:attachment":[{"href":"https:\/\/fashiongold.lt\/et\/wp-json\/wp\/v2\/media?parent=273934"}],"wp:term":[{"taxonomy":"product_brand","embeddable":true,"href":"https:\/\/fashiongold.lt\/et\/wp-json\/wp\/v2\/product_brand?post=273934"},{"taxonomy":"product_cat","embeddable":true,"href":"https:\/\/fashiongold.lt\/et\/wp-json\/wp\/v2\/product_cat?post=273934"},{"taxonomy":"product_tag","embeddable":true,"href":"https:\/\/fashiongold.lt\/et\/wp-json\/wp\/v2\/product_tag?post=273934"}],"curies":[{"name":"wp","href":"https:\/\/api.w.org\/{rel}","templated":true}]}}