{"id":273971,"date":"2025-10-24T06:26:01","date_gmt":"2025-10-24T06:26:01","guid":{"rendered":"https:\/\/fashiongold.lt\/papuosalas\/halo-kihlasormus-smaragdi-ja-teemantidega-ovaalne-smaragd-0-59-ct\/"},"modified":"2025-10-24T06:26:01","modified_gmt":"2025-10-24T06:26:01","slug":"halo-kihlasormus-smaragdi-ja-teemantidega-ovaalne-smaragd-0-59-ct","status":"publish","type":"product","link":"https:\/\/fashiongold.lt\/et\/papuosalas\/halo-kihlasormus-smaragdi-ja-teemantidega-ovaalne-smaragd-0-59-ct\/","title":{"rendered":"Halo-kihlas\u00f5rmus smaragdi ja teemantidega &#8211; ovaalne smaragd (0.59 ct)"},"content":{"rendered":"<h2>Smaragdi ja teemantidega kihlas\u00f5rmus &#8211; Ovaalne smaragd (0.59 ct)<\/h2>\n<h3>Kihlas\u00f5rmus 0,40-karaatise ovaalse smaragdi ja \u00fcmbritsevate teemantidega. Looduslikud teemandid. Tasuta graveerimine.<\/h3>\n<p>Valmistatud Leedus. Suurep\u00e4rane valik stiilsele naisele. Smaragdi maagiline v\u00e4gi \u2013 toimib amuleti v\u00f5i talismanina, annab omanikule tervist, energiat, toob \u00f5nne \u00e4ris, t\u00f6\u00f6l ja isiklikus elus. Smaragd sobib S\u00f5nnile, Kaksikutele, L\u00f5vile, V\u00e4hile, Kaladele ja Amburile.<\/p>\n<p>\u2022 S\u00f5rmuse metall: 14K (proov 585), saame valmistada ka 10K (proov 375), 18K (proov 750)\u00a0 \u00a0\u00a0<\/p>\n<p>\u2022 S\u00f5rmuse v\u00e4rvus: valida saab valge, kollase v\u00f5i punase kulla vahel<\/p>\n<p>\u2022 S\u00f5rmuse kaal (s\u00f5ltub suurusest ja proovist): umbes 2,50 &#8211; 2,90 g\u00a0 \u00a0 \u00a0 \u00a0 \u00a0<\/p>\n<p>\u2022 S\u00f5rmuse m\u00f5\u00f5tmed: krooni laius &#8211; umbes 12,40 mm, vitsa laius &#8211; umbes 2,30 (m\u00f5\u00f5tmed on ligikaudsed ja v\u00f5ivad erineda s\u00f5ltuvalt s\u00f5rmuse suurusest)\u00a0 \u00a0 \u00a0<\/p>\n<p>\u2022 S\u00f5rmuse mugavustsoon: olemas\u00a0 \u00a0 \u00a0 \u00a0<\/p>\n<p>\u2022 V\u00e4\u00e4riskivi t\u00fc\u00fcp: smaragd<\/p>\n<p>\u2022 V\u00e4\u00e4riskivi kuju: ovaalse kujuga smaragd (Round shape)\u00a0 \u00a0 \u00a0<\/p>\n<p>\u2022 V\u00e4\u00e4riskivi omadused: 0,40 ct (v\u00f5imalik muuta)\u00a0<\/p>\n<p>\u2022 Teemandi t\u00fc\u00fcp: Looduslikud teemandid\u00a0 \u00a0 \u00a0 \u00a0<\/p>\n<p>\u2022 Teemandi kuju: \u00fcmar kuju (round shape)\u00a0 \u00a0 \u00a0 \u00a0<\/p>\n<p>\u2022 Teemandi omadused: 0,20 ct, v\u00e4rvus G-H (RW-W); puhtus SI\u00a0<\/p>\n<p>\u2022 Sertifikaat: Leedu Proovikoda (LPR)\u00a0 \u00a0 \u00a0<\/p>\n<p>\u2022 Tasuta graveerimine\u00a0 \u00a0<\/p>\n<p>\u2022 \u00dchekordne tasuta s\u00f5rmuse suuruse muutmise garantii\u00a0 \u00a0<\/p>\n<p>\u2022 Valmistamise ja tarne t\u00e4htaeg alates 14 t\u00f6\u00f6p\u00e4evast, kiirtellimusena 3 t\u00f6\u00f6p\u00e4eva jooksul\u00a0 \u00a0<\/p>\n<p><strong>On teil oma kulda? V\u00f5tke \u00fchendust, arvutame hinna \u00fcmber &#8211; maksate ainult s\u00f5rmuse valmistamise eest.<\/strong><\/p>\n","protected":false},"excerpt":{"rendered":"<p>Kihlas\u00f5rmus paistab silma luksusliku halo-disainiga. Keskmes s\u00e4rab 0,40-karaadine ovaalne smaragd ning kahes reas asetsevad teemandid lisavad t\u00e4iendavat s\u00e4ra. See eriline s\u00f5rmus sobib suurep\u00e4raselt stiilsele naisele, kes hindab modernsust ja elegantsi.<\/p>\n","protected":false},"featured_media":227813,"template":"","meta":{"site-sidebar-layout":"","site-content-layout":"","ast-site-content-layout":"","site-content-style":"","site-sidebar-style":"","ast-global-header-display":"","ast-banner-title-visibility":"","ast-main-header-display":"","ast-hfb-above-header-display":"","ast-hfb-below-header-display":"","ast-hfb-mobile-header-display":"","site-post-title":"","ast-breadcrumbs-content":"","ast-featured-img":"","footer-sml-layout":"","ast-disable-related-posts":"","theme-transparent-header-meta":"","adv-header-id-meta":"","stick-header-meta":"","header-above-stick-meta":"","header-main-stick-meta":"","header-below-stick-meta":"","astra-migrate-meta-layouts":"default","ast-page-background-enabled":"default","ast-page-background-meta":{"desktop":{"background-color":"var(--ast-global-color-4)","background-image":"","background-repeat":"repeat","background-position":"center center","background-size":"auto","background-attachment":"scroll","background-type":"","background-media":"","overlay-type":"","overlay-color":"","overlay-opacity":"","overlay-gradient":""},"tablet":{"background-color":"","background-image":"","background-repeat":"repeat","background-position":"center center","background-size":"auto","background-attachment":"scroll","background-type":"","background-media":"","overlay-type":"","overlay-color":"","overlay-opacity":"","overlay-gradient":""},"mobile":{"background-color":"","background-image":"","background-repeat":"repeat","background-position":"center center","background-size":"auto","background-attachment":"scroll","background-type":"","background-media":"","overlay-type":"","overlay-color":"","overlay-opacity":"","overlay-gradient":""}},"ast-content-background-meta":{"desktop":{"background-color":"var(--ast-global-color-5)","background-image":"","background-repeat":"repeat","background-position":"center center","background-size":"auto","background-attachment":"scroll","background-type":"","background-media":"","overlay-type":"","overlay-color":"","overlay-opacity":"","overlay-gradient":""},"tablet":{"background-color":"var(--ast-global-color-5)","background-image":"","background-repeat":"repeat","background-position":"center center","background-size":"auto","background-attachment":"scroll","background-type":"","background-media":"","overlay-type":"","overlay-color":"","overlay-opacity":"","overlay-gradient":""},"mobile":{"background-color":"var(--ast-global-color-5)","background-image":"","background-repeat":"repeat","background-position":"center center","background-size":"auto","background-attachment":"scroll","background-type":"","background-media":"","overlay-type":"","overlay-color":"","overlay-opacity":"","overlay-gradient":""}}},"product_brand":[],"product_cat":[3422,3421,3423,2823,2824,3392,3425,3426,2845,3424],"product_tag":[],"class_list":{"0":"post-273971","1":"product","2":"type-product","3":"status-publish","4":"has-post-thumbnail","6":"product_cat-kihlasormused","7":"product_cat-kihlasormused-smaragdiga","8":"product_cat-kihlasormused-vaariskividega","9":"product_cat-kingitused-lapse-sunni-puhul","10":"product_cat-kingitused-pulma-aastapaeva-puhul","11":"product_cat-kingitused-pulmade-puhul","12":"product_cat-kollasest-kullast-kihlasormused","13":"product_cat-punasest-kullast-kihlasormused","14":"product_cat-sobrapaeva-kingitused","15":"product_cat-valgest-kullast-kihlasormused","16":"desktop-align-center","17":"tablet-align-left","18":"mobile-align-left","19":"ast-product-gallery-layout-horizontal-slider","20":"ast-product-gallery-with-no-image","21":"ast-product-single-variable","22":"ast-product-tabs-layout-accordion","23":"ast-qv-on-image","25":"first","26":"instock","27":"taxable","28":"shipping-taxable","29":"purchasable","30":"product-type-variable"},"yoast_head":"<!-- This site is optimized with the Yoast SEO plugin v26.6 - https:\/\/yoast.com\/wordpress\/plugins\/seo\/ -->\n<title>Kihlas\u00f5rmus smaragdi ja teemantidega - Ovaalne smaragd<\/title>\n<meta name=\"description\" content=\"Kihlas\u00f5rmus paistab silma halo-disainiga. Keskel on 0,40-karaadine ovaalne smaragd, mida \u00fcmbritsevad teemandid, ja eriline s\u00f5rmusev\u00f5ru. Sobib stiilsele naisele.\" \/>\n<meta name=\"robots\" content=\"index, follow, max-snippet:-1, max-image-preview:large, max-video-preview:-1\" \/>\n<link rel=\"canonical\" href=\"https:\/\/fashiongold.lt\/et\/papuosalas\/halo-kihlasormus-smaragdi-ja-teemantidega-ovaalne-smaragd-0-59-ct\/\" \/>\n<meta property=\"og:locale\" content=\"et_EE\" \/>\n<meta property=\"og:type\" content=\"article\" \/>\n<meta property=\"og:title\" content=\"Kihlas\u00f5rmus smaragdi ja teemantidega - Ovaalne smaragd\" \/>\n<meta property=\"og:description\" content=\"Kihlas\u00f5rmus paistab silma halo-disainiga. Keskel on 0,40-karaadine ovaalne smaragd, mida \u00fcmbritsevad teemandid, ja eriline s\u00f5rmusev\u00f5ru. Sobib stiilsele naisele.\" \/>\n<meta property=\"og:url\" content=\"https:\/\/fashiongold.lt\/et\/papuosalas\/halo-kihlasormus-smaragdi-ja-teemantidega-ovaalne-smaragd-0-59-ct\/\" \/>\n<meta property=\"og:site_name\" content=\"FashionGold.lt\" \/>\n<meta property=\"og:image\" content=\"https:\/\/fashiongold.lt\/wp-content\/uploads\/2025\/10\/25131-33b-Raudono-aukso-halo-suzadetuviu-ziedas-su-smaragdu-ir-deimantais-Ovalus-Smaragdas-0.59-ct.webp\" \/>\n\t<meta property=\"og:image:width\" content=\"1000\" \/>\n\t<meta property=\"og:image:height\" content=\"1000\" \/>\n\t<meta property=\"og:image:type\" content=\"image\/png\" \/>\n<meta name=\"twitter:card\" content=\"summary_large_image\" \/>\n<meta name=\"twitter:label1\" content=\"Est. reading time\" \/>\n\t<meta name=\"twitter:data1\" content=\"1 minut\" \/>\n<script type=\"application\/ld+json\" class=\"yoast-schema-graph\">{\"@context\":\"https:\/\/schema.org\",\"@graph\":[{\"@type\":\"WebPage\",\"@id\":\"https:\/\/fashiongold.lt\/et\/papuosalas\/halo-kihlasormus-smaragdi-ja-teemantidega-ovaalne-smaragd-0-59-ct\/\",\"url\":\"https:\/\/fashiongold.lt\/et\/papuosalas\/halo-kihlasormus-smaragdi-ja-teemantidega-ovaalne-smaragd-0-59-ct\/\",\"name\":\"Kihlas\u00f5rmus smaragdi ja teemantidega - Ovaalne smaragd\",\"isPartOf\":{\"@id\":\"https:\/\/fashiongold.lt\/et\/#website\"},\"primaryImageOfPage\":{\"@id\":\"https:\/\/fashiongold.lt\/et\/papuosalas\/halo-kihlasormus-smaragdi-ja-teemantidega-ovaalne-smaragd-0-59-ct\/#primaryimage\"},\"image\":{\"@id\":\"https:\/\/fashiongold.lt\/et\/papuosalas\/halo-kihlasormus-smaragdi-ja-teemantidega-ovaalne-smaragd-0-59-ct\/#primaryimage\"},\"thumbnailUrl\":\"https:\/\/fashiongold.lt\/wp-content\/uploads\/2025\/10\/25131-33b-Raudono-aukso-halo-suzadetuviu-ziedas-su-smaragdu-ir-deimantais-Ovalus-Smaragdas-0.59-ct.png\",\"datePublished\":\"2025-10-24T06:26:01+00:00\",\"description\":\"Kihlas\u00f5rmus paistab silma halo-disainiga. Keskel on 0,40-karaadine ovaalne smaragd, mida \u00fcmbritsevad teemandid, ja eriline s\u00f5rmusev\u00f5ru. Sobib stiilsele naisele.\",\"breadcrumb\":{\"@id\":\"https:\/\/fashiongold.lt\/et\/papuosalas\/halo-kihlasormus-smaragdi-ja-teemantidega-ovaalne-smaragd-0-59-ct\/#breadcrumb\"},\"inLanguage\":\"et\",\"potentialAction\":[{\"@type\":\"ReadAction\",\"target\":[\"https:\/\/fashiongold.lt\/et\/papuosalas\/halo-kihlasormus-smaragdi-ja-teemantidega-ovaalne-smaragd-0-59-ct\/\"]}]},{\"@type\":\"ImageObject\",\"inLanguage\":\"et\",\"@id\":\"https:\/\/fashiongold.lt\/et\/papuosalas\/halo-kihlasormus-smaragdi-ja-teemantidega-ovaalne-smaragd-0-59-ct\/#primaryimage\",\"url\":\"https:\/\/fashiongold.lt\/wp-content\/uploads\/2025\/10\/25131-33b-Raudono-aukso-halo-suzadetuviu-ziedas-su-smaragdu-ir-deimantais-Ovalus-Smaragdas-0.59-ct.png\",\"contentUrl\":\"https:\/\/fashiongold.lt\/wp-content\/uploads\/2025\/10\/25131-33b-Raudono-aukso-halo-suzadetuviu-ziedas-su-smaragdu-ir-deimantais-Ovalus-Smaragdas-0.59-ct.png\",\"width\":1000,\"height\":1000},{\"@type\":\"BreadcrumbList\",\"@id\":\"https:\/\/fashiongold.lt\/et\/papuosalas\/halo-kihlasormus-smaragdi-ja-teemantidega-ovaalne-smaragd-0-59-ct\/#breadcrumb\",\"itemListElement\":[{\"@type\":\"ListItem\",\"position\":1,\"name\":\"Home\",\"item\":\"https:\/\/fashiongold.lt\/et\/\"},{\"@type\":\"ListItem\",\"position\":2,\"name\":\"Teemantide pood Fashiongold.lt\",\"item\":\"https:\/\/fashiongold.lt\/shop-2\/\"},{\"@type\":\"ListItem\",\"position\":3,\"name\":\"Halo-kihlas\u00f5rmus smaragdi ja teemantidega &#8211; ovaalne smaragd (0.59 ct)\"}]},{\"@type\":\"WebSite\",\"@id\":\"https:\/\/fashiongold.lt\/et\/#website\",\"url\":\"https:\/\/fashiongold.lt\/et\/\",\"name\":\"Fashion Gold\",\"description\":\"Juvelyrikos namai\",\"publisher\":{\"@id\":\"https:\/\/fashiongold.lt\/et\/#organization\"},\"potentialAction\":[{\"@type\":\"SearchAction\",\"target\":{\"@type\":\"EntryPoint\",\"urlTemplate\":\"https:\/\/fashiongold.lt\/et\/?s={search_term_string}\"},\"query-input\":{\"@type\":\"PropertyValueSpecification\",\"valueRequired\":true,\"valueName\":\"search_term_string\"}}],\"inLanguage\":\"et\"},{\"@type\":\"Organization\",\"@id\":\"https:\/\/fashiongold.lt\/et\/#organization\",\"name\":\"Topdiamonds Online\",\"url\":\"https:\/\/fashiongold.lt\/et\/\",\"logo\":{\"@type\":\"ImageObject\",\"inLanguage\":\"et\",\"@id\":\"https:\/\/fashiongold.lt\/et\/#\/schema\/logo\/image\/\",\"url\":\"https:\/\/fashiongold.lt\/wp-content\/uploads\/2025\/04\/cropped-fashion_gold_logotipas2-scaled-1.png\",\"contentUrl\":\"https:\/\/fashiongold.lt\/wp-content\/uploads\/2025\/04\/cropped-fashion_gold_logotipas2-scaled-1.png\",\"width\":2559,\"height\":421,\"caption\":\"Topdiamonds Online\"},\"image\":{\"@id\":\"https:\/\/fashiongold.lt\/et\/#\/schema\/logo\/image\/\"}}]}<\/script>\n<!-- \/ Yoast SEO plugin. -->","yoast_head_json":{"title":"Kihlas\u00f5rmus smaragdi ja teemantidega - Ovaalne smaragd","description":"Kihlas\u00f5rmus paistab silma halo-disainiga. Keskel on 0,40-karaadine ovaalne smaragd, mida \u00fcmbritsevad teemandid, ja eriline s\u00f5rmusev\u00f5ru. Sobib stiilsele naisele.","robots":{"index":"index","follow":"follow","max-snippet":"max-snippet:-1","max-image-preview":"max-image-preview:large","max-video-preview":"max-video-preview:-1"},"canonical":"https:\/\/fashiongold.lt\/et\/papuosalas\/halo-kihlasormus-smaragdi-ja-teemantidega-ovaalne-smaragd-0-59-ct\/","og_locale":"et_EE","og_type":"article","og_title":"Kihlas\u00f5rmus smaragdi ja teemantidega - Ovaalne smaragd","og_description":"Kihlas\u00f5rmus paistab silma halo-disainiga. Keskel on 0,40-karaadine ovaalne smaragd, mida \u00fcmbritsevad teemandid, ja eriline s\u00f5rmusev\u00f5ru. Sobib stiilsele naisele.","og_url":"https:\/\/fashiongold.lt\/et\/papuosalas\/halo-kihlasormus-smaragdi-ja-teemantidega-ovaalne-smaragd-0-59-ct\/","og_site_name":"FashionGold.lt","og_image":[{"width":1000,"height":1000,"url":"https:\/\/fashiongold.lt\/wp-content\/uploads\/2025\/10\/25131-33b-Raudono-aukso-halo-suzadetuviu-ziedas-su-smaragdu-ir-deimantais-Ovalus-Smaragdas-0.59-ct.webp","type":"image\/png"}],"twitter_card":"summary_large_image","twitter_misc":{"Est. reading time":"1 minut"},"schema":{"@context":"https:\/\/schema.org","@graph":[{"@type":"WebPage","@id":"https:\/\/fashiongold.lt\/et\/papuosalas\/halo-kihlasormus-smaragdi-ja-teemantidega-ovaalne-smaragd-0-59-ct\/","url":"https:\/\/fashiongold.lt\/et\/papuosalas\/halo-kihlasormus-smaragdi-ja-teemantidega-ovaalne-smaragd-0-59-ct\/","name":"Kihlas\u00f5rmus smaragdi ja teemantidega - Ovaalne smaragd","isPartOf":{"@id":"https:\/\/fashiongold.lt\/et\/#website"},"primaryImageOfPage":{"@id":"https:\/\/fashiongold.lt\/et\/papuosalas\/halo-kihlasormus-smaragdi-ja-teemantidega-ovaalne-smaragd-0-59-ct\/#primaryimage"},"image":{"@id":"https:\/\/fashiongold.lt\/et\/papuosalas\/halo-kihlasormus-smaragdi-ja-teemantidega-ovaalne-smaragd-0-59-ct\/#primaryimage"},"thumbnailUrl":"https:\/\/fashiongold.lt\/wp-content\/uploads\/2025\/10\/25131-33b-Raudono-aukso-halo-suzadetuviu-ziedas-su-smaragdu-ir-deimantais-Ovalus-Smaragdas-0.59-ct.png","datePublished":"2025-10-24T06:26:01+00:00","description":"Kihlas\u00f5rmus paistab silma halo-disainiga. Keskel on 0,40-karaadine ovaalne smaragd, mida \u00fcmbritsevad teemandid, ja eriline s\u00f5rmusev\u00f5ru. Sobib stiilsele naisele.","breadcrumb":{"@id":"https:\/\/fashiongold.lt\/et\/papuosalas\/halo-kihlasormus-smaragdi-ja-teemantidega-ovaalne-smaragd-0-59-ct\/#breadcrumb"},"inLanguage":"et","potentialAction":[{"@type":"ReadAction","target":["https:\/\/fashiongold.lt\/et\/papuosalas\/halo-kihlasormus-smaragdi-ja-teemantidega-ovaalne-smaragd-0-59-ct\/"]}]},{"@type":"ImageObject","inLanguage":"et","@id":"https:\/\/fashiongold.lt\/et\/papuosalas\/halo-kihlasormus-smaragdi-ja-teemantidega-ovaalne-smaragd-0-59-ct\/#primaryimage","url":"https:\/\/fashiongold.lt\/wp-content\/uploads\/2025\/10\/25131-33b-Raudono-aukso-halo-suzadetuviu-ziedas-su-smaragdu-ir-deimantais-Ovalus-Smaragdas-0.59-ct.png","contentUrl":"https:\/\/fashiongold.lt\/wp-content\/uploads\/2025\/10\/25131-33b-Raudono-aukso-halo-suzadetuviu-ziedas-su-smaragdu-ir-deimantais-Ovalus-Smaragdas-0.59-ct.png","width":1000,"height":1000},{"@type":"BreadcrumbList","@id":"https:\/\/fashiongold.lt\/et\/papuosalas\/halo-kihlasormus-smaragdi-ja-teemantidega-ovaalne-smaragd-0-59-ct\/#breadcrumb","itemListElement":[{"@type":"ListItem","position":1,"name":"Home","item":"https:\/\/fashiongold.lt\/et\/"},{"@type":"ListItem","position":2,"name":"Teemantide pood Fashiongold.lt","item":"https:\/\/fashiongold.lt\/shop-2\/"},{"@type":"ListItem","position":3,"name":"Halo-kihlas\u00f5rmus smaragdi ja teemantidega &#8211; ovaalne smaragd (0.59 ct)"}]},{"@type":"WebSite","@id":"https:\/\/fashiongold.lt\/et\/#website","url":"https:\/\/fashiongold.lt\/et\/","name":"Fashion Gold","description":"Juvelyrikos namai","publisher":{"@id":"https:\/\/fashiongold.lt\/et\/#organization"},"potentialAction":[{"@type":"SearchAction","target":{"@type":"EntryPoint","urlTemplate":"https:\/\/fashiongold.lt\/et\/?s={search_term_string}"},"query-input":{"@type":"PropertyValueSpecification","valueRequired":true,"valueName":"search_term_string"}}],"inLanguage":"et"},{"@type":"Organization","@id":"https:\/\/fashiongold.lt\/et\/#organization","name":"Topdiamonds Online","url":"https:\/\/fashiongold.lt\/et\/","logo":{"@type":"ImageObject","inLanguage":"et","@id":"https:\/\/fashiongold.lt\/et\/#\/schema\/logo\/image\/","url":"https:\/\/fashiongold.lt\/wp-content\/uploads\/2025\/04\/cropped-fashion_gold_logotipas2-scaled-1.png","contentUrl":"https:\/\/fashiongold.lt\/wp-content\/uploads\/2025\/04\/cropped-fashion_gold_logotipas2-scaled-1.png","width":2559,"height":421,"caption":"Topdiamonds Online"},"image":{"@id":"https:\/\/fashiongold.lt\/et\/#\/schema\/logo\/image\/"}}]}},"_links":{"self":[{"href":"https:\/\/fashiongold.lt\/et\/wp-json\/wp\/v2\/product\/273971","targetHints":{"allow":["GET"]}}],"collection":[{"href":"https:\/\/fashiongold.lt\/et\/wp-json\/wp\/v2\/product"}],"about":[{"href":"https:\/\/fashiongold.lt\/et\/wp-json\/wp\/v2\/types\/product"}],"version-history":[{"count":0,"href":"https:\/\/fashiongold.lt\/et\/wp-json\/wp\/v2\/product\/273971\/revisions"}],"wp:featuredmedia":[{"embeddable":true,"href":"https:\/\/fashiongold.lt\/et\/wp-json\/wp\/v2\/media\/227813"}],"wp:attachment":[{"href":"https:\/\/fashiongold.lt\/et\/wp-json\/wp\/v2\/media?parent=273971"}],"wp:term":[{"taxonomy":"product_brand","embeddable":true,"href":"https:\/\/fashiongold.lt\/et\/wp-json\/wp\/v2\/product_brand?post=273971"},{"taxonomy":"product_cat","embeddable":true,"href":"https:\/\/fashiongold.lt\/et\/wp-json\/wp\/v2\/product_cat?post=273971"},{"taxonomy":"product_tag","embeddable":true,"href":"https:\/\/fashiongold.lt\/et\/wp-json\/wp\/v2\/product_tag?post=273971"}],"curies":[{"name":"wp","href":"https:\/\/api.w.org\/{rel}","templated":true}]}}