{"id":273985,"date":"2025-10-24T02:15:32","date_gmt":"2025-10-24T02:15:32","guid":{"rendered":"https:\/\/fashiongold.lt\/papuosalas\/emerald-unistus-sormus-morganiidi-ja-teemantidega\/"},"modified":"2025-10-24T02:15:32","modified_gmt":"2025-10-24T02:15:32","slug":"emerald-unistus-sormus-morganiidi-ja-teemantidega","status":"publish","type":"product","link":"https:\/\/fashiongold.lt\/et\/papuosalas\/emerald-unistus-sormus-morganiidi-ja-teemantidega\/","title":{"rendered":"Emerald unistus &#8211; s\u00f5rmus morganiidi ja teemantidega"},"content":{"rendered":"<p style=\"box-sizing: inherit; margin: 0px; color: #777777; font-family: Roboto; font-size: 16px; background-color: #fbfbfb;\">Morganiidi maagiline v\u00e4gi \u2013 toimib hinge tasakaalu talismanina. Arvatakse, et kivi t\u00f5mbab ligi \u00f5nne, aitab leida armastust ja paljastab peidetud andeid, toob edu t\u00f6\u00f6l, loojatele inspiratsiooni \u2013 see on kodu kaitseingel. Morganiit kaitseb negatiivse energeetilise m\u00f5ju eest \u2013 kaetamise v\u00f5i kadeduse ja isegi \u00f5nnetusjuhtumi eest. Morganiit sobib k\u00f5igile, kuid k\u00f5ige enam Skorpionile, Kaladele ja V\u00e4hile, Amburile, L\u00f5vile, Kaksikutele, Veevalajale, Kaaludele.<\/p>\n<p style=\"box-sizing: inherit; margin: 0px; color: #777777; font-family: Roboto; font-size: 16px; background-color: #fbfbfb;\">\u2022 S\u00f5rmuse kuld: 14 karaati (proov 585)<\/p>\n<p style=\"box-sizing: inherit; margin: 0px; color: #777777; font-family: Roboto; font-size: 16px; background-color: #fbfbfb;\">\u2022 S\u00f5rmuse v\u00e4rvus: punane kuld<\/p>\n<p style=\"box-sizing: inherit; margin: 0px; color: #777777; font-family: Roboto; font-size: 16px; background-color: #fbfbfb;\">\u2022 S\u00f5rmuse kaal: umbes 2,00\u20132,0 g<\/p>\n<p style=\"box-sizing: inherit; margin: 0px; color: #777777; font-family: Roboto; font-size: 16px; background-color: #fbfbfb;\">\u2022 Teemandi t\u00fc\u00fcp: Looduslik teemant<\/p>\n<p style=\"box-sizing: inherit; margin: 0px; color: #777777; font-family: Roboto; font-size: 16px; background-color: #fbfbfb;\">\u2022 Teemandi kuju: \u00dcmar lihv (Round cut)<\/p>\n<p style=\"box-sizing: inherit; margin: 0px; color: #777777; font-family: Roboto; font-size: 16px; background-color: #fbfbfb;\">\u2022 Teemandi omadused: 0,19 ct, v\u00e4rvus G-H (RW-W); puhtus SI<\/p>\n<p style=\"box-sizing: inherit; margin: 0px; color: #777777; font-family: Roboto; font-size: 16px; background-color: #fbfbfb;\">\u2022 Keskmine kivi: tilgakujuline roosa morganiit \u2013 0,60 ct<\/p>\n<p style=\"box-sizing: inherit; margin: 0px; color: #777777; font-family: Roboto; font-size: 16px; background-color: #fbfbfb;\">\u2022 Sertifikaat: Leedu Proovikoda (LPR)<\/p>\n<p style=\"box-sizing: inherit; margin: 0px; color: #777777; font-family: Roboto; font-size: 16px; background-color: #fbfbfb;\">\u2022 \u00dchekordne tasuta s\u00f5rmuse suuruse muutmise garantii<\/p>\n<p style=\"box-sizing: inherit; margin: 0px; color: #777777; font-family: Roboto; font-size: 16px; background-color: #fbfbfb;\">\u2022 Valmistamis- ja tarneaeg alates 14 t\u00f6\u00f6p\u00e4evast, kiireloomulisena 3 t\u00f6\u00f6p\u00e4eva jooksul.<\/p>\n<p style=\"box-sizing: inherit; margin: 0px; color: #777777; font-family: Roboto; font-size: 16px; background-color: #fbfbfb;\">Kas teil on oma kulda? V\u00f5tke \u00fchendust, arvutame hinna \u00fcmber \u2013 maksate ainult s\u00f5rmuste valmistamise eest.<\/p>\n","protected":false},"excerpt":{"rendered":"<p>Klassikaline kulds\u00f5rmus 0,60-karaadise smaragdlihviga roosa morganiidi ja seda \u00fcmbritsevate teemantidega. Suurep\u00e4rane kingitus eriliseks s\u00fcndmuseks v\u00f5i iseendale.<\/p>\n","protected":false},"featured_media":253645,"template":"","meta":{"site-sidebar-layout":"","site-content-layout":"","ast-site-content-layout":"","site-content-style":"","site-sidebar-style":"","ast-global-header-display":"","ast-banner-title-visibility":"","ast-main-header-display":"","ast-hfb-above-header-display":"","ast-hfb-below-header-display":"","ast-hfb-mobile-header-display":"","site-post-title":"","ast-breadcrumbs-content":"","ast-featured-img":"","footer-sml-layout":"","ast-disable-related-posts":"","theme-transparent-header-meta":"","adv-header-id-meta":"","stick-header-meta":"","header-above-stick-meta":"","header-main-stick-meta":"","header-below-stick-meta":"","astra-migrate-meta-layouts":"default","ast-page-background-enabled":"default","ast-page-background-meta":{"desktop":{"background-color":"var(--ast-global-color-4)","background-image":"","background-repeat":"repeat","background-position":"center center","background-size":"auto","background-attachment":"scroll","background-type":"","background-media":"","overlay-type":"","overlay-color":"","overlay-opacity":"","overlay-gradient":""},"tablet":{"background-color":"","background-image":"","background-repeat":"repeat","background-position":"center center","background-size":"auto","background-attachment":"scroll","background-type":"","background-media":"","overlay-type":"","overlay-color":"","overlay-opacity":"","overlay-gradient":""},"mobile":{"background-color":"","background-image":"","background-repeat":"repeat","background-position":"center center","background-size":"auto","background-attachment":"scroll","background-type":"","background-media":"","overlay-type":"","overlay-color":"","overlay-opacity":"","overlay-gradient":""}},"ast-content-background-meta":{"desktop":{"background-color":"var(--ast-global-color-5)","background-image":"","background-repeat":"repeat","background-position":"center center","background-size":"auto","background-attachment":"scroll","background-type":"","background-media":"","overlay-type":"","overlay-color":"","overlay-opacity":"","overlay-gradient":""},"tablet":{"background-color":"var(--ast-global-color-5)","background-image":"","background-repeat":"repeat","background-position":"center center","background-size":"auto","background-attachment":"scroll","background-type":"","background-media":"","overlay-type":"","overlay-color":"","overlay-opacity":"","overlay-gradient":""},"mobile":{"background-color":"var(--ast-global-color-5)","background-image":"","background-repeat":"repeat","background-position":"center center","background-size":"auto","background-attachment":"scroll","background-type":"","background-media":"","overlay-type":"","overlay-color":"","overlay-opacity":"","overlay-gradient":""}}},"product_brand":[],"product_cat":[3422,3423,3501,3500,3502],"product_tag":[],"class_list":{"0":"post-273985","1":"product","2":"type-product","3":"status-publish","4":"has-post-thumbnail","6":"product_cat-kihlasormused","7":"product_cat-kihlasormused-vaariskividega","8":"product_cat-roosad-vaariskivid","9":"product_cat-roosade-vaariskividega-ehted","10":"product_cat-roosipulm-10-aastat","11":"desktop-align-center","12":"tablet-align-left","13":"mobile-align-left","14":"ast-product-gallery-layout-horizontal-slider","15":"ast-product-gallery-with-no-image","16":"ast-product-single-variable","17":"ast-product-tabs-layout-accordion","18":"ast-qv-on-image","20":"first","21":"instock","22":"taxable","23":"shipping-taxable","24":"purchasable","25":"product-type-variable"},"yoast_head":"<!-- This site is optimized with the Yoast SEO plugin v26.6 - https:\/\/yoast.com\/wordpress\/plugins\/seo\/ -->\n<title>Emerald unistus - morganiidi ja teemantidega s\u00f5rmus<\/title>\n<meta name=\"description\" content=\"Klassikaline kulds\u00f5rmus 0,60-karaatise smaragdl\u00f5ikega roosa morganiidiga, mida \u00fcmbritsevad teemandid. Suurep\u00e4rane kingitus eriliseks puhuks ja iseendale.\" \/>\n<meta name=\"robots\" content=\"index, follow, max-snippet:-1, max-image-preview:large, max-video-preview:-1\" \/>\n<link rel=\"canonical\" href=\"https:\/\/fashiongold.lt\/et\/papuosalas\/emerald-unistus-sormus-morganiidi-ja-teemantidega\/\" \/>\n<meta property=\"og:locale\" content=\"et_EE\" \/>\n<meta property=\"og:type\" content=\"article\" \/>\n<meta property=\"og:title\" content=\"Emerald unistus - morganiidi ja teemantidega s\u00f5rmus\" \/>\n<meta property=\"og:description\" content=\"Klassikaline kulds\u00f5rmus 0,60-karaatise smaragdl\u00f5ikega roosa morganiidiga, mida \u00fcmbritsevad teemandid. Suurep\u00e4rane kingitus eriliseks puhuks ja iseendale.\" \/>\n<meta property=\"og:url\" content=\"https:\/\/fashiongold.lt\/et\/papuosalas\/emerald-unistus-sormus-morganiidi-ja-teemantidega\/\" \/>\n<meta property=\"og:site_name\" content=\"FashionGold.lt\" \/>\n<meta property=\"og:image\" content=\"https:\/\/fashiongold.lt\/wp-content\/uploads\/2025\/10\/22004-848-Emerald-svajone-ziedas-morganitu-ir-deimantais.webp\" \/>\n\t<meta property=\"og:image:width\" content=\"1200\" \/>\n\t<meta property=\"og:image:height\" content=\"1200\" \/>\n\t<meta property=\"og:image:type\" content=\"image\/jpeg\" \/>\n<meta name=\"twitter:card\" content=\"summary_large_image\" \/>\n<meta name=\"twitter:label1\" content=\"Est. reading time\" \/>\n\t<meta name=\"twitter:data1\" content=\"1 minut\" \/>\n<script type=\"application\/ld+json\" class=\"yoast-schema-graph\">{\"@context\":\"https:\/\/schema.org\",\"@graph\":[{\"@type\":\"WebPage\",\"@id\":\"https:\/\/fashiongold.lt\/et\/papuosalas\/emerald-unistus-sormus-morganiidi-ja-teemantidega\/\",\"url\":\"https:\/\/fashiongold.lt\/et\/papuosalas\/emerald-unistus-sormus-morganiidi-ja-teemantidega\/\",\"name\":\"Emerald unistus - morganiidi ja teemantidega s\u00f5rmus\",\"isPartOf\":{\"@id\":\"https:\/\/fashiongold.lt\/et\/#website\"},\"primaryImageOfPage\":{\"@id\":\"https:\/\/fashiongold.lt\/et\/papuosalas\/emerald-unistus-sormus-morganiidi-ja-teemantidega\/#primaryimage\"},\"image\":{\"@id\":\"https:\/\/fashiongold.lt\/et\/papuosalas\/emerald-unistus-sormus-morganiidi-ja-teemantidega\/#primaryimage\"},\"thumbnailUrl\":\"https:\/\/fashiongold.lt\/wp-content\/uploads\/2025\/10\/22004-848-Emerald-svajone-ziedas-morganitu-ir-deimantais.jpg\",\"datePublished\":\"2025-10-24T02:15:32+00:00\",\"description\":\"Klassikaline kulds\u00f5rmus 0,60-karaatise smaragdl\u00f5ikega roosa morganiidiga, mida \u00fcmbritsevad teemandid. Suurep\u00e4rane kingitus eriliseks puhuks ja iseendale.\",\"breadcrumb\":{\"@id\":\"https:\/\/fashiongold.lt\/et\/papuosalas\/emerald-unistus-sormus-morganiidi-ja-teemantidega\/#breadcrumb\"},\"inLanguage\":\"et\",\"potentialAction\":[{\"@type\":\"ReadAction\",\"target\":[\"https:\/\/fashiongold.lt\/et\/papuosalas\/emerald-unistus-sormus-morganiidi-ja-teemantidega\/\"]}]},{\"@type\":\"ImageObject\",\"inLanguage\":\"et\",\"@id\":\"https:\/\/fashiongold.lt\/et\/papuosalas\/emerald-unistus-sormus-morganiidi-ja-teemantidega\/#primaryimage\",\"url\":\"https:\/\/fashiongold.lt\/wp-content\/uploads\/2025\/10\/22004-848-Emerald-svajone-ziedas-morganitu-ir-deimantais.jpg\",\"contentUrl\":\"https:\/\/fashiongold.lt\/wp-content\/uploads\/2025\/10\/22004-848-Emerald-svajone-ziedas-morganitu-ir-deimantais.jpg\",\"width\":1200,\"height\":1200},{\"@type\":\"BreadcrumbList\",\"@id\":\"https:\/\/fashiongold.lt\/et\/papuosalas\/emerald-unistus-sormus-morganiidi-ja-teemantidega\/#breadcrumb\",\"itemListElement\":[{\"@type\":\"ListItem\",\"position\":1,\"name\":\"Home\",\"item\":\"https:\/\/fashiongold.lt\/et\/\"},{\"@type\":\"ListItem\",\"position\":2,\"name\":\"Teemantide pood Fashiongold.lt\",\"item\":\"https:\/\/fashiongold.lt\/shop-2\/\"},{\"@type\":\"ListItem\",\"position\":3,\"name\":\"Emerald unistus &#8211; s\u00f5rmus morganiidi ja teemantidega\"}]},{\"@type\":\"WebSite\",\"@id\":\"https:\/\/fashiongold.lt\/et\/#website\",\"url\":\"https:\/\/fashiongold.lt\/et\/\",\"name\":\"Fashion Gold\",\"description\":\"Juvelyrikos namai\",\"publisher\":{\"@id\":\"https:\/\/fashiongold.lt\/et\/#organization\"},\"potentialAction\":[{\"@type\":\"SearchAction\",\"target\":{\"@type\":\"EntryPoint\",\"urlTemplate\":\"https:\/\/fashiongold.lt\/et\/?s={search_term_string}\"},\"query-input\":{\"@type\":\"PropertyValueSpecification\",\"valueRequired\":true,\"valueName\":\"search_term_string\"}}],\"inLanguage\":\"et\"},{\"@type\":\"Organization\",\"@id\":\"https:\/\/fashiongold.lt\/et\/#organization\",\"name\":\"Topdiamonds Online\",\"url\":\"https:\/\/fashiongold.lt\/et\/\",\"logo\":{\"@type\":\"ImageObject\",\"inLanguage\":\"et\",\"@id\":\"https:\/\/fashiongold.lt\/et\/#\/schema\/logo\/image\/\",\"url\":\"https:\/\/fashiongold.lt\/wp-content\/uploads\/2025\/04\/cropped-fashion_gold_logotipas2-scaled-1.png\",\"contentUrl\":\"https:\/\/fashiongold.lt\/wp-content\/uploads\/2025\/04\/cropped-fashion_gold_logotipas2-scaled-1.png\",\"width\":2559,\"height\":421,\"caption\":\"Topdiamonds Online\"},\"image\":{\"@id\":\"https:\/\/fashiongold.lt\/et\/#\/schema\/logo\/image\/\"}}]}<\/script>\n<!-- \/ Yoast SEO plugin. -->","yoast_head_json":{"title":"Emerald unistus - morganiidi ja teemantidega s\u00f5rmus","description":"Klassikaline kulds\u00f5rmus 0,60-karaatise smaragdl\u00f5ikega roosa morganiidiga, mida \u00fcmbritsevad teemandid. Suurep\u00e4rane kingitus eriliseks puhuks ja iseendale.","robots":{"index":"index","follow":"follow","max-snippet":"max-snippet:-1","max-image-preview":"max-image-preview:large","max-video-preview":"max-video-preview:-1"},"canonical":"https:\/\/fashiongold.lt\/et\/papuosalas\/emerald-unistus-sormus-morganiidi-ja-teemantidega\/","og_locale":"et_EE","og_type":"article","og_title":"Emerald unistus - morganiidi ja teemantidega s\u00f5rmus","og_description":"Klassikaline kulds\u00f5rmus 0,60-karaatise smaragdl\u00f5ikega roosa morganiidiga, mida \u00fcmbritsevad teemandid. Suurep\u00e4rane kingitus eriliseks puhuks ja iseendale.","og_url":"https:\/\/fashiongold.lt\/et\/papuosalas\/emerald-unistus-sormus-morganiidi-ja-teemantidega\/","og_site_name":"FashionGold.lt","og_image":[{"width":1200,"height":1200,"url":"https:\/\/fashiongold.lt\/wp-content\/uploads\/2025\/10\/22004-848-Emerald-svajone-ziedas-morganitu-ir-deimantais.webp","type":"image\/jpeg"}],"twitter_card":"summary_large_image","twitter_misc":{"Est. reading time":"1 minut"},"schema":{"@context":"https:\/\/schema.org","@graph":[{"@type":"WebPage","@id":"https:\/\/fashiongold.lt\/et\/papuosalas\/emerald-unistus-sormus-morganiidi-ja-teemantidega\/","url":"https:\/\/fashiongold.lt\/et\/papuosalas\/emerald-unistus-sormus-morganiidi-ja-teemantidega\/","name":"Emerald unistus - morganiidi ja teemantidega s\u00f5rmus","isPartOf":{"@id":"https:\/\/fashiongold.lt\/et\/#website"},"primaryImageOfPage":{"@id":"https:\/\/fashiongold.lt\/et\/papuosalas\/emerald-unistus-sormus-morganiidi-ja-teemantidega\/#primaryimage"},"image":{"@id":"https:\/\/fashiongold.lt\/et\/papuosalas\/emerald-unistus-sormus-morganiidi-ja-teemantidega\/#primaryimage"},"thumbnailUrl":"https:\/\/fashiongold.lt\/wp-content\/uploads\/2025\/10\/22004-848-Emerald-svajone-ziedas-morganitu-ir-deimantais.jpg","datePublished":"2025-10-24T02:15:32+00:00","description":"Klassikaline kulds\u00f5rmus 0,60-karaatise smaragdl\u00f5ikega roosa morganiidiga, mida \u00fcmbritsevad teemandid. Suurep\u00e4rane kingitus eriliseks puhuks ja iseendale.","breadcrumb":{"@id":"https:\/\/fashiongold.lt\/et\/papuosalas\/emerald-unistus-sormus-morganiidi-ja-teemantidega\/#breadcrumb"},"inLanguage":"et","potentialAction":[{"@type":"ReadAction","target":["https:\/\/fashiongold.lt\/et\/papuosalas\/emerald-unistus-sormus-morganiidi-ja-teemantidega\/"]}]},{"@type":"ImageObject","inLanguage":"et","@id":"https:\/\/fashiongold.lt\/et\/papuosalas\/emerald-unistus-sormus-morganiidi-ja-teemantidega\/#primaryimage","url":"https:\/\/fashiongold.lt\/wp-content\/uploads\/2025\/10\/22004-848-Emerald-svajone-ziedas-morganitu-ir-deimantais.jpg","contentUrl":"https:\/\/fashiongold.lt\/wp-content\/uploads\/2025\/10\/22004-848-Emerald-svajone-ziedas-morganitu-ir-deimantais.jpg","width":1200,"height":1200},{"@type":"BreadcrumbList","@id":"https:\/\/fashiongold.lt\/et\/papuosalas\/emerald-unistus-sormus-morganiidi-ja-teemantidega\/#breadcrumb","itemListElement":[{"@type":"ListItem","position":1,"name":"Home","item":"https:\/\/fashiongold.lt\/et\/"},{"@type":"ListItem","position":2,"name":"Teemantide pood Fashiongold.lt","item":"https:\/\/fashiongold.lt\/shop-2\/"},{"@type":"ListItem","position":3,"name":"Emerald unistus &#8211; s\u00f5rmus morganiidi ja teemantidega"}]},{"@type":"WebSite","@id":"https:\/\/fashiongold.lt\/et\/#website","url":"https:\/\/fashiongold.lt\/et\/","name":"Fashion Gold","description":"Juvelyrikos namai","publisher":{"@id":"https:\/\/fashiongold.lt\/et\/#organization"},"potentialAction":[{"@type":"SearchAction","target":{"@type":"EntryPoint","urlTemplate":"https:\/\/fashiongold.lt\/et\/?s={search_term_string}"},"query-input":{"@type":"PropertyValueSpecification","valueRequired":true,"valueName":"search_term_string"}}],"inLanguage":"et"},{"@type":"Organization","@id":"https:\/\/fashiongold.lt\/et\/#organization","name":"Topdiamonds Online","url":"https:\/\/fashiongold.lt\/et\/","logo":{"@type":"ImageObject","inLanguage":"et","@id":"https:\/\/fashiongold.lt\/et\/#\/schema\/logo\/image\/","url":"https:\/\/fashiongold.lt\/wp-content\/uploads\/2025\/04\/cropped-fashion_gold_logotipas2-scaled-1.png","contentUrl":"https:\/\/fashiongold.lt\/wp-content\/uploads\/2025\/04\/cropped-fashion_gold_logotipas2-scaled-1.png","width":2559,"height":421,"caption":"Topdiamonds Online"},"image":{"@id":"https:\/\/fashiongold.lt\/et\/#\/schema\/logo\/image\/"}}]}},"_links":{"self":[{"href":"https:\/\/fashiongold.lt\/et\/wp-json\/wp\/v2\/product\/273985","targetHints":{"allow":["GET"]}}],"collection":[{"href":"https:\/\/fashiongold.lt\/et\/wp-json\/wp\/v2\/product"}],"about":[{"href":"https:\/\/fashiongold.lt\/et\/wp-json\/wp\/v2\/types\/product"}],"version-history":[{"count":0,"href":"https:\/\/fashiongold.lt\/et\/wp-json\/wp\/v2\/product\/273985\/revisions"}],"wp:featuredmedia":[{"embeddable":true,"href":"https:\/\/fashiongold.lt\/et\/wp-json\/wp\/v2\/media\/253645"}],"wp:attachment":[{"href":"https:\/\/fashiongold.lt\/et\/wp-json\/wp\/v2\/media?parent=273985"}],"wp:term":[{"taxonomy":"product_brand","embeddable":true,"href":"https:\/\/fashiongold.lt\/et\/wp-json\/wp\/v2\/product_brand?post=273985"},{"taxonomy":"product_cat","embeddable":true,"href":"https:\/\/fashiongold.lt\/et\/wp-json\/wp\/v2\/product_cat?post=273985"},{"taxonomy":"product_tag","embeddable":true,"href":"https:\/\/fashiongold.lt\/et\/wp-json\/wp\/v2\/product_tag?post=273985"}],"curies":[{"name":"wp","href":"https:\/\/api.w.org\/{rel}","templated":true}]}}