{"id":274008,"date":"2025-10-24T00:34:46","date_gmt":"2025-10-24T00:34:46","guid":{"rendered":"https:\/\/fashiongold.lt\/papuosalas\/morganite-pink-sormus-morganiidi-ja-teemantidega-6-57-ct\/"},"modified":"2025-10-24T00:34:46","modified_gmt":"2025-10-24T00:34:46","slug":"morganite-pink-sormus-morganiidi-ja-teemantidega-6-57-ct","status":"publish","type":"product","link":"https:\/\/fashiongold.lt\/et\/papuosalas\/morganite-pink-sormus-morganiidi-ja-teemantidega-6-57-ct\/","title":{"rendered":"Morganite Pink &#8211; s\u00f5rmus morganiidi ja teemantidega (6.57 ct)"},"content":{"rendered":"<p>Valmistatud Saksamaal kvaliteetsetest v\u00e4\u00e4riskividest. Morganiidi maagiline v\u00e4gi \u2013 toimib hinge tasakaalu talismanina. Arvatakse, et kivi t\u00f5mbab ligi \u00f5nne, aitab leida armastust ja paljastab peidetud talente, toob edu t\u00f6\u00f6s, loojatele inspiratsiooni, see on kodu kaitseingel. Morganiit kaitseb negatiivse energeetilise m\u00f5ju eest \u2013 kireduse v\u00f5i kadeduse eest ning isegi \u00f5nnetusjuhtumite eest. Morganiit sobib k\u00f5igile, kuid k\u00f5ige rohkem Skorpionile, Kaladele ja V\u00e4hile, Amburile, L\u00f5vile, Kaksikutele, Veevalajale ja Kaaludele.<\/p>\n<p>\u2022 S\u00f5rmuse kuld: 18-karadine (proov 750)<\/p>\n<p>\u2022 S\u00f5rmuse v\u00e4rv: punane kuld<\/p>\n<p>\u2022 S\u00f5rmuse kaal: umbes 3,60\u20134,00 g<\/p>\n<p>\u2022 Teemandi t\u00fc\u00fcp: Looduslik teemant<\/p>\n<p>\u2022 Teemandi kuju: \u00dcmar kuju (Round cut)<\/p>\n<p>\u2022 Teemandi omadused: 0,17 ct, v\u00e4rvus G-H (RW-W); puhtus SI<\/p>\n<p>\u2022 Keskmine kivi: ovaalse kujuga roosa morganiit \u2013 6,40 ct<\/p>\n<p>\u2022 Sertifikaat: Leedu Proovikoda (LPR)<\/p>\n<p>\u2022 S\u00f5rmuse m\u00f5\u00f5tmed: 14,7 mm x 14,5 mm<\/p>\n<p>\u2022 Graveerimine tasuta<\/p>\n<p>\u2022 \u00dchekordne tasuta s\u00f5rmuse suuruse muutmise garantii<\/p>\n<p>\u2022 Valmistamise ja tarnimise t\u00e4htaeg alates 14 t\u00f6\u00f6p\u00e4evast, kiirkorras 3 t\u00f6\u00f6p\u00e4evaga<\/p>\n<p>On teil oma kulda? V\u00f5tke \u00fchendust, arvutame hinna \u00fcmber \u2013 maksate ainult s\u00f5rmuse valmistamise eest.<\/p>\n","protected":false},"excerpt":{"rendered":"<p>Eksklusiivne, luksusliku halo-disainiga kulds\u00f5rmus muljetavaldava 6,40 ct roosa morganiidi ja teemantidega. Eksklusiivne s\u00f5rmus stiilsele naisele.<\/p>\n","protected":false},"featured_media":250847,"template":"","meta":{"site-sidebar-layout":"","site-content-layout":"","ast-site-content-layout":"","site-content-style":"","site-sidebar-style":"","ast-global-header-display":"","ast-banner-title-visibility":"","ast-main-header-display":"","ast-hfb-above-header-display":"","ast-hfb-below-header-display":"","ast-hfb-mobile-header-display":"","site-post-title":"","ast-breadcrumbs-content":"","ast-featured-img":"","footer-sml-layout":"","ast-disable-related-posts":"","theme-transparent-header-meta":"","adv-header-id-meta":"","stick-header-meta":"","header-above-stick-meta":"","header-main-stick-meta":"","header-below-stick-meta":"","astra-migrate-meta-layouts":"default","ast-page-background-enabled":"default","ast-page-background-meta":{"desktop":{"background-color":"var(--ast-global-color-4)","background-image":"","background-repeat":"repeat","background-position":"center center","background-size":"auto","background-attachment":"scroll","background-type":"","background-media":"","overlay-type":"","overlay-color":"","overlay-opacity":"","overlay-gradient":""},"tablet":{"background-color":"","background-image":"","background-repeat":"repeat","background-position":"center center","background-size":"auto","background-attachment":"scroll","background-type":"","background-media":"","overlay-type":"","overlay-color":"","overlay-opacity":"","overlay-gradient":""},"mobile":{"background-color":"","background-image":"","background-repeat":"repeat","background-position":"center center","background-size":"auto","background-attachment":"scroll","background-type":"","background-media":"","overlay-type":"","overlay-color":"","overlay-opacity":"","overlay-gradient":""}},"ast-content-background-meta":{"desktop":{"background-color":"var(--ast-global-color-5)","background-image":"","background-repeat":"repeat","background-position":"center center","background-size":"auto","background-attachment":"scroll","background-type":"","background-media":"","overlay-type":"","overlay-color":"","overlay-opacity":"","overlay-gradient":""},"tablet":{"background-color":"var(--ast-global-color-5)","background-image":"","background-repeat":"repeat","background-position":"center center","background-size":"auto","background-attachment":"scroll","background-type":"","background-media":"","overlay-type":"","overlay-color":"","overlay-opacity":"","overlay-gradient":""},"mobile":{"background-color":"var(--ast-global-color-5)","background-image":"","background-repeat":"repeat","background-position":"center center","background-size":"auto","background-attachment":"scroll","background-type":"","background-media":"","overlay-type":"","overlay-color":"","overlay-opacity":"","overlay-gradient":""}}},"product_brand":[],"product_cat":[3058,2830,2826,2829,2823,2828,2822,2824,3392,2821,2831,2846,3501,3500,3502,2845,2848],"product_tag":[],"class_list":{"0":"post-274008","1":"product","2":"type-product","3":"status-publish","4":"has-post-thumbnail","6":"product_cat-ehted","7":"product_cat-emadepaeva-kingitused","8":"product_cat-joulukingid","9":"product_cat-kingitused-erilisteks-puhkudeks","10":"product_cat-kingitused-lapse-sunni-puhul","11":"product_cat-kingitused-lopetamise-puhul","12":"product_cat-kingitused-naistele","13":"product_cat-kingitused-pulma-aastapaeva-puhul","14":"product_cat-kingitused-pulmade-puhul","15":"product_cat-kingitused-sunnipaevaks","16":"product_cat-kollasest-kullast-ehted","17":"product_cat-poolvaariskividega-ehted","18":"product_cat-roosad-vaariskivid","19":"product_cat-roosade-vaariskividega-ehted","20":"product_cat-roosipulm-10-aastat","21":"product_cat-sobrapaeva-kingitused","22":"product_cat-vaariskividega-sormused","23":"desktop-align-center","24":"tablet-align-left","25":"mobile-align-left","26":"ast-product-gallery-layout-horizontal-slider","27":"ast-product-gallery-with-no-image","28":"ast-product-single-variable","29":"ast-product-tabs-layout-accordion","30":"ast-qv-on-image","32":"first","33":"instock","34":"taxable","35":"shipping-taxable","36":"purchasable","37":"product-type-variable"},"yoast_head":"<!-- This site is optimized with the Yoast SEO plugin v26.6 - https:\/\/yoast.com\/wordpress\/plugins\/seo\/ -->\n<title>Morganiit Pink - s\u00f5rmus morganiidi ja teemantidega<\/title>\n<meta name=\"description\" content=\"Halo-disainiga kulds\u00f5rmus muljetavaldava 6,40 ct roosa morganiidi ja teemantidega. Eksklusiivne valik stiilsele naisele ja erilisteks puhkudeks.\" \/>\n<meta name=\"robots\" content=\"index, follow, max-snippet:-1, max-image-preview:large, max-video-preview:-1\" \/>\n<link rel=\"canonical\" href=\"https:\/\/fashiongold.lt\/et\/papuosalas\/morganite-pink-sormus-morganiidi-ja-teemantidega-6-57-ct\/\" \/>\n<meta property=\"og:locale\" content=\"et_EE\" \/>\n<meta property=\"og:type\" content=\"article\" \/>\n<meta property=\"og:title\" content=\"Morganiit Pink - s\u00f5rmus morganiidi ja teemantidega\" \/>\n<meta property=\"og:description\" content=\"Halo-disainiga kulds\u00f5rmus muljetavaldava 6,40 ct roosa morganiidi ja teemantidega. Eksklusiivne valik stiilsele naisele ja erilisteks puhkudeks.\" \/>\n<meta property=\"og:url\" content=\"https:\/\/fashiongold.lt\/et\/papuosalas\/morganite-pink-sormus-morganiidi-ja-teemantidega-6-57-ct\/\" \/>\n<meta property=\"og:site_name\" content=\"FashionGold.lt\" \/>\n<meta property=\"og:image\" content=\"https:\/\/fashiongold.lt\/wp-content\/uploads\/2025\/10\/11625-531-Morganitas-Pink-ziedas-su-morganitu-ir-deimantais.webp\" \/>\n\t<meta property=\"og:image:width\" content=\"1000\" \/>\n\t<meta property=\"og:image:height\" content=\"1000\" \/>\n\t<meta property=\"og:image:type\" content=\"image\/png\" \/>\n<meta name=\"twitter:card\" content=\"summary_large_image\" \/>\n<meta name=\"twitter:label1\" content=\"Est. reading time\" \/>\n\t<meta name=\"twitter:data1\" content=\"1 minut\" \/>\n<script type=\"application\/ld+json\" class=\"yoast-schema-graph\">{\"@context\":\"https:\/\/schema.org\",\"@graph\":[{\"@type\":\"WebPage\",\"@id\":\"https:\/\/fashiongold.lt\/et\/papuosalas\/morganite-pink-sormus-morganiidi-ja-teemantidega-6-57-ct\/\",\"url\":\"https:\/\/fashiongold.lt\/et\/papuosalas\/morganite-pink-sormus-morganiidi-ja-teemantidega-6-57-ct\/\",\"name\":\"Morganiit Pink - s\u00f5rmus morganiidi ja teemantidega\",\"isPartOf\":{\"@id\":\"https:\/\/fashiongold.lt\/et\/#website\"},\"primaryImageOfPage\":{\"@id\":\"https:\/\/fashiongold.lt\/et\/papuosalas\/morganite-pink-sormus-morganiidi-ja-teemantidega-6-57-ct\/#primaryimage\"},\"image\":{\"@id\":\"https:\/\/fashiongold.lt\/et\/papuosalas\/morganite-pink-sormus-morganiidi-ja-teemantidega-6-57-ct\/#primaryimage\"},\"thumbnailUrl\":\"https:\/\/fashiongold.lt\/wp-content\/uploads\/2025\/10\/11625-531-Morganitas-Pink-ziedas-su-morganitu-ir-deimantais.png\",\"datePublished\":\"2025-10-24T00:34:46+00:00\",\"description\":\"Halo-disainiga kulds\u00f5rmus muljetavaldava 6,40 ct roosa morganiidi ja teemantidega. Eksklusiivne valik stiilsele naisele ja erilisteks puhkudeks.\",\"breadcrumb\":{\"@id\":\"https:\/\/fashiongold.lt\/et\/papuosalas\/morganite-pink-sormus-morganiidi-ja-teemantidega-6-57-ct\/#breadcrumb\"},\"inLanguage\":\"et\",\"potentialAction\":[{\"@type\":\"ReadAction\",\"target\":[\"https:\/\/fashiongold.lt\/et\/papuosalas\/morganite-pink-sormus-morganiidi-ja-teemantidega-6-57-ct\/\"]}]},{\"@type\":\"ImageObject\",\"inLanguage\":\"et\",\"@id\":\"https:\/\/fashiongold.lt\/et\/papuosalas\/morganite-pink-sormus-morganiidi-ja-teemantidega-6-57-ct\/#primaryimage\",\"url\":\"https:\/\/fashiongold.lt\/wp-content\/uploads\/2025\/10\/11625-531-Morganitas-Pink-ziedas-su-morganitu-ir-deimantais.png\",\"contentUrl\":\"https:\/\/fashiongold.lt\/wp-content\/uploads\/2025\/10\/11625-531-Morganitas-Pink-ziedas-su-morganitu-ir-deimantais.png\",\"width\":1000,\"height\":1000},{\"@type\":\"BreadcrumbList\",\"@id\":\"https:\/\/fashiongold.lt\/et\/papuosalas\/morganite-pink-sormus-morganiidi-ja-teemantidega-6-57-ct\/#breadcrumb\",\"itemListElement\":[{\"@type\":\"ListItem\",\"position\":1,\"name\":\"Home\",\"item\":\"https:\/\/fashiongold.lt\/et\/\"},{\"@type\":\"ListItem\",\"position\":2,\"name\":\"Teemantide pood Fashiongold.lt\",\"item\":\"https:\/\/fashiongold.lt\/shop-2\/\"},{\"@type\":\"ListItem\",\"position\":3,\"name\":\"Morganite Pink &#8211; s\u00f5rmus morganiidi ja teemantidega (6.57 ct)\"}]},{\"@type\":\"WebSite\",\"@id\":\"https:\/\/fashiongold.lt\/et\/#website\",\"url\":\"https:\/\/fashiongold.lt\/et\/\",\"name\":\"Fashion Gold\",\"description\":\"Juvelyrikos namai\",\"publisher\":{\"@id\":\"https:\/\/fashiongold.lt\/et\/#organization\"},\"potentialAction\":[{\"@type\":\"SearchAction\",\"target\":{\"@type\":\"EntryPoint\",\"urlTemplate\":\"https:\/\/fashiongold.lt\/et\/?s={search_term_string}\"},\"query-input\":{\"@type\":\"PropertyValueSpecification\",\"valueRequired\":true,\"valueName\":\"search_term_string\"}}],\"inLanguage\":\"et\"},{\"@type\":\"Organization\",\"@id\":\"https:\/\/fashiongold.lt\/et\/#organization\",\"name\":\"Topdiamonds Online\",\"url\":\"https:\/\/fashiongold.lt\/et\/\",\"logo\":{\"@type\":\"ImageObject\",\"inLanguage\":\"et\",\"@id\":\"https:\/\/fashiongold.lt\/et\/#\/schema\/logo\/image\/\",\"url\":\"https:\/\/fashiongold.lt\/wp-content\/uploads\/2025\/04\/cropped-fashion_gold_logotipas2-scaled-1.png\",\"contentUrl\":\"https:\/\/fashiongold.lt\/wp-content\/uploads\/2025\/04\/cropped-fashion_gold_logotipas2-scaled-1.png\",\"width\":2559,\"height\":421,\"caption\":\"Topdiamonds Online\"},\"image\":{\"@id\":\"https:\/\/fashiongold.lt\/et\/#\/schema\/logo\/image\/\"}}]}<\/script>\n<!-- \/ Yoast SEO plugin. -->","yoast_head_json":{"title":"Morganiit Pink - s\u00f5rmus morganiidi ja teemantidega","description":"Halo-disainiga kulds\u00f5rmus muljetavaldava 6,40 ct roosa morganiidi ja teemantidega. Eksklusiivne valik stiilsele naisele ja erilisteks puhkudeks.","robots":{"index":"index","follow":"follow","max-snippet":"max-snippet:-1","max-image-preview":"max-image-preview:large","max-video-preview":"max-video-preview:-1"},"canonical":"https:\/\/fashiongold.lt\/et\/papuosalas\/morganite-pink-sormus-morganiidi-ja-teemantidega-6-57-ct\/","og_locale":"et_EE","og_type":"article","og_title":"Morganiit Pink - s\u00f5rmus morganiidi ja teemantidega","og_description":"Halo-disainiga kulds\u00f5rmus muljetavaldava 6,40 ct roosa morganiidi ja teemantidega. Eksklusiivne valik stiilsele naisele ja erilisteks puhkudeks.","og_url":"https:\/\/fashiongold.lt\/et\/papuosalas\/morganite-pink-sormus-morganiidi-ja-teemantidega-6-57-ct\/","og_site_name":"FashionGold.lt","og_image":[{"width":1000,"height":1000,"url":"https:\/\/fashiongold.lt\/wp-content\/uploads\/2025\/10\/11625-531-Morganitas-Pink-ziedas-su-morganitu-ir-deimantais.webp","type":"image\/png"}],"twitter_card":"summary_large_image","twitter_misc":{"Est. reading time":"1 minut"},"schema":{"@context":"https:\/\/schema.org","@graph":[{"@type":"WebPage","@id":"https:\/\/fashiongold.lt\/et\/papuosalas\/morganite-pink-sormus-morganiidi-ja-teemantidega-6-57-ct\/","url":"https:\/\/fashiongold.lt\/et\/papuosalas\/morganite-pink-sormus-morganiidi-ja-teemantidega-6-57-ct\/","name":"Morganiit Pink - s\u00f5rmus morganiidi ja teemantidega","isPartOf":{"@id":"https:\/\/fashiongold.lt\/et\/#website"},"primaryImageOfPage":{"@id":"https:\/\/fashiongold.lt\/et\/papuosalas\/morganite-pink-sormus-morganiidi-ja-teemantidega-6-57-ct\/#primaryimage"},"image":{"@id":"https:\/\/fashiongold.lt\/et\/papuosalas\/morganite-pink-sormus-morganiidi-ja-teemantidega-6-57-ct\/#primaryimage"},"thumbnailUrl":"https:\/\/fashiongold.lt\/wp-content\/uploads\/2025\/10\/11625-531-Morganitas-Pink-ziedas-su-morganitu-ir-deimantais.png","datePublished":"2025-10-24T00:34:46+00:00","description":"Halo-disainiga kulds\u00f5rmus muljetavaldava 6,40 ct roosa morganiidi ja teemantidega. Eksklusiivne valik stiilsele naisele ja erilisteks puhkudeks.","breadcrumb":{"@id":"https:\/\/fashiongold.lt\/et\/papuosalas\/morganite-pink-sormus-morganiidi-ja-teemantidega-6-57-ct\/#breadcrumb"},"inLanguage":"et","potentialAction":[{"@type":"ReadAction","target":["https:\/\/fashiongold.lt\/et\/papuosalas\/morganite-pink-sormus-morganiidi-ja-teemantidega-6-57-ct\/"]}]},{"@type":"ImageObject","inLanguage":"et","@id":"https:\/\/fashiongold.lt\/et\/papuosalas\/morganite-pink-sormus-morganiidi-ja-teemantidega-6-57-ct\/#primaryimage","url":"https:\/\/fashiongold.lt\/wp-content\/uploads\/2025\/10\/11625-531-Morganitas-Pink-ziedas-su-morganitu-ir-deimantais.png","contentUrl":"https:\/\/fashiongold.lt\/wp-content\/uploads\/2025\/10\/11625-531-Morganitas-Pink-ziedas-su-morganitu-ir-deimantais.png","width":1000,"height":1000},{"@type":"BreadcrumbList","@id":"https:\/\/fashiongold.lt\/et\/papuosalas\/morganite-pink-sormus-morganiidi-ja-teemantidega-6-57-ct\/#breadcrumb","itemListElement":[{"@type":"ListItem","position":1,"name":"Home","item":"https:\/\/fashiongold.lt\/et\/"},{"@type":"ListItem","position":2,"name":"Teemantide pood Fashiongold.lt","item":"https:\/\/fashiongold.lt\/shop-2\/"},{"@type":"ListItem","position":3,"name":"Morganite Pink &#8211; s\u00f5rmus morganiidi ja teemantidega (6.57 ct)"}]},{"@type":"WebSite","@id":"https:\/\/fashiongold.lt\/et\/#website","url":"https:\/\/fashiongold.lt\/et\/","name":"Fashion Gold","description":"Juvelyrikos namai","publisher":{"@id":"https:\/\/fashiongold.lt\/et\/#organization"},"potentialAction":[{"@type":"SearchAction","target":{"@type":"EntryPoint","urlTemplate":"https:\/\/fashiongold.lt\/et\/?s={search_term_string}"},"query-input":{"@type":"PropertyValueSpecification","valueRequired":true,"valueName":"search_term_string"}}],"inLanguage":"et"},{"@type":"Organization","@id":"https:\/\/fashiongold.lt\/et\/#organization","name":"Topdiamonds Online","url":"https:\/\/fashiongold.lt\/et\/","logo":{"@type":"ImageObject","inLanguage":"et","@id":"https:\/\/fashiongold.lt\/et\/#\/schema\/logo\/image\/","url":"https:\/\/fashiongold.lt\/wp-content\/uploads\/2025\/04\/cropped-fashion_gold_logotipas2-scaled-1.png","contentUrl":"https:\/\/fashiongold.lt\/wp-content\/uploads\/2025\/04\/cropped-fashion_gold_logotipas2-scaled-1.png","width":2559,"height":421,"caption":"Topdiamonds Online"},"image":{"@id":"https:\/\/fashiongold.lt\/et\/#\/schema\/logo\/image\/"}}]}},"_links":{"self":[{"href":"https:\/\/fashiongold.lt\/et\/wp-json\/wp\/v2\/product\/274008","targetHints":{"allow":["GET"]}}],"collection":[{"href":"https:\/\/fashiongold.lt\/et\/wp-json\/wp\/v2\/product"}],"about":[{"href":"https:\/\/fashiongold.lt\/et\/wp-json\/wp\/v2\/types\/product"}],"version-history":[{"count":0,"href":"https:\/\/fashiongold.lt\/et\/wp-json\/wp\/v2\/product\/274008\/revisions"}],"wp:featuredmedia":[{"embeddable":true,"href":"https:\/\/fashiongold.lt\/et\/wp-json\/wp\/v2\/media\/250847"}],"wp:attachment":[{"href":"https:\/\/fashiongold.lt\/et\/wp-json\/wp\/v2\/media?parent=274008"}],"wp:term":[{"taxonomy":"product_brand","embeddable":true,"href":"https:\/\/fashiongold.lt\/et\/wp-json\/wp\/v2\/product_brand?post=274008"},{"taxonomy":"product_cat","embeddable":true,"href":"https:\/\/fashiongold.lt\/et\/wp-json\/wp\/v2\/product_cat?post=274008"},{"taxonomy":"product_tag","embeddable":true,"href":"https:\/\/fashiongold.lt\/et\/wp-json\/wp\/v2\/product_tag?post=274008"}],"curies":[{"name":"wp","href":"https:\/\/api.w.org\/{rel}","templated":true}]}}